{"id":9830,"date":"2021-12-10T14:59:17","date_gmt":"2021-12-10T14:59:17","guid":{"rendered":"https:\/\/www.muehlebirgel.de\/hotel-romantique-dans-leifel-moulin-a-eau-historique-de-birgel\/peche-dans-leifel-peche-a-la-mouche-dans-le-kyll\/"},"modified":"2021-12-10T14:59:17","modified_gmt":"2021-12-10T14:59:17","slug":"peche-dans-leifel-peche-a-la-mouche-dans-le-kyll","status":"publish","type":"page","link":"https:\/\/www.muehlebirgel.de\/fr\/peche-dans-leifel-peche-a-la-mouche-dans-le-kyll","title":{"rendered":"P\u00eache dans l&rsquo;Eifel &#8211; p\u00eache \u00e0 la mouche dans le Kyll"},"content":{"rendered":"<p><img loading=\"lazy\" decoding=\"async\" class=\"size-full wp-image-321 alignleft\" src=\"https:\/\/www.muehlebirgel.de\/wp-content\/uploads\/2010\/03\/eifel-bachforelle.jpg\" alt=\"Eifel Bachforelle\" width=\"300\" height=\"200\"><\/p>\n<p>Le <a href=\"https:\/\/www.muehlebirgel.de\/historische-muehle.html\">moulin \u00e0 eau historique de<\/a>&nbsp; <a href=\"https:\/\/www.muehlebirgel.de\/historische-muehle.html\">Birgel<\/a> est un excellent point de d\u00e9part pour une sortie de p\u00eache dans l&rsquo;Eifel. De nous, vous pouvez rejoindre les plus beaux sites de p\u00eache du Kyll en voiture. La Kyll est une rivi\u00e8re typique de basse montagne qui, parfois calme, parfois rugissante, serpente \u00e0 travers champs, prairies et for\u00eats. Il coule du nord apr\u00e8s la jolie ville de Hillesheim sur de nombreux kilom\u00e8tres \u00e0 travers l&rsquo;Eifel avant de se jeter dans la Moselle pr\u00e8s de Tr\u00e8ves.<\/p>\n<hr>\n<p><img loading=\"lazy\" decoding=\"async\" class=\"size-full wp-image-322 alignleft\" src=\"https:\/\/www.muehlebirgel.de\/wp-content\/uploads\/2010\/03\/eifel-bach.jpg\" alt=\"Eifel Bach\" width=\"300\" height=\"200\"><\/p>\n<p>Notre r\u00e9gion, sur le cours sup\u00e9rieur du Kyll dans le Gerolsteiner Land, est r\u00e9serv\u00e9e \u00e0 la p\u00eache \u00e0 la mouche (g\u00e9n\u00e9ralement \u00e0 la mouche s\u00e8che). Ici vous pouvez trouver de la truite fario et de l&rsquo;ombre, qui peuvent atteindre des tailles \u00e9tonnantes. La truite arc-en-ciel nage \u00e9galement plus fr\u00e9quemment dans le Kyll. Il y a une bonne abondance de poissons dans le Kyll car les locataires de la rivi\u00e8re doivent apporter une certaine quantit\u00e9 de truites.<\/p>\n<hr>\n<p><img loading=\"lazy\" decoding=\"async\" class=\"size-full wp-image-323 alignleft\" src=\"https:\/\/www.muehlebirgel.de\/wp-content\/uploads\/2010\/03\/eifel-fliegenfischen.jpg\" alt=\"Eifel Fliegenfischen\" width=\"300\" height=\"200\"><\/p>\n<p>Emportez des bottes et des cuissardes avec vous pour pouvoir entrer dans l&rsquo;eau. Le Kyll n&rsquo;est pas facilement accessible de l&rsquo;ext\u00e9rieur partout. Surtout dans des endroits tr\u00e8s prometteurs, des h\u00eatres ou des aulnes vous barrent la route. Une tige de ruisseau courte est \u00e9galement recommand\u00e9e en cas de v\u00e9g\u00e9tation dense. Le moment id\u00e9al pour la p\u00eache \u00e0 la mouche est le printemps, lorsque le Kyll inonde apr\u00e8s la fonte des neiges. Mais bien s\u00fbr, le Kyll est aussi magnifique \u00e0 tout autre moment de l&rsquo;ann\u00e9e et la p\u00eache est possible toute l&rsquo;ann\u00e9e.<\/p>\n<hr>\n<p><img loading=\"lazy\" decoding=\"async\" class=\"size-full wp-image-324 alignleft\" src=\"https:\/\/www.muehlebirgel.de\/wp-content\/uploads\/2010\/03\/eifel-angeln.jpg\" alt=\"Eifel Angeln\" width=\"300\" height=\"200\"><\/p>\n<p><strong>\u00c0 propos, vous pouvez obtenir des permis de p\u00eache dans les bureaux d&rsquo;information touristique locaux.<\/strong><\/p>\n<p>Maintenant, il ne reste plus qu&rsquo;\u00e0 vous souhaiter \u00ab\u00a0Petri Heil\u00a0\u00bb.<\/p>\n<p>Et si vous n&rsquo;avez pas la chance de p\u00eacher, pourquoi ne pas d\u00e9guster une <a href=\"https:\/\/www.muehlebirgel.de\/traditionelle-muehlenkarte.html\">truite fario de l&rsquo;Eifel<\/a> dans le <a href=\"https:\/\/www.muehlebirgel.de\/historische-muehle.html\">Birgeler M\u00fchle<\/a> . En plus de nombreuses <a href=\"https:\/\/www.muehlebirgel.de\/spezialitaeten-delikatessen-speisekarte-le-moulin.html\">autres sp\u00e9cialit\u00e9s<\/a> , nous proposons \u00e9galement cette sp\u00e9cialit\u00e9 locale dans notre <a href=\"https:\/\/www.muehlebirgel.de\/restaurant-eifel.html\">restaurant<\/a> . Ensuite, vous serez bien repos\u00e9 le lendemain pour d\u00e9fier \u00e0 nouveau votre chance de p\u00eacher sur la belle Kyll &#8211; ou pour faire autre chose d&rsquo;int\u00e9ressant dans notre belle r\u00e9gion.<\/p>\n<p>En plus d&rsquo;un excellent restaurant, nous vous proposons bien s\u00fbr \u00e9galement la bonne <a href=\"https:\/\/www.muehlebirgel.de\/uebernachtung-eifel.html\">chambre confortable<\/a> pour que vous puissiez vraiment vous d\u00e9tendre apr\u00e8s une journ\u00e9e dans l&rsquo;air frais et sain de l&rsquo;Eifel. Visitez-nous &#8211; z. B. dans le cadre d&rsquo;un s\u00e9jour de p\u00eache sur le Kyll.<\/p>\n<hr>\n","protected":false},"excerpt":{"rendered":"<p>Le moulin \u00e0 eau historique de&nbsp; Birgel est un excellent point de d\u00e9part pour une sortie de p\u00eache dans l&rsquo;Eifel. De nous, vous pouvez rejoindre les plus beaux sites de p\u00eache du Kyll en voiture. La Kyll est une rivi\u00e8re typique de basse montagne qui, parfois calme, parfois rugissante, serpente \u00e0 travers champs, prairies et [&hellip;]<\/p>\n","protected":false},"author":1,"featured_media":0,"parent":9709,"menu_order":16,"comment_status":"closed","ping_status":"closed","template":"","meta":{"footnotes":""},"class_list":["post-9830","page","type-page","status-publish","hentry"],"yoast_head":"<!-- This site is optimized with the Yoast SEO plugin v27.2 - https:\/\/yoast.com\/product\/yoast-seo-wordpress\/ -->\n<title>P\u00eache dans l&#039;Eifel - p\u00eache \u00e0 la mouche dans le Kyll - Historische Wasserm\u00fchle Birgel<\/title>\n<meta name=\"robots\" content=\"index, follow, max-snippet:-1, max-image-preview:large, max-video-preview:-1\" \/>\n<link rel=\"canonical\" href=\"https:\/\/www.muehlebirgel.de\/fr\/peche-dans-leifel-peche-a-la-mouche-dans-le-kyll\" \/>\n<meta property=\"og:locale\" content=\"fr_FR\" \/>\n<meta property=\"og:type\" content=\"article\" \/>\n<meta property=\"og:title\" content=\"P\u00eache dans l&#039;Eifel - p\u00eache \u00e0 la mouche dans le Kyll - Historische Wasserm\u00fchle Birgel\" \/>\n<meta property=\"og:description\" content=\"Le moulin \u00e0 eau historique de&nbsp; Birgel est un excellent point de d\u00e9part pour une sortie de p\u00eache dans l&rsquo;Eifel. De nous, vous pouvez rejoindre les plus beaux sites de p\u00eache du Kyll en voiture. La Kyll est une rivi\u00e8re typique de basse montagne qui, parfois calme, parfois rugissante, serpente \u00e0 travers champs, prairies et [&hellip;]\" \/>\n<meta property=\"og:url\" content=\"https:\/\/www.muehlebirgel.de\/fr\/peche-dans-leifel-peche-a-la-mouche-dans-le-kyll\/\" \/>\n<meta property=\"og:site_name\" content=\"Historische Wasserm\u00fchle Birgel\" \/>\n<meta property=\"og:image\" content=\"https:\/\/www.muehlebirgel.de\/wp-content\/uploads\/2010\/03\/eifel-bachforelle.jpg\" \/>\n<meta name=\"twitter:card\" content=\"summary_large_image\" \/>\n<meta name=\"twitter:label1\" content=\"Dur\u00e9e de lecture estim\u00e9e\" \/>\n\t<meta name=\"twitter:data1\" content=\"2 minutes\" \/>\n<script type=\"application\/ld+json\" class=\"yoast-schema-graph\">{\"@context\":\"https:\/\/schema.org\",\"@graph\":[{\"@type\":\"WebPage\",\"@id\":\"https:\/\/www.muehlebirgel.de\/fr\/peche-dans-leifel-peche-a-la-mouche-dans-le-kyll\",\"url\":\"https:\/\/www.muehlebirgel.de\/fr\/peche-dans-leifel-peche-a-la-mouche-dans-le-kyll\",\"name\":\"P\u00eache dans l'Eifel - p\u00eache \u00e0 la mouche dans le Kyll - Historische Wasserm\u00fchle Birgel\",\"isPartOf\":{\"@id\":\"https:\/\/www.muehlebirgel.de\/fr\/#website\"},\"primaryImageOfPage\":{\"@id\":\"https:\/\/www.muehlebirgel.de\/fr\/peche-dans-leifel-peche-a-la-mouche-dans-le-kyll#primaryimage\"},\"image\":{\"@id\":\"https:\/\/www.muehlebirgel.de\/fr\/peche-dans-leifel-peche-a-la-mouche-dans-le-kyll#primaryimage\"},\"thumbnailUrl\":\"https:\/\/www.muehlebirgel.de\/wp-content\/uploads\/2010\/03\/eifel-bachforelle.jpg\",\"datePublished\":\"2021-12-10T14:59:17+00:00\",\"breadcrumb\":{\"@id\":\"https:\/\/www.muehlebirgel.de\/fr\/peche-dans-leifel-peche-a-la-mouche-dans-le-kyll#breadcrumb\"},\"inLanguage\":\"fr-FR\",\"potentialAction\":[{\"@type\":\"ReadAction\",\"target\":[\"https:\/\/www.muehlebirgel.de\/fr\/peche-dans-leifel-peche-a-la-mouche-dans-le-kyll\"]}]},{\"@type\":\"ImageObject\",\"inLanguage\":\"fr-FR\",\"@id\":\"https:\/\/www.muehlebirgel.de\/fr\/peche-dans-leifel-peche-a-la-mouche-dans-le-kyll#primaryimage\",\"url\":\"https:\/\/www.muehlebirgel.de\/wp-content\/uploads\/2010\/03\/eifel-bachforelle.jpg\",\"contentUrl\":\"https:\/\/www.muehlebirgel.de\/wp-content\/uploads\/2010\/03\/eifel-bachforelle.jpg\"},{\"@type\":\"BreadcrumbList\",\"@id\":\"https:\/\/www.muehlebirgel.de\/fr\/peche-dans-leifel-peche-a-la-mouche-dans-le-kyll#breadcrumb\",\"itemListElement\":[{\"@type\":\"ListItem\",\"position\":1,\"name\":\"Startseite\",\"item\":\"https:\/\/www.muehlebirgel.de\/fr\"},{\"@type\":\"ListItem\",\"position\":2,\"name\":\"H\u00e9bergement dans l&#8217;Eifel &#8211; R\u00e9server des vacances dans l&#8217;Eifel volcanique\",\"item\":\"https:\/\/www.muehlebirgel.de\/fr\/uebernachtungen-in-der-eifel\"},{\"@type\":\"ListItem\",\"position\":3,\"name\":\"H\u00f4tel dans l&#8217;Eifel &#8211; Chambres romantiques dans l&#8217;Eifel volcanique\",\"item\":\"https:\/\/www.muehlebirgel.de\/fr\/hotel-romantique-dans-leifel-moulin-a-eau-historique-de-birgel\"},{\"@type\":\"ListItem\",\"position\":4,\"name\":\"P\u00eache dans l&#8217;Eifel &#8211; p\u00eache \u00e0 la mouche dans le Kyll\"}]},{\"@type\":\"WebSite\",\"@id\":\"https:\/\/www.muehlebirgel.de\/fr\/#website\",\"url\":\"https:\/\/www.muehlebirgel.de\/fr\/\",\"name\":\"Historische Wasserm\u00fchle Birgel\",\"description\":\"Willkommen im M\u00fchlen-Erlebniszentrum\",\"potentialAction\":[{\"@type\":\"SearchAction\",\"target\":{\"@type\":\"EntryPoint\",\"urlTemplate\":\"https:\/\/www.muehlebirgel.de\/fr\/?s={search_term_string}\"},\"query-input\":{\"@type\":\"PropertyValueSpecification\",\"valueRequired\":true,\"valueName\":\"search_term_string\"}}],\"inLanguage\":\"fr-FR\"}]}<\/script>\n<!-- \/ Yoast SEO plugin. -->","yoast_head_json":{"title":"P\u00eache dans l'Eifel - p\u00eache \u00e0 la mouche dans le Kyll - Historische Wasserm\u00fchle Birgel","robots":{"index":"index","follow":"follow","max-snippet":"max-snippet:-1","max-image-preview":"max-image-preview:large","max-video-preview":"max-video-preview:-1"},"canonical":"https:\/\/www.muehlebirgel.de\/fr\/peche-dans-leifel-peche-a-la-mouche-dans-le-kyll","og_locale":"fr_FR","og_type":"article","og_title":"P\u00eache dans l'Eifel - p\u00eache \u00e0 la mouche dans le Kyll - Historische Wasserm\u00fchle Birgel","og_description":"Le moulin \u00e0 eau historique de&nbsp; Birgel est un excellent point de d\u00e9part pour une sortie de p\u00eache dans l&rsquo;Eifel. De nous, vous pouvez rejoindre les plus beaux sites de p\u00eache du Kyll en voiture. La Kyll est une rivi\u00e8re typique de basse montagne qui, parfois calme, parfois rugissante, serpente \u00e0 travers champs, prairies et [&hellip;]","og_url":"https:\/\/www.muehlebirgel.de\/fr\/peche-dans-leifel-peche-a-la-mouche-dans-le-kyll\/","og_site_name":"Historische Wasserm\u00fchle Birgel","og_image":[{"url":"https:\/\/www.muehlebirgel.de\/wp-content\/uploads\/2010\/03\/eifel-bachforelle.jpg","type":"","width":"","height":""}],"twitter_card":"summary_large_image","twitter_misc":{"Dur\u00e9e de lecture estim\u00e9e":"2 minutes"},"schema":{"@context":"https:\/\/schema.org","@graph":[{"@type":"WebPage","@id":"https:\/\/www.muehlebirgel.de\/fr\/peche-dans-leifel-peche-a-la-mouche-dans-le-kyll","url":"https:\/\/www.muehlebirgel.de\/fr\/peche-dans-leifel-peche-a-la-mouche-dans-le-kyll","name":"P\u00eache dans l'Eifel - p\u00eache \u00e0 la mouche dans le Kyll - Historische Wasserm\u00fchle Birgel","isPartOf":{"@id":"https:\/\/www.muehlebirgel.de\/fr\/#website"},"primaryImageOfPage":{"@id":"https:\/\/www.muehlebirgel.de\/fr\/peche-dans-leifel-peche-a-la-mouche-dans-le-kyll#primaryimage"},"image":{"@id":"https:\/\/www.muehlebirgel.de\/fr\/peche-dans-leifel-peche-a-la-mouche-dans-le-kyll#primaryimage"},"thumbnailUrl":"https:\/\/www.muehlebirgel.de\/wp-content\/uploads\/2010\/03\/eifel-bachforelle.jpg","datePublished":"2021-12-10T14:59:17+00:00","breadcrumb":{"@id":"https:\/\/www.muehlebirgel.de\/fr\/peche-dans-leifel-peche-a-la-mouche-dans-le-kyll#breadcrumb"},"inLanguage":"fr-FR","potentialAction":[{"@type":"ReadAction","target":["https:\/\/www.muehlebirgel.de\/fr\/peche-dans-leifel-peche-a-la-mouche-dans-le-kyll"]}]},{"@type":"ImageObject","inLanguage":"fr-FR","@id":"https:\/\/www.muehlebirgel.de\/fr\/peche-dans-leifel-peche-a-la-mouche-dans-le-kyll#primaryimage","url":"https:\/\/www.muehlebirgel.de\/wp-content\/uploads\/2010\/03\/eifel-bachforelle.jpg","contentUrl":"https:\/\/www.muehlebirgel.de\/wp-content\/uploads\/2010\/03\/eifel-bachforelle.jpg"},{"@type":"BreadcrumbList","@id":"https:\/\/www.muehlebirgel.de\/fr\/peche-dans-leifel-peche-a-la-mouche-dans-le-kyll#breadcrumb","itemListElement":[{"@type":"ListItem","position":1,"name":"Startseite","item":"https:\/\/www.muehlebirgel.de\/fr"},{"@type":"ListItem","position":2,"name":"H\u00e9bergement dans l&#8217;Eifel &#8211; R\u00e9server des vacances dans l&#8217;Eifel volcanique","item":"https:\/\/www.muehlebirgel.de\/fr\/uebernachtungen-in-der-eifel"},{"@type":"ListItem","position":3,"name":"H\u00f4tel dans l&#8217;Eifel &#8211; Chambres romantiques dans l&#8217;Eifel volcanique","item":"https:\/\/www.muehlebirgel.de\/fr\/hotel-romantique-dans-leifel-moulin-a-eau-historique-de-birgel"},{"@type":"ListItem","position":4,"name":"P\u00eache dans l&#8217;Eifel &#8211; p\u00eache \u00e0 la mouche dans le Kyll"}]},{"@type":"WebSite","@id":"https:\/\/www.muehlebirgel.de\/fr\/#website","url":"https:\/\/www.muehlebirgel.de\/fr\/","name":"Historische Wasserm\u00fchle Birgel","description":"Willkommen im M\u00fchlen-Erlebniszentrum","potentialAction":[{"@type":"SearchAction","target":{"@type":"EntryPoint","urlTemplate":"https:\/\/www.muehlebirgel.de\/fr\/?s={search_term_string}"},"query-input":{"@type":"PropertyValueSpecification","valueRequired":true,"valueName":"search_term_string"}}],"inLanguage":"fr-FR"}]}},"_links":{"self":[{"href":"https:\/\/www.muehlebirgel.de\/fr\/wp-json\/wp\/v2\/pages\/9830","targetHints":{"allow":["GET"]}}],"collection":[{"href":"https:\/\/www.muehlebirgel.de\/fr\/wp-json\/wp\/v2\/pages"}],"about":[{"href":"https:\/\/www.muehlebirgel.de\/fr\/wp-json\/wp\/v2\/types\/page"}],"author":[{"embeddable":true,"href":"https:\/\/www.muehlebirgel.de\/fr\/wp-json\/wp\/v2\/users\/1"}],"replies":[{"embeddable":true,"href":"https:\/\/www.muehlebirgel.de\/fr\/wp-json\/wp\/v2\/comments?post=9830"}],"version-history":[{"count":0,"href":"https:\/\/www.muehlebirgel.de\/fr\/wp-json\/wp\/v2\/pages\/9830\/revisions"}],"up":[{"embeddable":true,"href":"https:\/\/www.muehlebirgel.de\/fr\/wp-json\/wp\/v2\/pages\/9709"}],"wp:attachment":[{"href":"https:\/\/www.muehlebirgel.de\/fr\/wp-json\/wp\/v2\/media?parent=9830"}],"curies":[{"name":"wp","href":"https:\/\/api.w.org\/{rel}","templated":true}]}}