{"id":9837,"date":"2021-12-10T14:59:26","date_gmt":"2021-12-10T14:59:26","guid":{"rendered":"https:\/\/www.muehlebirgel.de\/reportage-mariage-notre-mariage-au-moulin-a-eau\/"},"modified":"2021-12-10T14:59:26","modified_gmt":"2021-12-10T14:59:26","slug":"reportage-mariage-notre-mariage-au-moulin-a-eau","status":"publish","type":"page","link":"https:\/\/www.muehlebirgel.de\/fr\/reportage-mariage-notre-mariage-au-moulin-a-eau","title":{"rendered":"Reportage mariage : Notre mariage au moulin \u00e0 eau"},"content":{"rendered":"<h2>Le mariage de Claudia et Ralf \u00e0 Birgel<\/h2>\n<div class=\"textklein\">\n<p><img decoding=\"async\" class=\"size-full wp-image-346 alignleft\" src=\"https:\/\/www.muehlebirgel.de\/wp-content\/uploads\/2010\/03\/hochzeitspaar-muehle-eifel-claudia-ralf.jpg\" alt=\"Hochzeitspaar\" width=\"300\" srcset=\"https:\/\/www.muehlebirgel.de\/wp-content\/uploads\/2010\/03\/hochzeitspaar-muehle-eifel-claudia-ralf.jpg 512w, https:\/\/www.muehlebirgel.de\/wp-content\/uploads\/2010\/03\/hochzeitspaar-muehle-eifel-claudia-ralf-400x600.jpg 400w, https:\/\/www.muehlebirgel.de\/wp-content\/uploads\/2010\/03\/hochzeitspaar-muehle-eifel-claudia-ralf-367x551.jpg 367w\" sizes=\"(max-width: 512px) 100vw, 512px\" \/>Apr\u00e8s le merveilleux mariage religieux \u00e0 Erl\u00f6serkapelle Mirbach, Erwin et son \u00e9quipe nous ont accueillis dans la salle de s\u00e9minaire avec du vin mousseux et de d\u00e9licieux pains \u00e0 la meule ouverts. Nous avons \u00e9galement pu obtenir le g\u00e2teau de mariage nous-m\u00eames. Celui-ci a ensuite \u00e9t\u00e9 servi tr\u00e8s efficacement par Erwin et distribu\u00e9 aux invit\u00e9s (voir Fig. 2).<\/p>\n<p>L&rsquo;ambiance \u00e9tait tr\u00e8s d\u00e9tendue. Vous pouvez vous asseoir \u00e0 diff\u00e9rentes tables assises \/ debout. Les invit\u00e9s \u00e9taient tr\u00e8s impatients de voir comment allait se d\u00e9rouler la soir\u00e9e.<\/p>\n<p>Le soir, Erwin nous a emmen\u00e9s dans la salle de bal. L&rsquo;atmosph\u00e8re \u00e9tait belle. Les verres brillaient, les bougies br\u00fblaient, les d\u00e9corations de table \u00e9taient dispos\u00e9es exactement comme je le souhaitais, l&rsquo;ambiance \/ la lumi\u00e8re \u00e9tait parfaite. Tout le monde \u00e9tait fascin\u00e9 par ce spectacle.<br \/>\n(voir photo 3).<\/p>\n<hr>\n<p><img decoding=\"async\" class=\"size-full wp-image-347 alignleft\" src=\"https:\/\/www.muehlebirgel.de\/wp-content\/uploads\/2010\/03\/chefmueller-erwin-hochzeitstorte-eifel-claudia-ralf.jpg\" alt=\"Hochzeitstorte\" width=\"300\" srcset=\"https:\/\/www.muehlebirgel.de\/wp-content\/uploads\/2010\/03\/chefmueller-erwin-hochzeitstorte-eifel-claudia-ralf.jpg 512w, https:\/\/www.muehlebirgel.de\/wp-content\/uploads\/2010\/03\/chefmueller-erwin-hochzeitstorte-eifel-claudia-ralf-400x600.jpg 400w, https:\/\/www.muehlebirgel.de\/wp-content\/uploads\/2010\/03\/chefmueller-erwin-hochzeitstorte-eifel-claudia-ralf-367x551.jpg 367w\" sizes=\"(max-width: 512px) 100vw, 512px\" \/>Apr\u00e8s que les invit\u00e9s eurent pris place et que nous ayons prononc\u00e9 notre discours, on nous servit une soupe de pommes de terre. Puis le buffet s&rsquo;ouvrit. Ici aussi, Erwin a distribu\u00e9 la nourriture au buffet et a fourni des fournitures.<br \/>\nBien renforc\u00e9s et de bonne humeur, nous attendions avec impatience la musique de Ralf Born et partenaire. Le duo de musique \u00e9tait \u00e9galement un bon conseil d&rsquo;Erwin.<\/p>\n<p>Il y avait beaucoup de rires, de danses, de chants et de f\u00eates&#8230; jusqu&rsquo;au matin. Ici aussi, nous \u00e9tions heureux qu&rsquo;Erwin soit le dernier \u00e0 quitter la salle avec nous t\u00f4t le matin.<\/p>\n<hr>\n<p><img decoding=\"async\" class=\"size-full wp-image-348 alignleft\" src=\"https:\/\/www.muehlebirgel.de\/wp-content\/uploads\/2010\/03\/hochzeitslocation-eifel-claudia-ralf.jpg\" alt=\"Hochzeitslocation\" width=\"300\" srcset=\"https:\/\/www.muehlebirgel.de\/wp-content\/uploads\/2010\/03\/hochzeitslocation-eifel-claudia-ralf.jpg 448w, https:\/\/www.muehlebirgel.de\/wp-content\/uploads\/2010\/03\/hochzeitslocation-eifel-claudia-ralf-400x266.jpg 400w, https:\/\/www.muehlebirgel.de\/wp-content\/uploads\/2010\/03\/hochzeitslocation-eifel-claudia-ralf-367x244.jpg 367w\" sizes=\"(max-width: 448px) 100vw, 448px\" \/>Le service \u00e9tait tr\u00e8s travailleur et tr\u00e8s sympathique toute la journ\u00e9e.<br \/>\nComme nous \u00e9tions log\u00e9s avec quelques invit\u00e9s au M\u00fchlenhotel, nous nous sommes retrouv\u00e9s pour le petit-d\u00e9jeuner apr\u00e8s quelques heures de sommeil. C&rsquo;\u00e9tait une belle occasion de laisser lentement se terminer le beau mariage. Les beaux cadeaux ont \u00e9t\u00e9 charg\u00e9s dans la voiture, puis nous sommes rentr\u00e9s chez nous fatigu\u00e9s, heureux et mari\u00e9s ! Ensuite, nous avons juste dormi au d\u00e9but!<\/p>\n<p>En conclusion, je dois dire que nous avons \u00e9t\u00e9 tr\u00e8s satisfaits. L&rsquo;\u00e9quipe de Birgeler M\u00fchle s&rsquo;est tr\u00e8s bien occup\u00e9e de nous. En particulier, Erwin \u00e9tait toujours avec nous du d\u00e9but \u00e0 la fin et \u00e9tait disponible pour aider et conseiller.<\/p>\n<p>Merci encore pour tout!<\/p>\n<p><strong>Claudia et Ralf<\/strong><\/p>\n<\/div>\n","protected":false},"excerpt":{"rendered":"<p>Le mariage de Claudia et Ralf \u00e0 Birgel Apr\u00e8s le merveilleux mariage religieux \u00e0 Erl\u00f6serkapelle Mirbach, Erwin et son \u00e9quipe nous ont accueillis dans la salle de s\u00e9minaire avec du vin mousseux et de d\u00e9licieux pains \u00e0 la meule ouverts. Nous avons \u00e9galement pu obtenir le g\u00e2teau de mariage nous-m\u00eames. Celui-ci a ensuite \u00e9t\u00e9 servi [&hellip;]<\/p>\n","protected":false},"author":1,"featured_media":0,"parent":9864,"menu_order":8,"comment_status":"closed","ping_status":"closed","template":"","meta":{"footnotes":""},"class_list":["post-9837","page","type-page","status-publish","hentry"],"yoast_head":"<!-- This site is optimized with the Yoast SEO plugin v27.2 - https:\/\/yoast.com\/product\/yoast-seo-wordpress\/ -->\n<title>Reportage mariage : Notre mariage au moulin \u00e0 eau - Historische Wasserm\u00fchle Birgel<\/title>\n<meta name=\"robots\" content=\"index, follow, max-snippet:-1, max-image-preview:large, max-video-preview:-1\" \/>\n<link rel=\"canonical\" href=\"https:\/\/www.muehlebirgel.de\/fr\/reportage-mariage-notre-mariage-au-moulin-a-eau\" \/>\n<meta property=\"og:locale\" content=\"fr_FR\" \/>\n<meta property=\"og:type\" content=\"article\" \/>\n<meta property=\"og:title\" content=\"Reportage mariage : Notre mariage au moulin \u00e0 eau - Historische Wasserm\u00fchle Birgel\" \/>\n<meta property=\"og:description\" content=\"Le mariage de Claudia et Ralf \u00e0 Birgel Apr\u00e8s le merveilleux mariage religieux \u00e0 Erl\u00f6serkapelle Mirbach, Erwin et son \u00e9quipe nous ont accueillis dans la salle de s\u00e9minaire avec du vin mousseux et de d\u00e9licieux pains \u00e0 la meule ouverts. Nous avons \u00e9galement pu obtenir le g\u00e2teau de mariage nous-m\u00eames. Celui-ci a ensuite \u00e9t\u00e9 servi [&hellip;]\" \/>\n<meta property=\"og:url\" content=\"https:\/\/www.muehlebirgel.de\/fr\/reportage-mariage-notre-mariage-au-moulin-a-eau\/\" \/>\n<meta property=\"og:site_name\" content=\"Historische Wasserm\u00fchle Birgel\" \/>\n<meta property=\"og:image\" content=\"https:\/\/www.muehlebirgel.de\/wp-content\/uploads\/2010\/03\/hochzeitspaar-muehle-eifel-claudia-ralf.jpg\" \/>\n<meta name=\"twitter:card\" content=\"summary_large_image\" \/>\n<meta name=\"twitter:label1\" content=\"Dur\u00e9e de lecture estim\u00e9e\" \/>\n\t<meta name=\"twitter:data1\" content=\"2 minutes\" \/>\n<script type=\"application\/ld+json\" class=\"yoast-schema-graph\">{\"@context\":\"https:\/\/schema.org\",\"@graph\":[{\"@type\":\"WebPage\",\"@id\":\"https:\/\/www.muehlebirgel.de\/fr\/reportage-mariage-notre-mariage-au-moulin-a-eau\",\"url\":\"https:\/\/www.muehlebirgel.de\/fr\/reportage-mariage-notre-mariage-au-moulin-a-eau\",\"name\":\"Reportage mariage : Notre mariage au moulin \u00e0 eau - Historische Wasserm\u00fchle Birgel\",\"isPartOf\":{\"@id\":\"https:\/\/www.muehlebirgel.de\/fr\/#website\"},\"primaryImageOfPage\":{\"@id\":\"https:\/\/www.muehlebirgel.de\/fr\/reportage-mariage-notre-mariage-au-moulin-a-eau#primaryimage\"},\"image\":{\"@id\":\"https:\/\/www.muehlebirgel.de\/fr\/reportage-mariage-notre-mariage-au-moulin-a-eau#primaryimage\"},\"thumbnailUrl\":\"https:\/\/www.muehlebirgel.de\/wp-content\/uploads\/2010\/03\/hochzeitspaar-muehle-eifel-claudia-ralf.jpg\",\"datePublished\":\"2021-12-10T14:59:26+00:00\",\"breadcrumb\":{\"@id\":\"https:\/\/www.muehlebirgel.de\/fr\/reportage-mariage-notre-mariage-au-moulin-a-eau#breadcrumb\"},\"inLanguage\":\"fr-FR\",\"potentialAction\":[{\"@type\":\"ReadAction\",\"target\":[\"https:\/\/www.muehlebirgel.de\/fr\/reportage-mariage-notre-mariage-au-moulin-a-eau\"]}]},{\"@type\":\"ImageObject\",\"inLanguage\":\"fr-FR\",\"@id\":\"https:\/\/www.muehlebirgel.de\/fr\/reportage-mariage-notre-mariage-au-moulin-a-eau#primaryimage\",\"url\":\"https:\/\/www.muehlebirgel.de\/wp-content\/uploads\/2010\/03\/hochzeitspaar-muehle-eifel-claudia-ralf.jpg\",\"contentUrl\":\"https:\/\/www.muehlebirgel.de\/wp-content\/uploads\/2010\/03\/hochzeitspaar-muehle-eifel-claudia-ralf.jpg\"},{\"@type\":\"BreadcrumbList\",\"@id\":\"https:\/\/www.muehlebirgel.de\/fr\/reportage-mariage-notre-mariage-au-moulin-a-eau#breadcrumb\",\"itemListElement\":[{\"@type\":\"ListItem\",\"position\":1,\"name\":\"Startseite\",\"item\":\"https:\/\/www.muehlebirgel.de\/fr\"},{\"@type\":\"ListItem\",\"position\":2,\"name\":\"Reportage mariage : Notre mariage au moulin \u00e0 eau\"}]},{\"@type\":\"WebSite\",\"@id\":\"https:\/\/www.muehlebirgel.de\/fr\/#website\",\"url\":\"https:\/\/www.muehlebirgel.de\/fr\/\",\"name\":\"Historische Wasserm\u00fchle Birgel\",\"description\":\"Willkommen im M\u00fchlen-Erlebniszentrum\",\"potentialAction\":[{\"@type\":\"SearchAction\",\"target\":{\"@type\":\"EntryPoint\",\"urlTemplate\":\"https:\/\/www.muehlebirgel.de\/fr\/?s={search_term_string}\"},\"query-input\":{\"@type\":\"PropertyValueSpecification\",\"valueRequired\":true,\"valueName\":\"search_term_string\"}}],\"inLanguage\":\"fr-FR\"}]}<\/script>\n<!-- \/ Yoast SEO plugin. -->","yoast_head_json":{"title":"Reportage mariage : Notre mariage au moulin \u00e0 eau - Historische Wasserm\u00fchle Birgel","robots":{"index":"index","follow":"follow","max-snippet":"max-snippet:-1","max-image-preview":"max-image-preview:large","max-video-preview":"max-video-preview:-1"},"canonical":"https:\/\/www.muehlebirgel.de\/fr\/reportage-mariage-notre-mariage-au-moulin-a-eau","og_locale":"fr_FR","og_type":"article","og_title":"Reportage mariage : Notre mariage au moulin \u00e0 eau - Historische Wasserm\u00fchle Birgel","og_description":"Le mariage de Claudia et Ralf \u00e0 Birgel Apr\u00e8s le merveilleux mariage religieux \u00e0 Erl\u00f6serkapelle Mirbach, Erwin et son \u00e9quipe nous ont accueillis dans la salle de s\u00e9minaire avec du vin mousseux et de d\u00e9licieux pains \u00e0 la meule ouverts. Nous avons \u00e9galement pu obtenir le g\u00e2teau de mariage nous-m\u00eames. Celui-ci a ensuite \u00e9t\u00e9 servi [&hellip;]","og_url":"https:\/\/www.muehlebirgel.de\/fr\/reportage-mariage-notre-mariage-au-moulin-a-eau\/","og_site_name":"Historische Wasserm\u00fchle Birgel","og_image":[{"url":"https:\/\/www.muehlebirgel.de\/wp-content\/uploads\/2010\/03\/hochzeitspaar-muehle-eifel-claudia-ralf.jpg","type":"","width":"","height":""}],"twitter_card":"summary_large_image","twitter_misc":{"Dur\u00e9e de lecture estim\u00e9e":"2 minutes"},"schema":{"@context":"https:\/\/schema.org","@graph":[{"@type":"WebPage","@id":"https:\/\/www.muehlebirgel.de\/fr\/reportage-mariage-notre-mariage-au-moulin-a-eau","url":"https:\/\/www.muehlebirgel.de\/fr\/reportage-mariage-notre-mariage-au-moulin-a-eau","name":"Reportage mariage : Notre mariage au moulin \u00e0 eau - Historische Wasserm\u00fchle Birgel","isPartOf":{"@id":"https:\/\/www.muehlebirgel.de\/fr\/#website"},"primaryImageOfPage":{"@id":"https:\/\/www.muehlebirgel.de\/fr\/reportage-mariage-notre-mariage-au-moulin-a-eau#primaryimage"},"image":{"@id":"https:\/\/www.muehlebirgel.de\/fr\/reportage-mariage-notre-mariage-au-moulin-a-eau#primaryimage"},"thumbnailUrl":"https:\/\/www.muehlebirgel.de\/wp-content\/uploads\/2010\/03\/hochzeitspaar-muehle-eifel-claudia-ralf.jpg","datePublished":"2021-12-10T14:59:26+00:00","breadcrumb":{"@id":"https:\/\/www.muehlebirgel.de\/fr\/reportage-mariage-notre-mariage-au-moulin-a-eau#breadcrumb"},"inLanguage":"fr-FR","potentialAction":[{"@type":"ReadAction","target":["https:\/\/www.muehlebirgel.de\/fr\/reportage-mariage-notre-mariage-au-moulin-a-eau"]}]},{"@type":"ImageObject","inLanguage":"fr-FR","@id":"https:\/\/www.muehlebirgel.de\/fr\/reportage-mariage-notre-mariage-au-moulin-a-eau#primaryimage","url":"https:\/\/www.muehlebirgel.de\/wp-content\/uploads\/2010\/03\/hochzeitspaar-muehle-eifel-claudia-ralf.jpg","contentUrl":"https:\/\/www.muehlebirgel.de\/wp-content\/uploads\/2010\/03\/hochzeitspaar-muehle-eifel-claudia-ralf.jpg"},{"@type":"BreadcrumbList","@id":"https:\/\/www.muehlebirgel.de\/fr\/reportage-mariage-notre-mariage-au-moulin-a-eau#breadcrumb","itemListElement":[{"@type":"ListItem","position":1,"name":"Startseite","item":"https:\/\/www.muehlebirgel.de\/fr"},{"@type":"ListItem","position":2,"name":"Reportage mariage : Notre mariage au moulin \u00e0 eau"}]},{"@type":"WebSite","@id":"https:\/\/www.muehlebirgel.de\/fr\/#website","url":"https:\/\/www.muehlebirgel.de\/fr\/","name":"Historische Wasserm\u00fchle Birgel","description":"Willkommen im M\u00fchlen-Erlebniszentrum","potentialAction":[{"@type":"SearchAction","target":{"@type":"EntryPoint","urlTemplate":"https:\/\/www.muehlebirgel.de\/fr\/?s={search_term_string}"},"query-input":{"@type":"PropertyValueSpecification","valueRequired":true,"valueName":"search_term_string"}}],"inLanguage":"fr-FR"}]}},"_links":{"self":[{"href":"https:\/\/www.muehlebirgel.de\/fr\/wp-json\/wp\/v2\/pages\/9837","targetHints":{"allow":["GET"]}}],"collection":[{"href":"https:\/\/www.muehlebirgel.de\/fr\/wp-json\/wp\/v2\/pages"}],"about":[{"href":"https:\/\/www.muehlebirgel.de\/fr\/wp-json\/wp\/v2\/types\/page"}],"author":[{"embeddable":true,"href":"https:\/\/www.muehlebirgel.de\/fr\/wp-json\/wp\/v2\/users\/1"}],"replies":[{"embeddable":true,"href":"https:\/\/www.muehlebirgel.de\/fr\/wp-json\/wp\/v2\/comments?post=9837"}],"version-history":[{"count":0,"href":"https:\/\/www.muehlebirgel.de\/fr\/wp-json\/wp\/v2\/pages\/9837\/revisions"}],"up":[{"embeddable":true,"href":"https:\/\/www.muehlebirgel.de\/fr\/wp-json\/wp\/v2\/pages\/9864"}],"wp:attachment":[{"href":"https:\/\/www.muehlebirgel.de\/fr\/wp-json\/wp\/v2\/media?parent=9837"}],"curies":[{"name":"wp","href":"https:\/\/api.w.org\/{rel}","templated":true}]}}