{"id":9849,"date":"2021-12-10T15:00:59","date_gmt":"2021-12-10T15:00:59","guid":{"rendered":"https:\/\/www.muehlebirgel.de\/mariage-cosy-dans-un-moulin-romantique\/"},"modified":"2021-12-10T15:00:59","modified_gmt":"2021-12-10T15:00:59","slug":"mariage-cosy-dans-un-moulin-romantique","status":"publish","type":"page","link":"https:\/\/www.muehlebirgel.de\/fr\/mariage-cosy-dans-un-moulin-romantique","title":{"rendered":"Mariage cosy dans un moulin romantique"},"content":{"rendered":"<h2>Le mariage d&rsquo;Andrea &amp; Patrick &#8211; 1er avril 2006<\/h2>\n<div class=\"bilderklein\">\n<img decoding=\"async\" class=\" size-full wp-image-401\" width=\"300\" src=\"https:\/\/www.muehlebirgel.de\/wp-content\/uploads\/2010\/08\/CCF18062010_00002.jpg\" alt=\"Kuschelhochzeit\"><\/p>\n<p>\n<img decoding=\"async\" class=\" size-full wp-image-402\" width=\"300\" src=\"https:\/\/www.muehlebirgel.de\/wp-content\/uploads\/2010\/08\/CCF18062010_00003.jpg\" alt=\"Kuschelhochzeit\"> <\/p>\n<p><img decoding=\"async\" class=\" size-full wp-image-403\" width=\"300\" src=\"https:\/\/www.muehlebirgel.de\/wp-content\/uploads\/2010\/08\/CCF18062010_00006.jpg\" alt=\"Kuschelhochzeit\"><br \/>\n&nbsp; <br \/>\n<img decoding=\"async\" class=\" size-full wp-image-404\" width=\"300\" src=\"https:\/\/www.muehlebirgel.de\/wp-content\/uploads\/2010\/08\/CCF18062010_00005.jpg\" alt=\"Kuschelhochzeit\"><\/p>\n<p><img decoding=\"async\" class=\" size-full wp-image-405\" width=\"300\" src=\"https:\/\/www.muehlebirgel.de\/wp-content\/uploads\/2010\/08\/CCF18062010_00004.jpg\" alt=\"Kuschelhochzeit\"><\/p>\n<p><img decoding=\"async\" class=\" size-full wp-image-406\" width=\"300\" src=\"https:\/\/www.muehlebirgel.de\/wp-content\/uploads\/2010\/08\/CCF18062010_00007.jpg\" alt=\"Kuschelhochzeit\"><\/div>\n<div class=\"textklein\"><strong><strong><br \/>\n<\/strong><\/strong>Non, ce n&rsquo;est pas un poisson d&rsquo;avril, c&rsquo;est vrai, nous sommes all\u00e9s \u00e0 l&rsquo;autel le 1er avril 2006 !<\/p>\n<p>Il \u00e9tait clair depuis longtemps o\u00f9 notre c\u00e9l\u00e9bration de mariage devrait avoir lieu :<\/p>\n<p>Nous voulions c\u00e9l\u00e9brer dans une ambiance unique et insolite et vivre quelque chose de sp\u00e9cial !<\/p>\n<p>C&rsquo;est pourquoi nous avons choisi le moulin \u00e0 eau historique de Birgel !<\/p>\n<p>Il manquait encore une date extraordinaire : le 1er avril !<\/p>\n<p>Apr\u00e8s le mariage \u00e0 l&rsquo;\u00e9glise, qui \u00e9tait aussi le bapt\u00eame de notre fils, l&rsquo;\u00e9quipe du moulin nous a chaleureusement accueillis pour une r\u00e9ception au champagne avec de d\u00e9licieux pains \u00e0 la meule ouverte dans la maison de s\u00e9minaire du moulin \u00e0 eau historique. Apr\u00e8s ce d\u00e9marrage r\u00e9ussi dans une ambiance d\u00e9contract\u00e9e, les d\u00e9licieux plats se sont poursuivis dans la salle de s\u00e9minaire joliment d\u00e9cor\u00e9e !<\/p>\n<p>La d\u00e9coration a \u00e9t\u00e9 r\u00e9alis\u00e9e exactement selon nos id\u00e9es par l&rsquo;\u00e9quipe du moulin avec beaucoup d&rsquo;amour ! Merci encore pour \u00e7a !<\/p>\n<p>Sinon, nous n&rsquo;avons eu \u00e0 nous soucier de rien, nous avons \u00e9t\u00e9 servis amicalement et avons pu profiter pleinement de notre f\u00eate !<\/p>\n<p>Nous aimerions profiter de cette occasion pour vous remercier encore une fois pour la merveilleuse f\u00eate, la nourriture d\u00e9licieuse, la bonne ambiance et l&rsquo;hospitalit\u00e9<\/p>\n<p><strong> And\u00e9a &amp; Patrick<\/strong><\/p>\n<\/div>\n","protected":false},"excerpt":{"rendered":"<p>Le mariage d&rsquo;Andrea &amp; Patrick &#8211; 1er avril 2006 &nbsp; Non, ce n&rsquo;est pas un poisson d&rsquo;avril, c&rsquo;est vrai, nous sommes all\u00e9s \u00e0 l&rsquo;autel le 1er avril 2006 ! Il \u00e9tait clair depuis longtemps o\u00f9 notre c\u00e9l\u00e9bration de mariage devrait avoir lieu : Nous voulions c\u00e9l\u00e9brer dans une ambiance unique et insolite et vivre quelque [&hellip;]<\/p>\n","protected":false},"author":1,"featured_media":0,"parent":9864,"menu_order":2,"comment_status":"closed","ping_status":"closed","template":"","meta":{"footnotes":""},"class_list":["post-9849","page","type-page","status-publish","hentry"],"yoast_head":"<!-- This site is optimized with the Yoast SEO plugin v27.2 - https:\/\/yoast.com\/product\/yoast-seo-wordpress\/ -->\n<title>Mariage cosy dans un moulin romantique - Historische Wasserm\u00fchle Birgel<\/title>\n<meta name=\"robots\" content=\"index, follow, max-snippet:-1, max-image-preview:large, max-video-preview:-1\" \/>\n<link rel=\"canonical\" href=\"https:\/\/www.muehlebirgel.de\/fr\/mariage-cosy-dans-un-moulin-romantique\" \/>\n<meta property=\"og:locale\" content=\"fr_FR\" \/>\n<meta property=\"og:type\" content=\"article\" \/>\n<meta property=\"og:title\" content=\"Mariage cosy dans un moulin romantique - Historische Wasserm\u00fchle Birgel\" \/>\n<meta property=\"og:description\" content=\"Le mariage d&rsquo;Andrea &amp; Patrick &#8211; 1er avril 2006 &nbsp; Non, ce n&rsquo;est pas un poisson d&rsquo;avril, c&rsquo;est vrai, nous sommes all\u00e9s \u00e0 l&rsquo;autel le 1er avril 2006 ! Il \u00e9tait clair depuis longtemps o\u00f9 notre c\u00e9l\u00e9bration de mariage devrait avoir lieu : Nous voulions c\u00e9l\u00e9brer dans une ambiance unique et insolite et vivre quelque [&hellip;]\" \/>\n<meta property=\"og:url\" content=\"https:\/\/www.muehlebirgel.de\/fr\/mariage-cosy-dans-un-moulin-romantique\/\" \/>\n<meta property=\"og:site_name\" content=\"Historische Wasserm\u00fchle Birgel\" \/>\n<meta property=\"og:image\" content=\"https:\/\/www.muehlebirgel.de\/wp-content\/uploads\/2010\/08\/CCF18062010_00002.jpg\" \/>\n<meta name=\"twitter:card\" content=\"summary_large_image\" \/>\n<meta name=\"twitter:label1\" content=\"Dur\u00e9e de lecture estim\u00e9e\" \/>\n\t<meta name=\"twitter:data1\" content=\"1 minute\" \/>\n<script type=\"application\/ld+json\" class=\"yoast-schema-graph\">{\"@context\":\"https:\/\/schema.org\",\"@graph\":[{\"@type\":\"WebPage\",\"@id\":\"https:\/\/www.muehlebirgel.de\/fr\/mariage-cosy-dans-un-moulin-romantique\",\"url\":\"https:\/\/www.muehlebirgel.de\/fr\/mariage-cosy-dans-un-moulin-romantique\",\"name\":\"Mariage cosy dans un moulin romantique - Historische Wasserm\u00fchle Birgel\",\"isPartOf\":{\"@id\":\"https:\/\/www.muehlebirgel.de\/fr\/#website\"},\"primaryImageOfPage\":{\"@id\":\"https:\/\/www.muehlebirgel.de\/fr\/mariage-cosy-dans-un-moulin-romantique#primaryimage\"},\"image\":{\"@id\":\"https:\/\/www.muehlebirgel.de\/fr\/mariage-cosy-dans-un-moulin-romantique#primaryimage\"},\"thumbnailUrl\":\"https:\/\/www.muehlebirgel.de\/wp-content\/uploads\/2010\/08\/CCF18062010_00002.jpg\",\"datePublished\":\"2021-12-10T15:00:59+00:00\",\"breadcrumb\":{\"@id\":\"https:\/\/www.muehlebirgel.de\/fr\/mariage-cosy-dans-un-moulin-romantique#breadcrumb\"},\"inLanguage\":\"fr-FR\",\"potentialAction\":[{\"@type\":\"ReadAction\",\"target\":[\"https:\/\/www.muehlebirgel.de\/fr\/mariage-cosy-dans-un-moulin-romantique\"]}]},{\"@type\":\"ImageObject\",\"inLanguage\":\"fr-FR\",\"@id\":\"https:\/\/www.muehlebirgel.de\/fr\/mariage-cosy-dans-un-moulin-romantique#primaryimage\",\"url\":\"https:\/\/www.muehlebirgel.de\/wp-content\/uploads\/2010\/08\/CCF18062010_00002.jpg\",\"contentUrl\":\"https:\/\/www.muehlebirgel.de\/wp-content\/uploads\/2010\/08\/CCF18062010_00002.jpg\"},{\"@type\":\"BreadcrumbList\",\"@id\":\"https:\/\/www.muehlebirgel.de\/fr\/mariage-cosy-dans-un-moulin-romantique#breadcrumb\",\"itemListElement\":[{\"@type\":\"ListItem\",\"position\":1,\"name\":\"Startseite\",\"item\":\"https:\/\/www.muehlebirgel.de\/fr\"},{\"@type\":\"ListItem\",\"position\":2,\"name\":\"Mariage cosy dans un moulin romantique\"}]},{\"@type\":\"WebSite\",\"@id\":\"https:\/\/www.muehlebirgel.de\/fr\/#website\",\"url\":\"https:\/\/www.muehlebirgel.de\/fr\/\",\"name\":\"Historische Wasserm\u00fchle Birgel\",\"description\":\"Willkommen im M\u00fchlen-Erlebniszentrum\",\"potentialAction\":[{\"@type\":\"SearchAction\",\"target\":{\"@type\":\"EntryPoint\",\"urlTemplate\":\"https:\/\/www.muehlebirgel.de\/fr\/?s={search_term_string}\"},\"query-input\":{\"@type\":\"PropertyValueSpecification\",\"valueRequired\":true,\"valueName\":\"search_term_string\"}}],\"inLanguage\":\"fr-FR\"}]}<\/script>\n<!-- \/ Yoast SEO plugin. -->","yoast_head_json":{"title":"Mariage cosy dans un moulin romantique - Historische Wasserm\u00fchle Birgel","robots":{"index":"index","follow":"follow","max-snippet":"max-snippet:-1","max-image-preview":"max-image-preview:large","max-video-preview":"max-video-preview:-1"},"canonical":"https:\/\/www.muehlebirgel.de\/fr\/mariage-cosy-dans-un-moulin-romantique","og_locale":"fr_FR","og_type":"article","og_title":"Mariage cosy dans un moulin romantique - Historische Wasserm\u00fchle Birgel","og_description":"Le mariage d&rsquo;Andrea &amp; Patrick &#8211; 1er avril 2006 &nbsp; Non, ce n&rsquo;est pas un poisson d&rsquo;avril, c&rsquo;est vrai, nous sommes all\u00e9s \u00e0 l&rsquo;autel le 1er avril 2006 ! Il \u00e9tait clair depuis longtemps o\u00f9 notre c\u00e9l\u00e9bration de mariage devrait avoir lieu : Nous voulions c\u00e9l\u00e9brer dans une ambiance unique et insolite et vivre quelque [&hellip;]","og_url":"https:\/\/www.muehlebirgel.de\/fr\/mariage-cosy-dans-un-moulin-romantique\/","og_site_name":"Historische Wasserm\u00fchle Birgel","og_image":[{"url":"https:\/\/www.muehlebirgel.de\/wp-content\/uploads\/2010\/08\/CCF18062010_00002.jpg","type":"","width":"","height":""}],"twitter_card":"summary_large_image","twitter_misc":{"Dur\u00e9e de lecture estim\u00e9e":"1 minute"},"schema":{"@context":"https:\/\/schema.org","@graph":[{"@type":"WebPage","@id":"https:\/\/www.muehlebirgel.de\/fr\/mariage-cosy-dans-un-moulin-romantique","url":"https:\/\/www.muehlebirgel.de\/fr\/mariage-cosy-dans-un-moulin-romantique","name":"Mariage cosy dans un moulin romantique - Historische Wasserm\u00fchle Birgel","isPartOf":{"@id":"https:\/\/www.muehlebirgel.de\/fr\/#website"},"primaryImageOfPage":{"@id":"https:\/\/www.muehlebirgel.de\/fr\/mariage-cosy-dans-un-moulin-romantique#primaryimage"},"image":{"@id":"https:\/\/www.muehlebirgel.de\/fr\/mariage-cosy-dans-un-moulin-romantique#primaryimage"},"thumbnailUrl":"https:\/\/www.muehlebirgel.de\/wp-content\/uploads\/2010\/08\/CCF18062010_00002.jpg","datePublished":"2021-12-10T15:00:59+00:00","breadcrumb":{"@id":"https:\/\/www.muehlebirgel.de\/fr\/mariage-cosy-dans-un-moulin-romantique#breadcrumb"},"inLanguage":"fr-FR","potentialAction":[{"@type":"ReadAction","target":["https:\/\/www.muehlebirgel.de\/fr\/mariage-cosy-dans-un-moulin-romantique"]}]},{"@type":"ImageObject","inLanguage":"fr-FR","@id":"https:\/\/www.muehlebirgel.de\/fr\/mariage-cosy-dans-un-moulin-romantique#primaryimage","url":"https:\/\/www.muehlebirgel.de\/wp-content\/uploads\/2010\/08\/CCF18062010_00002.jpg","contentUrl":"https:\/\/www.muehlebirgel.de\/wp-content\/uploads\/2010\/08\/CCF18062010_00002.jpg"},{"@type":"BreadcrumbList","@id":"https:\/\/www.muehlebirgel.de\/fr\/mariage-cosy-dans-un-moulin-romantique#breadcrumb","itemListElement":[{"@type":"ListItem","position":1,"name":"Startseite","item":"https:\/\/www.muehlebirgel.de\/fr"},{"@type":"ListItem","position":2,"name":"Mariage cosy dans un moulin romantique"}]},{"@type":"WebSite","@id":"https:\/\/www.muehlebirgel.de\/fr\/#website","url":"https:\/\/www.muehlebirgel.de\/fr\/","name":"Historische Wasserm\u00fchle Birgel","description":"Willkommen im M\u00fchlen-Erlebniszentrum","potentialAction":[{"@type":"SearchAction","target":{"@type":"EntryPoint","urlTemplate":"https:\/\/www.muehlebirgel.de\/fr\/?s={search_term_string}"},"query-input":{"@type":"PropertyValueSpecification","valueRequired":true,"valueName":"search_term_string"}}],"inLanguage":"fr-FR"}]}},"_links":{"self":[{"href":"https:\/\/www.muehlebirgel.de\/fr\/wp-json\/wp\/v2\/pages\/9849","targetHints":{"allow":["GET"]}}],"collection":[{"href":"https:\/\/www.muehlebirgel.de\/fr\/wp-json\/wp\/v2\/pages"}],"about":[{"href":"https:\/\/www.muehlebirgel.de\/fr\/wp-json\/wp\/v2\/types\/page"}],"author":[{"embeddable":true,"href":"https:\/\/www.muehlebirgel.de\/fr\/wp-json\/wp\/v2\/users\/1"}],"replies":[{"embeddable":true,"href":"https:\/\/www.muehlebirgel.de\/fr\/wp-json\/wp\/v2\/comments?post=9849"}],"version-history":[{"count":0,"href":"https:\/\/www.muehlebirgel.de\/fr\/wp-json\/wp\/v2\/pages\/9849\/revisions"}],"up":[{"embeddable":true,"href":"https:\/\/www.muehlebirgel.de\/fr\/wp-json\/wp\/v2\/pages\/9864"}],"wp:attachment":[{"href":"https:\/\/www.muehlebirgel.de\/fr\/wp-json\/wp\/v2\/media?parent=9849"}],"curies":[{"name":"wp","href":"https:\/\/api.w.org\/{rel}","templated":true}]}}