{"id":9861,"date":"2021-12-10T15:01:21","date_gmt":"2021-12-10T15:01:21","guid":{"rendered":"https:\/\/www.muehlebirgel.de\/parc-de-laigle-et-du-loup-kasselburg\/"},"modified":"2021-12-10T15:01:21","modified_gmt":"2021-12-10T15:01:21","slug":"parc-de-laigle-et-du-loup-kasselburg","status":"publish","type":"page","link":"https:\/\/www.muehlebirgel.de\/fr\/parc-de-laigle-et-du-loup-kasselburg","title":{"rendered":"Parc de l&rsquo;aigle et du loup Kasselburg"},"content":{"rendered":"<p>Le moulin \u00e0 eau historique de Birgel est une propri\u00e9t\u00e9 tr\u00e8s sp\u00e9ciale, qui offre \u00e0 ses clients tout le confort imaginable combin\u00e9 \u00e0 l&rsquo;ambiance traditionnelle d&rsquo;un moulin \u00e0 eau. C&rsquo;est \u00e9galement un point de d\u00e9part id\u00e9al pour des excursions dans les environs, car il y a des sites passionnants \u00e0 d\u00e9couvrir ici.<\/p>\n<p>Le parc des aigles et des loups de Kasselburg dans la ville de Pelm, par exemple, est accessible depuis le moulin \u00e0 eau en seulement dix minutes en voiture et est donc id\u00e9al pour une excursion spontan\u00e9e. Cet \u00e9tablissement de 20 hectares n&rsquo;est pas seulement id\u00e9al pour tous les amoureux des animaux, tous ceux qui recherchent le calme et la d\u00e9tente sont \u00e9galement \u00e0 leur place dans l&rsquo;immense parc. Apr\u00e8s tout, vous pouvez faire une merveilleuse promenade et vous d\u00e9tendre ici. Le parc des aigles et des loups de Kasselburg est situ\u00e9 juste \u00e0 c\u00f4t\u00e9 du complexe du ch\u00e2teau historique de Kasselburg et offre un paysage unique. Il y a aussi une station de collecte et de soins pour les oiseaux de proie bless\u00e9s.<br \/>\nD&rsquo;innombrables oiseaux de proie tels que des aigles, des vautours et des cerfs-volants ainsi que des loups vivent dans le parc, mais vous pouvez \u00e9galement vous \u00e9merveiller devant les hiboux et les hiboux dans les nombreuses voli\u00e8res. La plus grande meute de loups d&rsquo;Europe occidentale vit dans les for\u00eats. Un sentier d&rsquo;aventure traverse cet enclos \u00e0 loups, qui est \u00e9quip\u00e9 de nombreuses tribunes et plates-formes d&rsquo;observation &#8211; d&rsquo;o\u00f9 vous avez une vue magnifique sur les animaux.<br \/>\nDes d\u00e9monstrations de vol int\u00e9ressantes ont lieu tous les jours \u00e0 11h et 15h dans l&rsquo;Adler- und Wolfspark Kasselburg et le nourrissage des loups tous les jours \u00e0 15h45 est une exp\u00e9rience tr\u00e8s sp\u00e9ciale \u00e0 chaque fois.<br \/>\nPlusieurs fois par an, il y a aussi des campagnes et des journ\u00e9es d&rsquo;aventure tr\u00e8s sp\u00e9ciales telles que des jeux de chevaliers, la f\u00eate du lapin de P\u00e2ques ou les \u00ab\u00a0Journ\u00e9es du loup\u00a0\u00bb.<\/p>\n<p>Apr\u00e8s la journ\u00e9e au milieu de la nature dans le parc des aigles et des loups de Kasselburg derri\u00e8re vous, vous aimerez s\u00fbrement retourner dans l&rsquo;ancien moulin \u00e0 eau pour vous fortifier au restaurant. Le lendemain, rafra\u00eechi et rafra\u00eechi, vous pouvez vous rendre \u00e0 la prochaine destination pr\u00e8s du moulin \u00e0 eau Birgel. Mais vous pouvez aussi passer une journ\u00e9e enti\u00e8re dans le moulin lui-m\u00eame, apr\u00e8s tout il y a beaucoup \u00e0 d\u00e9couvrir ici. Que diriez-vous d&rsquo;une visite au moulin \u00e0 moutarde, vieux de plus de 200 ans ? la moutarde traditionnelle de l&rsquo;Eifel est fabriqu\u00e9e ici. Bien s\u00fbr, vous pouvez \u00e9galement l&rsquo;acheter dans le moulin \u00e0 eau historique &#8211; certainement un beau souvenir de votre s\u00e9jour dans le moulin ou un souvenir pour ceux qui sont rest\u00e9s \u00e0 la maison.<br \/>\n&nbsp;<\/p>\n","protected":false},"excerpt":{"rendered":"<p>Le moulin \u00e0 eau historique de Birgel est une propri\u00e9t\u00e9 tr\u00e8s sp\u00e9ciale, qui offre \u00e0 ses clients tout le confort imaginable combin\u00e9 \u00e0 l&rsquo;ambiance traditionnelle d&rsquo;un moulin \u00e0 eau. C&rsquo;est \u00e9galement un point de d\u00e9part id\u00e9al pour des excursions dans les environs, car il y a des sites passionnants \u00e0 d\u00e9couvrir ici. Le parc des [&hellip;]<\/p>\n","protected":false},"author":1,"featured_media":0,"parent":0,"menu_order":25,"comment_status":"closed","ping_status":"closed","template":"","meta":{"footnotes":""},"class_list":["post-9861","page","type-page","status-publish","hentry"],"yoast_head":"<!-- This site is optimized with the Yoast SEO plugin v27.2 - https:\/\/yoast.com\/product\/yoast-seo-wordpress\/ -->\n<title>Parc de l&#039;aigle et du loup Kasselburg - Historische Wasserm\u00fchle Birgel<\/title>\n<meta name=\"robots\" content=\"index, follow, max-snippet:-1, max-image-preview:large, max-video-preview:-1\" \/>\n<link rel=\"canonical\" href=\"https:\/\/www.muehlebirgel.de\/fr\/parc-de-laigle-et-du-loup-kasselburg\" \/>\n<meta property=\"og:locale\" content=\"fr_FR\" \/>\n<meta property=\"og:type\" content=\"article\" \/>\n<meta property=\"og:title\" content=\"Parc de l&#039;aigle et du loup Kasselburg - Historische Wasserm\u00fchle Birgel\" \/>\n<meta property=\"og:description\" content=\"Le moulin \u00e0 eau historique de Birgel est une propri\u00e9t\u00e9 tr\u00e8s sp\u00e9ciale, qui offre \u00e0 ses clients tout le confort imaginable combin\u00e9 \u00e0 l&rsquo;ambiance traditionnelle d&rsquo;un moulin \u00e0 eau. C&rsquo;est \u00e9galement un point de d\u00e9part id\u00e9al pour des excursions dans les environs, car il y a des sites passionnants \u00e0 d\u00e9couvrir ici. Le parc des [&hellip;]\" \/>\n<meta property=\"og:url\" content=\"https:\/\/www.muehlebirgel.de\/fr\/parc-de-laigle-et-du-loup-kasselburg\/\" \/>\n<meta property=\"og:site_name\" content=\"Historische Wasserm\u00fchle Birgel\" \/>\n<meta name=\"twitter:card\" content=\"summary_large_image\" \/>\n<meta name=\"twitter:label1\" content=\"Dur\u00e9e de lecture estim\u00e9e\" \/>\n\t<meta name=\"twitter:data1\" content=\"2 minutes\" \/>\n<script type=\"application\/ld+json\" class=\"yoast-schema-graph\">{\"@context\":\"https:\/\/schema.org\",\"@graph\":[{\"@type\":\"WebPage\",\"@id\":\"https:\/\/www.muehlebirgel.de\/fr\/parc-de-laigle-et-du-loup-kasselburg\",\"url\":\"https:\/\/www.muehlebirgel.de\/fr\/parc-de-laigle-et-du-loup-kasselburg\",\"name\":\"Parc de l'aigle et du loup Kasselburg - Historische Wasserm\u00fchle Birgel\",\"isPartOf\":{\"@id\":\"https:\/\/www.muehlebirgel.de\/fr\/#website\"},\"datePublished\":\"2021-12-10T15:01:21+00:00\",\"breadcrumb\":{\"@id\":\"https:\/\/www.muehlebirgel.de\/fr\/parc-de-laigle-et-du-loup-kasselburg#breadcrumb\"},\"inLanguage\":\"fr-FR\",\"potentialAction\":[{\"@type\":\"ReadAction\",\"target\":[\"https:\/\/www.muehlebirgel.de\/fr\/parc-de-laigle-et-du-loup-kasselburg\"]}]},{\"@type\":\"BreadcrumbList\",\"@id\":\"https:\/\/www.muehlebirgel.de\/fr\/parc-de-laigle-et-du-loup-kasselburg#breadcrumb\",\"itemListElement\":[{\"@type\":\"ListItem\",\"position\":1,\"name\":\"Startseite\",\"item\":\"https:\/\/www.muehlebirgel.de\/fr\"},{\"@type\":\"ListItem\",\"position\":2,\"name\":\"Parc de l&#8217;aigle et du loup Kasselburg\"}]},{\"@type\":\"WebSite\",\"@id\":\"https:\/\/www.muehlebirgel.de\/fr\/#website\",\"url\":\"https:\/\/www.muehlebirgel.de\/fr\/\",\"name\":\"Historische Wasserm\u00fchle Birgel\",\"description\":\"Willkommen im M\u00fchlen-Erlebniszentrum\",\"potentialAction\":[{\"@type\":\"SearchAction\",\"target\":{\"@type\":\"EntryPoint\",\"urlTemplate\":\"https:\/\/www.muehlebirgel.de\/fr\/?s={search_term_string}\"},\"query-input\":{\"@type\":\"PropertyValueSpecification\",\"valueRequired\":true,\"valueName\":\"search_term_string\"}}],\"inLanguage\":\"fr-FR\"}]}<\/script>\n<!-- \/ Yoast SEO plugin. -->","yoast_head_json":{"title":"Parc de l'aigle et du loup Kasselburg - Historische Wasserm\u00fchle Birgel","robots":{"index":"index","follow":"follow","max-snippet":"max-snippet:-1","max-image-preview":"max-image-preview:large","max-video-preview":"max-video-preview:-1"},"canonical":"https:\/\/www.muehlebirgel.de\/fr\/parc-de-laigle-et-du-loup-kasselburg","og_locale":"fr_FR","og_type":"article","og_title":"Parc de l'aigle et du loup Kasselburg - Historische Wasserm\u00fchle Birgel","og_description":"Le moulin \u00e0 eau historique de Birgel est une propri\u00e9t\u00e9 tr\u00e8s sp\u00e9ciale, qui offre \u00e0 ses clients tout le confort imaginable combin\u00e9 \u00e0 l&rsquo;ambiance traditionnelle d&rsquo;un moulin \u00e0 eau. C&rsquo;est \u00e9galement un point de d\u00e9part id\u00e9al pour des excursions dans les environs, car il y a des sites passionnants \u00e0 d\u00e9couvrir ici. Le parc des [&hellip;]","og_url":"https:\/\/www.muehlebirgel.de\/fr\/parc-de-laigle-et-du-loup-kasselburg\/","og_site_name":"Historische Wasserm\u00fchle Birgel","twitter_card":"summary_large_image","twitter_misc":{"Dur\u00e9e de lecture estim\u00e9e":"2 minutes"},"schema":{"@context":"https:\/\/schema.org","@graph":[{"@type":"WebPage","@id":"https:\/\/www.muehlebirgel.de\/fr\/parc-de-laigle-et-du-loup-kasselburg","url":"https:\/\/www.muehlebirgel.de\/fr\/parc-de-laigle-et-du-loup-kasselburg","name":"Parc de l'aigle et du loup Kasselburg - Historische Wasserm\u00fchle Birgel","isPartOf":{"@id":"https:\/\/www.muehlebirgel.de\/fr\/#website"},"datePublished":"2021-12-10T15:01:21+00:00","breadcrumb":{"@id":"https:\/\/www.muehlebirgel.de\/fr\/parc-de-laigle-et-du-loup-kasselburg#breadcrumb"},"inLanguage":"fr-FR","potentialAction":[{"@type":"ReadAction","target":["https:\/\/www.muehlebirgel.de\/fr\/parc-de-laigle-et-du-loup-kasselburg"]}]},{"@type":"BreadcrumbList","@id":"https:\/\/www.muehlebirgel.de\/fr\/parc-de-laigle-et-du-loup-kasselburg#breadcrumb","itemListElement":[{"@type":"ListItem","position":1,"name":"Startseite","item":"https:\/\/www.muehlebirgel.de\/fr"},{"@type":"ListItem","position":2,"name":"Parc de l&#8217;aigle et du loup Kasselburg"}]},{"@type":"WebSite","@id":"https:\/\/www.muehlebirgel.de\/fr\/#website","url":"https:\/\/www.muehlebirgel.de\/fr\/","name":"Historische Wasserm\u00fchle Birgel","description":"Willkommen im M\u00fchlen-Erlebniszentrum","potentialAction":[{"@type":"SearchAction","target":{"@type":"EntryPoint","urlTemplate":"https:\/\/www.muehlebirgel.de\/fr\/?s={search_term_string}"},"query-input":{"@type":"PropertyValueSpecification","valueRequired":true,"valueName":"search_term_string"}}],"inLanguage":"fr-FR"}]}},"_links":{"self":[{"href":"https:\/\/www.muehlebirgel.de\/fr\/wp-json\/wp\/v2\/pages\/9861","targetHints":{"allow":["GET"]}}],"collection":[{"href":"https:\/\/www.muehlebirgel.de\/fr\/wp-json\/wp\/v2\/pages"}],"about":[{"href":"https:\/\/www.muehlebirgel.de\/fr\/wp-json\/wp\/v2\/types\/page"}],"author":[{"embeddable":true,"href":"https:\/\/www.muehlebirgel.de\/fr\/wp-json\/wp\/v2\/users\/1"}],"replies":[{"embeddable":true,"href":"https:\/\/www.muehlebirgel.de\/fr\/wp-json\/wp\/v2\/comments?post=9861"}],"version-history":[{"count":0,"href":"https:\/\/www.muehlebirgel.de\/fr\/wp-json\/wp\/v2\/pages\/9861\/revisions"}],"wp:attachment":[{"href":"https:\/\/www.muehlebirgel.de\/fr\/wp-json\/wp\/v2\/media?parent=9861"}],"curies":[{"name":"wp","href":"https:\/\/api.w.org\/{rel}","templated":true}]}}