{"id":9864,"date":"2021-12-10T15:01:26","date_gmt":"2021-12-10T15:01:26","guid":{"rendered":"https:\/\/www.muehlebirgel.de\/celebrez-votre-mariage-dans-leifel\/rapports-de-mariage-du-moulin-a-eau\/"},"modified":"2025-01-20T16:50:58","modified_gmt":"2025-01-20T15:50:58","slug":"recits-de-mariage-du-moulin-a-eau","status":"publish","type":"page","link":"https:\/\/www.muehlebirgel.de\/fr\/rapports-de-mariage-du-moulin-a-eau","title":{"rendered":"T\u00e9moignages de mariage du Moulin \u00e0 eau historique"},"content":{"rendered":"\n<p>De nombreux couples ont c\u00e9l\u00e9br\u00e9 leur mariage avec nous depuis l&rsquo;ouverture du moulin \u00e0 eau historique. Lisez ici les r\u00e9cits de mariage de quelques couples s\u00e9lectionn\u00e9s :<br\/><\/p>\n\n<div class=\"wp-block-columns is-layout-flex wp-container-core-columns-is-layout-9d6595d7 wp-block-columns-is-layout-flex\">\n<div class=\"wp-block-column is-layout-flow wp-block-column-is-layout-flow\">\n<p class=\"has-text-align-center hochzeits-bild\"><img loading=\"lazy\" decoding=\"async\" width=\"1181\" height=\"1772\" class=\"wp-image-50137\" style=\"width: px;\" src=\"https:\/\/www.muehlebirgel.de\/wp-content\/uploads\/20250107_154345.webp\" alt=\"\" srcset=\"https:\/\/www.muehlebirgel.de\/wp-content\/uploads\/20250107_154345.webp 1181w, https:\/\/www.muehlebirgel.de\/wp-content\/uploads\/20250107_154345-682x1024.webp 682w, https:\/\/www.muehlebirgel.de\/wp-content\/uploads\/20250107_154345-768x1152.webp 768w, https:\/\/www.muehlebirgel.de\/wp-content\/uploads\/20250107_154345-1024x1536.webp 1024w, https:\/\/www.muehlebirgel.de\/wp-content\/uploads\/20250107_154345-640x960.webp 640w, https:\/\/www.muehlebirgel.de\/wp-content\/uploads\/20250107_154345-400x600.webp 400w\" sizes=\"auto, (max-width: 1181px) 100vw, 1181px\" \/><\/p>\n\n\n\n<h2 class=\"wp-block-heading has-text-align-center\">Roswitha et Manfred<\/h2>\n\n\n\n<p class=\"has-text-align-center\"><a href=\"https:\/\/www.muehlebirgel.de\/fr\/die-goldhochzeit-von-roswitha-und-manfred-2\">Lire le r\u00e9cit du mariage maintenant<\/a><\/p>\n<\/div>\n\n\n\n<div class=\"wp-block-column is-layout-flow wp-block-column-is-layout-flow\">\n<p class=\"has-text-align-center hochzeits-bild\"><img loading=\"lazy\" decoding=\"async\" width=\"300\" height=\"499\" class=\"wp-image-27779\" src=\"https:\/\/www.muehlebirgel.de\/wp-content\/uploads\/2023\/06\/20230628-juergen-simone-thumbnail-webseite.webp\" alt=\"\"\/><\/p>\n\n\n\n<h2 class=\"wp-block-heading has-text-align-center\">Simone et J\u00fcrgen<\/h2>\n\n\n\n<p class=\"has-text-align-center\"><a href=\"https:\/\/www.muehlebirgel.de\/fr\/le-mariage-de-simone-et-manuel-2\">Lire le r\u00e9cit du mariage maintenant<\/a><\/p>\n<\/div>\n\n\n\n<div class=\"wp-block-column is-layout-flow wp-block-column-is-layout-flow\">\n<p class=\"has-text-align-center hochzeits-bild\"><img loading=\"lazy\" decoding=\"async\" class=\" size-full wp-image-365\" src=\"https:\/\/www.muehlebirgel.de\/wp-content\/uploads\/2010\/04\/Hochzeit7_0.jpg\" alt=\"Simone und Manuel\" width=\"300\" height=\"450\"\/><\/p>\n\n\n\n<h2 class=\"wp-block-heading has-text-align-center\">Simone und Manuel<\/h2>\n\n\n\n<p class=\"has-text-align-center\"><a href=\"https:\/\/www.muehlebirgel.de\/hochzeit-simone-manuel.html\">Lire le r\u00e9cit du mariage maintenant<\/a><\/p>\n<\/div>\n<\/div>\n\n<div class=\"wp-block-columns is-layout-flex wp-container-core-columns-is-layout-9d6595d7 wp-block-columns-is-layout-flex\">\n<div class=\"wp-block-column is-layout-flow wp-block-column-is-layout-flow\">\n<p class=\"has-text-align-center hochzeits-bild\"><img loading=\"lazy\" decoding=\"async\" class=\" size-full wp-image-366\" src=\"https:\/\/www.muehlebirgel.de\/wp-content\/uploads\/2010\/04\/sarah-jens.jpg\" alt=\"Sarah und Jens\" width=\"300\" height=\"450\"\/><\/p>\n\n\n\n<h2 class=\"wp-block-heading has-text-align-center\">Sarah und Jens<\/h2>\n\n\n\n<p class=\"has-text-align-center\"><a href=\"https:\/\/www.muehlebirgel.de\/die-hochzeit-von-sarah-jens.html\">Lire le r\u00e9cit du mariage maintenant<\/a><\/p>\n<\/div>\n\n\n\n<div class=\"wp-block-column is-layout-flow wp-block-column-is-layout-flow\">\n<p class=\"has-text-align-center hochzeits-bild\"><img decoding=\"async\" class=\" size-full wp-image-368\" src=\"https:\/\/www.muehlebirgel.de\/wp-content\/uploads\/2010\/04\/silke-stefan.jpg\" alt=\"Silke und Stefan\" width=\"300\"\/><\/p>\n\n\n\n<h2 class=\"wp-block-heading has-text-align-center\">Silke und Stefan<\/h2>\n\n\n\n<p class=\"has-text-align-center\"><a href=\"https:\/\/www.muehlebirgel.de\/silke-und-stefan.html\">Lire le r\u00e9cit du mariage maintenant<\/a><\/p>\n<\/div>\n\n\n\n<div class=\"wp-block-column is-layout-flow wp-block-column-is-layout-flow\">\n<p class=\"has-text-align-center hochzeits-bild\"><img loading=\"lazy\" decoding=\"async\" class=\" size-full wp-image-367\" src=\"https:\/\/www.muehlebirgel.de\/wp-content\/uploads\/2010\/04\/sabine-volker.jpg\" alt=\"Sabine und Volker\" width=\"300\" height=\"418\"\/><\/p>\n\n\n\n<h2 class=\"wp-block-heading has-text-align-center\">Sabine und Volker<\/h2>\n\n\n\n<p class=\"has-text-align-center\"><a href=\"https:\/\/www.muehlebirgel.de\/hochzeit-in-einer-romantischen-muehle.html\">Lire le r\u00e9cit du mariage maintenant<\/a><\/p>\n<\/div>\n<\/div>\n\n<div class=\"wp-block-columns is-layout-flex wp-container-core-columns-is-layout-9d6595d7 wp-block-columns-is-layout-flex\">\n<div class=\"wp-block-column is-layout-flow wp-block-column-is-layout-flow\">\n<p class=\"has-text-align-center hochzeits-bild\"><img loading=\"lazy\" decoding=\"async\" class=\" size-full wp-image-373\" src=\"https:\/\/www.muehlebirgel.de\/wp-content\/uploads\/2010\/04\/silke-lars.jpg\" alt=\"Hochzeit\" width=\"300\" height=\"450\"\/><\/p>\n\n\n\n<h2 class=\"wp-block-heading has-text-align-center\">Silke et Lars<\/h2>\n\n\n\n<p class=\"has-text-align-center\">Lire le r\u00e9cit du mariage maintenant<\/p>\n<\/div>\n\n\n\n<div class=\"wp-block-column is-layout-flow wp-block-column-is-layout-flow\">\n<p class=\"has-text-align-center hochzeits-bild\"><img loading=\"lazy\" decoding=\"async\" class=\" size-full wp-image-370\" src=\"https:\/\/www.muehlebirgel.de\/wp-content\/uploads\/2010\/04\/steffi-manni.jpg\" alt=\"Steffi und Manni\" width=\"300\" height=\"450\"\/><\/p>\n\n\n\n<h2 class=\"wp-block-heading has-text-align-center\">Steffi und Manni<\/h2>\n\n\n\n<p class=\"has-text-align-center\"><a href=\"https:\/\/www.muehlebirgel.de\/hochzeitsbericht-unsere-anreise-im-hochzeit-sonderzug.html\">Lire le r\u00e9cit du mariage maintenant<\/a><\/p>\n<\/div>\n\n\n\n<div class=\"wp-block-column is-layout-flow wp-block-column-is-layout-flow\">\n<p class=\"has-text-align-center hochzeits-bild\"><img loading=\"lazy\" decoding=\"async\" class=\" size-full wp-image-371\" src=\"https:\/\/www.muehlebirgel.de\/wp-content\/uploads\/2010\/04\/beate-eddy.jpg\" alt=\"Beate und Eddy\" width=\"300\" height=\"450\"\/><\/p>\n\n\n\n<h2 class=\"wp-block-heading has-text-align-center\">Beate und Eddy<\/h2>\n\n\n\n<p class=\"has-text-align-center\"><a href=\"https:\/\/www.muehlebirgel.de\/die-hochzeit-von-beate-und-eddy.html\">Lire le r\u00e9cit du mariage maintenant<\/a><\/p>\n<\/div>\n<\/div>\n\n<div class=\"wp-block-columns is-layout-flex wp-container-core-columns-is-layout-9d6595d7 wp-block-columns-is-layout-flex\">\n<div class=\"wp-block-column is-layout-flow wp-block-column-is-layout-flow\">\n<p class=\"has-text-align-center hochzeits-bild\"><img loading=\"lazy\" decoding=\"async\" class=\" size-full wp-image-372\" src=\"https:\/\/www.muehlebirgel.de\/wp-content\/uploads\/2010\/04\/claudia-ralf.jpg\" alt=\"Claudia und Ralf\" width=\"300\" height=\"450\"\/><\/p>\n\n\n\n<h2 class=\"wp-block-heading has-text-align-center\">Claudia und Ralf<\/h2>\n\n\n\n<p class=\"has-text-align-center\"><a href=\"https:\/\/www.muehlebirgel.de\/hochzeitsbericht-claudia-ralf-birgel.html\">Lire le r\u00e9cit du mariage maintenant<\/a><\/p>\n<\/div>\n\n\n\n<div class=\"wp-block-column is-layout-flow wp-block-column-is-layout-flow\">\n<p class=\"has-text-align-center\"><img decoding=\"async\" class=\" size-full wp-image-369\" src=\"https:\/\/www.muehlebirgel.de\/wp-content\/uploads\/2010\/04\/melanie-stefan.jpg\" alt=\"Melanie und Stefan\" width=\"300\" srcset=\"https:\/\/www.muehlebirgel.de\/wp-content\/uploads\/2010\/04\/melanie-stefan.jpg 600w, https:\/\/www.muehlebirgel.de\/wp-content\/uploads\/2010\/04\/melanie-stefan-400x267.jpg 400w, https:\/\/www.muehlebirgel.de\/wp-content\/uploads\/2010\/04\/melanie-stefan-367x245.jpg 367w\" sizes=\"(max-width: 600px) 100vw, 600px\" \/><\/p>\n\n\n\n<h2 class=\"wp-block-heading has-text-align-center\">Melanie und Stefan<\/h2>\n\n\n\n<p class=\"has-text-align-center\"><a href=\"https:\/\/www.muehlebirgel.de\/die-hochzeit-von-stefan-und-melanie.html\">Lire le r\u00e9cit du mariage maintenant<\/a><\/p>\n<\/div>\n\n\n\n<div class=\"wp-block-column is-layout-flow wp-block-column-is-layout-flow\">\n<p class=\"has-text-align-center\"><\/p>\n<\/div>\n<\/div>\n\n<div style=\"height:15px\" aria-hidden=\"true\" class=\"wp-block-spacer\"><\/div>\n\n<p>Si vous avez \u00e9galement c\u00e9l\u00e9br\u00e9 votre mariage avec nous, nous serions tr\u00e8s heureux de recevoir <a href=\"https:\/\/www.muehlebirgel.de\/fr\/contacter\">votre rapport de mariage<\/a> .<\/p>\n\n<p><\/p>\n","protected":false},"excerpt":{"rendered":"<p>De nombreux couples ont c\u00e9l\u00e9br\u00e9 leur mariage avec nous depuis l&rsquo;ouverture du moulin \u00e0 eau historique. Lisez ici les r\u00e9cits de mariage de quelques couples s\u00e9lectionn\u00e9s : Roswitha et Manfred Lire le r\u00e9cit du mariage maintenant Simone et J\u00fcrgen Lire le r\u00e9cit du mariage maintenant Simone und Manuel Lire le r\u00e9cit du mariage maintenant Sarah [&hellip;]<\/p>\n","protected":false},"author":1,"featured_media":0,"parent":9805,"menu_order":9,"comment_status":"closed","ping_status":"closed","template":"","meta":{"footnotes":""},"class_list":["post-9864","page","type-page","status-publish","hentry"],"yoast_head":"<!-- This site is optimized with the Yoast SEO plugin v27.2 - https:\/\/yoast.com\/product\/yoast-seo-wordpress\/ -->\n<title>T\u00e9moignages de mariage du Moulin \u00e0 eau historique - Historische Wasserm\u00fchle Birgel<\/title>\n<meta name=\"robots\" content=\"index, follow, max-snippet:-1, max-image-preview:large, max-video-preview:-1\" \/>\n<link rel=\"canonical\" href=\"https:\/\/www.muehlebirgel.de\/fr\/rapports-de-mariage-du-moulin-a-eau\" \/>\n<meta property=\"og:locale\" content=\"fr_FR\" \/>\n<meta property=\"og:type\" content=\"article\" \/>\n<meta property=\"og:title\" content=\"T\u00e9moignages de mariage du Moulin \u00e0 eau historique - Historische Wasserm\u00fchle Birgel\" \/>\n<meta property=\"og:description\" content=\"De nombreux couples ont c\u00e9l\u00e9br\u00e9 leur mariage avec nous depuis l&rsquo;ouverture du moulin \u00e0 eau historique. Lisez ici les r\u00e9cits de mariage de quelques couples s\u00e9lectionn\u00e9s : Roswitha et Manfred Lire le r\u00e9cit du mariage maintenant Simone et J\u00fcrgen Lire le r\u00e9cit du mariage maintenant Simone und Manuel Lire le r\u00e9cit du mariage maintenant Sarah [&hellip;]\" \/>\n<meta property=\"og:url\" content=\"https:\/\/www.muehlebirgel.de\/fr\/rapports-de-mariage-du-moulin-a-eau\/\" \/>\n<meta property=\"og:site_name\" content=\"Historische Wasserm\u00fchle Birgel\" \/>\n<meta property=\"article:modified_time\" content=\"2025-01-20T15:50:58+00:00\" \/>\n<meta property=\"og:image\" content=\"https:\/\/www.muehlebirgel.de\/wp-content\/uploads\/20250107_154345.webp\" \/>\n\t<meta property=\"og:image:width\" content=\"1181\" \/>\n\t<meta property=\"og:image:height\" content=\"1772\" \/>\n\t<meta property=\"og:image:type\" content=\"image\/webp\" \/>\n<meta name=\"twitter:card\" content=\"summary_large_image\" \/>\n<meta name=\"twitter:label1\" content=\"Dur\u00e9e de lecture estim\u00e9e\" \/>\n\t<meta name=\"twitter:data1\" content=\"1 minute\" \/>\n<script type=\"application\/ld+json\" class=\"yoast-schema-graph\">{\"@context\":\"https:\/\/schema.org\",\"@graph\":[{\"@type\":\"WebPage\",\"@id\":\"https:\/\/www.muehlebirgel.de\/fr\/rapports-de-mariage-du-moulin-a-eau\",\"url\":\"https:\/\/www.muehlebirgel.de\/fr\/rapports-de-mariage-du-moulin-a-eau\",\"name\":\"T\u00e9moignages de mariage du Moulin \u00e0 eau historique - Historische Wasserm\u00fchle Birgel\",\"isPartOf\":{\"@id\":\"https:\/\/www.muehlebirgel.de\/fr\/#website\"},\"primaryImageOfPage\":{\"@id\":\"https:\/\/www.muehlebirgel.de\/fr\/rapports-de-mariage-du-moulin-a-eau#primaryimage\"},\"image\":{\"@id\":\"https:\/\/www.muehlebirgel.de\/fr\/rapports-de-mariage-du-moulin-a-eau#primaryimage\"},\"thumbnailUrl\":\"https:\/\/www.muehlebirgel.de\/wp-content\/uploads\/20250107_154345.webp\",\"datePublished\":\"2021-12-10T15:01:26+00:00\",\"dateModified\":\"2025-01-20T15:50:58+00:00\",\"breadcrumb\":{\"@id\":\"https:\/\/www.muehlebirgel.de\/fr\/rapports-de-mariage-du-moulin-a-eau#breadcrumb\"},\"inLanguage\":\"fr-FR\",\"potentialAction\":[{\"@type\":\"ReadAction\",\"target\":[\"https:\/\/www.muehlebirgel.de\/fr\/rapports-de-mariage-du-moulin-a-eau\"]}]},{\"@type\":\"ImageObject\",\"inLanguage\":\"fr-FR\",\"@id\":\"https:\/\/www.muehlebirgel.de\/fr\/rapports-de-mariage-du-moulin-a-eau#primaryimage\",\"url\":\"https:\/\/www.muehlebirgel.de\/wp-content\/uploads\/20250107_154345.webp\",\"contentUrl\":\"https:\/\/www.muehlebirgel.de\/wp-content\/uploads\/20250107_154345.webp\"},{\"@type\":\"BreadcrumbList\",\"@id\":\"https:\/\/www.muehlebirgel.de\/fr\/rapports-de-mariage-du-moulin-a-eau#breadcrumb\",\"itemListElement\":[{\"@type\":\"ListItem\",\"position\":1,\"name\":\"Startseite\",\"item\":\"https:\/\/www.muehlebirgel.de\/fr\"},{\"@type\":\"ListItem\",\"position\":2,\"name\":\"C\u00e9l\u00e9brez votre mariage dans l&#8217;Eifel\",\"item\":\"https:\/\/www.muehlebirgel.de\/fr\/celebrez-votre-mariage-dans-leifel\"},{\"@type\":\"ListItem\",\"position\":3,\"name\":\"T\u00e9moignages de mariage du Moulin \u00e0 eau historique\"}]},{\"@type\":\"WebSite\",\"@id\":\"https:\/\/www.muehlebirgel.de\/fr\/#website\",\"url\":\"https:\/\/www.muehlebirgel.de\/fr\/\",\"name\":\"Historische Wasserm\u00fchle Birgel\",\"description\":\"Willkommen im M\u00fchlen-Erlebniszentrum\",\"potentialAction\":[{\"@type\":\"SearchAction\",\"target\":{\"@type\":\"EntryPoint\",\"urlTemplate\":\"https:\/\/www.muehlebirgel.de\/fr\/?s={search_term_string}\"},\"query-input\":{\"@type\":\"PropertyValueSpecification\",\"valueRequired\":true,\"valueName\":\"search_term_string\"}}],\"inLanguage\":\"fr-FR\"}]}<\/script>\n<!-- \/ Yoast SEO plugin. -->","yoast_head_json":{"title":"T\u00e9moignages de mariage du Moulin \u00e0 eau historique - Historische Wasserm\u00fchle Birgel","robots":{"index":"index","follow":"follow","max-snippet":"max-snippet:-1","max-image-preview":"max-image-preview:large","max-video-preview":"max-video-preview:-1"},"canonical":"https:\/\/www.muehlebirgel.de\/fr\/rapports-de-mariage-du-moulin-a-eau","og_locale":"fr_FR","og_type":"article","og_title":"T\u00e9moignages de mariage du Moulin \u00e0 eau historique - Historische Wasserm\u00fchle Birgel","og_description":"De nombreux couples ont c\u00e9l\u00e9br\u00e9 leur mariage avec nous depuis l&rsquo;ouverture du moulin \u00e0 eau historique. Lisez ici les r\u00e9cits de mariage de quelques couples s\u00e9lectionn\u00e9s : Roswitha et Manfred Lire le r\u00e9cit du mariage maintenant Simone et J\u00fcrgen Lire le r\u00e9cit du mariage maintenant Simone und Manuel Lire le r\u00e9cit du mariage maintenant Sarah [&hellip;]","og_url":"https:\/\/www.muehlebirgel.de\/fr\/rapports-de-mariage-du-moulin-a-eau\/","og_site_name":"Historische Wasserm\u00fchle Birgel","article_modified_time":"2025-01-20T15:50:58+00:00","og_image":[{"width":1181,"height":1772,"url":"https:\/\/www.muehlebirgel.de\/wp-content\/uploads\/20250107_154345.webp","type":"image\/webp"}],"twitter_card":"summary_large_image","twitter_misc":{"Dur\u00e9e de lecture estim\u00e9e":"1 minute"},"schema":{"@context":"https:\/\/schema.org","@graph":[{"@type":"WebPage","@id":"https:\/\/www.muehlebirgel.de\/fr\/rapports-de-mariage-du-moulin-a-eau","url":"https:\/\/www.muehlebirgel.de\/fr\/rapports-de-mariage-du-moulin-a-eau","name":"T\u00e9moignages de mariage du Moulin \u00e0 eau historique - Historische Wasserm\u00fchle Birgel","isPartOf":{"@id":"https:\/\/www.muehlebirgel.de\/fr\/#website"},"primaryImageOfPage":{"@id":"https:\/\/www.muehlebirgel.de\/fr\/rapports-de-mariage-du-moulin-a-eau#primaryimage"},"image":{"@id":"https:\/\/www.muehlebirgel.de\/fr\/rapports-de-mariage-du-moulin-a-eau#primaryimage"},"thumbnailUrl":"https:\/\/www.muehlebirgel.de\/wp-content\/uploads\/20250107_154345.webp","datePublished":"2021-12-10T15:01:26+00:00","dateModified":"2025-01-20T15:50:58+00:00","breadcrumb":{"@id":"https:\/\/www.muehlebirgel.de\/fr\/rapports-de-mariage-du-moulin-a-eau#breadcrumb"},"inLanguage":"fr-FR","potentialAction":[{"@type":"ReadAction","target":["https:\/\/www.muehlebirgel.de\/fr\/rapports-de-mariage-du-moulin-a-eau"]}]},{"@type":"ImageObject","inLanguage":"fr-FR","@id":"https:\/\/www.muehlebirgel.de\/fr\/rapports-de-mariage-du-moulin-a-eau#primaryimage","url":"https:\/\/www.muehlebirgel.de\/wp-content\/uploads\/20250107_154345.webp","contentUrl":"https:\/\/www.muehlebirgel.de\/wp-content\/uploads\/20250107_154345.webp"},{"@type":"BreadcrumbList","@id":"https:\/\/www.muehlebirgel.de\/fr\/rapports-de-mariage-du-moulin-a-eau#breadcrumb","itemListElement":[{"@type":"ListItem","position":1,"name":"Startseite","item":"https:\/\/www.muehlebirgel.de\/fr"},{"@type":"ListItem","position":2,"name":"C\u00e9l\u00e9brez votre mariage dans l&#8217;Eifel","item":"https:\/\/www.muehlebirgel.de\/fr\/celebrez-votre-mariage-dans-leifel"},{"@type":"ListItem","position":3,"name":"T\u00e9moignages de mariage du Moulin \u00e0 eau historique"}]},{"@type":"WebSite","@id":"https:\/\/www.muehlebirgel.de\/fr\/#website","url":"https:\/\/www.muehlebirgel.de\/fr\/","name":"Historische Wasserm\u00fchle Birgel","description":"Willkommen im M\u00fchlen-Erlebniszentrum","potentialAction":[{"@type":"SearchAction","target":{"@type":"EntryPoint","urlTemplate":"https:\/\/www.muehlebirgel.de\/fr\/?s={search_term_string}"},"query-input":{"@type":"PropertyValueSpecification","valueRequired":true,"valueName":"search_term_string"}}],"inLanguage":"fr-FR"}]}},"_links":{"self":[{"href":"https:\/\/www.muehlebirgel.de\/fr\/wp-json\/wp\/v2\/pages\/9864","targetHints":{"allow":["GET"]}}],"collection":[{"href":"https:\/\/www.muehlebirgel.de\/fr\/wp-json\/wp\/v2\/pages"}],"about":[{"href":"https:\/\/www.muehlebirgel.de\/fr\/wp-json\/wp\/v2\/types\/page"}],"author":[{"embeddable":true,"href":"https:\/\/www.muehlebirgel.de\/fr\/wp-json\/wp\/v2\/users\/1"}],"replies":[{"embeddable":true,"href":"https:\/\/www.muehlebirgel.de\/fr\/wp-json\/wp\/v2\/comments?post=9864"}],"version-history":[{"count":24,"href":"https:\/\/www.muehlebirgel.de\/fr\/wp-json\/wp\/v2\/pages\/9864\/revisions"}],"predecessor-version":[{"id":50321,"href":"https:\/\/www.muehlebirgel.de\/fr\/wp-json\/wp\/v2\/pages\/9864\/revisions\/50321"}],"up":[{"embeddable":true,"href":"https:\/\/www.muehlebirgel.de\/fr\/wp-json\/wp\/v2\/pages\/9805"}],"wp:attachment":[{"href":"https:\/\/www.muehlebirgel.de\/fr\/wp-json\/wp\/v2\/media?parent=9864"}],"curies":[{"name":"wp","href":"https:\/\/api.w.org\/{rel}","templated":true}]}}