{"id":9878,"date":"2021-12-10T15:01:52","date_gmt":"2021-12-10T15:01:52","guid":{"rendered":"https:\/\/www.muehlebirgel.de\/celebrez-votre-mariage-dans-leifel\/rapports-de-mariage-du-moulin-a-eau\/notre-mariage-dete-dans-leifel\/"},"modified":"2021-12-10T15:01:52","modified_gmt":"2021-12-10T15:01:52","slug":"notre-mariage-dete-dans-leifel","status":"publish","type":"page","link":"https:\/\/www.muehlebirgel.de\/fr\/notre-mariage-dete-dans-leifel","title":{"rendered":"Notre mariage d&rsquo;\u00e9t\u00e9 dans l&rsquo;Eifel"},"content":{"rendered":"<h2>Le mariage de Viola et Sebastian \u00e0 Birgel<\/h2>\n<div class=\"bilderklein\"><img decoding=\"async\" class=\" size-full wp-image-397\" width=\"300\" alt=\"Viola Sebastian\" src=\"https:\/\/www.muehlebirgel.de\/wp-content\/uploads\/2010\/08\/hochzeit-romantik-eifel-1.jpg\"><\/p>\n<p>\n<img decoding=\"async\" class=\" size-full wp-image-398\" width=\"300\" alt=\"Romantische Hochzeit Birgel\" src=\"https:\/\/www.muehlebirgel.de\/wp-content\/uploads\/2010\/08\/hochzeit-romantik-eifel-2.jpg\"> <\/p>\n<p>\n<img decoding=\"async\" class=\" size-full wp-image-399\" width=\"300\" alt=\"Vew\u00f6hn-Hochzeit Birgel\" src=\"https:\/\/www.muehlebirgel.de\/wp-content\/uploads\/2010\/08\/hochzeit-romantik-eifel-3.jpg\"><\/div>\n<div class=\"textklein\"><strong>Ch\u00e8re \u00e9quipe du moulin,<\/strong><\/p>\n<p>Nous tenons \u00e0 vous remercier pour notre belle c\u00e9l\u00e9bration de mariage dans votre Birgeler M\u00fchle.<\/p>\n<p>La r\u00e9ception au champagne \u00e0 l&rsquo;ext\u00e9rieur dans la cour, la visite guid\u00e9e des moulins et la d\u00e9licieuse cuisine du soir nous ont offert, \u00e0 nous et \u00e0 nos invit\u00e9s, une tr\u00e8s belle f\u00eate, qui s&rsquo;est termin\u00e9e confortablement par le grand petit-d\u00e9jeuner en plein air le lendemain matin. Tout le monde \u00e9tait tr\u00e8s satisfait et a pass\u00e9 un excellent week-end dans l&rsquo;Eifel.<\/p>\n<p>Merci encore pour la super organisation et le bon soutien!<\/p>\n<p>\nAlto et S\u00e9bastien <\/p>\n<\/div>\n","protected":false},"excerpt":{"rendered":"<p>Le mariage de Viola et Sebastian \u00e0 Birgel Ch\u00e8re \u00e9quipe du moulin, Nous tenons \u00e0 vous remercier pour notre belle c\u00e9l\u00e9bration de mariage dans votre Birgeler M\u00fchle. La r\u00e9ception au champagne \u00e0 l&rsquo;ext\u00e9rieur dans la cour, la visite guid\u00e9e des moulins et la d\u00e9licieuse cuisine du soir nous ont offert, \u00e0 nous et \u00e0 nos [&hellip;]<\/p>\n","protected":false},"author":1,"featured_media":0,"parent":9864,"menu_order":29,"comment_status":"closed","ping_status":"closed","template":"","meta":{"footnotes":""},"class_list":["post-9878","page","type-page","status-publish","hentry"],"yoast_head":"<!-- This site is optimized with the Yoast SEO plugin v27.2 - https:\/\/yoast.com\/product\/yoast-seo-wordpress\/ -->\n<title>Notre mariage d&#039;\u00e9t\u00e9 dans l&#039;Eifel - Historische Wasserm\u00fchle Birgel<\/title>\n<meta name=\"robots\" content=\"index, follow, max-snippet:-1, max-image-preview:large, max-video-preview:-1\" \/>\n<link rel=\"canonical\" href=\"https:\/\/www.muehlebirgel.de\/fr\/notre-mariage-dete-dans-leifel\" \/>\n<meta property=\"og:locale\" content=\"fr_FR\" \/>\n<meta property=\"og:type\" content=\"article\" \/>\n<meta property=\"og:title\" content=\"Notre mariage d&#039;\u00e9t\u00e9 dans l&#039;Eifel - Historische Wasserm\u00fchle Birgel\" \/>\n<meta property=\"og:description\" content=\"Le mariage de Viola et Sebastian \u00e0 Birgel Ch\u00e8re \u00e9quipe du moulin, Nous tenons \u00e0 vous remercier pour notre belle c\u00e9l\u00e9bration de mariage dans votre Birgeler M\u00fchle. La r\u00e9ception au champagne \u00e0 l&rsquo;ext\u00e9rieur dans la cour, la visite guid\u00e9e des moulins et la d\u00e9licieuse cuisine du soir nous ont offert, \u00e0 nous et \u00e0 nos [&hellip;]\" \/>\n<meta property=\"og:url\" content=\"https:\/\/www.muehlebirgel.de\/fr\/notre-mariage-dete-dans-leifel\/\" \/>\n<meta property=\"og:site_name\" content=\"Historische Wasserm\u00fchle Birgel\" \/>\n<meta property=\"og:image\" content=\"https:\/\/www.muehlebirgel.de\/wp-content\/uploads\/2010\/08\/hochzeit-romantik-eifel-1.jpg\" \/>\n<meta name=\"twitter:card\" content=\"summary_large_image\" \/>\n<meta name=\"twitter:label1\" content=\"Dur\u00e9e de lecture estim\u00e9e\" \/>\n\t<meta name=\"twitter:data1\" content=\"1 minute\" \/>\n<script type=\"application\/ld+json\" class=\"yoast-schema-graph\">{\"@context\":\"https:\/\/schema.org\",\"@graph\":[{\"@type\":\"WebPage\",\"@id\":\"https:\/\/www.muehlebirgel.de\/fr\/notre-mariage-dete-dans-leifel\",\"url\":\"https:\/\/www.muehlebirgel.de\/fr\/notre-mariage-dete-dans-leifel\",\"name\":\"Notre mariage d'\u00e9t\u00e9 dans l'Eifel - Historische Wasserm\u00fchle Birgel\",\"isPartOf\":{\"@id\":\"https:\/\/www.muehlebirgel.de\/fr\/#website\"},\"primaryImageOfPage\":{\"@id\":\"https:\/\/www.muehlebirgel.de\/fr\/notre-mariage-dete-dans-leifel#primaryimage\"},\"image\":{\"@id\":\"https:\/\/www.muehlebirgel.de\/fr\/notre-mariage-dete-dans-leifel#primaryimage\"},\"thumbnailUrl\":\"https:\/\/www.muehlebirgel.de\/wp-content\/uploads\/2010\/08\/hochzeit-romantik-eifel-1.jpg\",\"datePublished\":\"2021-12-10T15:01:52+00:00\",\"breadcrumb\":{\"@id\":\"https:\/\/www.muehlebirgel.de\/fr\/notre-mariage-dete-dans-leifel#breadcrumb\"},\"inLanguage\":\"fr-FR\",\"potentialAction\":[{\"@type\":\"ReadAction\",\"target\":[\"https:\/\/www.muehlebirgel.de\/fr\/notre-mariage-dete-dans-leifel\"]}]},{\"@type\":\"ImageObject\",\"inLanguage\":\"fr-FR\",\"@id\":\"https:\/\/www.muehlebirgel.de\/fr\/notre-mariage-dete-dans-leifel#primaryimage\",\"url\":\"https:\/\/www.muehlebirgel.de\/wp-content\/uploads\/2010\/08\/hochzeit-romantik-eifel-1.jpg\",\"contentUrl\":\"https:\/\/www.muehlebirgel.de\/wp-content\/uploads\/2010\/08\/hochzeit-romantik-eifel-1.jpg\"},{\"@type\":\"BreadcrumbList\",\"@id\":\"https:\/\/www.muehlebirgel.de\/fr\/notre-mariage-dete-dans-leifel#breadcrumb\",\"itemListElement\":[{\"@type\":\"ListItem\",\"position\":1,\"name\":\"Startseite\",\"item\":\"https:\/\/www.muehlebirgel.de\/fr\"},{\"@type\":\"ListItem\",\"position\":2,\"name\":\"C\u00e9l\u00e9brez votre mariage dans l&#8217;Eifel\",\"item\":\"https:\/\/www.muehlebirgel.de\/fr\/celebrez-votre-mariage-dans-leifel\"},{\"@type\":\"ListItem\",\"position\":3,\"name\":\"T\u00e9moignages de mariage du Moulin \u00e0 eau historique\",\"item\":\"https:\/\/www.muehlebirgel.de\/fr\/rapports-de-mariage-du-moulin-a-eau\"},{\"@type\":\"ListItem\",\"position\":4,\"name\":\"Notre mariage d&#8217;\u00e9t\u00e9 dans l&#8217;Eifel\"}]},{\"@type\":\"WebSite\",\"@id\":\"https:\/\/www.muehlebirgel.de\/fr\/#website\",\"url\":\"https:\/\/www.muehlebirgel.de\/fr\/\",\"name\":\"Historische Wasserm\u00fchle Birgel\",\"description\":\"Willkommen im M\u00fchlen-Erlebniszentrum\",\"potentialAction\":[{\"@type\":\"SearchAction\",\"target\":{\"@type\":\"EntryPoint\",\"urlTemplate\":\"https:\/\/www.muehlebirgel.de\/fr\/?s={search_term_string}\"},\"query-input\":{\"@type\":\"PropertyValueSpecification\",\"valueRequired\":true,\"valueName\":\"search_term_string\"}}],\"inLanguage\":\"fr-FR\"}]}<\/script>\n<!-- \/ Yoast SEO plugin. -->","yoast_head_json":{"title":"Notre mariage d'\u00e9t\u00e9 dans l'Eifel - Historische Wasserm\u00fchle Birgel","robots":{"index":"index","follow":"follow","max-snippet":"max-snippet:-1","max-image-preview":"max-image-preview:large","max-video-preview":"max-video-preview:-1"},"canonical":"https:\/\/www.muehlebirgel.de\/fr\/notre-mariage-dete-dans-leifel","og_locale":"fr_FR","og_type":"article","og_title":"Notre mariage d'\u00e9t\u00e9 dans l'Eifel - Historische Wasserm\u00fchle Birgel","og_description":"Le mariage de Viola et Sebastian \u00e0 Birgel Ch\u00e8re \u00e9quipe du moulin, Nous tenons \u00e0 vous remercier pour notre belle c\u00e9l\u00e9bration de mariage dans votre Birgeler M\u00fchle. La r\u00e9ception au champagne \u00e0 l&rsquo;ext\u00e9rieur dans la cour, la visite guid\u00e9e des moulins et la d\u00e9licieuse cuisine du soir nous ont offert, \u00e0 nous et \u00e0 nos [&hellip;]","og_url":"https:\/\/www.muehlebirgel.de\/fr\/notre-mariage-dete-dans-leifel\/","og_site_name":"Historische Wasserm\u00fchle Birgel","og_image":[{"url":"https:\/\/www.muehlebirgel.de\/wp-content\/uploads\/2010\/08\/hochzeit-romantik-eifel-1.jpg","type":"","width":"","height":""}],"twitter_card":"summary_large_image","twitter_misc":{"Dur\u00e9e de lecture estim\u00e9e":"1 minute"},"schema":{"@context":"https:\/\/schema.org","@graph":[{"@type":"WebPage","@id":"https:\/\/www.muehlebirgel.de\/fr\/notre-mariage-dete-dans-leifel","url":"https:\/\/www.muehlebirgel.de\/fr\/notre-mariage-dete-dans-leifel","name":"Notre mariage d'\u00e9t\u00e9 dans l'Eifel - Historische Wasserm\u00fchle Birgel","isPartOf":{"@id":"https:\/\/www.muehlebirgel.de\/fr\/#website"},"primaryImageOfPage":{"@id":"https:\/\/www.muehlebirgel.de\/fr\/notre-mariage-dete-dans-leifel#primaryimage"},"image":{"@id":"https:\/\/www.muehlebirgel.de\/fr\/notre-mariage-dete-dans-leifel#primaryimage"},"thumbnailUrl":"https:\/\/www.muehlebirgel.de\/wp-content\/uploads\/2010\/08\/hochzeit-romantik-eifel-1.jpg","datePublished":"2021-12-10T15:01:52+00:00","breadcrumb":{"@id":"https:\/\/www.muehlebirgel.de\/fr\/notre-mariage-dete-dans-leifel#breadcrumb"},"inLanguage":"fr-FR","potentialAction":[{"@type":"ReadAction","target":["https:\/\/www.muehlebirgel.de\/fr\/notre-mariage-dete-dans-leifel"]}]},{"@type":"ImageObject","inLanguage":"fr-FR","@id":"https:\/\/www.muehlebirgel.de\/fr\/notre-mariage-dete-dans-leifel#primaryimage","url":"https:\/\/www.muehlebirgel.de\/wp-content\/uploads\/2010\/08\/hochzeit-romantik-eifel-1.jpg","contentUrl":"https:\/\/www.muehlebirgel.de\/wp-content\/uploads\/2010\/08\/hochzeit-romantik-eifel-1.jpg"},{"@type":"BreadcrumbList","@id":"https:\/\/www.muehlebirgel.de\/fr\/notre-mariage-dete-dans-leifel#breadcrumb","itemListElement":[{"@type":"ListItem","position":1,"name":"Startseite","item":"https:\/\/www.muehlebirgel.de\/fr"},{"@type":"ListItem","position":2,"name":"C\u00e9l\u00e9brez votre mariage dans l&#8217;Eifel","item":"https:\/\/www.muehlebirgel.de\/fr\/celebrez-votre-mariage-dans-leifel"},{"@type":"ListItem","position":3,"name":"T\u00e9moignages de mariage du Moulin \u00e0 eau historique","item":"https:\/\/www.muehlebirgel.de\/fr\/rapports-de-mariage-du-moulin-a-eau"},{"@type":"ListItem","position":4,"name":"Notre mariage d&#8217;\u00e9t\u00e9 dans l&#8217;Eifel"}]},{"@type":"WebSite","@id":"https:\/\/www.muehlebirgel.de\/fr\/#website","url":"https:\/\/www.muehlebirgel.de\/fr\/","name":"Historische Wasserm\u00fchle Birgel","description":"Willkommen im M\u00fchlen-Erlebniszentrum","potentialAction":[{"@type":"SearchAction","target":{"@type":"EntryPoint","urlTemplate":"https:\/\/www.muehlebirgel.de\/fr\/?s={search_term_string}"},"query-input":{"@type":"PropertyValueSpecification","valueRequired":true,"valueName":"search_term_string"}}],"inLanguage":"fr-FR"}]}},"_links":{"self":[{"href":"https:\/\/www.muehlebirgel.de\/fr\/wp-json\/wp\/v2\/pages\/9878","targetHints":{"allow":["GET"]}}],"collection":[{"href":"https:\/\/www.muehlebirgel.de\/fr\/wp-json\/wp\/v2\/pages"}],"about":[{"href":"https:\/\/www.muehlebirgel.de\/fr\/wp-json\/wp\/v2\/types\/page"}],"author":[{"embeddable":true,"href":"https:\/\/www.muehlebirgel.de\/fr\/wp-json\/wp\/v2\/users\/1"}],"replies":[{"embeddable":true,"href":"https:\/\/www.muehlebirgel.de\/fr\/wp-json\/wp\/v2\/comments?post=9878"}],"version-history":[{"count":0,"href":"https:\/\/www.muehlebirgel.de\/fr\/wp-json\/wp\/v2\/pages\/9878\/revisions"}],"up":[{"embeddable":true,"href":"https:\/\/www.muehlebirgel.de\/fr\/wp-json\/wp\/v2\/pages\/9864"}],"wp:attachment":[{"href":"https:\/\/www.muehlebirgel.de\/fr\/wp-json\/wp\/v2\/media?parent=9878"}],"curies":[{"name":"wp","href":"https:\/\/api.w.org\/{rel}","templated":true}]}}