{"id":9886,"date":"2021-12-10T15:02:02","date_gmt":"2021-12-10T15:02:02","guid":{"rendered":"https:\/\/www.muehlebirgel.de\/cascade-de-dreimuehlen-hillesheim\/"},"modified":"2021-12-10T15:02:02","modified_gmt":"2021-12-10T15:02:02","slug":"cascade-de-dreimuehlen-hillesheim","status":"publish","type":"page","link":"https:\/\/www.muehlebirgel.de\/fr\/cascade-de-dreimuehlen-hillesheim","title":{"rendered":"Cascade de Dreim\u00fchlen &#8211; Hillesheim"},"content":{"rendered":"<p>Le Vulkaneifel est l&rsquo;une des r\u00e9gions g\u00e9ologiquement les plus int\u00e9ressantes d&rsquo;Allemagne, mais offre \u00e9galement aux visiteurs de nombreux autres points forts passionnants. Une destination tr\u00e8s sp\u00e9ciale est le moulin \u00e0 eau historique de Birgel, o\u00f9 vous pouvez m\u00eame passer la nuit. Tous les romantiques en particulier en ont pour leur argent dans les chambres con\u00e7ues avec amour. Lors d&rsquo;un s\u00e9jour au moulin, ne manquez pas de visiter quelques-unes des plus belles destinations d&rsquo;excursions des environs.<\/p>\n<p>Un point culminant particuli\u00e8rement int\u00e9ressant pour les amoureux de la nature est la cascade de Dreim\u00fchlen, qui est situ\u00e9e au centre entre les villes d&rsquo;Aix-la-Chapelle, Coblence et Tr\u00e8ves. Depuis Birgel, la cascade est accessible en un peu moins d&rsquo;une heure de route. Comme elle est consid\u00e9r\u00e9e comme la cascade la plus int\u00e9ressante de tout l&rsquo;Eifel, elle doit absolument \u00eatre visit\u00e9e lors de vacances dans la r\u00e9gion.<br \/>\nLa cascade de Dreim\u00fchlen a \u00e9t\u00e9 nomm\u00e9e d&rsquo;apr\u00e8s les ruines du ch\u00e2teau voisin de Dreim\u00fchlen ; Incidemment, cela vaut \u00e9galement le d\u00e9tour. Seuls quelques murs de fondation ont surv\u00e9cu aujourd&rsquo;hui &#8211; toute personne int\u00e9ress\u00e9e par l&rsquo;histoire des ch\u00e2teaux et des ruines de ch\u00e2teaux devrait absolument visiter ces ruines.<br \/>\nLa cascade de Dreim\u00fchlen est particuli\u00e8rement int\u00e9ressante pour tous les randonneurs, car elle est accessible via deux des plus beaux sentiers de randonn\u00e9e de l&rsquo;Eifel, le Geopfad ou le sentier du crime de l&rsquo;Eifel.<br \/>\nLa cascade de Dreim\u00fchlen est un monument naturel et l&rsquo;un des ph\u00e9nom\u00e8nes naturels les plus populaires de la r\u00e9gion depuis 1938. La cascade, qui plonge sur un mur de tuf de douze m\u00e8tres de long et cinq m\u00e8tres de haut, n&rsquo;est pas particuli\u00e8rement grande, mais reste int\u00e9ressante \u00e0 regarder et constitue une opportunit\u00e9 de photo populaire.<br \/>\nIncidemment, cette cascade a \u00e9t\u00e9 cr\u00e9\u00e9e artificiellement lorsqu&rsquo;une ligne de chemin de fer a \u00e9t\u00e9 construite ici en 1912.<\/p>\n<p>Apr\u00e8s une randonn\u00e9e jusqu&rsquo;\u00e0 la cascade de Dreim\u00fchlen, vous \u00eates s\u00fbr de retourner au moulin \u00e0 eau historique de Birgel affam\u00e9 et un peu \u00e9puis\u00e9. Des plats traditionnels tels que la po\u00eale de taverne ou l&rsquo;assiette M\u00fchlenvesper sont servis dans la salle \u00e0 manger confortable &#8211; le moyen id\u00e9al pour terminer une journ\u00e9e mouvement\u00e9e.<br \/>\nVous pouvez passer la nuit dans l&rsquo;une des nombreuses chambres, qui sont principalement meubl\u00e9es dans un style \u00e0 colombages, afin de pouvoir commencer un nouveau circuit de d\u00e9couverte le lendemain rafra\u00eechi. Ou peut-\u00eatre souhaitez-vous simplement passer une journ\u00e9e au moulin \u00e0 eau et profiter de l&rsquo;une des activit\u00e9s de loisirs locales. Que diriez-vous de participer \u00e0 un cours de p\u00e2tisserie ou de moutarde &#8211; ceux-ci sont propos\u00e9s ici r\u00e9guli\u00e8rement et les clients aiment les utiliser.<br \/>\n&nbsp;<\/p>\n","protected":false},"excerpt":{"rendered":"<p>Le Vulkaneifel est l&rsquo;une des r\u00e9gions g\u00e9ologiquement les plus int\u00e9ressantes d&rsquo;Allemagne, mais offre \u00e9galement aux visiteurs de nombreux autres points forts passionnants. Une destination tr\u00e8s sp\u00e9ciale est le moulin \u00e0 eau historique de Birgel, o\u00f9 vous pouvez m\u00eame passer la nuit. Tous les romantiques en particulier en ont pour leur argent dans les chambres con\u00e7ues [&hellip;]<\/p>\n","protected":false},"author":1,"featured_media":0,"parent":0,"menu_order":69,"comment_status":"closed","ping_status":"closed","template":"","meta":{"footnotes":""},"class_list":["post-9886","page","type-page","status-publish","hentry"],"yoast_head":"<!-- This site is optimized with the Yoast SEO plugin v27.2 - https:\/\/yoast.com\/product\/yoast-seo-wordpress\/ -->\n<title>Cascade de Dreim\u00fchlen - Hillesheim - Historische Wasserm\u00fchle Birgel<\/title>\n<meta name=\"robots\" content=\"index, follow, max-snippet:-1, max-image-preview:large, max-video-preview:-1\" \/>\n<link rel=\"canonical\" href=\"https:\/\/www.muehlebirgel.de\/fr\/cascade-de-dreimuehlen-hillesheim\" \/>\n<meta property=\"og:locale\" content=\"fr_FR\" \/>\n<meta property=\"og:type\" content=\"article\" \/>\n<meta property=\"og:title\" content=\"Cascade de Dreim\u00fchlen - Hillesheim - Historische Wasserm\u00fchle Birgel\" \/>\n<meta property=\"og:description\" content=\"Le Vulkaneifel est l&rsquo;une des r\u00e9gions g\u00e9ologiquement les plus int\u00e9ressantes d&rsquo;Allemagne, mais offre \u00e9galement aux visiteurs de nombreux autres points forts passionnants. Une destination tr\u00e8s sp\u00e9ciale est le moulin \u00e0 eau historique de Birgel, o\u00f9 vous pouvez m\u00eame passer la nuit. Tous les romantiques en particulier en ont pour leur argent dans les chambres con\u00e7ues [&hellip;]\" \/>\n<meta property=\"og:url\" content=\"https:\/\/www.muehlebirgel.de\/fr\/cascade-de-dreimuehlen-hillesheim\/\" \/>\n<meta property=\"og:site_name\" content=\"Historische Wasserm\u00fchle Birgel\" \/>\n<meta name=\"twitter:card\" content=\"summary_large_image\" \/>\n<meta name=\"twitter:label1\" content=\"Dur\u00e9e de lecture estim\u00e9e\" \/>\n\t<meta name=\"twitter:data1\" content=\"2 minutes\" \/>\n<script type=\"application\/ld+json\" class=\"yoast-schema-graph\">{\"@context\":\"https:\/\/schema.org\",\"@graph\":[{\"@type\":\"WebPage\",\"@id\":\"https:\/\/www.muehlebirgel.de\/fr\/cascade-de-dreimuehlen-hillesheim\",\"url\":\"https:\/\/www.muehlebirgel.de\/fr\/cascade-de-dreimuehlen-hillesheim\",\"name\":\"Cascade de Dreim\u00fchlen - Hillesheim - Historische Wasserm\u00fchle Birgel\",\"isPartOf\":{\"@id\":\"https:\/\/www.muehlebirgel.de\/fr\/#website\"},\"datePublished\":\"2021-12-10T15:02:02+00:00\",\"breadcrumb\":{\"@id\":\"https:\/\/www.muehlebirgel.de\/fr\/cascade-de-dreimuehlen-hillesheim#breadcrumb\"},\"inLanguage\":\"fr-FR\",\"potentialAction\":[{\"@type\":\"ReadAction\",\"target\":[\"https:\/\/www.muehlebirgel.de\/fr\/cascade-de-dreimuehlen-hillesheim\"]}]},{\"@type\":\"BreadcrumbList\",\"@id\":\"https:\/\/www.muehlebirgel.de\/fr\/cascade-de-dreimuehlen-hillesheim#breadcrumb\",\"itemListElement\":[{\"@type\":\"ListItem\",\"position\":1,\"name\":\"Startseite\",\"item\":\"https:\/\/www.muehlebirgel.de\/fr\"},{\"@type\":\"ListItem\",\"position\":2,\"name\":\"Cascade de Dreim\u00fchlen &#8211; Hillesheim\"}]},{\"@type\":\"WebSite\",\"@id\":\"https:\/\/www.muehlebirgel.de\/fr\/#website\",\"url\":\"https:\/\/www.muehlebirgel.de\/fr\/\",\"name\":\"Historische Wasserm\u00fchle Birgel\",\"description\":\"Willkommen im M\u00fchlen-Erlebniszentrum\",\"potentialAction\":[{\"@type\":\"SearchAction\",\"target\":{\"@type\":\"EntryPoint\",\"urlTemplate\":\"https:\/\/www.muehlebirgel.de\/fr\/?s={search_term_string}\"},\"query-input\":{\"@type\":\"PropertyValueSpecification\",\"valueRequired\":true,\"valueName\":\"search_term_string\"}}],\"inLanguage\":\"fr-FR\"}]}<\/script>\n<!-- \/ Yoast SEO plugin. -->","yoast_head_json":{"title":"Cascade de Dreim\u00fchlen - Hillesheim - Historische Wasserm\u00fchle Birgel","robots":{"index":"index","follow":"follow","max-snippet":"max-snippet:-1","max-image-preview":"max-image-preview:large","max-video-preview":"max-video-preview:-1"},"canonical":"https:\/\/www.muehlebirgel.de\/fr\/cascade-de-dreimuehlen-hillesheim","og_locale":"fr_FR","og_type":"article","og_title":"Cascade de Dreim\u00fchlen - Hillesheim - Historische Wasserm\u00fchle Birgel","og_description":"Le Vulkaneifel est l&rsquo;une des r\u00e9gions g\u00e9ologiquement les plus int\u00e9ressantes d&rsquo;Allemagne, mais offre \u00e9galement aux visiteurs de nombreux autres points forts passionnants. Une destination tr\u00e8s sp\u00e9ciale est le moulin \u00e0 eau historique de Birgel, o\u00f9 vous pouvez m\u00eame passer la nuit. Tous les romantiques en particulier en ont pour leur argent dans les chambres con\u00e7ues [&hellip;]","og_url":"https:\/\/www.muehlebirgel.de\/fr\/cascade-de-dreimuehlen-hillesheim\/","og_site_name":"Historische Wasserm\u00fchle Birgel","twitter_card":"summary_large_image","twitter_misc":{"Dur\u00e9e de lecture estim\u00e9e":"2 minutes"},"schema":{"@context":"https:\/\/schema.org","@graph":[{"@type":"WebPage","@id":"https:\/\/www.muehlebirgel.de\/fr\/cascade-de-dreimuehlen-hillesheim","url":"https:\/\/www.muehlebirgel.de\/fr\/cascade-de-dreimuehlen-hillesheim","name":"Cascade de Dreim\u00fchlen - Hillesheim - Historische Wasserm\u00fchle Birgel","isPartOf":{"@id":"https:\/\/www.muehlebirgel.de\/fr\/#website"},"datePublished":"2021-12-10T15:02:02+00:00","breadcrumb":{"@id":"https:\/\/www.muehlebirgel.de\/fr\/cascade-de-dreimuehlen-hillesheim#breadcrumb"},"inLanguage":"fr-FR","potentialAction":[{"@type":"ReadAction","target":["https:\/\/www.muehlebirgel.de\/fr\/cascade-de-dreimuehlen-hillesheim"]}]},{"@type":"BreadcrumbList","@id":"https:\/\/www.muehlebirgel.de\/fr\/cascade-de-dreimuehlen-hillesheim#breadcrumb","itemListElement":[{"@type":"ListItem","position":1,"name":"Startseite","item":"https:\/\/www.muehlebirgel.de\/fr"},{"@type":"ListItem","position":2,"name":"Cascade de Dreim\u00fchlen &#8211; Hillesheim"}]},{"@type":"WebSite","@id":"https:\/\/www.muehlebirgel.de\/fr\/#website","url":"https:\/\/www.muehlebirgel.de\/fr\/","name":"Historische Wasserm\u00fchle Birgel","description":"Willkommen im M\u00fchlen-Erlebniszentrum","potentialAction":[{"@type":"SearchAction","target":{"@type":"EntryPoint","urlTemplate":"https:\/\/www.muehlebirgel.de\/fr\/?s={search_term_string}"},"query-input":{"@type":"PropertyValueSpecification","valueRequired":true,"valueName":"search_term_string"}}],"inLanguage":"fr-FR"}]}},"_links":{"self":[{"href":"https:\/\/www.muehlebirgel.de\/fr\/wp-json\/wp\/v2\/pages\/9886","targetHints":{"allow":["GET"]}}],"collection":[{"href":"https:\/\/www.muehlebirgel.de\/fr\/wp-json\/wp\/v2\/pages"}],"about":[{"href":"https:\/\/www.muehlebirgel.de\/fr\/wp-json\/wp\/v2\/types\/page"}],"author":[{"embeddable":true,"href":"https:\/\/www.muehlebirgel.de\/fr\/wp-json\/wp\/v2\/users\/1"}],"replies":[{"embeddable":true,"href":"https:\/\/www.muehlebirgel.de\/fr\/wp-json\/wp\/v2\/comments?post=9886"}],"version-history":[{"count":0,"href":"https:\/\/www.muehlebirgel.de\/fr\/wp-json\/wp\/v2\/pages\/9886\/revisions"}],"wp:attachment":[{"href":"https:\/\/www.muehlebirgel.de\/fr\/wp-json\/wp\/v2\/media?parent=9886"}],"curies":[{"name":"wp","href":"https:\/\/api.w.org\/{rel}","templated":true}]}}