{"id":9891,"date":"2021-12-10T15:02:08","date_gmt":"2021-12-10T15:02:08","guid":{"rendered":"https:\/\/www.muehlebirgel.de\/phantasialand-a-bruehl-pres-de-cologne\/"},"modified":"2021-12-10T15:02:08","modified_gmt":"2021-12-10T15:02:08","slug":"phantasialand-a-bruehl-pres-de-cologne","status":"publish","type":"page","link":"https:\/\/www.muehlebirgel.de\/fr\/phantasialand-a-bruehl-pres-de-cologne","title":{"rendered":"Phantasialand \u00e0 Br\u00fchl pr\u00e8s de Cologne"},"content":{"rendered":"<p>Le Vulkaneifel est une destination de vacances populaire en Allemagne, o\u00f9 vous pourrez d\u00e9couvrir non seulement un paysage impressionnant, mais aussi de nombreux sites touristiques. Vous pouvez passer la nuit particuli\u00e8rement bien dans le moulin \u00e0 eau historique de Birgel &#8211; l&rsquo;un des points forts du Vulkaneifel. Cependant, autour de ce moulin, il existe d&rsquo;innombrables autres attractions qui valent vraiment une excursion d&rsquo;une journ\u00e9e.<\/p>\n<p>Un voyage \u00e0 Phantasialand \u00e0 Br\u00fchl pr\u00e8s de Cologne, l&rsquo;un des plus grands parcs de loisirs et d&rsquo;aventures d&rsquo;Allemagne, est particuli\u00e8rement int\u00e9ressant pour les familles avec enfants. Cela peut \u00eatre facilement atteint apr\u00e8s une demi-heure de route. Le visiteur se voit offrir d&rsquo;innombrables attractions \u00e0 Phantasialand \u00e0 Br\u00fchl pr\u00e8s de Cologne &#8211; en particulier les plus petits en ont pour leur argent ici.<br \/>\nLe parc est divis\u00e9 en diff\u00e9rentes zones th\u00e9matiques &#8211; que ce soit dans la zone \u00ab\u00a0Mexique\u00a0\u00bb, \u00ab\u00a0Berlin\u00a0\u00bb ou \u00ab\u00a0China Town\u00a0\u00bb &#8211; il y en a pour tous les go\u00fbts \u00e0 Phantasialand \u00e0 Br\u00fchl pr\u00e8s de Cologne. Le quartier \u00ab\u00a0Berlin\u00a0\u00bb, par exemple, est quelque chose pour les nostalgiques &#8211; ici, le flair du d\u00e9but du si\u00e8cle reprend vie. En revanche, \u00ab\u00a0China Town\u00a0\u00bb est quelque chose pour ceux qui recherchent la paix et la tranquillit\u00e9 ; il y a d&rsquo;innombrables temples, pagodes et dragons sculpt\u00e9s \u00e0 admirer.<br \/>\nLa plupart des visiteurs, cependant, viennent \u00e0 Phantasialand pour les innombrables man\u00e8ges qui offrent des sensations fortes et de l&rsquo;action. Le point culminant absolu est le soi-disant Black Mamba, qui se lance dans un voyage rapide \u00e0 travers la jungle. Dans le ch\u00e2teau myst\u00e9rieux, en revanche, vous ne vous arr\u00eatez qu&rsquo;\u00e0 une hauteur de 65 m\u00e8tres &#8211; seulement quelque chose pour les visiteurs qui sont en forme. L&rsquo;une des plus belles montagnes russes du parc est la montagne russe Colerado Adventue, qui commence son voyage \u00e0 travers des tunnels et des virages serr\u00e9s. M\u00eame Michael Jackson \u00e9tait enthousiasm\u00e9 par ce train et a m\u00eame repris son parrainage. Mais aussi d&rsquo;innombrables autres montagnes russes, man\u00e8ges aquatiques et man\u00e8ges pour enfants emm\u00e8nent les visiteurs dans des man\u00e8ges passionnants.<br \/>\nMais ce n&rsquo;est de loin pas tout : d&rsquo;innombrables spectacles ont lieu plusieurs fois par jour \u00e0 Phantasialand et proposent des animations.<br \/>\nAfin de conna\u00eetre autant d&rsquo;attractions que possible, vous devriez prendre toute la journ\u00e9e.<\/p>\n<p>Apr\u00e8s une journ\u00e9e passionnante \u00e0 Phantasialand \u00e0 Br\u00fchl pr\u00e8s de Cologne, vous pouvez vous rem\u00e9morer la journ\u00e9e avec un bon repas et un verre de vin dans le moulin \u00e0 eau de Birgel, puis vous reposer dans l&rsquo;une des pi\u00e8ces joliment con\u00e7ues pour vous pr\u00e9parer pour le le lendemain. Apr\u00e8s tout, d&rsquo;innombrables autres points forts du Vulkaneifel attendent d&rsquo;\u00eatre d\u00e9couverts.<br \/>\n&nbsp;<\/p>\n","protected":false},"excerpt":{"rendered":"<p>Le Vulkaneifel est une destination de vacances populaire en Allemagne, o\u00f9 vous pourrez d\u00e9couvrir non seulement un paysage impressionnant, mais aussi de nombreux sites touristiques. Vous pouvez passer la nuit particuli\u00e8rement bien dans le moulin \u00e0 eau historique de Birgel &#8211; l&rsquo;un des points forts du Vulkaneifel. Cependant, autour de ce moulin, il existe d&rsquo;innombrables [&hellip;]<\/p>\n","protected":false},"author":1,"featured_media":0,"parent":0,"menu_order":50,"comment_status":"closed","ping_status":"closed","template":"","meta":{"footnotes":""},"class_list":["post-9891","page","type-page","status-publish","hentry"],"yoast_head":"<!-- This site is optimized with the Yoast SEO plugin v27.2 - https:\/\/yoast.com\/product\/yoast-seo-wordpress\/ -->\n<title>Phantasialand \u00e0 Br\u00fchl pr\u00e8s de Cologne - Historische Wasserm\u00fchle Birgel<\/title>\n<meta name=\"robots\" content=\"index, follow, max-snippet:-1, max-image-preview:large, max-video-preview:-1\" \/>\n<link rel=\"canonical\" href=\"https:\/\/www.muehlebirgel.de\/fr\/phantasialand-a-bruehl-pres-de-cologne\" \/>\n<meta property=\"og:locale\" content=\"fr_FR\" \/>\n<meta property=\"og:type\" content=\"article\" \/>\n<meta property=\"og:title\" content=\"Phantasialand \u00e0 Br\u00fchl pr\u00e8s de Cologne - Historische Wasserm\u00fchle Birgel\" \/>\n<meta property=\"og:description\" content=\"Le Vulkaneifel est une destination de vacances populaire en Allemagne, o\u00f9 vous pourrez d\u00e9couvrir non seulement un paysage impressionnant, mais aussi de nombreux sites touristiques. Vous pouvez passer la nuit particuli\u00e8rement bien dans le moulin \u00e0 eau historique de Birgel &#8211; l&rsquo;un des points forts du Vulkaneifel. Cependant, autour de ce moulin, il existe d&rsquo;innombrables [&hellip;]\" \/>\n<meta property=\"og:url\" content=\"https:\/\/www.muehlebirgel.de\/fr\/phantasialand-a-bruehl-pres-de-cologne\/\" \/>\n<meta property=\"og:site_name\" content=\"Historische Wasserm\u00fchle Birgel\" \/>\n<meta name=\"twitter:card\" content=\"summary_large_image\" \/>\n<meta name=\"twitter:label1\" content=\"Dur\u00e9e de lecture estim\u00e9e\" \/>\n\t<meta name=\"twitter:data1\" content=\"2 minutes\" \/>\n<script type=\"application\/ld+json\" class=\"yoast-schema-graph\">{\"@context\":\"https:\/\/schema.org\",\"@graph\":[{\"@type\":\"WebPage\",\"@id\":\"https:\/\/www.muehlebirgel.de\/fr\/phantasialand-a-bruehl-pres-de-cologne\",\"url\":\"https:\/\/www.muehlebirgel.de\/fr\/phantasialand-a-bruehl-pres-de-cologne\",\"name\":\"Phantasialand \u00e0 Br\u00fchl pr\u00e8s de Cologne - Historische Wasserm\u00fchle Birgel\",\"isPartOf\":{\"@id\":\"https:\/\/www.muehlebirgel.de\/fr\/#website\"},\"datePublished\":\"2021-12-10T15:02:08+00:00\",\"breadcrumb\":{\"@id\":\"https:\/\/www.muehlebirgel.de\/fr\/phantasialand-a-bruehl-pres-de-cologne#breadcrumb\"},\"inLanguage\":\"fr-FR\",\"potentialAction\":[{\"@type\":\"ReadAction\",\"target\":[\"https:\/\/www.muehlebirgel.de\/fr\/phantasialand-a-bruehl-pres-de-cologne\"]}]},{\"@type\":\"BreadcrumbList\",\"@id\":\"https:\/\/www.muehlebirgel.de\/fr\/phantasialand-a-bruehl-pres-de-cologne#breadcrumb\",\"itemListElement\":[{\"@type\":\"ListItem\",\"position\":1,\"name\":\"Startseite\",\"item\":\"https:\/\/www.muehlebirgel.de\/fr\"},{\"@type\":\"ListItem\",\"position\":2,\"name\":\"Phantasialand \u00e0 Br\u00fchl pr\u00e8s de Cologne\"}]},{\"@type\":\"WebSite\",\"@id\":\"https:\/\/www.muehlebirgel.de\/fr\/#website\",\"url\":\"https:\/\/www.muehlebirgel.de\/fr\/\",\"name\":\"Historische Wasserm\u00fchle Birgel\",\"description\":\"Willkommen im M\u00fchlen-Erlebniszentrum\",\"potentialAction\":[{\"@type\":\"SearchAction\",\"target\":{\"@type\":\"EntryPoint\",\"urlTemplate\":\"https:\/\/www.muehlebirgel.de\/fr\/?s={search_term_string}\"},\"query-input\":{\"@type\":\"PropertyValueSpecification\",\"valueRequired\":true,\"valueName\":\"search_term_string\"}}],\"inLanguage\":\"fr-FR\"}]}<\/script>\n<!-- \/ Yoast SEO plugin. -->","yoast_head_json":{"title":"Phantasialand \u00e0 Br\u00fchl pr\u00e8s de Cologne - Historische Wasserm\u00fchle Birgel","robots":{"index":"index","follow":"follow","max-snippet":"max-snippet:-1","max-image-preview":"max-image-preview:large","max-video-preview":"max-video-preview:-1"},"canonical":"https:\/\/www.muehlebirgel.de\/fr\/phantasialand-a-bruehl-pres-de-cologne","og_locale":"fr_FR","og_type":"article","og_title":"Phantasialand \u00e0 Br\u00fchl pr\u00e8s de Cologne - Historische Wasserm\u00fchle Birgel","og_description":"Le Vulkaneifel est une destination de vacances populaire en Allemagne, o\u00f9 vous pourrez d\u00e9couvrir non seulement un paysage impressionnant, mais aussi de nombreux sites touristiques. Vous pouvez passer la nuit particuli\u00e8rement bien dans le moulin \u00e0 eau historique de Birgel &#8211; l&rsquo;un des points forts du Vulkaneifel. Cependant, autour de ce moulin, il existe d&rsquo;innombrables [&hellip;]","og_url":"https:\/\/www.muehlebirgel.de\/fr\/phantasialand-a-bruehl-pres-de-cologne\/","og_site_name":"Historische Wasserm\u00fchle Birgel","twitter_card":"summary_large_image","twitter_misc":{"Dur\u00e9e de lecture estim\u00e9e":"2 minutes"},"schema":{"@context":"https:\/\/schema.org","@graph":[{"@type":"WebPage","@id":"https:\/\/www.muehlebirgel.de\/fr\/phantasialand-a-bruehl-pres-de-cologne","url":"https:\/\/www.muehlebirgel.de\/fr\/phantasialand-a-bruehl-pres-de-cologne","name":"Phantasialand \u00e0 Br\u00fchl pr\u00e8s de Cologne - Historische Wasserm\u00fchle Birgel","isPartOf":{"@id":"https:\/\/www.muehlebirgel.de\/fr\/#website"},"datePublished":"2021-12-10T15:02:08+00:00","breadcrumb":{"@id":"https:\/\/www.muehlebirgel.de\/fr\/phantasialand-a-bruehl-pres-de-cologne#breadcrumb"},"inLanguage":"fr-FR","potentialAction":[{"@type":"ReadAction","target":["https:\/\/www.muehlebirgel.de\/fr\/phantasialand-a-bruehl-pres-de-cologne"]}]},{"@type":"BreadcrumbList","@id":"https:\/\/www.muehlebirgel.de\/fr\/phantasialand-a-bruehl-pres-de-cologne#breadcrumb","itemListElement":[{"@type":"ListItem","position":1,"name":"Startseite","item":"https:\/\/www.muehlebirgel.de\/fr"},{"@type":"ListItem","position":2,"name":"Phantasialand \u00e0 Br\u00fchl pr\u00e8s de Cologne"}]},{"@type":"WebSite","@id":"https:\/\/www.muehlebirgel.de\/fr\/#website","url":"https:\/\/www.muehlebirgel.de\/fr\/","name":"Historische Wasserm\u00fchle Birgel","description":"Willkommen im M\u00fchlen-Erlebniszentrum","potentialAction":[{"@type":"SearchAction","target":{"@type":"EntryPoint","urlTemplate":"https:\/\/www.muehlebirgel.de\/fr\/?s={search_term_string}"},"query-input":{"@type":"PropertyValueSpecification","valueRequired":true,"valueName":"search_term_string"}}],"inLanguage":"fr-FR"}]}},"_links":{"self":[{"href":"https:\/\/www.muehlebirgel.de\/fr\/wp-json\/wp\/v2\/pages\/9891","targetHints":{"allow":["GET"]}}],"collection":[{"href":"https:\/\/www.muehlebirgel.de\/fr\/wp-json\/wp\/v2\/pages"}],"about":[{"href":"https:\/\/www.muehlebirgel.de\/fr\/wp-json\/wp\/v2\/types\/page"}],"author":[{"embeddable":true,"href":"https:\/\/www.muehlebirgel.de\/fr\/wp-json\/wp\/v2\/users\/1"}],"replies":[{"embeddable":true,"href":"https:\/\/www.muehlebirgel.de\/fr\/wp-json\/wp\/v2\/comments?post=9891"}],"version-history":[{"count":0,"href":"https:\/\/www.muehlebirgel.de\/fr\/wp-json\/wp\/v2\/pages\/9891\/revisions"}],"wp:attachment":[{"href":"https:\/\/www.muehlebirgel.de\/fr\/wp-json\/wp\/v2\/media?parent=9891"}],"curies":[{"name":"wp","href":"https:\/\/api.w.org\/{rel}","templated":true}]}}