{"id":9893,"date":"2021-12-10T15:02:09","date_gmt":"2021-12-10T15:02:09","guid":{"rendered":"https:\/\/www.muehlebirgel.de\/nous-vous-remercions-de-votre-commande\/"},"modified":"2025-10-15T12:04:42","modified_gmt":"2025-10-15T10:04:42","slug":"buchungsanfrage-erfolgreich","status":"publish","type":"page","link":"https:\/\/www.muehlebirgel.de\/fr\/nous-vous-remercions-de-votre-commande","title":{"rendered":"Merci pour votre demande de r\u00e9servation !"},"content":{"rendered":"\n<p>Votre message est arriv\u00e9 et sera trait\u00e9 dans les plus brefs d\u00e9lais.<\/p>\n\n<p><strong>Beaucoup de salutations de Chefm\u00fcller Erwin et de l&rsquo;\u00e9quipe du moulin<\/strong><\/p>\n\n<figure class=\"wp-block-image size-full\"><img loading=\"lazy\" decoding=\"async\" width=\"300\" height=\"200\" src=\"https:\/\/www.muehlebirgel.de\/wp-content\/uploads\/2009\/12\/45.jpg\" alt=\"\" class=\"wp-image-306\"\/><\/figure>\n\n<p>T\u00e9l\u00e9phone : +49 6597 92820<br\/>T\u00e9l\u00e9copieur : +49 6597 9282-149 ou<br\/>E-mail : <a href=\"mailto:info@muehlebirgel.de\">info@muehlebirgel.de<\/a><\/p>\n","protected":false},"excerpt":{"rendered":"<p>Votre message est arriv\u00e9 et sera trait\u00e9 dans les plus brefs d\u00e9lais. Beaucoup de salutations de Chefm\u00fcller Erwin et de l&rsquo;\u00e9quipe du moulin T\u00e9l\u00e9phone : +49 6597 92820T\u00e9l\u00e9copieur : +49 6597 9282-149 ouE-mail : info@muehlebirgel.de<\/p>\n","protected":false},"author":1,"featured_media":0,"parent":0,"menu_order":66,"comment_status":"closed","ping_status":"closed","template":"","meta":{"footnotes":""},"class_list":["post-9893","page","type-page","status-publish","hentry"],"yoast_head":"<!-- This site is optimized with the Yoast SEO plugin v27.2 - https:\/\/yoast.com\/product\/yoast-seo-wordpress\/ -->\n<title>Merci pour votre demande de r\u00e9servation ! - Historische Wasserm\u00fchle Birgel<\/title>\n<meta name=\"robots\" content=\"index, follow, max-snippet:-1, max-image-preview:large, max-video-preview:-1\" \/>\n<link rel=\"canonical\" href=\"https:\/\/www.muehlebirgel.de\/fr\/nous-vous-remercions-de-votre-commande\" \/>\n<meta property=\"og:locale\" content=\"fr_FR\" \/>\n<meta property=\"og:type\" content=\"article\" \/>\n<meta property=\"og:title\" content=\"Merci pour votre demande de r\u00e9servation ! - Historische Wasserm\u00fchle Birgel\" \/>\n<meta property=\"og:description\" content=\"Votre message est arriv\u00e9 et sera trait\u00e9 dans les plus brefs d\u00e9lais. Beaucoup de salutations de Chefm\u00fcller Erwin et de l&rsquo;\u00e9quipe du moulin T\u00e9l\u00e9phone : +49 6597 92820T\u00e9l\u00e9copieur : +49 6597 9282-149 ouE-mail : info@muehlebirgel.de\" \/>\n<meta property=\"og:url\" content=\"https:\/\/www.muehlebirgel.de\/fr\/nous-vous-remercions-de-votre-commande\/\" \/>\n<meta property=\"og:site_name\" content=\"Historische Wasserm\u00fchle Birgel\" \/>\n<meta property=\"article:modified_time\" content=\"2025-10-15T10:04:42+00:00\" \/>\n<meta property=\"og:image\" content=\"https:\/\/www.muehlebirgel.de\/wp-content\/uploads\/2009\/12\/45.jpg\" \/>\n\t<meta property=\"og:image:width\" content=\"300\" \/>\n\t<meta property=\"og:image:height\" content=\"200\" \/>\n\t<meta property=\"og:image:type\" content=\"image\/jpeg\" \/>\n<meta name=\"twitter:card\" content=\"summary_large_image\" \/>\n<script type=\"application\/ld+json\" class=\"yoast-schema-graph\">{\"@context\":\"https:\/\/schema.org\",\"@graph\":[{\"@type\":\"WebPage\",\"@id\":\"https:\/\/www.muehlebirgel.de\/fr\/nous-vous-remercions-de-votre-commande\",\"url\":\"https:\/\/www.muehlebirgel.de\/fr\/nous-vous-remercions-de-votre-commande\",\"name\":\"Merci pour votre demande de r\u00e9servation ! - Historische Wasserm\u00fchle Birgel\",\"isPartOf\":{\"@id\":\"https:\/\/www.muehlebirgel.de\/fr\/#website\"},\"primaryImageOfPage\":{\"@id\":\"https:\/\/www.muehlebirgel.de\/fr\/nous-vous-remercions-de-votre-commande#primaryimage\"},\"image\":{\"@id\":\"https:\/\/www.muehlebirgel.de\/fr\/nous-vous-remercions-de-votre-commande#primaryimage\"},\"thumbnailUrl\":\"https:\/\/www.muehlebirgel.de\/wp-content\/uploads\/2009\/12\/45.jpg\",\"datePublished\":\"2021-12-10T15:02:09+00:00\",\"dateModified\":\"2025-10-15T10:04:42+00:00\",\"breadcrumb\":{\"@id\":\"https:\/\/www.muehlebirgel.de\/fr\/nous-vous-remercions-de-votre-commande#breadcrumb\"},\"inLanguage\":\"fr-FR\",\"potentialAction\":[{\"@type\":\"ReadAction\",\"target\":[\"https:\/\/www.muehlebirgel.de\/fr\/nous-vous-remercions-de-votre-commande\"]}]},{\"@type\":\"ImageObject\",\"inLanguage\":\"fr-FR\",\"@id\":\"https:\/\/www.muehlebirgel.de\/fr\/nous-vous-remercions-de-votre-commande#primaryimage\",\"url\":\"https:\/\/www.muehlebirgel.de\/wp-content\/uploads\/2009\/12\/45.jpg\",\"contentUrl\":\"https:\/\/www.muehlebirgel.de\/wp-content\/uploads\/2009\/12\/45.jpg\"},{\"@type\":\"BreadcrumbList\",\"@id\":\"https:\/\/www.muehlebirgel.de\/fr\/nous-vous-remercions-de-votre-commande#breadcrumb\",\"itemListElement\":[{\"@type\":\"ListItem\",\"position\":1,\"name\":\"Startseite\",\"item\":\"https:\/\/www.muehlebirgel.de\/fr\"},{\"@type\":\"ListItem\",\"position\":2,\"name\":\"Merci pour votre demande de r\u00e9servation !\"}]},{\"@type\":\"WebSite\",\"@id\":\"https:\/\/www.muehlebirgel.de\/fr\/#website\",\"url\":\"https:\/\/www.muehlebirgel.de\/fr\/\",\"name\":\"Historische Wasserm\u00fchle Birgel\",\"description\":\"Willkommen im M\u00fchlen-Erlebniszentrum\",\"potentialAction\":[{\"@type\":\"SearchAction\",\"target\":{\"@type\":\"EntryPoint\",\"urlTemplate\":\"https:\/\/www.muehlebirgel.de\/fr\/?s={search_term_string}\"},\"query-input\":{\"@type\":\"PropertyValueSpecification\",\"valueRequired\":true,\"valueName\":\"search_term_string\"}}],\"inLanguage\":\"fr-FR\"}]}<\/script>\n<!-- \/ Yoast SEO plugin. -->","yoast_head_json":{"title":"Merci pour votre demande de r\u00e9servation ! - Historische Wasserm\u00fchle Birgel","robots":{"index":"index","follow":"follow","max-snippet":"max-snippet:-1","max-image-preview":"max-image-preview:large","max-video-preview":"max-video-preview:-1"},"canonical":"https:\/\/www.muehlebirgel.de\/fr\/nous-vous-remercions-de-votre-commande","og_locale":"fr_FR","og_type":"article","og_title":"Merci pour votre demande de r\u00e9servation ! - Historische Wasserm\u00fchle Birgel","og_description":"Votre message est arriv\u00e9 et sera trait\u00e9 dans les plus brefs d\u00e9lais. Beaucoup de salutations de Chefm\u00fcller Erwin et de l&rsquo;\u00e9quipe du moulin T\u00e9l\u00e9phone : +49 6597 92820T\u00e9l\u00e9copieur : +49 6597 9282-149 ouE-mail : info@muehlebirgel.de","og_url":"https:\/\/www.muehlebirgel.de\/fr\/nous-vous-remercions-de-votre-commande\/","og_site_name":"Historische Wasserm\u00fchle Birgel","article_modified_time":"2025-10-15T10:04:42+00:00","og_image":[{"width":300,"height":200,"url":"https:\/\/www.muehlebirgel.de\/wp-content\/uploads\/2009\/12\/45.jpg","type":"image\/jpeg"}],"twitter_card":"summary_large_image","schema":{"@context":"https:\/\/schema.org","@graph":[{"@type":"WebPage","@id":"https:\/\/www.muehlebirgel.de\/fr\/nous-vous-remercions-de-votre-commande","url":"https:\/\/www.muehlebirgel.de\/fr\/nous-vous-remercions-de-votre-commande","name":"Merci pour votre demande de r\u00e9servation ! - Historische Wasserm\u00fchle Birgel","isPartOf":{"@id":"https:\/\/www.muehlebirgel.de\/fr\/#website"},"primaryImageOfPage":{"@id":"https:\/\/www.muehlebirgel.de\/fr\/nous-vous-remercions-de-votre-commande#primaryimage"},"image":{"@id":"https:\/\/www.muehlebirgel.de\/fr\/nous-vous-remercions-de-votre-commande#primaryimage"},"thumbnailUrl":"https:\/\/www.muehlebirgel.de\/wp-content\/uploads\/2009\/12\/45.jpg","datePublished":"2021-12-10T15:02:09+00:00","dateModified":"2025-10-15T10:04:42+00:00","breadcrumb":{"@id":"https:\/\/www.muehlebirgel.de\/fr\/nous-vous-remercions-de-votre-commande#breadcrumb"},"inLanguage":"fr-FR","potentialAction":[{"@type":"ReadAction","target":["https:\/\/www.muehlebirgel.de\/fr\/nous-vous-remercions-de-votre-commande"]}]},{"@type":"ImageObject","inLanguage":"fr-FR","@id":"https:\/\/www.muehlebirgel.de\/fr\/nous-vous-remercions-de-votre-commande#primaryimage","url":"https:\/\/www.muehlebirgel.de\/wp-content\/uploads\/2009\/12\/45.jpg","contentUrl":"https:\/\/www.muehlebirgel.de\/wp-content\/uploads\/2009\/12\/45.jpg"},{"@type":"BreadcrumbList","@id":"https:\/\/www.muehlebirgel.de\/fr\/nous-vous-remercions-de-votre-commande#breadcrumb","itemListElement":[{"@type":"ListItem","position":1,"name":"Startseite","item":"https:\/\/www.muehlebirgel.de\/fr"},{"@type":"ListItem","position":2,"name":"Merci pour votre demande de r\u00e9servation !"}]},{"@type":"WebSite","@id":"https:\/\/www.muehlebirgel.de\/fr\/#website","url":"https:\/\/www.muehlebirgel.de\/fr\/","name":"Historische Wasserm\u00fchle Birgel","description":"Willkommen im M\u00fchlen-Erlebniszentrum","potentialAction":[{"@type":"SearchAction","target":{"@type":"EntryPoint","urlTemplate":"https:\/\/www.muehlebirgel.de\/fr\/?s={search_term_string}"},"query-input":{"@type":"PropertyValueSpecification","valueRequired":true,"valueName":"search_term_string"}}],"inLanguage":"fr-FR"}]}},"_links":{"self":[{"href":"https:\/\/www.muehlebirgel.de\/fr\/wp-json\/wp\/v2\/pages\/9893","targetHints":{"allow":["GET"]}}],"collection":[{"href":"https:\/\/www.muehlebirgel.de\/fr\/wp-json\/wp\/v2\/pages"}],"about":[{"href":"https:\/\/www.muehlebirgel.de\/fr\/wp-json\/wp\/v2\/types\/page"}],"author":[{"embeddable":true,"href":"https:\/\/www.muehlebirgel.de\/fr\/wp-json\/wp\/v2\/users\/1"}],"replies":[{"embeddable":true,"href":"https:\/\/www.muehlebirgel.de\/fr\/wp-json\/wp\/v2\/comments?post=9893"}],"version-history":[{"count":2,"href":"https:\/\/www.muehlebirgel.de\/fr\/wp-json\/wp\/v2\/pages\/9893\/revisions"}],"predecessor-version":[{"id":61309,"href":"https:\/\/www.muehlebirgel.de\/fr\/wp-json\/wp\/v2\/pages\/9893\/revisions\/61309"}],"wp:attachment":[{"href":"https:\/\/www.muehlebirgel.de\/fr\/wp-json\/wp\/v2\/media?parent=9893"}],"curies":[{"name":"wp","href":"https:\/\/api.w.org\/{rel}","templated":true}]}}