{"id":9900,"date":"2021-12-10T15:02:15","date_gmt":"2021-12-10T15:02:15","guid":{"rendered":"https:\/\/www.muehlebirgel.de\/celebrez-votre-mariage-dans-leifel\/rapports-de-mariage-du-moulin-a-eau\/le-mariage-de-melanie-et-stefan\/"},"modified":"2021-12-10T15:02:15","modified_gmt":"2021-12-10T15:02:15","slug":"le-mariage-de-melanie-et-stefan","status":"publish","type":"page","link":"https:\/\/www.muehlebirgel.de\/fr\/le-mariage-de-melanie-et-stefan","title":{"rendered":"Le mariage de M\u00e9lanie et Stefan"},"content":{"rendered":"<h2>\u00ab\u00a0Nous n&rsquo;avions plus \u00e0 nous soucier de rien, tout s&rsquo;est pass\u00e9 comme par magie&#8230;\u00a0\u00bb<\/h2>\n<p><img loading=\"lazy\" decoding=\"async\" class=\" size-full wp-image-440\" style=\"width: 626px;height: 417px\" src=\"https:\/\/www.muehlebirgel.de\/wp-content\/uploads\/2011\/05\/hochzeitspaar-eifel.jpg\" alt=\"Stefan und Melanie\" width=\"600\" height=\"400\" srcset=\"https:\/\/www.muehlebirgel.de\/wp-content\/uploads\/2011\/05\/hochzeitspaar-eifel.jpg 600w, https:\/\/www.muehlebirgel.de\/wp-content\/uploads\/2011\/05\/hochzeitspaar-eifel-400x267.jpg 400w, https:\/\/www.muehlebirgel.de\/wp-content\/uploads\/2011\/05\/hochzeitspaar-eifel-367x245.jpg 367w\" sizes=\"auto, (max-width: 600px) 100vw, 600px\" \/><\/p>\n<div class=\"bilderklein\">\n<\/div>\n<div class=\"textklein\">\n<p><img decoding=\"async\" class=\"size-full wp-image-441 alignleft\" src=\"https:\/\/www.muehlebirgel.de\/wp-content\/uploads\/2011\/05\/hochzeit-eifel-torte-rosen.jpg\" alt=\"Beate und Eddy\" width=\"300\">Lorsque nous avons d\u00e9cid\u00e9 de nous marier au printemps 2010, il \u00e9tait clair pour nous deux qu&rsquo;une atmosph\u00e8re particuli\u00e8re \u00e9tait n\u00e9cessaire. Nous avons alors pris connaissance du moulin sur Internet. M\u00eame ici, nous avons \u00e9t\u00e9 agr\u00e9ablement surpris par la nature simple. Nous avons pu prendre rendez-vous avec Erwin tr\u00e8s rapidement, ce qui convenait \u00e0 notre emploi du temps. Nous voulions tout jeter un \u0153il sans engagement, mais au bout de 5 minutes sur le terrain du moulin c&rsquo;\u00e9tait clair pour nous : c&rsquo;est ici que nous nous marions ! On se sent bien ici.<\/p>\n<p>Comme nous voulions absolument nous marier en hiver, la date \u00e9tait alors le 15 janvier 2011 &#8211; un samedi, ce qui n&rsquo;\u00e9tait pas un probl\u00e8me pour l&rsquo;\u00e9tat civil de J\u00fcnkerath. M\u00eame le temps \u00e9tait \u00e0 nous.<\/p>\n<hr>\n<p><img decoding=\"async\" class=\"size-full wp-image-442 alignleft\" src=\"https:\/\/www.muehlebirgel.de\/wp-content\/uploads\/2011\/05\/hochzeitlocation-eifel-muehle.jpg\" alt=\"Pfarrer Birgel\" width=\"300\">Nous n&rsquo;avons jamais pens\u00e9 que planifier un mariage pouvait \u00eatre aussi simple. De la s\u00e9lection du menu \u00e0 la r\u00e9servation des chambres, Erwin \u00e9tait toujours \u00e0 nos c\u00f4t\u00e9s en paroles et en actes.<br \/>\nIl a \u00e9galement toujours \u00e9t\u00e9 \u00e0 l&rsquo;\u00e9coute pour le planning de nos invit\u00e9s (jeux et autres surprises).<br \/>\nCertains de nos invit\u00e9s et nous-m\u00eames sommes arriv\u00e9s la veille du mariage. Tout le monde \u00e9tait tellement enthousiasm\u00e9 par les chambres que tout d&rsquo;abord les chambres qui avaient d\u00e9j\u00e0 \u00e9t\u00e9 occup\u00e9es et devaient \u00eatre admir\u00e9es tour \u00e0 tour. C&rsquo;est ainsi que les invit\u00e9s qui ne se connaissaient pas ont fait connaissance \ud83d\ude42<br \/>\nLe jour du mariage lui-m\u00eame, nous pouvions simplement nous asseoir et profiter. Nous n&rsquo;avions plus \u00e0 nous soucier de rien, tout se passait comme par magie. M\u00eame nos d\u00e9corations (que nous avons pu poser la veille) ont \u00e9t\u00e9 pos\u00e9es sur les tables comme nous l&rsquo;avions imagin\u00e9.<br \/>\nNos invit\u00e9s ont \u00e9t\u00e9 pris en charge partout et aucun souhait n&rsquo;est rest\u00e9 inassouvi.<br \/>\nTout le mariage \u00e9tait d&rsquo;une beaut\u00e9 indescriptible. Un week-end auquel on peut repenser avec le sourire \u00e0 tout moment.<br \/>\nNous et nos invit\u00e9s \u00e9tions ou sommes totalement enthousiasm\u00e9s par le Birgeler M\u00fchle.<\/p>\n<p>Un grand merci \u00e0 toute l&rsquo;\u00e9quipe du moulin.<\/p>\n<\/div>\n","protected":false},"excerpt":{"rendered":"<p>\u00ab\u00a0Nous n&rsquo;avions plus \u00e0 nous soucier de rien, tout s&rsquo;est pass\u00e9 comme par magie&#8230;\u00a0\u00bb Lorsque nous avons d\u00e9cid\u00e9 de nous marier au printemps 2010, il \u00e9tait clair pour nous deux qu&rsquo;une atmosph\u00e8re particuli\u00e8re \u00e9tait n\u00e9cessaire. Nous avons alors pris connaissance du moulin sur Internet. M\u00eame ici, nous avons \u00e9t\u00e9 agr\u00e9ablement surpris par la nature simple. [&hellip;]<\/p>\n","protected":false},"author":1,"featured_media":0,"parent":9864,"menu_order":18,"comment_status":"closed","ping_status":"closed","template":"","meta":{"footnotes":""},"class_list":["post-9900","page","type-page","status-publish","hentry"],"yoast_head":"<!-- This site is optimized with the Yoast SEO plugin v27.2 - https:\/\/yoast.com\/product\/yoast-seo-wordpress\/ -->\n<title>Le mariage de M\u00e9lanie et Stefan - Historische Wasserm\u00fchle Birgel<\/title>\n<meta name=\"robots\" content=\"index, follow, max-snippet:-1, max-image-preview:large, max-video-preview:-1\" \/>\n<link rel=\"canonical\" href=\"https:\/\/www.muehlebirgel.de\/fr\/le-mariage-de-melanie-et-stefan\" \/>\n<meta property=\"og:locale\" content=\"fr_FR\" \/>\n<meta property=\"og:type\" content=\"article\" \/>\n<meta property=\"og:title\" content=\"Le mariage de M\u00e9lanie et Stefan - Historische Wasserm\u00fchle Birgel\" \/>\n<meta property=\"og:description\" content=\"\u00ab\u00a0Nous n&rsquo;avions plus \u00e0 nous soucier de rien, tout s&rsquo;est pass\u00e9 comme par magie&#8230;\u00a0\u00bb Lorsque nous avons d\u00e9cid\u00e9 de nous marier au printemps 2010, il \u00e9tait clair pour nous deux qu&rsquo;une atmosph\u00e8re particuli\u00e8re \u00e9tait n\u00e9cessaire. Nous avons alors pris connaissance du moulin sur Internet. M\u00eame ici, nous avons \u00e9t\u00e9 agr\u00e9ablement surpris par la nature simple. [&hellip;]\" \/>\n<meta property=\"og:url\" content=\"https:\/\/www.muehlebirgel.de\/fr\/le-mariage-de-melanie-et-stefan\/\" \/>\n<meta property=\"og:site_name\" content=\"Historische Wasserm\u00fchle Birgel\" \/>\n<meta property=\"og:image\" content=\"https:\/\/www.muehlebirgel.de\/wp-content\/uploads\/2011\/05\/hochzeitspaar-eifel.jpg\" \/>\n<meta name=\"twitter:card\" content=\"summary_large_image\" \/>\n<meta name=\"twitter:label1\" content=\"Dur\u00e9e de lecture estim\u00e9e\" \/>\n\t<meta name=\"twitter:data1\" content=\"2 minutes\" \/>\n<script type=\"application\/ld+json\" class=\"yoast-schema-graph\">{\"@context\":\"https:\/\/schema.org\",\"@graph\":[{\"@type\":\"WebPage\",\"@id\":\"https:\/\/www.muehlebirgel.de\/fr\/le-mariage-de-melanie-et-stefan\",\"url\":\"https:\/\/www.muehlebirgel.de\/fr\/le-mariage-de-melanie-et-stefan\",\"name\":\"Le mariage de M\u00e9lanie et Stefan - Historische Wasserm\u00fchle Birgel\",\"isPartOf\":{\"@id\":\"https:\/\/www.muehlebirgel.de\/fr\/#website\"},\"primaryImageOfPage\":{\"@id\":\"https:\/\/www.muehlebirgel.de\/fr\/le-mariage-de-melanie-et-stefan#primaryimage\"},\"image\":{\"@id\":\"https:\/\/www.muehlebirgel.de\/fr\/le-mariage-de-melanie-et-stefan#primaryimage\"},\"thumbnailUrl\":\"https:\/\/www.muehlebirgel.de\/wp-content\/uploads\/2011\/05\/hochzeitspaar-eifel.jpg\",\"datePublished\":\"2021-12-10T15:02:15+00:00\",\"breadcrumb\":{\"@id\":\"https:\/\/www.muehlebirgel.de\/fr\/le-mariage-de-melanie-et-stefan#breadcrumb\"},\"inLanguage\":\"fr-FR\",\"potentialAction\":[{\"@type\":\"ReadAction\",\"target\":[\"https:\/\/www.muehlebirgel.de\/fr\/le-mariage-de-melanie-et-stefan\"]}]},{\"@type\":\"ImageObject\",\"inLanguage\":\"fr-FR\",\"@id\":\"https:\/\/www.muehlebirgel.de\/fr\/le-mariage-de-melanie-et-stefan#primaryimage\",\"url\":\"https:\/\/www.muehlebirgel.de\/wp-content\/uploads\/2011\/05\/hochzeitspaar-eifel.jpg\",\"contentUrl\":\"https:\/\/www.muehlebirgel.de\/wp-content\/uploads\/2011\/05\/hochzeitspaar-eifel.jpg\"},{\"@type\":\"BreadcrumbList\",\"@id\":\"https:\/\/www.muehlebirgel.de\/fr\/le-mariage-de-melanie-et-stefan#breadcrumb\",\"itemListElement\":[{\"@type\":\"ListItem\",\"position\":1,\"name\":\"Startseite\",\"item\":\"https:\/\/www.muehlebirgel.de\/fr\"},{\"@type\":\"ListItem\",\"position\":2,\"name\":\"C\u00e9l\u00e9brez votre mariage dans l&#8217;Eifel\",\"item\":\"https:\/\/www.muehlebirgel.de\/fr\/celebrez-votre-mariage-dans-leifel\"},{\"@type\":\"ListItem\",\"position\":3,\"name\":\"T\u00e9moignages de mariage du Moulin \u00e0 eau historique\",\"item\":\"https:\/\/www.muehlebirgel.de\/fr\/rapports-de-mariage-du-moulin-a-eau\"},{\"@type\":\"ListItem\",\"position\":4,\"name\":\"Le mariage de M\u00e9lanie et Stefan\"}]},{\"@type\":\"WebSite\",\"@id\":\"https:\/\/www.muehlebirgel.de\/fr\/#website\",\"url\":\"https:\/\/www.muehlebirgel.de\/fr\/\",\"name\":\"Historische Wasserm\u00fchle Birgel\",\"description\":\"Willkommen im M\u00fchlen-Erlebniszentrum\",\"potentialAction\":[{\"@type\":\"SearchAction\",\"target\":{\"@type\":\"EntryPoint\",\"urlTemplate\":\"https:\/\/www.muehlebirgel.de\/fr\/?s={search_term_string}\"},\"query-input\":{\"@type\":\"PropertyValueSpecification\",\"valueRequired\":true,\"valueName\":\"search_term_string\"}}],\"inLanguage\":\"fr-FR\"}]}<\/script>\n<!-- \/ Yoast SEO plugin. -->","yoast_head_json":{"title":"Le mariage de M\u00e9lanie et Stefan - Historische Wasserm\u00fchle Birgel","robots":{"index":"index","follow":"follow","max-snippet":"max-snippet:-1","max-image-preview":"max-image-preview:large","max-video-preview":"max-video-preview:-1"},"canonical":"https:\/\/www.muehlebirgel.de\/fr\/le-mariage-de-melanie-et-stefan","og_locale":"fr_FR","og_type":"article","og_title":"Le mariage de M\u00e9lanie et Stefan - Historische Wasserm\u00fchle Birgel","og_description":"\u00ab\u00a0Nous n&rsquo;avions plus \u00e0 nous soucier de rien, tout s&rsquo;est pass\u00e9 comme par magie&#8230;\u00a0\u00bb Lorsque nous avons d\u00e9cid\u00e9 de nous marier au printemps 2010, il \u00e9tait clair pour nous deux qu&rsquo;une atmosph\u00e8re particuli\u00e8re \u00e9tait n\u00e9cessaire. Nous avons alors pris connaissance du moulin sur Internet. M\u00eame ici, nous avons \u00e9t\u00e9 agr\u00e9ablement surpris par la nature simple. [&hellip;]","og_url":"https:\/\/www.muehlebirgel.de\/fr\/le-mariage-de-melanie-et-stefan\/","og_site_name":"Historische Wasserm\u00fchle Birgel","og_image":[{"url":"https:\/\/www.muehlebirgel.de\/wp-content\/uploads\/2011\/05\/hochzeitspaar-eifel.jpg","type":"","width":"","height":""}],"twitter_card":"summary_large_image","twitter_misc":{"Dur\u00e9e de lecture estim\u00e9e":"2 minutes"},"schema":{"@context":"https:\/\/schema.org","@graph":[{"@type":"WebPage","@id":"https:\/\/www.muehlebirgel.de\/fr\/le-mariage-de-melanie-et-stefan","url":"https:\/\/www.muehlebirgel.de\/fr\/le-mariage-de-melanie-et-stefan","name":"Le mariage de M\u00e9lanie et Stefan - Historische Wasserm\u00fchle Birgel","isPartOf":{"@id":"https:\/\/www.muehlebirgel.de\/fr\/#website"},"primaryImageOfPage":{"@id":"https:\/\/www.muehlebirgel.de\/fr\/le-mariage-de-melanie-et-stefan#primaryimage"},"image":{"@id":"https:\/\/www.muehlebirgel.de\/fr\/le-mariage-de-melanie-et-stefan#primaryimage"},"thumbnailUrl":"https:\/\/www.muehlebirgel.de\/wp-content\/uploads\/2011\/05\/hochzeitspaar-eifel.jpg","datePublished":"2021-12-10T15:02:15+00:00","breadcrumb":{"@id":"https:\/\/www.muehlebirgel.de\/fr\/le-mariage-de-melanie-et-stefan#breadcrumb"},"inLanguage":"fr-FR","potentialAction":[{"@type":"ReadAction","target":["https:\/\/www.muehlebirgel.de\/fr\/le-mariage-de-melanie-et-stefan"]}]},{"@type":"ImageObject","inLanguage":"fr-FR","@id":"https:\/\/www.muehlebirgel.de\/fr\/le-mariage-de-melanie-et-stefan#primaryimage","url":"https:\/\/www.muehlebirgel.de\/wp-content\/uploads\/2011\/05\/hochzeitspaar-eifel.jpg","contentUrl":"https:\/\/www.muehlebirgel.de\/wp-content\/uploads\/2011\/05\/hochzeitspaar-eifel.jpg"},{"@type":"BreadcrumbList","@id":"https:\/\/www.muehlebirgel.de\/fr\/le-mariage-de-melanie-et-stefan#breadcrumb","itemListElement":[{"@type":"ListItem","position":1,"name":"Startseite","item":"https:\/\/www.muehlebirgel.de\/fr"},{"@type":"ListItem","position":2,"name":"C\u00e9l\u00e9brez votre mariage dans l&#8217;Eifel","item":"https:\/\/www.muehlebirgel.de\/fr\/celebrez-votre-mariage-dans-leifel"},{"@type":"ListItem","position":3,"name":"T\u00e9moignages de mariage du Moulin \u00e0 eau historique","item":"https:\/\/www.muehlebirgel.de\/fr\/rapports-de-mariage-du-moulin-a-eau"},{"@type":"ListItem","position":4,"name":"Le mariage de M\u00e9lanie et Stefan"}]},{"@type":"WebSite","@id":"https:\/\/www.muehlebirgel.de\/fr\/#website","url":"https:\/\/www.muehlebirgel.de\/fr\/","name":"Historische Wasserm\u00fchle Birgel","description":"Willkommen im M\u00fchlen-Erlebniszentrum","potentialAction":[{"@type":"SearchAction","target":{"@type":"EntryPoint","urlTemplate":"https:\/\/www.muehlebirgel.de\/fr\/?s={search_term_string}"},"query-input":{"@type":"PropertyValueSpecification","valueRequired":true,"valueName":"search_term_string"}}],"inLanguage":"fr-FR"}]}},"_links":{"self":[{"href":"https:\/\/www.muehlebirgel.de\/fr\/wp-json\/wp\/v2\/pages\/9900","targetHints":{"allow":["GET"]}}],"collection":[{"href":"https:\/\/www.muehlebirgel.de\/fr\/wp-json\/wp\/v2\/pages"}],"about":[{"href":"https:\/\/www.muehlebirgel.de\/fr\/wp-json\/wp\/v2\/types\/page"}],"author":[{"embeddable":true,"href":"https:\/\/www.muehlebirgel.de\/fr\/wp-json\/wp\/v2\/users\/1"}],"replies":[{"embeddable":true,"href":"https:\/\/www.muehlebirgel.de\/fr\/wp-json\/wp\/v2\/comments?post=9900"}],"version-history":[{"count":0,"href":"https:\/\/www.muehlebirgel.de\/fr\/wp-json\/wp\/v2\/pages\/9900\/revisions"}],"up":[{"embeddable":true,"href":"https:\/\/www.muehlebirgel.de\/fr\/wp-json\/wp\/v2\/pages\/9864"}],"wp:attachment":[{"href":"https:\/\/www.muehlebirgel.de\/fr\/wp-json\/wp\/v2\/media?parent=9900"}],"curies":[{"name":"wp","href":"https:\/\/api.w.org\/{rel}","templated":true}]}}