{"id":9906,"date":"2021-12-10T15:02:22","date_gmt":"2021-12-10T15:02:22","guid":{"rendered":"https:\/\/www.muehlebirgel.de\/parc-animalier-et-parc-aventure-de-daun\/"},"modified":"2021-12-10T15:02:22","modified_gmt":"2021-12-10T15:02:22","slug":"parc-animalier-et-parc-aventure-de-daun","status":"publish","type":"page","link":"https:\/\/www.muehlebirgel.de\/fr\/parc-animalier-et-parc-aventure-de-daun","title":{"rendered":"Parc animalier et parc aventure de Daun"},"content":{"rendered":"<p>les&nbsp; L&rsquo;Eifel est une r\u00e9gion d&rsquo;excursion populaire &#8211; pour tous ceux qui veulent d\u00e9couvrir l&rsquo;Eifel, le moulin \u00e0 eau historique de&nbsp; Birgel est devenu un v\u00e9ritable tuyau d&rsquo;initi\u00e9 comme point de d\u00e9part.<\/p>\n<p>Le parc animalier et parc aventure de Daun n&rsquo;est pas loin du moulin. C&rsquo;est une destination tr\u00e8s populaire dans la belle Vulkaneifel. Les familles avec enfants aiment particuli\u00e8rement visiter ce parc qui s&rsquo;\u00e9tend sur une superficie totale de 220 hectares.<\/p>\n<p>La principale attraction du parc sont bien s\u00fbr les nombreux animaux qui y vivent, mais les amoureux de la nature en auront aussi pour leur argent dans le parc animalier. Des paysages pittoresques de for\u00eats et de prairies vous invitent \u00e0 de longues promenades dans ce parc.<\/p>\n<p>Le parc est travers\u00e9 par une route dite de randonn\u00e9e en voiture ; Mais vous pouvez laisser votre voiture \u00e0 six tribunes et observer les animaux \u00e0 partir de l\u00e0. M\u00eame nourrir la plupart des animaux est autoris\u00e9; une nourriture sp\u00e9ciale est offerte \u00e0 la billetterie du parc.<br \/>\nEn particulier, des animaux indig\u00e8nes tels que le cerf noir, le cerf rouge et le daim peuvent \u00eatre d\u00e9couverts dans le parc, mais des animaux inhabituels tels que les lamas, les \u00e2nes, les yacks et les bisons vivent \u00e9galement ici. L&rsquo;enclos des singes est particuli\u00e8rement populaire &#8211; 53 singes de Barbarie y vivent et ravissent les visiteurs par leur nature espi\u00e8gle. Dans la fauconnerie, en revanche, vous pouvez assister \u00e0 une d\u00e9monstration de vol int\u00e9ressante deux fois par jour pendant la haute saison.<\/p>\n<p>Mais ce ne sont de loin pas toutes les attractions de Wildaprk &#8211; il y a beaucoup plus \u00e0 offrir, en particulier pour les jeunes visiteurs. Un point culminant est la piste de luge d&rsquo;\u00e9t\u00e9 ; ce chemin de fer d&rsquo;aventure de 800 m\u00e8tres de long se trouve devant le parc. L&rsquo;aire de jeux d&rsquo;aventure est \u00e9galement un v\u00e9ritable point fort &#8211; les plus petits peuvent vraiment se d\u00e9fouler ici. Un immense ch\u00e2teau d&rsquo;escalade, un trampoline et une balan\u00e7oire ne sont que quelques exemples des attractions propos\u00e9es ici.<\/p>\n<p>Si vous cherchez un souvenir d&rsquo;une journ\u00e9e mouvement\u00e9e dans le parc animalier, vous devriez vous rendre \u00e0 la boutique de souvenirs &#8211; il y a de nombreux beaux souvenirs ici.<\/p>\n<p>Apr\u00e8s de nombreuses exp\u00e9riences, vous \u00eates tr\u00e8s \u00e9puis\u00e9 et pouvez vous attendre \u00e0 une excellente nuit dans le centre historique&nbsp; Moulin \u00e0 eau h\u00e2te.<\/p>\n","protected":false},"excerpt":{"rendered":"<p>les&nbsp; L&rsquo;Eifel est une r\u00e9gion d&rsquo;excursion populaire &#8211; pour tous ceux qui veulent d\u00e9couvrir l&rsquo;Eifel, le moulin \u00e0 eau historique de&nbsp; Birgel est devenu un v\u00e9ritable tuyau d&rsquo;initi\u00e9 comme point de d\u00e9part. Le parc animalier et parc aventure de Daun n&rsquo;est pas loin du moulin. C&rsquo;est une destination tr\u00e8s populaire dans la belle Vulkaneifel. Les [&hellip;]<\/p>\n","protected":false},"author":1,"featured_media":0,"parent":0,"menu_order":72,"comment_status":"closed","ping_status":"closed","template":"","meta":{"footnotes":""},"class_list":["post-9906","page","type-page","status-publish","hentry"],"yoast_head":"<!-- This site is optimized with the Yoast SEO plugin v27.2 - https:\/\/yoast.com\/product\/yoast-seo-wordpress\/ -->\n<title>Parc animalier et parc aventure de Daun - Historische Wasserm\u00fchle Birgel<\/title>\n<meta name=\"robots\" content=\"index, follow, max-snippet:-1, max-image-preview:large, max-video-preview:-1\" \/>\n<link rel=\"canonical\" href=\"https:\/\/www.muehlebirgel.de\/fr\/parc-animalier-et-parc-aventure-de-daun\" \/>\n<meta property=\"og:locale\" content=\"fr_FR\" \/>\n<meta property=\"og:type\" content=\"article\" \/>\n<meta property=\"og:title\" content=\"Parc animalier et parc aventure de Daun - Historische Wasserm\u00fchle Birgel\" \/>\n<meta property=\"og:description\" content=\"les&nbsp; L&rsquo;Eifel est une r\u00e9gion d&rsquo;excursion populaire &#8211; pour tous ceux qui veulent d\u00e9couvrir l&rsquo;Eifel, le moulin \u00e0 eau historique de&nbsp; Birgel est devenu un v\u00e9ritable tuyau d&rsquo;initi\u00e9 comme point de d\u00e9part. Le parc animalier et parc aventure de Daun n&rsquo;est pas loin du moulin. C&rsquo;est une destination tr\u00e8s populaire dans la belle Vulkaneifel. Les [&hellip;]\" \/>\n<meta property=\"og:url\" content=\"https:\/\/www.muehlebirgel.de\/fr\/parc-animalier-et-parc-aventure-de-daun\/\" \/>\n<meta property=\"og:site_name\" content=\"Historische Wasserm\u00fchle Birgel\" \/>\n<meta name=\"twitter:card\" content=\"summary_large_image\" \/>\n<meta name=\"twitter:label1\" content=\"Dur\u00e9e de lecture estim\u00e9e\" \/>\n\t<meta name=\"twitter:data1\" content=\"2 minutes\" \/>\n<script type=\"application\/ld+json\" class=\"yoast-schema-graph\">{\"@context\":\"https:\/\/schema.org\",\"@graph\":[{\"@type\":\"WebPage\",\"@id\":\"https:\/\/www.muehlebirgel.de\/fr\/parc-animalier-et-parc-aventure-de-daun\",\"url\":\"https:\/\/www.muehlebirgel.de\/fr\/parc-animalier-et-parc-aventure-de-daun\",\"name\":\"Parc animalier et parc aventure de Daun - Historische Wasserm\u00fchle Birgel\",\"isPartOf\":{\"@id\":\"https:\/\/www.muehlebirgel.de\/fr\/#website\"},\"datePublished\":\"2021-12-10T15:02:22+00:00\",\"breadcrumb\":{\"@id\":\"https:\/\/www.muehlebirgel.de\/fr\/parc-animalier-et-parc-aventure-de-daun#breadcrumb\"},\"inLanguage\":\"fr-FR\",\"potentialAction\":[{\"@type\":\"ReadAction\",\"target\":[\"https:\/\/www.muehlebirgel.de\/fr\/parc-animalier-et-parc-aventure-de-daun\"]}]},{\"@type\":\"BreadcrumbList\",\"@id\":\"https:\/\/www.muehlebirgel.de\/fr\/parc-animalier-et-parc-aventure-de-daun#breadcrumb\",\"itemListElement\":[{\"@type\":\"ListItem\",\"position\":1,\"name\":\"Startseite\",\"item\":\"https:\/\/www.muehlebirgel.de\/fr\"},{\"@type\":\"ListItem\",\"position\":2,\"name\":\"Parc animalier et parc aventure de Daun\"}]},{\"@type\":\"WebSite\",\"@id\":\"https:\/\/www.muehlebirgel.de\/fr\/#website\",\"url\":\"https:\/\/www.muehlebirgel.de\/fr\/\",\"name\":\"Historische Wasserm\u00fchle Birgel\",\"description\":\"Willkommen im M\u00fchlen-Erlebniszentrum\",\"potentialAction\":[{\"@type\":\"SearchAction\",\"target\":{\"@type\":\"EntryPoint\",\"urlTemplate\":\"https:\/\/www.muehlebirgel.de\/fr\/?s={search_term_string}\"},\"query-input\":{\"@type\":\"PropertyValueSpecification\",\"valueRequired\":true,\"valueName\":\"search_term_string\"}}],\"inLanguage\":\"fr-FR\"}]}<\/script>\n<!-- \/ Yoast SEO plugin. -->","yoast_head_json":{"title":"Parc animalier et parc aventure de Daun - Historische Wasserm\u00fchle Birgel","robots":{"index":"index","follow":"follow","max-snippet":"max-snippet:-1","max-image-preview":"max-image-preview:large","max-video-preview":"max-video-preview:-1"},"canonical":"https:\/\/www.muehlebirgel.de\/fr\/parc-animalier-et-parc-aventure-de-daun","og_locale":"fr_FR","og_type":"article","og_title":"Parc animalier et parc aventure de Daun - Historische Wasserm\u00fchle Birgel","og_description":"les&nbsp; L&rsquo;Eifel est une r\u00e9gion d&rsquo;excursion populaire &#8211; pour tous ceux qui veulent d\u00e9couvrir l&rsquo;Eifel, le moulin \u00e0 eau historique de&nbsp; Birgel est devenu un v\u00e9ritable tuyau d&rsquo;initi\u00e9 comme point de d\u00e9part. Le parc animalier et parc aventure de Daun n&rsquo;est pas loin du moulin. C&rsquo;est une destination tr\u00e8s populaire dans la belle Vulkaneifel. Les [&hellip;]","og_url":"https:\/\/www.muehlebirgel.de\/fr\/parc-animalier-et-parc-aventure-de-daun\/","og_site_name":"Historische Wasserm\u00fchle Birgel","twitter_card":"summary_large_image","twitter_misc":{"Dur\u00e9e de lecture estim\u00e9e":"2 minutes"},"schema":{"@context":"https:\/\/schema.org","@graph":[{"@type":"WebPage","@id":"https:\/\/www.muehlebirgel.de\/fr\/parc-animalier-et-parc-aventure-de-daun","url":"https:\/\/www.muehlebirgel.de\/fr\/parc-animalier-et-parc-aventure-de-daun","name":"Parc animalier et parc aventure de Daun - Historische Wasserm\u00fchle Birgel","isPartOf":{"@id":"https:\/\/www.muehlebirgel.de\/fr\/#website"},"datePublished":"2021-12-10T15:02:22+00:00","breadcrumb":{"@id":"https:\/\/www.muehlebirgel.de\/fr\/parc-animalier-et-parc-aventure-de-daun#breadcrumb"},"inLanguage":"fr-FR","potentialAction":[{"@type":"ReadAction","target":["https:\/\/www.muehlebirgel.de\/fr\/parc-animalier-et-parc-aventure-de-daun"]}]},{"@type":"BreadcrumbList","@id":"https:\/\/www.muehlebirgel.de\/fr\/parc-animalier-et-parc-aventure-de-daun#breadcrumb","itemListElement":[{"@type":"ListItem","position":1,"name":"Startseite","item":"https:\/\/www.muehlebirgel.de\/fr"},{"@type":"ListItem","position":2,"name":"Parc animalier et parc aventure de Daun"}]},{"@type":"WebSite","@id":"https:\/\/www.muehlebirgel.de\/fr\/#website","url":"https:\/\/www.muehlebirgel.de\/fr\/","name":"Historische Wasserm\u00fchle Birgel","description":"Willkommen im M\u00fchlen-Erlebniszentrum","potentialAction":[{"@type":"SearchAction","target":{"@type":"EntryPoint","urlTemplate":"https:\/\/www.muehlebirgel.de\/fr\/?s={search_term_string}"},"query-input":{"@type":"PropertyValueSpecification","valueRequired":true,"valueName":"search_term_string"}}],"inLanguage":"fr-FR"}]}},"_links":{"self":[{"href":"https:\/\/www.muehlebirgel.de\/fr\/wp-json\/wp\/v2\/pages\/9906","targetHints":{"allow":["GET"]}}],"collection":[{"href":"https:\/\/www.muehlebirgel.de\/fr\/wp-json\/wp\/v2\/pages"}],"about":[{"href":"https:\/\/www.muehlebirgel.de\/fr\/wp-json\/wp\/v2\/types\/page"}],"author":[{"embeddable":true,"href":"https:\/\/www.muehlebirgel.de\/fr\/wp-json\/wp\/v2\/users\/1"}],"replies":[{"embeddable":true,"href":"https:\/\/www.muehlebirgel.de\/fr\/wp-json\/wp\/v2\/comments?post=9906"}],"version-history":[{"count":0,"href":"https:\/\/www.muehlebirgel.de\/fr\/wp-json\/wp\/v2\/pages\/9906\/revisions"}],"wp:attachment":[{"href":"https:\/\/www.muehlebirgel.de\/fr\/wp-json\/wp\/v2\/media?parent=9906"}],"curies":[{"name":"wp","href":"https:\/\/api.w.org\/{rel}","templated":true}]}}