{"id":9922,"date":"2021-12-10T15:02:38","date_gmt":"2021-12-10T15:02:38","guid":{"rendered":"https:\/\/www.muehlebirgel.de\/excursion-dune-journee-dans-leifel\/"},"modified":"2021-12-10T15:02:38","modified_gmt":"2021-12-10T15:02:38","slug":"excursion-dune-journee-dans-leifel","status":"publish","type":"page","link":"https:\/\/www.muehlebirgel.de\/fr\/excursion-dune-journee-dans-leifel","title":{"rendered":"Excursion d&rsquo;une journ\u00e9e dans l&rsquo;Eifel"},"content":{"rendered":"<p>En tant que l&rsquo;une des destinations de vacances les plus populaires d&rsquo;Allemagne, l&rsquo;Eifel n&rsquo;est pas seulement bien adapt\u00e9e pour un s\u00e9jour plus long, une excursion d&rsquo;une journ\u00e9e dans l&rsquo;Eifel vaut \u00e9galement la peine. Vous ne pouvez pas manquer le moulin \u00e0 eau de Birgel lors d&rsquo;une telle excursion &#8211; il offre \u00e0 ses clients une vari\u00e9t\u00e9 d&rsquo;\u00e9v\u00e9nements passionnants et est en m\u00eame temps un bon point de d\u00e9part pour des excursions dans la belle nature.<\/p>\n<p>Pour les amoureux de la nature, par exemple, le moulin \u00e0 eau propose des randonn\u00e9es guid\u00e9es vers des destinations int\u00e9ressantes \u00e0 proximit\u00e9. L&rsquo;une des plus belles destinations que vous puissiez d\u00e9couvrir lors d&rsquo;une excursion d&rsquo;une journ\u00e9e dans l&rsquo;Eifel est le jardin volcanique &#8211; apr\u00e8s tout, l&rsquo;Eifel est connu pour ses activit\u00e9s volcaniques et leurs t\u00e9moignages. Cependant, de belles cascades et grottes de glace attendent \u00e9galement le visiteur ici, en bref : l&rsquo;Eifel est une v\u00e9ritable Mecque pour tous les amoureux de la nature.<br \/>\nCependant, vous n&rsquo;avez m\u00eame pas besoin de quitter les murs du moulin \u00e0 eau pour passer une journ\u00e9e de vacances passionnante. Pour les groupes, il propose des journ\u00e9es aventures parfaitement organis\u00e9es et ludiques pour petits et grands. Cette journ\u00e9e commence g\u00e9n\u00e9ralement par une visite du passionnant moulin \u00e0 eau ; Au cours de cette visite, vous d\u00e9couvrirez la boulangerie ainsi que le moulin \u00e0 farine, la scierie et l&rsquo;ancienne forge. Dans le moulin \u00e0 moutarde, d&rsquo;autre part, vous pouvez observer la fabrication de la moutarde traditionnelle de l&rsquo;Eifel et, si vous le souhaitez, vous pouvez \u00e9galement participer vous-m\u00eame \u00e0 la production.<br \/>\nLes nombreux produits fabriqu\u00e9s dans le moulin \u00e0 eau de Birgel sont \u00e9galement des souvenirs appropri\u00e9s pour les proches \u00e0 la maison.<br \/>\nBien s\u00fbr, le bien-\u00eatre physique n&rsquo;est pas n\u00e9glig\u00e9 lors d&rsquo;une telle journ\u00e9e d&rsquo;aventure au moulin \u00e0 eau. Au d\u00e9jeuner, inclus dans le prix de la journ\u00e9e aventure, de d\u00e9licieuses sp\u00e9cialit\u00e9s r\u00e9gionales typiques sont servies. Les moulins r\u00e2p\u00e9s ou le r\u00f4ti en cro\u00fbte de moutarde sont parmi les favoris des vacanciers.<\/p>\n<p>Si, apr\u00e8s une journ\u00e9e mouvement\u00e9e au moulin \u00e0 eau, vous d\u00e9cidez de rester un jour ou deux de plus, vous trouverez ici un h\u00e9bergement pittoresque dans des chambres \u00e9l\u00e9gamment meubl\u00e9es. Dans les lits confortables, vous pourrez vous d\u00e9tendre et vous pr\u00e9parer pour une nouvelle aventure dans l&rsquo;Eifel.<br \/>\n&nbsp;<\/p>\n","protected":false},"excerpt":{"rendered":"<p>En tant que l&rsquo;une des destinations de vacances les plus populaires d&rsquo;Allemagne, l&rsquo;Eifel n&rsquo;est pas seulement bien adapt\u00e9e pour un s\u00e9jour plus long, une excursion d&rsquo;une journ\u00e9e dans l&rsquo;Eifel vaut \u00e9galement la peine. Vous ne pouvez pas manquer le moulin \u00e0 eau de Birgel lors d&rsquo;une telle excursion &#8211; il offre \u00e0 ses clients une [&hellip;]<\/p>\n","protected":false},"author":1,"featured_media":0,"parent":0,"menu_order":62,"comment_status":"closed","ping_status":"closed","template":"","meta":{"footnotes":""},"class_list":["post-9922","page","type-page","status-publish","hentry"],"yoast_head":"<!-- This site is optimized with the Yoast SEO plugin v27.2 - https:\/\/yoast.com\/product\/yoast-seo-wordpress\/ -->\n<title>Excursion d&#039;une journ\u00e9e dans l&#039;Eifel - Historische Wasserm\u00fchle Birgel<\/title>\n<meta name=\"robots\" content=\"index, follow, max-snippet:-1, max-image-preview:large, max-video-preview:-1\" \/>\n<link rel=\"canonical\" href=\"https:\/\/www.muehlebirgel.de\/fr\/excursion-dune-journee-dans-leifel\" \/>\n<meta property=\"og:locale\" content=\"fr_FR\" \/>\n<meta property=\"og:type\" content=\"article\" \/>\n<meta property=\"og:title\" content=\"Excursion d&#039;une journ\u00e9e dans l&#039;Eifel - Historische Wasserm\u00fchle Birgel\" \/>\n<meta property=\"og:description\" content=\"En tant que l&rsquo;une des destinations de vacances les plus populaires d&rsquo;Allemagne, l&rsquo;Eifel n&rsquo;est pas seulement bien adapt\u00e9e pour un s\u00e9jour plus long, une excursion d&rsquo;une journ\u00e9e dans l&rsquo;Eifel vaut \u00e9galement la peine. Vous ne pouvez pas manquer le moulin \u00e0 eau de Birgel lors d&rsquo;une telle excursion &#8211; il offre \u00e0 ses clients une [&hellip;]\" \/>\n<meta property=\"og:url\" content=\"https:\/\/www.muehlebirgel.de\/fr\/excursion-dune-journee-dans-leifel\/\" \/>\n<meta property=\"og:site_name\" content=\"Historische Wasserm\u00fchle Birgel\" \/>\n<meta name=\"twitter:card\" content=\"summary_large_image\" \/>\n<meta name=\"twitter:label1\" content=\"Dur\u00e9e de lecture estim\u00e9e\" \/>\n\t<meta name=\"twitter:data1\" content=\"2 minutes\" \/>\n<script type=\"application\/ld+json\" class=\"yoast-schema-graph\">{\"@context\":\"https:\/\/schema.org\",\"@graph\":[{\"@type\":\"WebPage\",\"@id\":\"https:\/\/www.muehlebirgel.de\/fr\/excursion-dune-journee-dans-leifel\",\"url\":\"https:\/\/www.muehlebirgel.de\/fr\/excursion-dune-journee-dans-leifel\",\"name\":\"Excursion d'une journ\u00e9e dans l'Eifel - Historische Wasserm\u00fchle Birgel\",\"isPartOf\":{\"@id\":\"https:\/\/www.muehlebirgel.de\/fr\/#website\"},\"datePublished\":\"2021-12-10T15:02:38+00:00\",\"breadcrumb\":{\"@id\":\"https:\/\/www.muehlebirgel.de\/fr\/excursion-dune-journee-dans-leifel#breadcrumb\"},\"inLanguage\":\"fr-FR\",\"potentialAction\":[{\"@type\":\"ReadAction\",\"target\":[\"https:\/\/www.muehlebirgel.de\/fr\/excursion-dune-journee-dans-leifel\"]}]},{\"@type\":\"BreadcrumbList\",\"@id\":\"https:\/\/www.muehlebirgel.de\/fr\/excursion-dune-journee-dans-leifel#breadcrumb\",\"itemListElement\":[{\"@type\":\"ListItem\",\"position\":1,\"name\":\"Startseite\",\"item\":\"https:\/\/www.muehlebirgel.de\/fr\"},{\"@type\":\"ListItem\",\"position\":2,\"name\":\"Excursion d&#8217;une journ\u00e9e dans l&#8217;Eifel\"}]},{\"@type\":\"WebSite\",\"@id\":\"https:\/\/www.muehlebirgel.de\/fr\/#website\",\"url\":\"https:\/\/www.muehlebirgel.de\/fr\/\",\"name\":\"Historische Wasserm\u00fchle Birgel\",\"description\":\"Willkommen im M\u00fchlen-Erlebniszentrum\",\"potentialAction\":[{\"@type\":\"SearchAction\",\"target\":{\"@type\":\"EntryPoint\",\"urlTemplate\":\"https:\/\/www.muehlebirgel.de\/fr\/?s={search_term_string}\"},\"query-input\":{\"@type\":\"PropertyValueSpecification\",\"valueRequired\":true,\"valueName\":\"search_term_string\"}}],\"inLanguage\":\"fr-FR\"}]}<\/script>\n<!-- \/ Yoast SEO plugin. -->","yoast_head_json":{"title":"Excursion d'une journ\u00e9e dans l'Eifel - Historische Wasserm\u00fchle Birgel","robots":{"index":"index","follow":"follow","max-snippet":"max-snippet:-1","max-image-preview":"max-image-preview:large","max-video-preview":"max-video-preview:-1"},"canonical":"https:\/\/www.muehlebirgel.de\/fr\/excursion-dune-journee-dans-leifel","og_locale":"fr_FR","og_type":"article","og_title":"Excursion d'une journ\u00e9e dans l'Eifel - Historische Wasserm\u00fchle Birgel","og_description":"En tant que l&rsquo;une des destinations de vacances les plus populaires d&rsquo;Allemagne, l&rsquo;Eifel n&rsquo;est pas seulement bien adapt\u00e9e pour un s\u00e9jour plus long, une excursion d&rsquo;une journ\u00e9e dans l&rsquo;Eifel vaut \u00e9galement la peine. Vous ne pouvez pas manquer le moulin \u00e0 eau de Birgel lors d&rsquo;une telle excursion &#8211; il offre \u00e0 ses clients une [&hellip;]","og_url":"https:\/\/www.muehlebirgel.de\/fr\/excursion-dune-journee-dans-leifel\/","og_site_name":"Historische Wasserm\u00fchle Birgel","twitter_card":"summary_large_image","twitter_misc":{"Dur\u00e9e de lecture estim\u00e9e":"2 minutes"},"schema":{"@context":"https:\/\/schema.org","@graph":[{"@type":"WebPage","@id":"https:\/\/www.muehlebirgel.de\/fr\/excursion-dune-journee-dans-leifel","url":"https:\/\/www.muehlebirgel.de\/fr\/excursion-dune-journee-dans-leifel","name":"Excursion d'une journ\u00e9e dans l'Eifel - Historische Wasserm\u00fchle Birgel","isPartOf":{"@id":"https:\/\/www.muehlebirgel.de\/fr\/#website"},"datePublished":"2021-12-10T15:02:38+00:00","breadcrumb":{"@id":"https:\/\/www.muehlebirgel.de\/fr\/excursion-dune-journee-dans-leifel#breadcrumb"},"inLanguage":"fr-FR","potentialAction":[{"@type":"ReadAction","target":["https:\/\/www.muehlebirgel.de\/fr\/excursion-dune-journee-dans-leifel"]}]},{"@type":"BreadcrumbList","@id":"https:\/\/www.muehlebirgel.de\/fr\/excursion-dune-journee-dans-leifel#breadcrumb","itemListElement":[{"@type":"ListItem","position":1,"name":"Startseite","item":"https:\/\/www.muehlebirgel.de\/fr"},{"@type":"ListItem","position":2,"name":"Excursion d&#8217;une journ\u00e9e dans l&#8217;Eifel"}]},{"@type":"WebSite","@id":"https:\/\/www.muehlebirgel.de\/fr\/#website","url":"https:\/\/www.muehlebirgel.de\/fr\/","name":"Historische Wasserm\u00fchle Birgel","description":"Willkommen im M\u00fchlen-Erlebniszentrum","potentialAction":[{"@type":"SearchAction","target":{"@type":"EntryPoint","urlTemplate":"https:\/\/www.muehlebirgel.de\/fr\/?s={search_term_string}"},"query-input":{"@type":"PropertyValueSpecification","valueRequired":true,"valueName":"search_term_string"}}],"inLanguage":"fr-FR"}]}},"_links":{"self":[{"href":"https:\/\/www.muehlebirgel.de\/fr\/wp-json\/wp\/v2\/pages\/9922","targetHints":{"allow":["GET"]}}],"collection":[{"href":"https:\/\/www.muehlebirgel.de\/fr\/wp-json\/wp\/v2\/pages"}],"about":[{"href":"https:\/\/www.muehlebirgel.de\/fr\/wp-json\/wp\/v2\/types\/page"}],"author":[{"embeddable":true,"href":"https:\/\/www.muehlebirgel.de\/fr\/wp-json\/wp\/v2\/users\/1"}],"replies":[{"embeddable":true,"href":"https:\/\/www.muehlebirgel.de\/fr\/wp-json\/wp\/v2\/comments?post=9922"}],"version-history":[{"count":0,"href":"https:\/\/www.muehlebirgel.de\/fr\/wp-json\/wp\/v2\/pages\/9922\/revisions"}],"wp:attachment":[{"href":"https:\/\/www.muehlebirgel.de\/fr\/wp-json\/wp\/v2\/media?parent=9922"}],"curies":[{"name":"wp","href":"https:\/\/api.w.org\/{rel}","templated":true}]}}