{"id":9925,"date":"2021-12-10T15:02:42","date_gmt":"2021-12-10T15:02:42","guid":{"rendered":"https:\/\/www.muehlebirgel.de\/celebrez-votre-mariage-dans-leifel\/rapports-de-mariage-du-moulin-a-eau\/mariage-romantique-en-septembre\/"},"modified":"2021-12-10T15:02:42","modified_gmt":"2021-12-10T15:02:42","slug":"mariage-romantique-en-septembre","status":"publish","type":"page","link":"https:\/\/www.muehlebirgel.de\/fr\/mariage-romantique-en-septembre\/","title":{"rendered":"Mariage romantique en septembre"},"content":{"rendered":"<h2>Le mariage de Daniela et Alexandre<\/h2>\n<p><img decoding=\"async\" class=\" alignleft size-full wp-image-422\" width=\"300\" align=\"left\" src=\"https:\/\/www.muehlebirgel.de\/wp-content\/uploads\/2010\/11\/hochzeit-september-web.jpg\" alt=\"Daniela und Alexander - Septemberhochzeit\" style=\"margin: 0pt 10px 10px 0pt\" srcset=\"https:\/\/www.muehlebirgel.de\/wp-content\/uploads\/2010\/11\/hochzeit-september-web.jpg 300w, https:\/\/www.muehlebirgel.de\/wp-content\/uploads\/2010\/11\/hochzeit-september-web-225x300.jpg 225w\" sizes=\"(max-width: 300px) 100vw, 300px\" \/> C&rsquo;\u00e9tait la meilleure d\u00e9cision en septembre&nbsp; se marier \u00e0 Birgel au moulin \u00e0 eau historique. Nous \u00e9tions d\u00e9j\u00e0 enthousiasm\u00e9s par les bons conseils \u00e0 l&rsquo;approche du mariage&nbsp; et le&nbsp; le patron du moulin toujours tr\u00e8s flexible Erwin refusons toute demande. Le cadre fantastique, la nourriture vraiment excellente, le service attentionn\u00e9 et toujours amical, la direction du moulin, le bureau d&rsquo;enregistrement et ses employ\u00e9s, le&nbsp; De d\u00e9licieux g\u00e2teaux de mariage, la r\u00e9ception au champagne, le petit-d\u00e9jeuner rafra\u00eechissant, les photographes et, enfin et surtout, la merveilleuse nuit\u00e9e ont rendu la journ\u00e9e tout simplement inoubliable. <\/p>\n<p>Chacun de nos invit\u00e9s s&rsquo;extasie sur la beaut\u00e9 et la magie de ce mariage lorsque nous les reverrons. Tout a \u00e9t\u00e9 pris en charge avec beaucoup de soin et d&rsquo;attention aux d\u00e9tails, donc vous vous \u00eates vraiment senti \u00e0 l&rsquo;aise. Lorsqu&rsquo;on nous demande ce que nous aurions pu faire diff\u00e9remment, nous pourrions facilement r\u00e9pondre : rien. Nous reviendrions certainement tout recommencer. Maintenant, nous tenons \u00e0 remercier encore une fois Erwin, qui nous a divertis ainsi que nos invit\u00e9s avec beaucoup de charme eifel ce soir-l\u00e0 jusque tard dans la nuit et remercions tous les autres employ\u00e9s pour le merveilleux week-end de mariage.<\/p>\n<p><strong> Daniela et Alexandre&nbsp; <\/strong><\/p>\n","protected":false},"excerpt":{"rendered":"<p>Le mariage de Daniela et Alexandre C&rsquo;\u00e9tait la meilleure d\u00e9cision en septembre&nbsp; se marier \u00e0 Birgel au moulin \u00e0 eau historique. Nous \u00e9tions d\u00e9j\u00e0 enthousiasm\u00e9s par les bons conseils \u00e0 l&rsquo;approche du mariage&nbsp; et le&nbsp; le patron du moulin toujours tr\u00e8s flexible Erwin refusons toute demande. Le cadre fantastique, la nourriture vraiment excellente, le service [&hellip;]<\/p>\n","protected":false},"author":1,"featured_media":0,"parent":9864,"menu_order":9,"comment_status":"closed","ping_status":"closed","template":"","meta":{"footnotes":""},"categories":[],"class_list":["post-9925","page","type-page","status-publish","hentry"],"yoast_head":"<!-- This site is optimized with the Yoast SEO plugin v27.5 - https:\/\/yoast.com\/product\/yoast-seo-wordpress\/ -->\n<title>Mariage romantique en septembre - Historische Wasserm\u00fchle Birgel<\/title>\n<meta name=\"robots\" content=\"noindex, follow, max-snippet:-1, max-image-preview:large, max-video-preview:-1\" \/>\n<meta property=\"og:locale\" content=\"fr_FR\" \/>\n<meta property=\"og:type\" content=\"article\" \/>\n<meta property=\"og:title\" content=\"Mariage romantique en septembre - Historische Wasserm\u00fchle Birgel\" \/>\n<meta property=\"og:description\" content=\"Le mariage de Daniela et Alexandre C&rsquo;\u00e9tait la meilleure d\u00e9cision en septembre&nbsp; se marier \u00e0 Birgel au moulin \u00e0 eau historique. Nous \u00e9tions d\u00e9j\u00e0 enthousiasm\u00e9s par les bons conseils \u00e0 l&rsquo;approche du mariage&nbsp; et le&nbsp; le patron du moulin toujours tr\u00e8s flexible Erwin refusons toute demande. Le cadre fantastique, la nourriture vraiment excellente, le service [&hellip;]\" \/>\n<meta property=\"og:url\" content=\"https:\/\/www.muehlebirgel.de\/fr\/mariage-romantique-en-septembre\/\" \/>\n<meta property=\"og:site_name\" content=\"Historische Wasserm\u00fchle Birgel\" \/>\n<meta property=\"og:image\" content=\"https:\/\/www.muehlebirgel.de\/wp-content\/uploads\/2010\/11\/hochzeit-september-web.jpg\" \/>\n<meta name=\"twitter:card\" content=\"summary_large_image\" \/>\n<meta name=\"twitter:label1\" content=\"Dur\u00e9e de lecture estim\u00e9e\" \/>\n\t<meta name=\"twitter:data1\" content=\"1 minute\" \/>\n<script type=\"application\/ld+json\" class=\"yoast-schema-graph\">{\"@context\":\"https:\\\/\\\/schema.org\",\"@graph\":[{\"@type\":\"WebPage\",\"@id\":\"https:\\\/\\\/www.muehlebirgel.de\\\/fr\\\/mariage-romantique-en-septembre\\\/\",\"url\":\"https:\\\/\\\/www.muehlebirgel.de\\\/fr\\\/mariage-romantique-en-septembre\\\/\",\"name\":\"Mariage romantique en septembre - Historische Wasserm\u00fchle Birgel\",\"isPartOf\":{\"@id\":\"https:\\\/\\\/www.muehlebirgel.de\\\/fr\\\/#website\"},\"primaryImageOfPage\":{\"@id\":\"https:\\\/\\\/www.muehlebirgel.de\\\/fr\\\/mariage-romantique-en-septembre\\\/#primaryimage\"},\"image\":{\"@id\":\"https:\\\/\\\/www.muehlebirgel.de\\\/fr\\\/mariage-romantique-en-septembre\\\/#primaryimage\"},\"thumbnailUrl\":\"https:\\\/\\\/www.muehlebirgel.de\\\/wp-content\\\/uploads\\\/2010\\\/11\\\/hochzeit-september-web.jpg\",\"datePublished\":\"2021-12-10T15:02:42+00:00\",\"breadcrumb\":{\"@id\":\"https:\\\/\\\/www.muehlebirgel.de\\\/fr\\\/mariage-romantique-en-septembre\\\/#breadcrumb\"},\"inLanguage\":\"fr-FR\",\"potentialAction\":[{\"@type\":\"ReadAction\",\"target\":[\"https:\\\/\\\/www.muehlebirgel.de\\\/fr\\\/mariage-romantique-en-septembre\\\/\"]}]},{\"@type\":\"ImageObject\",\"inLanguage\":\"fr-FR\",\"@id\":\"https:\\\/\\\/www.muehlebirgel.de\\\/fr\\\/mariage-romantique-en-septembre\\\/#primaryimage\",\"url\":\"https:\\\/\\\/www.muehlebirgel.de\\\/wp-content\\\/uploads\\\/2010\\\/11\\\/hochzeit-september-web.jpg\",\"contentUrl\":\"https:\\\/\\\/www.muehlebirgel.de\\\/wp-content\\\/uploads\\\/2010\\\/11\\\/hochzeit-september-web.jpg\"},{\"@type\":\"BreadcrumbList\",\"@id\":\"https:\\\/\\\/www.muehlebirgel.de\\\/fr\\\/mariage-romantique-en-septembre\\\/#breadcrumb\",\"itemListElement\":[{\"@type\":\"ListItem\",\"position\":1,\"name\":\"Startseite\",\"item\":\"https:\\\/\\\/www.muehlebirgel.de\\\/fr\\\/startseite\\\/\"},{\"@type\":\"ListItem\",\"position\":2,\"name\":\"Mariages\",\"item\":\"https:\\\/\\\/www.muehlebirgel.de\\\/fr\\\/hochzeiten\\\/\"},{\"@type\":\"ListItem\",\"position\":3,\"name\":\"Rapports de mariage\",\"item\":\"https:\\\/\\\/www.muehlebirgel.de\\\/fr\\\/hochzeitsberichte\\\/\"},{\"@type\":\"ListItem\",\"position\":4,\"name\":\"Mariage romantique en septembre\"}]},{\"@type\":\"WebSite\",\"@id\":\"https:\\\/\\\/www.muehlebirgel.de\\\/fr\\\/#website\",\"url\":\"https:\\\/\\\/www.muehlebirgel.de\\\/fr\\\/\",\"name\":\"Historische Wasserm\u00fchle Birgel\",\"description\":\"Willkommen im M\u00fchlen-Erlebniszentrum\",\"publisher\":{\"@id\":\"https:\\\/\\\/www.muehlebirgel.de\\\/fr\\\/#organization\"},\"potentialAction\":[{\"@type\":\"SearchAction\",\"target\":{\"@type\":\"EntryPoint\",\"urlTemplate\":\"https:\\\/\\\/www.muehlebirgel.de\\\/fr\\\/?s={search_term_string}\"},\"query-input\":{\"@type\":\"PropertyValueSpecification\",\"valueRequired\":true,\"valueName\":\"search_term_string\"}}],\"inLanguage\":\"fr-FR\"},{\"@type\":\"Organization\",\"@id\":\"https:\\\/\\\/www.muehlebirgel.de\\\/fr\\\/#organization\",\"name\":\"Historische Wasserm\u00fchle Birgel\",\"url\":\"https:\\\/\\\/www.muehlebirgel.de\\\/fr\\\/\",\"logo\":{\"@type\":\"ImageObject\",\"inLanguage\":\"fr-FR\",\"@id\":\"https:\\\/\\\/www.muehlebirgel.de\\\/fr\\\/#\\\/schema\\\/logo\\\/image\\\/\",\"url\":\"https:\\\/\\\/www.muehlebirgel.de\\\/wp-content\\\/uploads\\\/logo-muehle-schwarz.webp\",\"contentUrl\":\"https:\\\/\\\/www.muehlebirgel.de\\\/wp-content\\\/uploads\\\/logo-muehle-schwarz.webp\",\"width\":2140,\"height\":1803,\"caption\":\"Historische Wasserm\u00fchle Birgel\"},\"image\":{\"@id\":\"https:\\\/\\\/www.muehlebirgel.de\\\/fr\\\/#\\\/schema\\\/logo\\\/image\\\/\"}}]}<\/script>\n<!-- \/ Yoast SEO plugin. -->","yoast_head_json":{"title":"Mariage romantique en septembre - Historische Wasserm\u00fchle Birgel","robots":{"index":"noindex","follow":"follow","max-snippet":"max-snippet:-1","max-image-preview":"max-image-preview:large","max-video-preview":"max-video-preview:-1"},"og_locale":"fr_FR","og_type":"article","og_title":"Mariage romantique en septembre - Historische Wasserm\u00fchle Birgel","og_description":"Le mariage de Daniela et Alexandre C&rsquo;\u00e9tait la meilleure d\u00e9cision en septembre&nbsp; se marier \u00e0 Birgel au moulin \u00e0 eau historique. Nous \u00e9tions d\u00e9j\u00e0 enthousiasm\u00e9s par les bons conseils \u00e0 l&rsquo;approche du mariage&nbsp; et le&nbsp; le patron du moulin toujours tr\u00e8s flexible Erwin refusons toute demande. Le cadre fantastique, la nourriture vraiment excellente, le service [&hellip;]","og_url":"https:\/\/www.muehlebirgel.de\/fr\/mariage-romantique-en-septembre\/","og_site_name":"Historische Wasserm\u00fchle Birgel","og_image":[{"url":"https:\/\/www.muehlebirgel.de\/wp-content\/uploads\/2010\/11\/hochzeit-september-web.jpg","type":"","width":"","height":""}],"twitter_card":"summary_large_image","twitter_misc":{"Dur\u00e9e de lecture estim\u00e9e":"1 minute"},"schema":{"@context":"https:\/\/schema.org","@graph":[{"@type":"WebPage","@id":"https:\/\/www.muehlebirgel.de\/fr\/mariage-romantique-en-septembre\/","url":"https:\/\/www.muehlebirgel.de\/fr\/mariage-romantique-en-septembre\/","name":"Mariage romantique en septembre - Historische Wasserm\u00fchle Birgel","isPartOf":{"@id":"https:\/\/www.muehlebirgel.de\/fr\/#website"},"primaryImageOfPage":{"@id":"https:\/\/www.muehlebirgel.de\/fr\/mariage-romantique-en-septembre\/#primaryimage"},"image":{"@id":"https:\/\/www.muehlebirgel.de\/fr\/mariage-romantique-en-septembre\/#primaryimage"},"thumbnailUrl":"https:\/\/www.muehlebirgel.de\/wp-content\/uploads\/2010\/11\/hochzeit-september-web.jpg","datePublished":"2021-12-10T15:02:42+00:00","breadcrumb":{"@id":"https:\/\/www.muehlebirgel.de\/fr\/mariage-romantique-en-septembre\/#breadcrumb"},"inLanguage":"fr-FR","potentialAction":[{"@type":"ReadAction","target":["https:\/\/www.muehlebirgel.de\/fr\/mariage-romantique-en-septembre\/"]}]},{"@type":"ImageObject","inLanguage":"fr-FR","@id":"https:\/\/www.muehlebirgel.de\/fr\/mariage-romantique-en-septembre\/#primaryimage","url":"https:\/\/www.muehlebirgel.de\/wp-content\/uploads\/2010\/11\/hochzeit-september-web.jpg","contentUrl":"https:\/\/www.muehlebirgel.de\/wp-content\/uploads\/2010\/11\/hochzeit-september-web.jpg"},{"@type":"BreadcrumbList","@id":"https:\/\/www.muehlebirgel.de\/fr\/mariage-romantique-en-septembre\/#breadcrumb","itemListElement":[{"@type":"ListItem","position":1,"name":"Startseite","item":"https:\/\/www.muehlebirgel.de\/fr\/startseite\/"},{"@type":"ListItem","position":2,"name":"Mariages","item":"https:\/\/www.muehlebirgel.de\/fr\/hochzeiten\/"},{"@type":"ListItem","position":3,"name":"Rapports de mariage","item":"https:\/\/www.muehlebirgel.de\/fr\/hochzeitsberichte\/"},{"@type":"ListItem","position":4,"name":"Mariage romantique en septembre"}]},{"@type":"WebSite","@id":"https:\/\/www.muehlebirgel.de\/fr\/#website","url":"https:\/\/www.muehlebirgel.de\/fr\/","name":"Historische Wasserm\u00fchle Birgel","description":"Willkommen im M\u00fchlen-Erlebniszentrum","publisher":{"@id":"https:\/\/www.muehlebirgel.de\/fr\/#organization"},"potentialAction":[{"@type":"SearchAction","target":{"@type":"EntryPoint","urlTemplate":"https:\/\/www.muehlebirgel.de\/fr\/?s={search_term_string}"},"query-input":{"@type":"PropertyValueSpecification","valueRequired":true,"valueName":"search_term_string"}}],"inLanguage":"fr-FR"},{"@type":"Organization","@id":"https:\/\/www.muehlebirgel.de\/fr\/#organization","name":"Historische Wasserm\u00fchle Birgel","url":"https:\/\/www.muehlebirgel.de\/fr\/","logo":{"@type":"ImageObject","inLanguage":"fr-FR","@id":"https:\/\/www.muehlebirgel.de\/fr\/#\/schema\/logo\/image\/","url":"https:\/\/www.muehlebirgel.de\/wp-content\/uploads\/logo-muehle-schwarz.webp","contentUrl":"https:\/\/www.muehlebirgel.de\/wp-content\/uploads\/logo-muehle-schwarz.webp","width":2140,"height":1803,"caption":"Historische Wasserm\u00fchle Birgel"},"image":{"@id":"https:\/\/www.muehlebirgel.de\/fr\/#\/schema\/logo\/image\/"}}]}},"_links":{"self":[{"href":"https:\/\/www.muehlebirgel.de\/fr\/wp-json\/wp\/v2\/pages\/9925","targetHints":{"allow":["GET"]}}],"collection":[{"href":"https:\/\/www.muehlebirgel.de\/fr\/wp-json\/wp\/v2\/pages"}],"about":[{"href":"https:\/\/www.muehlebirgel.de\/fr\/wp-json\/wp\/v2\/types\/page"}],"author":[{"embeddable":true,"href":"https:\/\/www.muehlebirgel.de\/fr\/wp-json\/wp\/v2\/users\/1"}],"replies":[{"embeddable":true,"href":"https:\/\/www.muehlebirgel.de\/fr\/wp-json\/wp\/v2\/comments?post=9925"}],"version-history":[{"count":0,"href":"https:\/\/www.muehlebirgel.de\/fr\/wp-json\/wp\/v2\/pages\/9925\/revisions"}],"up":[{"embeddable":true,"href":"https:\/\/www.muehlebirgel.de\/fr\/wp-json\/wp\/v2\/pages\/9864"}],"wp:attachment":[{"href":"https:\/\/www.muehlebirgel.de\/fr\/wp-json\/wp\/v2\/media?parent=9925"}],"wp:term":[{"taxonomy":"category","embeddable":true,"href":"https:\/\/www.muehlebirgel.de\/fr\/wp-json\/wp\/v2\/categories?post=9925"}],"curies":[{"name":"wp","href":"https:\/\/api.w.org\/{rel}","templated":true}]}}