{"id":9929,"date":"2021-12-10T15:02:45","date_gmt":"2021-12-10T15:02:45","guid":{"rendered":"https:\/\/www.muehlebirgel.de\/parc-animalier-de-schmidt-dans-leifel\/"},"modified":"2021-12-10T15:02:45","modified_gmt":"2021-12-10T15:02:45","slug":"parc-animalier-de-schmidt-dans-leifel","status":"publish","type":"page","link":"https:\/\/www.muehlebirgel.de\/fr\/parc-animalier-de-schmidt-dans-leifel","title":{"rendered":"Parc animalier de Schmidt dans l&rsquo;Eifel"},"content":{"rendered":"<p>Le moulin \u00e0 eau historique de Birgel dans le Vulkaneifel n&rsquo;est pas seulement un tuyau d&rsquo;initi\u00e9 si vous cherchez un endroit tr\u00e8s sp\u00e9cial o\u00f9 s\u00e9journer, c&rsquo;est aussi un tr\u00e8s bon point de d\u00e9part pour un certain nombre de sites touristiques de la r\u00e9gion.<\/p>\n<p>Le parc animalier Schmidt dans l&rsquo;Eifel, par exemple, est l&rsquo;un des nombreux parcs animaliers et animaliers de la r\u00e9gion de l&rsquo;Eifel. Il existe depuis plus de 30 ans et est donc l&rsquo;un des plus anciens du genre. Avec une superficie totale d&rsquo;environ 110 acres, le parc animalier est \u00e9galement \u00e9tonnamment grand &#8211; les sentiers de randonn\u00e9e du parc font environ cinq kilom\u00e8tres de long &#8211; un endroit id\u00e9al pour se promener ainsi. Les animaux sont \u00e9galement donn\u00e9s une gamme si \u00e9norme; Ils se sentent clairement chez eux sur la grande surface et sont heureux d&rsquo;\u00eatre photographi\u00e9s et nourris par les visiteurs. On peut voir principalement des animaux sauvages indig\u00e8nes tels que des cerfs \u00e9laphes et des daims dans le parc. Une cinquantaine de cerfs vivent dans le parc animalier &#8211; o\u00f9 avez-vous la chance d&rsquo;apercevoir autant de ces puissants animaux \u00e0 l&rsquo;\u00e9tat sauvage&nbsp;? Une visite au parc en automne vaut particuli\u00e8rement la peine, car vous pourrez alors observer les animaux pendant le rut. Mais vous pouvez \u00e9galement vous rapprocher d&rsquo;animaux domestiques tels que des lapins, des canards et des ch\u00e8vres dans le parc animalier de Schmidt dans l&rsquo;Eifel &#8211; c&rsquo;est une exp\u00e9rience sans pr\u00e9c\u00e9dent, en particulier pour les enfants de la ville. L&rsquo;\u00e9tang du parc animalier laisse s&rsquo;\u00e9panouir le c\u0153ur de tous les passionn\u00e9s de p\u00eache, car une multitude de types de carpes diff\u00e9rentes y vivent.<br \/>\nBien s\u00fbr, le bien-\u00eatre physique est \u00e9galement pris en compte : dans \u00ab\u00a0Lilli&rsquo;s Kaffestube\u00a0\u00bb, il y a toutes sortes de nourriture pour les petits et les grands app\u00e9tits. Soit dit en passant, si vous voulez seulement visiter le caf\u00e9, vous ne payez aucune entr\u00e9e et avez toujours une belle vue sur les animaux.<br \/>\nLe parc animalier Schmidt dans l&rsquo;Eifel peut \u00eatre visit\u00e9 jusqu&rsquo;\u00e0 18h00 en \u00e9t\u00e9 et jusqu&rsquo;\u00e0 16h00 en hiver. Afin que le parc animalier soit pr\u00e9serv\u00e9 dans sa beaut\u00e9 actuelle, un droit d&rsquo;entr\u00e9e de 3,50 euros est exig\u00e9 pour les adultes ; Les enfants paient un peu moins. Les chiens tenus en laisse sont \u00e9galement autoris\u00e9s dans le parc animalier.<\/p>\n<p>Apr\u00e8s une journ\u00e9e bien remplie dans le parc animalier de Schmidt dans l&rsquo;Eifel, vous serez certainement heureux de retourner au moulin \u00e0 eau historique de Birgel pour vous fortifier avec un repas fait maison. Le restaurant \u00ab\u00a0Le Moulin\u00a0\u00bb propose une cuisine r\u00e9gionale typique &#8211; apr\u00e8s le d\u00eener, vous pourrez vous d\u00e9tendre et vous endormir dans l&rsquo;une des jolies chambres.<br \/>\n&nbsp;<\/p>\n","protected":false},"excerpt":{"rendered":"<p>Le moulin \u00e0 eau historique de Birgel dans le Vulkaneifel n&rsquo;est pas seulement un tuyau d&rsquo;initi\u00e9 si vous cherchez un endroit tr\u00e8s sp\u00e9cial o\u00f9 s\u00e9journer, c&rsquo;est aussi un tr\u00e8s bon point de d\u00e9part pour un certain nombre de sites touristiques de la r\u00e9gion. Le parc animalier Schmidt dans l&rsquo;Eifel, par exemple, est l&rsquo;un des nombreux [&hellip;]<\/p>\n","protected":false},"author":1,"featured_media":0,"parent":0,"menu_order":71,"comment_status":"closed","ping_status":"closed","template":"","meta":{"footnotes":""},"class_list":["post-9929","page","type-page","status-publish","hentry"],"yoast_head":"<!-- This site is optimized with the Yoast SEO plugin v27.2 - https:\/\/yoast.com\/product\/yoast-seo-wordpress\/ -->\n<title>Parc animalier de Schmidt dans l&#039;Eifel - Historische Wasserm\u00fchle Birgel<\/title>\n<meta name=\"robots\" content=\"index, follow, max-snippet:-1, max-image-preview:large, max-video-preview:-1\" \/>\n<link rel=\"canonical\" href=\"https:\/\/www.muehlebirgel.de\/fr\/parc-animalier-de-schmidt-dans-leifel\" \/>\n<meta property=\"og:locale\" content=\"fr_FR\" \/>\n<meta property=\"og:type\" content=\"article\" \/>\n<meta property=\"og:title\" content=\"Parc animalier de Schmidt dans l&#039;Eifel - Historische Wasserm\u00fchle Birgel\" \/>\n<meta property=\"og:description\" content=\"Le moulin \u00e0 eau historique de Birgel dans le Vulkaneifel n&rsquo;est pas seulement un tuyau d&rsquo;initi\u00e9 si vous cherchez un endroit tr\u00e8s sp\u00e9cial o\u00f9 s\u00e9journer, c&rsquo;est aussi un tr\u00e8s bon point de d\u00e9part pour un certain nombre de sites touristiques de la r\u00e9gion. Le parc animalier Schmidt dans l&rsquo;Eifel, par exemple, est l&rsquo;un des nombreux [&hellip;]\" \/>\n<meta property=\"og:url\" content=\"https:\/\/www.muehlebirgel.de\/fr\/parc-animalier-de-schmidt-dans-leifel\/\" \/>\n<meta property=\"og:site_name\" content=\"Historische Wasserm\u00fchle Birgel\" \/>\n<meta name=\"twitter:card\" content=\"summary_large_image\" \/>\n<meta name=\"twitter:label1\" content=\"Dur\u00e9e de lecture estim\u00e9e\" \/>\n\t<meta name=\"twitter:data1\" content=\"2 minutes\" \/>\n<script type=\"application\/ld+json\" class=\"yoast-schema-graph\">{\"@context\":\"https:\/\/schema.org\",\"@graph\":[{\"@type\":\"WebPage\",\"@id\":\"https:\/\/www.muehlebirgel.de\/fr\/parc-animalier-de-schmidt-dans-leifel\",\"url\":\"https:\/\/www.muehlebirgel.de\/fr\/parc-animalier-de-schmidt-dans-leifel\",\"name\":\"Parc animalier de Schmidt dans l'Eifel - Historische Wasserm\u00fchle Birgel\",\"isPartOf\":{\"@id\":\"https:\/\/www.muehlebirgel.de\/fr\/#website\"},\"datePublished\":\"2021-12-10T15:02:45+00:00\",\"breadcrumb\":{\"@id\":\"https:\/\/www.muehlebirgel.de\/fr\/parc-animalier-de-schmidt-dans-leifel#breadcrumb\"},\"inLanguage\":\"fr-FR\",\"potentialAction\":[{\"@type\":\"ReadAction\",\"target\":[\"https:\/\/www.muehlebirgel.de\/fr\/parc-animalier-de-schmidt-dans-leifel\"]}]},{\"@type\":\"BreadcrumbList\",\"@id\":\"https:\/\/www.muehlebirgel.de\/fr\/parc-animalier-de-schmidt-dans-leifel#breadcrumb\",\"itemListElement\":[{\"@type\":\"ListItem\",\"position\":1,\"name\":\"Startseite\",\"item\":\"https:\/\/www.muehlebirgel.de\/fr\"},{\"@type\":\"ListItem\",\"position\":2,\"name\":\"Parc animalier de Schmidt dans l&#8217;Eifel\"}]},{\"@type\":\"WebSite\",\"@id\":\"https:\/\/www.muehlebirgel.de\/fr\/#website\",\"url\":\"https:\/\/www.muehlebirgel.de\/fr\/\",\"name\":\"Historische Wasserm\u00fchle Birgel\",\"description\":\"Willkommen im M\u00fchlen-Erlebniszentrum\",\"potentialAction\":[{\"@type\":\"SearchAction\",\"target\":{\"@type\":\"EntryPoint\",\"urlTemplate\":\"https:\/\/www.muehlebirgel.de\/fr\/?s={search_term_string}\"},\"query-input\":{\"@type\":\"PropertyValueSpecification\",\"valueRequired\":true,\"valueName\":\"search_term_string\"}}],\"inLanguage\":\"fr-FR\"}]}<\/script>\n<!-- \/ Yoast SEO plugin. -->","yoast_head_json":{"title":"Parc animalier de Schmidt dans l'Eifel - Historische Wasserm\u00fchle Birgel","robots":{"index":"index","follow":"follow","max-snippet":"max-snippet:-1","max-image-preview":"max-image-preview:large","max-video-preview":"max-video-preview:-1"},"canonical":"https:\/\/www.muehlebirgel.de\/fr\/parc-animalier-de-schmidt-dans-leifel","og_locale":"fr_FR","og_type":"article","og_title":"Parc animalier de Schmidt dans l'Eifel - Historische Wasserm\u00fchle Birgel","og_description":"Le moulin \u00e0 eau historique de Birgel dans le Vulkaneifel n&rsquo;est pas seulement un tuyau d&rsquo;initi\u00e9 si vous cherchez un endroit tr\u00e8s sp\u00e9cial o\u00f9 s\u00e9journer, c&rsquo;est aussi un tr\u00e8s bon point de d\u00e9part pour un certain nombre de sites touristiques de la r\u00e9gion. Le parc animalier Schmidt dans l&rsquo;Eifel, par exemple, est l&rsquo;un des nombreux [&hellip;]","og_url":"https:\/\/www.muehlebirgel.de\/fr\/parc-animalier-de-schmidt-dans-leifel\/","og_site_name":"Historische Wasserm\u00fchle Birgel","twitter_card":"summary_large_image","twitter_misc":{"Dur\u00e9e de lecture estim\u00e9e":"2 minutes"},"schema":{"@context":"https:\/\/schema.org","@graph":[{"@type":"WebPage","@id":"https:\/\/www.muehlebirgel.de\/fr\/parc-animalier-de-schmidt-dans-leifel","url":"https:\/\/www.muehlebirgel.de\/fr\/parc-animalier-de-schmidt-dans-leifel","name":"Parc animalier de Schmidt dans l'Eifel - Historische Wasserm\u00fchle Birgel","isPartOf":{"@id":"https:\/\/www.muehlebirgel.de\/fr\/#website"},"datePublished":"2021-12-10T15:02:45+00:00","breadcrumb":{"@id":"https:\/\/www.muehlebirgel.de\/fr\/parc-animalier-de-schmidt-dans-leifel#breadcrumb"},"inLanguage":"fr-FR","potentialAction":[{"@type":"ReadAction","target":["https:\/\/www.muehlebirgel.de\/fr\/parc-animalier-de-schmidt-dans-leifel"]}]},{"@type":"BreadcrumbList","@id":"https:\/\/www.muehlebirgel.de\/fr\/parc-animalier-de-schmidt-dans-leifel#breadcrumb","itemListElement":[{"@type":"ListItem","position":1,"name":"Startseite","item":"https:\/\/www.muehlebirgel.de\/fr"},{"@type":"ListItem","position":2,"name":"Parc animalier de Schmidt dans l&#8217;Eifel"}]},{"@type":"WebSite","@id":"https:\/\/www.muehlebirgel.de\/fr\/#website","url":"https:\/\/www.muehlebirgel.de\/fr\/","name":"Historische Wasserm\u00fchle Birgel","description":"Willkommen im M\u00fchlen-Erlebniszentrum","potentialAction":[{"@type":"SearchAction","target":{"@type":"EntryPoint","urlTemplate":"https:\/\/www.muehlebirgel.de\/fr\/?s={search_term_string}"},"query-input":{"@type":"PropertyValueSpecification","valueRequired":true,"valueName":"search_term_string"}}],"inLanguage":"fr-FR"}]}},"_links":{"self":[{"href":"https:\/\/www.muehlebirgel.de\/fr\/wp-json\/wp\/v2\/pages\/9929","targetHints":{"allow":["GET"]}}],"collection":[{"href":"https:\/\/www.muehlebirgel.de\/fr\/wp-json\/wp\/v2\/pages"}],"about":[{"href":"https:\/\/www.muehlebirgel.de\/fr\/wp-json\/wp\/v2\/types\/page"}],"author":[{"embeddable":true,"href":"https:\/\/www.muehlebirgel.de\/fr\/wp-json\/wp\/v2\/users\/1"}],"replies":[{"embeddable":true,"href":"https:\/\/www.muehlebirgel.de\/fr\/wp-json\/wp\/v2\/comments?post=9929"}],"version-history":[{"count":0,"href":"https:\/\/www.muehlebirgel.de\/fr\/wp-json\/wp\/v2\/pages\/9929\/revisions"}],"wp:attachment":[{"href":"https:\/\/www.muehlebirgel.de\/fr\/wp-json\/wp\/v2\/media?parent=9929"}],"curies":[{"name":"wp","href":"https:\/\/api.w.org\/{rel}","templated":true}]}}