{"id":9948,"date":"2021-12-10T15:03:20","date_gmt":"2021-12-10T15:03:20","guid":{"rendered":"https:\/\/www.muehlebirgel.de\/celebrez-votre-mariage-dans-leifel\/rapports-de-mariage-du-moulin-a-eau\/le-mariage-de-michaela-et-torsten\/"},"modified":"2021-12-10T15:03:22","modified_gmt":"2021-12-10T15:03:22","slug":"le-mariage-de-michaela-et-torsten","status":"publish","type":"page","link":"https:\/\/www.muehlebirgel.de\/fr\/le-mariage-de-michaela-et-torsten","title":{"rendered":"Le mariage de Michaela et Torsten"},"content":{"rendered":"<h2> <span>12.12.2009 &#8211; L e<\/span> <span>plus beau jour de notre vie !<\/span><br \/><\/h2>\n<div class=\"bilderklein\"><img loading=\"lazy\" decoding=\"async\" class=\" size-full wp-image-476\" width=\"300\" height=\"450\" src=\"https:\/\/www.muehlebirgel.de\/wp-content\/uploads\/2011\/08\/regnerybild.de-172.JPG\" alt=\"Michaela und Torsten\"> <\/p>\n<p> <img decoding=\"async\" class=\" size-full wp-image-477\" width=\"300\" src=\"https:\/\/www.muehlebirgel.de\/wp-content\/uploads\/2011\/08\/regnerybild.de-193.JPG\" alt=\"Hochzeitstorte\"><\/div>\n<div class=\"textklein\"><strong> <span>Bonjour ch\u00e8re \u00e9quipe du moulin, <\/span><\/strong><span><\/p>\n<p>A l&rsquo;occasion de nos fian\u00e7ailles, nous sommes all\u00e9s d\u00eener au moulin d&rsquo;Erwin. Le lieu de notre mariage n&rsquo;\u00e9tait pas encore fix\u00e9 et pendant le d\u00eener, nous nous sommes dit, pourquoi ne nous marions-nous pas ici ?! Erwin a \u00e9t\u00e9 appel\u00e9, les premi\u00e8res id\u00e9es et souhaits ont \u00e9t\u00e9 exprim\u00e9s et peu de temps apr\u00e8s, nous avons jet\u00e9 un coup d&rsquo;\u0153il \u00e0 la salle de bal. <\/p>\n<p>Comme il \u00e9tait clair pour nous que nous voulions nous marier en hiver dans une ambiance de No\u00ebl, et que la salle de bal \u00e9tait d\u00e9j\u00e0 d\u00e9cor\u00e9e de nombreuses petites lumi\u00e8res, nous avons r\u00e9serv\u00e9 la date directement. M\u00eame alors, Erwin nous a assur\u00e9 que nous n&rsquo;avions \u00e0 nous soucier de rien et qu&rsquo;il avait tout donn\u00e9 pour que ce soit le plus beau jour de la vie pour nous. <\/p>\n<p>Erwin \u00e9tait \u00e0 nos c\u00f4t\u00e9s avec des conseils et des actions pour toutes les questions et id\u00e9es que nous avions et soudain notre grand jour \u00e9tait l\u00e0 : il y avait une ambiance de No\u00ebl partout dans les locaux du moulin, nous avions d\u00e9cor\u00e9 la salle de bal de mani\u00e8re appropri\u00e9e, les invit\u00e9s sont arriv\u00e9s et puis nous sommes all\u00e9s \u00e0 l&rsquo;\u00e9tat civil mari\u00e9 au moulin. <\/p>\n<p>Du d\u00e9but \u00e0 la fin, tout \u00e9tait fantastique, tout \u00e9tait comme nous l&rsquo;avions imagin\u00e9 &#8211; tout \u00e9tait parfait ! Nous remercions Erwin et toute l&rsquo;\u00e9quipe M\u00fchl d&rsquo;avoir fait de notre mariage le plus beau jour de notre vie !<\/p>\n<p>Nous reviendrons vers vous pour les noces d&rsquo;argent \ud83d\ude42<br \/><\/span><span><br \/> <\/span><strong><span> Michaela et Torsten<\/span><\/strong><\/div>\n<div style=\"clear:both\">&nbsp;<\/div>\n<p><img loading=\"lazy\" decoding=\"async\" class=\" size-full wp-image-478\" width=\"640\" height=\"427\" src=\"https:\/\/www.muehlebirgel.de\/wp-content\/uploads\/2011\/08\/regnerybild.de-213.JPG\" alt=\"M\u00fchlenhochzeit Location\" srcset=\"https:\/\/www.muehlebirgel.de\/wp-content\/uploads\/2011\/08\/regnerybild.de-213.JPG 640w, https:\/\/www.muehlebirgel.de\/wp-content\/uploads\/2011\/08\/regnerybild.de-213-600x400.jpg 600w, https:\/\/www.muehlebirgel.de\/wp-content\/uploads\/2011\/08\/regnerybild.de-213-400x267.jpg 400w, https:\/\/www.muehlebirgel.de\/wp-content\/uploads\/2011\/08\/regnerybild.de-213-367x245.jpg 367w\" sizes=\"auto, (max-width: 640px) 100vw, 640px\" \/><\/p>\n","protected":false},"excerpt":{"rendered":"<p>12.12.2009 &#8211; L e plus beau jour de notre vie ! Bonjour ch\u00e8re \u00e9quipe du moulin, A l&rsquo;occasion de nos fian\u00e7ailles, nous sommes all\u00e9s d\u00eener au moulin d&rsquo;Erwin. Le lieu de notre mariage n&rsquo;\u00e9tait pas encore fix\u00e9 et pendant le d\u00eener, nous nous sommes dit, pourquoi ne nous marions-nous pas ici ?! Erwin a \u00e9t\u00e9 [&hellip;]<\/p>\n","protected":false},"author":1,"featured_media":0,"parent":9864,"menu_order":19,"comment_status":"closed","ping_status":"closed","template":"","meta":{"footnotes":""},"class_list":["post-9948","page","type-page","status-publish","hentry"],"yoast_head":"<!-- This site is optimized with the Yoast SEO plugin v27.2 - https:\/\/yoast.com\/product\/yoast-seo-wordpress\/ -->\n<title>Le mariage de Michaela et Torsten - Historische Wasserm\u00fchle Birgel<\/title>\n<meta name=\"robots\" content=\"index, follow, max-snippet:-1, max-image-preview:large, max-video-preview:-1\" \/>\n<link rel=\"canonical\" href=\"https:\/\/www.muehlebirgel.de\/fr\/le-mariage-de-michaela-et-torsten\" \/>\n<meta property=\"og:locale\" content=\"fr_FR\" \/>\n<meta property=\"og:type\" content=\"article\" \/>\n<meta property=\"og:title\" content=\"Le mariage de Michaela et Torsten - Historische Wasserm\u00fchle Birgel\" \/>\n<meta property=\"og:description\" content=\"12.12.2009 &#8211; L e plus beau jour de notre vie ! Bonjour ch\u00e8re \u00e9quipe du moulin, A l&rsquo;occasion de nos fian\u00e7ailles, nous sommes all\u00e9s d\u00eener au moulin d&rsquo;Erwin. Le lieu de notre mariage n&rsquo;\u00e9tait pas encore fix\u00e9 et pendant le d\u00eener, nous nous sommes dit, pourquoi ne nous marions-nous pas ici ?! Erwin a \u00e9t\u00e9 [&hellip;]\" \/>\n<meta property=\"og:url\" content=\"https:\/\/www.muehlebirgel.de\/fr\/le-mariage-de-michaela-et-torsten\/\" \/>\n<meta property=\"og:site_name\" content=\"Historische Wasserm\u00fchle Birgel\" \/>\n<meta property=\"article:modified_time\" content=\"2021-12-10T15:03:22+00:00\" \/>\n<meta property=\"og:image\" content=\"https:\/\/www.muehlebirgel.de\/wp-content\/uploads\/2011\/08\/regnerybild.de-172.JPG\" \/>\n<meta name=\"twitter:card\" content=\"summary_large_image\" \/>\n<meta name=\"twitter:label1\" content=\"Dur\u00e9e de lecture estim\u00e9e\" \/>\n\t<meta name=\"twitter:data1\" content=\"1 minute\" \/>\n<script type=\"application\/ld+json\" class=\"yoast-schema-graph\">{\"@context\":\"https:\/\/schema.org\",\"@graph\":[{\"@type\":\"WebPage\",\"@id\":\"https:\/\/www.muehlebirgel.de\/fr\/le-mariage-de-michaela-et-torsten\",\"url\":\"https:\/\/www.muehlebirgel.de\/fr\/le-mariage-de-michaela-et-torsten\",\"name\":\"Le mariage de Michaela et Torsten - Historische Wasserm\u00fchle Birgel\",\"isPartOf\":{\"@id\":\"https:\/\/www.muehlebirgel.de\/fr\/#website\"},\"primaryImageOfPage\":{\"@id\":\"https:\/\/www.muehlebirgel.de\/fr\/le-mariage-de-michaela-et-torsten#primaryimage\"},\"image\":{\"@id\":\"https:\/\/www.muehlebirgel.de\/fr\/le-mariage-de-michaela-et-torsten#primaryimage\"},\"thumbnailUrl\":\"https:\/\/www.muehlebirgel.de\/wp-content\/uploads\/2011\/08\/regnerybild.de-172.JPG\",\"datePublished\":\"2021-12-10T15:03:20+00:00\",\"dateModified\":\"2021-12-10T15:03:22+00:00\",\"breadcrumb\":{\"@id\":\"https:\/\/www.muehlebirgel.de\/fr\/le-mariage-de-michaela-et-torsten#breadcrumb\"},\"inLanguage\":\"fr-FR\",\"potentialAction\":[{\"@type\":\"ReadAction\",\"target\":[\"https:\/\/www.muehlebirgel.de\/fr\/le-mariage-de-michaela-et-torsten\"]}]},{\"@type\":\"ImageObject\",\"inLanguage\":\"fr-FR\",\"@id\":\"https:\/\/www.muehlebirgel.de\/fr\/le-mariage-de-michaela-et-torsten#primaryimage\",\"url\":\"https:\/\/www.muehlebirgel.de\/wp-content\/uploads\/2011\/08\/regnerybild.de-172.JPG\",\"contentUrl\":\"https:\/\/www.muehlebirgel.de\/wp-content\/uploads\/2011\/08\/regnerybild.de-172.JPG\"},{\"@type\":\"BreadcrumbList\",\"@id\":\"https:\/\/www.muehlebirgel.de\/fr\/le-mariage-de-michaela-et-torsten#breadcrumb\",\"itemListElement\":[{\"@type\":\"ListItem\",\"position\":1,\"name\":\"Startseite\",\"item\":\"https:\/\/www.muehlebirgel.de\/fr\"},{\"@type\":\"ListItem\",\"position\":2,\"name\":\"C\u00e9l\u00e9brez votre mariage dans l&#8217;Eifel\",\"item\":\"https:\/\/www.muehlebirgel.de\/fr\/celebrez-votre-mariage-dans-leifel\"},{\"@type\":\"ListItem\",\"position\":3,\"name\":\"T\u00e9moignages de mariage du Moulin \u00e0 eau historique\",\"item\":\"https:\/\/www.muehlebirgel.de\/fr\/rapports-de-mariage-du-moulin-a-eau\"},{\"@type\":\"ListItem\",\"position\":4,\"name\":\"Le mariage de Michaela et Torsten\"}]},{\"@type\":\"WebSite\",\"@id\":\"https:\/\/www.muehlebirgel.de\/fr\/#website\",\"url\":\"https:\/\/www.muehlebirgel.de\/fr\/\",\"name\":\"Historische Wasserm\u00fchle Birgel\",\"description\":\"Willkommen im M\u00fchlen-Erlebniszentrum\",\"potentialAction\":[{\"@type\":\"SearchAction\",\"target\":{\"@type\":\"EntryPoint\",\"urlTemplate\":\"https:\/\/www.muehlebirgel.de\/fr\/?s={search_term_string}\"},\"query-input\":{\"@type\":\"PropertyValueSpecification\",\"valueRequired\":true,\"valueName\":\"search_term_string\"}}],\"inLanguage\":\"fr-FR\"}]}<\/script>\n<!-- \/ Yoast SEO plugin. -->","yoast_head_json":{"title":"Le mariage de Michaela et Torsten - Historische Wasserm\u00fchle Birgel","robots":{"index":"index","follow":"follow","max-snippet":"max-snippet:-1","max-image-preview":"max-image-preview:large","max-video-preview":"max-video-preview:-1"},"canonical":"https:\/\/www.muehlebirgel.de\/fr\/le-mariage-de-michaela-et-torsten","og_locale":"fr_FR","og_type":"article","og_title":"Le mariage de Michaela et Torsten - Historische Wasserm\u00fchle Birgel","og_description":"12.12.2009 &#8211; L e plus beau jour de notre vie ! Bonjour ch\u00e8re \u00e9quipe du moulin, A l&rsquo;occasion de nos fian\u00e7ailles, nous sommes all\u00e9s d\u00eener au moulin d&rsquo;Erwin. Le lieu de notre mariage n&rsquo;\u00e9tait pas encore fix\u00e9 et pendant le d\u00eener, nous nous sommes dit, pourquoi ne nous marions-nous pas ici ?! Erwin a \u00e9t\u00e9 [&hellip;]","og_url":"https:\/\/www.muehlebirgel.de\/fr\/le-mariage-de-michaela-et-torsten\/","og_site_name":"Historische Wasserm\u00fchle Birgel","article_modified_time":"2021-12-10T15:03:22+00:00","og_image":[{"url":"https:\/\/www.muehlebirgel.de\/wp-content\/uploads\/2011\/08\/regnerybild.de-172.JPG","type":"","width":"","height":""}],"twitter_card":"summary_large_image","twitter_misc":{"Dur\u00e9e de lecture estim\u00e9e":"1 minute"},"schema":{"@context":"https:\/\/schema.org","@graph":[{"@type":"WebPage","@id":"https:\/\/www.muehlebirgel.de\/fr\/le-mariage-de-michaela-et-torsten","url":"https:\/\/www.muehlebirgel.de\/fr\/le-mariage-de-michaela-et-torsten","name":"Le mariage de Michaela et Torsten - Historische Wasserm\u00fchle Birgel","isPartOf":{"@id":"https:\/\/www.muehlebirgel.de\/fr\/#website"},"primaryImageOfPage":{"@id":"https:\/\/www.muehlebirgel.de\/fr\/le-mariage-de-michaela-et-torsten#primaryimage"},"image":{"@id":"https:\/\/www.muehlebirgel.de\/fr\/le-mariage-de-michaela-et-torsten#primaryimage"},"thumbnailUrl":"https:\/\/www.muehlebirgel.de\/wp-content\/uploads\/2011\/08\/regnerybild.de-172.JPG","datePublished":"2021-12-10T15:03:20+00:00","dateModified":"2021-12-10T15:03:22+00:00","breadcrumb":{"@id":"https:\/\/www.muehlebirgel.de\/fr\/le-mariage-de-michaela-et-torsten#breadcrumb"},"inLanguage":"fr-FR","potentialAction":[{"@type":"ReadAction","target":["https:\/\/www.muehlebirgel.de\/fr\/le-mariage-de-michaela-et-torsten"]}]},{"@type":"ImageObject","inLanguage":"fr-FR","@id":"https:\/\/www.muehlebirgel.de\/fr\/le-mariage-de-michaela-et-torsten#primaryimage","url":"https:\/\/www.muehlebirgel.de\/wp-content\/uploads\/2011\/08\/regnerybild.de-172.JPG","contentUrl":"https:\/\/www.muehlebirgel.de\/wp-content\/uploads\/2011\/08\/regnerybild.de-172.JPG"},{"@type":"BreadcrumbList","@id":"https:\/\/www.muehlebirgel.de\/fr\/le-mariage-de-michaela-et-torsten#breadcrumb","itemListElement":[{"@type":"ListItem","position":1,"name":"Startseite","item":"https:\/\/www.muehlebirgel.de\/fr"},{"@type":"ListItem","position":2,"name":"C\u00e9l\u00e9brez votre mariage dans l&#8217;Eifel","item":"https:\/\/www.muehlebirgel.de\/fr\/celebrez-votre-mariage-dans-leifel"},{"@type":"ListItem","position":3,"name":"T\u00e9moignages de mariage du Moulin \u00e0 eau historique","item":"https:\/\/www.muehlebirgel.de\/fr\/rapports-de-mariage-du-moulin-a-eau"},{"@type":"ListItem","position":4,"name":"Le mariage de Michaela et Torsten"}]},{"@type":"WebSite","@id":"https:\/\/www.muehlebirgel.de\/fr\/#website","url":"https:\/\/www.muehlebirgel.de\/fr\/","name":"Historische Wasserm\u00fchle Birgel","description":"Willkommen im M\u00fchlen-Erlebniszentrum","potentialAction":[{"@type":"SearchAction","target":{"@type":"EntryPoint","urlTemplate":"https:\/\/www.muehlebirgel.de\/fr\/?s={search_term_string}"},"query-input":{"@type":"PropertyValueSpecification","valueRequired":true,"valueName":"search_term_string"}}],"inLanguage":"fr-FR"}]}},"_links":{"self":[{"href":"https:\/\/www.muehlebirgel.de\/fr\/wp-json\/wp\/v2\/pages\/9948","targetHints":{"allow":["GET"]}}],"collection":[{"href":"https:\/\/www.muehlebirgel.de\/fr\/wp-json\/wp\/v2\/pages"}],"about":[{"href":"https:\/\/www.muehlebirgel.de\/fr\/wp-json\/wp\/v2\/types\/page"}],"author":[{"embeddable":true,"href":"https:\/\/www.muehlebirgel.de\/fr\/wp-json\/wp\/v2\/users\/1"}],"replies":[{"embeddable":true,"href":"https:\/\/www.muehlebirgel.de\/fr\/wp-json\/wp\/v2\/comments?post=9948"}],"version-history":[{"count":1,"href":"https:\/\/www.muehlebirgel.de\/fr\/wp-json\/wp\/v2\/pages\/9948\/revisions"}],"predecessor-version":[{"id":9949,"href":"https:\/\/www.muehlebirgel.de\/fr\/wp-json\/wp\/v2\/pages\/9948\/revisions\/9949"}],"up":[{"embeddable":true,"href":"https:\/\/www.muehlebirgel.de\/fr\/wp-json\/wp\/v2\/pages\/9864"}],"wp:attachment":[{"href":"https:\/\/www.muehlebirgel.de\/fr\/wp-json\/wp\/v2\/media?parent=9948"}],"curies":[{"name":"wp","href":"https:\/\/api.w.org\/{rel}","templated":true}]}}