{"id":9953,"date":"2021-12-10T15:04:00","date_gmt":"2021-12-10T15:04:00","guid":{"rendered":"https:\/\/www.muehlebirgel.de\/hotel-romantique-dans-leifel-moulin-a-eau-historique-de-birgel\/offres-de-derniere-minute\/"},"modified":"2021-12-10T15:04:00","modified_gmt":"2021-12-10T15:04:00","slug":"offres-de-derniere-minute","status":"publish","type":"page","link":"https:\/\/www.muehlebirgel.de\/fr\/offres-de-derniere-minute","title":{"rendered":"offres de derni\u00e8re minute"},"content":{"rendered":"<h2>Des vacances spontan\u00e9es dans le moulin \u00e0 eau historique \u00e0 un prix imbattable<\/h2>\n<p>Parfois, il arrive que des clients annulent une nuit\u00e9e chez nous \u00e0 court terme. Nous souhaitons vous transmettre ces capacit\u00e9s gratuites ici. Donc, si vous recherchez une nuit romantique dans l&rsquo;Eifel \u00e0 court terme, vous devriez visiter cette page de temps en temps et garder un \u0153il dessus.<\/p>\n<p><img loading=\"lazy\" decoding=\"async\" class=\"size-full wp-image-123 alignleft\" style=\"width: 300px;height: 200px\" src=\"https:\/\/www.muehlebirgel.de\/wp-content\/uploads\/2009\/04\/ferienhaeuser.jpg\" alt=\"\" width=\"300\" height=\"200\"><\/p>\n<p>&nbsp;<\/p>\n<p>&nbsp;<\/p>\n<p>&nbsp;<\/p>\n<p>&nbsp;<\/p>\n<p>&nbsp;<\/p>\n<div>\n<p>&nbsp;<\/p>\n<\/div>\n<div>\n<hr>\n<p><img loading=\"lazy\" decoding=\"async\" class=\"size-full wp-image-121 alignleft\" style=\"width: 300px;height: 200px\" src=\"https:\/\/www.muehlebirgel.de\/wp-content\/uploads\/2009\/04\/paar-bett.jpg\" alt=\"\" width=\"300\" height=\"200\"><\/p>\n<div><\/div>\n<hr>\n<p><img loading=\"lazy\" decoding=\"async\" class=\"size-full wp-image-52 alignleft\" style=\"width: 300px;height: 200px\" src=\"https:\/\/www.muehlebirgel.de\/wp-content\/uploads\/2009\/04\/Muehle300x200.jpg\" alt=\"\" width=\"300\" height=\"200\"><\/p>\n<h2><\/h2>\n<hr>\n<p><img loading=\"lazy\" decoding=\"async\" class=\"size-full wp-image-54 alignleft\" style=\"width: 300px;height: 200px\" src=\"https:\/\/www.muehlebirgel.de\/wp-content\/uploads\/2009\/04\/senfmuehle.jpg\" alt=\"Senfmuele\" width=\"300\" height=\"200\"><\/p>\n<p><strong>Nous nous r\u00e9jouissons de votre demande au 06597\/92820 ou via notre <a style=\"color: #663300;text-decoration: underline\" href=\"https:\/\/www.muehlebirgel.de\/fr\/contacter\">formulaire de contact<\/a> !<\/strong><\/p>\n<\/div>\n","protected":false},"excerpt":{"rendered":"<p>Des vacances spontan\u00e9es dans le moulin \u00e0 eau historique \u00e0 un prix imbattable Parfois, il arrive que des clients annulent une nuit\u00e9e chez nous \u00e0 court terme. Nous souhaitons vous transmettre ces capacit\u00e9s gratuites ici. Donc, si vous recherchez une nuit romantique dans l&rsquo;Eifel \u00e0 court terme, vous devriez visiter cette page de temps en [&hellip;]<\/p>\n","protected":false},"author":1,"featured_media":0,"parent":9709,"menu_order":14,"comment_status":"closed","ping_status":"closed","template":"","meta":{"footnotes":""},"class_list":["post-9953","page","type-page","status-publish","hentry"],"yoast_head":"<!-- This site is optimized with the Yoast SEO plugin v27.2 - https:\/\/yoast.com\/product\/yoast-seo-wordpress\/ -->\n<title>offres de derni\u00e8re minute - Historische Wasserm\u00fchle Birgel<\/title>\n<meta name=\"robots\" content=\"index, follow, max-snippet:-1, max-image-preview:large, max-video-preview:-1\" \/>\n<link rel=\"canonical\" href=\"https:\/\/www.muehlebirgel.de\/fr\/offres-de-derniere-minute\" \/>\n<meta property=\"og:locale\" content=\"fr_FR\" \/>\n<meta property=\"og:type\" content=\"article\" \/>\n<meta property=\"og:title\" content=\"offres de derni\u00e8re minute - Historische Wasserm\u00fchle Birgel\" \/>\n<meta property=\"og:description\" content=\"Des vacances spontan\u00e9es dans le moulin \u00e0 eau historique \u00e0 un prix imbattable Parfois, il arrive que des clients annulent une nuit\u00e9e chez nous \u00e0 court terme. Nous souhaitons vous transmettre ces capacit\u00e9s gratuites ici. Donc, si vous recherchez une nuit romantique dans l&rsquo;Eifel \u00e0 court terme, vous devriez visiter cette page de temps en [&hellip;]\" \/>\n<meta property=\"og:url\" content=\"https:\/\/www.muehlebirgel.de\/fr\/offres-de-derniere-minute\/\" \/>\n<meta property=\"og:site_name\" content=\"Historische Wasserm\u00fchle Birgel\" \/>\n<meta property=\"og:image\" content=\"https:\/\/www.muehlebirgel.de\/wp-content\/uploads\/2009\/04\/ferienhaeuser.jpg\" \/>\n<meta name=\"twitter:card\" content=\"summary_large_image\" \/>\n<script type=\"application\/ld+json\" class=\"yoast-schema-graph\">{\"@context\":\"https:\/\/schema.org\",\"@graph\":[{\"@type\":\"WebPage\",\"@id\":\"https:\/\/www.muehlebirgel.de\/fr\/offres-de-derniere-minute\",\"url\":\"https:\/\/www.muehlebirgel.de\/fr\/offres-de-derniere-minute\",\"name\":\"offres de derni\u00e8re minute - Historische Wasserm\u00fchle Birgel\",\"isPartOf\":{\"@id\":\"https:\/\/www.muehlebirgel.de\/fr\/#website\"},\"primaryImageOfPage\":{\"@id\":\"https:\/\/www.muehlebirgel.de\/fr\/offres-de-derniere-minute#primaryimage\"},\"image\":{\"@id\":\"https:\/\/www.muehlebirgel.de\/fr\/offres-de-derniere-minute#primaryimage\"},\"thumbnailUrl\":\"https:\/\/www.muehlebirgel.de\/wp-content\/uploads\/2009\/04\/ferienhaeuser.jpg\",\"datePublished\":\"2021-12-10T15:04:00+00:00\",\"breadcrumb\":{\"@id\":\"https:\/\/www.muehlebirgel.de\/fr\/offres-de-derniere-minute#breadcrumb\"},\"inLanguage\":\"fr-FR\",\"potentialAction\":[{\"@type\":\"ReadAction\",\"target\":[\"https:\/\/www.muehlebirgel.de\/fr\/offres-de-derniere-minute\"]}]},{\"@type\":\"ImageObject\",\"inLanguage\":\"fr-FR\",\"@id\":\"https:\/\/www.muehlebirgel.de\/fr\/offres-de-derniere-minute#primaryimage\",\"url\":\"https:\/\/www.muehlebirgel.de\/wp-content\/uploads\/2009\/04\/ferienhaeuser.jpg\",\"contentUrl\":\"https:\/\/www.muehlebirgel.de\/wp-content\/uploads\/2009\/04\/ferienhaeuser.jpg\"},{\"@type\":\"BreadcrumbList\",\"@id\":\"https:\/\/www.muehlebirgel.de\/fr\/offres-de-derniere-minute#breadcrumb\",\"itemListElement\":[{\"@type\":\"ListItem\",\"position\":1,\"name\":\"Startseite\",\"item\":\"https:\/\/www.muehlebirgel.de\/fr\"},{\"@type\":\"ListItem\",\"position\":2,\"name\":\"H\u00e9bergement dans l&#8217;Eifel &#8211; R\u00e9server des vacances dans l&#8217;Eifel volcanique\",\"item\":\"https:\/\/www.muehlebirgel.de\/fr\/uebernachtungen-in-der-eifel\"},{\"@type\":\"ListItem\",\"position\":3,\"name\":\"H\u00f4tel dans l&#8217;Eifel &#8211; Chambres romantiques dans l&#8217;Eifel volcanique\",\"item\":\"https:\/\/www.muehlebirgel.de\/fr\/hotel-romantique-dans-leifel-moulin-a-eau-historique-de-birgel\"},{\"@type\":\"ListItem\",\"position\":4,\"name\":\"offres de derni\u00e8re minute\"}]},{\"@type\":\"WebSite\",\"@id\":\"https:\/\/www.muehlebirgel.de\/fr\/#website\",\"url\":\"https:\/\/www.muehlebirgel.de\/fr\/\",\"name\":\"Historische Wasserm\u00fchle Birgel\",\"description\":\"Willkommen im M\u00fchlen-Erlebniszentrum\",\"potentialAction\":[{\"@type\":\"SearchAction\",\"target\":{\"@type\":\"EntryPoint\",\"urlTemplate\":\"https:\/\/www.muehlebirgel.de\/fr\/?s={search_term_string}\"},\"query-input\":{\"@type\":\"PropertyValueSpecification\",\"valueRequired\":true,\"valueName\":\"search_term_string\"}}],\"inLanguage\":\"fr-FR\"}]}<\/script>\n<!-- \/ Yoast SEO plugin. -->","yoast_head_json":{"title":"offres de derni\u00e8re minute - Historische Wasserm\u00fchle Birgel","robots":{"index":"index","follow":"follow","max-snippet":"max-snippet:-1","max-image-preview":"max-image-preview:large","max-video-preview":"max-video-preview:-1"},"canonical":"https:\/\/www.muehlebirgel.de\/fr\/offres-de-derniere-minute","og_locale":"fr_FR","og_type":"article","og_title":"offres de derni\u00e8re minute - Historische Wasserm\u00fchle Birgel","og_description":"Des vacances spontan\u00e9es dans le moulin \u00e0 eau historique \u00e0 un prix imbattable Parfois, il arrive que des clients annulent une nuit\u00e9e chez nous \u00e0 court terme. Nous souhaitons vous transmettre ces capacit\u00e9s gratuites ici. Donc, si vous recherchez une nuit romantique dans l&rsquo;Eifel \u00e0 court terme, vous devriez visiter cette page de temps en [&hellip;]","og_url":"https:\/\/www.muehlebirgel.de\/fr\/offres-de-derniere-minute\/","og_site_name":"Historische Wasserm\u00fchle Birgel","og_image":[{"url":"https:\/\/www.muehlebirgel.de\/wp-content\/uploads\/2009\/04\/ferienhaeuser.jpg","type":"","width":"","height":""}],"twitter_card":"summary_large_image","schema":{"@context":"https:\/\/schema.org","@graph":[{"@type":"WebPage","@id":"https:\/\/www.muehlebirgel.de\/fr\/offres-de-derniere-minute","url":"https:\/\/www.muehlebirgel.de\/fr\/offres-de-derniere-minute","name":"offres de derni\u00e8re minute - Historische Wasserm\u00fchle Birgel","isPartOf":{"@id":"https:\/\/www.muehlebirgel.de\/fr\/#website"},"primaryImageOfPage":{"@id":"https:\/\/www.muehlebirgel.de\/fr\/offres-de-derniere-minute#primaryimage"},"image":{"@id":"https:\/\/www.muehlebirgel.de\/fr\/offres-de-derniere-minute#primaryimage"},"thumbnailUrl":"https:\/\/www.muehlebirgel.de\/wp-content\/uploads\/2009\/04\/ferienhaeuser.jpg","datePublished":"2021-12-10T15:04:00+00:00","breadcrumb":{"@id":"https:\/\/www.muehlebirgel.de\/fr\/offres-de-derniere-minute#breadcrumb"},"inLanguage":"fr-FR","potentialAction":[{"@type":"ReadAction","target":["https:\/\/www.muehlebirgel.de\/fr\/offres-de-derniere-minute"]}]},{"@type":"ImageObject","inLanguage":"fr-FR","@id":"https:\/\/www.muehlebirgel.de\/fr\/offres-de-derniere-minute#primaryimage","url":"https:\/\/www.muehlebirgel.de\/wp-content\/uploads\/2009\/04\/ferienhaeuser.jpg","contentUrl":"https:\/\/www.muehlebirgel.de\/wp-content\/uploads\/2009\/04\/ferienhaeuser.jpg"},{"@type":"BreadcrumbList","@id":"https:\/\/www.muehlebirgel.de\/fr\/offres-de-derniere-minute#breadcrumb","itemListElement":[{"@type":"ListItem","position":1,"name":"Startseite","item":"https:\/\/www.muehlebirgel.de\/fr"},{"@type":"ListItem","position":2,"name":"H\u00e9bergement dans l&#8217;Eifel &#8211; R\u00e9server des vacances dans l&#8217;Eifel volcanique","item":"https:\/\/www.muehlebirgel.de\/fr\/uebernachtungen-in-der-eifel"},{"@type":"ListItem","position":3,"name":"H\u00f4tel dans l&#8217;Eifel &#8211; Chambres romantiques dans l&#8217;Eifel volcanique","item":"https:\/\/www.muehlebirgel.de\/fr\/hotel-romantique-dans-leifel-moulin-a-eau-historique-de-birgel"},{"@type":"ListItem","position":4,"name":"offres de derni\u00e8re minute"}]},{"@type":"WebSite","@id":"https:\/\/www.muehlebirgel.de\/fr\/#website","url":"https:\/\/www.muehlebirgel.de\/fr\/","name":"Historische Wasserm\u00fchle Birgel","description":"Willkommen im M\u00fchlen-Erlebniszentrum","potentialAction":[{"@type":"SearchAction","target":{"@type":"EntryPoint","urlTemplate":"https:\/\/www.muehlebirgel.de\/fr\/?s={search_term_string}"},"query-input":{"@type":"PropertyValueSpecification","valueRequired":true,"valueName":"search_term_string"}}],"inLanguage":"fr-FR"}]}},"_links":{"self":[{"href":"https:\/\/www.muehlebirgel.de\/fr\/wp-json\/wp\/v2\/pages\/9953","targetHints":{"allow":["GET"]}}],"collection":[{"href":"https:\/\/www.muehlebirgel.de\/fr\/wp-json\/wp\/v2\/pages"}],"about":[{"href":"https:\/\/www.muehlebirgel.de\/fr\/wp-json\/wp\/v2\/types\/page"}],"author":[{"embeddable":true,"href":"https:\/\/www.muehlebirgel.de\/fr\/wp-json\/wp\/v2\/users\/1"}],"replies":[{"embeddable":true,"href":"https:\/\/www.muehlebirgel.de\/fr\/wp-json\/wp\/v2\/comments?post=9953"}],"version-history":[{"count":0,"href":"https:\/\/www.muehlebirgel.de\/fr\/wp-json\/wp\/v2\/pages\/9953\/revisions"}],"up":[{"embeddable":true,"href":"https:\/\/www.muehlebirgel.de\/fr\/wp-json\/wp\/v2\/pages\/9709"}],"wp:attachment":[{"href":"https:\/\/www.muehlebirgel.de\/fr\/wp-json\/wp\/v2\/media?parent=9953"}],"curies":[{"name":"wp","href":"https:\/\/api.w.org\/{rel}","templated":true}]}}