{"id":9963,"date":"2021-12-10T15:04:42","date_gmt":"2021-12-10T15:04:42","guid":{"rendered":"https:\/\/www.muehlebirgel.de\/conditions\/"},"modified":"2021-12-10T15:04:42","modified_gmt":"2021-12-10T15:04:42","slug":"conditions","status":"publish","type":"page","link":"https:\/\/www.muehlebirgel.de\/fr\/conditions","title":{"rendered":"Conditions"},"content":{"rendered":"\n<div class=\"wp-block-group\"><div class=\"wp-block-group__inner-container is-layout-flow wp-block-group-is-layout-flow\">\n<p><strong>Conditions d&rsquo;utilisation<\/strong><\/p>    <p><strong>1. Port\u00e9e<\/strong><\/p>    <p>Les conditions g\u00e9n\u00e9rales suivantes s&rsquo;appliquent \u00e0 toutes les commandes via notre boutique en ligne. Notre boutique en ligne s&rsquo;adresse exclusivement aux consommateurs.<\/p> <p>Un consommateur est toute personne physique qui conclut une transaction l\u00e9gale \u00e0 des fins qui ne sont principalement ni commerciales ni ind\u00e9pendantes. Un entrepreneur est une personne physique ou morale ou une soci\u00e9t\u00e9 de personnes qui, lors de la conclusion d&rsquo;un acte juridique, exerce son activit\u00e9 professionnelle commerciale ou ind\u00e9pendante.<\/p> <p> <\/p> <p> <\/p>    <p><strong>2. Partenaire contractuel, conclusion du contrat, possibilit\u00e9s de correction<\/strong><\/p>    <p>Le contrat d&rsquo;achat est conclu avec Mariette Spohr GmbH.<\/p>    <p>En pla\u00e7ant les produits dans la boutique en ligne, nous soumettons une offre ferme de conclure un contrat pour ces articles. Vous pouvez d&rsquo;abord placer nos produits dans le panier sans engagement et corriger vos entr\u00e9es \u00e0 tout moment avant de soumettre votre commande ferme en utilisant les aides \u00e0 la correction fournies et expliqu\u00e9es dans le processus de commande. Le contrat est conclu lorsque vous cliquez sur le bouton de commande pour accepter l&rsquo;offre pour les marchandises dans le panier. Imm\u00e9diatement apr\u00e8s avoir pass\u00e9 la commande, vous recevrez une autre confirmation par e-mail.<\/p> <p> <\/p> <p> <\/p>    <p><strong>3. Langue du contrat, stockage du texte du contrat<\/strong><\/p>    <p>La langue disponible pour la conclusion du contrat est l&rsquo;allemand.<\/p> <p> <\/p> <p> <\/p>    <p>Nous enregistrons le texte du contrat et vous envoyons les donn\u00e9es de la commande et nos conditions g\u00e9n\u00e9rales sous forme de texte. Pour des raisons de s\u00e9curit\u00e9, le texte du contrat n&rsquo;est plus accessible sur Internet.<\/p> <p> <\/p> <p> <\/p>    <p><strong>4. Conditions de livraison<\/strong><\/p> <p> <\/p>    <p>En plus des prix des produits indiqu\u00e9s, des frais d&rsquo;exp\u00e9dition peuvent \u00e9galement s&rsquo;appliquer. Vous pouvez trouver des dispositions plus d\u00e9taill\u00e9es sur les frais d&rsquo;exp\u00e9dition encourus dans les offres.<\/p>    <p>En principe, vous avez la possibilit\u00e9 de retirer chez Mariette Spohr GmbH, M\u00fchlenstra\u00dfe 1, 54587 Birgel, Allemagne pendant les heures d&rsquo;ouverture suivantes : Selon les heures d&rsquo;ouverture : www.muehlebirgel.de\/oeffnungszeiten\/<\/p>    <p><strong>5. Paiement<\/strong><\/p> <p> <\/p> <p> <\/p>    <p>Les modes de paiement suivants sont g\u00e9n\u00e9ralement disponibles dans notre boutique :<\/p>    <p><strong>Paiement \u00e0 l&rsquo;avance<\/strong><br\/> Si vous choisissez le mode de paiement \u00e0 l&rsquo;avance, nous vous communiquerons nos coordonn\u00e9es bancaires dans un e-mail s\u00e9par\u00e9 et livrerons la marchandise apr\u00e8s r\u00e9ception du paiement.<\/p> <p> <\/p> <p> <\/p>    <p><strong>PayPal, PayPal Express<\/strong><br\/> Au cours du processus de commande, vous serez redirig\u00e9 vers le site Web du fournisseur en ligne PayPal. Afin de pouvoir payer le montant de la facture via PayPal, vous devez y \u00eatre enregistr\u00e9 ou d&rsquo;abord vous inscrire, l\u00e9gitimer avec vos donn\u00e9es d&rsquo;acc\u00e8s et nous confirmer l&rsquo;instruction de paiement. Apr\u00e8s avoir pass\u00e9 la commande dans la boutique, nous demandons \u00e0 PayPal d&rsquo;initier la transaction de paiement. La transaction de paiement sera effectu\u00e9e automatiquement par PayPal imm\u00e9diatement apr\u00e8s. Vous obtiendrez plus d&rsquo;informations au cours du processus de commande. <\/p><p><strong>facture d&rsquo;achat<\/strong><br\/> Vous payez le montant de la facture apr\u00e8s r\u00e9ception de la marchandise et de la facture par virement sur notre compte bancaire. Nous nous r\u00e9servons le droit d&rsquo;offrir l&rsquo;achat sur facture uniquement apr\u00e8s une v\u00e9rification de cr\u00e9dit r\u00e9ussie.<\/p> <p> <\/p> <p> <\/p> <p> <\/p>    <p><strong>Paiement \u00e0 la collecte<\/strong><br\/> Vous payez le montant de la facture en esp\u00e8ces lorsque vous la r\u00e9cup\u00e9rez.<\/p>    <p><strong>6. R\u00e9serve de propri\u00e9t\u00e9<\/strong><\/p> <p> <\/p> <p> <\/p>    <p>Les marchandises restent notre propri\u00e9t\u00e9 jusqu&rsquo;au paiement int\u00e9gral.<\/p> <p> <\/p> <p> <\/p>    <p><strong>7. Dommages li\u00e9s au transport<\/strong><\/p> <p> <\/p> <p> <\/p> <p> <\/p>    <p>Si les marchandises sont livr\u00e9es avec des dommages de transport \u00e9vidents, veuillez signaler ces erreurs au livreur d\u00e8s que possible et contactez-nous imm\u00e9diatement. L&rsquo;absence de r\u00e9clamation ou de contact avec vous n&rsquo;a aucune cons\u00e9quence sur vos r\u00e9clamations l\u00e9gales et leur ex\u00e9cution, en particulier vos droits de garantie. Cependant, ils nous aident \u00e0 faire valoir nos propres r\u00e9clamations contre le transporteur ou l&rsquo;assurance transport.<\/p> <p> <\/p> <p> <\/p>    <p><strong>8. Garanties et garanties<\/strong><\/p> <p> <\/p>    <p>Sauf convention contraire expresse ci-dessous, le droit l\u00e9gal \u00e0 la responsabilit\u00e9 pour les d\u00e9fauts s&rsquo;applique.<br\/> Ce qui suit s&rsquo;applique aux marchandises d&rsquo;occasion : si le d\u00e9faut survient un an apr\u00e8s la livraison de la marchandise, les r\u00e9clamations pour vices sont exclues. Les d\u00e9fauts qui surviennent dans un d\u00e9lai d&rsquo;un an \u00e0 compter de la livraison de la marchandise peuvent \u00eatre invoqu\u00e9s dans le d\u00e9lai de prescription l\u00e9gal de deux ans \u00e0 compter de la livraison de la marchandise.<br\/> Les restrictions ci-dessus et les d\u00e9lais raccourcis ne s&rsquo;appliquent pas aux r\u00e9clamations fond\u00e9es sur des dommages caus\u00e9s par nous, nos repr\u00e9sentants l\u00e9gaux ou agents d&rsquo;ex\u00e9cution<br\/> \u2022 en cas d&rsquo;atteinte \u00e0 la vie, \u00e0 un membre ou \u00e0 la sant\u00e9<br\/> \u2022 en cas de manquement volontaire ou par n\u00e9gligence grave \u00e0 une obligation ainsi que de malveillance<br\/> \u2022 en cas de manquement \u00e0 des obligations contractuelles essentielles dont l&rsquo;ex\u00e9cution permet en premier lieu la bonne ex\u00e9cution du contrat et dont le partenaire contractuel peut r\u00e9guli\u00e8rement se pr\u00e9valoir (obligations cardinales)<br\/> \u2022 dans le cadre d&rsquo;une promesse de garantie, si convenue, ou<br\/> \u2022 dans la mesure o\u00f9 le champ d&rsquo;application de la loi sur la responsabilit\u00e9 du fait des produits est ouvert.<br\/> Des informations sur les \u00e9ventuelles garanties suppl\u00e9mentaires et leurs conditions pr\u00e9cises peuvent \u00eatre trouv\u00e9es avec le produit et sur les pages d&rsquo;informations sp\u00e9ciales de la boutique en ligne.<\/p>    <p><strong>9. Responsabilit\u00e9<\/strong><\/p> <p> <\/p> <p> <\/p> <p> <\/p>    <p>Nous sommes toujours pleinement responsables des r\u00e9clamations fond\u00e9es sur des dommages caus\u00e9s par nous, nos repr\u00e9sentants l\u00e9gaux ou agents d&rsquo;ex\u00e9cution<br\/> \u2022 en cas d&rsquo;atteinte \u00e0 la vie, \u00e0 un membre ou \u00e0 la sant\u00e9<br\/> \u2022 en cas de manquement volontaire ou par n\u00e9gligence grave \u00e0 une obligation<br\/> \u2022 en cas de promesses de garantie, si convenues, ou<br\/> \u2022 dans la mesure o\u00f9 le champ d&rsquo;application de la loi sur la responsabilit\u00e9 du fait des produits est ouvert.<br\/> En cas de manquement \u00e0 des obligations contractuelles essentielles dont l&rsquo;ex\u00e9cution permet en premier lieu la bonne ex\u00e9cution du contrat et dont le partenaire contractuel peut r\u00e9guli\u00e8rement se pr\u00e9valoir (obligations cardinales) par n\u00e9gligence l\u00e9g\u00e8re de notre part, nos repr\u00e9sentants l\u00e9gaux ou auxiliaires d&rsquo;ex\u00e9cution, le montant de la responsabilit\u00e9 est pr\u00e9visible au moment de la conclusion du contrat Dommage limit\u00e9, dont la survenance est g\u00e9n\u00e9ralement pr\u00e9visible.<br\/> De plus, les demandes de dommages et int\u00e9r\u00eats sont exclues.<br\/><\/p> <p> <\/p> <p> <\/p>    <p><strong>10. R\u00e8glement des diff\u00e9rends<\/strong><\/p> <p> <\/p>    <p>La Commission europ\u00e9enne met \u00e0 disposition une plate-forme de r\u00e8glement des litiges en ligne, que vous pouvez trouver <a href=\"https:\/\/ec.europa.eu\/consumers\/odr\/\" target=\"_blank\" rel=\"noopener noreferrer\">ici<\/a> . Nous ne sommes ni oblig\u00e9s ni dispos\u00e9s \u00e0 participer \u00e0 une proc\u00e9dure de r\u00e8glement des diff\u00e9rends devant un conseil d&rsquo;arbitrage des consommateurs. <\/p><p><strong>11. Protection des mineurs<\/strong><\/p> <p> <\/p>    <p>Si votre commande comprend des marchandises dont la vente est soumise \u00e0 des restrictions d&rsquo;\u00e2ge, nous utilisons un processus fiable qui inclut l&rsquo;identit\u00e9 et les informations personnelles.<br\/> La v\u00e9rification de l&rsquo;\u00e2ge garantit que le client a atteint l&rsquo;\u00e2ge minimum requis. Le livreur ne remet la marchandise qu&rsquo;apr\u00e8s le contr\u00f4le de l&rsquo;\u00e2ge et uniquement au client personnellement.<\/p><br\/><p><i><a target=\"_blank\" title=\"AGB\" href=\"https:\/\/shop.trustedshops.com\/de\/rechtstexte\/\" rel=\"noopener noreferrer\">Conditions<\/a> g\u00e9n\u00e9rales cr\u00e9\u00e9es avec le r\u00e9dacteur juridique de <a target=\"_blank\" title=\"Trusted Shops\" href=\"https:\/\/shop.trustedshops.com\/de\/\" rel=\"noopener noreferrer\">Trusted Shops<\/a> en coop\u00e9ration avec <a target=\"_blank\" title=\"Wilde Beuger Solmecke Rechtsanw\u00e4lte\" href=\"https:\/\/www.wbs-law.de\/\" rel=\"nofollow noopener noreferrer\">Wilde Beuger Solmecke Rechtsanw\u00e4lte<\/a> .<\/i><\/p>\n<\/div><\/div>\n","protected":false},"excerpt":{"rendered":"<p>Conditions d&rsquo;utilisation 1. Port\u00e9e Les conditions g\u00e9n\u00e9rales suivantes s&rsquo;appliquent \u00e0 toutes les commandes via notre boutique en ligne. Notre boutique en ligne s&rsquo;adresse exclusivement aux consommateurs. Un consommateur est toute personne physique qui conclut une transaction l\u00e9gale \u00e0 des fins qui ne sont principalement ni commerciales ni ind\u00e9pendantes. Un entrepreneur est une personne physique ou [&hellip;]<\/p>\n","protected":false},"author":1,"featured_media":0,"parent":0,"menu_order":0,"comment_status":"closed","ping_status":"closed","template":"","meta":{"footnotes":""},"class_list":["post-9963","page","type-page","status-publish","hentry"],"yoast_head":"<!-- This site is optimized with the Yoast SEO plugin v27.2 - https:\/\/yoast.com\/product\/yoast-seo-wordpress\/ -->\n<title>Conditions - Historische Wasserm\u00fchle Birgel<\/title>\n<meta name=\"robots\" content=\"index, follow, max-snippet:-1, max-image-preview:large, max-video-preview:-1\" \/>\n<link rel=\"canonical\" href=\"https:\/\/www.muehlebirgel.de\/fr\/conditions\" \/>\n<meta property=\"og:locale\" content=\"fr_FR\" \/>\n<meta property=\"og:type\" content=\"article\" \/>\n<meta property=\"og:title\" content=\"Conditions - Historische Wasserm\u00fchle Birgel\" \/>\n<meta property=\"og:description\" content=\"Conditions d&rsquo;utilisation 1. Port\u00e9e Les conditions g\u00e9n\u00e9rales suivantes s&rsquo;appliquent \u00e0 toutes les commandes via notre boutique en ligne. Notre boutique en ligne s&rsquo;adresse exclusivement aux consommateurs. Un consommateur est toute personne physique qui conclut une transaction l\u00e9gale \u00e0 des fins qui ne sont principalement ni commerciales ni ind\u00e9pendantes. Un entrepreneur est une personne physique ou [&hellip;]\" \/>\n<meta property=\"og:url\" content=\"https:\/\/www.muehlebirgel.de\/fr\/conditions\/\" \/>\n<meta property=\"og:site_name\" content=\"Historische Wasserm\u00fchle Birgel\" \/>\n<meta name=\"twitter:card\" content=\"summary_large_image\" \/>\n<meta name=\"twitter:label1\" content=\"Dur\u00e9e de lecture estim\u00e9e\" \/>\n\t<meta name=\"twitter:data1\" content=\"6 minutes\" \/>\n<script type=\"application\/ld+json\" class=\"yoast-schema-graph\">{\"@context\":\"https:\/\/schema.org\",\"@graph\":[{\"@type\":\"WebPage\",\"@id\":\"https:\/\/www.muehlebirgel.de\/fr\/conditions\",\"url\":\"https:\/\/www.muehlebirgel.de\/fr\/conditions\",\"name\":\"Conditions - Historische Wasserm\u00fchle Birgel\",\"isPartOf\":{\"@id\":\"https:\/\/www.muehlebirgel.de\/fr\/#website\"},\"datePublished\":\"2021-12-10T15:04:42+00:00\",\"breadcrumb\":{\"@id\":\"https:\/\/www.muehlebirgel.de\/fr\/conditions#breadcrumb\"},\"inLanguage\":\"fr-FR\",\"potentialAction\":[{\"@type\":\"ReadAction\",\"target\":[\"https:\/\/www.muehlebirgel.de\/fr\/conditions\"]}]},{\"@type\":\"BreadcrumbList\",\"@id\":\"https:\/\/www.muehlebirgel.de\/fr\/conditions#breadcrumb\",\"itemListElement\":[{\"@type\":\"ListItem\",\"position\":1,\"name\":\"Startseite\",\"item\":\"https:\/\/www.muehlebirgel.de\/fr\"},{\"@type\":\"ListItem\",\"position\":2,\"name\":\"Conditions\"}]},{\"@type\":\"WebSite\",\"@id\":\"https:\/\/www.muehlebirgel.de\/fr\/#website\",\"url\":\"https:\/\/www.muehlebirgel.de\/fr\/\",\"name\":\"Historische Wasserm\u00fchle Birgel\",\"description\":\"Willkommen im M\u00fchlen-Erlebniszentrum\",\"potentialAction\":[{\"@type\":\"SearchAction\",\"target\":{\"@type\":\"EntryPoint\",\"urlTemplate\":\"https:\/\/www.muehlebirgel.de\/fr\/?s={search_term_string}\"},\"query-input\":{\"@type\":\"PropertyValueSpecification\",\"valueRequired\":true,\"valueName\":\"search_term_string\"}}],\"inLanguage\":\"fr-FR\"}]}<\/script>\n<!-- \/ Yoast SEO plugin. -->","yoast_head_json":{"title":"Conditions - Historische Wasserm\u00fchle Birgel","robots":{"index":"index","follow":"follow","max-snippet":"max-snippet:-1","max-image-preview":"max-image-preview:large","max-video-preview":"max-video-preview:-1"},"canonical":"https:\/\/www.muehlebirgel.de\/fr\/conditions","og_locale":"fr_FR","og_type":"article","og_title":"Conditions - Historische Wasserm\u00fchle Birgel","og_description":"Conditions d&rsquo;utilisation 1. Port\u00e9e Les conditions g\u00e9n\u00e9rales suivantes s&rsquo;appliquent \u00e0 toutes les commandes via notre boutique en ligne. Notre boutique en ligne s&rsquo;adresse exclusivement aux consommateurs. Un consommateur est toute personne physique qui conclut une transaction l\u00e9gale \u00e0 des fins qui ne sont principalement ni commerciales ni ind\u00e9pendantes. Un entrepreneur est une personne physique ou [&hellip;]","og_url":"https:\/\/www.muehlebirgel.de\/fr\/conditions\/","og_site_name":"Historische Wasserm\u00fchle Birgel","twitter_card":"summary_large_image","twitter_misc":{"Dur\u00e9e de lecture estim\u00e9e":"6 minutes"},"schema":{"@context":"https:\/\/schema.org","@graph":[{"@type":"WebPage","@id":"https:\/\/www.muehlebirgel.de\/fr\/conditions","url":"https:\/\/www.muehlebirgel.de\/fr\/conditions","name":"Conditions - Historische Wasserm\u00fchle Birgel","isPartOf":{"@id":"https:\/\/www.muehlebirgel.de\/fr\/#website"},"datePublished":"2021-12-10T15:04:42+00:00","breadcrumb":{"@id":"https:\/\/www.muehlebirgel.de\/fr\/conditions#breadcrumb"},"inLanguage":"fr-FR","potentialAction":[{"@type":"ReadAction","target":["https:\/\/www.muehlebirgel.de\/fr\/conditions"]}]},{"@type":"BreadcrumbList","@id":"https:\/\/www.muehlebirgel.de\/fr\/conditions#breadcrumb","itemListElement":[{"@type":"ListItem","position":1,"name":"Startseite","item":"https:\/\/www.muehlebirgel.de\/fr"},{"@type":"ListItem","position":2,"name":"Conditions"}]},{"@type":"WebSite","@id":"https:\/\/www.muehlebirgel.de\/fr\/#website","url":"https:\/\/www.muehlebirgel.de\/fr\/","name":"Historische Wasserm\u00fchle Birgel","description":"Willkommen im M\u00fchlen-Erlebniszentrum","potentialAction":[{"@type":"SearchAction","target":{"@type":"EntryPoint","urlTemplate":"https:\/\/www.muehlebirgel.de\/fr\/?s={search_term_string}"},"query-input":{"@type":"PropertyValueSpecification","valueRequired":true,"valueName":"search_term_string"}}],"inLanguage":"fr-FR"}]}},"_links":{"self":[{"href":"https:\/\/www.muehlebirgel.de\/fr\/wp-json\/wp\/v2\/pages\/9963","targetHints":{"allow":["GET"]}}],"collection":[{"href":"https:\/\/www.muehlebirgel.de\/fr\/wp-json\/wp\/v2\/pages"}],"about":[{"href":"https:\/\/www.muehlebirgel.de\/fr\/wp-json\/wp\/v2\/types\/page"}],"author":[{"embeddable":true,"href":"https:\/\/www.muehlebirgel.de\/fr\/wp-json\/wp\/v2\/users\/1"}],"replies":[{"embeddable":true,"href":"https:\/\/www.muehlebirgel.de\/fr\/wp-json\/wp\/v2\/comments?post=9963"}],"version-history":[{"count":1,"href":"https:\/\/www.muehlebirgel.de\/fr\/wp-json\/wp\/v2\/pages\/9963\/revisions"}],"predecessor-version":[{"id":9964,"href":"https:\/\/www.muehlebirgel.de\/fr\/wp-json\/wp\/v2\/pages\/9963\/revisions\/9964"}],"wp:attachment":[{"href":"https:\/\/www.muehlebirgel.de\/fr\/wp-json\/wp\/v2\/media?parent=9963"}],"curies":[{"name":"wp","href":"https:\/\/api.w.org\/{rel}","templated":true}]}}