{"id":9976,"date":"2021-12-10T15:05:03","date_gmt":"2021-12-10T15:05:03","guid":{"rendered":"https:\/\/www.muehlebirgel.de\/celebrez-votre-mariage-dans-leifel\/se-marier-dans-leifel-le-processus\/"},"modified":"2025-05-05T10:32:08","modified_gmt":"2025-05-05T08:32:08","slug":"se-marier-dans-lile-delbe","status":"publish","type":"page","link":"https:\/\/www.muehlebirgel.de\/fr\/se-marier-dans-leifel-le-processus","title":{"rendered":"Se marier dans l&rsquo;Eifel &#8211; Vous pouvez vous r\u00e9jouir de cette journ\u00e9e !"},"content":{"rendered":"\n<h2 class=\"wp-block-heading\">Le plus beau jour de votre vie dans le moulin \u00e0 eau historique<\/h2>\n\n<div class=\"wp-block-columns is-layout-flex wp-container-core-columns-is-layout-9d6595d7 wp-block-columns-is-layout-flex\">\n<div class=\"wp-block-column is-vertically-aligned-center is-layout-flow wp-block-column-is-layout-flow\">\n<h2 class=\"wp-block-heading\">Bureau d&rsquo;\u00e9tat civil dans l&rsquo;Eifel<\/h2>\n\n\n\n<p>La demande en mariage est \u00e0 peine prononc\u00e9e que l&rsquo;on y pense d\u00e9j\u00e0 ensemble : O\u00f9 vais-je passer cette journ\u00e9e unique ? Dans son ambiance historique, Erwin v. d. M\u00fchle propose, avec son \u00e9quipe, la solution id\u00e9ale avec un package complet, de A comme arriv\u00e9e \u00e0 Z comme t\u00eate-\u00e0-t\u00eate dans la suite nuptiale.<\/p>\n\n\n\n<p>La situation g\u00e9ographique de Birgel offre un acc\u00e8s rapide \u00e0 tous les couples des environs. Et si l&rsquo;on vient de Hambourg, Berlin, Munich ou B\u00e2le, on se retrouve au milieu.<\/p>\n\n\n\n<p>La f\u00eate de mariage, avec c\u00e9r\u00e9monie civile ou mariage libre, se d\u00e9roule, avec tout ce que cela implique, sur un grand terrain du moulin. Erwin v. d. M\u00fchle s&rsquo;occupe tout simplement de tout, pour que tout se d\u00e9roule d\u00e8s le d\u00e9but de mani\u00e8re d\u00e9tendue et sans probl\u00e8me. 2 \u00e0 3 entretiens communs, y compris un grand d\u00eener de r\u00e9p\u00e9tition suffit \u00e0 satisfaire tout cela.<\/p>\n\n\n\n<p><\/p>\n<\/div>\n\n\n\n<div class=\"wp-block-column is-vertically-aligned-center is-layout-flow wp-block-column-is-layout-flow\">\n<figure class=\"wp-block-image size-large\"><img loading=\"lazy\" decoding=\"async\" width=\"1024\" height=\"683\" src=\"https:\/\/www.muehlebirgel.de\/wp-content\/uploads\/LK_0001-1024x683.jpg\" alt=\"\" class=\"wp-image-55164\" srcset=\"https:\/\/www.muehlebirgel.de\/wp-content\/uploads\/LK_0001-1024x683.jpg 1024w, https:\/\/www.muehlebirgel.de\/wp-content\/uploads\/LK_0001-768x512.jpg 768w, https:\/\/www.muehlebirgel.de\/wp-content\/uploads\/LK_0001-640x427.jpg 640w, https:\/\/www.muehlebirgel.de\/wp-content\/uploads\/LK_0001-400x267.jpg 400w\" sizes=\"auto, (max-width: 1024px) 100vw, 1024px\" \/><\/figure>\n<\/div>\n<\/div>\n\n<hr class=\"wp-block-separator has-alpha-channel-opacity\"\/>\n\n<div class=\"wp-block-columns is-layout-flex wp-container-core-columns-is-layout-9d6595d7 wp-block-columns-is-layout-flex\">\n<div class=\"wp-block-column is-vertically-aligned-center is-layout-flow wp-block-column-is-layout-flow\">\n<h2 class=\"wp-block-heading\">H\u00f4tel, bureau d&rsquo;\u00e9tat civil et lieu de f\u00eate &#8211; le tout sur un seul site.<\/h2>\n\n\n\n<p>En tant que mari\u00e9s, vous arrivez la veille, vous garez votre voiture devant la suite nuptiale et vous accueillez peut-\u00eatre d\u00e9j\u00e0 l&rsquo;un ou l&rsquo;autre des invit\u00e9s qui se sont mis en route plus t\u00f4t en raison du long voyage. Autour d&rsquo;un bon repas et de d\u00e9licieuses boissons, on passe ensemble la veille au soir \u00e0 l&rsquo;auberge \u00ab\u00a0Zum S\u00e4gewerk\u00a0\u00bb ou dans un autre local du moulin \u00e0 eau historique. Le lendemain matin, la mari\u00e9e a maintenant suffisamment de temps pour se faire \u00ab\u00a0briller\u00a0\u00bb pour la c\u00e9r\u00e9monie.<\/p>\n\n\n\n<p>La coiffure, les soins de beaut\u00e9 et bien d&rsquo;autres choses encore se font en toute tranquillit\u00e9.<\/p>\n\n\n\n<p>En d\u00e9but d&rsquo;apr\u00e8s-midi, le mariage est annonc\u00e9. La c\u00e9r\u00e9monie se d\u00e9roule dans notre propre salle d&rsquo;\u00e9tat civil et dure entre 30 et 45 minutes, selon la musique ou les discours. On trinque alors avec un verre de champagne ou une bi\u00e8re fra\u00eechement tir\u00e9e (donc de mani\u00e8re d\u00e9contract\u00e9e), avant de servir rapidement \u00e0 tous les invit\u00e9s le g\u00e2teau de mariage, mais aussi de savoureux pains en meule. Pour raccourcir le temps toujours long qui nous s\u00e9pare du d\u00eener, Erwin v. d. M\u00fchle propose d\u00e9sormais une visite guid\u00e9e passionnante et int\u00e9ressante des moulins, qui dure environ une heure et montre tous les moulins collect\u00e9s et enti\u00e8rement fonctionnels en fonctionnement.<\/p>\n<\/div>\n\n\n\n<div class=\"wp-block-column is-vertically-aligned-center is-layout-flow wp-block-column-is-layout-flow\">\n<figure class=\"wp-block-image size-large\"><img loading=\"lazy\" decoding=\"async\" width=\"1024\" height=\"768\" src=\"https:\/\/www.muehlebirgel.de\/wp-content\/uploads\/Standesamt-draussen-1024x768.webp\" alt=\"\" class=\"wp-image-55049\" srcset=\"https:\/\/www.muehlebirgel.de\/wp-content\/uploads\/Standesamt-draussen-1024x768.webp 1024w, https:\/\/www.muehlebirgel.de\/wp-content\/uploads\/Standesamt-draussen-768x576.webp 768w, https:\/\/www.muehlebirgel.de\/wp-content\/uploads\/Standesamt-draussen-463x348.webp 463w, https:\/\/www.muehlebirgel.de\/wp-content\/uploads\/Standesamt-draussen-640x480.webp 640w, https:\/\/www.muehlebirgel.de\/wp-content\/uploads\/Standesamt-draussen-400x300.webp 400w\" sizes=\"auto, (max-width: 1024px) 100vw, 1024px\" \/><\/figure>\n<\/div>\n<\/div>\n\n<hr class=\"wp-block-separator has-alpha-channel-opacity\"\/>\n\n<div class=\"wp-block-columns is-layout-flex wp-container-core-columns-is-layout-9d6595d7 wp-block-columns-is-layout-flex\">\n<div class=\"wp-block-column is-vertically-aligned-center is-layout-flow wp-block-column-is-layout-flow\">\n<h2 class=\"wp-block-heading\">La soir\u00e9e commence ensuite par un menu s\u00e9lectionn\u00e9 \u00e0 4 plats.<\/h2>\n\n\n\n<p>Ensuite, les gens font la f\u00eate et dansent avec un groupe live, un DJ ou leur propre ordinateur portable jusqu&rsquo;\u00e0 ce que les mari\u00e9s aient atteint le poids de leur lit et prennent la d\u00e9cision : \u00ab\u00a0C&rsquo;\u00e9tait une super grande f\u00eate\u00a0\u00bb. Ce n&rsquo;est qu&rsquo;apr\u00e8s avoir entendu cette phrase que je fermerai moi aussi les portes avec satisfaction et que j&rsquo;accorderai aux mari\u00e9s et \u00e0 leurs invit\u00e9s quelques heures de sommeil suppl\u00e9mentaires. Il s&rsquo;agit maintenant de prendre encore une fois le petit-d\u00e9jeuner ensemble, de raconter un peu la soir\u00e9e, puis de reprendre le chemin du retour sans avoir pris une seule fois la voiture.<\/p>\n\n\n\n<p>Il y a environ 40 lits au Birgeler M\u00fchle. En cas de besoin plus important, nous disposons encore d&rsquo;environ 160 lits dans le village voisin. Il va de soi qu&rsquo;un service de navette y est pr\u00e9vu, par exemple avec un bus de mariage ou une voiture ancienne pour les mari\u00e9s, afin que toutes les voitures puissent \u00e9galement rester sur place dans cette version. Nous proposons ce package complet pour toutes les tailles de soci\u00e9t\u00e9s jusqu&rsquo;\u00e0 200 personnes.<\/p>\n<\/div>\n\n\n\n<div class=\"wp-block-column is-vertically-aligned-center is-layout-flow wp-block-column-is-layout-flow\">\n<figure class=\"wp-block-image size-full\"><img loading=\"lazy\" decoding=\"async\" width=\"1024\" height=\"683\" src=\"https:\/\/www.muehlebirgel.de\/wp-content\/uploads\/Tischdeko.webp\" alt=\"\" class=\"wp-image-55153\" srcset=\"https:\/\/www.muehlebirgel.de\/wp-content\/uploads\/Tischdeko.webp 1024w, https:\/\/www.muehlebirgel.de\/wp-content\/uploads\/Tischdeko-768x512.webp 768w, https:\/\/www.muehlebirgel.de\/wp-content\/uploads\/Tischdeko-640x427.webp 640w, https:\/\/www.muehlebirgel.de\/wp-content\/uploads\/Tischdeko-400x267.webp 400w\" sizes=\"auto, (max-width: 1024px) 100vw, 1024px\" \/><\/figure>\n<\/div>\n<\/div>\n\n<hr class=\"wp-block-separator has-alpha-channel-opacity\"\/>\n\n<p><strong><strong>Vient maintenant la question passionnante et toujours attendue \u00e0 la fin : \u00ab\u00a0Qu&rsquo;est-ce que \u00e7a co\u00fbte\u00a0\u00bb\u00a0?<\/strong><\/strong><\/p>\n\n<p>Je r\u00e9ponds ensuite \u00e0 cette question lors du premier entretien, apr\u00e8s que la d\u00e9cision a \u00e9t\u00e9 prise : \u00ab\u00a0Oui, nous pouvons nous imaginer nous marier ici\u00a0\u00bb.<\/p>\n\n<p><strong>Nous nous sommes donc rendus \u00e0 Birgel, avons visit\u00e9 le bureau d&rsquo;\u00e9tat civil et la salle des f\u00eates et avons eu un premier entretien d\u00e9cisif avec Erwin v. d. M\u00fchle. Erwin v. d. M\u00fchle et son \u00e9quipe s&rsquo;en r\u00e9jouissent.<\/strong><\/p>\n","protected":false},"excerpt":{"rendered":"<p>Le plus beau jour de votre vie dans le moulin \u00e0 eau historique Bureau d&rsquo;\u00e9tat civil dans l&rsquo;Eifel La demande en mariage est \u00e0 peine prononc\u00e9e que l&rsquo;on y pense d\u00e9j\u00e0 ensemble : O\u00f9 vais-je passer cette journ\u00e9e unique ? Dans son ambiance historique, Erwin v. d. M\u00fchle propose, avec son \u00e9quipe, la solution id\u00e9ale [&hellip;]<\/p>\n","protected":false},"author":1,"featured_media":0,"parent":9805,"menu_order":8,"comment_status":"closed","ping_status":"closed","template":"","meta":{"footnotes":""},"class_list":["post-9976","page","type-page","status-publish","hentry"],"yoast_head":"<!-- This site is optimized with the Yoast SEO plugin v27.2 - https:\/\/yoast.com\/product\/yoast-seo-wordpress\/ -->\n<title>Se marier dans l&#039;Eifel - Vous pouvez vous r\u00e9jouir de cette journ\u00e9e ! - Historische Wasserm\u00fchle Birgel<\/title>\n<meta name=\"robots\" content=\"index, follow, max-snippet:-1, max-image-preview:large, max-video-preview:-1\" \/>\n<link rel=\"canonical\" href=\"https:\/\/www.muehlebirgel.de\/fr\/se-marier-dans-leifel-le-processus\" \/>\n<meta property=\"og:locale\" content=\"fr_FR\" \/>\n<meta property=\"og:type\" content=\"article\" \/>\n<meta property=\"og:title\" content=\"Se marier dans l&#039;Eifel - Vous pouvez vous r\u00e9jouir de cette journ\u00e9e ! - Historische Wasserm\u00fchle Birgel\" \/>\n<meta property=\"og:description\" content=\"Le plus beau jour de votre vie dans le moulin \u00e0 eau historique Bureau d&rsquo;\u00e9tat civil dans l&rsquo;Eifel La demande en mariage est \u00e0 peine prononc\u00e9e que l&rsquo;on y pense d\u00e9j\u00e0 ensemble : O\u00f9 vais-je passer cette journ\u00e9e unique ? Dans son ambiance historique, Erwin v. d. M\u00fchle propose, avec son \u00e9quipe, la solution id\u00e9ale [&hellip;]\" \/>\n<meta property=\"og:url\" content=\"https:\/\/www.muehlebirgel.de\/fr\/se-marier-dans-leifel-le-processus\/\" \/>\n<meta property=\"og:site_name\" content=\"Historische Wasserm\u00fchle Birgel\" \/>\n<meta property=\"article:modified_time\" content=\"2025-05-05T08:32:08+00:00\" \/>\n<meta property=\"og:image\" content=\"https:\/\/www.muehlebirgel.de\/wp-content\/uploads\/LK_0001.jpg\" \/>\n\t<meta property=\"og:image:width\" content=\"1920\" \/>\n\t<meta property=\"og:image:height\" content=\"1280\" \/>\n\t<meta property=\"og:image:type\" content=\"image\/jpeg\" \/>\n<meta name=\"twitter:card\" content=\"summary_large_image\" \/>\n<meta name=\"twitter:label1\" content=\"Dur\u00e9e de lecture estim\u00e9e\" \/>\n\t<meta name=\"twitter:data1\" content=\"4 minutes\" \/>\n<script type=\"application\/ld+json\" class=\"yoast-schema-graph\">{\"@context\":\"https:\/\/schema.org\",\"@graph\":[{\"@type\":\"WebPage\",\"@id\":\"https:\/\/www.muehlebirgel.de\/fr\/se-marier-dans-leifel-le-processus\",\"url\":\"https:\/\/www.muehlebirgel.de\/fr\/se-marier-dans-leifel-le-processus\",\"name\":\"Se marier dans l'Eifel - Vous pouvez vous r\u00e9jouir de cette journ\u00e9e ! - Historische Wasserm\u00fchle Birgel\",\"isPartOf\":{\"@id\":\"https:\/\/www.muehlebirgel.de\/fr\/#website\"},\"primaryImageOfPage\":{\"@id\":\"https:\/\/www.muehlebirgel.de\/fr\/se-marier-dans-leifel-le-processus#primaryimage\"},\"image\":{\"@id\":\"https:\/\/www.muehlebirgel.de\/fr\/se-marier-dans-leifel-le-processus#primaryimage\"},\"thumbnailUrl\":\"https:\/\/www.muehlebirgel.de\/wp-content\/uploads\/LK_0001-1024x683.jpg\",\"datePublished\":\"2021-12-10T15:05:03+00:00\",\"dateModified\":\"2025-05-05T08:32:08+00:00\",\"breadcrumb\":{\"@id\":\"https:\/\/www.muehlebirgel.de\/fr\/se-marier-dans-leifel-le-processus#breadcrumb\"},\"inLanguage\":\"fr-FR\",\"potentialAction\":[{\"@type\":\"ReadAction\",\"target\":[\"https:\/\/www.muehlebirgel.de\/fr\/se-marier-dans-leifel-le-processus\"]}]},{\"@type\":\"ImageObject\",\"inLanguage\":\"fr-FR\",\"@id\":\"https:\/\/www.muehlebirgel.de\/fr\/se-marier-dans-leifel-le-processus#primaryimage\",\"url\":\"https:\/\/www.muehlebirgel.de\/wp-content\/uploads\/LK_0001-1024x683.jpg\",\"contentUrl\":\"https:\/\/www.muehlebirgel.de\/wp-content\/uploads\/LK_0001-1024x683.jpg\"},{\"@type\":\"BreadcrumbList\",\"@id\":\"https:\/\/www.muehlebirgel.de\/fr\/se-marier-dans-leifel-le-processus#breadcrumb\",\"itemListElement\":[{\"@type\":\"ListItem\",\"position\":1,\"name\":\"Startseite\",\"item\":\"https:\/\/www.muehlebirgel.de\/fr\"},{\"@type\":\"ListItem\",\"position\":2,\"name\":\"C\u00e9l\u00e9brez votre mariage dans l&#8217;Eifel\",\"item\":\"https:\/\/www.muehlebirgel.de\/fr\/celebrez-votre-mariage-dans-leifel\"},{\"@type\":\"ListItem\",\"position\":3,\"name\":\"Se marier dans l&#8217;Eifel &#8211; Vous pouvez vous r\u00e9jouir de cette journ\u00e9e !\"}]},{\"@type\":\"WebSite\",\"@id\":\"https:\/\/www.muehlebirgel.de\/fr\/#website\",\"url\":\"https:\/\/www.muehlebirgel.de\/fr\/\",\"name\":\"Historische Wasserm\u00fchle Birgel\",\"description\":\"Willkommen im M\u00fchlen-Erlebniszentrum\",\"potentialAction\":[{\"@type\":\"SearchAction\",\"target\":{\"@type\":\"EntryPoint\",\"urlTemplate\":\"https:\/\/www.muehlebirgel.de\/fr\/?s={search_term_string}\"},\"query-input\":{\"@type\":\"PropertyValueSpecification\",\"valueRequired\":true,\"valueName\":\"search_term_string\"}}],\"inLanguage\":\"fr-FR\"}]}<\/script>\n<!-- \/ Yoast SEO plugin. -->","yoast_head_json":{"title":"Se marier dans l'Eifel - Vous pouvez vous r\u00e9jouir de cette journ\u00e9e ! - Historische Wasserm\u00fchle Birgel","robots":{"index":"index","follow":"follow","max-snippet":"max-snippet:-1","max-image-preview":"max-image-preview:large","max-video-preview":"max-video-preview:-1"},"canonical":"https:\/\/www.muehlebirgel.de\/fr\/se-marier-dans-leifel-le-processus","og_locale":"fr_FR","og_type":"article","og_title":"Se marier dans l'Eifel - Vous pouvez vous r\u00e9jouir de cette journ\u00e9e ! - Historische Wasserm\u00fchle Birgel","og_description":"Le plus beau jour de votre vie dans le moulin \u00e0 eau historique Bureau d&rsquo;\u00e9tat civil dans l&rsquo;Eifel La demande en mariage est \u00e0 peine prononc\u00e9e que l&rsquo;on y pense d\u00e9j\u00e0 ensemble : O\u00f9 vais-je passer cette journ\u00e9e unique ? Dans son ambiance historique, Erwin v. d. M\u00fchle propose, avec son \u00e9quipe, la solution id\u00e9ale [&hellip;]","og_url":"https:\/\/www.muehlebirgel.de\/fr\/se-marier-dans-leifel-le-processus\/","og_site_name":"Historische Wasserm\u00fchle Birgel","article_modified_time":"2025-05-05T08:32:08+00:00","og_image":[{"width":1920,"height":1280,"url":"https:\/\/www.muehlebirgel.de\/wp-content\/uploads\/LK_0001.jpg","type":"image\/jpeg"}],"twitter_card":"summary_large_image","twitter_misc":{"Dur\u00e9e de lecture estim\u00e9e":"4 minutes"},"schema":{"@context":"https:\/\/schema.org","@graph":[{"@type":"WebPage","@id":"https:\/\/www.muehlebirgel.de\/fr\/se-marier-dans-leifel-le-processus","url":"https:\/\/www.muehlebirgel.de\/fr\/se-marier-dans-leifel-le-processus","name":"Se marier dans l'Eifel - Vous pouvez vous r\u00e9jouir de cette journ\u00e9e ! - Historische Wasserm\u00fchle Birgel","isPartOf":{"@id":"https:\/\/www.muehlebirgel.de\/fr\/#website"},"primaryImageOfPage":{"@id":"https:\/\/www.muehlebirgel.de\/fr\/se-marier-dans-leifel-le-processus#primaryimage"},"image":{"@id":"https:\/\/www.muehlebirgel.de\/fr\/se-marier-dans-leifel-le-processus#primaryimage"},"thumbnailUrl":"https:\/\/www.muehlebirgel.de\/wp-content\/uploads\/LK_0001-1024x683.jpg","datePublished":"2021-12-10T15:05:03+00:00","dateModified":"2025-05-05T08:32:08+00:00","breadcrumb":{"@id":"https:\/\/www.muehlebirgel.de\/fr\/se-marier-dans-leifel-le-processus#breadcrumb"},"inLanguage":"fr-FR","potentialAction":[{"@type":"ReadAction","target":["https:\/\/www.muehlebirgel.de\/fr\/se-marier-dans-leifel-le-processus"]}]},{"@type":"ImageObject","inLanguage":"fr-FR","@id":"https:\/\/www.muehlebirgel.de\/fr\/se-marier-dans-leifel-le-processus#primaryimage","url":"https:\/\/www.muehlebirgel.de\/wp-content\/uploads\/LK_0001-1024x683.jpg","contentUrl":"https:\/\/www.muehlebirgel.de\/wp-content\/uploads\/LK_0001-1024x683.jpg"},{"@type":"BreadcrumbList","@id":"https:\/\/www.muehlebirgel.de\/fr\/se-marier-dans-leifel-le-processus#breadcrumb","itemListElement":[{"@type":"ListItem","position":1,"name":"Startseite","item":"https:\/\/www.muehlebirgel.de\/fr"},{"@type":"ListItem","position":2,"name":"C\u00e9l\u00e9brez votre mariage dans l&#8217;Eifel","item":"https:\/\/www.muehlebirgel.de\/fr\/celebrez-votre-mariage-dans-leifel"},{"@type":"ListItem","position":3,"name":"Se marier dans l&#8217;Eifel &#8211; Vous pouvez vous r\u00e9jouir de cette journ\u00e9e !"}]},{"@type":"WebSite","@id":"https:\/\/www.muehlebirgel.de\/fr\/#website","url":"https:\/\/www.muehlebirgel.de\/fr\/","name":"Historische Wasserm\u00fchle Birgel","description":"Willkommen im M\u00fchlen-Erlebniszentrum","potentialAction":[{"@type":"SearchAction","target":{"@type":"EntryPoint","urlTemplate":"https:\/\/www.muehlebirgel.de\/fr\/?s={search_term_string}"},"query-input":{"@type":"PropertyValueSpecification","valueRequired":true,"valueName":"search_term_string"}}],"inLanguage":"fr-FR"}]}},"_links":{"self":[{"href":"https:\/\/www.muehlebirgel.de\/fr\/wp-json\/wp\/v2\/pages\/9976","targetHints":{"allow":["GET"]}}],"collection":[{"href":"https:\/\/www.muehlebirgel.de\/fr\/wp-json\/wp\/v2\/pages"}],"about":[{"href":"https:\/\/www.muehlebirgel.de\/fr\/wp-json\/wp\/v2\/types\/page"}],"author":[{"embeddable":true,"href":"https:\/\/www.muehlebirgel.de\/fr\/wp-json\/wp\/v2\/users\/1"}],"replies":[{"embeddable":true,"href":"https:\/\/www.muehlebirgel.de\/fr\/wp-json\/wp\/v2\/comments?post=9976"}],"version-history":[{"count":10,"href":"https:\/\/www.muehlebirgel.de\/fr\/wp-json\/wp\/v2\/pages\/9976\/revisions"}],"predecessor-version":[{"id":55180,"href":"https:\/\/www.muehlebirgel.de\/fr\/wp-json\/wp\/v2\/pages\/9976\/revisions\/55180"}],"up":[{"embeddable":true,"href":"https:\/\/www.muehlebirgel.de\/fr\/wp-json\/wp\/v2\/pages\/9805"}],"wp:attachment":[{"href":"https:\/\/www.muehlebirgel.de\/fr\/wp-json\/wp\/v2\/media?parent=9976"}],"curies":[{"name":"wp","href":"https:\/\/api.w.org\/{rel}","templated":true}]}}