{"id":9986,"date":"2021-12-10T15:05:13","date_gmt":"2021-12-10T15:05:13","guid":{"rendered":"https:\/\/www.muehlebirgel.de\/hotel-romantique-dans-leifel-moulin-a-eau-historique-de-birgel\/arrangement-de-pentecote\/"},"modified":"2026-04-16T13:34:06","modified_gmt":"2026-04-16T11:34:06","slug":"arrangement-de-la-pentecote","status":"publish","type":"page","link":"https:\/\/www.muehlebirgel.de\/fr\/arrangement-de-pentecote","title":{"rendered":"Arrangement de Pentec\u00f4te"},"content":{"rendered":"\n<p><strong>R\u00e9servation possible d\u00e8s maintenant pour l&rsquo;ann\u00e9e 2026 !<\/strong><\/p>\n\n<div class=\"wp-block-columns is-layout-flex wp-container-core-columns-is-layout-9d6595d7 wp-block-columns-is-layout-flex\">\n<div class=\"wp-block-column is-vertically-aligned-stretch is-layout-flow wp-block-column-is-layout-flow\" style=\"flex-basis:33.33%\">\n<figure class=\"wp-block-image size-full\"><a href=\"https:\/\/www.youtube.com\/shorts\/iKQlrR4V5tY\" target=\"_blank\" rel=\" noreferrer noopener\"><img loading=\"lazy\" decoding=\"async\" width=\"300\" height=\"169\" src=\"https:\/\/www.muehlebirgel.de\/wp-content\/uploads\/pfingst-video-thumbnail.webp\" alt=\"\" class=\"wp-image-64131\"\/><\/a><\/figure>\n<\/div>\n\n\n\n<div class=\"wp-block-column is-layout-flow wp-block-column-is-layout-flow\" style=\"flex-basis:66.66%\">\n<p>Les jours de Pentec\u00f4te, tous nos moulins sont ouverts et peuvent \u00eatre admir\u00e9s en fonctionnement.<\/p>\n\n\n\n<p>Pour les enfants, un programme comprenant la cr\u00e9ation de moutarde, la fabrication de pain et la pr\u00e9paration de c\u00e9r\u00e9ales est propos\u00e9.<\/p>\n\n\n\n<p>Dans la boutique du moulin, vous pouvez acheter nos liqueurs, moutardes, huiles et autres produits faits maison.<\/p>\n\n\n\n<p>Une brocante et brocante a lieu sur l&rsquo;ensemble du site du moulin.<\/p>\n<\/div>\n<\/div>\n\n<div class=\"wp-block-columns is-layout-flex wp-container-core-columns-is-layout-9d6595d7 wp-block-columns-is-layout-flex\">\n<div class=\"wp-block-column is-vertically-aligned-stretch is-layout-flow wp-block-column-is-layout-flow\" style=\"flex-basis:33.33%\">\n<figure class=\"wp-block-image\"><img loading=\"lazy\" decoding=\"async\" width=\"300\" height=\"200\" src=\"https:\/\/www.muehlebirgel.de\/wp-content\/uploads\/2009\/04\/muehlenhotel2.jpg\" alt=\"\" class=\"wp-image-178\"\/><\/figure>\n<\/div>\n\n\n\n<div class=\"wp-block-column is-layout-flow wp-block-column-is-layout-flow\" style=\"flex-basis:66.66%\">\n<p>Le dimanche soir, nous servons de 17:00 \u00e0 20:00 heures<\/p>\n\n\n\n<p>\u00e0 la scierie Wirtshaus notre menu \u00e0 4 plats.<\/p>\n\n\n\n<p>Le lundi de Pentec\u00f4te, vous pouvez vous servir \u00e0 volont\u00e9 dans notre brasserie en plein air de 12h00 \u00e0 17h00.<\/p>\n\n\n\n<p>Ici, vous pouvez manger autant que vous le souhaitez.<\/p>\n\n\n\n<p><strong>Le lundi de Pentec\u00f4te, le service de restauration est compl\u00e8tement ferm\u00e9 \u00e0 partir de 17h00.<\/strong><\/p>\n<\/div>\n<\/div>\n\n<hr class=\"wp-block-separator has-alpha-channel-opacity\"\/>\n\n<h2 class=\"wp-block-heading\"><strong>Prix et contenu 2026 :<\/strong><\/h2>\n\n<p><strong>P\u00e9riode 22.05-24.05.2026<\/strong><\/p>\n\n<div class=\"wp-block-columns is-layout-flex wp-container-core-columns-is-layout-9d6595d7 wp-block-columns-is-layout-flex\">\n<div class=\"wp-block-column is-layout-flow wp-block-column-is-layout-flow\">\n<figure class=\"wp-block-table\"><table><tbody><tr><td>Chambre double \u00e0 l&rsquo;h\u00f4tel du moulin<\/td><td>217,50 \u20ac p. pers.<\/td><\/tr><tr><td>Dans l&rsquo;appartement \u00e0 colombages<\/td><td>242,50 \u20ac p. pers.<\/td><\/tr><\/tbody><\/table><\/figure>\n\n\n\n<p><\/p>\n<\/div>\n\n\n\n<div class=\"wp-block-column is-layout-flow wp-block-column-is-layout-flow\">\n<ul class=\"wp-block-list\">\n<li>2 nuits en chambre double au M\u00fchlenhotel ou dans une suite spacieuse \u00e0 colombages<\/li>\n\n\n\n<li>2 x petit d\u00e9jeuner buffet copieux<\/li>\n\n\n\n<li>1 x liqueur de bienvenue avant le d\u00eener<\/li>\n\n\n\n<li>2 d\u00eeners sous forme de menu \u00e0 4 plats au choix (dimanche de Pentec\u00f4te) 17h00 &#8211; 20h00<\/li>\n\n\n\n<li>Entr\u00e9e au Technik-Museum (dimanche de Pentec\u00f4te)<\/li>\n\n\n\n<li>Navette pour le rassemblement de voitures anciennes au Bielenhofalm (dimanche de Pentec\u00f4te)<\/li>\n\n\n\n<li>March\u00e9 d&rsquo;antiquit\u00e9s &amp; brocante (dimanche de Pentec\u00f4te)<\/li>\n\n\n\n<li>1 x visite du moulin<\/li>\n<\/ul>\n<\/div>\n<\/div>\n\n<p><strong>P\u00e9riode 24.05-26.05.2026<\/strong><\/p>\n\n<div class=\"wp-block-columns is-layout-flex wp-container-core-columns-is-layout-9d6595d7 wp-block-columns-is-layout-flex\">\n<div class=\"wp-block-column is-layout-flow wp-block-column-is-layout-flow\">\n<figure class=\"wp-block-table\"><table><tbody><tr><td>Chambre double \u00e0 l&rsquo;h\u00f4tel du moulin<\/td><td>185,50 \u20ac p. pers.<\/td><\/tr><tr><td>Dans l&rsquo;appartement \u00e0 colombages<\/td><td>209,50 \u20ac p. pers.<\/td><\/tr><\/tbody><\/table><\/figure>\n\n\n\n<p><\/p>\n<\/div>\n\n\n\n<div class=\"wp-block-column is-layout-flow wp-block-column-is-layout-flow\">\n<ul class=\"wp-block-list\">\n<li>2 nuits en chambre double au M\u00fchlenhotel ou dans une suite spacieuse \u00e0 colombages<\/li>\n\n\n\n<li>2 x petit d\u00e9jeuner buffet copieux<\/li>\n\n\n\n<li>1 x liqueur de bienvenue avant le d\u00eener<\/li>\n\n\n\n<li>1 x d\u00eener avec menu \u00e0 4 plats au choix (dimanche de Pentec\u00f4te) 17h00 &#8211; 20h00<\/li>\n\n\n\n<li>1 x repas \u00e0 volont\u00e9 dans le Biergarten (lundi de Pentec\u00f4te) 11h00 &#8211; 17h00<\/li>\n\n\n\n<li>Entr\u00e9e au mus\u00e9e technique (dimanche &amp; lundi de Pentec\u00f4te)<\/li>\n\n\n\n<li>Navette pour le rassemblement de voitures anciennes au Bielenhofalm (dimanche de Pentec\u00f4te)<\/li>\n\n\n\n<li>Foire aux antiquit\u00e9s et \u00e0 la brocante (dimanche et lundi de Pentec\u00f4te)<\/li>\n\n\n\n<li>1 x visite du moulin<\/li>\n<\/ul>\n<\/div>\n<\/div>\n\n<div class=\"wp-block-columns arrangement-contact-section is-layout-flex wp-container-core-columns-is-layout-9d6595d7 wp-block-columns-is-layout-flex\">\n<div class=\"wp-block-column is-layout-flow wp-block-column-is-layout-flow\">\n<h2 class=\"wp-block-heading\">Envoyez maintenant une demande de r\u00e9servation gratuite !<\/h2>\n\n\n\n<div class=\"wp-block-columns is-layout-flex wp-container-core-columns-is-layout-9d6595d7 wp-block-columns-is-layout-flex\">\n<div class=\"wp-block-column arrangement-form-section is-layout-flow wp-block-column-is-layout-flow\" style=\"flex-basis:50%\">\n<h3 class=\"wp-block-heading\">Demander la p\u00e9riode souhait\u00e9e sans engagement<\/h3>\n\n\n\n<div class=\"wpcf7 no-js\" id=\"wpcf7-f32054-o1\" lang=\"fr-FR\" dir=\"ltr\" data-wpcf7-id=\"32054\">\n<div class=\"screen-reader-response\"><p role=\"status\" aria-live=\"polite\" aria-atomic=\"true\"><\/p> <ul><\/ul><\/div>\n<form action=\"\/fr\/wp-json\/wp\/v2\/pages\/9986#wpcf7-f32054-o1\" method=\"post\" class=\"wpcf7-form init\" aria-label=\"Formulaire de contact\" novalidate=\"novalidate\" data-status=\"init\">\n<fieldset class=\"hidden-fields-container\"><input type=\"hidden\" name=\"_wpcf7\" value=\"32054\" \/><input type=\"hidden\" name=\"_wpcf7_version\" value=\"6.1.5\" \/><input type=\"hidden\" name=\"_wpcf7_locale\" value=\"fr_FR\" \/><input type=\"hidden\" name=\"_wpcf7_unit_tag\" value=\"wpcf7-f32054-o1\" \/><input type=\"hidden\" name=\"_wpcf7_container_post\" value=\"0\" \/><input type=\"hidden\" name=\"_wpcf7_posted_data_hash\" value=\"\" \/><input type=\"hidden\" name=\"_wpcf7_recaptcha_response\" value=\"\" \/>\n<\/fieldset>\n<label> Votre nom (*)\n    <span class=\"wpcf7-form-control-wrap\" data-name=\"your-name\"><input size=\"40\" maxlength=\"400\" class=\"wpcf7-form-control wpcf7-text wpcf7-validates-as-required\" aria-required=\"true\" aria-invalid=\"false\" value=\"\" type=\"text\" name=\"your-name\" \/><\/span> <\/label>\n\n<label> Adresse e-mail (*)\n    <span class=\"wpcf7-form-control-wrap\" data-name=\"your-email\"><input size=\"40\" maxlength=\"400\" class=\"wpcf7-form-control wpcf7-email wpcf7-validates-as-required wpcf7-text wpcf7-validates-as-email\" aria-required=\"true\" aria-invalid=\"false\" value=\"\" type=\"email\" name=\"your-email\" \/><\/span> <\/label>\n\n<label>  T\u00e9l\u00e9phone (*)\n<span class=\"wpcf7-form-control-wrap\" data-name=\"tel-telefon\"><input size=\"40\" maxlength=\"400\" class=\"wpcf7-form-control wpcf7-tel wpcf7-validates-as-required wpcf7-text wpcf7-validates-as-tel\" aria-required=\"true\" aria-invalid=\"false\" value=\"\" type=\"tel\" name=\"tel-telefon\" \/><\/span>\n<\/label>\n\n<label>  Nombre de personnes (*)\n<span class=\"wpcf7-form-control-wrap\" data-name=\"number-persons\"><input class=\"wpcf7-form-control wpcf7-number wpcf7-validates-as-required wpcf7-validates-as-number\" min=\"1\" max=\"100\" aria-required=\"true\" aria-invalid=\"false\" value=\"2\" type=\"number\" name=\"number-persons\" \/><\/span>\n<\/label>\n\n<label>  Date d'arriv\u00e9e souhait\u00e9e (*)\n    <span class=\"wpcf7-form-control-wrap\" data-name=\"date-anreise\"><input class=\"wpcf7-form-control wpcf7-date wpcf7-validates-as-required wpcf7-validates-as-date\" aria-required=\"true\" aria-invalid=\"false\" value=\"\" type=\"date\" name=\"date-anreise\" \/><\/span> <\/label>\n\n<label>  Nombre de nuit\u00e9es souhait\u00e9es (*)\n<span class=\"wpcf7-form-control-wrap\" data-name=\"text-uebernachtungen\"><input size=\"40\" maxlength=\"400\" class=\"wpcf7-form-control wpcf7-text wpcf7-validates-as-required\" aria-required=\"true\" aria-invalid=\"false\" value=\"\" type=\"text\" name=\"text-uebernachtungen\" \/><\/span>\n<\/label>\n\n<label>  Votre message\/v\u0153ux particuliers\n    <span class=\"wpcf7-form-control-wrap\" data-name=\"your-message\"><textarea cols=\"40\" rows=\"2\" maxlength=\"2000\" class=\"wpcf7-form-control wpcf7-textarea\" aria-invalid=\"false\" name=\"your-message\"><\/textarea><\/span> <\/label>\n\n\n<button data-service=\"google-recaptcha\" data-category=\"marketing\" class=\"cmplz-blocked-content-container cmplz-blocked-content-notice cmplz-accept-service cmplz-accept-marketing cmplz-wpforms\" style=\"text-align: left; cursor: pointer;margin-top:20px;background-color:transparent;border:none;color: var(--nv-primary-accent);font-weight: 500;font-size: 16px;text-wrap:wrap;box-shadow:none;\">  Veuillez accepter les cookies reCaptcha en cliquant sur ce texte afin de pouvoir envoyer le formulaire.\n<\/button>\n\n<input class=\"wpcf7-form-control wpcf7-submit has-spinner\" type=\"submit\" value=\"Envoyer\" \/><div class=\"wpcf7-response-output\" aria-hidden=\"true\"><\/div>\n<\/form>\n<\/div>\n\n<\/div>\n\n\n\n<div class=\"wp-block-column is-layout-flow wp-block-column-is-layout-flow\" style=\"flex-basis:50%\">\n<h3 class=\"wp-block-heading\">Demandes de renseignements &amp; contact personnel<\/h3>\n\n\n\n<p><\/p>\n\n\n\n<p>Avons-nous \u00e9veill\u00e9 votre int\u00e9r\u00eat ?<\/p>\n\n\n\n<p>Envoyez-nous un e-mail via le formulaire de contact<br\/>ou contactez-nous par :<\/p>\n\n\n\n<p>T\u00e9l\u00e9phone : +49 6597 92820<br\/>T\u00e9l\u00e9copieur : +49 6597 9282-149 ou<br\/>E-mail : <a href=\"mailto:info@muehlebirgel.de\">info@muehlebirgel.de<\/a><\/p>\n\n\n\n<figure class=\"wp-block-image size-full\"><img loading=\"lazy\" decoding=\"async\" width=\"300\" height=\"200\" src=\"https:\/\/www.muehlebirgel.de\/wp-content\/uploads\/2009\/12\/45.jpg\" alt=\"\" class=\"wp-image-306\"\/><\/figure>\n\n\n\n<p><strong>Nous attendons votre message avec impatience !<\/strong><\/p>\n<\/div>\n<\/div>\n<\/div>\n<\/div>\n\n<p><\/p>\n","protected":false},"excerpt":{"rendered":"<p>R\u00e9servation possible d\u00e8s maintenant pour l&rsquo;ann\u00e9e 2026 ! Les jours de Pentec\u00f4te, tous nos moulins sont ouverts et peuvent \u00eatre admir\u00e9s en fonctionnement. Pour les enfants, un programme comprenant la cr\u00e9ation de moutarde, la fabrication de pain et la pr\u00e9paration de c\u00e9r\u00e9ales est propos\u00e9. Dans la boutique du moulin, vous pouvez acheter nos liqueurs, moutardes, [&hellip;]<\/p>\n","protected":false},"author":1,"featured_media":0,"parent":9709,"menu_order":8,"comment_status":"closed","ping_status":"closed","template":"","meta":{"footnotes":""},"class_list":["post-9986","page","type-page","status-publish","hentry"],"yoast_head":"<!-- This site is optimized with the Yoast SEO plugin v27.2 - https:\/\/yoast.com\/product\/yoast-seo-wordpress\/ -->\n<title>Arrangement de Pentec\u00f4te - Historische Wasserm\u00fchle Birgel<\/title>\n<meta name=\"robots\" content=\"index, follow, max-snippet:-1, max-image-preview:large, max-video-preview:-1\" \/>\n<link rel=\"canonical\" href=\"https:\/\/www.muehlebirgel.de\/fr\/arrangement-de-pentecote\" \/>\n<meta property=\"og:locale\" content=\"fr_FR\" \/>\n<meta property=\"og:type\" content=\"article\" \/>\n<meta property=\"og:title\" content=\"Arrangement de Pentec\u00f4te - Historische Wasserm\u00fchle Birgel\" \/>\n<meta property=\"og:description\" content=\"R\u00e9servation possible d\u00e8s maintenant pour l&rsquo;ann\u00e9e 2026 ! Les jours de Pentec\u00f4te, tous nos moulins sont ouverts et peuvent \u00eatre admir\u00e9s en fonctionnement. Pour les enfants, un programme comprenant la cr\u00e9ation de moutarde, la fabrication de pain et la pr\u00e9paration de c\u00e9r\u00e9ales est propos\u00e9. Dans la boutique du moulin, vous pouvez acheter nos liqueurs, moutardes, [&hellip;]\" \/>\n<meta property=\"og:url\" content=\"https:\/\/www.muehlebirgel.de\/fr\/arrangement-de-pentecote\/\" \/>\n<meta property=\"og:site_name\" content=\"Historische Wasserm\u00fchle Birgel\" \/>\n<meta property=\"article:modified_time\" content=\"2026-04-16T11:34:06+00:00\" \/>\n<meta property=\"og:image\" content=\"https:\/\/www.muehlebirgel.de\/wp-content\/uploads\/pfingst-video-thumbnail.webp\" \/>\n\t<meta property=\"og:image:width\" content=\"300\" \/>\n\t<meta property=\"og:image:height\" content=\"169\" \/>\n\t<meta property=\"og:image:type\" content=\"image\/webp\" \/>\n<meta name=\"twitter:card\" content=\"summary_large_image\" \/>\n<meta name=\"twitter:label1\" content=\"Dur\u00e9e de lecture estim\u00e9e\" \/>\n\t<meta name=\"twitter:data1\" content=\"2 minutes\" \/>\n<script type=\"application\/ld+json\" class=\"yoast-schema-graph\">{\"@context\":\"https:\/\/schema.org\",\"@graph\":[{\"@type\":\"WebPage\",\"@id\":\"https:\/\/www.muehlebirgel.de\/fr\/arrangement-de-pentecote\",\"url\":\"https:\/\/www.muehlebirgel.de\/fr\/arrangement-de-pentecote\",\"name\":\"Arrangement de Pentec\u00f4te - Historische Wasserm\u00fchle Birgel\",\"isPartOf\":{\"@id\":\"https:\/\/www.muehlebirgel.de\/fr\/#website\"},\"primaryImageOfPage\":{\"@id\":\"https:\/\/www.muehlebirgel.de\/fr\/arrangement-de-pentecote#primaryimage\"},\"image\":{\"@id\":\"https:\/\/www.muehlebirgel.de\/fr\/arrangement-de-pentecote#primaryimage\"},\"thumbnailUrl\":\"https:\/\/www.muehlebirgel.de\/wp-content\/uploads\/pfingst-video-thumbnail.webp\",\"datePublished\":\"2021-12-10T15:05:13+00:00\",\"dateModified\":\"2026-04-16T11:34:06+00:00\",\"breadcrumb\":{\"@id\":\"https:\/\/www.muehlebirgel.de\/fr\/arrangement-de-pentecote#breadcrumb\"},\"inLanguage\":\"fr-FR\",\"potentialAction\":[{\"@type\":\"ReadAction\",\"target\":[\"https:\/\/www.muehlebirgel.de\/fr\/arrangement-de-pentecote\"]}]},{\"@type\":\"ImageObject\",\"inLanguage\":\"fr-FR\",\"@id\":\"https:\/\/www.muehlebirgel.de\/fr\/arrangement-de-pentecote#primaryimage\",\"url\":\"https:\/\/www.muehlebirgel.de\/wp-content\/uploads\/pfingst-video-thumbnail.webp\",\"contentUrl\":\"https:\/\/www.muehlebirgel.de\/wp-content\/uploads\/pfingst-video-thumbnail.webp\"},{\"@type\":\"BreadcrumbList\",\"@id\":\"https:\/\/www.muehlebirgel.de\/fr\/arrangement-de-pentecote#breadcrumb\",\"itemListElement\":[{\"@type\":\"ListItem\",\"position\":1,\"name\":\"Startseite\",\"item\":\"https:\/\/www.muehlebirgel.de\/fr\"},{\"@type\":\"ListItem\",\"position\":2,\"name\":\"H\u00e9bergement dans l&#8217;Eifel &#8211; R\u00e9server des vacances dans l&#8217;Eifel volcanique\",\"item\":\"https:\/\/www.muehlebirgel.de\/fr\/uebernachtungen-in-der-eifel\"},{\"@type\":\"ListItem\",\"position\":3,\"name\":\"H\u00f4tel dans l&#8217;Eifel &#8211; Chambres romantiques dans l&#8217;Eifel volcanique\",\"item\":\"https:\/\/www.muehlebirgel.de\/fr\/hotel-romantique-dans-leifel-moulin-a-eau-historique-de-birgel\"},{\"@type\":\"ListItem\",\"position\":4,\"name\":\"Arrangement de Pentec\u00f4te\"}]},{\"@type\":\"WebSite\",\"@id\":\"https:\/\/www.muehlebirgel.de\/fr\/#website\",\"url\":\"https:\/\/www.muehlebirgel.de\/fr\/\",\"name\":\"Historische Wasserm\u00fchle Birgel\",\"description\":\"Willkommen im M\u00fchlen-Erlebniszentrum\",\"potentialAction\":[{\"@type\":\"SearchAction\",\"target\":{\"@type\":\"EntryPoint\",\"urlTemplate\":\"https:\/\/www.muehlebirgel.de\/fr\/?s={search_term_string}\"},\"query-input\":{\"@type\":\"PropertyValueSpecification\",\"valueRequired\":true,\"valueName\":\"search_term_string\"}}],\"inLanguage\":\"fr-FR\"}]}<\/script>\n<!-- \/ Yoast SEO plugin. -->","yoast_head_json":{"title":"Arrangement de Pentec\u00f4te - Historische Wasserm\u00fchle Birgel","robots":{"index":"index","follow":"follow","max-snippet":"max-snippet:-1","max-image-preview":"max-image-preview:large","max-video-preview":"max-video-preview:-1"},"canonical":"https:\/\/www.muehlebirgel.de\/fr\/arrangement-de-pentecote","og_locale":"fr_FR","og_type":"article","og_title":"Arrangement de Pentec\u00f4te - Historische Wasserm\u00fchle Birgel","og_description":"R\u00e9servation possible d\u00e8s maintenant pour l&rsquo;ann\u00e9e 2026 ! Les jours de Pentec\u00f4te, tous nos moulins sont ouverts et peuvent \u00eatre admir\u00e9s en fonctionnement. Pour les enfants, un programme comprenant la cr\u00e9ation de moutarde, la fabrication de pain et la pr\u00e9paration de c\u00e9r\u00e9ales est propos\u00e9. Dans la boutique du moulin, vous pouvez acheter nos liqueurs, moutardes, [&hellip;]","og_url":"https:\/\/www.muehlebirgel.de\/fr\/arrangement-de-pentecote\/","og_site_name":"Historische Wasserm\u00fchle Birgel","article_modified_time":"2026-04-16T11:34:06+00:00","og_image":[{"width":300,"height":169,"url":"https:\/\/www.muehlebirgel.de\/wp-content\/uploads\/pfingst-video-thumbnail.webp","type":"image\/webp"}],"twitter_card":"summary_large_image","twitter_misc":{"Dur\u00e9e de lecture estim\u00e9e":"2 minutes"},"schema":{"@context":"https:\/\/schema.org","@graph":[{"@type":"WebPage","@id":"https:\/\/www.muehlebirgel.de\/fr\/arrangement-de-pentecote","url":"https:\/\/www.muehlebirgel.de\/fr\/arrangement-de-pentecote","name":"Arrangement de Pentec\u00f4te - Historische Wasserm\u00fchle Birgel","isPartOf":{"@id":"https:\/\/www.muehlebirgel.de\/fr\/#website"},"primaryImageOfPage":{"@id":"https:\/\/www.muehlebirgel.de\/fr\/arrangement-de-pentecote#primaryimage"},"image":{"@id":"https:\/\/www.muehlebirgel.de\/fr\/arrangement-de-pentecote#primaryimage"},"thumbnailUrl":"https:\/\/www.muehlebirgel.de\/wp-content\/uploads\/pfingst-video-thumbnail.webp","datePublished":"2021-12-10T15:05:13+00:00","dateModified":"2026-04-16T11:34:06+00:00","breadcrumb":{"@id":"https:\/\/www.muehlebirgel.de\/fr\/arrangement-de-pentecote#breadcrumb"},"inLanguage":"fr-FR","potentialAction":[{"@type":"ReadAction","target":["https:\/\/www.muehlebirgel.de\/fr\/arrangement-de-pentecote"]}]},{"@type":"ImageObject","inLanguage":"fr-FR","@id":"https:\/\/www.muehlebirgel.de\/fr\/arrangement-de-pentecote#primaryimage","url":"https:\/\/www.muehlebirgel.de\/wp-content\/uploads\/pfingst-video-thumbnail.webp","contentUrl":"https:\/\/www.muehlebirgel.de\/wp-content\/uploads\/pfingst-video-thumbnail.webp"},{"@type":"BreadcrumbList","@id":"https:\/\/www.muehlebirgel.de\/fr\/arrangement-de-pentecote#breadcrumb","itemListElement":[{"@type":"ListItem","position":1,"name":"Startseite","item":"https:\/\/www.muehlebirgel.de\/fr"},{"@type":"ListItem","position":2,"name":"H\u00e9bergement dans l&#8217;Eifel &#8211; R\u00e9server des vacances dans l&#8217;Eifel volcanique","item":"https:\/\/www.muehlebirgel.de\/fr\/uebernachtungen-in-der-eifel"},{"@type":"ListItem","position":3,"name":"H\u00f4tel dans l&#8217;Eifel &#8211; Chambres romantiques dans l&#8217;Eifel volcanique","item":"https:\/\/www.muehlebirgel.de\/fr\/hotel-romantique-dans-leifel-moulin-a-eau-historique-de-birgel"},{"@type":"ListItem","position":4,"name":"Arrangement de Pentec\u00f4te"}]},{"@type":"WebSite","@id":"https:\/\/www.muehlebirgel.de\/fr\/#website","url":"https:\/\/www.muehlebirgel.de\/fr\/","name":"Historische Wasserm\u00fchle Birgel","description":"Willkommen im M\u00fchlen-Erlebniszentrum","potentialAction":[{"@type":"SearchAction","target":{"@type":"EntryPoint","urlTemplate":"https:\/\/www.muehlebirgel.de\/fr\/?s={search_term_string}"},"query-input":{"@type":"PropertyValueSpecification","valueRequired":true,"valueName":"search_term_string"}}],"inLanguage":"fr-FR"}]}},"_links":{"self":[{"href":"https:\/\/www.muehlebirgel.de\/fr\/wp-json\/wp\/v2\/pages\/9986","targetHints":{"allow":["GET"]}}],"collection":[{"href":"https:\/\/www.muehlebirgel.de\/fr\/wp-json\/wp\/v2\/pages"}],"about":[{"href":"https:\/\/www.muehlebirgel.de\/fr\/wp-json\/wp\/v2\/types\/page"}],"author":[{"embeddable":true,"href":"https:\/\/www.muehlebirgel.de\/fr\/wp-json\/wp\/v2\/users\/1"}],"replies":[{"embeddable":true,"href":"https:\/\/www.muehlebirgel.de\/fr\/wp-json\/wp\/v2\/comments?post=9986"}],"version-history":[{"count":17,"href":"https:\/\/www.muehlebirgel.de\/fr\/wp-json\/wp\/v2\/pages\/9986\/revisions"}],"predecessor-version":[{"id":64166,"href":"https:\/\/www.muehlebirgel.de\/fr\/wp-json\/wp\/v2\/pages\/9986\/revisions\/64166"}],"up":[{"embeddable":true,"href":"https:\/\/www.muehlebirgel.de\/fr\/wp-json\/wp\/v2\/pages\/9709"}],"wp:attachment":[{"href":"https:\/\/www.muehlebirgel.de\/fr\/wp-json\/wp\/v2\/media?parent=9986"}],"curies":[{"name":"wp","href":"https:\/\/api.w.org\/{rel}","templated":true}]}}