{"id":9992,"date":"2021-12-10T15:05:19","date_gmt":"2021-12-10T15:05:19","guid":{"rendered":"https:\/\/www.muehlebirgel.de\/conferences-et-seminaires-dans-leifel\/apprendre-avec-tous-vos-sens-comment-inspirer-votre-succes\/"},"modified":"2021-12-10T15:05:19","modified_gmt":"2021-12-10T15:05:19","slug":"apprendre-avec-tous-vos-sens-comment-inspirer-votre-succes","status":"publish","type":"page","link":"https:\/\/www.muehlebirgel.de\/fr\/apprendre-avec-tous-vos-sens-comment-inspirer-votre-succes","title":{"rendered":"Apprendre avec tous vos sens &#8211; Comment inspirer votre succ\u00e8s"},"content":{"rendered":"<h2>Augmentez le succ\u00e8s de votre entreprise &#8211; avec les s\u00e9minaires dans notre moulin \u00e0 eau historique<\/h2>\n<div class=\"textklein\">\n<p><img loading=\"lazy\" decoding=\"async\" class=\"size-full wp-image-164 alignleft\" src=\"https:\/\/www.muehlebirgel.de\/wp-content\/uploads\/2009\/04\/seminar.jpg\" alt=\"\" width=\"300\" height=\"200\">Ici, la t\u00eate devient libre pour de nouvelles id\u00e9es et de meilleurs services. Combinez des r\u00e9sultats d&rsquo;apprentissage optimaux avec une ambiance incomparable et un programme d&rsquo;accompagnement sp\u00e9cial. Ou enrichissez votre f\u00eate d&rsquo;entreprise avec une conf\u00e9rence efficace et profitez de l&rsquo;interaction efficace d&rsquo;une atmosph\u00e8re d\u00e9tendue, de plats d\u00e9licieux et d&rsquo;un contenu d&rsquo;apprentissage m\u00e9morable. Nous serions heureux d&rsquo;organiser le bon s\u00e9minaire en fonction de vos souhaits individuels afin de vous offrir, \u00e0 vous et \u00e0 vos employ\u00e9s, la meilleure formation possible. Contactez-nous!<\/p>\n<hr>\n<p><strong>Atteignez votre objectif avec charisme et style<\/strong><\/p>\n<p><img loading=\"lazy\" decoding=\"async\" class=\"size-full wp-image-123 alignleft\" src=\"https:\/\/www.muehlebirgel.de\/wp-content\/uploads\/2009\/04\/ferienhaeuser.jpg\" alt=\"\" width=\"300\" height=\"200\">Les exigences impos\u00e9es \u00e0 votre entreprise par vos clients et partenaires commerciaux ne cessent de cro\u00eetre, et avec elles les attentes de chaque employ\u00e9 pour repr\u00e9senter votre entreprise \u00e0 l&rsquo;ext\u00e9rieur avec un engagement total et le plus haut niveau de professionnalisme.<\/p>\n<p>L&rsquo;apparence et les comp\u00e9tences verbales de l&#8217;employ\u00e9 sont d&rsquo;une importance existentielle lorsqu&rsquo;il s&rsquo;agit de mettre le client dans une ambiance de fascination et d&rsquo;enthousiasme.<\/p>\n<hr>\n<\/div>\n<p><img loading=\"lazy\" decoding=\"async\" class=\"size-full wp-image-111 alignleft\" src=\"https:\/\/www.muehlebirgel.de\/wp-content\/uploads\/2009\/04\/Gewoelbekeller.jpg\" alt=\"\" width=\"300\" height=\"200\">De bons arguments rationnels \u00e0 eux seuls ne contribuent g\u00e9n\u00e9ralement qu&rsquo;\u00e0 un quart de la conclusion. L&rsquo;acceptation d&rsquo;un texte parl\u00e9 d\u00e9pend d&rsquo;environ 38% de la voix, 55% du langage corporel et seulement 7% du contenu (\u00e9tude Mehrabian). Incidemment, il est consid\u00e9r\u00e9 comme prouv\u00e9 que 87% de toutes les personnes se forment une opinion sur leur homologue d\u00e8s la premi\u00e8re impression, que 91% ne corrigent qu&rsquo;avec le \u00ab\u00a0c\u0153ur lourd\u00a0\u00bb (source: Hans Christian Altmann).<br \/>\nCela signifie que seul l&#8217;employ\u00e9 qui fait une impression positive, confiante et sympathique d\u00e8s la premi\u00e8re rencontre peut cr\u00e9er une bonne relation \u00e9motionnelle avec le client, l&rsquo;inspirer, le fasciner et le lier \u00e0 votre entreprise sur le long terme.<\/p>\n<p><strong>Dans nos s\u00e9minaires sous la direction du Dr. Daniela Gehrmann apprend les participants<\/strong><\/p>\n<ul>\n<li>comment ils apparaissent en toute confiance \u00e0 chaque \u00e9tage<\/li>\n<li>comment ils font la publicit\u00e9 de l&rsquo;entreprise comme carte de visite<\/li>\n<li>comment ils r\u00e9ussissent avec l&rsquo;autre personne avec l&rsquo;utilisation consciente du langage<\/li>\n<li>comment on se souvient en permanence d&rsquo;eux comme d&rsquo;une personnalit\u00e9 authentique et \u00e9loquente<\/li>\n<li>comment communiquer efficacement et comment envo\u00fbter son interlocuteur<\/li>\n<li>comment vous pouvez augmenter l&rsquo;attention de votre homologue en contr\u00f4lant le langage corporel et la voix<\/li>\n<\/ul>\n<p><strong>R\u00e9union:<br \/>\nAtteignez votre objectif avec charisme et style<\/strong><br \/>\nVendredi &#8211; heure : 10 h \u00e0 17 h<\/p>\n<p><u>Programme<\/u> :<\/p>\n<p>10h00 petit-d\u00e9jeuner en commun dans la salle de conf\u00e9rence comme collation debout<br \/>\n10h30 d\u00e9but du s\u00e9minaire<br \/>\n13h00 d\u00e9jeuner<br \/>\n14h00 Suite du s\u00e9minaire<br \/>\n15h30 &#8211; 16h00 Pause caf\u00e9<br \/>\n17h programme d&rsquo;accompagnement (pour aiguiser les sens)<br \/>\n19h d\u00eener<\/p>\n<p>Samedi &#8211; heure : 10h \u00e0 16h<\/p>\n<p><u>Programme: <\/u><\/p>\n<p>9h00 Petit d\u00e9jeuner dans la cave vo\u00fbt\u00e9e<br \/>\n10h00 d\u00e9but du s\u00e9minaire<br \/>\n12h30 d\u00e9jeuner<br \/>\n13h30 Suite du s\u00e9minaire<br \/>\n16h00, caf\u00e9 et d\u00e9part<\/p>\n<p><strong>Prix de participation : 265 euros pour une nuit\u00e9e en chambre individuelle<\/strong><br \/>\nEn savoir plus sur la <a href=\"https:\/\/www.muehlebirgel.de\/stimm-und-vortragstraining.html\">formation vocale et de pr\u00e9sentation<\/a> qui est \u00e9galement offerte<\/p>\n<p><strong>Nous attendons avec impatience votre demande \u00e0<br \/>\nT\u00e9l. : 06597\/92820 ou via notre <a href=\"..\/..\/..\/..\/..\/contact\">formulaire de contact<\/a> !<\/strong><\/p>\n","protected":false},"excerpt":{"rendered":"<p>Augmentez le succ\u00e8s de votre entreprise &#8211; avec les s\u00e9minaires dans notre moulin \u00e0 eau historique Ici, la t\u00eate devient libre pour de nouvelles id\u00e9es et de meilleurs services. Combinez des r\u00e9sultats d&rsquo;apprentissage optimaux avec une ambiance incomparable et un programme d&rsquo;accompagnement sp\u00e9cial. Ou enrichissez votre f\u00eate d&rsquo;entreprise avec une conf\u00e9rence efficace et profitez de [&hellip;]<\/p>\n","protected":false},"author":1,"featured_media":0,"parent":9683,"menu_order":3,"comment_status":"closed","ping_status":"closed","template":"","meta":{"footnotes":""},"class_list":["post-9992","page","type-page","status-publish","hentry"],"yoast_head":"<!-- This site is optimized with the Yoast SEO plugin v27.2 - https:\/\/yoast.com\/product\/yoast-seo-wordpress\/ -->\n<title>Apprendre avec tous vos sens - Comment inspirer votre succ\u00e8s - Historische Wasserm\u00fchle Birgel<\/title>\n<meta name=\"robots\" content=\"index, follow, max-snippet:-1, max-image-preview:large, max-video-preview:-1\" \/>\n<link rel=\"canonical\" href=\"https:\/\/www.muehlebirgel.de\/fr\/apprendre-avec-tous-vos-sens-comment-inspirer-votre-succes\" \/>\n<meta property=\"og:locale\" content=\"fr_FR\" \/>\n<meta property=\"og:type\" content=\"article\" \/>\n<meta property=\"og:title\" content=\"Apprendre avec tous vos sens - Comment inspirer votre succ\u00e8s - Historische Wasserm\u00fchle Birgel\" \/>\n<meta property=\"og:description\" content=\"Augmentez le succ\u00e8s de votre entreprise &#8211; avec les s\u00e9minaires dans notre moulin \u00e0 eau historique Ici, la t\u00eate devient libre pour de nouvelles id\u00e9es et de meilleurs services. Combinez des r\u00e9sultats d&rsquo;apprentissage optimaux avec une ambiance incomparable et un programme d&rsquo;accompagnement sp\u00e9cial. Ou enrichissez votre f\u00eate d&rsquo;entreprise avec une conf\u00e9rence efficace et profitez de [&hellip;]\" \/>\n<meta property=\"og:url\" content=\"https:\/\/www.muehlebirgel.de\/fr\/apprendre-avec-tous-vos-sens-comment-inspirer-votre-succes\/\" \/>\n<meta property=\"og:site_name\" content=\"Historische Wasserm\u00fchle Birgel\" \/>\n<meta property=\"og:image\" content=\"https:\/\/www.muehlebirgel.de\/wp-content\/uploads\/2009\/04\/seminar.jpg\" \/>\n<meta name=\"twitter:card\" content=\"summary_large_image\" \/>\n<meta name=\"twitter:label1\" content=\"Dur\u00e9e de lecture estim\u00e9e\" \/>\n\t<meta name=\"twitter:data1\" content=\"3 minutes\" \/>\n<script type=\"application\/ld+json\" class=\"yoast-schema-graph\">{\"@context\":\"https:\/\/schema.org\",\"@graph\":[{\"@type\":\"WebPage\",\"@id\":\"https:\/\/www.muehlebirgel.de\/fr\/apprendre-avec-tous-vos-sens-comment-inspirer-votre-succes\",\"url\":\"https:\/\/www.muehlebirgel.de\/fr\/apprendre-avec-tous-vos-sens-comment-inspirer-votre-succes\",\"name\":\"Apprendre avec tous vos sens - Comment inspirer votre succ\u00e8s - Historische Wasserm\u00fchle Birgel\",\"isPartOf\":{\"@id\":\"https:\/\/www.muehlebirgel.de\/fr\/#website\"},\"primaryImageOfPage\":{\"@id\":\"https:\/\/www.muehlebirgel.de\/fr\/apprendre-avec-tous-vos-sens-comment-inspirer-votre-succes#primaryimage\"},\"image\":{\"@id\":\"https:\/\/www.muehlebirgel.de\/fr\/apprendre-avec-tous-vos-sens-comment-inspirer-votre-succes#primaryimage\"},\"thumbnailUrl\":\"https:\/\/www.muehlebirgel.de\/wp-content\/uploads\/2009\/04\/seminar.jpg\",\"datePublished\":\"2021-12-10T15:05:19+00:00\",\"breadcrumb\":{\"@id\":\"https:\/\/www.muehlebirgel.de\/fr\/apprendre-avec-tous-vos-sens-comment-inspirer-votre-succes#breadcrumb\"},\"inLanguage\":\"fr-FR\",\"potentialAction\":[{\"@type\":\"ReadAction\",\"target\":[\"https:\/\/www.muehlebirgel.de\/fr\/apprendre-avec-tous-vos-sens-comment-inspirer-votre-succes\"]}]},{\"@type\":\"ImageObject\",\"inLanguage\":\"fr-FR\",\"@id\":\"https:\/\/www.muehlebirgel.de\/fr\/apprendre-avec-tous-vos-sens-comment-inspirer-votre-succes#primaryimage\",\"url\":\"https:\/\/www.muehlebirgel.de\/wp-content\/uploads\/2009\/04\/seminar.jpg\",\"contentUrl\":\"https:\/\/www.muehlebirgel.de\/wp-content\/uploads\/2009\/04\/seminar.jpg\"},{\"@type\":\"BreadcrumbList\",\"@id\":\"https:\/\/www.muehlebirgel.de\/fr\/apprendre-avec-tous-vos-sens-comment-inspirer-votre-succes#breadcrumb\",\"itemListElement\":[{\"@type\":\"ListItem\",\"position\":1,\"name\":\"Startseite\",\"item\":\"https:\/\/www.muehlebirgel.de\/fr\"},{\"@type\":\"ListItem\",\"position\":2,\"name\":\"Journ\u00e9e aventure dans l&#8217;Eifel\",\"item\":\"https:\/\/www.muehlebirgel.de\/fr\/journee-aventure-dans-leifel\"},{\"@type\":\"ListItem\",\"position\":3,\"name\":\"Conf\u00e9rences et s\u00e9minaires dans l&#8217;Eifel\",\"item\":\"https:\/\/www.muehlebirgel.de\/fr\/conferences-et-seminaires-dans-leifel\"},{\"@type\":\"ListItem\",\"position\":4,\"name\":\"Apprendre avec tous vos sens &#8211; Comment inspirer votre succ\u00e8s\"}]},{\"@type\":\"WebSite\",\"@id\":\"https:\/\/www.muehlebirgel.de\/fr\/#website\",\"url\":\"https:\/\/www.muehlebirgel.de\/fr\/\",\"name\":\"Historische Wasserm\u00fchle Birgel\",\"description\":\"Willkommen im M\u00fchlen-Erlebniszentrum\",\"potentialAction\":[{\"@type\":\"SearchAction\",\"target\":{\"@type\":\"EntryPoint\",\"urlTemplate\":\"https:\/\/www.muehlebirgel.de\/fr\/?s={search_term_string}\"},\"query-input\":{\"@type\":\"PropertyValueSpecification\",\"valueRequired\":true,\"valueName\":\"search_term_string\"}}],\"inLanguage\":\"fr-FR\"}]}<\/script>\n<!-- \/ Yoast SEO plugin. -->","yoast_head_json":{"title":"Apprendre avec tous vos sens - Comment inspirer votre succ\u00e8s - Historische Wasserm\u00fchle Birgel","robots":{"index":"index","follow":"follow","max-snippet":"max-snippet:-1","max-image-preview":"max-image-preview:large","max-video-preview":"max-video-preview:-1"},"canonical":"https:\/\/www.muehlebirgel.de\/fr\/apprendre-avec-tous-vos-sens-comment-inspirer-votre-succes","og_locale":"fr_FR","og_type":"article","og_title":"Apprendre avec tous vos sens - Comment inspirer votre succ\u00e8s - Historische Wasserm\u00fchle Birgel","og_description":"Augmentez le succ\u00e8s de votre entreprise &#8211; avec les s\u00e9minaires dans notre moulin \u00e0 eau historique Ici, la t\u00eate devient libre pour de nouvelles id\u00e9es et de meilleurs services. Combinez des r\u00e9sultats d&rsquo;apprentissage optimaux avec une ambiance incomparable et un programme d&rsquo;accompagnement sp\u00e9cial. Ou enrichissez votre f\u00eate d&rsquo;entreprise avec une conf\u00e9rence efficace et profitez de [&hellip;]","og_url":"https:\/\/www.muehlebirgel.de\/fr\/apprendre-avec-tous-vos-sens-comment-inspirer-votre-succes\/","og_site_name":"Historische Wasserm\u00fchle Birgel","og_image":[{"url":"https:\/\/www.muehlebirgel.de\/wp-content\/uploads\/2009\/04\/seminar.jpg","type":"","width":"","height":""}],"twitter_card":"summary_large_image","twitter_misc":{"Dur\u00e9e de lecture estim\u00e9e":"3 minutes"},"schema":{"@context":"https:\/\/schema.org","@graph":[{"@type":"WebPage","@id":"https:\/\/www.muehlebirgel.de\/fr\/apprendre-avec-tous-vos-sens-comment-inspirer-votre-succes","url":"https:\/\/www.muehlebirgel.de\/fr\/apprendre-avec-tous-vos-sens-comment-inspirer-votre-succes","name":"Apprendre avec tous vos sens - Comment inspirer votre succ\u00e8s - Historische Wasserm\u00fchle Birgel","isPartOf":{"@id":"https:\/\/www.muehlebirgel.de\/fr\/#website"},"primaryImageOfPage":{"@id":"https:\/\/www.muehlebirgel.de\/fr\/apprendre-avec-tous-vos-sens-comment-inspirer-votre-succes#primaryimage"},"image":{"@id":"https:\/\/www.muehlebirgel.de\/fr\/apprendre-avec-tous-vos-sens-comment-inspirer-votre-succes#primaryimage"},"thumbnailUrl":"https:\/\/www.muehlebirgel.de\/wp-content\/uploads\/2009\/04\/seminar.jpg","datePublished":"2021-12-10T15:05:19+00:00","breadcrumb":{"@id":"https:\/\/www.muehlebirgel.de\/fr\/apprendre-avec-tous-vos-sens-comment-inspirer-votre-succes#breadcrumb"},"inLanguage":"fr-FR","potentialAction":[{"@type":"ReadAction","target":["https:\/\/www.muehlebirgel.de\/fr\/apprendre-avec-tous-vos-sens-comment-inspirer-votre-succes"]}]},{"@type":"ImageObject","inLanguage":"fr-FR","@id":"https:\/\/www.muehlebirgel.de\/fr\/apprendre-avec-tous-vos-sens-comment-inspirer-votre-succes#primaryimage","url":"https:\/\/www.muehlebirgel.de\/wp-content\/uploads\/2009\/04\/seminar.jpg","contentUrl":"https:\/\/www.muehlebirgel.de\/wp-content\/uploads\/2009\/04\/seminar.jpg"},{"@type":"BreadcrumbList","@id":"https:\/\/www.muehlebirgel.de\/fr\/apprendre-avec-tous-vos-sens-comment-inspirer-votre-succes#breadcrumb","itemListElement":[{"@type":"ListItem","position":1,"name":"Startseite","item":"https:\/\/www.muehlebirgel.de\/fr"},{"@type":"ListItem","position":2,"name":"Journ\u00e9e aventure dans l&#8217;Eifel","item":"https:\/\/www.muehlebirgel.de\/fr\/journee-aventure-dans-leifel"},{"@type":"ListItem","position":3,"name":"Conf\u00e9rences et s\u00e9minaires dans l&#8217;Eifel","item":"https:\/\/www.muehlebirgel.de\/fr\/conferences-et-seminaires-dans-leifel"},{"@type":"ListItem","position":4,"name":"Apprendre avec tous vos sens &#8211; Comment inspirer votre succ\u00e8s"}]},{"@type":"WebSite","@id":"https:\/\/www.muehlebirgel.de\/fr\/#website","url":"https:\/\/www.muehlebirgel.de\/fr\/","name":"Historische Wasserm\u00fchle Birgel","description":"Willkommen im M\u00fchlen-Erlebniszentrum","potentialAction":[{"@type":"SearchAction","target":{"@type":"EntryPoint","urlTemplate":"https:\/\/www.muehlebirgel.de\/fr\/?s={search_term_string}"},"query-input":{"@type":"PropertyValueSpecification","valueRequired":true,"valueName":"search_term_string"}}],"inLanguage":"fr-FR"}]}},"_links":{"self":[{"href":"https:\/\/www.muehlebirgel.de\/fr\/wp-json\/wp\/v2\/pages\/9992","targetHints":{"allow":["GET"]}}],"collection":[{"href":"https:\/\/www.muehlebirgel.de\/fr\/wp-json\/wp\/v2\/pages"}],"about":[{"href":"https:\/\/www.muehlebirgel.de\/fr\/wp-json\/wp\/v2\/types\/page"}],"author":[{"embeddable":true,"href":"https:\/\/www.muehlebirgel.de\/fr\/wp-json\/wp\/v2\/users\/1"}],"replies":[{"embeddable":true,"href":"https:\/\/www.muehlebirgel.de\/fr\/wp-json\/wp\/v2\/comments?post=9992"}],"version-history":[{"count":0,"href":"https:\/\/www.muehlebirgel.de\/fr\/wp-json\/wp\/v2\/pages\/9992\/revisions"}],"up":[{"embeddable":true,"href":"https:\/\/www.muehlebirgel.de\/fr\/wp-json\/wp\/v2\/pages\/9683"}],"wp:attachment":[{"href":"https:\/\/www.muehlebirgel.de\/fr\/wp-json\/wp\/v2\/media?parent=9992"}],"curies":[{"name":"wp","href":"https:\/\/api.w.org\/{rel}","templated":true}]}}