{"id":10097,"date":"2021-06-16T14:27:07","date_gmt":"2021-12-10T15:07:10","guid":{"rendered":"https:\/\/www.muehlebirgel.de\/shop\/fabriquez-vous-meme-le-paquet-promotionnel-de-moutarde\/"},"modified":"2024-11-29T09:28:08","modified_gmt":"2024-11-29T08:28:08","slug":"action-package-moutarde-faites-vous-meme","status":"publish","type":"product","link":"https:\/\/www.muehlebirgel.de\/fr\/shop\/action-package-moutarde-faites-vous-meme","title":{"rendered":"Fabriquez vous-m\u00eame le paquet promotionnel de moutarde"},"content":{"rendered":"<h2>Pr\u00e9parez simplement vous-m\u00eame une d\u00e9licieuse moutarde<\/h2>\n<p>Si vous avez d\u00e9j\u00e0 d\u00e9gust\u00e9 notre moutarde au moulin unique, vous allez adorer votre moutarde maison ! Vous avez bien lu, notre d\u00e9licieuse moutarde est non seulement disponible dans un verre pour votre propre maison, mais aussi \u00e0 faire vous-m\u00eame tr\u00e8s facilement.<\/p>\n<p>Que ce soit seul, en couple, comme id\u00e9e cadeau unique ou avec toute la famille. Nul doute que la moutarde du moulin reste la meilleure en terme de go\u00fbt. Mais si vous souhaitez devenir vous-m\u00eame moutardier, vous pouvez d\u00e9sormais fabriquer votre propre moutarde \u00e0 volont\u00e9.<\/p>\n<p>Les plats faits maison ont meilleur go\u00fbt et la vari\u00e9t\u00e9 de moutarde est incommensurable. L&rsquo;un aime un peu d&rsquo;ail, l&rsquo;autre plus, un autre pr\u00e9f\u00e8re la combinaison populaire de miel et de moutarde, tandis qu&rsquo;un autre pr\u00e9f\u00e8re une cr\u00e9ation peut-\u00eatre inconnue auparavant. Il n&rsquo;y a pas de limites \u00e0 la cuisine cr\u00e9ative. Avec notre forfait promotionnel, vous pouvez maintenant faire votre propre moutarde pr\u00e9f\u00e9r\u00e9e et cr\u00e9er des saveurs inhabituelles.<\/p>\n<p><strong>Notre pack d&rsquo;ingr\u00e9dients comprend :<\/strong><\/p>\n<p>1x 200g <a href=\"\/?product_cat=senfmehl-braun\">de farine de moutarde brune<\/a><\/p>\n<p>1x 200g <a href=\"\/?product_cat=senfmehl-gelb\">de farine de moutarde jaune<\/a><\/p>\n<p>1x <a href=\"\/?product_cat=senfschrot\">200g de moutarde<\/a><\/p>\n<p>Notre forfait promotionnel est un plaisir populaire parmi les amis et pour toute la famille. \u00cates-vous toujours \u00e0 la recherche d&rsquo;un cadeau personnel? Et si vous offriez votre moutarde maison ? Unique et d\u00e9licieux en plus.<\/p>\n<h2>Plus d&rsquo;id\u00e9es de recettes pour des moutardes uniques<\/h2>\n<p><u>moutarde \u00e0 l&rsquo;ail<\/u><\/p>\n<p>Moudre finement l&rsquo;ail et l&rsquo;ajouter \u00e0 la moutarde de base<\/p>\n<p><u>Moutarde \u00e0 la figue<\/u><\/p>\n<p>Hacher les figues et m\u00e9langer dans la moutarde de base<\/p>\n<p><u>Moutarde au miel<\/u><\/p>\n<p>Ajouter 2-3 cuill\u00e8res \u00e0 soupe de miel et d&rsquo;huile et ajouter \u00e0 la moutarde de base<\/p>\n<p><u>moutarde de coing<\/u><\/p>\n<p>Hacher les coings, r\u00e9duire en pur\u00e9e puis ajouter \u00e0 la moutarde de base<\/p>\n<p><u>moutarde de No\u00ebl<\/u><\/p>\n<p>Hachez le gingembre, broyez finement le zeste d&rsquo;orange et les \u00e9pices pour pain d&rsquo;\u00e9pice et m\u00e9langez le m\u00e9lange fini \u00e0 la moutarde de base.<\/p>\n<p>&nbsp;<\/p>\n<p>&nbsp;<\/p>\n","protected":false},"excerpt":{"rendered":"<p>Pr\u00e9parez simplement vous-m\u00eame une d\u00e9licieuse moutarde Si vous avez d\u00e9j\u00e0 d\u00e9gust\u00e9 notre moutarde au moulin unique, vous allez adorer votre moutarde maison ! Vous avez bien lu, notre d\u00e9licieuse moutarde est non seulement disponible dans un verre pour votre propre maison, mais aussi \u00e0 faire vous-m\u00eame tr\u00e8s facilement. Que ce soit seul, en couple, comme [&hellip;]<\/p>\n","protected":false},"featured_media":9628,"template":"","meta":[],"product_brand":[],"product_cat":[84,83,85],"product_tag":[],"class_list":{"0":"post-10097","1":"product","2":"type-product","3":"status-publish","4":"has-post-thumbnail","6":"product_cat-farine-de-moutarde","7":"product_cat-moutarde","8":"product_cat-vente","9":"product_shipping_class-expedition-assuree","11":"first","12":"instock","13":"sale","14":"featured","15":"taxable","16":"shipping-taxable","17":"purchasable","18":"product-type-simple"},"yoast_head":"<!-- This site is optimized with the Yoast SEO plugin v27.2 - https:\/\/yoast.com\/product\/yoast-seo-wordpress\/ -->\n<title>Fabriquez vous-m\u00eame le paquet promotionnel de moutarde - Historische Wasserm\u00fchle Birgel<\/title>\n<meta name=\"description\" content=\"Notre d\u00e9licieuse moutarde n&#039;est pas seulement disponible dans un verre pour votre propre maison, mais vous pouvez aussi facilement la pr\u00e9parer vous-m\u00eame.\" \/>\n<meta name=\"robots\" content=\"index, follow, max-snippet:-1, max-image-preview:large, max-video-preview:-1\" \/>\n<link rel=\"canonical\" href=\"https:\/\/www.muehlebirgel.de\/fr\/shop\/action-package-moutarde-faites-vous-meme\" \/>\n<meta property=\"og:locale\" content=\"fr_FR\" \/>\n<meta property=\"og:type\" content=\"article\" \/>\n<meta property=\"og:title\" content=\"Fabriquez vous-m\u00eame le paquet promotionnel de moutarde - Historische Wasserm\u00fchle Birgel\" \/>\n<meta property=\"og:description\" content=\"Notre d\u00e9licieuse moutarde n&#039;est pas seulement disponible dans un verre pour votre propre maison, mais vous pouvez aussi facilement la pr\u00e9parer vous-m\u00eame.\" \/>\n<meta property=\"og:url\" content=\"https:\/\/www.muehlebirgel.de\/fr\/shop\/action-package-moutarde-faites-vous-meme\/\" \/>\n<meta property=\"og:site_name\" content=\"Historische Wasserm\u00fchle Birgel\" \/>\n<meta property=\"article:modified_time\" content=\"2024-11-29T08:28:08+00:00\" \/>\n<meta property=\"og:image\" content=\"https:\/\/www.muehlebirgel.de\/wp-content\/uploads\/2021\/06\/Senf-selber-machen.png\" \/>\n\t<meta property=\"og:image:width\" content=\"1400\" \/>\n\t<meta property=\"og:image:height\" content=\"2100\" \/>\n\t<meta property=\"og:image:type\" content=\"image\/png\" \/>\n<meta name=\"twitter:card\" content=\"summary_large_image\" \/>\n<meta name=\"twitter:label1\" content=\"Dur\u00e9e de lecture estim\u00e9e\" \/>\n\t<meta name=\"twitter:data1\" content=\"2 minutes\" \/>\n<script type=\"application\/ld+json\" class=\"yoast-schema-graph\">{\"@context\":\"https:\/\/schema.org\",\"@graph\":[{\"@type\":\"WebPage\",\"@id\":\"https:\/\/www.muehlebirgel.de\/fr\/shop\/action-package-moutarde-faites-vous-meme\",\"url\":\"https:\/\/www.muehlebirgel.de\/fr\/shop\/action-package-moutarde-faites-vous-meme\",\"name\":\"Fabriquez vous-m\u00eame le paquet promotionnel de moutarde - Historische Wasserm\u00fchle Birgel\",\"isPartOf\":{\"@id\":\"https:\/\/www.muehlebirgel.de\/fr\/#website\"},\"primaryImageOfPage\":{\"@id\":\"https:\/\/www.muehlebirgel.de\/fr\/shop\/action-package-moutarde-faites-vous-meme#primaryimage\"},\"image\":{\"@id\":\"https:\/\/www.muehlebirgel.de\/fr\/shop\/action-package-moutarde-faites-vous-meme#primaryimage\"},\"thumbnailUrl\":\"https:\/\/www.muehlebirgel.de\/wp-content\/uploads\/2021\/06\/Senf-selber-machen.png\",\"datePublished\":\"2021-12-10T15:07:10+00:00\",\"dateModified\":\"2024-11-29T08:28:08+00:00\",\"description\":\"Notre d\u00e9licieuse moutarde n'est pas seulement disponible dans un verre pour votre propre maison, mais vous pouvez aussi facilement la pr\u00e9parer vous-m\u00eame.\",\"breadcrumb\":{\"@id\":\"https:\/\/www.muehlebirgel.de\/fr\/shop\/action-package-moutarde-faites-vous-meme#breadcrumb\"},\"inLanguage\":\"fr-FR\",\"potentialAction\":[{\"@type\":\"ReadAction\",\"target\":[\"https:\/\/www.muehlebirgel.de\/fr\/shop\/action-package-moutarde-faites-vous-meme\"]}]},{\"@type\":\"ImageObject\",\"inLanguage\":\"fr-FR\",\"@id\":\"https:\/\/www.muehlebirgel.de\/fr\/shop\/action-package-moutarde-faites-vous-meme#primaryimage\",\"url\":\"https:\/\/www.muehlebirgel.de\/wp-content\/uploads\/2021\/06\/Senf-selber-machen.png\",\"contentUrl\":\"https:\/\/www.muehlebirgel.de\/wp-content\/uploads\/2021\/06\/Senf-selber-machen.png\",\"width\":1400,\"height\":2100},{\"@type\":\"BreadcrumbList\",\"@id\":\"https:\/\/www.muehlebirgel.de\/fr\/shop\/action-package-moutarde-faites-vous-meme#breadcrumb\",\"itemListElement\":[{\"@type\":\"ListItem\",\"position\":1,\"name\":\"Startseite\",\"item\":\"https:\/\/www.muehlebirgel.de\/fr\"},{\"@type\":\"ListItem\",\"position\":2,\"name\":\"Produits\",\"item\":\"https:\/\/www.muehlebirgel.de\/fr\/shop\"},{\"@type\":\"ListItem\",\"position\":3,\"name\":\"Fabriquez vous-m\u00eame le paquet promotionnel de moutarde\"}]},{\"@type\":\"WebSite\",\"@id\":\"https:\/\/www.muehlebirgel.de\/fr\/#website\",\"url\":\"https:\/\/www.muehlebirgel.de\/fr\/\",\"name\":\"Historische Wasserm\u00fchle Birgel\",\"description\":\"Willkommen im M\u00fchlen-Erlebniszentrum\",\"potentialAction\":[{\"@type\":\"SearchAction\",\"target\":{\"@type\":\"EntryPoint\",\"urlTemplate\":\"https:\/\/www.muehlebirgel.de\/fr\/?s={search_term_string}\"},\"query-input\":{\"@type\":\"PropertyValueSpecification\",\"valueRequired\":true,\"valueName\":\"search_term_string\"}}],\"inLanguage\":\"fr-FR\"}]}<\/script>\n<!-- \/ Yoast SEO plugin. -->","yoast_head_json":{"title":"Fabriquez vous-m\u00eame le paquet promotionnel de moutarde - Historische Wasserm\u00fchle Birgel","description":"Notre d\u00e9licieuse moutarde n'est pas seulement disponible dans un verre pour votre propre maison, mais vous pouvez aussi facilement la pr\u00e9parer vous-m\u00eame.","robots":{"index":"index","follow":"follow","max-snippet":"max-snippet:-1","max-image-preview":"max-image-preview:large","max-video-preview":"max-video-preview:-1"},"canonical":"https:\/\/www.muehlebirgel.de\/fr\/shop\/action-package-moutarde-faites-vous-meme","og_locale":"fr_FR","og_type":"article","og_title":"Fabriquez vous-m\u00eame le paquet promotionnel de moutarde - Historische Wasserm\u00fchle Birgel","og_description":"Notre d\u00e9licieuse moutarde n'est pas seulement disponible dans un verre pour votre propre maison, mais vous pouvez aussi facilement la pr\u00e9parer vous-m\u00eame.","og_url":"https:\/\/www.muehlebirgel.de\/fr\/shop\/action-package-moutarde-faites-vous-meme\/","og_site_name":"Historische Wasserm\u00fchle Birgel","article_modified_time":"2024-11-29T08:28:08+00:00","og_image":[{"width":1400,"height":2100,"url":"https:\/\/www.muehlebirgel.de\/wp-content\/uploads\/2021\/06\/Senf-selber-machen.png","type":"image\/png"}],"twitter_card":"summary_large_image","twitter_misc":{"Dur\u00e9e de lecture estim\u00e9e":"2 minutes"},"schema":{"@context":"https:\/\/schema.org","@graph":[{"@type":"WebPage","@id":"https:\/\/www.muehlebirgel.de\/fr\/shop\/action-package-moutarde-faites-vous-meme","url":"https:\/\/www.muehlebirgel.de\/fr\/shop\/action-package-moutarde-faites-vous-meme","name":"Fabriquez vous-m\u00eame le paquet promotionnel de moutarde - Historische Wasserm\u00fchle Birgel","isPartOf":{"@id":"https:\/\/www.muehlebirgel.de\/fr\/#website"},"primaryImageOfPage":{"@id":"https:\/\/www.muehlebirgel.de\/fr\/shop\/action-package-moutarde-faites-vous-meme#primaryimage"},"image":{"@id":"https:\/\/www.muehlebirgel.de\/fr\/shop\/action-package-moutarde-faites-vous-meme#primaryimage"},"thumbnailUrl":"https:\/\/www.muehlebirgel.de\/wp-content\/uploads\/2021\/06\/Senf-selber-machen.png","datePublished":"2021-12-10T15:07:10+00:00","dateModified":"2024-11-29T08:28:08+00:00","description":"Notre d\u00e9licieuse moutarde n'est pas seulement disponible dans un verre pour votre propre maison, mais vous pouvez aussi facilement la pr\u00e9parer vous-m\u00eame.","breadcrumb":{"@id":"https:\/\/www.muehlebirgel.de\/fr\/shop\/action-package-moutarde-faites-vous-meme#breadcrumb"},"inLanguage":"fr-FR","potentialAction":[{"@type":"ReadAction","target":["https:\/\/www.muehlebirgel.de\/fr\/shop\/action-package-moutarde-faites-vous-meme"]}]},{"@type":"ImageObject","inLanguage":"fr-FR","@id":"https:\/\/www.muehlebirgel.de\/fr\/shop\/action-package-moutarde-faites-vous-meme#primaryimage","url":"https:\/\/www.muehlebirgel.de\/wp-content\/uploads\/2021\/06\/Senf-selber-machen.png","contentUrl":"https:\/\/www.muehlebirgel.de\/wp-content\/uploads\/2021\/06\/Senf-selber-machen.png","width":1400,"height":2100},{"@type":"BreadcrumbList","@id":"https:\/\/www.muehlebirgel.de\/fr\/shop\/action-package-moutarde-faites-vous-meme#breadcrumb","itemListElement":[{"@type":"ListItem","position":1,"name":"Startseite","item":"https:\/\/www.muehlebirgel.de\/fr"},{"@type":"ListItem","position":2,"name":"Produits","item":"https:\/\/www.muehlebirgel.de\/fr\/shop"},{"@type":"ListItem","position":3,"name":"Fabriquez vous-m\u00eame le paquet promotionnel de moutarde"}]},{"@type":"WebSite","@id":"https:\/\/www.muehlebirgel.de\/fr\/#website","url":"https:\/\/www.muehlebirgel.de\/fr\/","name":"Historische Wasserm\u00fchle Birgel","description":"Willkommen im M\u00fchlen-Erlebniszentrum","potentialAction":[{"@type":"SearchAction","target":{"@type":"EntryPoint","urlTemplate":"https:\/\/www.muehlebirgel.de\/fr\/?s={search_term_string}"},"query-input":{"@type":"PropertyValueSpecification","valueRequired":true,"valueName":"search_term_string"}}],"inLanguage":"fr-FR"}]}},"_links":{"self":[{"href":"https:\/\/www.muehlebirgel.de\/fr\/wp-json\/wp\/v2\/product\/10097","targetHints":{"allow":["GET"]}}],"collection":[{"href":"https:\/\/www.muehlebirgel.de\/fr\/wp-json\/wp\/v2\/product"}],"about":[{"href":"https:\/\/www.muehlebirgel.de\/fr\/wp-json\/wp\/v2\/types\/product"}],"wp:featuredmedia":[{"embeddable":true,"href":"https:\/\/www.muehlebirgel.de\/fr\/wp-json\/wp\/v2\/media\/9628"}],"wp:attachment":[{"href":"https:\/\/www.muehlebirgel.de\/fr\/wp-json\/wp\/v2\/media?parent=10097"}],"wp:term":[{"taxonomy":"product_brand","embeddable":true,"href":"https:\/\/www.muehlebirgel.de\/fr\/wp-json\/wp\/v2\/product_brand?post=10097"},{"taxonomy":"product_cat","embeddable":true,"href":"https:\/\/www.muehlebirgel.de\/fr\/wp-json\/wp\/v2\/product_cat?post=10097"},{"taxonomy":"product_tag","embeddable":true,"href":"https:\/\/www.muehlebirgel.de\/fr\/wp-json\/wp\/v2\/product_tag?post=10097"}],"curies":[{"name":"wp","href":"https:\/\/api.w.org\/{rel}","templated":true}]}}