{"id":10118,"date":"2021-06-16T13:12:35","date_gmt":"2021-12-10T15:07:43","guid":{"rendered":"https:\/\/www.muehlebirgel.de\/shop\/mirabelle-brulee\/"},"modified":"2022-09-06T13:40:08","modified_gmt":"2022-09-06T12:40:08","slug":"mirabellenbrand","status":"publish","type":"product","link":"https:\/\/www.muehlebirgel.de\/fr\/shop\/mirabellenbrand-2","title":{"rendered":"Mirabelle br\u00fbl\u00e9e"},"content":{"rendered":"<h2>Eau-de-vie de mirabelle de l&rsquo;Eifel<\/h2>\n<p>Notre eau-de-vie mirabelle titr\u00e9e \u00e0 43% vol., est une jolie sp\u00e9cialit\u00e9 de brandy au go\u00fbt particuli\u00e8rement noble. Les mirabelles m\u00fbries au soleil, qui sont aussi souvent appel\u00e9es \u00ab prunes jaunes \u00bb, se caract\u00e9risent par leur go\u00fbt extr\u00eamement sucr\u00e9 et leur ar\u00f4me merveilleux et conf\u00e8rent \u00e0 notre eau-de-vie son go\u00fbt de fruit doux-sucr\u00e9 unique et une note merveilleusement florale.<\/p>\n<h2>Comment appr\u00e9ciez-vous le cognac?<\/h2>\n<p>R\u00e9frig\u00e9r\u00e9e \u00e0 une temp\u00e9rature de consommation de 15 \u00e0 18 degr\u00e9s, l&rsquo;eau-de-vie peut tr\u00e8s bien d\u00e9velopper ses ar\u00f4mes. Apr\u00e8s un repas, il se d\u00e9guste pur en digestif. Son ar\u00f4me intens\u00e9ment fruit\u00e9 et son go\u00fbt l\u00e9g\u00e8rement sucr\u00e9 en font un favori parmi les boissons estivales et m\u00eame un ingr\u00e9dient populaire en p\u00e2tisserie.<\/p>\n<p>&nbsp;<\/p>\n","protected":false},"excerpt":{"rendered":"<p><strong>Teneur en alcool : 43 % vol<\/strong><\/p>\n<p>Go\u00fbt de fruits doux et sucr\u00e9 et une note florale<\/p>\n","protected":false},"featured_media":9577,"template":"","meta":[],"product_brand":[],"product_cat":[88],"product_tag":[],"class_list":{"0":"post-10118","1":"product","2":"type-product","3":"status-publish","4":"has-post-thumbnail","6":"product_cat-eaux-de-vie","7":"product_shipping_class-expedition-assuree","9":"first","10":"instock","11":"taxable","12":"shipping-taxable","13":"purchasable","14":"product-type-simple"},"yoast_head":"<!-- This site is optimized with the Yoast SEO plugin v27.2 - https:\/\/yoast.com\/product\/yoast-seo-wordpress\/ -->\n<title>Mirabelle br\u00fbl\u00e9e - Historische Wasserm\u00fchle Birgel<\/title>\n<meta name=\"description\" content=\"Une eau-de-vie \u00e0 base de mirabelles, ce qui lui conf\u00e8re un go\u00fbt de fruit doux et sucr\u00e9 unique et une note merveilleusement florale.\" \/>\n<meta name=\"robots\" content=\"index, follow, max-snippet:-1, max-image-preview:large, max-video-preview:-1\" \/>\n<link rel=\"canonical\" href=\"https:\/\/www.muehlebirgel.de\/fr\/shop\/mirabellenbrand-2\" \/>\n<meta property=\"og:locale\" content=\"fr_FR\" \/>\n<meta property=\"og:type\" content=\"article\" \/>\n<meta property=\"og:title\" content=\"Mirabelle br\u00fbl\u00e9e - Historische Wasserm\u00fchle Birgel\" \/>\n<meta property=\"og:description\" content=\"Une eau-de-vie \u00e0 base de mirabelles, ce qui lui conf\u00e8re un go\u00fbt de fruit doux et sucr\u00e9 unique et une note merveilleusement florale.\" \/>\n<meta property=\"og:url\" content=\"https:\/\/www.muehlebirgel.de\/fr\/shop\/mirabellenbrand-2\/\" \/>\n<meta property=\"og:site_name\" content=\"Historische Wasserm\u00fchle Birgel\" \/>\n<meta property=\"article:modified_time\" content=\"2022-09-06T12:40:08+00:00\" \/>\n<meta property=\"og:image\" content=\"https:\/\/www.muehlebirgel.de\/wp-content\/uploads\/2019\/12\/Mirabellenbrannt-05l-1.png\" \/>\n\t<meta property=\"og:image:width\" content=\"1400\" \/>\n\t<meta property=\"og:image:height\" content=\"2100\" \/>\n\t<meta property=\"og:image:type\" content=\"image\/png\" \/>\n<meta name=\"twitter:card\" content=\"summary_large_image\" \/>\n<meta name=\"twitter:label1\" content=\"Dur\u00e9e de lecture estim\u00e9e\" \/>\n\t<meta name=\"twitter:data1\" content=\"1 minute\" \/>\n<script type=\"application\/ld+json\" class=\"yoast-schema-graph\">{\"@context\":\"https:\/\/schema.org\",\"@graph\":[{\"@type\":\"WebPage\",\"@id\":\"https:\/\/www.muehlebirgel.de\/fr\/shop\/mirabellenbrand-2\",\"url\":\"https:\/\/www.muehlebirgel.de\/fr\/shop\/mirabellenbrand-2\",\"name\":\"Mirabelle br\u00fbl\u00e9e - Historische Wasserm\u00fchle Birgel\",\"isPartOf\":{\"@id\":\"https:\/\/www.muehlebirgel.de\/fr\/#website\"},\"primaryImageOfPage\":{\"@id\":\"https:\/\/www.muehlebirgel.de\/fr\/shop\/mirabellenbrand-2#primaryimage\"},\"image\":{\"@id\":\"https:\/\/www.muehlebirgel.de\/fr\/shop\/mirabellenbrand-2#primaryimage\"},\"thumbnailUrl\":\"https:\/\/www.muehlebirgel.de\/wp-content\/uploads\/2019\/12\/Mirabellenbrannt-05l-1.png\",\"datePublished\":\"2021-12-10T15:07:43+00:00\",\"dateModified\":\"2022-09-06T12:40:08+00:00\",\"description\":\"Une eau-de-vie \u00e0 base de mirabelles, ce qui lui conf\u00e8re un go\u00fbt de fruit doux et sucr\u00e9 unique et une note merveilleusement florale.\",\"breadcrumb\":{\"@id\":\"https:\/\/www.muehlebirgel.de\/fr\/shop\/mirabellenbrand-2#breadcrumb\"},\"inLanguage\":\"fr-FR\",\"potentialAction\":[{\"@type\":\"ReadAction\",\"target\":[\"https:\/\/www.muehlebirgel.de\/fr\/shop\/mirabellenbrand-2\"]}]},{\"@type\":\"ImageObject\",\"inLanguage\":\"fr-FR\",\"@id\":\"https:\/\/www.muehlebirgel.de\/fr\/shop\/mirabellenbrand-2#primaryimage\",\"url\":\"https:\/\/www.muehlebirgel.de\/wp-content\/uploads\/2019\/12\/Mirabellenbrannt-05l-1.png\",\"contentUrl\":\"https:\/\/www.muehlebirgel.de\/wp-content\/uploads\/2019\/12\/Mirabellenbrannt-05l-1.png\",\"width\":1400,\"height\":2100},{\"@type\":\"BreadcrumbList\",\"@id\":\"https:\/\/www.muehlebirgel.de\/fr\/shop\/mirabellenbrand-2#breadcrumb\",\"itemListElement\":[{\"@type\":\"ListItem\",\"position\":1,\"name\":\"Startseite\",\"item\":\"https:\/\/www.muehlebirgel.de\/fr\"},{\"@type\":\"ListItem\",\"position\":2,\"name\":\"Produits\",\"item\":\"https:\/\/www.muehlebirgel.de\/fr\/shop\"},{\"@type\":\"ListItem\",\"position\":3,\"name\":\"Mirabelle br\u00fbl\u00e9e\"}]},{\"@type\":\"WebSite\",\"@id\":\"https:\/\/www.muehlebirgel.de\/fr\/#website\",\"url\":\"https:\/\/www.muehlebirgel.de\/fr\/\",\"name\":\"Historische Wasserm\u00fchle Birgel\",\"description\":\"Willkommen im M\u00fchlen-Erlebniszentrum\",\"potentialAction\":[{\"@type\":\"SearchAction\",\"target\":{\"@type\":\"EntryPoint\",\"urlTemplate\":\"https:\/\/www.muehlebirgel.de\/fr\/?s={search_term_string}\"},\"query-input\":{\"@type\":\"PropertyValueSpecification\",\"valueRequired\":true,\"valueName\":\"search_term_string\"}}],\"inLanguage\":\"fr-FR\"}]}<\/script>\n<!-- \/ Yoast SEO plugin. -->","yoast_head_json":{"title":"Mirabelle br\u00fbl\u00e9e - Historische Wasserm\u00fchle Birgel","description":"Une eau-de-vie \u00e0 base de mirabelles, ce qui lui conf\u00e8re un go\u00fbt de fruit doux et sucr\u00e9 unique et une note merveilleusement florale.","robots":{"index":"index","follow":"follow","max-snippet":"max-snippet:-1","max-image-preview":"max-image-preview:large","max-video-preview":"max-video-preview:-1"},"canonical":"https:\/\/www.muehlebirgel.de\/fr\/shop\/mirabellenbrand-2","og_locale":"fr_FR","og_type":"article","og_title":"Mirabelle br\u00fbl\u00e9e - Historische Wasserm\u00fchle Birgel","og_description":"Une eau-de-vie \u00e0 base de mirabelles, ce qui lui conf\u00e8re un go\u00fbt de fruit doux et sucr\u00e9 unique et une note merveilleusement florale.","og_url":"https:\/\/www.muehlebirgel.de\/fr\/shop\/mirabellenbrand-2\/","og_site_name":"Historische Wasserm\u00fchle Birgel","article_modified_time":"2022-09-06T12:40:08+00:00","og_image":[{"width":1400,"height":2100,"url":"https:\/\/www.muehlebirgel.de\/wp-content\/uploads\/2019\/12\/Mirabellenbrannt-05l-1.png","type":"image\/png"}],"twitter_card":"summary_large_image","twitter_misc":{"Dur\u00e9e de lecture estim\u00e9e":"1 minute"},"schema":{"@context":"https:\/\/schema.org","@graph":[{"@type":"WebPage","@id":"https:\/\/www.muehlebirgel.de\/fr\/shop\/mirabellenbrand-2","url":"https:\/\/www.muehlebirgel.de\/fr\/shop\/mirabellenbrand-2","name":"Mirabelle br\u00fbl\u00e9e - Historische Wasserm\u00fchle Birgel","isPartOf":{"@id":"https:\/\/www.muehlebirgel.de\/fr\/#website"},"primaryImageOfPage":{"@id":"https:\/\/www.muehlebirgel.de\/fr\/shop\/mirabellenbrand-2#primaryimage"},"image":{"@id":"https:\/\/www.muehlebirgel.de\/fr\/shop\/mirabellenbrand-2#primaryimage"},"thumbnailUrl":"https:\/\/www.muehlebirgel.de\/wp-content\/uploads\/2019\/12\/Mirabellenbrannt-05l-1.png","datePublished":"2021-12-10T15:07:43+00:00","dateModified":"2022-09-06T12:40:08+00:00","description":"Une eau-de-vie \u00e0 base de mirabelles, ce qui lui conf\u00e8re un go\u00fbt de fruit doux et sucr\u00e9 unique et une note merveilleusement florale.","breadcrumb":{"@id":"https:\/\/www.muehlebirgel.de\/fr\/shop\/mirabellenbrand-2#breadcrumb"},"inLanguage":"fr-FR","potentialAction":[{"@type":"ReadAction","target":["https:\/\/www.muehlebirgel.de\/fr\/shop\/mirabellenbrand-2"]}]},{"@type":"ImageObject","inLanguage":"fr-FR","@id":"https:\/\/www.muehlebirgel.de\/fr\/shop\/mirabellenbrand-2#primaryimage","url":"https:\/\/www.muehlebirgel.de\/wp-content\/uploads\/2019\/12\/Mirabellenbrannt-05l-1.png","contentUrl":"https:\/\/www.muehlebirgel.de\/wp-content\/uploads\/2019\/12\/Mirabellenbrannt-05l-1.png","width":1400,"height":2100},{"@type":"BreadcrumbList","@id":"https:\/\/www.muehlebirgel.de\/fr\/shop\/mirabellenbrand-2#breadcrumb","itemListElement":[{"@type":"ListItem","position":1,"name":"Startseite","item":"https:\/\/www.muehlebirgel.de\/fr"},{"@type":"ListItem","position":2,"name":"Produits","item":"https:\/\/www.muehlebirgel.de\/fr\/shop"},{"@type":"ListItem","position":3,"name":"Mirabelle br\u00fbl\u00e9e"}]},{"@type":"WebSite","@id":"https:\/\/www.muehlebirgel.de\/fr\/#website","url":"https:\/\/www.muehlebirgel.de\/fr\/","name":"Historische Wasserm\u00fchle Birgel","description":"Willkommen im M\u00fchlen-Erlebniszentrum","potentialAction":[{"@type":"SearchAction","target":{"@type":"EntryPoint","urlTemplate":"https:\/\/www.muehlebirgel.de\/fr\/?s={search_term_string}"},"query-input":{"@type":"PropertyValueSpecification","valueRequired":true,"valueName":"search_term_string"}}],"inLanguage":"fr-FR"}]}},"_links":{"self":[{"href":"https:\/\/www.muehlebirgel.de\/fr\/wp-json\/wp\/v2\/product\/10118","targetHints":{"allow":["GET"]}}],"collection":[{"href":"https:\/\/www.muehlebirgel.de\/fr\/wp-json\/wp\/v2\/product"}],"about":[{"href":"https:\/\/www.muehlebirgel.de\/fr\/wp-json\/wp\/v2\/types\/product"}],"wp:featuredmedia":[{"embeddable":true,"href":"https:\/\/www.muehlebirgel.de\/fr\/wp-json\/wp\/v2\/media\/9577"}],"wp:attachment":[{"href":"https:\/\/www.muehlebirgel.de\/fr\/wp-json\/wp\/v2\/media?parent=10118"}],"wp:term":[{"taxonomy":"product_brand","embeddable":true,"href":"https:\/\/www.muehlebirgel.de\/fr\/wp-json\/wp\/v2\/product_brand?post=10118"},{"taxonomy":"product_cat","embeddable":true,"href":"https:\/\/www.muehlebirgel.de\/fr\/wp-json\/wp\/v2\/product_cat?post=10118"},{"taxonomy":"product_tag","embeddable":true,"href":"https:\/\/www.muehlebirgel.de\/fr\/wp-json\/wp\/v2\/product_tag?post=10118"}],"curies":[{"name":"wp","href":"https:\/\/api.w.org\/{rel}","templated":true}]}}