{"id":10129,"date":"2021-06-16T14:05:53","date_gmt":"2021-12-10T15:07:54","guid":{"rendered":"https:\/\/www.muehlebirgel.de\/shop\/forfait-degustation-de-moutarde\/"},"modified":"2024-11-29T09:28:03","modified_gmt":"2024-11-29T08:28:03","slug":"forfait-degustation-moutarde","status":"publish","type":"product","link":"https:\/\/www.muehlebirgel.de\/fr\/shop\/forfait-degustation-moutarde","title":{"rendered":"Forfait d\u00e9gustation de moutarde"},"content":{"rendered":"<p>Toutes les petites vari\u00e9t\u00e9s de moutarde produites par le moulin en emballage d&rsquo;essai !<\/p>\n<ul>\n<li>1x 90ml <a href=\"\/?product_cat=historischer-senf\">de moutarde historique<\/a><\/li>\n<li>1x <a href=\"\/?product_cat=honigsenf\">90 ml de moutarde au miel<\/a><\/li>\n<li>1x 90 ml <a href=\"\/?product_cat=honigsenf\">de moutarde au champagne et au cassis<\/a><\/li>\n<li>1x 90 ml <a href=\"\/?product_cat=knoblauchsenf\">de moutarde \u00e0 l&rsquo;ail<\/a> <\/li>\n<\/ul>\n<p>&nbsp;<\/p>\n","protected":false},"excerpt":{"rendered":"<p>Toutes les petites vari\u00e9t\u00e9s de moutarde produites par le moulin en emballage d&rsquo;essai ! 1x 90ml de moutarde historique 1x 90 ml de moutarde au miel 1x 90 ml de moutarde au champagne et au cassis 1x 90 ml de moutarde \u00e0 l&rsquo;ail &nbsp;<\/p>\n","protected":false},"featured_media":9625,"template":"","meta":[],"product_brand":[],"product_cat":[83,85],"product_tag":[],"class_list":{"0":"post-10129","1":"product","2":"type-product","3":"status-publish","4":"has-post-thumbnail","6":"product_cat-moutarde","7":"product_cat-vente","8":"product_shipping_class-expedition-assuree","10":"first","11":"instock","12":"sale","13":"featured","14":"taxable","15":"shipping-taxable","16":"purchasable","17":"product-type-simple"},"yoast_head":"<!-- This site is optimized with the Yoast SEO plugin v27.2 - https:\/\/yoast.com\/product\/yoast-seo-wordpress\/ -->\n<title>Forfait d\u00e9gustation de moutarde - Historische Wasserm\u00fchle Birgel<\/title>\n<meta name=\"robots\" content=\"index, follow, max-snippet:-1, max-image-preview:large, max-video-preview:-1\" \/>\n<link rel=\"canonical\" href=\"https:\/\/www.muehlebirgel.de\/fr\/shop\/forfait-degustation-moutarde\" \/>\n<meta property=\"og:locale\" content=\"fr_FR\" \/>\n<meta property=\"og:type\" content=\"article\" \/>\n<meta property=\"og:title\" content=\"Forfait d\u00e9gustation de moutarde - Historische Wasserm\u00fchle Birgel\" \/>\n<meta property=\"og:description\" content=\"Toutes les petites vari\u00e9t\u00e9s de moutarde produites par le moulin en emballage d&rsquo;essai ! 1x 90ml de moutarde historique 1x 90 ml de moutarde au miel 1x 90 ml de moutarde au champagne et au cassis 1x 90 ml de moutarde \u00e0 l&rsquo;ail &nbsp;\" \/>\n<meta property=\"og:url\" content=\"https:\/\/www.muehlebirgel.de\/fr\/shop\/forfait-degustation-moutarde\/\" \/>\n<meta property=\"og:site_name\" content=\"Historische Wasserm\u00fchle Birgel\" \/>\n<meta property=\"article:modified_time\" content=\"2024-11-29T08:28:03+00:00\" \/>\n<meta property=\"og:image\" content=\"https:\/\/www.muehlebirgel.de\/wp-content\/uploads\/2021\/06\/Senf-Probierpaket.png\" \/>\n\t<meta property=\"og:image:width\" content=\"1400\" \/>\n\t<meta property=\"og:image:height\" content=\"2100\" \/>\n\t<meta property=\"og:image:type\" content=\"image\/png\" \/>\n<meta name=\"twitter:card\" content=\"summary_large_image\" \/>\n<script type=\"application\/ld+json\" class=\"yoast-schema-graph\">{\"@context\":\"https:\/\/schema.org\",\"@graph\":[{\"@type\":\"WebPage\",\"@id\":\"https:\/\/www.muehlebirgel.de\/fr\/shop\/forfait-degustation-moutarde\",\"url\":\"https:\/\/www.muehlebirgel.de\/fr\/shop\/forfait-degustation-moutarde\",\"name\":\"Forfait d\u00e9gustation de moutarde - Historische Wasserm\u00fchle Birgel\",\"isPartOf\":{\"@id\":\"https:\/\/www.muehlebirgel.de\/fr\/#website\"},\"primaryImageOfPage\":{\"@id\":\"https:\/\/www.muehlebirgel.de\/fr\/shop\/forfait-degustation-moutarde#primaryimage\"},\"image\":{\"@id\":\"https:\/\/www.muehlebirgel.de\/fr\/shop\/forfait-degustation-moutarde#primaryimage\"},\"thumbnailUrl\":\"https:\/\/www.muehlebirgel.de\/wp-content\/uploads\/2021\/06\/Senf-Probierpaket.png\",\"datePublished\":\"2021-12-10T15:07:54+00:00\",\"dateModified\":\"2024-11-29T08:28:03+00:00\",\"breadcrumb\":{\"@id\":\"https:\/\/www.muehlebirgel.de\/fr\/shop\/forfait-degustation-moutarde#breadcrumb\"},\"inLanguage\":\"fr-FR\",\"potentialAction\":[{\"@type\":\"ReadAction\",\"target\":[\"https:\/\/www.muehlebirgel.de\/fr\/shop\/forfait-degustation-moutarde\"]}]},{\"@type\":\"ImageObject\",\"inLanguage\":\"fr-FR\",\"@id\":\"https:\/\/www.muehlebirgel.de\/fr\/shop\/forfait-degustation-moutarde#primaryimage\",\"url\":\"https:\/\/www.muehlebirgel.de\/wp-content\/uploads\/2021\/06\/Senf-Probierpaket.png\",\"contentUrl\":\"https:\/\/www.muehlebirgel.de\/wp-content\/uploads\/2021\/06\/Senf-Probierpaket.png\",\"width\":1400,\"height\":2100},{\"@type\":\"BreadcrumbList\",\"@id\":\"https:\/\/www.muehlebirgel.de\/fr\/shop\/forfait-degustation-moutarde#breadcrumb\",\"itemListElement\":[{\"@type\":\"ListItem\",\"position\":1,\"name\":\"Startseite\",\"item\":\"https:\/\/www.muehlebirgel.de\/fr\"},{\"@type\":\"ListItem\",\"position\":2,\"name\":\"Produits\",\"item\":\"https:\/\/www.muehlebirgel.de\/fr\/shop\"},{\"@type\":\"ListItem\",\"position\":3,\"name\":\"Forfait d\u00e9gustation de moutarde\"}]},{\"@type\":\"WebSite\",\"@id\":\"https:\/\/www.muehlebirgel.de\/fr\/#website\",\"url\":\"https:\/\/www.muehlebirgel.de\/fr\/\",\"name\":\"Historische Wasserm\u00fchle Birgel\",\"description\":\"Willkommen im M\u00fchlen-Erlebniszentrum\",\"potentialAction\":[{\"@type\":\"SearchAction\",\"target\":{\"@type\":\"EntryPoint\",\"urlTemplate\":\"https:\/\/www.muehlebirgel.de\/fr\/?s={search_term_string}\"},\"query-input\":{\"@type\":\"PropertyValueSpecification\",\"valueRequired\":true,\"valueName\":\"search_term_string\"}}],\"inLanguage\":\"fr-FR\"}]}<\/script>\n<!-- \/ Yoast SEO plugin. -->","yoast_head_json":{"title":"Forfait d\u00e9gustation de moutarde - Historische Wasserm\u00fchle Birgel","robots":{"index":"index","follow":"follow","max-snippet":"max-snippet:-1","max-image-preview":"max-image-preview:large","max-video-preview":"max-video-preview:-1"},"canonical":"https:\/\/www.muehlebirgel.de\/fr\/shop\/forfait-degustation-moutarde","og_locale":"fr_FR","og_type":"article","og_title":"Forfait d\u00e9gustation de moutarde - Historische Wasserm\u00fchle Birgel","og_description":"Toutes les petites vari\u00e9t\u00e9s de moutarde produites par le moulin en emballage d&rsquo;essai ! 1x 90ml de moutarde historique 1x 90 ml de moutarde au miel 1x 90 ml de moutarde au champagne et au cassis 1x 90 ml de moutarde \u00e0 l&rsquo;ail &nbsp;","og_url":"https:\/\/www.muehlebirgel.de\/fr\/shop\/forfait-degustation-moutarde\/","og_site_name":"Historische Wasserm\u00fchle Birgel","article_modified_time":"2024-11-29T08:28:03+00:00","og_image":[{"width":1400,"height":2100,"url":"https:\/\/www.muehlebirgel.de\/wp-content\/uploads\/2021\/06\/Senf-Probierpaket.png","type":"image\/png"}],"twitter_card":"summary_large_image","schema":{"@context":"https:\/\/schema.org","@graph":[{"@type":"WebPage","@id":"https:\/\/www.muehlebirgel.de\/fr\/shop\/forfait-degustation-moutarde","url":"https:\/\/www.muehlebirgel.de\/fr\/shop\/forfait-degustation-moutarde","name":"Forfait d\u00e9gustation de moutarde - Historische Wasserm\u00fchle Birgel","isPartOf":{"@id":"https:\/\/www.muehlebirgel.de\/fr\/#website"},"primaryImageOfPage":{"@id":"https:\/\/www.muehlebirgel.de\/fr\/shop\/forfait-degustation-moutarde#primaryimage"},"image":{"@id":"https:\/\/www.muehlebirgel.de\/fr\/shop\/forfait-degustation-moutarde#primaryimage"},"thumbnailUrl":"https:\/\/www.muehlebirgel.de\/wp-content\/uploads\/2021\/06\/Senf-Probierpaket.png","datePublished":"2021-12-10T15:07:54+00:00","dateModified":"2024-11-29T08:28:03+00:00","breadcrumb":{"@id":"https:\/\/www.muehlebirgel.de\/fr\/shop\/forfait-degustation-moutarde#breadcrumb"},"inLanguage":"fr-FR","potentialAction":[{"@type":"ReadAction","target":["https:\/\/www.muehlebirgel.de\/fr\/shop\/forfait-degustation-moutarde"]}]},{"@type":"ImageObject","inLanguage":"fr-FR","@id":"https:\/\/www.muehlebirgel.de\/fr\/shop\/forfait-degustation-moutarde#primaryimage","url":"https:\/\/www.muehlebirgel.de\/wp-content\/uploads\/2021\/06\/Senf-Probierpaket.png","contentUrl":"https:\/\/www.muehlebirgel.de\/wp-content\/uploads\/2021\/06\/Senf-Probierpaket.png","width":1400,"height":2100},{"@type":"BreadcrumbList","@id":"https:\/\/www.muehlebirgel.de\/fr\/shop\/forfait-degustation-moutarde#breadcrumb","itemListElement":[{"@type":"ListItem","position":1,"name":"Startseite","item":"https:\/\/www.muehlebirgel.de\/fr"},{"@type":"ListItem","position":2,"name":"Produits","item":"https:\/\/www.muehlebirgel.de\/fr\/shop"},{"@type":"ListItem","position":3,"name":"Forfait d\u00e9gustation de moutarde"}]},{"@type":"WebSite","@id":"https:\/\/www.muehlebirgel.de\/fr\/#website","url":"https:\/\/www.muehlebirgel.de\/fr\/","name":"Historische Wasserm\u00fchle Birgel","description":"Willkommen im M\u00fchlen-Erlebniszentrum","potentialAction":[{"@type":"SearchAction","target":{"@type":"EntryPoint","urlTemplate":"https:\/\/www.muehlebirgel.de\/fr\/?s={search_term_string}"},"query-input":{"@type":"PropertyValueSpecification","valueRequired":true,"valueName":"search_term_string"}}],"inLanguage":"fr-FR"}]}},"_links":{"self":[{"href":"https:\/\/www.muehlebirgel.de\/fr\/wp-json\/wp\/v2\/product\/10129","targetHints":{"allow":["GET"]}}],"collection":[{"href":"https:\/\/www.muehlebirgel.de\/fr\/wp-json\/wp\/v2\/product"}],"about":[{"href":"https:\/\/www.muehlebirgel.de\/fr\/wp-json\/wp\/v2\/types\/product"}],"wp:featuredmedia":[{"embeddable":true,"href":"https:\/\/www.muehlebirgel.de\/fr\/wp-json\/wp\/v2\/media\/9625"}],"wp:attachment":[{"href":"https:\/\/www.muehlebirgel.de\/fr\/wp-json\/wp\/v2\/media?parent=10129"}],"wp:term":[{"taxonomy":"product_brand","embeddable":true,"href":"https:\/\/www.muehlebirgel.de\/fr\/wp-json\/wp\/v2\/product_brand?post=10129"},{"taxonomy":"product_cat","embeddable":true,"href":"https:\/\/www.muehlebirgel.de\/fr\/wp-json\/wp\/v2\/product_cat?post=10129"},{"taxonomy":"product_tag","embeddable":true,"href":"https:\/\/www.muehlebirgel.de\/fr\/wp-json\/wp\/v2\/product_tag?post=10129"}],"curies":[{"name":"wp","href":"https:\/\/api.w.org\/{rel}","templated":true}]}}