{"id":10141,"date":"2021-06-16T12:51:11","date_gmt":"2021-06-16T12:51:11","guid":{"rendered":"https:\/\/www.muehlebirgel.de\/shop\/moulin-a-whisky\/"},"modified":"2025-08-14T16:10:10","modified_gmt":"2025-08-14T14:10:10","slug":"moulin-a-whisky","status":"publish","type":"product","link":"https:\/\/www.muehlebirgel.de\/fr\/shop\/moulin-a-whisky","title":{"rendered":"Moulin \u00e0 whisky"},"content":{"rendered":"<h2>Whisky de moulin traditionnel de l&rsquo;Eifel<\/h2>\n<p>Notre whisky de moulin avec une teneur en alcool de 43% vol.N&rsquo;est pas seulement un v\u00e9ritable accroche-regard en raison de sa couleur dor\u00e9e. Parce que son processus de fabrication \u00e9labor\u00e9 en fait \u00e9galement l&rsquo;une de nos sp\u00e9cialit\u00e9s de brandy uniques. La base du whisky du moulin est le m\u00eame processus que pour le brassage de la bi\u00e8re. Chefm\u00fcller Erwin pr\u00e9pare une pur\u00e9e pour cela dans la brasserie interne. Le mo\u00fbt est ensuite distill\u00e9 dans notre distillerie de schnaps, \u00e0 partir de laquelle une eau-de-vie de bi\u00e8re est cr\u00e9\u00e9e. Last but not least, ce brandy est stock\u00e9 dans des f\u00fbts de ch\u00eane, ce qui lui donne son go\u00fbt inimitable d&rsquo;origine M\u00fchle et le d\u00e9licieux whisky M\u00fchlen est n\u00e9 !<\/p>\n<h2>Comment appr\u00e9ciez-vous le cognac?<\/h2>\n<p>Aux alentours de 18 \u00e0 22 degr\u00e9s, les ar\u00f4mes peuvent parfaitement se d\u00e9velopper. Lorsque vous d\u00e9gustez un whisky, l&rsquo;odorat et le soi-disant \u00ab\u00a0odorat\u00a0\u00bb de toutes ses diff\u00e9rentes senteurs jouent un r\u00f4le majeur. Afin de profiter du whisky dans toute sa diversit\u00e9, il est important qu&rsquo;il touche toutes les parties de la langue afin d&rsquo;activer les diff\u00e9rents r\u00e9cepteurs gustatifs. Contrairement \u00e0 nos autres sp\u00e9cialit\u00e9s de brandy, notre whisky se d\u00e9guste pur et s\u00e9par\u00e9ment des repas, car ceux-ci peuvent fausser le go\u00fbt.<\/p>\n","protected":false},"excerpt":{"rendered":"<p><strong>Teneur en alcool : 43% vol<\/strong><\/p>\n<p>le go\u00fbt inimitable de M\u00fchle-Original<\/p>\n","protected":false},"featured_media":9619,"template":"","meta":[],"product_brand":[],"product_cat":[88],"product_tag":[],"class_list":{"0":"post-10141","1":"product","2":"type-product","3":"status-publish","4":"has-post-thumbnail","6":"product_cat-eaux-de-vie","7":"product_shipping_class-expedition-assuree","9":"first","10":"instock","11":"taxable","12":"shipping-taxable","13":"purchasable","14":"product-type-simple"},"yoast_head":"<!-- This site is optimized with the Yoast SEO plugin v27.2 - https:\/\/yoast.com\/product\/yoast-seo-wordpress\/ -->\n<title>Moulin \u00e0 whisky - Historische Wasserm\u00fchle Birgel<\/title>\n<meta name=\"description\" content=\"De la bi\u00e8re de moulin \u00e0 l&#039;eau-de-vie de bi\u00e8re au stockage en f\u00fbts de ch\u00eane. C&#039;est ainsi que notre whisky de moulin original unique est cr\u00e9\u00e9.\" \/>\n<meta name=\"robots\" content=\"index, follow, max-snippet:-1, max-image-preview:large, max-video-preview:-1\" \/>\n<link rel=\"canonical\" href=\"https:\/\/www.muehlebirgel.de\/fr\/shop\/moulin-a-whisky\" \/>\n<meta property=\"og:locale\" content=\"fr_FR\" \/>\n<meta property=\"og:type\" content=\"article\" \/>\n<meta property=\"og:title\" content=\"Moulin \u00e0 whisky - Historische Wasserm\u00fchle Birgel\" \/>\n<meta property=\"og:description\" content=\"De la bi\u00e8re de moulin \u00e0 l&#039;eau-de-vie de bi\u00e8re au stockage en f\u00fbts de ch\u00eane. C&#039;est ainsi que notre whisky de moulin original unique est cr\u00e9\u00e9.\" \/>\n<meta property=\"og:url\" content=\"https:\/\/www.muehlebirgel.de\/fr\/shop\/moulin-a-whisky\/\" \/>\n<meta property=\"og:site_name\" content=\"Historische Wasserm\u00fchle Birgel\" \/>\n<meta property=\"article:modified_time\" content=\"2025-08-14T14:10:10+00:00\" \/>\n<meta property=\"og:image\" content=\"https:\/\/www.muehlebirgel.de\/wp-content\/uploads\/2021\/06\/Muehlenwhisky.png\" \/>\n\t<meta property=\"og:image:width\" content=\"1400\" \/>\n\t<meta property=\"og:image:height\" content=\"2100\" \/>\n\t<meta property=\"og:image:type\" content=\"image\/png\" \/>\n<meta name=\"twitter:card\" content=\"summary_large_image\" \/>\n<meta name=\"twitter:label1\" content=\"Dur\u00e9e de lecture estim\u00e9e\" \/>\n\t<meta name=\"twitter:data1\" content=\"1 minute\" \/>\n<script type=\"application\/ld+json\" class=\"yoast-schema-graph\">{\"@context\":\"https:\/\/schema.org\",\"@graph\":[{\"@type\":\"WebPage\",\"@id\":\"https:\/\/www.muehlebirgel.de\/fr\/shop\/moulin-a-whisky\",\"url\":\"https:\/\/www.muehlebirgel.de\/fr\/shop\/moulin-a-whisky\",\"name\":\"Moulin \u00e0 whisky - Historische Wasserm\u00fchle Birgel\",\"isPartOf\":{\"@id\":\"https:\/\/www.muehlebirgel.de\/fr\/#website\"},\"primaryImageOfPage\":{\"@id\":\"https:\/\/www.muehlebirgel.de\/fr\/shop\/moulin-a-whisky#primaryimage\"},\"image\":{\"@id\":\"https:\/\/www.muehlebirgel.de\/fr\/shop\/moulin-a-whisky#primaryimage\"},\"thumbnailUrl\":\"https:\/\/www.muehlebirgel.de\/wp-content\/uploads\/2021\/06\/Muehlenwhisky.png\",\"datePublished\":\"2021-06-16T12:51:11+00:00\",\"dateModified\":\"2025-08-14T14:10:10+00:00\",\"description\":\"De la bi\u00e8re de moulin \u00e0 l'eau-de-vie de bi\u00e8re au stockage en f\u00fbts de ch\u00eane. C'est ainsi que notre whisky de moulin original unique est cr\u00e9\u00e9.\",\"breadcrumb\":{\"@id\":\"https:\/\/www.muehlebirgel.de\/fr\/shop\/moulin-a-whisky#breadcrumb\"},\"inLanguage\":\"fr-FR\",\"potentialAction\":[{\"@type\":\"ReadAction\",\"target\":[\"https:\/\/www.muehlebirgel.de\/fr\/shop\/moulin-a-whisky\"]}]},{\"@type\":\"ImageObject\",\"inLanguage\":\"fr-FR\",\"@id\":\"https:\/\/www.muehlebirgel.de\/fr\/shop\/moulin-a-whisky#primaryimage\",\"url\":\"https:\/\/www.muehlebirgel.de\/wp-content\/uploads\/2021\/06\/Muehlenwhisky.png\",\"contentUrl\":\"https:\/\/www.muehlebirgel.de\/wp-content\/uploads\/2021\/06\/Muehlenwhisky.png\",\"width\":1400,\"height\":2100},{\"@type\":\"BreadcrumbList\",\"@id\":\"https:\/\/www.muehlebirgel.de\/fr\/shop\/moulin-a-whisky#breadcrumb\",\"itemListElement\":[{\"@type\":\"ListItem\",\"position\":1,\"name\":\"Startseite\",\"item\":\"https:\/\/www.muehlebirgel.de\/fr\"},{\"@type\":\"ListItem\",\"position\":2,\"name\":\"Produits\",\"item\":\"https:\/\/www.muehlebirgel.de\/fr\/shop\"},{\"@type\":\"ListItem\",\"position\":3,\"name\":\"Moulin \u00e0 whisky\"}]},{\"@type\":\"WebSite\",\"@id\":\"https:\/\/www.muehlebirgel.de\/fr\/#website\",\"url\":\"https:\/\/www.muehlebirgel.de\/fr\/\",\"name\":\"Historische Wasserm\u00fchle Birgel\",\"description\":\"Willkommen im M\u00fchlen-Erlebniszentrum\",\"potentialAction\":[{\"@type\":\"SearchAction\",\"target\":{\"@type\":\"EntryPoint\",\"urlTemplate\":\"https:\/\/www.muehlebirgel.de\/fr\/?s={search_term_string}\"},\"query-input\":{\"@type\":\"PropertyValueSpecification\",\"valueRequired\":true,\"valueName\":\"search_term_string\"}}],\"inLanguage\":\"fr-FR\"}]}<\/script>\n<!-- \/ Yoast SEO plugin. -->","yoast_head_json":{"title":"Moulin \u00e0 whisky - Historische Wasserm\u00fchle Birgel","description":"De la bi\u00e8re de moulin \u00e0 l'eau-de-vie de bi\u00e8re au stockage en f\u00fbts de ch\u00eane. C'est ainsi que notre whisky de moulin original unique est cr\u00e9\u00e9.","robots":{"index":"index","follow":"follow","max-snippet":"max-snippet:-1","max-image-preview":"max-image-preview:large","max-video-preview":"max-video-preview:-1"},"canonical":"https:\/\/www.muehlebirgel.de\/fr\/shop\/moulin-a-whisky","og_locale":"fr_FR","og_type":"article","og_title":"Moulin \u00e0 whisky - Historische Wasserm\u00fchle Birgel","og_description":"De la bi\u00e8re de moulin \u00e0 l'eau-de-vie de bi\u00e8re au stockage en f\u00fbts de ch\u00eane. C'est ainsi que notre whisky de moulin original unique est cr\u00e9\u00e9.","og_url":"https:\/\/www.muehlebirgel.de\/fr\/shop\/moulin-a-whisky\/","og_site_name":"Historische Wasserm\u00fchle Birgel","article_modified_time":"2025-08-14T14:10:10+00:00","og_image":[{"width":1400,"height":2100,"url":"https:\/\/www.muehlebirgel.de\/wp-content\/uploads\/2021\/06\/Muehlenwhisky.png","type":"image\/png"}],"twitter_card":"summary_large_image","twitter_misc":{"Dur\u00e9e de lecture estim\u00e9e":"1 minute"},"schema":{"@context":"https:\/\/schema.org","@graph":[{"@type":"WebPage","@id":"https:\/\/www.muehlebirgel.de\/fr\/shop\/moulin-a-whisky","url":"https:\/\/www.muehlebirgel.de\/fr\/shop\/moulin-a-whisky","name":"Moulin \u00e0 whisky - Historische Wasserm\u00fchle Birgel","isPartOf":{"@id":"https:\/\/www.muehlebirgel.de\/fr\/#website"},"primaryImageOfPage":{"@id":"https:\/\/www.muehlebirgel.de\/fr\/shop\/moulin-a-whisky#primaryimage"},"image":{"@id":"https:\/\/www.muehlebirgel.de\/fr\/shop\/moulin-a-whisky#primaryimage"},"thumbnailUrl":"https:\/\/www.muehlebirgel.de\/wp-content\/uploads\/2021\/06\/Muehlenwhisky.png","datePublished":"2021-06-16T12:51:11+00:00","dateModified":"2025-08-14T14:10:10+00:00","description":"De la bi\u00e8re de moulin \u00e0 l'eau-de-vie de bi\u00e8re au stockage en f\u00fbts de ch\u00eane. C'est ainsi que notre whisky de moulin original unique est cr\u00e9\u00e9.","breadcrumb":{"@id":"https:\/\/www.muehlebirgel.de\/fr\/shop\/moulin-a-whisky#breadcrumb"},"inLanguage":"fr-FR","potentialAction":[{"@type":"ReadAction","target":["https:\/\/www.muehlebirgel.de\/fr\/shop\/moulin-a-whisky"]}]},{"@type":"ImageObject","inLanguage":"fr-FR","@id":"https:\/\/www.muehlebirgel.de\/fr\/shop\/moulin-a-whisky#primaryimage","url":"https:\/\/www.muehlebirgel.de\/wp-content\/uploads\/2021\/06\/Muehlenwhisky.png","contentUrl":"https:\/\/www.muehlebirgel.de\/wp-content\/uploads\/2021\/06\/Muehlenwhisky.png","width":1400,"height":2100},{"@type":"BreadcrumbList","@id":"https:\/\/www.muehlebirgel.de\/fr\/shop\/moulin-a-whisky#breadcrumb","itemListElement":[{"@type":"ListItem","position":1,"name":"Startseite","item":"https:\/\/www.muehlebirgel.de\/fr"},{"@type":"ListItem","position":2,"name":"Produits","item":"https:\/\/www.muehlebirgel.de\/fr\/shop"},{"@type":"ListItem","position":3,"name":"Moulin \u00e0 whisky"}]},{"@type":"WebSite","@id":"https:\/\/www.muehlebirgel.de\/fr\/#website","url":"https:\/\/www.muehlebirgel.de\/fr\/","name":"Historische Wasserm\u00fchle Birgel","description":"Willkommen im M\u00fchlen-Erlebniszentrum","potentialAction":[{"@type":"SearchAction","target":{"@type":"EntryPoint","urlTemplate":"https:\/\/www.muehlebirgel.de\/fr\/?s={search_term_string}"},"query-input":{"@type":"PropertyValueSpecification","valueRequired":true,"valueName":"search_term_string"}}],"inLanguage":"fr-FR"}]}},"_links":{"self":[{"href":"https:\/\/www.muehlebirgel.de\/fr\/wp-json\/wp\/v2\/product\/10141","targetHints":{"allow":["GET"]}}],"collection":[{"href":"https:\/\/www.muehlebirgel.de\/fr\/wp-json\/wp\/v2\/product"}],"about":[{"href":"https:\/\/www.muehlebirgel.de\/fr\/wp-json\/wp\/v2\/types\/product"}],"wp:featuredmedia":[{"embeddable":true,"href":"https:\/\/www.muehlebirgel.de\/fr\/wp-json\/wp\/v2\/media\/9619"}],"wp:attachment":[{"href":"https:\/\/www.muehlebirgel.de\/fr\/wp-json\/wp\/v2\/media?parent=10141"}],"wp:term":[{"taxonomy":"product_brand","embeddable":true,"href":"https:\/\/www.muehlebirgel.de\/fr\/wp-json\/wp\/v2\/product_brand?post=10141"},{"taxonomy":"product_cat","embeddable":true,"href":"https:\/\/www.muehlebirgel.de\/fr\/wp-json\/wp\/v2\/product_cat?post=10141"},{"taxonomy":"product_tag","embeddable":true,"href":"https:\/\/www.muehlebirgel.de\/fr\/wp-json\/wp\/v2\/product_tag?post=10141"}],"curies":[{"name":"wp","href":"https:\/\/api.w.org\/{rel}","templated":true}]}}