{"id":10172,"date":"2020-01-24T09:38:33","date_gmt":"2021-12-10T15:10:33","guid":{"rendered":"https:\/\/www.muehlebirgel.de\/shop\/farine-de-moutarde-brune\/"},"modified":"2022-09-12T08:46:23","modified_gmt":"2022-09-12T07:46:23","slug":"farine-de-moutarde-brune","status":"publish","type":"product","link":"https:\/\/www.muehlebirgel.de\/fr\/shop\/farine-de-moutarde-brune","title":{"rendered":"Farine de moutarde brune"},"content":{"rendered":"<p>Notre farine de moutarde brune se caract\u00e9rise par son caract\u00e8re clairement fort et \u00e9pic\u00e9 et est utilis\u00e9e de nombreuses fa\u00e7ons en cuisine. Dans notre moulin \u00e0 moutarde, les graines de moutarde brune sont broy\u00e9es par Chefm\u00fcller Erwin lui-m\u00eame en une farine de moutarde fine et pr\u00eate \u00e0 consommer.<\/p>\n<h2>Farine de moutarde en cuisine<\/h2>\n<p>Notre farine de moutarde brune est particuli\u00e8rement appr\u00e9ci\u00e9e comme assaisonnement piquant. Il est tr\u00e8s appr\u00e9ci\u00e9 dans la cuisine indienne et est \u00e9galement excellent pour mariner et frire. Bien entendu, la farine de moutarde est \u00e9galement un ingr\u00e9dient de base pour une moutarde brune incomparablement d\u00e9licieuse et des sauces \u00e0 la moutarde copieuses.<\/p>\n","protected":false},"excerpt":{"rendered":"<p>Notre farine de moutarde brune se caract\u00e9rise par son caract\u00e8re clairement fort et \u00e9pic\u00e9 et est utilis\u00e9e de nombreuses fa\u00e7ons en cuisine. Dans notre moulin \u00e0 moutarde, les graines de moutarde brune sont broy\u00e9es par Chefm\u00fcller Erwin lui-m\u00eame en une farine de moutarde fine et pr\u00eate \u00e0 consommer. Farine de moutarde en cuisine Notre farine [&hellip;]<\/p>\n","protected":false},"featured_media":9532,"template":"","meta":[],"product_brand":[],"product_cat":[84],"product_tag":[],"class_list":{"0":"post-10172","1":"product","2":"type-product","3":"status-publish","4":"has-post-thumbnail","6":"product_cat-farine-de-moutarde","7":"product_shipping_class-expedition-assuree","9":"first","10":"instock","11":"taxable","12":"shipping-taxable","13":"purchasable","14":"product-type-simple"},"yoast_head":"<!-- This site is optimized with the Yoast SEO plugin v27.2 - https:\/\/yoast.com\/product\/yoast-seo-wordpress\/ -->\n<title>Farine de moutarde brune - Historische Wasserm\u00fchle Birgel<\/title>\n<meta name=\"description\" content=\"Notre farine de moutarde brune se caract\u00e9rise par son caract\u00e8re clairement fort et \u00e9pic\u00e9 et est utilis\u00e9e de nombreuses fa\u00e7ons en cuisine.\" \/>\n<meta name=\"robots\" content=\"index, follow, max-snippet:-1, max-image-preview:large, max-video-preview:-1\" \/>\n<link rel=\"canonical\" href=\"https:\/\/www.muehlebirgel.de\/fr\/shop\/farine-de-moutarde-brune\" \/>\n<meta property=\"og:locale\" content=\"fr_FR\" \/>\n<meta property=\"og:type\" content=\"article\" \/>\n<meta property=\"og:title\" content=\"Farine de moutarde brune - Historische Wasserm\u00fchle Birgel\" \/>\n<meta property=\"og:description\" content=\"Notre farine de moutarde brune se caract\u00e9rise par son caract\u00e8re clairement fort et \u00e9pic\u00e9 et est utilis\u00e9e de nombreuses fa\u00e7ons en cuisine.\" \/>\n<meta property=\"og:url\" content=\"https:\/\/www.muehlebirgel.de\/fr\/shop\/farine-de-moutarde-brune\/\" \/>\n<meta property=\"og:site_name\" content=\"Historische Wasserm\u00fchle Birgel\" \/>\n<meta property=\"article:modified_time\" content=\"2022-09-12T07:46:23+00:00\" \/>\n<meta property=\"og:image\" content=\"https:\/\/www.muehlebirgel.de\/wp-content\/uploads\/2020\/01\/BraunesSenfmehl.png\" \/>\n\t<meta property=\"og:image:width\" content=\"1400\" \/>\n\t<meta property=\"og:image:height\" content=\"2100\" \/>\n\t<meta property=\"og:image:type\" content=\"image\/png\" \/>\n<meta name=\"twitter:card\" content=\"summary_large_image\" \/>\n<meta name=\"twitter:label1\" content=\"Dur\u00e9e de lecture estim\u00e9e\" \/>\n\t<meta name=\"twitter:data1\" content=\"1 minute\" \/>\n<script type=\"application\/ld+json\" class=\"yoast-schema-graph\">{\"@context\":\"https:\/\/schema.org\",\"@graph\":[{\"@type\":\"WebPage\",\"@id\":\"https:\/\/www.muehlebirgel.de\/fr\/shop\/farine-de-moutarde-brune\",\"url\":\"https:\/\/www.muehlebirgel.de\/fr\/shop\/farine-de-moutarde-brune\",\"name\":\"Farine de moutarde brune - Historische Wasserm\u00fchle Birgel\",\"isPartOf\":{\"@id\":\"https:\/\/www.muehlebirgel.de\/fr\/#website\"},\"primaryImageOfPage\":{\"@id\":\"https:\/\/www.muehlebirgel.de\/fr\/shop\/farine-de-moutarde-brune#primaryimage\"},\"image\":{\"@id\":\"https:\/\/www.muehlebirgel.de\/fr\/shop\/farine-de-moutarde-brune#primaryimage\"},\"thumbnailUrl\":\"https:\/\/www.muehlebirgel.de\/wp-content\/uploads\/2020\/01\/BraunesSenfmehl.png\",\"datePublished\":\"2021-12-10T15:10:33+00:00\",\"dateModified\":\"2022-09-12T07:46:23+00:00\",\"description\":\"Notre farine de moutarde brune se caract\u00e9rise par son caract\u00e8re clairement fort et \u00e9pic\u00e9 et est utilis\u00e9e de nombreuses fa\u00e7ons en cuisine.\",\"breadcrumb\":{\"@id\":\"https:\/\/www.muehlebirgel.de\/fr\/shop\/farine-de-moutarde-brune#breadcrumb\"},\"inLanguage\":\"fr-FR\",\"potentialAction\":[{\"@type\":\"ReadAction\",\"target\":[\"https:\/\/www.muehlebirgel.de\/fr\/shop\/farine-de-moutarde-brune\"]}]},{\"@type\":\"ImageObject\",\"inLanguage\":\"fr-FR\",\"@id\":\"https:\/\/www.muehlebirgel.de\/fr\/shop\/farine-de-moutarde-brune#primaryimage\",\"url\":\"https:\/\/www.muehlebirgel.de\/wp-content\/uploads\/2020\/01\/BraunesSenfmehl.png\",\"contentUrl\":\"https:\/\/www.muehlebirgel.de\/wp-content\/uploads\/2020\/01\/BraunesSenfmehl.png\",\"width\":1400,\"height\":2100},{\"@type\":\"BreadcrumbList\",\"@id\":\"https:\/\/www.muehlebirgel.de\/fr\/shop\/farine-de-moutarde-brune#breadcrumb\",\"itemListElement\":[{\"@type\":\"ListItem\",\"position\":1,\"name\":\"Startseite\",\"item\":\"https:\/\/www.muehlebirgel.de\/fr\"},{\"@type\":\"ListItem\",\"position\":2,\"name\":\"Produits\",\"item\":\"https:\/\/www.muehlebirgel.de\/fr\/shop\"},{\"@type\":\"ListItem\",\"position\":3,\"name\":\"Farine de moutarde brune\"}]},{\"@type\":\"WebSite\",\"@id\":\"https:\/\/www.muehlebirgel.de\/fr\/#website\",\"url\":\"https:\/\/www.muehlebirgel.de\/fr\/\",\"name\":\"Historische Wasserm\u00fchle Birgel\",\"description\":\"Willkommen im M\u00fchlen-Erlebniszentrum\",\"potentialAction\":[{\"@type\":\"SearchAction\",\"target\":{\"@type\":\"EntryPoint\",\"urlTemplate\":\"https:\/\/www.muehlebirgel.de\/fr\/?s={search_term_string}\"},\"query-input\":{\"@type\":\"PropertyValueSpecification\",\"valueRequired\":true,\"valueName\":\"search_term_string\"}}],\"inLanguage\":\"fr-FR\"}]}<\/script>\n<!-- \/ Yoast SEO plugin. -->","yoast_head_json":{"title":"Farine de moutarde brune - Historische Wasserm\u00fchle Birgel","description":"Notre farine de moutarde brune se caract\u00e9rise par son caract\u00e8re clairement fort et \u00e9pic\u00e9 et est utilis\u00e9e de nombreuses fa\u00e7ons en cuisine.","robots":{"index":"index","follow":"follow","max-snippet":"max-snippet:-1","max-image-preview":"max-image-preview:large","max-video-preview":"max-video-preview:-1"},"canonical":"https:\/\/www.muehlebirgel.de\/fr\/shop\/farine-de-moutarde-brune","og_locale":"fr_FR","og_type":"article","og_title":"Farine de moutarde brune - Historische Wasserm\u00fchle Birgel","og_description":"Notre farine de moutarde brune se caract\u00e9rise par son caract\u00e8re clairement fort et \u00e9pic\u00e9 et est utilis\u00e9e de nombreuses fa\u00e7ons en cuisine.","og_url":"https:\/\/www.muehlebirgel.de\/fr\/shop\/farine-de-moutarde-brune\/","og_site_name":"Historische Wasserm\u00fchle Birgel","article_modified_time":"2022-09-12T07:46:23+00:00","og_image":[{"width":1400,"height":2100,"url":"https:\/\/www.muehlebirgel.de\/wp-content\/uploads\/2020\/01\/BraunesSenfmehl.png","type":"image\/png"}],"twitter_card":"summary_large_image","twitter_misc":{"Dur\u00e9e de lecture estim\u00e9e":"1 minute"},"schema":{"@context":"https:\/\/schema.org","@graph":[{"@type":"WebPage","@id":"https:\/\/www.muehlebirgel.de\/fr\/shop\/farine-de-moutarde-brune","url":"https:\/\/www.muehlebirgel.de\/fr\/shop\/farine-de-moutarde-brune","name":"Farine de moutarde brune - Historische Wasserm\u00fchle Birgel","isPartOf":{"@id":"https:\/\/www.muehlebirgel.de\/fr\/#website"},"primaryImageOfPage":{"@id":"https:\/\/www.muehlebirgel.de\/fr\/shop\/farine-de-moutarde-brune#primaryimage"},"image":{"@id":"https:\/\/www.muehlebirgel.de\/fr\/shop\/farine-de-moutarde-brune#primaryimage"},"thumbnailUrl":"https:\/\/www.muehlebirgel.de\/wp-content\/uploads\/2020\/01\/BraunesSenfmehl.png","datePublished":"2021-12-10T15:10:33+00:00","dateModified":"2022-09-12T07:46:23+00:00","description":"Notre farine de moutarde brune se caract\u00e9rise par son caract\u00e8re clairement fort et \u00e9pic\u00e9 et est utilis\u00e9e de nombreuses fa\u00e7ons en cuisine.","breadcrumb":{"@id":"https:\/\/www.muehlebirgel.de\/fr\/shop\/farine-de-moutarde-brune#breadcrumb"},"inLanguage":"fr-FR","potentialAction":[{"@type":"ReadAction","target":["https:\/\/www.muehlebirgel.de\/fr\/shop\/farine-de-moutarde-brune"]}]},{"@type":"ImageObject","inLanguage":"fr-FR","@id":"https:\/\/www.muehlebirgel.de\/fr\/shop\/farine-de-moutarde-brune#primaryimage","url":"https:\/\/www.muehlebirgel.de\/wp-content\/uploads\/2020\/01\/BraunesSenfmehl.png","contentUrl":"https:\/\/www.muehlebirgel.de\/wp-content\/uploads\/2020\/01\/BraunesSenfmehl.png","width":1400,"height":2100},{"@type":"BreadcrumbList","@id":"https:\/\/www.muehlebirgel.de\/fr\/shop\/farine-de-moutarde-brune#breadcrumb","itemListElement":[{"@type":"ListItem","position":1,"name":"Startseite","item":"https:\/\/www.muehlebirgel.de\/fr"},{"@type":"ListItem","position":2,"name":"Produits","item":"https:\/\/www.muehlebirgel.de\/fr\/shop"},{"@type":"ListItem","position":3,"name":"Farine de moutarde brune"}]},{"@type":"WebSite","@id":"https:\/\/www.muehlebirgel.de\/fr\/#website","url":"https:\/\/www.muehlebirgel.de\/fr\/","name":"Historische Wasserm\u00fchle Birgel","description":"Willkommen im M\u00fchlen-Erlebniszentrum","potentialAction":[{"@type":"SearchAction","target":{"@type":"EntryPoint","urlTemplate":"https:\/\/www.muehlebirgel.de\/fr\/?s={search_term_string}"},"query-input":{"@type":"PropertyValueSpecification","valueRequired":true,"valueName":"search_term_string"}}],"inLanguage":"fr-FR"}]}},"_links":{"self":[{"href":"https:\/\/www.muehlebirgel.de\/fr\/wp-json\/wp\/v2\/product\/10172","targetHints":{"allow":["GET"]}}],"collection":[{"href":"https:\/\/www.muehlebirgel.de\/fr\/wp-json\/wp\/v2\/product"}],"about":[{"href":"https:\/\/www.muehlebirgel.de\/fr\/wp-json\/wp\/v2\/types\/product"}],"wp:featuredmedia":[{"embeddable":true,"href":"https:\/\/www.muehlebirgel.de\/fr\/wp-json\/wp\/v2\/media\/9532"}],"wp:attachment":[{"href":"https:\/\/www.muehlebirgel.de\/fr\/wp-json\/wp\/v2\/media?parent=10172"}],"wp:term":[{"taxonomy":"product_brand","embeddable":true,"href":"https:\/\/www.muehlebirgel.de\/fr\/wp-json\/wp\/v2\/product_brand?post=10172"},{"taxonomy":"product_cat","embeddable":true,"href":"https:\/\/www.muehlebirgel.de\/fr\/wp-json\/wp\/v2\/product_cat?post=10172"},{"taxonomy":"product_tag","embeddable":true,"href":"https:\/\/www.muehlebirgel.de\/fr\/wp-json\/wp\/v2\/product_tag?post=10172"}],"curies":[{"name":"wp","href":"https:\/\/api.w.org\/{rel}","templated":true}]}}