{"id":10175,"date":"2020-01-24T09:38:32","date_gmt":"2020-01-24T09:38:32","guid":{"rendered":"https:\/\/www.muehlebirgel.de\/shop\/repas-moutarde\/"},"modified":"2026-05-07T17:48:45","modified_gmt":"2026-05-07T15:48:45","slug":"repas-de-moutarde","status":"publish","type":"product","link":"https:\/\/www.muehlebirgel.de\/fr\/shop\/repas-de-moutarde\/","title":{"rendered":"repas moutarde"},"content":{"rendered":"<p>Notre tourteau de moutarde est fabriqu\u00e9 \u00e0 partir des graines de moutarde pures elles-m\u00eames, \u00e0 cet effet, les graines de moutarde sont \u00e9cras\u00e9es entre des rouleaux par Chefm\u00fcller Erwin lui-m\u00eame pendant la production. La farine de moutarde obtenue gr\u00e2ce \u00e0 ce processus d\u00e9crit les restes grossi\u00e8rement r\u00e2p\u00e9s de la graine de moutarde enti\u00e8re et est un ingr\u00e9dient de base ainsi que le composant principal de la production de moutarde.<\/p>\n<h2>Repas de moutarde dans la cuisine<\/h2>\n<p>Le produit naturel pur est particuli\u00e8rement adapt\u00e9 comme assaisonnement et pour affiner les sauces d\u00e9licates, les soupes et les marinades. Bien s\u00fbr, vous pouvez \u00e9galement faire votre propre moutarde \u00e0 partir du repas.<\/p>\n<p>Notre <a href=\"\/?product_cat=aktionspaket-senf-selber-machen\">pack promotionnel Faire sa propre<\/a> moutarde vous fournit le trio parfait<a href=\"\/?product_cat=senfmehl-braun\">(farine de moutarde brune<\/a>, <a href=\"\/?product_cat=senfmehl-gelb\">farine de moutarde jaune<\/a> et moutarde concass\u00e9e) pour faire facilement votre propre moutarde pr\u00e9f\u00e9r\u00e9e.<\/p>\n","protected":false},"excerpt":{"rendered":"<p>Notre tourteau de moutarde est fabriqu\u00e9 \u00e0 partir des graines de moutarde pures elles-m\u00eames, \u00e0 cet effet, les graines de moutarde sont \u00e9cras\u00e9es entre des rouleaux par Chefm\u00fcller Erwin lui-m\u00eame pendant la production. La farine de moutarde obtenue gr\u00e2ce \u00e0 ce processus d\u00e9crit les restes grossi\u00e8rement r\u00e2p\u00e9s de la graine de moutarde enti\u00e8re et est [&hellip;]<\/p>\n","protected":false},"featured_media":9541,"template":"","meta":[],"product_brand":[],"product_cat":[84],"product_tag":[],"class_list":{"0":"post-10175","1":"product","2":"type-product","3":"status-publish","4":"has-post-thumbnail","6":"product_cat-farine-de-moutarde","7":"product_shipping_class-expedition-assuree","9":"first","10":"instock","11":"taxable","12":"shipping-taxable","13":"purchasable","14":"product-type-simple"},"yoast_head":"<!-- This site is optimized with the Yoast SEO plugin v27.5 - https:\/\/yoast.com\/product\/yoast-seo-wordpress\/ -->\n<title>repas moutarde %%page% acheter en ligne - %%nom du site<\/title>\n<meta name=\"description\" content=\"Notre tourteau de moutarde est fabriqu\u00e9 \u00e0 partir des graines de moutarde elles-m\u00eames, \u00e0 cet effet, les graines de moutarde sont broy\u00e9es entre des rouleaux dans le moulin pendant la production.\" \/>\n<meta name=\"robots\" content=\"noindex, follow, max-snippet:-1, max-image-preview:large, max-video-preview:-1\" \/>\n<meta property=\"og:locale\" content=\"fr_FR\" \/>\n<meta property=\"og:type\" content=\"article\" \/>\n<meta property=\"og:title\" content=\"repas moutarde %%page% acheter en ligne - %%nom du site\" \/>\n<meta property=\"og:description\" content=\"Notre tourteau de moutarde est fabriqu\u00e9 \u00e0 partir des graines de moutarde elles-m\u00eames, \u00e0 cet effet, les graines de moutarde sont broy\u00e9es entre des rouleaux dans le moulin pendant la production.\" \/>\n<meta property=\"og:url\" content=\"https:\/\/www.muehlebirgel.de\/fr\/shop\/repas-de-moutarde\/\" \/>\n<meta property=\"og:site_name\" content=\"Historische Wasserm\u00fchle Birgel\" \/>\n<meta property=\"article:modified_time\" content=\"2026-05-07T15:48:45+00:00\" \/>\n<meta property=\"og:image\" content=\"https:\/\/www.muehlebirgel.de\/wp-content\/uploads\/2020\/01\/Senfschrott.png\" \/>\n\t<meta property=\"og:image:width\" content=\"1400\" \/>\n\t<meta property=\"og:image:height\" content=\"2100\" \/>\n\t<meta property=\"og:image:type\" content=\"image\/png\" \/>\n<meta name=\"twitter:card\" content=\"summary_large_image\" \/>\n<meta name=\"twitter:label1\" content=\"Dur\u00e9e de lecture estim\u00e9e\" \/>\n\t<meta name=\"twitter:data1\" content=\"1 minute\" \/>\n<script type=\"application\/ld+json\" class=\"yoast-schema-graph\">{\"@context\":\"https:\\\/\\\/schema.org\",\"@graph\":[{\"@type\":\"WebPage\",\"@id\":\"https:\\\/\\\/www.muehlebirgel.de\\\/fr\\\/shop\\\/repas-de-moutarde\\\/\",\"url\":\"https:\\\/\\\/www.muehlebirgel.de\\\/fr\\\/shop\\\/repas-de-moutarde\\\/\",\"name\":\"repas moutarde %%page% acheter en ligne - %%nom du site\",\"isPartOf\":{\"@id\":\"https:\\\/\\\/www.muehlebirgel.de\\\/fr\\\/#website\"},\"primaryImageOfPage\":{\"@id\":\"https:\\\/\\\/www.muehlebirgel.de\\\/fr\\\/shop\\\/repas-de-moutarde\\\/#primaryimage\"},\"image\":{\"@id\":\"https:\\\/\\\/www.muehlebirgel.de\\\/fr\\\/shop\\\/repas-de-moutarde\\\/#primaryimage\"},\"thumbnailUrl\":\"https:\\\/\\\/www.muehlebirgel.de\\\/wp-content\\\/uploads\\\/2020\\\/01\\\/Senfschrott.png\",\"datePublished\":\"2020-01-24T09:38:32+00:00\",\"dateModified\":\"2026-05-07T15:48:45+00:00\",\"description\":\"Notre tourteau de moutarde est fabriqu\u00e9 \u00e0 partir des graines de moutarde elles-m\u00eames, \u00e0 cet effet, les graines de moutarde sont broy\u00e9es entre des rouleaux dans le moulin pendant la production.\",\"breadcrumb\":{\"@id\":\"https:\\\/\\\/www.muehlebirgel.de\\\/fr\\\/shop\\\/repas-de-moutarde\\\/#breadcrumb\"},\"inLanguage\":\"fr-FR\",\"potentialAction\":[{\"@type\":\"ReadAction\",\"target\":[\"https:\\\/\\\/www.muehlebirgel.de\\\/fr\\\/shop\\\/repas-de-moutarde\\\/\"]}]},{\"@type\":\"ImageObject\",\"inLanguage\":\"fr-FR\",\"@id\":\"https:\\\/\\\/www.muehlebirgel.de\\\/fr\\\/shop\\\/repas-de-moutarde\\\/#primaryimage\",\"url\":\"https:\\\/\\\/www.muehlebirgel.de\\\/wp-content\\\/uploads\\\/2020\\\/01\\\/Senfschrott.png\",\"contentUrl\":\"https:\\\/\\\/www.muehlebirgel.de\\\/wp-content\\\/uploads\\\/2020\\\/01\\\/Senfschrott.png\",\"width\":1400,\"height\":2100},{\"@type\":\"BreadcrumbList\",\"@id\":\"https:\\\/\\\/www.muehlebirgel.de\\\/fr\\\/shop\\\/repas-de-moutarde\\\/#breadcrumb\",\"itemListElement\":[{\"@type\":\"ListItem\",\"position\":1,\"name\":\"Startseite\",\"item\":\"https:\\\/\\\/www.muehlebirgel.de\\\/fr\\\/startseite\\\/\"},{\"@type\":\"ListItem\",\"position\":2,\"name\":\"magasin en ligne\",\"item\":\"https:\\\/\\\/www.muehlebirgel.de\\\/fr\\\/boutique\\\/\"},{\"@type\":\"ListItem\",\"position\":3,\"name\":\"Farine de moutarde\",\"item\":\"https:\\\/\\\/www.muehlebirgel.de\\\/fr\\\/shop\\\/farine-de-moutarde\\\/\"},{\"@type\":\"ListItem\",\"position\":4,\"name\":\"repas moutarde\"}]},{\"@type\":\"WebSite\",\"@id\":\"https:\\\/\\\/www.muehlebirgel.de\\\/fr\\\/#website\",\"url\":\"https:\\\/\\\/www.muehlebirgel.de\\\/fr\\\/\",\"name\":\"Historische Wasserm\u00fchle Birgel\",\"description\":\"Willkommen im M\u00fchlen-Erlebniszentrum\",\"publisher\":{\"@id\":\"https:\\\/\\\/www.muehlebirgel.de\\\/fr\\\/#organization\"},\"potentialAction\":[{\"@type\":\"SearchAction\",\"target\":{\"@type\":\"EntryPoint\",\"urlTemplate\":\"https:\\\/\\\/www.muehlebirgel.de\\\/fr\\\/?s={search_term_string}\"},\"query-input\":{\"@type\":\"PropertyValueSpecification\",\"valueRequired\":true,\"valueName\":\"search_term_string\"}}],\"inLanguage\":\"fr-FR\"},{\"@type\":\"Organization\",\"@id\":\"https:\\\/\\\/www.muehlebirgel.de\\\/fr\\\/#organization\",\"name\":\"Historische Wasserm\u00fchle Birgel\",\"url\":\"https:\\\/\\\/www.muehlebirgel.de\\\/fr\\\/\",\"logo\":{\"@type\":\"ImageObject\",\"inLanguage\":\"fr-FR\",\"@id\":\"https:\\\/\\\/www.muehlebirgel.de\\\/fr\\\/#\\\/schema\\\/logo\\\/image\\\/\",\"url\":\"https:\\\/\\\/www.muehlebirgel.de\\\/wp-content\\\/uploads\\\/logo-muehle-schwarz.webp\",\"contentUrl\":\"https:\\\/\\\/www.muehlebirgel.de\\\/wp-content\\\/uploads\\\/logo-muehle-schwarz.webp\",\"width\":2140,\"height\":1803,\"caption\":\"Historische Wasserm\u00fchle Birgel\"},\"image\":{\"@id\":\"https:\\\/\\\/www.muehlebirgel.de\\\/fr\\\/#\\\/schema\\\/logo\\\/image\\\/\"}}]}<\/script>\n<!-- \/ Yoast SEO plugin. -->","yoast_head_json":{"title":"repas moutarde %%page% acheter en ligne - %%nom du site","description":"Notre tourteau de moutarde est fabriqu\u00e9 \u00e0 partir des graines de moutarde elles-m\u00eames, \u00e0 cet effet, les graines de moutarde sont broy\u00e9es entre des rouleaux dans le moulin pendant la production.","robots":{"index":"noindex","follow":"follow","max-snippet":"max-snippet:-1","max-image-preview":"max-image-preview:large","max-video-preview":"max-video-preview:-1"},"og_locale":"fr_FR","og_type":"article","og_title":"repas moutarde %%page% acheter en ligne - %%nom du site","og_description":"Notre tourteau de moutarde est fabriqu\u00e9 \u00e0 partir des graines de moutarde elles-m\u00eames, \u00e0 cet effet, les graines de moutarde sont broy\u00e9es entre des rouleaux dans le moulin pendant la production.","og_url":"https:\/\/www.muehlebirgel.de\/fr\/shop\/repas-de-moutarde\/","og_site_name":"Historische Wasserm\u00fchle Birgel","article_modified_time":"2026-05-07T15:48:45+00:00","og_image":[{"width":1400,"height":2100,"url":"https:\/\/www.muehlebirgel.de\/wp-content\/uploads\/2020\/01\/Senfschrott.png","type":"image\/png"}],"twitter_card":"summary_large_image","twitter_misc":{"Dur\u00e9e de lecture estim\u00e9e":"1 minute"},"schema":{"@context":"https:\/\/schema.org","@graph":[{"@type":"WebPage","@id":"https:\/\/www.muehlebirgel.de\/fr\/shop\/repas-de-moutarde\/","url":"https:\/\/www.muehlebirgel.de\/fr\/shop\/repas-de-moutarde\/","name":"repas moutarde %%page% acheter en ligne - %%nom du site","isPartOf":{"@id":"https:\/\/www.muehlebirgel.de\/fr\/#website"},"primaryImageOfPage":{"@id":"https:\/\/www.muehlebirgel.de\/fr\/shop\/repas-de-moutarde\/#primaryimage"},"image":{"@id":"https:\/\/www.muehlebirgel.de\/fr\/shop\/repas-de-moutarde\/#primaryimage"},"thumbnailUrl":"https:\/\/www.muehlebirgel.de\/wp-content\/uploads\/2020\/01\/Senfschrott.png","datePublished":"2020-01-24T09:38:32+00:00","dateModified":"2026-05-07T15:48:45+00:00","description":"Notre tourteau de moutarde est fabriqu\u00e9 \u00e0 partir des graines de moutarde elles-m\u00eames, \u00e0 cet effet, les graines de moutarde sont broy\u00e9es entre des rouleaux dans le moulin pendant la production.","breadcrumb":{"@id":"https:\/\/www.muehlebirgel.de\/fr\/shop\/repas-de-moutarde\/#breadcrumb"},"inLanguage":"fr-FR","potentialAction":[{"@type":"ReadAction","target":["https:\/\/www.muehlebirgel.de\/fr\/shop\/repas-de-moutarde\/"]}]},{"@type":"ImageObject","inLanguage":"fr-FR","@id":"https:\/\/www.muehlebirgel.de\/fr\/shop\/repas-de-moutarde\/#primaryimage","url":"https:\/\/www.muehlebirgel.de\/wp-content\/uploads\/2020\/01\/Senfschrott.png","contentUrl":"https:\/\/www.muehlebirgel.de\/wp-content\/uploads\/2020\/01\/Senfschrott.png","width":1400,"height":2100},{"@type":"BreadcrumbList","@id":"https:\/\/www.muehlebirgel.de\/fr\/shop\/repas-de-moutarde\/#breadcrumb","itemListElement":[{"@type":"ListItem","position":1,"name":"Startseite","item":"https:\/\/www.muehlebirgel.de\/fr\/startseite\/"},{"@type":"ListItem","position":2,"name":"magasin en ligne","item":"https:\/\/www.muehlebirgel.de\/fr\/boutique\/"},{"@type":"ListItem","position":3,"name":"Farine de moutarde","item":"https:\/\/www.muehlebirgel.de\/fr\/shop\/farine-de-moutarde\/"},{"@type":"ListItem","position":4,"name":"repas moutarde"}]},{"@type":"WebSite","@id":"https:\/\/www.muehlebirgel.de\/fr\/#website","url":"https:\/\/www.muehlebirgel.de\/fr\/","name":"Historische Wasserm\u00fchle Birgel","description":"Willkommen im M\u00fchlen-Erlebniszentrum","publisher":{"@id":"https:\/\/www.muehlebirgel.de\/fr\/#organization"},"potentialAction":[{"@type":"SearchAction","target":{"@type":"EntryPoint","urlTemplate":"https:\/\/www.muehlebirgel.de\/fr\/?s={search_term_string}"},"query-input":{"@type":"PropertyValueSpecification","valueRequired":true,"valueName":"search_term_string"}}],"inLanguage":"fr-FR"},{"@type":"Organization","@id":"https:\/\/www.muehlebirgel.de\/fr\/#organization","name":"Historische Wasserm\u00fchle Birgel","url":"https:\/\/www.muehlebirgel.de\/fr\/","logo":{"@type":"ImageObject","inLanguage":"fr-FR","@id":"https:\/\/www.muehlebirgel.de\/fr\/#\/schema\/logo\/image\/","url":"https:\/\/www.muehlebirgel.de\/wp-content\/uploads\/logo-muehle-schwarz.webp","contentUrl":"https:\/\/www.muehlebirgel.de\/wp-content\/uploads\/logo-muehle-schwarz.webp","width":2140,"height":1803,"caption":"Historische Wasserm\u00fchle Birgel"},"image":{"@id":"https:\/\/www.muehlebirgel.de\/fr\/#\/schema\/logo\/image\/"}}]}},"_links":{"self":[{"href":"https:\/\/www.muehlebirgel.de\/fr\/wp-json\/wp\/v2\/product\/10175","targetHints":{"allow":["GET"]}}],"collection":[{"href":"https:\/\/www.muehlebirgel.de\/fr\/wp-json\/wp\/v2\/product"}],"about":[{"href":"https:\/\/www.muehlebirgel.de\/fr\/wp-json\/wp\/v2\/types\/product"}],"version-history":[{"count":1,"href":"https:\/\/www.muehlebirgel.de\/fr\/wp-json\/wp\/v2\/product\/10175\/revisions"}],"predecessor-version":[{"id":68675,"href":"https:\/\/www.muehlebirgel.de\/fr\/wp-json\/wp\/v2\/product\/10175\/revisions\/68675"}],"wp:featuredmedia":[{"embeddable":true,"href":"https:\/\/www.muehlebirgel.de\/fr\/wp-json\/wp\/v2\/media\/9541"}],"wp:attachment":[{"href":"https:\/\/www.muehlebirgel.de\/fr\/wp-json\/wp\/v2\/media?parent=10175"}],"wp:term":[{"taxonomy":"product_brand","embeddable":true,"href":"https:\/\/www.muehlebirgel.de\/fr\/wp-json\/wp\/v2\/product_brand?post=10175"},{"taxonomy":"product_cat","embeddable":true,"href":"https:\/\/www.muehlebirgel.de\/fr\/wp-json\/wp\/v2\/product_cat?post=10175"},{"taxonomy":"product_tag","embeddable":true,"href":"https:\/\/www.muehlebirgel.de\/fr\/wp-json\/wp\/v2\/product_tag?post=10175"}],"curies":[{"name":"wp","href":"https:\/\/api.w.org\/{rel}","templated":true}]}}