{"id":10180,"date":"2020-01-24T09:38:31","date_gmt":"2021-12-10T15:10:51","guid":{"rendered":"https:\/\/www.muehlebirgel.de\/shop\/esprit-moutarde\/"},"modified":"2021-12-10T15:10:51","modified_gmt":"2021-12-10T15:10:51","slug":"esprit-moutarde","status":"publish","type":"product","link":"https:\/\/www.muehlebirgel.de\/fr\/shop\/esprit-moutarde","title":{"rendered":"Esprit moutarde"},"content":{"rendered":"<h2>Esprit de moutarde de l&rsquo;Eifel<\/h2>\n<p>Notre eau-de-vie de moutarde avec une teneur en alcool de 43% vol est probablement notre eau-de-vie la plus extraordinaire et un fid\u00e8le compagnon en cuisine. Nous produisons le distillat avec des graines de moutarde moulues directement de notre moulin \u00e0 moutarde, c&rsquo;est pourquoi il est l&rsquo;un des rares du genre sur le march\u00e9 et constitue donc une v\u00e9ritable raret\u00e9. Il est donc aussi parfait comme cadeau ou comme simple souvenir du moulin.<\/p>\n<h2>Comment appr\u00e9ciez-vous le cognac?<\/h2>\n<p><strong> <\/strong>Le fant\u00f4me est l&rsquo;ingr\u00e9dient secret parfait qui \u00e9voque un repas de luxe m\u00eame \u00e0 partir du d\u00eener le plus simple. En cuisine, il peut \u00eatre utilis\u00e9 pour affiner des plats copieux de viande et de grillades. Mais il est aussi id\u00e9al pour affiner de nobles sauces maison. Pour tous ceux qui l&rsquo;aiment \u00e9pic\u00e9, il se d\u00e9guste aussi merveilleusement pur.<\/p>\n","protected":false},"excerpt":{"rendered":"<p><strong>Teneur en alcool : 43 % vol<\/strong><\/p>\n<p>Fabriqu\u00e9 \u00e0 partir de graines de moutarde sp\u00e9cialement moulues et une raret\u00e9 sur le march\u00e9<\/p>\n","protected":false},"featured_media":8374,"template":"","meta":[],"product_brand":[],"product_cat":[88],"product_tag":[],"class_list":{"0":"post-10180","1":"product","2":"type-product","3":"status-publish","4":"has-post-thumbnail","6":"product_cat-eaux-de-vie","7":"product_shipping_class-expedition-assuree","9":"first","10":"outofstock","11":"taxable","12":"shipping-taxable","13":"purchasable","14":"product-type-variable","15":"has-default-attributes"},"yoast_head":"<!-- This site is optimized with the Yoast SEO plugin v27.2 - https:\/\/yoast.com\/product\/yoast-seo-wordpress\/ -->\n<title>Esprit moutarde - Historische Wasserm\u00fchle Birgel<\/title>\n<meta name=\"description\" content=\"Fabriqu\u00e9 \u00e0 partir de graines de moutarde sp\u00e9cialement moulues de notre moulin \u00e0 moutarde, c&#039;est une v\u00e9ritable raret\u00e9 sur le march\u00e9\" \/>\n<meta name=\"robots\" content=\"index, follow, max-snippet:-1, max-image-preview:large, max-video-preview:-1\" \/>\n<link rel=\"canonical\" href=\"https:\/\/www.muehlebirgel.de\/fr\/shop\/esprit-moutarde\" \/>\n<meta property=\"og:locale\" content=\"fr_FR\" \/>\n<meta property=\"og:type\" content=\"article\" \/>\n<meta property=\"og:title\" content=\"Esprit moutarde - Historische Wasserm\u00fchle Birgel\" \/>\n<meta property=\"og:description\" content=\"Fabriqu\u00e9 \u00e0 partir de graines de moutarde sp\u00e9cialement moulues de notre moulin \u00e0 moutarde, c&#039;est une v\u00e9ritable raret\u00e9 sur le march\u00e9\" \/>\n<meta property=\"og:url\" content=\"https:\/\/www.muehlebirgel.de\/fr\/shop\/esprit-moutarde\/\" \/>\n<meta property=\"og:site_name\" content=\"Historische Wasserm\u00fchle Birgel\" \/>\n<meta property=\"og:image\" content=\"https:\/\/www.muehlebirgel.de\/wp-content\/uploads\/2019\/12\/senfgeist.jpg\" \/>\n\t<meta property=\"og:image:width\" content=\"667\" \/>\n\t<meta property=\"og:image:height\" content=\"1000\" \/>\n\t<meta property=\"og:image:type\" content=\"image\/jpeg\" \/>\n<meta name=\"twitter:card\" content=\"summary_large_image\" \/>\n<meta name=\"twitter:label1\" content=\"Dur\u00e9e de lecture estim\u00e9e\" \/>\n\t<meta name=\"twitter:data1\" content=\"1 minute\" \/>\n<script type=\"application\/ld+json\" class=\"yoast-schema-graph\">{\"@context\":\"https:\/\/schema.org\",\"@graph\":[{\"@type\":\"WebPage\",\"@id\":\"https:\/\/www.muehlebirgel.de\/fr\/shop\/esprit-moutarde\",\"url\":\"https:\/\/www.muehlebirgel.de\/fr\/shop\/esprit-moutarde\",\"name\":\"Esprit moutarde - Historische Wasserm\u00fchle Birgel\",\"isPartOf\":{\"@id\":\"https:\/\/www.muehlebirgel.de\/fr\/#website\"},\"primaryImageOfPage\":{\"@id\":\"https:\/\/www.muehlebirgel.de\/fr\/shop\/esprit-moutarde#primaryimage\"},\"image\":{\"@id\":\"https:\/\/www.muehlebirgel.de\/fr\/shop\/esprit-moutarde#primaryimage\"},\"thumbnailUrl\":\"https:\/\/www.muehlebirgel.de\/wp-content\/uploads\/2019\/12\/senfgeist.jpg\",\"datePublished\":\"2021-12-10T15:10:51+00:00\",\"description\":\"Fabriqu\u00e9 \u00e0 partir de graines de moutarde sp\u00e9cialement moulues de notre moulin \u00e0 moutarde, c'est une v\u00e9ritable raret\u00e9 sur le march\u00e9\",\"breadcrumb\":{\"@id\":\"https:\/\/www.muehlebirgel.de\/fr\/shop\/esprit-moutarde#breadcrumb\"},\"inLanguage\":\"fr-FR\",\"potentialAction\":[{\"@type\":\"ReadAction\",\"target\":[\"https:\/\/www.muehlebirgel.de\/fr\/shop\/esprit-moutarde\"]}]},{\"@type\":\"ImageObject\",\"inLanguage\":\"fr-FR\",\"@id\":\"https:\/\/www.muehlebirgel.de\/fr\/shop\/esprit-moutarde#primaryimage\",\"url\":\"https:\/\/www.muehlebirgel.de\/wp-content\/uploads\/2019\/12\/senfgeist.jpg\",\"contentUrl\":\"https:\/\/www.muehlebirgel.de\/wp-content\/uploads\/2019\/12\/senfgeist.jpg\",\"width\":667,\"height\":1000},{\"@type\":\"BreadcrumbList\",\"@id\":\"https:\/\/www.muehlebirgel.de\/fr\/shop\/esprit-moutarde#breadcrumb\",\"itemListElement\":[{\"@type\":\"ListItem\",\"position\":1,\"name\":\"Startseite\",\"item\":\"https:\/\/www.muehlebirgel.de\/fr\"},{\"@type\":\"ListItem\",\"position\":2,\"name\":\"Produits\",\"item\":\"https:\/\/www.muehlebirgel.de\/fr\/shop\"},{\"@type\":\"ListItem\",\"position\":3,\"name\":\"Esprit moutarde\"}]},{\"@type\":\"WebSite\",\"@id\":\"https:\/\/www.muehlebirgel.de\/fr\/#website\",\"url\":\"https:\/\/www.muehlebirgel.de\/fr\/\",\"name\":\"Historische Wasserm\u00fchle Birgel\",\"description\":\"Willkommen im M\u00fchlen-Erlebniszentrum\",\"potentialAction\":[{\"@type\":\"SearchAction\",\"target\":{\"@type\":\"EntryPoint\",\"urlTemplate\":\"https:\/\/www.muehlebirgel.de\/fr\/?s={search_term_string}\"},\"query-input\":{\"@type\":\"PropertyValueSpecification\",\"valueRequired\":true,\"valueName\":\"search_term_string\"}}],\"inLanguage\":\"fr-FR\"}]}<\/script>\n<!-- \/ Yoast SEO plugin. -->","yoast_head_json":{"title":"Esprit moutarde - Historische Wasserm\u00fchle Birgel","description":"Fabriqu\u00e9 \u00e0 partir de graines de moutarde sp\u00e9cialement moulues de notre moulin \u00e0 moutarde, c'est une v\u00e9ritable raret\u00e9 sur le march\u00e9","robots":{"index":"index","follow":"follow","max-snippet":"max-snippet:-1","max-image-preview":"max-image-preview:large","max-video-preview":"max-video-preview:-1"},"canonical":"https:\/\/www.muehlebirgel.de\/fr\/shop\/esprit-moutarde","og_locale":"fr_FR","og_type":"article","og_title":"Esprit moutarde - Historische Wasserm\u00fchle Birgel","og_description":"Fabriqu\u00e9 \u00e0 partir de graines de moutarde sp\u00e9cialement moulues de notre moulin \u00e0 moutarde, c'est une v\u00e9ritable raret\u00e9 sur le march\u00e9","og_url":"https:\/\/www.muehlebirgel.de\/fr\/shop\/esprit-moutarde\/","og_site_name":"Historische Wasserm\u00fchle Birgel","og_image":[{"width":667,"height":1000,"url":"https:\/\/www.muehlebirgel.de\/wp-content\/uploads\/2019\/12\/senfgeist.jpg","type":"image\/jpeg"}],"twitter_card":"summary_large_image","twitter_misc":{"Dur\u00e9e de lecture estim\u00e9e":"1 minute"},"schema":{"@context":"https:\/\/schema.org","@graph":[{"@type":"WebPage","@id":"https:\/\/www.muehlebirgel.de\/fr\/shop\/esprit-moutarde","url":"https:\/\/www.muehlebirgel.de\/fr\/shop\/esprit-moutarde","name":"Esprit moutarde - Historische Wasserm\u00fchle Birgel","isPartOf":{"@id":"https:\/\/www.muehlebirgel.de\/fr\/#website"},"primaryImageOfPage":{"@id":"https:\/\/www.muehlebirgel.de\/fr\/shop\/esprit-moutarde#primaryimage"},"image":{"@id":"https:\/\/www.muehlebirgel.de\/fr\/shop\/esprit-moutarde#primaryimage"},"thumbnailUrl":"https:\/\/www.muehlebirgel.de\/wp-content\/uploads\/2019\/12\/senfgeist.jpg","datePublished":"2021-12-10T15:10:51+00:00","description":"Fabriqu\u00e9 \u00e0 partir de graines de moutarde sp\u00e9cialement moulues de notre moulin \u00e0 moutarde, c'est une v\u00e9ritable raret\u00e9 sur le march\u00e9","breadcrumb":{"@id":"https:\/\/www.muehlebirgel.de\/fr\/shop\/esprit-moutarde#breadcrumb"},"inLanguage":"fr-FR","potentialAction":[{"@type":"ReadAction","target":["https:\/\/www.muehlebirgel.de\/fr\/shop\/esprit-moutarde"]}]},{"@type":"ImageObject","inLanguage":"fr-FR","@id":"https:\/\/www.muehlebirgel.de\/fr\/shop\/esprit-moutarde#primaryimage","url":"https:\/\/www.muehlebirgel.de\/wp-content\/uploads\/2019\/12\/senfgeist.jpg","contentUrl":"https:\/\/www.muehlebirgel.de\/wp-content\/uploads\/2019\/12\/senfgeist.jpg","width":667,"height":1000},{"@type":"BreadcrumbList","@id":"https:\/\/www.muehlebirgel.de\/fr\/shop\/esprit-moutarde#breadcrumb","itemListElement":[{"@type":"ListItem","position":1,"name":"Startseite","item":"https:\/\/www.muehlebirgel.de\/fr"},{"@type":"ListItem","position":2,"name":"Produits","item":"https:\/\/www.muehlebirgel.de\/fr\/shop"},{"@type":"ListItem","position":3,"name":"Esprit moutarde"}]},{"@type":"WebSite","@id":"https:\/\/www.muehlebirgel.de\/fr\/#website","url":"https:\/\/www.muehlebirgel.de\/fr\/","name":"Historische Wasserm\u00fchle Birgel","description":"Willkommen im M\u00fchlen-Erlebniszentrum","potentialAction":[{"@type":"SearchAction","target":{"@type":"EntryPoint","urlTemplate":"https:\/\/www.muehlebirgel.de\/fr\/?s={search_term_string}"},"query-input":{"@type":"PropertyValueSpecification","valueRequired":true,"valueName":"search_term_string"}}],"inLanguage":"fr-FR"}]}},"_links":{"self":[{"href":"https:\/\/www.muehlebirgel.de\/fr\/wp-json\/wp\/v2\/product\/10180","targetHints":{"allow":["GET"]}}],"collection":[{"href":"https:\/\/www.muehlebirgel.de\/fr\/wp-json\/wp\/v2\/product"}],"about":[{"href":"https:\/\/www.muehlebirgel.de\/fr\/wp-json\/wp\/v2\/types\/product"}],"wp:featuredmedia":[{"embeddable":true,"href":"https:\/\/www.muehlebirgel.de\/fr\/wp-json\/wp\/v2\/media\/8374"}],"wp:attachment":[{"href":"https:\/\/www.muehlebirgel.de\/fr\/wp-json\/wp\/v2\/media?parent=10180"}],"wp:term":[{"taxonomy":"product_brand","embeddable":true,"href":"https:\/\/www.muehlebirgel.de\/fr\/wp-json\/wp\/v2\/product_brand?post=10180"},{"taxonomy":"product_cat","embeddable":true,"href":"https:\/\/www.muehlebirgel.de\/fr\/wp-json\/wp\/v2\/product_cat?post=10180"},{"taxonomy":"product_tag","embeddable":true,"href":"https:\/\/www.muehlebirgel.de\/fr\/wp-json\/wp\/v2\/product_tag?post=10180"}],"curies":[{"name":"wp","href":"https:\/\/api.w.org\/{rel}","templated":true}]}}