{"id":10186,"date":"2020-01-24T09:38:33","date_gmt":"2020-01-24T09:38:33","guid":{"rendered":"https:\/\/www.muehlebirgel.de\/shop\/farine-de-moutarde-jaune\/"},"modified":"2026-05-07T17:49:29","modified_gmt":"2026-05-07T15:49:29","slug":"farine-de-moutarde-jaune","status":"publish","type":"product","link":"https:\/\/www.muehlebirgel.de\/fr\/shop\/farine-de-moutarde-jaune\/","title":{"rendered":"Farine de moutarde jaune"},"content":{"rendered":"<p>Notre farine de moutarde jaune se caract\u00e9rise par son go\u00fbt naturellement piquant et est un agent aromatisant id\u00e9al pour les plats individuels. Dans notre moulin \u00e0 moutarde interne, Chefm\u00fcller Erwin broie les graines de moutarde jaune en une farine de moutarde fine et pr\u00eate \u00e0 manger.<\/p>\n<h2>Farine de moutarde en cuisine<\/h2>\n<p>La farine de moutarde jaune est l&rsquo;ingr\u00e9dient de base pour faire une d\u00e9licieuse moutarde. Mais la farine est \u00e9galement id\u00e9ale dans les sauces, les soupes ou encore pour mariner. Dans les cuisines traditionnelles, il est tr\u00e8s appr\u00e9ci\u00e9 comme \u00e9pice pour toutes sortes de plats et donne \u00e0 chaque plat, aussi simple soit-il, une note fine et \u00e9pic\u00e9e. Il est particuli\u00e8rement appr\u00e9ci\u00e9 avec les plats de poisson et de viande.<\/p>\n","protected":false},"excerpt":{"rendered":"<p>Notre farine de moutarde jaune se caract\u00e9rise par son go\u00fbt naturellement piquant et est un agent aromatisant id\u00e9al pour les plats individuels. Dans notre moulin \u00e0 moutarde interne, Chefm\u00fcller Erwin broie les graines de moutarde jaune en une farine de moutarde fine et pr\u00eate \u00e0 manger. Farine de moutarde en cuisine La farine de moutarde [&hellip;]<\/p>\n","protected":false},"featured_media":9535,"template":"","meta":[],"product_brand":[],"product_cat":[84],"product_tag":[],"class_list":{"0":"post-10186","1":"product","2":"type-product","3":"status-publish","4":"has-post-thumbnail","6":"product_cat-farine-de-moutarde","7":"product_shipping_class-expedition-assuree","9":"first","10":"instock","11":"taxable","12":"shipping-taxable","13":"purchasable","14":"product-type-simple"},"yoast_head":"<!-- This site is optimized with the Yoast SEO plugin v27.5 - https:\/\/yoast.com\/product\/yoast-seo-wordpress\/ -->\n<title>Farine de moutarde jaune - Historische Wasserm\u00fchle Birgel<\/title>\n<meta name=\"description\" content=\"Notre farine de moutarde jaune se caract\u00e9rise par son go\u00fbt naturellement piquant et est un agent aromatisant id\u00e9al pour toutes sortes de plats.\" \/>\n<meta name=\"robots\" content=\"noindex, follow, max-snippet:-1, max-image-preview:large, max-video-preview:-1\" \/>\n<meta property=\"og:locale\" content=\"fr_FR\" \/>\n<meta property=\"og:type\" content=\"article\" \/>\n<meta property=\"og:title\" content=\"Farine de moutarde jaune - Historische Wasserm\u00fchle Birgel\" \/>\n<meta property=\"og:description\" content=\"Notre farine de moutarde jaune se caract\u00e9rise par son go\u00fbt naturellement piquant et est un agent aromatisant id\u00e9al pour toutes sortes de plats.\" \/>\n<meta property=\"og:url\" content=\"https:\/\/www.muehlebirgel.de\/fr\/shop\/farine-de-moutarde-jaune\/\" \/>\n<meta property=\"og:site_name\" content=\"Historische Wasserm\u00fchle Birgel\" \/>\n<meta property=\"article:modified_time\" content=\"2026-05-07T15:49:29+00:00\" \/>\n<meta property=\"og:image\" content=\"https:\/\/www.muehlebirgel.de\/wp-content\/uploads\/2020\/01\/GelbesSenfmehl.png\" \/>\n\t<meta property=\"og:image:width\" content=\"1400\" \/>\n\t<meta property=\"og:image:height\" content=\"2100\" \/>\n\t<meta property=\"og:image:type\" content=\"image\/png\" \/>\n<meta name=\"twitter:card\" content=\"summary_large_image\" \/>\n<meta name=\"twitter:label1\" content=\"Dur\u00e9e de lecture estim\u00e9e\" \/>\n\t<meta name=\"twitter:data1\" content=\"1 minute\" \/>\n<script type=\"application\/ld+json\" class=\"yoast-schema-graph\">{\"@context\":\"https:\\\/\\\/schema.org\",\"@graph\":[{\"@type\":\"WebPage\",\"@id\":\"https:\\\/\\\/www.muehlebirgel.de\\\/fr\\\/shop\\\/farine-de-moutarde-jaune\\\/\",\"url\":\"https:\\\/\\\/www.muehlebirgel.de\\\/fr\\\/shop\\\/farine-de-moutarde-jaune\\\/\",\"name\":\"Farine de moutarde jaune - Historische Wasserm\u00fchle Birgel\",\"isPartOf\":{\"@id\":\"https:\\\/\\\/www.muehlebirgel.de\\\/fr\\\/#website\"},\"primaryImageOfPage\":{\"@id\":\"https:\\\/\\\/www.muehlebirgel.de\\\/fr\\\/shop\\\/farine-de-moutarde-jaune\\\/#primaryimage\"},\"image\":{\"@id\":\"https:\\\/\\\/www.muehlebirgel.de\\\/fr\\\/shop\\\/farine-de-moutarde-jaune\\\/#primaryimage\"},\"thumbnailUrl\":\"https:\\\/\\\/www.muehlebirgel.de\\\/wp-content\\\/uploads\\\/2020\\\/01\\\/GelbesSenfmehl.png\",\"datePublished\":\"2020-01-24T09:38:33+00:00\",\"dateModified\":\"2026-05-07T15:49:29+00:00\",\"description\":\"Notre farine de moutarde jaune se caract\u00e9rise par son go\u00fbt naturellement piquant et est un agent aromatisant id\u00e9al pour toutes sortes de plats.\",\"breadcrumb\":{\"@id\":\"https:\\\/\\\/www.muehlebirgel.de\\\/fr\\\/shop\\\/farine-de-moutarde-jaune\\\/#breadcrumb\"},\"inLanguage\":\"fr-FR\",\"potentialAction\":[{\"@type\":\"ReadAction\",\"target\":[\"https:\\\/\\\/www.muehlebirgel.de\\\/fr\\\/shop\\\/farine-de-moutarde-jaune\\\/\"]}]},{\"@type\":\"ImageObject\",\"inLanguage\":\"fr-FR\",\"@id\":\"https:\\\/\\\/www.muehlebirgel.de\\\/fr\\\/shop\\\/farine-de-moutarde-jaune\\\/#primaryimage\",\"url\":\"https:\\\/\\\/www.muehlebirgel.de\\\/wp-content\\\/uploads\\\/2020\\\/01\\\/GelbesSenfmehl.png\",\"contentUrl\":\"https:\\\/\\\/www.muehlebirgel.de\\\/wp-content\\\/uploads\\\/2020\\\/01\\\/GelbesSenfmehl.png\",\"width\":1400,\"height\":2100},{\"@type\":\"BreadcrumbList\",\"@id\":\"https:\\\/\\\/www.muehlebirgel.de\\\/fr\\\/shop\\\/farine-de-moutarde-jaune\\\/#breadcrumb\",\"itemListElement\":[{\"@type\":\"ListItem\",\"position\":1,\"name\":\"Startseite\",\"item\":\"https:\\\/\\\/www.muehlebirgel.de\\\/fr\\\/startseite\\\/\"},{\"@type\":\"ListItem\",\"position\":2,\"name\":\"magasin en ligne\",\"item\":\"https:\\\/\\\/www.muehlebirgel.de\\\/fr\\\/boutique\\\/\"},{\"@type\":\"ListItem\",\"position\":3,\"name\":\"Farine de moutarde\",\"item\":\"https:\\\/\\\/www.muehlebirgel.de\\\/fr\\\/shop\\\/farine-de-moutarde\\\/\"},{\"@type\":\"ListItem\",\"position\":4,\"name\":\"Farine de moutarde jaune\"}]},{\"@type\":\"WebSite\",\"@id\":\"https:\\\/\\\/www.muehlebirgel.de\\\/fr\\\/#website\",\"url\":\"https:\\\/\\\/www.muehlebirgel.de\\\/fr\\\/\",\"name\":\"Historische Wasserm\u00fchle Birgel\",\"description\":\"Willkommen im M\u00fchlen-Erlebniszentrum\",\"publisher\":{\"@id\":\"https:\\\/\\\/www.muehlebirgel.de\\\/fr\\\/#organization\"},\"potentialAction\":[{\"@type\":\"SearchAction\",\"target\":{\"@type\":\"EntryPoint\",\"urlTemplate\":\"https:\\\/\\\/www.muehlebirgel.de\\\/fr\\\/?s={search_term_string}\"},\"query-input\":{\"@type\":\"PropertyValueSpecification\",\"valueRequired\":true,\"valueName\":\"search_term_string\"}}],\"inLanguage\":\"fr-FR\"},{\"@type\":\"Organization\",\"@id\":\"https:\\\/\\\/www.muehlebirgel.de\\\/fr\\\/#organization\",\"name\":\"Historische Wasserm\u00fchle Birgel\",\"url\":\"https:\\\/\\\/www.muehlebirgel.de\\\/fr\\\/\",\"logo\":{\"@type\":\"ImageObject\",\"inLanguage\":\"fr-FR\",\"@id\":\"https:\\\/\\\/www.muehlebirgel.de\\\/fr\\\/#\\\/schema\\\/logo\\\/image\\\/\",\"url\":\"https:\\\/\\\/www.muehlebirgel.de\\\/wp-content\\\/uploads\\\/logo-muehle-schwarz.webp\",\"contentUrl\":\"https:\\\/\\\/www.muehlebirgel.de\\\/wp-content\\\/uploads\\\/logo-muehle-schwarz.webp\",\"width\":2140,\"height\":1803,\"caption\":\"Historische Wasserm\u00fchle Birgel\"},\"image\":{\"@id\":\"https:\\\/\\\/www.muehlebirgel.de\\\/fr\\\/#\\\/schema\\\/logo\\\/image\\\/\"}}]}<\/script>\n<!-- \/ Yoast SEO plugin. -->","yoast_head_json":{"title":"Farine de moutarde jaune - Historische Wasserm\u00fchle Birgel","description":"Notre farine de moutarde jaune se caract\u00e9rise par son go\u00fbt naturellement piquant et est un agent aromatisant id\u00e9al pour toutes sortes de plats.","robots":{"index":"noindex","follow":"follow","max-snippet":"max-snippet:-1","max-image-preview":"max-image-preview:large","max-video-preview":"max-video-preview:-1"},"og_locale":"fr_FR","og_type":"article","og_title":"Farine de moutarde jaune - Historische Wasserm\u00fchle Birgel","og_description":"Notre farine de moutarde jaune se caract\u00e9rise par son go\u00fbt naturellement piquant et est un agent aromatisant id\u00e9al pour toutes sortes de plats.","og_url":"https:\/\/www.muehlebirgel.de\/fr\/shop\/farine-de-moutarde-jaune\/","og_site_name":"Historische Wasserm\u00fchle Birgel","article_modified_time":"2026-05-07T15:49:29+00:00","og_image":[{"width":1400,"height":2100,"url":"https:\/\/www.muehlebirgel.de\/wp-content\/uploads\/2020\/01\/GelbesSenfmehl.png","type":"image\/png"}],"twitter_card":"summary_large_image","twitter_misc":{"Dur\u00e9e de lecture estim\u00e9e":"1 minute"},"schema":{"@context":"https:\/\/schema.org","@graph":[{"@type":"WebPage","@id":"https:\/\/www.muehlebirgel.de\/fr\/shop\/farine-de-moutarde-jaune\/","url":"https:\/\/www.muehlebirgel.de\/fr\/shop\/farine-de-moutarde-jaune\/","name":"Farine de moutarde jaune - Historische Wasserm\u00fchle Birgel","isPartOf":{"@id":"https:\/\/www.muehlebirgel.de\/fr\/#website"},"primaryImageOfPage":{"@id":"https:\/\/www.muehlebirgel.de\/fr\/shop\/farine-de-moutarde-jaune\/#primaryimage"},"image":{"@id":"https:\/\/www.muehlebirgel.de\/fr\/shop\/farine-de-moutarde-jaune\/#primaryimage"},"thumbnailUrl":"https:\/\/www.muehlebirgel.de\/wp-content\/uploads\/2020\/01\/GelbesSenfmehl.png","datePublished":"2020-01-24T09:38:33+00:00","dateModified":"2026-05-07T15:49:29+00:00","description":"Notre farine de moutarde jaune se caract\u00e9rise par son go\u00fbt naturellement piquant et est un agent aromatisant id\u00e9al pour toutes sortes de plats.","breadcrumb":{"@id":"https:\/\/www.muehlebirgel.de\/fr\/shop\/farine-de-moutarde-jaune\/#breadcrumb"},"inLanguage":"fr-FR","potentialAction":[{"@type":"ReadAction","target":["https:\/\/www.muehlebirgel.de\/fr\/shop\/farine-de-moutarde-jaune\/"]}]},{"@type":"ImageObject","inLanguage":"fr-FR","@id":"https:\/\/www.muehlebirgel.de\/fr\/shop\/farine-de-moutarde-jaune\/#primaryimage","url":"https:\/\/www.muehlebirgel.de\/wp-content\/uploads\/2020\/01\/GelbesSenfmehl.png","contentUrl":"https:\/\/www.muehlebirgel.de\/wp-content\/uploads\/2020\/01\/GelbesSenfmehl.png","width":1400,"height":2100},{"@type":"BreadcrumbList","@id":"https:\/\/www.muehlebirgel.de\/fr\/shop\/farine-de-moutarde-jaune\/#breadcrumb","itemListElement":[{"@type":"ListItem","position":1,"name":"Startseite","item":"https:\/\/www.muehlebirgel.de\/fr\/startseite\/"},{"@type":"ListItem","position":2,"name":"magasin en ligne","item":"https:\/\/www.muehlebirgel.de\/fr\/boutique\/"},{"@type":"ListItem","position":3,"name":"Farine de moutarde","item":"https:\/\/www.muehlebirgel.de\/fr\/shop\/farine-de-moutarde\/"},{"@type":"ListItem","position":4,"name":"Farine de moutarde jaune"}]},{"@type":"WebSite","@id":"https:\/\/www.muehlebirgel.de\/fr\/#website","url":"https:\/\/www.muehlebirgel.de\/fr\/","name":"Historische Wasserm\u00fchle Birgel","description":"Willkommen im M\u00fchlen-Erlebniszentrum","publisher":{"@id":"https:\/\/www.muehlebirgel.de\/fr\/#organization"},"potentialAction":[{"@type":"SearchAction","target":{"@type":"EntryPoint","urlTemplate":"https:\/\/www.muehlebirgel.de\/fr\/?s={search_term_string}"},"query-input":{"@type":"PropertyValueSpecification","valueRequired":true,"valueName":"search_term_string"}}],"inLanguage":"fr-FR"},{"@type":"Organization","@id":"https:\/\/www.muehlebirgel.de\/fr\/#organization","name":"Historische Wasserm\u00fchle Birgel","url":"https:\/\/www.muehlebirgel.de\/fr\/","logo":{"@type":"ImageObject","inLanguage":"fr-FR","@id":"https:\/\/www.muehlebirgel.de\/fr\/#\/schema\/logo\/image\/","url":"https:\/\/www.muehlebirgel.de\/wp-content\/uploads\/logo-muehle-schwarz.webp","contentUrl":"https:\/\/www.muehlebirgel.de\/wp-content\/uploads\/logo-muehle-schwarz.webp","width":2140,"height":1803,"caption":"Historische Wasserm\u00fchle Birgel"},"image":{"@id":"https:\/\/www.muehlebirgel.de\/fr\/#\/schema\/logo\/image\/"}}]}},"_links":{"self":[{"href":"https:\/\/www.muehlebirgel.de\/fr\/wp-json\/wp\/v2\/product\/10186","targetHints":{"allow":["GET"]}}],"collection":[{"href":"https:\/\/www.muehlebirgel.de\/fr\/wp-json\/wp\/v2\/product"}],"about":[{"href":"https:\/\/www.muehlebirgel.de\/fr\/wp-json\/wp\/v2\/types\/product"}],"version-history":[{"count":1,"href":"https:\/\/www.muehlebirgel.de\/fr\/wp-json\/wp\/v2\/product\/10186\/revisions"}],"predecessor-version":[{"id":68689,"href":"https:\/\/www.muehlebirgel.de\/fr\/wp-json\/wp\/v2\/product\/10186\/revisions\/68689"}],"wp:featuredmedia":[{"embeddable":true,"href":"https:\/\/www.muehlebirgel.de\/fr\/wp-json\/wp\/v2\/media\/9535"}],"wp:attachment":[{"href":"https:\/\/www.muehlebirgel.de\/fr\/wp-json\/wp\/v2\/media?parent=10186"}],"wp:term":[{"taxonomy":"product_brand","embeddable":true,"href":"https:\/\/www.muehlebirgel.de\/fr\/wp-json\/wp\/v2\/product_brand?post=10186"},{"taxonomy":"product_cat","embeddable":true,"href":"https:\/\/www.muehlebirgel.de\/fr\/wp-json\/wp\/v2\/product_cat?post=10186"},{"taxonomy":"product_tag","embeddable":true,"href":"https:\/\/www.muehlebirgel.de\/fr\/wp-json\/wp\/v2\/product_tag?post=10186"}],"curies":[{"name":"wp","href":"https:\/\/api.w.org\/{rel}","templated":true}]}}