{"id":10195,"date":"2020-01-21T18:43:54","date_gmt":"2021-12-10T15:11:07","guid":{"rendered":"https:\/\/www.muehlebirgel.de\/shop\/esprit-de-framboise\/"},"modified":"2025-07-02T22:06:37","modified_gmt":"2025-07-02T20:06:37","slug":"esprit-framboise","status":"publish","type":"product","link":"https:\/\/www.muehlebirgel.de\/fr\/shop\/esprit-de-framboise","title":{"rendered":"Esprit de framboise"},"content":{"rendered":"<h2>Esprit de framboise de l&rsquo;Eifel<\/h2>\n<p>Notre alcool de framboise titrant 43% vol., s\u00e9duit par son odeur extraordinairement aromatique et son go\u00fbt intens\u00e9ment fruit\u00e9, qui s&rsquo;\u00e9tend du nez au palais. Comme les framboises sont tr\u00e8s difficiles \u00e0 fermenter et produisent peu d&rsquo;alcool, elles sont g\u00e9n\u00e9ralement transform\u00e9es en spiritueux. Pour notre alcool de fruits, nous n&rsquo;utilisons que les meilleures baies pour la mac\u00e9ration et la distillation. Le m\u00e9lange de framboises et d&rsquo;alcool reste alors intact pendant plusieurs semaines. De cette fa\u00e7on, l&rsquo;odeur et le go\u00fbt sont parfaitement transf\u00e9r\u00e9s \u00e0 l&rsquo;alcool et sont pr\u00eats \u00e0 \u00eatre consomm\u00e9s.<\/p>\n<h2>Comment appr\u00e9ciez-vous le cognac?<\/h2>\n<p><strong> <\/strong>L&rsquo;alcool de fruit se d\u00e9guste mieux \u00e0 temp\u00e9rature ambiante ou lentement et fra\u00eechement \u00e0 une temp\u00e9rature de 12-13 degr\u00e9s. Il est \u00e9galement d\u00e9licieux dans les boissons m\u00e9lang\u00e9es, les cocktails et avec le lait de poule. Le soir ou le midi, il adoucit la journ\u00e9e aussi bien en ap\u00e9ritif qu&rsquo;en digestif.<\/p>\n","protected":false},"excerpt":{"rendered":"<p><strong>Degr\u00e9 d&rsquo;alcool : 43% vol<\/strong><\/p>\n<p>exceptionnellement aromatique &amp; intens\u00e9ment fruit\u00e9<\/p>\n","protected":false},"featured_media":9568,"template":"","meta":[],"product_brand":[],"product_cat":[88],"product_tag":[],"class_list":{"0":"post-10195","1":"product","2":"type-product","3":"status-publish","4":"has-post-thumbnail","6":"product_cat-eaux-de-vie","7":"product_shipping_class-expedition-assuree","9":"first","10":"outofstock","11":"taxable","12":"shipping-taxable","13":"purchasable","14":"product-type-variable","15":"has-default-attributes"},"yoast_head":"<!-- This site is optimized with the Yoast SEO plugin v27.2 - https:\/\/yoast.com\/product\/yoast-seo-wordpress\/ -->\n<title>Esprit de framboise - Historische Wasserm\u00fchle Birgel<\/title>\n<meta name=\"description\" content=\"Notre alcool de framboise s\u00e9duit par son odeur aromatique et son go\u00fbt intens\u00e9ment fruit\u00e9, qui s&#039;\u00e9tend du nez au palais.\" \/>\n<meta name=\"robots\" content=\"index, follow, max-snippet:-1, max-image-preview:large, max-video-preview:-1\" \/>\n<link rel=\"canonical\" href=\"https:\/\/www.muehlebirgel.de\/fr\/shop\/esprit-de-framboise\" \/>\n<meta property=\"og:locale\" content=\"fr_FR\" \/>\n<meta property=\"og:type\" content=\"article\" \/>\n<meta property=\"og:title\" content=\"Esprit de framboise - Historische Wasserm\u00fchle Birgel\" \/>\n<meta property=\"og:description\" content=\"Notre alcool de framboise s\u00e9duit par son odeur aromatique et son go\u00fbt intens\u00e9ment fruit\u00e9, qui s&#039;\u00e9tend du nez au palais.\" \/>\n<meta property=\"og:url\" content=\"https:\/\/www.muehlebirgel.de\/fr\/shop\/esprit-de-framboise\/\" \/>\n<meta property=\"og:site_name\" content=\"Historische Wasserm\u00fchle Birgel\" \/>\n<meta property=\"article:modified_time\" content=\"2025-07-02T20:06:37+00:00\" \/>\n<meta property=\"og:image\" content=\"https:\/\/www.muehlebirgel.de\/wp-content\/uploads\/2019\/12\/Himbeergeist-05l.png\" \/>\n\t<meta property=\"og:image:width\" content=\"1400\" \/>\n\t<meta property=\"og:image:height\" content=\"2100\" \/>\n\t<meta property=\"og:image:type\" content=\"image\/png\" \/>\n<meta name=\"twitter:card\" content=\"summary_large_image\" \/>\n<meta name=\"twitter:label1\" content=\"Dur\u00e9e de lecture estim\u00e9e\" \/>\n\t<meta name=\"twitter:data1\" content=\"1 minute\" \/>\n<script type=\"application\/ld+json\" class=\"yoast-schema-graph\">{\"@context\":\"https:\/\/schema.org\",\"@graph\":[{\"@type\":\"WebPage\",\"@id\":\"https:\/\/www.muehlebirgel.de\/fr\/shop\/esprit-de-framboise\",\"url\":\"https:\/\/www.muehlebirgel.de\/fr\/shop\/esprit-de-framboise\",\"name\":\"Esprit de framboise - Historische Wasserm\u00fchle Birgel\",\"isPartOf\":{\"@id\":\"https:\/\/www.muehlebirgel.de\/fr\/#website\"},\"primaryImageOfPage\":{\"@id\":\"https:\/\/www.muehlebirgel.de\/fr\/shop\/esprit-de-framboise#primaryimage\"},\"image\":{\"@id\":\"https:\/\/www.muehlebirgel.de\/fr\/shop\/esprit-de-framboise#primaryimage\"},\"thumbnailUrl\":\"https:\/\/www.muehlebirgel.de\/wp-content\/uploads\/2019\/12\/Himbeergeist-05l.png\",\"datePublished\":\"2021-12-10T15:11:07+00:00\",\"dateModified\":\"2025-07-02T20:06:37+00:00\",\"description\":\"Notre alcool de framboise s\u00e9duit par son odeur aromatique et son go\u00fbt intens\u00e9ment fruit\u00e9, qui s'\u00e9tend du nez au palais.\",\"breadcrumb\":{\"@id\":\"https:\/\/www.muehlebirgel.de\/fr\/shop\/esprit-de-framboise#breadcrumb\"},\"inLanguage\":\"fr-FR\",\"potentialAction\":[{\"@type\":\"ReadAction\",\"target\":[\"https:\/\/www.muehlebirgel.de\/fr\/shop\/esprit-de-framboise\"]}]},{\"@type\":\"ImageObject\",\"inLanguage\":\"fr-FR\",\"@id\":\"https:\/\/www.muehlebirgel.de\/fr\/shop\/esprit-de-framboise#primaryimage\",\"url\":\"https:\/\/www.muehlebirgel.de\/wp-content\/uploads\/2019\/12\/Himbeergeist-05l.png\",\"contentUrl\":\"https:\/\/www.muehlebirgel.de\/wp-content\/uploads\/2019\/12\/Himbeergeist-05l.png\",\"width\":1400,\"height\":2100},{\"@type\":\"BreadcrumbList\",\"@id\":\"https:\/\/www.muehlebirgel.de\/fr\/shop\/esprit-de-framboise#breadcrumb\",\"itemListElement\":[{\"@type\":\"ListItem\",\"position\":1,\"name\":\"Startseite\",\"item\":\"https:\/\/www.muehlebirgel.de\/fr\"},{\"@type\":\"ListItem\",\"position\":2,\"name\":\"Produits\",\"item\":\"https:\/\/www.muehlebirgel.de\/fr\/shop\"},{\"@type\":\"ListItem\",\"position\":3,\"name\":\"Esprit de framboise\"}]},{\"@type\":\"WebSite\",\"@id\":\"https:\/\/www.muehlebirgel.de\/fr\/#website\",\"url\":\"https:\/\/www.muehlebirgel.de\/fr\/\",\"name\":\"Historische Wasserm\u00fchle Birgel\",\"description\":\"Willkommen im M\u00fchlen-Erlebniszentrum\",\"potentialAction\":[{\"@type\":\"SearchAction\",\"target\":{\"@type\":\"EntryPoint\",\"urlTemplate\":\"https:\/\/www.muehlebirgel.de\/fr\/?s={search_term_string}\"},\"query-input\":{\"@type\":\"PropertyValueSpecification\",\"valueRequired\":true,\"valueName\":\"search_term_string\"}}],\"inLanguage\":\"fr-FR\"}]}<\/script>\n<!-- \/ Yoast SEO plugin. -->","yoast_head_json":{"title":"Esprit de framboise - Historische Wasserm\u00fchle Birgel","description":"Notre alcool de framboise s\u00e9duit par son odeur aromatique et son go\u00fbt intens\u00e9ment fruit\u00e9, qui s'\u00e9tend du nez au palais.","robots":{"index":"index","follow":"follow","max-snippet":"max-snippet:-1","max-image-preview":"max-image-preview:large","max-video-preview":"max-video-preview:-1"},"canonical":"https:\/\/www.muehlebirgel.de\/fr\/shop\/esprit-de-framboise","og_locale":"fr_FR","og_type":"article","og_title":"Esprit de framboise - Historische Wasserm\u00fchle Birgel","og_description":"Notre alcool de framboise s\u00e9duit par son odeur aromatique et son go\u00fbt intens\u00e9ment fruit\u00e9, qui s'\u00e9tend du nez au palais.","og_url":"https:\/\/www.muehlebirgel.de\/fr\/shop\/esprit-de-framboise\/","og_site_name":"Historische Wasserm\u00fchle Birgel","article_modified_time":"2025-07-02T20:06:37+00:00","og_image":[{"width":1400,"height":2100,"url":"https:\/\/www.muehlebirgel.de\/wp-content\/uploads\/2019\/12\/Himbeergeist-05l.png","type":"image\/png"}],"twitter_card":"summary_large_image","twitter_misc":{"Dur\u00e9e de lecture estim\u00e9e":"1 minute"},"schema":{"@context":"https:\/\/schema.org","@graph":[{"@type":"WebPage","@id":"https:\/\/www.muehlebirgel.de\/fr\/shop\/esprit-de-framboise","url":"https:\/\/www.muehlebirgel.de\/fr\/shop\/esprit-de-framboise","name":"Esprit de framboise - Historische Wasserm\u00fchle Birgel","isPartOf":{"@id":"https:\/\/www.muehlebirgel.de\/fr\/#website"},"primaryImageOfPage":{"@id":"https:\/\/www.muehlebirgel.de\/fr\/shop\/esprit-de-framboise#primaryimage"},"image":{"@id":"https:\/\/www.muehlebirgel.de\/fr\/shop\/esprit-de-framboise#primaryimage"},"thumbnailUrl":"https:\/\/www.muehlebirgel.de\/wp-content\/uploads\/2019\/12\/Himbeergeist-05l.png","datePublished":"2021-12-10T15:11:07+00:00","dateModified":"2025-07-02T20:06:37+00:00","description":"Notre alcool de framboise s\u00e9duit par son odeur aromatique et son go\u00fbt intens\u00e9ment fruit\u00e9, qui s'\u00e9tend du nez au palais.","breadcrumb":{"@id":"https:\/\/www.muehlebirgel.de\/fr\/shop\/esprit-de-framboise#breadcrumb"},"inLanguage":"fr-FR","potentialAction":[{"@type":"ReadAction","target":["https:\/\/www.muehlebirgel.de\/fr\/shop\/esprit-de-framboise"]}]},{"@type":"ImageObject","inLanguage":"fr-FR","@id":"https:\/\/www.muehlebirgel.de\/fr\/shop\/esprit-de-framboise#primaryimage","url":"https:\/\/www.muehlebirgel.de\/wp-content\/uploads\/2019\/12\/Himbeergeist-05l.png","contentUrl":"https:\/\/www.muehlebirgel.de\/wp-content\/uploads\/2019\/12\/Himbeergeist-05l.png","width":1400,"height":2100},{"@type":"BreadcrumbList","@id":"https:\/\/www.muehlebirgel.de\/fr\/shop\/esprit-de-framboise#breadcrumb","itemListElement":[{"@type":"ListItem","position":1,"name":"Startseite","item":"https:\/\/www.muehlebirgel.de\/fr"},{"@type":"ListItem","position":2,"name":"Produits","item":"https:\/\/www.muehlebirgel.de\/fr\/shop"},{"@type":"ListItem","position":3,"name":"Esprit de framboise"}]},{"@type":"WebSite","@id":"https:\/\/www.muehlebirgel.de\/fr\/#website","url":"https:\/\/www.muehlebirgel.de\/fr\/","name":"Historische Wasserm\u00fchle Birgel","description":"Willkommen im M\u00fchlen-Erlebniszentrum","potentialAction":[{"@type":"SearchAction","target":{"@type":"EntryPoint","urlTemplate":"https:\/\/www.muehlebirgel.de\/fr\/?s={search_term_string}"},"query-input":{"@type":"PropertyValueSpecification","valueRequired":true,"valueName":"search_term_string"}}],"inLanguage":"fr-FR"}]}},"_links":{"self":[{"href":"https:\/\/www.muehlebirgel.de\/fr\/wp-json\/wp\/v2\/product\/10195","targetHints":{"allow":["GET"]}}],"collection":[{"href":"https:\/\/www.muehlebirgel.de\/fr\/wp-json\/wp\/v2\/product"}],"about":[{"href":"https:\/\/www.muehlebirgel.de\/fr\/wp-json\/wp\/v2\/types\/product"}],"wp:featuredmedia":[{"embeddable":true,"href":"https:\/\/www.muehlebirgel.de\/fr\/wp-json\/wp\/v2\/media\/9568"}],"wp:attachment":[{"href":"https:\/\/www.muehlebirgel.de\/fr\/wp-json\/wp\/v2\/media?parent=10195"}],"wp:term":[{"taxonomy":"product_brand","embeddable":true,"href":"https:\/\/www.muehlebirgel.de\/fr\/wp-json\/wp\/v2\/product_brand?post=10195"},{"taxonomy":"product_cat","embeddable":true,"href":"https:\/\/www.muehlebirgel.de\/fr\/wp-json\/wp\/v2\/product_cat?post=10195"},{"taxonomy":"product_tag","embeddable":true,"href":"https:\/\/www.muehlebirgel.de\/fr\/wp-json\/wp\/v2\/product_tag?post=10195"}],"curies":[{"name":"wp","href":"https:\/\/api.w.org\/{rel}","templated":true}]}}