{"id":10207,"date":"2019-12-19T16:16:33","date_gmt":"2019-12-19T16:16:33","guid":{"rendered":"https:\/\/www.muehlebirgel.de\/shop\/confiture-framboise-fraise\/"},"modified":"2026-05-07T17:36:28","modified_gmt":"2026-05-07T15:36:28","slug":"confiture-framboise-fraise","status":"publish","type":"product","link":"https:\/\/www.muehlebirgel.de\/fr\/shop\/confiture-framboise-fraise\/","title":{"rendered":"Confiture framboise-fraise"},"content":{"rendered":"<h2>Confiture de framboises et fraises de l&rsquo;Eifel<\/h2>\n<p>Notre confiture de framboises-fraises maison bas\u00e9e sur notre propre recette a non seulement un go\u00fbt particuli\u00e8rement naturel et frais avec une teneur en fruits de plus de 50 %, mais est \u00e9galement l&rsquo;un des leaders sur le march\u00e9 en mati\u00e8re de confitures \u00e0 faible teneur en sucre ajout\u00e9. Le traitement en douceur des framboises et fraises douces et douces de la r\u00e9gion de l&rsquo;Eifel font de cette confiture un plaisir incomparable.<\/p>\n<h2>C&rsquo;est ainsi que la confiture a un go\u00fbt particuli\u00e8rement bon<\/h2>\n<p>La cr\u00e9ation de baies sucr\u00e9es d\u00e9ploie ses ar\u00f4mes au mieux sur du pain de toute forme et de tout type. C&rsquo;est un d\u00e9licieux compagnon pour le petit-d\u00e9jeuner, ainsi que des produits de boulangerie sucr\u00e9s ainsi que du caf\u00e9 et des g\u00e2teaux classiques. Mais il a aussi bon go\u00fbt sous forme de smoothie fortifiant, au mixeur ou au Thermomix.<\/p>\n","protected":false},"excerpt":{"rendered":"<p>plus de 50 % de fruits, fabriqu\u00e9 \u00e0 partir de baies de la r\u00e9gion<br \/>\nLivr\u00e9 en pot de 225g<\/p>\n","protected":false},"featured_media":9448,"template":"","meta":[],"product_brand":[],"product_cat":[113],"product_tag":[],"class_list":{"0":"post-10207","1":"product","2":"type-product","3":"status-publish","4":"has-post-thumbnail","6":"product_cat-confiture","7":"product_shipping_class-expedition-assuree","9":"first","10":"instock","11":"taxable","12":"shipping-taxable","13":"purchasable","14":"product-type-simple"},"yoast_head":"<!-- This site is optimized with the Yoast SEO plugin v27.5 - https:\/\/yoast.com\/product\/yoast-seo-wordpress\/ -->\n<title>Confiture framboise-fraise - Historische Wasserm\u00fchle Birgel<\/title>\n<meta name=\"description\" content=\"fait maison selon la recette maison du moulin, avec une teneur en fruits de plus de 50% et un sucre ajout\u00e9 particuli\u00e8rement faible.\" \/>\n<meta name=\"robots\" content=\"noindex, follow, max-snippet:-1, max-image-preview:large, max-video-preview:-1\" \/>\n<meta property=\"og:locale\" content=\"fr_FR\" \/>\n<meta property=\"og:type\" content=\"article\" \/>\n<meta property=\"og:title\" content=\"Confiture framboise-fraise - Historische Wasserm\u00fchle Birgel\" \/>\n<meta property=\"og:description\" content=\"fait maison selon la recette maison du moulin, avec une teneur en fruits de plus de 50% et un sucre ajout\u00e9 particuli\u00e8rement faible.\" \/>\n<meta property=\"og:url\" content=\"https:\/\/www.muehlebirgel.de\/fr\/shop\/confiture-framboise-fraise\/\" \/>\n<meta property=\"og:site_name\" content=\"Historische Wasserm\u00fchle Birgel\" \/>\n<meta property=\"article:modified_time\" content=\"2026-05-07T15:36:28+00:00\" \/>\n<meta property=\"og:image\" content=\"https:\/\/www.muehlebirgel.de\/wp-content\/uploads\/2020\/01\/HE01-Himbeer-Erdbeer-Fruchtaufstrisch.png\" \/>\n\t<meta property=\"og:image:width\" content=\"1400\" \/>\n\t<meta property=\"og:image:height\" content=\"2101\" \/>\n\t<meta property=\"og:image:type\" content=\"image\/png\" \/>\n<meta name=\"twitter:card\" content=\"summary_large_image\" \/>\n<meta name=\"twitter:label1\" content=\"Dur\u00e9e de lecture estim\u00e9e\" \/>\n\t<meta name=\"twitter:data1\" content=\"1 minute\" \/>\n<script type=\"application\/ld+json\" class=\"yoast-schema-graph\">{\"@context\":\"https:\\\/\\\/schema.org\",\"@graph\":[{\"@type\":\"WebPage\",\"@id\":\"https:\\\/\\\/www.muehlebirgel.de\\\/fr\\\/shop\\\/confiture-framboise-fraise\\\/\",\"url\":\"https:\\\/\\\/www.muehlebirgel.de\\\/fr\\\/shop\\\/confiture-framboise-fraise\\\/\",\"name\":\"Confiture framboise-fraise - Historische Wasserm\u00fchle Birgel\",\"isPartOf\":{\"@id\":\"https:\\\/\\\/www.muehlebirgel.de\\\/fr\\\/#website\"},\"primaryImageOfPage\":{\"@id\":\"https:\\\/\\\/www.muehlebirgel.de\\\/fr\\\/shop\\\/confiture-framboise-fraise\\\/#primaryimage\"},\"image\":{\"@id\":\"https:\\\/\\\/www.muehlebirgel.de\\\/fr\\\/shop\\\/confiture-framboise-fraise\\\/#primaryimage\"},\"thumbnailUrl\":\"https:\\\/\\\/www.muehlebirgel.de\\\/wp-content\\\/uploads\\\/2020\\\/01\\\/HE01-Himbeer-Erdbeer-Fruchtaufstrisch.png\",\"datePublished\":\"2019-12-19T16:16:33+00:00\",\"dateModified\":\"2026-05-07T15:36:28+00:00\",\"description\":\"fait maison selon la recette maison du moulin, avec une teneur en fruits de plus de 50% et un sucre ajout\u00e9 particuli\u00e8rement faible.\",\"breadcrumb\":{\"@id\":\"https:\\\/\\\/www.muehlebirgel.de\\\/fr\\\/shop\\\/confiture-framboise-fraise\\\/#breadcrumb\"},\"inLanguage\":\"fr-FR\",\"potentialAction\":[{\"@type\":\"ReadAction\",\"target\":[\"https:\\\/\\\/www.muehlebirgel.de\\\/fr\\\/shop\\\/confiture-framboise-fraise\\\/\"]}]},{\"@type\":\"ImageObject\",\"inLanguage\":\"fr-FR\",\"@id\":\"https:\\\/\\\/www.muehlebirgel.de\\\/fr\\\/shop\\\/confiture-framboise-fraise\\\/#primaryimage\",\"url\":\"https:\\\/\\\/www.muehlebirgel.de\\\/wp-content\\\/uploads\\\/2020\\\/01\\\/HE01-Himbeer-Erdbeer-Fruchtaufstrisch.png\",\"contentUrl\":\"https:\\\/\\\/www.muehlebirgel.de\\\/wp-content\\\/uploads\\\/2020\\\/01\\\/HE01-Himbeer-Erdbeer-Fruchtaufstrisch.png\",\"width\":1400,\"height\":2101},{\"@type\":\"BreadcrumbList\",\"@id\":\"https:\\\/\\\/www.muehlebirgel.de\\\/fr\\\/shop\\\/confiture-framboise-fraise\\\/#breadcrumb\",\"itemListElement\":[{\"@type\":\"ListItem\",\"position\":1,\"name\":\"Startseite\",\"item\":\"https:\\\/\\\/www.muehlebirgel.de\\\/fr\\\/startseite\\\/\"},{\"@type\":\"ListItem\",\"position\":2,\"name\":\"magasin en ligne\",\"item\":\"https:\\\/\\\/www.muehlebirgel.de\\\/fr\\\/boutique\\\/\"},{\"@type\":\"ListItem\",\"position\":3,\"name\":\"Confiture\",\"item\":\"https:\\\/\\\/www.muehlebirgel.de\\\/fr\\\/shop\\\/confiture\\\/\"},{\"@type\":\"ListItem\",\"position\":4,\"name\":\"Confiture framboise-fraise\"}]},{\"@type\":\"WebSite\",\"@id\":\"https:\\\/\\\/www.muehlebirgel.de\\\/fr\\\/#website\",\"url\":\"https:\\\/\\\/www.muehlebirgel.de\\\/fr\\\/\",\"name\":\"Historische Wasserm\u00fchle Birgel\",\"description\":\"Willkommen im M\u00fchlen-Erlebniszentrum\",\"publisher\":{\"@id\":\"https:\\\/\\\/www.muehlebirgel.de\\\/fr\\\/#organization\"},\"potentialAction\":[{\"@type\":\"SearchAction\",\"target\":{\"@type\":\"EntryPoint\",\"urlTemplate\":\"https:\\\/\\\/www.muehlebirgel.de\\\/fr\\\/?s={search_term_string}\"},\"query-input\":{\"@type\":\"PropertyValueSpecification\",\"valueRequired\":true,\"valueName\":\"search_term_string\"}}],\"inLanguage\":\"fr-FR\"},{\"@type\":\"Organization\",\"@id\":\"https:\\\/\\\/www.muehlebirgel.de\\\/fr\\\/#organization\",\"name\":\"Historische Wasserm\u00fchle Birgel\",\"url\":\"https:\\\/\\\/www.muehlebirgel.de\\\/fr\\\/\",\"logo\":{\"@type\":\"ImageObject\",\"inLanguage\":\"fr-FR\",\"@id\":\"https:\\\/\\\/www.muehlebirgel.de\\\/fr\\\/#\\\/schema\\\/logo\\\/image\\\/\",\"url\":\"https:\\\/\\\/www.muehlebirgel.de\\\/wp-content\\\/uploads\\\/logo-muehle-schwarz.webp\",\"contentUrl\":\"https:\\\/\\\/www.muehlebirgel.de\\\/wp-content\\\/uploads\\\/logo-muehle-schwarz.webp\",\"width\":2140,\"height\":1803,\"caption\":\"Historische Wasserm\u00fchle Birgel\"},\"image\":{\"@id\":\"https:\\\/\\\/www.muehlebirgel.de\\\/fr\\\/#\\\/schema\\\/logo\\\/image\\\/\"}}]}<\/script>\n<!-- \/ Yoast SEO plugin. -->","yoast_head_json":{"title":"Confiture framboise-fraise - Historische Wasserm\u00fchle Birgel","description":"fait maison selon la recette maison du moulin, avec une teneur en fruits de plus de 50% et un sucre ajout\u00e9 particuli\u00e8rement faible.","robots":{"index":"noindex","follow":"follow","max-snippet":"max-snippet:-1","max-image-preview":"max-image-preview:large","max-video-preview":"max-video-preview:-1"},"og_locale":"fr_FR","og_type":"article","og_title":"Confiture framboise-fraise - Historische Wasserm\u00fchle Birgel","og_description":"fait maison selon la recette maison du moulin, avec une teneur en fruits de plus de 50% et un sucre ajout\u00e9 particuli\u00e8rement faible.","og_url":"https:\/\/www.muehlebirgel.de\/fr\/shop\/confiture-framboise-fraise\/","og_site_name":"Historische Wasserm\u00fchle Birgel","article_modified_time":"2026-05-07T15:36:28+00:00","og_image":[{"width":1400,"height":2101,"url":"https:\/\/www.muehlebirgel.de\/wp-content\/uploads\/2020\/01\/HE01-Himbeer-Erdbeer-Fruchtaufstrisch.png","type":"image\/png"}],"twitter_card":"summary_large_image","twitter_misc":{"Dur\u00e9e de lecture estim\u00e9e":"1 minute"},"schema":{"@context":"https:\/\/schema.org","@graph":[{"@type":"WebPage","@id":"https:\/\/www.muehlebirgel.de\/fr\/shop\/confiture-framboise-fraise\/","url":"https:\/\/www.muehlebirgel.de\/fr\/shop\/confiture-framboise-fraise\/","name":"Confiture framboise-fraise - Historische Wasserm\u00fchle Birgel","isPartOf":{"@id":"https:\/\/www.muehlebirgel.de\/fr\/#website"},"primaryImageOfPage":{"@id":"https:\/\/www.muehlebirgel.de\/fr\/shop\/confiture-framboise-fraise\/#primaryimage"},"image":{"@id":"https:\/\/www.muehlebirgel.de\/fr\/shop\/confiture-framboise-fraise\/#primaryimage"},"thumbnailUrl":"https:\/\/www.muehlebirgel.de\/wp-content\/uploads\/2020\/01\/HE01-Himbeer-Erdbeer-Fruchtaufstrisch.png","datePublished":"2019-12-19T16:16:33+00:00","dateModified":"2026-05-07T15:36:28+00:00","description":"fait maison selon la recette maison du moulin, avec une teneur en fruits de plus de 50% et un sucre ajout\u00e9 particuli\u00e8rement faible.","breadcrumb":{"@id":"https:\/\/www.muehlebirgel.de\/fr\/shop\/confiture-framboise-fraise\/#breadcrumb"},"inLanguage":"fr-FR","potentialAction":[{"@type":"ReadAction","target":["https:\/\/www.muehlebirgel.de\/fr\/shop\/confiture-framboise-fraise\/"]}]},{"@type":"ImageObject","inLanguage":"fr-FR","@id":"https:\/\/www.muehlebirgel.de\/fr\/shop\/confiture-framboise-fraise\/#primaryimage","url":"https:\/\/www.muehlebirgel.de\/wp-content\/uploads\/2020\/01\/HE01-Himbeer-Erdbeer-Fruchtaufstrisch.png","contentUrl":"https:\/\/www.muehlebirgel.de\/wp-content\/uploads\/2020\/01\/HE01-Himbeer-Erdbeer-Fruchtaufstrisch.png","width":1400,"height":2101},{"@type":"BreadcrumbList","@id":"https:\/\/www.muehlebirgel.de\/fr\/shop\/confiture-framboise-fraise\/#breadcrumb","itemListElement":[{"@type":"ListItem","position":1,"name":"Startseite","item":"https:\/\/www.muehlebirgel.de\/fr\/startseite\/"},{"@type":"ListItem","position":2,"name":"magasin en ligne","item":"https:\/\/www.muehlebirgel.de\/fr\/boutique\/"},{"@type":"ListItem","position":3,"name":"Confiture","item":"https:\/\/www.muehlebirgel.de\/fr\/shop\/confiture\/"},{"@type":"ListItem","position":4,"name":"Confiture framboise-fraise"}]},{"@type":"WebSite","@id":"https:\/\/www.muehlebirgel.de\/fr\/#website","url":"https:\/\/www.muehlebirgel.de\/fr\/","name":"Historische Wasserm\u00fchle Birgel","description":"Willkommen im M\u00fchlen-Erlebniszentrum","publisher":{"@id":"https:\/\/www.muehlebirgel.de\/fr\/#organization"},"potentialAction":[{"@type":"SearchAction","target":{"@type":"EntryPoint","urlTemplate":"https:\/\/www.muehlebirgel.de\/fr\/?s={search_term_string}"},"query-input":{"@type":"PropertyValueSpecification","valueRequired":true,"valueName":"search_term_string"}}],"inLanguage":"fr-FR"},{"@type":"Organization","@id":"https:\/\/www.muehlebirgel.de\/fr\/#organization","name":"Historische Wasserm\u00fchle Birgel","url":"https:\/\/www.muehlebirgel.de\/fr\/","logo":{"@type":"ImageObject","inLanguage":"fr-FR","@id":"https:\/\/www.muehlebirgel.de\/fr\/#\/schema\/logo\/image\/","url":"https:\/\/www.muehlebirgel.de\/wp-content\/uploads\/logo-muehle-schwarz.webp","contentUrl":"https:\/\/www.muehlebirgel.de\/wp-content\/uploads\/logo-muehle-schwarz.webp","width":2140,"height":1803,"caption":"Historische Wasserm\u00fchle Birgel"},"image":{"@id":"https:\/\/www.muehlebirgel.de\/fr\/#\/schema\/logo\/image\/"}}]}},"_links":{"self":[{"href":"https:\/\/www.muehlebirgel.de\/fr\/wp-json\/wp\/v2\/product\/10207","targetHints":{"allow":["GET"]}}],"collection":[{"href":"https:\/\/www.muehlebirgel.de\/fr\/wp-json\/wp\/v2\/product"}],"about":[{"href":"https:\/\/www.muehlebirgel.de\/fr\/wp-json\/wp\/v2\/types\/product"}],"version-history":[{"count":1,"href":"https:\/\/www.muehlebirgel.de\/fr\/wp-json\/wp\/v2\/product\/10207\/revisions"}],"predecessor-version":[{"id":68200,"href":"https:\/\/www.muehlebirgel.de\/fr\/wp-json\/wp\/v2\/product\/10207\/revisions\/68200"}],"wp:featuredmedia":[{"embeddable":true,"href":"https:\/\/www.muehlebirgel.de\/fr\/wp-json\/wp\/v2\/media\/9448"}],"wp:attachment":[{"href":"https:\/\/www.muehlebirgel.de\/fr\/wp-json\/wp\/v2\/media?parent=10207"}],"wp:term":[{"taxonomy":"product_brand","embeddable":true,"href":"https:\/\/www.muehlebirgel.de\/fr\/wp-json\/wp\/v2\/product_brand?post=10207"},{"taxonomy":"product_cat","embeddable":true,"href":"https:\/\/www.muehlebirgel.de\/fr\/wp-json\/wp\/v2\/product_cat?post=10207"},{"taxonomy":"product_tag","embeddable":true,"href":"https:\/\/www.muehlebirgel.de\/fr\/wp-json\/wp\/v2\/product_tag?post=10207"}],"curies":[{"name":"wp","href":"https:\/\/api.w.org\/{rel}","templated":true}]}}