{"id":10213,"date":"2020-01-24T09:38:33","date_gmt":"2020-01-24T09:38:33","guid":{"rendered":"https:\/\/www.muehlebirgel.de\/shop\/huile-de-graines-de-citrouille\/"},"modified":"2026-05-07T17:48:53","modified_gmt":"2026-05-07T15:48:53","slug":"kuerbiskernoel","status":"publish","type":"product","link":"https:\/\/www.muehlebirgel.de\/fr\/shop\/kuerbiskernoel\/","title":{"rendered":"Huile de p\u00e9pins de courge"},"content":{"rendered":"<p>Notre huile de p\u00e9pins de courge est une sp\u00e9cialit\u00e9 de la saison automnale, dont les couleurs orange vif correspondent au sch\u00e9ma de couleurs de la courge elle-m\u00eame. L&rsquo;huile est obtenue \u00e0 partir de p\u00e9pins de courge r\u00e9colt\u00e9s dans la r\u00e9gion et press\u00e9s \u00e0 froid dans le moulin \u00e0 huile de l&rsquo;entreprise. Cette huile verd\u00e2tre est riche en vitamine E et peut \u00eatre utilis\u00e9e pour agr\u00e9menter de nombreux plats gr\u00e2ce \u00e0 son go\u00fbt de graine tr\u00e8s prononc\u00e9. <\/p>\n<h2>Huile de p\u00e9pins de courge dans les plats<\/h2>\n<p>Gr\u00e2ce \u00e0 son go\u00fbt de noisette, l&rsquo;huile est particuli\u00e8rement d\u00e9licieuse dans les vinaigrettes et les sauces et conf\u00e8re aux plats de pommes de terre une note automnale de r\u00eave. L&rsquo;huile est \u00e9galement tr\u00e8s utile pour la soupe de potiron classique et de nombreux autres plats \u00e0 base de potiron. Les plats simples \u00e0 base de fromage, de viande et de l\u00e9gumes deviennent un d\u00e9lice.  <\/p>\n","protected":false},"excerpt":{"rendered":"<p>press\u00e9e \u00e0 froid, riche en vitamine E et au go\u00fbt de noisette<\/p>\n","protected":false},"featured_media":9520,"template":"","meta":[],"product_brand":[],"product_cat":[119],"product_tag":[],"class_list":{"0":"post-10213","1":"product","2":"type-product","3":"status-publish","4":"has-post-thumbnail","6":"product_cat-huile-de-cuisson","7":"product_shipping_class-expedition-assuree","9":"first","10":"instock","11":"taxable","12":"shipping-taxable","13":"purchasable","14":"product-type-simple"},"yoast_head":"<!-- This site is optimized with the Yoast SEO plugin v27.5 - https:\/\/yoast.com\/product\/yoast-seo-wordpress\/ -->\n<title>Huile de p\u00e9pins de courge %%page% acheter en ligne- Historische Wasserm\u00fchle Birgel<\/title>\n<meta name=\"description\" content=\"Notre huile riche en vitamine E est obtenue \u00e0 partir de graines de courge r\u00e9colt\u00e9es dans la r\u00e9gion et press\u00e9es \u00e0 froid dans notre propre moulin \u00e0 huile.\" \/>\n<meta name=\"robots\" content=\"noindex, follow, max-snippet:-1, max-image-preview:large, max-video-preview:-1\" \/>\n<meta property=\"og:locale\" content=\"fr_FR\" \/>\n<meta property=\"og:type\" content=\"article\" \/>\n<meta property=\"og:title\" content=\"Huile de p\u00e9pins de courge %%page% acheter en ligne- Historische Wasserm\u00fchle Birgel\" \/>\n<meta property=\"og:description\" content=\"Notre huile riche en vitamine E est obtenue \u00e0 partir de graines de courge r\u00e9colt\u00e9es dans la r\u00e9gion et press\u00e9es \u00e0 froid dans notre propre moulin \u00e0 huile.\" \/>\n<meta property=\"og:url\" content=\"https:\/\/www.muehlebirgel.de\/fr\/shop\/kuerbiskernoel\/\" \/>\n<meta property=\"og:site_name\" content=\"Historische Wasserm\u00fchle Birgel\" \/>\n<meta property=\"article:modified_time\" content=\"2026-05-07T15:48:53+00:00\" \/>\n<meta property=\"og:image\" content=\"https:\/\/www.muehlebirgel.de\/wp-content\/uploads\/2020\/01\/Kuerbiskernoel.png\" \/>\n\t<meta property=\"og:image:width\" content=\"1400\" \/>\n\t<meta property=\"og:image:height\" content=\"2101\" \/>\n\t<meta property=\"og:image:type\" content=\"image\/png\" \/>\n<meta name=\"twitter:card\" content=\"summary_large_image\" \/>\n<meta name=\"twitter:label1\" content=\"Dur\u00e9e de lecture estim\u00e9e\" \/>\n\t<meta name=\"twitter:data1\" content=\"1 minute\" \/>\n<script type=\"application\/ld+json\" class=\"yoast-schema-graph\">{\"@context\":\"https:\\\/\\\/schema.org\",\"@graph\":[{\"@type\":\"WebPage\",\"@id\":\"https:\\\/\\\/www.muehlebirgel.de\\\/fr\\\/shop\\\/kuerbiskernoel\\\/\",\"url\":\"https:\\\/\\\/www.muehlebirgel.de\\\/fr\\\/shop\\\/kuerbiskernoel\\\/\",\"name\":\"Huile de p\u00e9pins de courge %%page% acheter en ligne- Historische Wasserm\u00fchle Birgel\",\"isPartOf\":{\"@id\":\"https:\\\/\\\/www.muehlebirgel.de\\\/fr\\\/#website\"},\"primaryImageOfPage\":{\"@id\":\"https:\\\/\\\/www.muehlebirgel.de\\\/fr\\\/shop\\\/kuerbiskernoel\\\/#primaryimage\"},\"image\":{\"@id\":\"https:\\\/\\\/www.muehlebirgel.de\\\/fr\\\/shop\\\/kuerbiskernoel\\\/#primaryimage\"},\"thumbnailUrl\":\"https:\\\/\\\/www.muehlebirgel.de\\\/wp-content\\\/uploads\\\/2020\\\/01\\\/Kuerbiskernoel.png\",\"datePublished\":\"2020-01-24T09:38:33+00:00\",\"dateModified\":\"2026-05-07T15:48:53+00:00\",\"description\":\"Notre huile riche en vitamine E est obtenue \u00e0 partir de graines de courge r\u00e9colt\u00e9es dans la r\u00e9gion et press\u00e9es \u00e0 froid dans notre propre moulin \u00e0 huile.\",\"breadcrumb\":{\"@id\":\"https:\\\/\\\/www.muehlebirgel.de\\\/fr\\\/shop\\\/kuerbiskernoel\\\/#breadcrumb\"},\"inLanguage\":\"fr-FR\",\"potentialAction\":[{\"@type\":\"ReadAction\",\"target\":[\"https:\\\/\\\/www.muehlebirgel.de\\\/fr\\\/shop\\\/kuerbiskernoel\\\/\"]}]},{\"@type\":\"ImageObject\",\"inLanguage\":\"fr-FR\",\"@id\":\"https:\\\/\\\/www.muehlebirgel.de\\\/fr\\\/shop\\\/kuerbiskernoel\\\/#primaryimage\",\"url\":\"https:\\\/\\\/www.muehlebirgel.de\\\/wp-content\\\/uploads\\\/2020\\\/01\\\/Kuerbiskernoel.png\",\"contentUrl\":\"https:\\\/\\\/www.muehlebirgel.de\\\/wp-content\\\/uploads\\\/2020\\\/01\\\/Kuerbiskernoel.png\",\"width\":1400,\"height\":2101},{\"@type\":\"BreadcrumbList\",\"@id\":\"https:\\\/\\\/www.muehlebirgel.de\\\/fr\\\/shop\\\/kuerbiskernoel\\\/#breadcrumb\",\"itemListElement\":[{\"@type\":\"ListItem\",\"position\":1,\"name\":\"Startseite\",\"item\":\"https:\\\/\\\/www.muehlebirgel.de\\\/fr\\\/startseite\\\/\"},{\"@type\":\"ListItem\",\"position\":2,\"name\":\"magasin en ligne\",\"item\":\"https:\\\/\\\/www.muehlebirgel.de\\\/fr\\\/boutique\\\/\"},{\"@type\":\"ListItem\",\"position\":3,\"name\":\"Huile de cuisson\",\"item\":\"https:\\\/\\\/www.muehlebirgel.de\\\/fr\\\/shop\\\/huile-de-cuisson\\\/\"},{\"@type\":\"ListItem\",\"position\":4,\"name\":\"Huile de p\u00e9pins de courge\"}]},{\"@type\":\"WebSite\",\"@id\":\"https:\\\/\\\/www.muehlebirgel.de\\\/fr\\\/#website\",\"url\":\"https:\\\/\\\/www.muehlebirgel.de\\\/fr\\\/\",\"name\":\"Historische Wasserm\u00fchle Birgel\",\"description\":\"Willkommen im M\u00fchlen-Erlebniszentrum\",\"publisher\":{\"@id\":\"https:\\\/\\\/www.muehlebirgel.de\\\/fr\\\/#organization\"},\"potentialAction\":[{\"@type\":\"SearchAction\",\"target\":{\"@type\":\"EntryPoint\",\"urlTemplate\":\"https:\\\/\\\/www.muehlebirgel.de\\\/fr\\\/?s={search_term_string}\"},\"query-input\":{\"@type\":\"PropertyValueSpecification\",\"valueRequired\":true,\"valueName\":\"search_term_string\"}}],\"inLanguage\":\"fr-FR\"},{\"@type\":\"Organization\",\"@id\":\"https:\\\/\\\/www.muehlebirgel.de\\\/fr\\\/#organization\",\"name\":\"Historische Wasserm\u00fchle Birgel\",\"url\":\"https:\\\/\\\/www.muehlebirgel.de\\\/fr\\\/\",\"logo\":{\"@type\":\"ImageObject\",\"inLanguage\":\"fr-FR\",\"@id\":\"https:\\\/\\\/www.muehlebirgel.de\\\/fr\\\/#\\\/schema\\\/logo\\\/image\\\/\",\"url\":\"https:\\\/\\\/www.muehlebirgel.de\\\/wp-content\\\/uploads\\\/logo-muehle-schwarz.webp\",\"contentUrl\":\"https:\\\/\\\/www.muehlebirgel.de\\\/wp-content\\\/uploads\\\/logo-muehle-schwarz.webp\",\"width\":2140,\"height\":1803,\"caption\":\"Historische Wasserm\u00fchle Birgel\"},\"image\":{\"@id\":\"https:\\\/\\\/www.muehlebirgel.de\\\/fr\\\/#\\\/schema\\\/logo\\\/image\\\/\"}}]}<\/script>\n<!-- \/ Yoast SEO plugin. -->","yoast_head_json":{"title":"Huile de p\u00e9pins de courge %%page% acheter en ligne- Historische Wasserm\u00fchle Birgel","description":"Notre huile riche en vitamine E est obtenue \u00e0 partir de graines de courge r\u00e9colt\u00e9es dans la r\u00e9gion et press\u00e9es \u00e0 froid dans notre propre moulin \u00e0 huile.","robots":{"index":"noindex","follow":"follow","max-snippet":"max-snippet:-1","max-image-preview":"max-image-preview:large","max-video-preview":"max-video-preview:-1"},"og_locale":"fr_FR","og_type":"article","og_title":"Huile de p\u00e9pins de courge %%page% acheter en ligne- Historische Wasserm\u00fchle Birgel","og_description":"Notre huile riche en vitamine E est obtenue \u00e0 partir de graines de courge r\u00e9colt\u00e9es dans la r\u00e9gion et press\u00e9es \u00e0 froid dans notre propre moulin \u00e0 huile.","og_url":"https:\/\/www.muehlebirgel.de\/fr\/shop\/kuerbiskernoel\/","og_site_name":"Historische Wasserm\u00fchle Birgel","article_modified_time":"2026-05-07T15:48:53+00:00","og_image":[{"width":1400,"height":2101,"url":"https:\/\/www.muehlebirgel.de\/wp-content\/uploads\/2020\/01\/Kuerbiskernoel.png","type":"image\/png"}],"twitter_card":"summary_large_image","twitter_misc":{"Dur\u00e9e de lecture estim\u00e9e":"1 minute"},"schema":{"@context":"https:\/\/schema.org","@graph":[{"@type":"WebPage","@id":"https:\/\/www.muehlebirgel.de\/fr\/shop\/kuerbiskernoel\/","url":"https:\/\/www.muehlebirgel.de\/fr\/shop\/kuerbiskernoel\/","name":"Huile de p\u00e9pins de courge %%page% acheter en ligne- Historische Wasserm\u00fchle Birgel","isPartOf":{"@id":"https:\/\/www.muehlebirgel.de\/fr\/#website"},"primaryImageOfPage":{"@id":"https:\/\/www.muehlebirgel.de\/fr\/shop\/kuerbiskernoel\/#primaryimage"},"image":{"@id":"https:\/\/www.muehlebirgel.de\/fr\/shop\/kuerbiskernoel\/#primaryimage"},"thumbnailUrl":"https:\/\/www.muehlebirgel.de\/wp-content\/uploads\/2020\/01\/Kuerbiskernoel.png","datePublished":"2020-01-24T09:38:33+00:00","dateModified":"2026-05-07T15:48:53+00:00","description":"Notre huile riche en vitamine E est obtenue \u00e0 partir de graines de courge r\u00e9colt\u00e9es dans la r\u00e9gion et press\u00e9es \u00e0 froid dans notre propre moulin \u00e0 huile.","breadcrumb":{"@id":"https:\/\/www.muehlebirgel.de\/fr\/shop\/kuerbiskernoel\/#breadcrumb"},"inLanguage":"fr-FR","potentialAction":[{"@type":"ReadAction","target":["https:\/\/www.muehlebirgel.de\/fr\/shop\/kuerbiskernoel\/"]}]},{"@type":"ImageObject","inLanguage":"fr-FR","@id":"https:\/\/www.muehlebirgel.de\/fr\/shop\/kuerbiskernoel\/#primaryimage","url":"https:\/\/www.muehlebirgel.de\/wp-content\/uploads\/2020\/01\/Kuerbiskernoel.png","contentUrl":"https:\/\/www.muehlebirgel.de\/wp-content\/uploads\/2020\/01\/Kuerbiskernoel.png","width":1400,"height":2101},{"@type":"BreadcrumbList","@id":"https:\/\/www.muehlebirgel.de\/fr\/shop\/kuerbiskernoel\/#breadcrumb","itemListElement":[{"@type":"ListItem","position":1,"name":"Startseite","item":"https:\/\/www.muehlebirgel.de\/fr\/startseite\/"},{"@type":"ListItem","position":2,"name":"magasin en ligne","item":"https:\/\/www.muehlebirgel.de\/fr\/boutique\/"},{"@type":"ListItem","position":3,"name":"Huile de cuisson","item":"https:\/\/www.muehlebirgel.de\/fr\/shop\/huile-de-cuisson\/"},{"@type":"ListItem","position":4,"name":"Huile de p\u00e9pins de courge"}]},{"@type":"WebSite","@id":"https:\/\/www.muehlebirgel.de\/fr\/#website","url":"https:\/\/www.muehlebirgel.de\/fr\/","name":"Historische Wasserm\u00fchle Birgel","description":"Willkommen im M\u00fchlen-Erlebniszentrum","publisher":{"@id":"https:\/\/www.muehlebirgel.de\/fr\/#organization"},"potentialAction":[{"@type":"SearchAction","target":{"@type":"EntryPoint","urlTemplate":"https:\/\/www.muehlebirgel.de\/fr\/?s={search_term_string}"},"query-input":{"@type":"PropertyValueSpecification","valueRequired":true,"valueName":"search_term_string"}}],"inLanguage":"fr-FR"},{"@type":"Organization","@id":"https:\/\/www.muehlebirgel.de\/fr\/#organization","name":"Historische Wasserm\u00fchle Birgel","url":"https:\/\/www.muehlebirgel.de\/fr\/","logo":{"@type":"ImageObject","inLanguage":"fr-FR","@id":"https:\/\/www.muehlebirgel.de\/fr\/#\/schema\/logo\/image\/","url":"https:\/\/www.muehlebirgel.de\/wp-content\/uploads\/logo-muehle-schwarz.webp","contentUrl":"https:\/\/www.muehlebirgel.de\/wp-content\/uploads\/logo-muehle-schwarz.webp","width":2140,"height":1803,"caption":"Historische Wasserm\u00fchle Birgel"},"image":{"@id":"https:\/\/www.muehlebirgel.de\/fr\/#\/schema\/logo\/image\/"}}]}},"_links":{"self":[{"href":"https:\/\/www.muehlebirgel.de\/fr\/wp-json\/wp\/v2\/product\/10213","targetHints":{"allow":["GET"]}}],"collection":[{"href":"https:\/\/www.muehlebirgel.de\/fr\/wp-json\/wp\/v2\/product"}],"about":[{"href":"https:\/\/www.muehlebirgel.de\/fr\/wp-json\/wp\/v2\/types\/product"}],"version-history":[{"count":1,"href":"https:\/\/www.muehlebirgel.de\/fr\/wp-json\/wp\/v2\/product\/10213\/revisions"}],"predecessor-version":[{"id":68678,"href":"https:\/\/www.muehlebirgel.de\/fr\/wp-json\/wp\/v2\/product\/10213\/revisions\/68678"}],"wp:featuredmedia":[{"embeddable":true,"href":"https:\/\/www.muehlebirgel.de\/fr\/wp-json\/wp\/v2\/media\/9520"}],"wp:attachment":[{"href":"https:\/\/www.muehlebirgel.de\/fr\/wp-json\/wp\/v2\/media?parent=10213"}],"wp:term":[{"taxonomy":"product_brand","embeddable":true,"href":"https:\/\/www.muehlebirgel.de\/fr\/wp-json\/wp\/v2\/product_brand?post=10213"},{"taxonomy":"product_cat","embeddable":true,"href":"https:\/\/www.muehlebirgel.de\/fr\/wp-json\/wp\/v2\/product_cat?post=10213"},{"taxonomy":"product_tag","embeddable":true,"href":"https:\/\/www.muehlebirgel.de\/fr\/wp-json\/wp\/v2\/product_tag?post=10213"}],"curies":[{"name":"wp","href":"https:\/\/api.w.org\/{rel}","templated":true}]}}