{"id":10223,"date":"2019-12-19T16:16:33","date_gmt":"2021-12-10T15:11:30","guid":{"rendered":"https:\/\/www.muehlebirgel.de\/shop\/confiture-fraise-rhubarbe\/"},"modified":"2024-10-23T22:54:03","modified_gmt":"2024-10-23T21:54:03","slug":"confiture-fraise-rhubarbe","status":"publish","type":"product","link":"https:\/\/www.muehlebirgel.de\/fr\/shop\/confiture-fraise-rhubarbe","title":{"rendered":"Confiture fraise-rhubarbe"},"content":{"rendered":"<h2>Confiture fraise-rhubarbe de l&rsquo;Eifel<\/h2>\n<p>Notre confiture artisanale fraise-rhubarbe selon une recette traditionnelle est non seulement particuli\u00e8rement fruit\u00e9e au go\u00fbt avec une teneur \u00e9lev\u00e9e en fruits de plus de 50%, mais aussi, contrairement \u00e0 d&rsquo;autres confitures, est un produit qui est soigneusement trait\u00e9 et a une teneur en sucre ajout\u00e9 sensiblement faible. . Cela fait de notre confiture \u00e0 base de fruits s\u00e9lectionn\u00e9s de la r\u00e9gion de l&rsquo;Eifel un plaisir naturel et frais dont vous ne voudrez plus vous passer.<\/p>\n<h2>C&rsquo;est ainsi que la confiture a un go\u00fbt particuli\u00e8rement bon<\/h2>\n<p>En tant que favori sur la table du petit-d\u00e9jeuner et le sandwich, l&rsquo;ensemble de confiture classique de rhubarbe et de fraise d\u00e9ploie le plus ses ar\u00f4mes. En \u00e9t\u00e9, la confiture peut rapidement \u00eatre utilis\u00e9e pour \u00e9voquer de d\u00e9licieuses glaces ou un smoothie rafra\u00eechissant au mixeur ou au Thermomix. Il est \u00e9galement excellent en combinaison avec des produits de boulangerie sucr\u00e9s tels que la brioche ou avec du caf\u00e9 et des g\u00e2teaux.<\/p>\n","protected":false},"excerpt":{"rendered":"<p>plus de 50% de fruits<br \/>\nLivraison en pot de 225g<\/p>\n","protected":false},"featured_media":9439,"template":"","meta":[],"product_brand":[],"product_cat":[113],"product_tag":[],"class_list":{"0":"post-10223","1":"product","2":"type-product","3":"status-publish","4":"has-post-thumbnail","6":"product_cat-confiture","7":"product_shipping_class-expedition-assuree","9":"first","10":"instock","11":"taxable","12":"shipping-taxable","13":"purchasable","14":"product-type-simple"},"yoast_head":"<!-- This site is optimized with the Yoast SEO plugin v27.2 - https:\/\/yoast.com\/product\/yoast-seo-wordpress\/ -->\n<title>Confiture fraise-rhubarbe - Historische Wasserm\u00fchle Birgel<\/title>\n<meta name=\"description\" content=\"Selon une recette traditionnelle, avec une teneur \u00e9lev\u00e9e en fruits de plus de 50% et peu de sucre ajout\u00e9, particuli\u00e8rement fruit\u00e9 au go\u00fbt.\" \/>\n<meta name=\"robots\" content=\"index, follow, max-snippet:-1, max-image-preview:large, max-video-preview:-1\" \/>\n<link rel=\"canonical\" href=\"https:\/\/www.muehlebirgel.de\/fr\/shop\/confiture-fraise-rhubarbe\" \/>\n<meta property=\"og:locale\" content=\"fr_FR\" \/>\n<meta property=\"og:type\" content=\"article\" \/>\n<meta property=\"og:title\" content=\"Confiture fraise-rhubarbe - Historische Wasserm\u00fchle Birgel\" \/>\n<meta property=\"og:description\" content=\"Selon une recette traditionnelle, avec une teneur \u00e9lev\u00e9e en fruits de plus de 50% et peu de sucre ajout\u00e9, particuli\u00e8rement fruit\u00e9 au go\u00fbt.\" \/>\n<meta property=\"og:url\" content=\"https:\/\/www.muehlebirgel.de\/fr\/shop\/confiture-fraise-rhubarbe\/\" \/>\n<meta property=\"og:site_name\" content=\"Historische Wasserm\u00fchle Birgel\" \/>\n<meta property=\"article:modified_time\" content=\"2024-10-23T21:54:03+00:00\" \/>\n<meta property=\"og:image\" content=\"https:\/\/www.muehlebirgel.de\/wp-content\/uploads\/2020\/01\/ER04-Erdbeer-Rharbarbar-Fruchtauftrisch.png\" \/>\n\t<meta property=\"og:image:width\" content=\"1400\" \/>\n\t<meta property=\"og:image:height\" content=\"2101\" \/>\n\t<meta property=\"og:image:type\" content=\"image\/png\" \/>\n<meta name=\"twitter:card\" content=\"summary_large_image\" \/>\n<meta name=\"twitter:label1\" content=\"Dur\u00e9e de lecture estim\u00e9e\" \/>\n\t<meta name=\"twitter:data1\" content=\"1 minute\" \/>\n<script type=\"application\/ld+json\" class=\"yoast-schema-graph\">{\"@context\":\"https:\/\/schema.org\",\"@graph\":[{\"@type\":\"WebPage\",\"@id\":\"https:\/\/www.muehlebirgel.de\/fr\/shop\/confiture-fraise-rhubarbe\",\"url\":\"https:\/\/www.muehlebirgel.de\/fr\/shop\/confiture-fraise-rhubarbe\",\"name\":\"Confiture fraise-rhubarbe - Historische Wasserm\u00fchle Birgel\",\"isPartOf\":{\"@id\":\"https:\/\/www.muehlebirgel.de\/fr\/#website\"},\"primaryImageOfPage\":{\"@id\":\"https:\/\/www.muehlebirgel.de\/fr\/shop\/confiture-fraise-rhubarbe#primaryimage\"},\"image\":{\"@id\":\"https:\/\/www.muehlebirgel.de\/fr\/shop\/confiture-fraise-rhubarbe#primaryimage\"},\"thumbnailUrl\":\"https:\/\/www.muehlebirgel.de\/wp-content\/uploads\/2020\/01\/ER04-Erdbeer-Rharbarbar-Fruchtauftrisch.png\",\"datePublished\":\"2021-12-10T15:11:30+00:00\",\"dateModified\":\"2024-10-23T21:54:03+00:00\",\"description\":\"Selon une recette traditionnelle, avec une teneur \u00e9lev\u00e9e en fruits de plus de 50% et peu de sucre ajout\u00e9, particuli\u00e8rement fruit\u00e9 au go\u00fbt.\",\"breadcrumb\":{\"@id\":\"https:\/\/www.muehlebirgel.de\/fr\/shop\/confiture-fraise-rhubarbe#breadcrumb\"},\"inLanguage\":\"fr-FR\",\"potentialAction\":[{\"@type\":\"ReadAction\",\"target\":[\"https:\/\/www.muehlebirgel.de\/fr\/shop\/confiture-fraise-rhubarbe\"]}]},{\"@type\":\"ImageObject\",\"inLanguage\":\"fr-FR\",\"@id\":\"https:\/\/www.muehlebirgel.de\/fr\/shop\/confiture-fraise-rhubarbe#primaryimage\",\"url\":\"https:\/\/www.muehlebirgel.de\/wp-content\/uploads\/2020\/01\/ER04-Erdbeer-Rharbarbar-Fruchtauftrisch.png\",\"contentUrl\":\"https:\/\/www.muehlebirgel.de\/wp-content\/uploads\/2020\/01\/ER04-Erdbeer-Rharbarbar-Fruchtauftrisch.png\",\"width\":1400,\"height\":2101},{\"@type\":\"BreadcrumbList\",\"@id\":\"https:\/\/www.muehlebirgel.de\/fr\/shop\/confiture-fraise-rhubarbe#breadcrumb\",\"itemListElement\":[{\"@type\":\"ListItem\",\"position\":1,\"name\":\"Startseite\",\"item\":\"https:\/\/www.muehlebirgel.de\/fr\"},{\"@type\":\"ListItem\",\"position\":2,\"name\":\"Produits\",\"item\":\"https:\/\/www.muehlebirgel.de\/fr\/shop\"},{\"@type\":\"ListItem\",\"position\":3,\"name\":\"Confiture fraise-rhubarbe\"}]},{\"@type\":\"WebSite\",\"@id\":\"https:\/\/www.muehlebirgel.de\/fr\/#website\",\"url\":\"https:\/\/www.muehlebirgel.de\/fr\/\",\"name\":\"Historische Wasserm\u00fchle Birgel\",\"description\":\"Willkommen im M\u00fchlen-Erlebniszentrum\",\"potentialAction\":[{\"@type\":\"SearchAction\",\"target\":{\"@type\":\"EntryPoint\",\"urlTemplate\":\"https:\/\/www.muehlebirgel.de\/fr\/?s={search_term_string}\"},\"query-input\":{\"@type\":\"PropertyValueSpecification\",\"valueRequired\":true,\"valueName\":\"search_term_string\"}}],\"inLanguage\":\"fr-FR\"}]}<\/script>\n<!-- \/ Yoast SEO plugin. -->","yoast_head_json":{"title":"Confiture fraise-rhubarbe - Historische Wasserm\u00fchle Birgel","description":"Selon une recette traditionnelle, avec une teneur \u00e9lev\u00e9e en fruits de plus de 50% et peu de sucre ajout\u00e9, particuli\u00e8rement fruit\u00e9 au go\u00fbt.","robots":{"index":"index","follow":"follow","max-snippet":"max-snippet:-1","max-image-preview":"max-image-preview:large","max-video-preview":"max-video-preview:-1"},"canonical":"https:\/\/www.muehlebirgel.de\/fr\/shop\/confiture-fraise-rhubarbe","og_locale":"fr_FR","og_type":"article","og_title":"Confiture fraise-rhubarbe - Historische Wasserm\u00fchle Birgel","og_description":"Selon une recette traditionnelle, avec une teneur \u00e9lev\u00e9e en fruits de plus de 50% et peu de sucre ajout\u00e9, particuli\u00e8rement fruit\u00e9 au go\u00fbt.","og_url":"https:\/\/www.muehlebirgel.de\/fr\/shop\/confiture-fraise-rhubarbe\/","og_site_name":"Historische Wasserm\u00fchle Birgel","article_modified_time":"2024-10-23T21:54:03+00:00","og_image":[{"width":1400,"height":2101,"url":"https:\/\/www.muehlebirgel.de\/wp-content\/uploads\/2020\/01\/ER04-Erdbeer-Rharbarbar-Fruchtauftrisch.png","type":"image\/png"}],"twitter_card":"summary_large_image","twitter_misc":{"Dur\u00e9e de lecture estim\u00e9e":"1 minute"},"schema":{"@context":"https:\/\/schema.org","@graph":[{"@type":"WebPage","@id":"https:\/\/www.muehlebirgel.de\/fr\/shop\/confiture-fraise-rhubarbe","url":"https:\/\/www.muehlebirgel.de\/fr\/shop\/confiture-fraise-rhubarbe","name":"Confiture fraise-rhubarbe - Historische Wasserm\u00fchle Birgel","isPartOf":{"@id":"https:\/\/www.muehlebirgel.de\/fr\/#website"},"primaryImageOfPage":{"@id":"https:\/\/www.muehlebirgel.de\/fr\/shop\/confiture-fraise-rhubarbe#primaryimage"},"image":{"@id":"https:\/\/www.muehlebirgel.de\/fr\/shop\/confiture-fraise-rhubarbe#primaryimage"},"thumbnailUrl":"https:\/\/www.muehlebirgel.de\/wp-content\/uploads\/2020\/01\/ER04-Erdbeer-Rharbarbar-Fruchtauftrisch.png","datePublished":"2021-12-10T15:11:30+00:00","dateModified":"2024-10-23T21:54:03+00:00","description":"Selon une recette traditionnelle, avec une teneur \u00e9lev\u00e9e en fruits de plus de 50% et peu de sucre ajout\u00e9, particuli\u00e8rement fruit\u00e9 au go\u00fbt.","breadcrumb":{"@id":"https:\/\/www.muehlebirgel.de\/fr\/shop\/confiture-fraise-rhubarbe#breadcrumb"},"inLanguage":"fr-FR","potentialAction":[{"@type":"ReadAction","target":["https:\/\/www.muehlebirgel.de\/fr\/shop\/confiture-fraise-rhubarbe"]}]},{"@type":"ImageObject","inLanguage":"fr-FR","@id":"https:\/\/www.muehlebirgel.de\/fr\/shop\/confiture-fraise-rhubarbe#primaryimage","url":"https:\/\/www.muehlebirgel.de\/wp-content\/uploads\/2020\/01\/ER04-Erdbeer-Rharbarbar-Fruchtauftrisch.png","contentUrl":"https:\/\/www.muehlebirgel.de\/wp-content\/uploads\/2020\/01\/ER04-Erdbeer-Rharbarbar-Fruchtauftrisch.png","width":1400,"height":2101},{"@type":"BreadcrumbList","@id":"https:\/\/www.muehlebirgel.de\/fr\/shop\/confiture-fraise-rhubarbe#breadcrumb","itemListElement":[{"@type":"ListItem","position":1,"name":"Startseite","item":"https:\/\/www.muehlebirgel.de\/fr"},{"@type":"ListItem","position":2,"name":"Produits","item":"https:\/\/www.muehlebirgel.de\/fr\/shop"},{"@type":"ListItem","position":3,"name":"Confiture fraise-rhubarbe"}]},{"@type":"WebSite","@id":"https:\/\/www.muehlebirgel.de\/fr\/#website","url":"https:\/\/www.muehlebirgel.de\/fr\/","name":"Historische Wasserm\u00fchle Birgel","description":"Willkommen im M\u00fchlen-Erlebniszentrum","potentialAction":[{"@type":"SearchAction","target":{"@type":"EntryPoint","urlTemplate":"https:\/\/www.muehlebirgel.de\/fr\/?s={search_term_string}"},"query-input":{"@type":"PropertyValueSpecification","valueRequired":true,"valueName":"search_term_string"}}],"inLanguage":"fr-FR"}]}},"_links":{"self":[{"href":"https:\/\/www.muehlebirgel.de\/fr\/wp-json\/wp\/v2\/product\/10223","targetHints":{"allow":["GET"]}}],"collection":[{"href":"https:\/\/www.muehlebirgel.de\/fr\/wp-json\/wp\/v2\/product"}],"about":[{"href":"https:\/\/www.muehlebirgel.de\/fr\/wp-json\/wp\/v2\/types\/product"}],"wp:featuredmedia":[{"embeddable":true,"href":"https:\/\/www.muehlebirgel.de\/fr\/wp-json\/wp\/v2\/media\/9439"}],"wp:attachment":[{"href":"https:\/\/www.muehlebirgel.de\/fr\/wp-json\/wp\/v2\/media?parent=10223"}],"wp:term":[{"taxonomy":"product_brand","embeddable":true,"href":"https:\/\/www.muehlebirgel.de\/fr\/wp-json\/wp\/v2\/product_brand?post=10223"},{"taxonomy":"product_cat","embeddable":true,"href":"https:\/\/www.muehlebirgel.de\/fr\/wp-json\/wp\/v2\/product_cat?post=10223"},{"taxonomy":"product_tag","embeddable":true,"href":"https:\/\/www.muehlebirgel.de\/fr\/wp-json\/wp\/v2\/product_tag?post=10223"}],"curies":[{"name":"wp","href":"https:\/\/api.w.org\/{rel}","templated":true}]}}