{"id":10233,"date":"2019-12-19T16:16:30","date_gmt":"2021-12-10T15:11:39","guid":{"rendered":"https:\/\/www.muehlebirgel.de\/shop\/saucisse-de-foie-eifler-gutsleberwurst\/"},"modified":"2022-11-10T16:31:46","modified_gmt":"2022-11-10T15:31:46","slug":"foie-wurst-eifler-gutsleberwurst","status":"publish","type":"product","link":"https:\/\/www.muehlebirgel.de\/fr\/shop\/foie-wurst-eifler-gutsleberwurst","title":{"rendered":"Saucisse de foie &#8211; Eifler Gutsleberwurst"},"content":{"rendered":"<p>Notre Eifler Gutsleberwurst est l&rsquo;une de nos sp\u00e9cialit\u00e9s de saucisses les plus populaires du moulin \u00e0 eau historique. Notre saucisse est livr\u00e9e en pots de 300 g et a longtemps \u00e9t\u00e9 l&rsquo;une des pr\u00e9f\u00e9r\u00e9es de nos clients au moulin. Seule de la viande de haute qualit\u00e9 provenant de porcs Eifler est utilis\u00e9e pour notre saucisse de foie. La saucisse \u00e0 tartiner produite est ensuite affin\u00e9e avec une s\u00e9lection d&rsquo;\u00e9pices. Le go\u00fbt pur et la haute qualit\u00e9 de la viande, que nous obtenons des fermes r\u00e9gionales, font de cette saucisse de foie un v\u00e9ritable d\u00e9lice.<\/p>\n<h2>Comment aimez-vous la saucisse de foie<\/h2>\n<p>La saucisse de porc classique se d\u00e9guste sur une tranche de pain frais ou un petit pain croustillant. Que ce soit pour le petit-d\u00e9jeuner, le d\u00e9jeuner ou le d\u00eener, c&rsquo;est vous qui d\u00e9cidez !<\/p>\n","protected":false},"excerpt":{"rendered":"<p>\u00e0 base de viande de porc Eifler &amp; raffin\u00e9 avec des \u00e9pices s\u00e9lectionn\u00e9es<\/p>\n","protected":false},"featured_media":9388,"template":"","meta":[],"product_brand":[],"product_cat":[117],"product_tag":[],"class_list":{"0":"post-10233","1":"product","2":"type-product","3":"status-publish","4":"has-post-thumbnail","6":"product_cat-saucisse","7":"product_shipping_class-expedition-assuree","9":"first","10":"instock","11":"taxable","12":"shipping-taxable","13":"purchasable","14":"product-type-simple"},"yoast_head":"<!-- This site is optimized with the Yoast SEO plugin v27.2 - https:\/\/yoast.com\/product\/yoast-seo-wordpress\/ -->\n<title>de Saucisse de foie - Eifler Gutsleberwurst acheter en ligne - Historische Wasserm\u00fchle Birgel<\/title>\n<meta name=\"description\" content=\"Notre saucisse de foie est fabriqu\u00e9e \u00e0 partir de viande de porc Eifler. La saucisse \u00e0 tartiner qui est alors produite est affin\u00e9e avec des \u00e9pices s\u00e9lectionn\u00e9es.\" \/>\n<meta name=\"robots\" content=\"index, follow, max-snippet:-1, max-image-preview:large, max-video-preview:-1\" \/>\n<link rel=\"canonical\" href=\"https:\/\/www.muehlebirgel.de\/fr\/shop\/foie-wurst-eifler-gutsleberwurst\" \/>\n<meta property=\"og:locale\" content=\"fr_FR\" \/>\n<meta property=\"og:type\" content=\"article\" \/>\n<meta property=\"og:title\" content=\"de Saucisse de foie - Eifler Gutsleberwurst acheter en ligne - Historische Wasserm\u00fchle Birgel\" \/>\n<meta property=\"og:description\" content=\"Notre saucisse de foie est fabriqu\u00e9e \u00e0 partir de viande de porc Eifler. La saucisse \u00e0 tartiner qui est alors produite est affin\u00e9e avec des \u00e9pices s\u00e9lectionn\u00e9es.\" \/>\n<meta property=\"og:url\" content=\"https:\/\/www.muehlebirgel.de\/fr\/shop\/foie-wurst-eifler-gutsleberwurst\/\" \/>\n<meta property=\"og:site_name\" content=\"Historische Wasserm\u00fchle Birgel\" \/>\n<meta property=\"article:modified_time\" content=\"2022-11-10T15:31:46+00:00\" \/>\n<meta property=\"og:image\" content=\"https:\/\/www.muehlebirgel.de\/wp-content\/uploads\/2019\/12\/GLB02-Leberwurst.png\" \/>\n\t<meta property=\"og:image:width\" content=\"1500\" \/>\n\t<meta property=\"og:image:height\" content=\"2250\" \/>\n\t<meta property=\"og:image:type\" content=\"image\/png\" \/>\n<meta name=\"twitter:card\" content=\"summary_large_image\" \/>\n<meta name=\"twitter:label1\" content=\"Dur\u00e9e de lecture estim\u00e9e\" \/>\n\t<meta name=\"twitter:data1\" content=\"1 minute\" \/>\n<script type=\"application\/ld+json\" class=\"yoast-schema-graph\">{\"@context\":\"https:\/\/schema.org\",\"@graph\":[{\"@type\":\"WebPage\",\"@id\":\"https:\/\/www.muehlebirgel.de\/fr\/shop\/foie-wurst-eifler-gutsleberwurst\",\"url\":\"https:\/\/www.muehlebirgel.de\/fr\/shop\/foie-wurst-eifler-gutsleberwurst\",\"name\":\"de Saucisse de foie - Eifler Gutsleberwurst acheter en ligne - Historische Wasserm\u00fchle Birgel\",\"isPartOf\":{\"@id\":\"https:\/\/www.muehlebirgel.de\/fr\/#website\"},\"primaryImageOfPage\":{\"@id\":\"https:\/\/www.muehlebirgel.de\/fr\/shop\/foie-wurst-eifler-gutsleberwurst#primaryimage\"},\"image\":{\"@id\":\"https:\/\/www.muehlebirgel.de\/fr\/shop\/foie-wurst-eifler-gutsleberwurst#primaryimage\"},\"thumbnailUrl\":\"https:\/\/www.muehlebirgel.de\/wp-content\/uploads\/2019\/12\/GLB02-Leberwurst.png\",\"datePublished\":\"2021-12-10T15:11:39+00:00\",\"dateModified\":\"2022-11-10T15:31:46+00:00\",\"description\":\"Notre saucisse de foie est fabriqu\u00e9e \u00e0 partir de viande de porc Eifler. La saucisse \u00e0 tartiner qui est alors produite est affin\u00e9e avec des \u00e9pices s\u00e9lectionn\u00e9es.\",\"breadcrumb\":{\"@id\":\"https:\/\/www.muehlebirgel.de\/fr\/shop\/foie-wurst-eifler-gutsleberwurst#breadcrumb\"},\"inLanguage\":\"fr-FR\",\"potentialAction\":[{\"@type\":\"ReadAction\",\"target\":[\"https:\/\/www.muehlebirgel.de\/fr\/shop\/foie-wurst-eifler-gutsleberwurst\"]}]},{\"@type\":\"ImageObject\",\"inLanguage\":\"fr-FR\",\"@id\":\"https:\/\/www.muehlebirgel.de\/fr\/shop\/foie-wurst-eifler-gutsleberwurst#primaryimage\",\"url\":\"https:\/\/www.muehlebirgel.de\/wp-content\/uploads\/2019\/12\/GLB02-Leberwurst.png\",\"contentUrl\":\"https:\/\/www.muehlebirgel.de\/wp-content\/uploads\/2019\/12\/GLB02-Leberwurst.png\",\"width\":1500,\"height\":2250},{\"@type\":\"BreadcrumbList\",\"@id\":\"https:\/\/www.muehlebirgel.de\/fr\/shop\/foie-wurst-eifler-gutsleberwurst#breadcrumb\",\"itemListElement\":[{\"@type\":\"ListItem\",\"position\":1,\"name\":\"Startseite\",\"item\":\"https:\/\/www.muehlebirgel.de\/fr\"},{\"@type\":\"ListItem\",\"position\":2,\"name\":\"Produits\",\"item\":\"https:\/\/www.muehlebirgel.de\/fr\/shop\"},{\"@type\":\"ListItem\",\"position\":3,\"name\":\"Saucisse de foie &#8211; Eifler Gutsleberwurst\"}]},{\"@type\":\"WebSite\",\"@id\":\"https:\/\/www.muehlebirgel.de\/fr\/#website\",\"url\":\"https:\/\/www.muehlebirgel.de\/fr\/\",\"name\":\"Historische Wasserm\u00fchle Birgel\",\"description\":\"Willkommen im M\u00fchlen-Erlebniszentrum\",\"potentialAction\":[{\"@type\":\"SearchAction\",\"target\":{\"@type\":\"EntryPoint\",\"urlTemplate\":\"https:\/\/www.muehlebirgel.de\/fr\/?s={search_term_string}\"},\"query-input\":{\"@type\":\"PropertyValueSpecification\",\"valueRequired\":true,\"valueName\":\"search_term_string\"}}],\"inLanguage\":\"fr-FR\"}]}<\/script>\n<!-- \/ Yoast SEO plugin. -->","yoast_head_json":{"title":"de Saucisse de foie - Eifler Gutsleberwurst acheter en ligne - Historische Wasserm\u00fchle Birgel","description":"Notre saucisse de foie est fabriqu\u00e9e \u00e0 partir de viande de porc Eifler. La saucisse \u00e0 tartiner qui est alors produite est affin\u00e9e avec des \u00e9pices s\u00e9lectionn\u00e9es.","robots":{"index":"index","follow":"follow","max-snippet":"max-snippet:-1","max-image-preview":"max-image-preview:large","max-video-preview":"max-video-preview:-1"},"canonical":"https:\/\/www.muehlebirgel.de\/fr\/shop\/foie-wurst-eifler-gutsleberwurst","og_locale":"fr_FR","og_type":"article","og_title":"de Saucisse de foie - Eifler Gutsleberwurst acheter en ligne - Historische Wasserm\u00fchle Birgel","og_description":"Notre saucisse de foie est fabriqu\u00e9e \u00e0 partir de viande de porc Eifler. La saucisse \u00e0 tartiner qui est alors produite est affin\u00e9e avec des \u00e9pices s\u00e9lectionn\u00e9es.","og_url":"https:\/\/www.muehlebirgel.de\/fr\/shop\/foie-wurst-eifler-gutsleberwurst\/","og_site_name":"Historische Wasserm\u00fchle Birgel","article_modified_time":"2022-11-10T15:31:46+00:00","og_image":[{"width":1500,"height":2250,"url":"https:\/\/www.muehlebirgel.de\/wp-content\/uploads\/2019\/12\/GLB02-Leberwurst.png","type":"image\/png"}],"twitter_card":"summary_large_image","twitter_misc":{"Dur\u00e9e de lecture estim\u00e9e":"1 minute"},"schema":{"@context":"https:\/\/schema.org","@graph":[{"@type":"WebPage","@id":"https:\/\/www.muehlebirgel.de\/fr\/shop\/foie-wurst-eifler-gutsleberwurst","url":"https:\/\/www.muehlebirgel.de\/fr\/shop\/foie-wurst-eifler-gutsleberwurst","name":"de Saucisse de foie - Eifler Gutsleberwurst acheter en ligne - Historische Wasserm\u00fchle Birgel","isPartOf":{"@id":"https:\/\/www.muehlebirgel.de\/fr\/#website"},"primaryImageOfPage":{"@id":"https:\/\/www.muehlebirgel.de\/fr\/shop\/foie-wurst-eifler-gutsleberwurst#primaryimage"},"image":{"@id":"https:\/\/www.muehlebirgel.de\/fr\/shop\/foie-wurst-eifler-gutsleberwurst#primaryimage"},"thumbnailUrl":"https:\/\/www.muehlebirgel.de\/wp-content\/uploads\/2019\/12\/GLB02-Leberwurst.png","datePublished":"2021-12-10T15:11:39+00:00","dateModified":"2022-11-10T15:31:46+00:00","description":"Notre saucisse de foie est fabriqu\u00e9e \u00e0 partir de viande de porc Eifler. La saucisse \u00e0 tartiner qui est alors produite est affin\u00e9e avec des \u00e9pices s\u00e9lectionn\u00e9es.","breadcrumb":{"@id":"https:\/\/www.muehlebirgel.de\/fr\/shop\/foie-wurst-eifler-gutsleberwurst#breadcrumb"},"inLanguage":"fr-FR","potentialAction":[{"@type":"ReadAction","target":["https:\/\/www.muehlebirgel.de\/fr\/shop\/foie-wurst-eifler-gutsleberwurst"]}]},{"@type":"ImageObject","inLanguage":"fr-FR","@id":"https:\/\/www.muehlebirgel.de\/fr\/shop\/foie-wurst-eifler-gutsleberwurst#primaryimage","url":"https:\/\/www.muehlebirgel.de\/wp-content\/uploads\/2019\/12\/GLB02-Leberwurst.png","contentUrl":"https:\/\/www.muehlebirgel.de\/wp-content\/uploads\/2019\/12\/GLB02-Leberwurst.png","width":1500,"height":2250},{"@type":"BreadcrumbList","@id":"https:\/\/www.muehlebirgel.de\/fr\/shop\/foie-wurst-eifler-gutsleberwurst#breadcrumb","itemListElement":[{"@type":"ListItem","position":1,"name":"Startseite","item":"https:\/\/www.muehlebirgel.de\/fr"},{"@type":"ListItem","position":2,"name":"Produits","item":"https:\/\/www.muehlebirgel.de\/fr\/shop"},{"@type":"ListItem","position":3,"name":"Saucisse de foie &#8211; Eifler Gutsleberwurst"}]},{"@type":"WebSite","@id":"https:\/\/www.muehlebirgel.de\/fr\/#website","url":"https:\/\/www.muehlebirgel.de\/fr\/","name":"Historische Wasserm\u00fchle Birgel","description":"Willkommen im M\u00fchlen-Erlebniszentrum","potentialAction":[{"@type":"SearchAction","target":{"@type":"EntryPoint","urlTemplate":"https:\/\/www.muehlebirgel.de\/fr\/?s={search_term_string}"},"query-input":{"@type":"PropertyValueSpecification","valueRequired":true,"valueName":"search_term_string"}}],"inLanguage":"fr-FR"}]}},"_links":{"self":[{"href":"https:\/\/www.muehlebirgel.de\/fr\/wp-json\/wp\/v2\/product\/10233","targetHints":{"allow":["GET"]}}],"collection":[{"href":"https:\/\/www.muehlebirgel.de\/fr\/wp-json\/wp\/v2\/product"}],"about":[{"href":"https:\/\/www.muehlebirgel.de\/fr\/wp-json\/wp\/v2\/types\/product"}],"wp:featuredmedia":[{"embeddable":true,"href":"https:\/\/www.muehlebirgel.de\/fr\/wp-json\/wp\/v2\/media\/9388"}],"wp:attachment":[{"href":"https:\/\/www.muehlebirgel.de\/fr\/wp-json\/wp\/v2\/media?parent=10233"}],"wp:term":[{"taxonomy":"product_brand","embeddable":true,"href":"https:\/\/www.muehlebirgel.de\/fr\/wp-json\/wp\/v2\/product_brand?post=10233"},{"taxonomy":"product_cat","embeddable":true,"href":"https:\/\/www.muehlebirgel.de\/fr\/wp-json\/wp\/v2\/product_cat?post=10233"},{"taxonomy":"product_tag","embeddable":true,"href":"https:\/\/www.muehlebirgel.de\/fr\/wp-json\/wp\/v2\/product_tag?post=10233"}],"curies":[{"name":"wp","href":"https:\/\/api.w.org\/{rel}","templated":true}]}}