{"id":10235,"date":"2019-12-19T16:16:31","date_gmt":"2019-12-19T16:16:31","guid":{"rendered":"https:\/\/www.muehlebirgel.de\/shop\/saindoux-saindoux-paysan-eifler-avec-cretons\/"},"modified":"2026-05-07T17:41:32","modified_gmt":"2026-05-07T15:41:32","slug":"saindoux-eifler-fermier-saindier-avec-greves","status":"publish","type":"product","link":"https:\/\/www.muehlebirgel.de\/fr\/shop\/saindoux-eifler-fermier-saindier-avec-greves\/","title":{"rendered":"Saindoux &#8211; Saindoux paysan Eifler avec cretons"},"content":{"rendered":"<p>Notre Eifler Bauernschmalz est une v\u00e9ritable sp\u00e9cialit\u00e9 du moulin et une d\u00e9licieuse gourmandise bas\u00e9e sur la recette de grand-m\u00e8re, \u00e0 base de graisse de porc et d&rsquo;ar\u00f4mes de porc. Son go\u00fbt unique en fait \u00e9galement un favori de nos invit\u00e9s.<\/p>\n<h2>Notre saindoux en production<\/h2>\n<p>Pour la production du saindoux, le Flomen, c&rsquo;est-\u00e0-dire la graisse de porc, est press\u00e9 dans le hachoir \u00e0 viande puis fondu avec peu de chaleur, ce qui cr\u00e9e \u00e9galement les cretons. Le saindoux fini est ensuite imm\u00e9diatement mis dans un bocal pr\u00e9chauff\u00e9 de 300 g et scell\u00e9. Ensuite, vous laissez le saindoux refroidir et vous pouvez m\u00eame le regarder changer de couleur du jaune chaud au blanc cr\u00e8me. Ensuite, nous affinons notre saindoux en y ajoutant du sel de table iod\u00e9, des pommes, des oignons frits et des \u00e9pices s\u00e9lectionn\u00e9es. Notre viande provient toujours directement de la production d&rsquo;entreprises r\u00e9gionales afin de toujours garantir la plus haute qualit\u00e9.<\/p>\n<h2>Comment appr\u00e9ciez-vous le saindoux du fermier<\/h2>\n<p>Le saindoux est une tartinade populaire dans la cuisine rurale et est particuli\u00e8rement bon sur du pain noir et brun. En raison de son ar\u00f4me copieux, il est \u00e9galement souvent utilis\u00e9 dans les rago\u00fbts et pour la torr\u00e9faction.<\/p>\n","protected":false},"excerpt":{"rendered":"<p>Fabriqu\u00e9 \u00e0 partir de graisse de porc et raffin\u00e9 avec les meilleures \u00e9pices, pommes et oignons frits<\/p>\n","protected":false},"featured_media":9397,"template":"","meta":[],"product_brand":[],"product_cat":[117],"product_tag":[],"class_list":{"0":"post-10235","1":"product","2":"type-product","3":"status-publish","4":"has-post-thumbnail","6":"product_cat-saucisse","7":"product_shipping_class-expedition-assuree","9":"first","10":"instock","11":"featured","12":"taxable","13":"shipping-taxable","14":"purchasable","15":"product-type-simple"},"yoast_head":"<!-- This site is optimized with the Yoast SEO plugin v27.5 - https:\/\/yoast.com\/product\/yoast-seo-wordpress\/ -->\n<title>Saindoux - Saindoux paysan Eifler avec cretons %%page% acheter en ligne - %%nom du site<\/title>\n<meta name=\"description\" content=\"Notre saindoux est une sp\u00e9cialit\u00e9 du moulin et une d\u00e9licatesse d\u00e9licieuse qui est faite selon la recette de grand-m\u00e8re et la meilleure graisse de porc.\" \/>\n<meta name=\"robots\" content=\"noindex, follow, max-snippet:-1, max-image-preview:large, max-video-preview:-1\" \/>\n<meta property=\"og:locale\" content=\"fr_FR\" \/>\n<meta property=\"og:type\" content=\"article\" \/>\n<meta property=\"og:title\" content=\"Saindoux - Saindoux paysan Eifler avec cretons %%page% acheter en ligne - %%nom du site\" \/>\n<meta property=\"og:description\" content=\"Notre saindoux est une sp\u00e9cialit\u00e9 du moulin et une d\u00e9licatesse d\u00e9licieuse qui est faite selon la recette de grand-m\u00e8re et la meilleure graisse de porc.\" \/>\n<meta property=\"og:url\" content=\"https:\/\/www.muehlebirgel.de\/fr\/shop\/saindoux-eifler-fermier-saindier-avec-greves\/\" \/>\n<meta property=\"og:site_name\" content=\"Historische Wasserm\u00fchle Birgel\" \/>\n<meta property=\"article:modified_time\" content=\"2026-05-07T15:41:32+00:00\" \/>\n<meta property=\"og:image\" content=\"https:\/\/www.muehlebirgel.de\/wp-content\/uploads\/2019\/12\/BSC03-Bauernschmalz.png\" \/>\n\t<meta property=\"og:image:width\" content=\"1400\" \/>\n\t<meta property=\"og:image:height\" content=\"2110\" \/>\n\t<meta property=\"og:image:type\" content=\"image\/png\" \/>\n<meta name=\"twitter:card\" content=\"summary_large_image\" \/>\n<meta name=\"twitter:label1\" content=\"Dur\u00e9e de lecture estim\u00e9e\" \/>\n\t<meta name=\"twitter:data1\" content=\"1 minute\" \/>\n<script type=\"application\/ld+json\" class=\"yoast-schema-graph\">{\"@context\":\"https:\\\/\\\/schema.org\",\"@graph\":[{\"@type\":\"WebPage\",\"@id\":\"https:\\\/\\\/www.muehlebirgel.de\\\/fr\\\/shop\\\/saindoux-eifler-fermier-saindier-avec-greves\\\/\",\"url\":\"https:\\\/\\\/www.muehlebirgel.de\\\/fr\\\/shop\\\/saindoux-eifler-fermier-saindier-avec-greves\\\/\",\"name\":\"Saindoux - Saindoux paysan Eifler avec cretons %%page% acheter en ligne - %%nom du site\",\"isPartOf\":{\"@id\":\"https:\\\/\\\/www.muehlebirgel.de\\\/fr\\\/#website\"},\"primaryImageOfPage\":{\"@id\":\"https:\\\/\\\/www.muehlebirgel.de\\\/fr\\\/shop\\\/saindoux-eifler-fermier-saindier-avec-greves\\\/#primaryimage\"},\"image\":{\"@id\":\"https:\\\/\\\/www.muehlebirgel.de\\\/fr\\\/shop\\\/saindoux-eifler-fermier-saindier-avec-greves\\\/#primaryimage\"},\"thumbnailUrl\":\"https:\\\/\\\/www.muehlebirgel.de\\\/wp-content\\\/uploads\\\/2019\\\/12\\\/BSC03-Bauernschmalz.png\",\"datePublished\":\"2019-12-19T16:16:31+00:00\",\"dateModified\":\"2026-05-07T15:41:32+00:00\",\"description\":\"Notre saindoux est une sp\u00e9cialit\u00e9 du moulin et une d\u00e9licatesse d\u00e9licieuse qui est faite selon la recette de grand-m\u00e8re et la meilleure graisse de porc.\",\"breadcrumb\":{\"@id\":\"https:\\\/\\\/www.muehlebirgel.de\\\/fr\\\/shop\\\/saindoux-eifler-fermier-saindier-avec-greves\\\/#breadcrumb\"},\"inLanguage\":\"fr-FR\",\"potentialAction\":[{\"@type\":\"ReadAction\",\"target\":[\"https:\\\/\\\/www.muehlebirgel.de\\\/fr\\\/shop\\\/saindoux-eifler-fermier-saindier-avec-greves\\\/\"]}]},{\"@type\":\"ImageObject\",\"inLanguage\":\"fr-FR\",\"@id\":\"https:\\\/\\\/www.muehlebirgel.de\\\/fr\\\/shop\\\/saindoux-eifler-fermier-saindier-avec-greves\\\/#primaryimage\",\"url\":\"https:\\\/\\\/www.muehlebirgel.de\\\/wp-content\\\/uploads\\\/2019\\\/12\\\/BSC03-Bauernschmalz.png\",\"contentUrl\":\"https:\\\/\\\/www.muehlebirgel.de\\\/wp-content\\\/uploads\\\/2019\\\/12\\\/BSC03-Bauernschmalz.png\",\"width\":1400,\"height\":2110},{\"@type\":\"BreadcrumbList\",\"@id\":\"https:\\\/\\\/www.muehlebirgel.de\\\/fr\\\/shop\\\/saindoux-eifler-fermier-saindier-avec-greves\\\/#breadcrumb\",\"itemListElement\":[{\"@type\":\"ListItem\",\"position\":1,\"name\":\"Startseite\",\"item\":\"https:\\\/\\\/www.muehlebirgel.de\\\/fr\\\/startseite\\\/\"},{\"@type\":\"ListItem\",\"position\":2,\"name\":\"magasin en ligne\",\"item\":\"https:\\\/\\\/www.muehlebirgel.de\\\/fr\\\/boutique\\\/\"},{\"@type\":\"ListItem\",\"position\":3,\"name\":\"saucisse\",\"item\":\"https:\\\/\\\/www.muehlebirgel.de\\\/fr\\\/shop\\\/saucisse\\\/\"},{\"@type\":\"ListItem\",\"position\":4,\"name\":\"Saindoux &#8211; Saindoux paysan Eifler avec cretons\"}]},{\"@type\":\"WebSite\",\"@id\":\"https:\\\/\\\/www.muehlebirgel.de\\\/fr\\\/#website\",\"url\":\"https:\\\/\\\/www.muehlebirgel.de\\\/fr\\\/\",\"name\":\"Historische Wasserm\u00fchle Birgel\",\"description\":\"Willkommen im M\u00fchlen-Erlebniszentrum\",\"publisher\":{\"@id\":\"https:\\\/\\\/www.muehlebirgel.de\\\/fr\\\/#organization\"},\"potentialAction\":[{\"@type\":\"SearchAction\",\"target\":{\"@type\":\"EntryPoint\",\"urlTemplate\":\"https:\\\/\\\/www.muehlebirgel.de\\\/fr\\\/?s={search_term_string}\"},\"query-input\":{\"@type\":\"PropertyValueSpecification\",\"valueRequired\":true,\"valueName\":\"search_term_string\"}}],\"inLanguage\":\"fr-FR\"},{\"@type\":\"Organization\",\"@id\":\"https:\\\/\\\/www.muehlebirgel.de\\\/fr\\\/#organization\",\"name\":\"Historische Wasserm\u00fchle Birgel\",\"url\":\"https:\\\/\\\/www.muehlebirgel.de\\\/fr\\\/\",\"logo\":{\"@type\":\"ImageObject\",\"inLanguage\":\"fr-FR\",\"@id\":\"https:\\\/\\\/www.muehlebirgel.de\\\/fr\\\/#\\\/schema\\\/logo\\\/image\\\/\",\"url\":\"https:\\\/\\\/www.muehlebirgel.de\\\/wp-content\\\/uploads\\\/logo-muehle-schwarz.webp\",\"contentUrl\":\"https:\\\/\\\/www.muehlebirgel.de\\\/wp-content\\\/uploads\\\/logo-muehle-schwarz.webp\",\"width\":2140,\"height\":1803,\"caption\":\"Historische Wasserm\u00fchle Birgel\"},\"image\":{\"@id\":\"https:\\\/\\\/www.muehlebirgel.de\\\/fr\\\/#\\\/schema\\\/logo\\\/image\\\/\"}}]}<\/script>\n<!-- \/ Yoast SEO plugin. -->","yoast_head_json":{"title":"Saindoux - Saindoux paysan Eifler avec cretons %%page% acheter en ligne - %%nom du site","description":"Notre saindoux est une sp\u00e9cialit\u00e9 du moulin et une d\u00e9licatesse d\u00e9licieuse qui est faite selon la recette de grand-m\u00e8re et la meilleure graisse de porc.","robots":{"index":"noindex","follow":"follow","max-snippet":"max-snippet:-1","max-image-preview":"max-image-preview:large","max-video-preview":"max-video-preview:-1"},"og_locale":"fr_FR","og_type":"article","og_title":"Saindoux - Saindoux paysan Eifler avec cretons %%page% acheter en ligne - %%nom du site","og_description":"Notre saindoux est une sp\u00e9cialit\u00e9 du moulin et une d\u00e9licatesse d\u00e9licieuse qui est faite selon la recette de grand-m\u00e8re et la meilleure graisse de porc.","og_url":"https:\/\/www.muehlebirgel.de\/fr\/shop\/saindoux-eifler-fermier-saindier-avec-greves\/","og_site_name":"Historische Wasserm\u00fchle Birgel","article_modified_time":"2026-05-07T15:41:32+00:00","og_image":[{"width":1400,"height":2110,"url":"https:\/\/www.muehlebirgel.de\/wp-content\/uploads\/2019\/12\/BSC03-Bauernschmalz.png","type":"image\/png"}],"twitter_card":"summary_large_image","twitter_misc":{"Dur\u00e9e de lecture estim\u00e9e":"1 minute"},"schema":{"@context":"https:\/\/schema.org","@graph":[{"@type":"WebPage","@id":"https:\/\/www.muehlebirgel.de\/fr\/shop\/saindoux-eifler-fermier-saindier-avec-greves\/","url":"https:\/\/www.muehlebirgel.de\/fr\/shop\/saindoux-eifler-fermier-saindier-avec-greves\/","name":"Saindoux - Saindoux paysan Eifler avec cretons %%page% acheter en ligne - %%nom du site","isPartOf":{"@id":"https:\/\/www.muehlebirgel.de\/fr\/#website"},"primaryImageOfPage":{"@id":"https:\/\/www.muehlebirgel.de\/fr\/shop\/saindoux-eifler-fermier-saindier-avec-greves\/#primaryimage"},"image":{"@id":"https:\/\/www.muehlebirgel.de\/fr\/shop\/saindoux-eifler-fermier-saindier-avec-greves\/#primaryimage"},"thumbnailUrl":"https:\/\/www.muehlebirgel.de\/wp-content\/uploads\/2019\/12\/BSC03-Bauernschmalz.png","datePublished":"2019-12-19T16:16:31+00:00","dateModified":"2026-05-07T15:41:32+00:00","description":"Notre saindoux est une sp\u00e9cialit\u00e9 du moulin et une d\u00e9licatesse d\u00e9licieuse qui est faite selon la recette de grand-m\u00e8re et la meilleure graisse de porc.","breadcrumb":{"@id":"https:\/\/www.muehlebirgel.de\/fr\/shop\/saindoux-eifler-fermier-saindier-avec-greves\/#breadcrumb"},"inLanguage":"fr-FR","potentialAction":[{"@type":"ReadAction","target":["https:\/\/www.muehlebirgel.de\/fr\/shop\/saindoux-eifler-fermier-saindier-avec-greves\/"]}]},{"@type":"ImageObject","inLanguage":"fr-FR","@id":"https:\/\/www.muehlebirgel.de\/fr\/shop\/saindoux-eifler-fermier-saindier-avec-greves\/#primaryimage","url":"https:\/\/www.muehlebirgel.de\/wp-content\/uploads\/2019\/12\/BSC03-Bauernschmalz.png","contentUrl":"https:\/\/www.muehlebirgel.de\/wp-content\/uploads\/2019\/12\/BSC03-Bauernschmalz.png","width":1400,"height":2110},{"@type":"BreadcrumbList","@id":"https:\/\/www.muehlebirgel.de\/fr\/shop\/saindoux-eifler-fermier-saindier-avec-greves\/#breadcrumb","itemListElement":[{"@type":"ListItem","position":1,"name":"Startseite","item":"https:\/\/www.muehlebirgel.de\/fr\/startseite\/"},{"@type":"ListItem","position":2,"name":"magasin en ligne","item":"https:\/\/www.muehlebirgel.de\/fr\/boutique\/"},{"@type":"ListItem","position":3,"name":"saucisse","item":"https:\/\/www.muehlebirgel.de\/fr\/shop\/saucisse\/"},{"@type":"ListItem","position":4,"name":"Saindoux &#8211; Saindoux paysan Eifler avec cretons"}]},{"@type":"WebSite","@id":"https:\/\/www.muehlebirgel.de\/fr\/#website","url":"https:\/\/www.muehlebirgel.de\/fr\/","name":"Historische Wasserm\u00fchle Birgel","description":"Willkommen im M\u00fchlen-Erlebniszentrum","publisher":{"@id":"https:\/\/www.muehlebirgel.de\/fr\/#organization"},"potentialAction":[{"@type":"SearchAction","target":{"@type":"EntryPoint","urlTemplate":"https:\/\/www.muehlebirgel.de\/fr\/?s={search_term_string}"},"query-input":{"@type":"PropertyValueSpecification","valueRequired":true,"valueName":"search_term_string"}}],"inLanguage":"fr-FR"},{"@type":"Organization","@id":"https:\/\/www.muehlebirgel.de\/fr\/#organization","name":"Historische Wasserm\u00fchle Birgel","url":"https:\/\/www.muehlebirgel.de\/fr\/","logo":{"@type":"ImageObject","inLanguage":"fr-FR","@id":"https:\/\/www.muehlebirgel.de\/fr\/#\/schema\/logo\/image\/","url":"https:\/\/www.muehlebirgel.de\/wp-content\/uploads\/logo-muehle-schwarz.webp","contentUrl":"https:\/\/www.muehlebirgel.de\/wp-content\/uploads\/logo-muehle-schwarz.webp","width":2140,"height":1803,"caption":"Historische Wasserm\u00fchle Birgel"},"image":{"@id":"https:\/\/www.muehlebirgel.de\/fr\/#\/schema\/logo\/image\/"}}]}},"_links":{"self":[{"href":"https:\/\/www.muehlebirgel.de\/fr\/wp-json\/wp\/v2\/product\/10235","targetHints":{"allow":["GET"]}}],"collection":[{"href":"https:\/\/www.muehlebirgel.de\/fr\/wp-json\/wp\/v2\/product"}],"about":[{"href":"https:\/\/www.muehlebirgel.de\/fr\/wp-json\/wp\/v2\/types\/product"}],"version-history":[{"count":1,"href":"https:\/\/www.muehlebirgel.de\/fr\/wp-json\/wp\/v2\/product\/10235\/revisions"}],"predecessor-version":[{"id":68471,"href":"https:\/\/www.muehlebirgel.de\/fr\/wp-json\/wp\/v2\/product\/10235\/revisions\/68471"}],"wp:featuredmedia":[{"embeddable":true,"href":"https:\/\/www.muehlebirgel.de\/fr\/wp-json\/wp\/v2\/media\/9397"}],"wp:attachment":[{"href":"https:\/\/www.muehlebirgel.de\/fr\/wp-json\/wp\/v2\/media?parent=10235"}],"wp:term":[{"taxonomy":"product_brand","embeddable":true,"href":"https:\/\/www.muehlebirgel.de\/fr\/wp-json\/wp\/v2\/product_brand?post=10235"},{"taxonomy":"product_cat","embeddable":true,"href":"https:\/\/www.muehlebirgel.de\/fr\/wp-json\/wp\/v2\/product_cat?post=10235"},{"taxonomy":"product_tag","embeddable":true,"href":"https:\/\/www.muehlebirgel.de\/fr\/wp-json\/wp\/v2\/product_tag?post=10235"}],"curies":[{"name":"wp","href":"https:\/\/api.w.org\/{rel}","templated":true}]}}