{"id":10239,"date":"2019-12-19T16:16:31","date_gmt":"2019-12-19T16:16:31","guid":{"rendered":"https:\/\/www.muehlebirgel.de\/shop\/moutarde-a-lail\/"},"modified":"2025-08-14T16:17:12","modified_gmt":"2025-08-14T14:17:12","slug":"moutarde-a-lail","status":"publish","type":"product","link":"https:\/\/www.muehlebirgel.de\/fr\/shop\/moutarde-a-lail","title":{"rendered":"moutarde \u00e0 l&rsquo;ail"},"content":{"rendered":"<h2>Moutarde \u00e0 l&rsquo;ail de l&rsquo;Eifel<\/h2>\n<p>Notre moutarde \u00e0 l&rsquo;ail combine deux mondes gustatifs : <a href=\"\/?product_cat=historischer-senf\">la moutarde historique<\/a> , affin\u00e9e avec de l&rsquo;ail finement moulu. Aromatique et fort et \u00e9pic\u00e9 au go\u00fbt. Un coup de coeur garanti pour ceux qui aiment le copieux.<\/p>\n<h2>Comment est fabriqu\u00e9e la moutarde ?<\/h2>\n<p>Notre <a href=\"\/?product_cat=historischer-senf\">moutarde historique<\/a> sert \u00e9galement de base \u00e0 la variation de moutarde ici. Ensuite, l&rsquo;ail finement moulu est ajout\u00e9 et compl\u00e8te la moutarde \u00e0 gros grains, particuli\u00e8rement \u00e9pic\u00e9e.<\/p>\n<h2>Une exp\u00e9rience gustative copieuse et \u00e9pic\u00e9e<\/h2>\n<p>La moutarde m\u00e9diterran\u00e9enne est d\u00e9licieuse avec les salades et donne \u00e0 chaque vinaigrette une saveur particuli\u00e8re. Il est \u00e9galement parfait pour les plats de viande tels que l&rsquo;agneau ou les sp\u00e9cialit\u00e9s grecques copieuses telles que les gyros et les cevapcici. Il fait des saucisses de toutes sortes un mets d\u00e9licat. Une exp\u00e9rience gustative vari\u00e9e en pot.<br \/>\nPour une conservation optimale de la moutarde et de son piquant, veillez \u00e0 conserver la moutarde dans un endroit aussi frais et sombre que possible apr\u00e8s ouverture. Le produit \u00e9tant sensible \u00e0 la chaleur, les plats pr\u00e9par\u00e9s avec de la moutarde (par exemple les roulades) ont souvent un go\u00fbt beaucoup plus doux apr\u00e8s chauffage.<\/p>\n","protected":false},"excerpt":{"rendered":"<p>&#8211; Affin\u00e9 avec de l&rsquo;ail moulu<\/p>\n<p>&#8211; Go\u00fbt fort et \u00e9pic\u00e9<\/p>\n<p>&#8211; Accompagne parfaitement l&rsquo;agneau<\/p>\n","protected":false},"featured_media":9478,"template":"","meta":[],"product_brand":[],"product_cat":[83],"product_tag":[],"class_list":{"0":"post-10239","1":"product","2":"type-product","3":"status-publish","4":"has-post-thumbnail","6":"product_cat-moutarde","7":"product_shipping_class-expedition-assuree","9":"first","10":"instock","11":"taxable","12":"shipping-taxable","13":"purchasable","14":"product-type-variable","15":"has-default-attributes"},"yoast_head":"<!-- This site is optimized with the Yoast SEO plugin v27.2 - https:\/\/yoast.com\/product\/yoast-seo-wordpress\/ -->\n<title>acheter moutarde \u00e0 l&#039;ail en ligne - Historische Wasserm\u00fchle Birgel<\/title>\n<meta name=\"description\" content=\"Achetez de la moutarde \u00e0 l&#039;ail en ligne \u2714 Le chefm\u00fcller Erwin von der M\u00fchle produit ses moutardes selon des recettes anciennes et auto-d\u00e9velopp\u00e9es \u2714\" \/>\n<meta name=\"robots\" content=\"index, follow, max-snippet:-1, max-image-preview:large, max-video-preview:-1\" \/>\n<link rel=\"canonical\" href=\"https:\/\/www.muehlebirgel.de\/fr\/shop\/moutarde-a-lail\" \/>\n<meta property=\"og:locale\" content=\"fr_FR\" \/>\n<meta property=\"og:type\" content=\"article\" \/>\n<meta property=\"og:title\" content=\"acheter moutarde \u00e0 l&#039;ail en ligne - Historische Wasserm\u00fchle Birgel\" \/>\n<meta property=\"og:description\" content=\"Achetez de la moutarde \u00e0 l&#039;ail en ligne \u2714 Le chefm\u00fcller Erwin von der M\u00fchle produit ses moutardes selon des recettes anciennes et auto-d\u00e9velopp\u00e9es \u2714\" \/>\n<meta property=\"og:url\" content=\"https:\/\/www.muehlebirgel.de\/fr\/shop\/moutarde-a-lail\/\" \/>\n<meta property=\"og:site_name\" content=\"Historische Wasserm\u00fchle Birgel\" \/>\n<meta property=\"article:modified_time\" content=\"2025-08-14T14:17:12+00:00\" \/>\n<meta property=\"og:image\" content=\"https:\/\/www.muehlebirgel.de\/wp-content\/uploads\/2019\/12\/Knoblauch-Senf-200ml.png\" \/>\n\t<meta property=\"og:image:width\" content=\"1400\" \/>\n\t<meta property=\"og:image:height\" content=\"2101\" \/>\n\t<meta property=\"og:image:type\" content=\"image\/png\" \/>\n<meta name=\"twitter:card\" content=\"summary_large_image\" \/>\n<meta name=\"twitter:label1\" content=\"Dur\u00e9e de lecture estim\u00e9e\" \/>\n\t<meta name=\"twitter:data1\" content=\"1 minute\" \/>\n<script type=\"application\/ld+json\" class=\"yoast-schema-graph\">{\"@context\":\"https:\/\/schema.org\",\"@graph\":[{\"@type\":\"WebPage\",\"@id\":\"https:\/\/www.muehlebirgel.de\/fr\/shop\/moutarde-a-lail\",\"url\":\"https:\/\/www.muehlebirgel.de\/fr\/shop\/moutarde-a-lail\",\"name\":\"acheter moutarde \u00e0 l'ail en ligne - Historische Wasserm\u00fchle Birgel\",\"isPartOf\":{\"@id\":\"https:\/\/www.muehlebirgel.de\/fr\/#website\"},\"primaryImageOfPage\":{\"@id\":\"https:\/\/www.muehlebirgel.de\/fr\/shop\/moutarde-a-lail#primaryimage\"},\"image\":{\"@id\":\"https:\/\/www.muehlebirgel.de\/fr\/shop\/moutarde-a-lail#primaryimage\"},\"thumbnailUrl\":\"https:\/\/www.muehlebirgel.de\/wp-content\/uploads\/2019\/12\/Knoblauch-Senf-200ml.png\",\"datePublished\":\"2019-12-19T16:16:31+00:00\",\"dateModified\":\"2025-08-14T14:17:12+00:00\",\"description\":\"Achetez de la moutarde \u00e0 l'ail en ligne \u2714 Le chefm\u00fcller Erwin von der M\u00fchle produit ses moutardes selon des recettes anciennes et auto-d\u00e9velopp\u00e9es \u2714\",\"breadcrumb\":{\"@id\":\"https:\/\/www.muehlebirgel.de\/fr\/shop\/moutarde-a-lail#breadcrumb\"},\"inLanguage\":\"fr-FR\",\"potentialAction\":[{\"@type\":\"ReadAction\",\"target\":[\"https:\/\/www.muehlebirgel.de\/fr\/shop\/moutarde-a-lail\"]}]},{\"@type\":\"ImageObject\",\"inLanguage\":\"fr-FR\",\"@id\":\"https:\/\/www.muehlebirgel.de\/fr\/shop\/moutarde-a-lail#primaryimage\",\"url\":\"https:\/\/www.muehlebirgel.de\/wp-content\/uploads\/2019\/12\/Knoblauch-Senf-200ml.png\",\"contentUrl\":\"https:\/\/www.muehlebirgel.de\/wp-content\/uploads\/2019\/12\/Knoblauch-Senf-200ml.png\",\"width\":1400,\"height\":2101},{\"@type\":\"BreadcrumbList\",\"@id\":\"https:\/\/www.muehlebirgel.de\/fr\/shop\/moutarde-a-lail#breadcrumb\",\"itemListElement\":[{\"@type\":\"ListItem\",\"position\":1,\"name\":\"Startseite\",\"item\":\"https:\/\/www.muehlebirgel.de\/fr\"},{\"@type\":\"ListItem\",\"position\":2,\"name\":\"Produits\",\"item\":\"https:\/\/www.muehlebirgel.de\/fr\/shop\"},{\"@type\":\"ListItem\",\"position\":3,\"name\":\"moutarde \u00e0 l&#8217;ail\"}]},{\"@type\":\"WebSite\",\"@id\":\"https:\/\/www.muehlebirgel.de\/fr\/#website\",\"url\":\"https:\/\/www.muehlebirgel.de\/fr\/\",\"name\":\"Historische Wasserm\u00fchle Birgel\",\"description\":\"Willkommen im M\u00fchlen-Erlebniszentrum\",\"potentialAction\":[{\"@type\":\"SearchAction\",\"target\":{\"@type\":\"EntryPoint\",\"urlTemplate\":\"https:\/\/www.muehlebirgel.de\/fr\/?s={search_term_string}\"},\"query-input\":{\"@type\":\"PropertyValueSpecification\",\"valueRequired\":true,\"valueName\":\"search_term_string\"}}],\"inLanguage\":\"fr-FR\"}]}<\/script>\n<!-- \/ Yoast SEO plugin. -->","yoast_head_json":{"title":"acheter moutarde \u00e0 l'ail en ligne - Historische Wasserm\u00fchle Birgel","description":"Achetez de la moutarde \u00e0 l'ail en ligne \u2714 Le chefm\u00fcller Erwin von der M\u00fchle produit ses moutardes selon des recettes anciennes et auto-d\u00e9velopp\u00e9es \u2714","robots":{"index":"index","follow":"follow","max-snippet":"max-snippet:-1","max-image-preview":"max-image-preview:large","max-video-preview":"max-video-preview:-1"},"canonical":"https:\/\/www.muehlebirgel.de\/fr\/shop\/moutarde-a-lail","og_locale":"fr_FR","og_type":"article","og_title":"acheter moutarde \u00e0 l'ail en ligne - Historische Wasserm\u00fchle Birgel","og_description":"Achetez de la moutarde \u00e0 l'ail en ligne \u2714 Le chefm\u00fcller Erwin von der M\u00fchle produit ses moutardes selon des recettes anciennes et auto-d\u00e9velopp\u00e9es \u2714","og_url":"https:\/\/www.muehlebirgel.de\/fr\/shop\/moutarde-a-lail\/","og_site_name":"Historische Wasserm\u00fchle Birgel","article_modified_time":"2025-08-14T14:17:12+00:00","og_image":[{"width":1400,"height":2101,"url":"https:\/\/www.muehlebirgel.de\/wp-content\/uploads\/2019\/12\/Knoblauch-Senf-200ml.png","type":"image\/png"}],"twitter_card":"summary_large_image","twitter_misc":{"Dur\u00e9e de lecture estim\u00e9e":"1 minute"},"schema":{"@context":"https:\/\/schema.org","@graph":[{"@type":"WebPage","@id":"https:\/\/www.muehlebirgel.de\/fr\/shop\/moutarde-a-lail","url":"https:\/\/www.muehlebirgel.de\/fr\/shop\/moutarde-a-lail","name":"acheter moutarde \u00e0 l'ail en ligne - Historische Wasserm\u00fchle Birgel","isPartOf":{"@id":"https:\/\/www.muehlebirgel.de\/fr\/#website"},"primaryImageOfPage":{"@id":"https:\/\/www.muehlebirgel.de\/fr\/shop\/moutarde-a-lail#primaryimage"},"image":{"@id":"https:\/\/www.muehlebirgel.de\/fr\/shop\/moutarde-a-lail#primaryimage"},"thumbnailUrl":"https:\/\/www.muehlebirgel.de\/wp-content\/uploads\/2019\/12\/Knoblauch-Senf-200ml.png","datePublished":"2019-12-19T16:16:31+00:00","dateModified":"2025-08-14T14:17:12+00:00","description":"Achetez de la moutarde \u00e0 l'ail en ligne \u2714 Le chefm\u00fcller Erwin von der M\u00fchle produit ses moutardes selon des recettes anciennes et auto-d\u00e9velopp\u00e9es \u2714","breadcrumb":{"@id":"https:\/\/www.muehlebirgel.de\/fr\/shop\/moutarde-a-lail#breadcrumb"},"inLanguage":"fr-FR","potentialAction":[{"@type":"ReadAction","target":["https:\/\/www.muehlebirgel.de\/fr\/shop\/moutarde-a-lail"]}]},{"@type":"ImageObject","inLanguage":"fr-FR","@id":"https:\/\/www.muehlebirgel.de\/fr\/shop\/moutarde-a-lail#primaryimage","url":"https:\/\/www.muehlebirgel.de\/wp-content\/uploads\/2019\/12\/Knoblauch-Senf-200ml.png","contentUrl":"https:\/\/www.muehlebirgel.de\/wp-content\/uploads\/2019\/12\/Knoblauch-Senf-200ml.png","width":1400,"height":2101},{"@type":"BreadcrumbList","@id":"https:\/\/www.muehlebirgel.de\/fr\/shop\/moutarde-a-lail#breadcrumb","itemListElement":[{"@type":"ListItem","position":1,"name":"Startseite","item":"https:\/\/www.muehlebirgel.de\/fr"},{"@type":"ListItem","position":2,"name":"Produits","item":"https:\/\/www.muehlebirgel.de\/fr\/shop"},{"@type":"ListItem","position":3,"name":"moutarde \u00e0 l&#8217;ail"}]},{"@type":"WebSite","@id":"https:\/\/www.muehlebirgel.de\/fr\/#website","url":"https:\/\/www.muehlebirgel.de\/fr\/","name":"Historische Wasserm\u00fchle Birgel","description":"Willkommen im M\u00fchlen-Erlebniszentrum","potentialAction":[{"@type":"SearchAction","target":{"@type":"EntryPoint","urlTemplate":"https:\/\/www.muehlebirgel.de\/fr\/?s={search_term_string}"},"query-input":{"@type":"PropertyValueSpecification","valueRequired":true,"valueName":"search_term_string"}}],"inLanguage":"fr-FR"}]}},"_links":{"self":[{"href":"https:\/\/www.muehlebirgel.de\/fr\/wp-json\/wp\/v2\/product\/10239","targetHints":{"allow":["GET"]}}],"collection":[{"href":"https:\/\/www.muehlebirgel.de\/fr\/wp-json\/wp\/v2\/product"}],"about":[{"href":"https:\/\/www.muehlebirgel.de\/fr\/wp-json\/wp\/v2\/types\/product"}],"wp:featuredmedia":[{"embeddable":true,"href":"https:\/\/www.muehlebirgel.de\/fr\/wp-json\/wp\/v2\/media\/9478"}],"wp:attachment":[{"href":"https:\/\/www.muehlebirgel.de\/fr\/wp-json\/wp\/v2\/media?parent=10239"}],"wp:term":[{"taxonomy":"product_brand","embeddable":true,"href":"https:\/\/www.muehlebirgel.de\/fr\/wp-json\/wp\/v2\/product_brand?post=10239"},{"taxonomy":"product_cat","embeddable":true,"href":"https:\/\/www.muehlebirgel.de\/fr\/wp-json\/wp\/v2\/product_cat?post=10239"},{"taxonomy":"product_tag","embeddable":true,"href":"https:\/\/www.muehlebirgel.de\/fr\/wp-json\/wp\/v2\/product_tag?post=10239"}],"curies":[{"name":"wp","href":"https:\/\/api.w.org\/{rel}","templated":true}]}}