{"id":10243,"date":"2019-12-19T16:16:31","date_gmt":"2021-12-10T15:11:44","guid":{"rendered":"https:\/\/www.muehlebirgel.de\/shop\/mettwurst\/"},"modified":"2022-09-12T08:46:44","modified_gmt":"2022-09-12T07:46:44","slug":"mettwurst","status":"publish","type":"product","link":"https:\/\/www.muehlebirgel.de\/fr\/shop\/mettwurst","title":{"rendered":"Mettwurst"},"content":{"rendered":"<p>Notre Eifeler Mettwurst est une saucisse de moulin traditionnelle de premi\u00e8re qualit\u00e9, tr\u00e8s appr\u00e9ci\u00e9e de nos clients du moulin. La saucisse de campagne est \u00e9labor\u00e9e \u00e0 base de porc et affin\u00e9e lors de la fabrication avec des oignons frais et des \u00e9pices s\u00e9lectionn\u00e9es, avant d&rsquo;\u00eatre affectueusement servie dans un verre de 300 g. La viande provient d&rsquo;abattoirs terriens r\u00e9gionaux et nous attachons une grande importance aux normes de qualit\u00e9 les plus \u00e9lev\u00e9es. Leur go\u00fbt unique et leur style fait maison font de cette saucisse \u00e0 tartiner dans un verre une v\u00e9ritable saucisse crue de d\u00e9lice.<\/p>\n<h2>Comment appr\u00e9ciez-vous la Mettwurst<\/h2>\n<p>La saucisse \u00e0 tartiner est bonne \u00e0 tout moment de la journ\u00e9e, que ce soit pour le petit-d\u00e9jeuner, le d\u00e9jeuner ou le d\u00eener. Il est meilleur servi sur une tranche de pain frais ou un petit pain croustillant. L&rsquo;ajout d&rsquo;oignons blancs finement hach\u00e9s compl\u00e8te l&rsquo;exp\u00e9rience de plaisir.<\/p>\n","protected":false},"excerpt":{"rendered":"<p>Fabriqu\u00e9 \u00e0 partir de porc et raffin\u00e9 avec des oignons frais et des \u00e9pices s\u00e9lectionn\u00e9es<\/p>\n","protected":false},"featured_media":9391,"template":"","meta":[],"product_brand":[],"product_cat":[117],"product_tag":[],"class_list":{"0":"post-10243","1":"product","2":"type-product","3":"status-publish","4":"has-post-thumbnail","6":"product_cat-saucisse","7":"product_shipping_class-expedition-assuree","9":"first","10":"instock","11":"taxable","12":"shipping-taxable","13":"purchasable","14":"product-type-simple"},"yoast_head":"<!-- This site is optimized with the Yoast SEO plugin v27.2 - https:\/\/yoast.com\/product\/yoast-seo-wordpress\/ -->\n<title>de Mettwurst acheter en ligne - Historische Wasserm\u00fchle Birgel<\/title>\n<meta name=\"description\" content=\"Notre Mettwurst est fabriqu\u00e9e \u00e0 partir de porc et raffin\u00e9e pendant la production avec des oignons frais et des \u00e9pices s\u00e9lectionn\u00e9es.\" \/>\n<meta name=\"robots\" content=\"index, follow, max-snippet:-1, max-image-preview:large, max-video-preview:-1\" \/>\n<link rel=\"canonical\" href=\"https:\/\/www.muehlebirgel.de\/fr\/shop\/mettwurst\" \/>\n<meta property=\"og:locale\" content=\"fr_FR\" \/>\n<meta property=\"og:type\" content=\"article\" \/>\n<meta property=\"og:title\" content=\"de Mettwurst acheter en ligne - Historische Wasserm\u00fchle Birgel\" \/>\n<meta property=\"og:description\" content=\"Notre Mettwurst est fabriqu\u00e9e \u00e0 partir de porc et raffin\u00e9e pendant la production avec des oignons frais et des \u00e9pices s\u00e9lectionn\u00e9es.\" \/>\n<meta property=\"og:url\" content=\"https:\/\/www.muehlebirgel.de\/fr\/shop\/mettwurst\/\" \/>\n<meta property=\"og:site_name\" content=\"Historische Wasserm\u00fchle Birgel\" \/>\n<meta property=\"article:modified_time\" content=\"2022-09-12T07:46:44+00:00\" \/>\n<meta property=\"og:image\" content=\"https:\/\/www.muehlebirgel.de\/wp-content\/uploads\/2019\/12\/MEW02-Mettwurst.png\" \/>\n\t<meta property=\"og:image:width\" content=\"1500\" \/>\n\t<meta property=\"og:image:height\" content=\"2250\" \/>\n\t<meta property=\"og:image:type\" content=\"image\/png\" \/>\n<meta name=\"twitter:card\" content=\"summary_large_image\" \/>\n<meta name=\"twitter:label1\" content=\"Dur\u00e9e de lecture estim\u00e9e\" \/>\n\t<meta name=\"twitter:data1\" content=\"1 minute\" \/>\n<script type=\"application\/ld+json\" class=\"yoast-schema-graph\">{\"@context\":\"https:\/\/schema.org\",\"@graph\":[{\"@type\":\"WebPage\",\"@id\":\"https:\/\/www.muehlebirgel.de\/fr\/shop\/mettwurst\",\"url\":\"https:\/\/www.muehlebirgel.de\/fr\/shop\/mettwurst\",\"name\":\"de Mettwurst acheter en ligne - Historische Wasserm\u00fchle Birgel\",\"isPartOf\":{\"@id\":\"https:\/\/www.muehlebirgel.de\/fr\/#website\"},\"primaryImageOfPage\":{\"@id\":\"https:\/\/www.muehlebirgel.de\/fr\/shop\/mettwurst#primaryimage\"},\"image\":{\"@id\":\"https:\/\/www.muehlebirgel.de\/fr\/shop\/mettwurst#primaryimage\"},\"thumbnailUrl\":\"https:\/\/www.muehlebirgel.de\/wp-content\/uploads\/2019\/12\/MEW02-Mettwurst.png\",\"datePublished\":\"2021-12-10T15:11:44+00:00\",\"dateModified\":\"2022-09-12T07:46:44+00:00\",\"description\":\"Notre Mettwurst est fabriqu\u00e9e \u00e0 partir de porc et raffin\u00e9e pendant la production avec des oignons frais et des \u00e9pices s\u00e9lectionn\u00e9es.\",\"breadcrumb\":{\"@id\":\"https:\/\/www.muehlebirgel.de\/fr\/shop\/mettwurst#breadcrumb\"},\"inLanguage\":\"fr-FR\",\"potentialAction\":[{\"@type\":\"ReadAction\",\"target\":[\"https:\/\/www.muehlebirgel.de\/fr\/shop\/mettwurst\"]}]},{\"@type\":\"ImageObject\",\"inLanguage\":\"fr-FR\",\"@id\":\"https:\/\/www.muehlebirgel.de\/fr\/shop\/mettwurst#primaryimage\",\"url\":\"https:\/\/www.muehlebirgel.de\/wp-content\/uploads\/2019\/12\/MEW02-Mettwurst.png\",\"contentUrl\":\"https:\/\/www.muehlebirgel.de\/wp-content\/uploads\/2019\/12\/MEW02-Mettwurst.png\",\"width\":1500,\"height\":2250},{\"@type\":\"BreadcrumbList\",\"@id\":\"https:\/\/www.muehlebirgel.de\/fr\/shop\/mettwurst#breadcrumb\",\"itemListElement\":[{\"@type\":\"ListItem\",\"position\":1,\"name\":\"Startseite\",\"item\":\"https:\/\/www.muehlebirgel.de\/fr\"},{\"@type\":\"ListItem\",\"position\":2,\"name\":\"Produits\",\"item\":\"https:\/\/www.muehlebirgel.de\/fr\/shop\"},{\"@type\":\"ListItem\",\"position\":3,\"name\":\"Mettwurst\"}]},{\"@type\":\"WebSite\",\"@id\":\"https:\/\/www.muehlebirgel.de\/fr\/#website\",\"url\":\"https:\/\/www.muehlebirgel.de\/fr\/\",\"name\":\"Historische Wasserm\u00fchle Birgel\",\"description\":\"Willkommen im M\u00fchlen-Erlebniszentrum\",\"potentialAction\":[{\"@type\":\"SearchAction\",\"target\":{\"@type\":\"EntryPoint\",\"urlTemplate\":\"https:\/\/www.muehlebirgel.de\/fr\/?s={search_term_string}\"},\"query-input\":{\"@type\":\"PropertyValueSpecification\",\"valueRequired\":true,\"valueName\":\"search_term_string\"}}],\"inLanguage\":\"fr-FR\"}]}<\/script>\n<!-- \/ Yoast SEO plugin. -->","yoast_head_json":{"title":"de Mettwurst acheter en ligne - Historische Wasserm\u00fchle Birgel","description":"Notre Mettwurst est fabriqu\u00e9e \u00e0 partir de porc et raffin\u00e9e pendant la production avec des oignons frais et des \u00e9pices s\u00e9lectionn\u00e9es.","robots":{"index":"index","follow":"follow","max-snippet":"max-snippet:-1","max-image-preview":"max-image-preview:large","max-video-preview":"max-video-preview:-1"},"canonical":"https:\/\/www.muehlebirgel.de\/fr\/shop\/mettwurst","og_locale":"fr_FR","og_type":"article","og_title":"de Mettwurst acheter en ligne - Historische Wasserm\u00fchle Birgel","og_description":"Notre Mettwurst est fabriqu\u00e9e \u00e0 partir de porc et raffin\u00e9e pendant la production avec des oignons frais et des \u00e9pices s\u00e9lectionn\u00e9es.","og_url":"https:\/\/www.muehlebirgel.de\/fr\/shop\/mettwurst\/","og_site_name":"Historische Wasserm\u00fchle Birgel","article_modified_time":"2022-09-12T07:46:44+00:00","og_image":[{"width":1500,"height":2250,"url":"https:\/\/www.muehlebirgel.de\/wp-content\/uploads\/2019\/12\/MEW02-Mettwurst.png","type":"image\/png"}],"twitter_card":"summary_large_image","twitter_misc":{"Dur\u00e9e de lecture estim\u00e9e":"1 minute"},"schema":{"@context":"https:\/\/schema.org","@graph":[{"@type":"WebPage","@id":"https:\/\/www.muehlebirgel.de\/fr\/shop\/mettwurst","url":"https:\/\/www.muehlebirgel.de\/fr\/shop\/mettwurst","name":"de Mettwurst acheter en ligne - Historische Wasserm\u00fchle Birgel","isPartOf":{"@id":"https:\/\/www.muehlebirgel.de\/fr\/#website"},"primaryImageOfPage":{"@id":"https:\/\/www.muehlebirgel.de\/fr\/shop\/mettwurst#primaryimage"},"image":{"@id":"https:\/\/www.muehlebirgel.de\/fr\/shop\/mettwurst#primaryimage"},"thumbnailUrl":"https:\/\/www.muehlebirgel.de\/wp-content\/uploads\/2019\/12\/MEW02-Mettwurst.png","datePublished":"2021-12-10T15:11:44+00:00","dateModified":"2022-09-12T07:46:44+00:00","description":"Notre Mettwurst est fabriqu\u00e9e \u00e0 partir de porc et raffin\u00e9e pendant la production avec des oignons frais et des \u00e9pices s\u00e9lectionn\u00e9es.","breadcrumb":{"@id":"https:\/\/www.muehlebirgel.de\/fr\/shop\/mettwurst#breadcrumb"},"inLanguage":"fr-FR","potentialAction":[{"@type":"ReadAction","target":["https:\/\/www.muehlebirgel.de\/fr\/shop\/mettwurst"]}]},{"@type":"ImageObject","inLanguage":"fr-FR","@id":"https:\/\/www.muehlebirgel.de\/fr\/shop\/mettwurst#primaryimage","url":"https:\/\/www.muehlebirgel.de\/wp-content\/uploads\/2019\/12\/MEW02-Mettwurst.png","contentUrl":"https:\/\/www.muehlebirgel.de\/wp-content\/uploads\/2019\/12\/MEW02-Mettwurst.png","width":1500,"height":2250},{"@type":"BreadcrumbList","@id":"https:\/\/www.muehlebirgel.de\/fr\/shop\/mettwurst#breadcrumb","itemListElement":[{"@type":"ListItem","position":1,"name":"Startseite","item":"https:\/\/www.muehlebirgel.de\/fr"},{"@type":"ListItem","position":2,"name":"Produits","item":"https:\/\/www.muehlebirgel.de\/fr\/shop"},{"@type":"ListItem","position":3,"name":"Mettwurst"}]},{"@type":"WebSite","@id":"https:\/\/www.muehlebirgel.de\/fr\/#website","url":"https:\/\/www.muehlebirgel.de\/fr\/","name":"Historische Wasserm\u00fchle Birgel","description":"Willkommen im M\u00fchlen-Erlebniszentrum","potentialAction":[{"@type":"SearchAction","target":{"@type":"EntryPoint","urlTemplate":"https:\/\/www.muehlebirgel.de\/fr\/?s={search_term_string}"},"query-input":{"@type":"PropertyValueSpecification","valueRequired":true,"valueName":"search_term_string"}}],"inLanguage":"fr-FR"}]}},"_links":{"self":[{"href":"https:\/\/www.muehlebirgel.de\/fr\/wp-json\/wp\/v2\/product\/10243","targetHints":{"allow":["GET"]}}],"collection":[{"href":"https:\/\/www.muehlebirgel.de\/fr\/wp-json\/wp\/v2\/product"}],"about":[{"href":"https:\/\/www.muehlebirgel.de\/fr\/wp-json\/wp\/v2\/types\/product"}],"wp:featuredmedia":[{"embeddable":true,"href":"https:\/\/www.muehlebirgel.de\/fr\/wp-json\/wp\/v2\/media\/9391"}],"wp:attachment":[{"href":"https:\/\/www.muehlebirgel.de\/fr\/wp-json\/wp\/v2\/media?parent=10243"}],"wp:term":[{"taxonomy":"product_brand","embeddable":true,"href":"https:\/\/www.muehlebirgel.de\/fr\/wp-json\/wp\/v2\/product_brand?post=10243"},{"taxonomy":"product_cat","embeddable":true,"href":"https:\/\/www.muehlebirgel.de\/fr\/wp-json\/wp\/v2\/product_cat?post=10243"},{"taxonomy":"product_tag","embeddable":true,"href":"https:\/\/www.muehlebirgel.de\/fr\/wp-json\/wp\/v2\/product_tag?post=10243"}],"curies":[{"name":"wp","href":"https:\/\/api.w.org\/{rel}","templated":true}]}}