{"id":10245,"date":"2019-12-19T16:16:32","date_gmt":"2019-12-19T16:16:32","guid":{"rendered":"https:\/\/www.muehlebirgel.de\/shop\/moutarde-douce-moutarde-au-miel-historique\/"},"modified":"2025-08-14T16:15:26","modified_gmt":"2025-08-14T14:15:26","slug":"moutarde-au-miel","status":"publish","type":"product","link":"https:\/\/www.muehlebirgel.de\/fr\/shop\/moutarde-au-miel","title":{"rendered":"Moutarde douce &#8211; moutarde au miel historique"},"content":{"rendered":"<h2>Moutarde douce de l&rsquo;Eifel<\/h2>\n<p>Douce &amp; piquante en parfaite harmonie : une moutarde avec une note merveilleusement fine du degr\u00e9 de piquant inf\u00e9rieur. Avec une teneur en miel de 30%, notre moutarde au miel se caract\u00e9rise par sa douceur particuli\u00e8rement naturelle.<\/p>\n<h2>Comment est fabriqu\u00e9e la moutarde ?<\/h2>\n<p>Notre moutarde traditionnelle historique sert de base \u00e0 la moutarde de la gamme Moulin, qui est affin\u00e9e au miel. Chefm\u00fcller Erwin fabrique chacun des types de moutarde selon d&rsquo;anciennes recettes qu&rsquo;il a lui-m\u00eame \u00e9labor\u00e9es.<\/p>\n<h2>Charmant, intense et surtout bon \u00e0 ..<\/h2>\n<p>La combinaison de saveurs se marie parfaitement avec la volaille, la viande et le poisson. En tant que vinaigrette \u00e0 la moutarde et au miel, elle transforme chaque salade verte, paprika, ma\u00efs et cie en un d\u00e9lice. Qu&rsquo;elle soit servie comme simple trempette, comme sauce \u00e0 la moutarde pour accompagner des sandwichs ou des wraps, ou qu&rsquo;elle soit consomm\u00e9e de multiples fa\u00e7ons avec la raclette et la fondue pendant les f\u00eates, l&rsquo;association du miel cr\u00e9meux et de la moutarde historique est un d\u00e9lice.<br \/>\nPour conserver au mieux la moutarde et son piquant, veillez \u00e0 la stocker dans un endroit aussi frais et sombre que possible apr\u00e8s ouverture.<\/p>\n","protected":false},"excerpt":{"rendered":"<p>&#8211; affin\u00e9e avec du miel cr\u00e9meux<\/p>\n<p>&#8211; Excellente moutarde pour les salades<\/p>\n<p>&#8211; Id\u00e9ale pour les vinaigrettes au miel<\/p>\n","protected":false},"featured_media":9466,"template":"","meta":[],"product_brand":[],"product_cat":[83],"product_tag":[],"class_list":{"0":"post-10245","1":"product","2":"type-product","3":"status-publish","4":"has-post-thumbnail","6":"product_cat-moutarde","7":"product_shipping_class-expedition-assuree","9":"first","10":"instock","11":"taxable","12":"shipping-taxable","13":"purchasable","14":"product-type-variable","15":"has-default-attributes"},"yoast_head":"<!-- This site is optimized with the Yoast SEO plugin v27.2 - https:\/\/yoast.com\/product\/yoast-seo-wordpress\/ -->\n<title>acheter Moutarde douce - moutarde au miel historique en ligne - Historische Wasserm\u00fchle Birgel<\/title>\n<meta name=\"description\" content=\"Achetez de la moutarde au miel en ligne \u2714 Le chefm\u00fcller Erwin von der M\u00fchle fabrique ses moutardes selon des recettes anciennes et auto-d\u00e9velopp\u00e9es \u2714\" \/>\n<meta name=\"robots\" content=\"index, follow, max-snippet:-1, max-image-preview:large, max-video-preview:-1\" \/>\n<link rel=\"canonical\" href=\"https:\/\/www.muehlebirgel.de\/fr\/shop\/moutarde-au-miel\" \/>\n<meta property=\"og:locale\" content=\"fr_FR\" \/>\n<meta property=\"og:type\" content=\"article\" \/>\n<meta property=\"og:title\" content=\"acheter Moutarde douce - moutarde au miel historique en ligne - Historische Wasserm\u00fchle Birgel\" \/>\n<meta property=\"og:description\" content=\"Achetez de la moutarde au miel en ligne \u2714 Le chefm\u00fcller Erwin von der M\u00fchle fabrique ses moutardes selon des recettes anciennes et auto-d\u00e9velopp\u00e9es \u2714\" \/>\n<meta property=\"og:url\" content=\"https:\/\/www.muehlebirgel.de\/fr\/shop\/moutarde-au-miel\/\" \/>\n<meta property=\"og:site_name\" content=\"Historische Wasserm\u00fchle Birgel\" \/>\n<meta property=\"article:modified_time\" content=\"2025-08-14T14:15:26+00:00\" \/>\n<meta property=\"og:image\" content=\"https:\/\/www.muehlebirgel.de\/wp-content\/uploads\/2019\/12\/Honig-Senf-200ml.png\" \/>\n\t<meta property=\"og:image:width\" content=\"1400\" \/>\n\t<meta property=\"og:image:height\" content=\"2101\" \/>\n\t<meta property=\"og:image:type\" content=\"image\/png\" \/>\n<meta name=\"twitter:card\" content=\"summary_large_image\" \/>\n<meta name=\"twitter:label1\" content=\"Dur\u00e9e de lecture estim\u00e9e\" \/>\n\t<meta name=\"twitter:data1\" content=\"1 minute\" \/>\n<script type=\"application\/ld+json\" class=\"yoast-schema-graph\">{\"@context\":\"https:\/\/schema.org\",\"@graph\":[{\"@type\":\"WebPage\",\"@id\":\"https:\/\/www.muehlebirgel.de\/fr\/shop\/moutarde-au-miel\",\"url\":\"https:\/\/www.muehlebirgel.de\/fr\/shop\/moutarde-au-miel\",\"name\":\"acheter Moutarde douce - moutarde au miel historique en ligne - Historische Wasserm\u00fchle Birgel\",\"isPartOf\":{\"@id\":\"https:\/\/www.muehlebirgel.de\/fr\/#website\"},\"primaryImageOfPage\":{\"@id\":\"https:\/\/www.muehlebirgel.de\/fr\/shop\/moutarde-au-miel#primaryimage\"},\"image\":{\"@id\":\"https:\/\/www.muehlebirgel.de\/fr\/shop\/moutarde-au-miel#primaryimage\"},\"thumbnailUrl\":\"https:\/\/www.muehlebirgel.de\/wp-content\/uploads\/2019\/12\/Honig-Senf-200ml.png\",\"datePublished\":\"2019-12-19T16:16:32+00:00\",\"dateModified\":\"2025-08-14T14:15:26+00:00\",\"description\":\"Achetez de la moutarde au miel en ligne \u2714 Le chefm\u00fcller Erwin von der M\u00fchle fabrique ses moutardes selon des recettes anciennes et auto-d\u00e9velopp\u00e9es \u2714\",\"breadcrumb\":{\"@id\":\"https:\/\/www.muehlebirgel.de\/fr\/shop\/moutarde-au-miel#breadcrumb\"},\"inLanguage\":\"fr-FR\",\"potentialAction\":[{\"@type\":\"ReadAction\",\"target\":[\"https:\/\/www.muehlebirgel.de\/fr\/shop\/moutarde-au-miel\"]}]},{\"@type\":\"ImageObject\",\"inLanguage\":\"fr-FR\",\"@id\":\"https:\/\/www.muehlebirgel.de\/fr\/shop\/moutarde-au-miel#primaryimage\",\"url\":\"https:\/\/www.muehlebirgel.de\/wp-content\/uploads\/2019\/12\/Honig-Senf-200ml.png\",\"contentUrl\":\"https:\/\/www.muehlebirgel.de\/wp-content\/uploads\/2019\/12\/Honig-Senf-200ml.png\",\"width\":1400,\"height\":2101},{\"@type\":\"BreadcrumbList\",\"@id\":\"https:\/\/www.muehlebirgel.de\/fr\/shop\/moutarde-au-miel#breadcrumb\",\"itemListElement\":[{\"@type\":\"ListItem\",\"position\":1,\"name\":\"Startseite\",\"item\":\"https:\/\/www.muehlebirgel.de\/fr\"},{\"@type\":\"ListItem\",\"position\":2,\"name\":\"Produits\",\"item\":\"https:\/\/www.muehlebirgel.de\/fr\/shop\"},{\"@type\":\"ListItem\",\"position\":3,\"name\":\"Moutarde douce &#8211; moutarde au miel historique\"}]},{\"@type\":\"WebSite\",\"@id\":\"https:\/\/www.muehlebirgel.de\/fr\/#website\",\"url\":\"https:\/\/www.muehlebirgel.de\/fr\/\",\"name\":\"Historische Wasserm\u00fchle Birgel\",\"description\":\"Willkommen im M\u00fchlen-Erlebniszentrum\",\"potentialAction\":[{\"@type\":\"SearchAction\",\"target\":{\"@type\":\"EntryPoint\",\"urlTemplate\":\"https:\/\/www.muehlebirgel.de\/fr\/?s={search_term_string}\"},\"query-input\":{\"@type\":\"PropertyValueSpecification\",\"valueRequired\":true,\"valueName\":\"search_term_string\"}}],\"inLanguage\":\"fr-FR\"}]}<\/script>\n<!-- \/ Yoast SEO plugin. -->","yoast_head_json":{"title":"acheter Moutarde douce - moutarde au miel historique en ligne - Historische Wasserm\u00fchle Birgel","description":"Achetez de la moutarde au miel en ligne \u2714 Le chefm\u00fcller Erwin von der M\u00fchle fabrique ses moutardes selon des recettes anciennes et auto-d\u00e9velopp\u00e9es \u2714","robots":{"index":"index","follow":"follow","max-snippet":"max-snippet:-1","max-image-preview":"max-image-preview:large","max-video-preview":"max-video-preview:-1"},"canonical":"https:\/\/www.muehlebirgel.de\/fr\/shop\/moutarde-au-miel","og_locale":"fr_FR","og_type":"article","og_title":"acheter Moutarde douce - moutarde au miel historique en ligne - Historische Wasserm\u00fchle Birgel","og_description":"Achetez de la moutarde au miel en ligne \u2714 Le chefm\u00fcller Erwin von der M\u00fchle fabrique ses moutardes selon des recettes anciennes et auto-d\u00e9velopp\u00e9es \u2714","og_url":"https:\/\/www.muehlebirgel.de\/fr\/shop\/moutarde-au-miel\/","og_site_name":"Historische Wasserm\u00fchle Birgel","article_modified_time":"2025-08-14T14:15:26+00:00","og_image":[{"width":1400,"height":2101,"url":"https:\/\/www.muehlebirgel.de\/wp-content\/uploads\/2019\/12\/Honig-Senf-200ml.png","type":"image\/png"}],"twitter_card":"summary_large_image","twitter_misc":{"Dur\u00e9e de lecture estim\u00e9e":"1 minute"},"schema":{"@context":"https:\/\/schema.org","@graph":[{"@type":"WebPage","@id":"https:\/\/www.muehlebirgel.de\/fr\/shop\/moutarde-au-miel","url":"https:\/\/www.muehlebirgel.de\/fr\/shop\/moutarde-au-miel","name":"acheter Moutarde douce - moutarde au miel historique en ligne - Historische Wasserm\u00fchle Birgel","isPartOf":{"@id":"https:\/\/www.muehlebirgel.de\/fr\/#website"},"primaryImageOfPage":{"@id":"https:\/\/www.muehlebirgel.de\/fr\/shop\/moutarde-au-miel#primaryimage"},"image":{"@id":"https:\/\/www.muehlebirgel.de\/fr\/shop\/moutarde-au-miel#primaryimage"},"thumbnailUrl":"https:\/\/www.muehlebirgel.de\/wp-content\/uploads\/2019\/12\/Honig-Senf-200ml.png","datePublished":"2019-12-19T16:16:32+00:00","dateModified":"2025-08-14T14:15:26+00:00","description":"Achetez de la moutarde au miel en ligne \u2714 Le chefm\u00fcller Erwin von der M\u00fchle fabrique ses moutardes selon des recettes anciennes et auto-d\u00e9velopp\u00e9es \u2714","breadcrumb":{"@id":"https:\/\/www.muehlebirgel.de\/fr\/shop\/moutarde-au-miel#breadcrumb"},"inLanguage":"fr-FR","potentialAction":[{"@type":"ReadAction","target":["https:\/\/www.muehlebirgel.de\/fr\/shop\/moutarde-au-miel"]}]},{"@type":"ImageObject","inLanguage":"fr-FR","@id":"https:\/\/www.muehlebirgel.de\/fr\/shop\/moutarde-au-miel#primaryimage","url":"https:\/\/www.muehlebirgel.de\/wp-content\/uploads\/2019\/12\/Honig-Senf-200ml.png","contentUrl":"https:\/\/www.muehlebirgel.de\/wp-content\/uploads\/2019\/12\/Honig-Senf-200ml.png","width":1400,"height":2101},{"@type":"BreadcrumbList","@id":"https:\/\/www.muehlebirgel.de\/fr\/shop\/moutarde-au-miel#breadcrumb","itemListElement":[{"@type":"ListItem","position":1,"name":"Startseite","item":"https:\/\/www.muehlebirgel.de\/fr"},{"@type":"ListItem","position":2,"name":"Produits","item":"https:\/\/www.muehlebirgel.de\/fr\/shop"},{"@type":"ListItem","position":3,"name":"Moutarde douce &#8211; moutarde au miel historique"}]},{"@type":"WebSite","@id":"https:\/\/www.muehlebirgel.de\/fr\/#website","url":"https:\/\/www.muehlebirgel.de\/fr\/","name":"Historische Wasserm\u00fchle Birgel","description":"Willkommen im M\u00fchlen-Erlebniszentrum","potentialAction":[{"@type":"SearchAction","target":{"@type":"EntryPoint","urlTemplate":"https:\/\/www.muehlebirgel.de\/fr\/?s={search_term_string}"},"query-input":{"@type":"PropertyValueSpecification","valueRequired":true,"valueName":"search_term_string"}}],"inLanguage":"fr-FR"}]}},"_links":{"self":[{"href":"https:\/\/www.muehlebirgel.de\/fr\/wp-json\/wp\/v2\/product\/10245","targetHints":{"allow":["GET"]}}],"collection":[{"href":"https:\/\/www.muehlebirgel.de\/fr\/wp-json\/wp\/v2\/product"}],"about":[{"href":"https:\/\/www.muehlebirgel.de\/fr\/wp-json\/wp\/v2\/types\/product"}],"wp:featuredmedia":[{"embeddable":true,"href":"https:\/\/www.muehlebirgel.de\/fr\/wp-json\/wp\/v2\/media\/9466"}],"wp:attachment":[{"href":"https:\/\/www.muehlebirgel.de\/fr\/wp-json\/wp\/v2\/media?parent=10245"}],"wp:term":[{"taxonomy":"product_brand","embeddable":true,"href":"https:\/\/www.muehlebirgel.de\/fr\/wp-json\/wp\/v2\/product_brand?post=10245"},{"taxonomy":"product_cat","embeddable":true,"href":"https:\/\/www.muehlebirgel.de\/fr\/wp-json\/wp\/v2\/product_cat?post=10245"},{"taxonomy":"product_tag","embeddable":true,"href":"https:\/\/www.muehlebirgel.de\/fr\/wp-json\/wp\/v2\/product_tag?post=10245"}],"curies":[{"name":"wp","href":"https:\/\/api.w.org\/{rel}","templated":true}]}}