{"id":10260,"date":"2019-12-19T16:16:31","date_gmt":"2019-12-19T16:16:31","guid":{"rendered":"https:\/\/www.muehlebirgel.de\/shop\/moutarde-au-champagne-et-au-cassis\/"},"modified":"2025-08-14T16:16:30","modified_gmt":"2025-08-14T14:16:30","slug":"champagne-cassis-moutarde","status":"publish","type":"product","link":"https:\/\/www.muehlebirgel.de\/fr\/shop\/champagne-cassis-moutarde","title":{"rendered":"Moutarde au champagne et au cassis"},"content":{"rendered":"<h2>Champagne et moutarde de cassis de l&rsquo;Eifel<\/h2>\n<p>Produit de luxe, moutarde ou les deux ? Notre moutarde champagne et cassis s\u00e9duit par son extravagance et sa douceur particuli\u00e8rement noble. Une Moutarde Royale qui impressionne par ses graines de moutarde grossi\u00e8rement moulues et enti\u00e8res et qui est ensuite affin\u00e9e avec du champagne.<\/p>\n<h2>Comment est fabriqu\u00e9e la moutarde ?<\/h2>\n<p>Notre moutarde traditionnelle historique sert de base \u00e0 la cr\u00e9ation de moutarde raffin\u00e9e \u00e0 la liqueur et au champagne. L&rsquo;ajout de liqueur de cassis conf\u00e8re \u00e0 la moutarde extr\u00eamement aromatique une merveilleuse note fruit\u00e9e. L&rsquo;ajout d&rsquo;un shot du meilleur champagne compl\u00e8te la sp\u00e9cialit\u00e9 de moutarde.<\/p>\n<h2>Avec quoi peut-on combiner la moutarde ? Un d\u00e9licieux accroche-regard<\/h2>\n<p>Temps pour la cr\u00e9ativit\u00e9. En raison de son go\u00fbt extraordinaire, la moutarde peut \u00eatre appr\u00e9ci\u00e9e de diff\u00e9rentes mani\u00e8res et garantit un accroche-regard sur la table au petit-d\u00e9jeuner, au d\u00e9jeuner ou au d\u00eener. La moutarde douce se marie bien avec les r\u00f4tis, les viandes grill\u00e9es et les poissons. Mais elle est aussi particuli\u00e8rement savoureuse en sauce \u00e0 salade ou sur un plateau de fromages.<br \/>\nPour pr\u00e9server au mieux la moutarde et son piquant, veillez \u00e0 la conserver dans un endroit aussi frais et sombre que possible apr\u00e8s ouverture.<\/p>\n<p>&nbsp;<\/p>\n","protected":false},"excerpt":{"rendered":"<p>&#8211; Affin\u00e9 avec du champagne<\/p>\n<p>&#8211; Go\u00fbt particuli\u00e8rement doux<\/p>\n<p>&#8211; Accompagne parfaitement les sauces \u00e0 salade raffin\u00e9es<\/p>\n","protected":false},"featured_media":9460,"template":"","meta":[],"product_brand":[],"product_cat":[83],"product_tag":[],"class_list":{"0":"post-10260","1":"product","2":"type-product","3":"status-publish","4":"has-post-thumbnail","6":"product_cat-moutarde","7":"product_shipping_class-expedition-assuree","9":"first","10":"instock","11":"taxable","12":"shipping-taxable","13":"purchasable","14":"product-type-variable","15":"has-default-attributes"},"yoast_head":"<!-- This site is optimized with the Yoast SEO plugin v27.4 - https:\/\/yoast.com\/product\/yoast-seo-wordpress\/ -->\n<title>Acheter champagne cassis moutarde en ligne - Historische Wasserm\u00fchle Birgel<\/title>\n<meta name=\"description\" content=\"Achetez de la moutarde au champagne et au cassis Le chefm\u00fcller Erwin von der M\u00fchle fabrique ses moutardes selon des recettes anciennes et auto-d\u00e9velopp\u00e9es \u2714\" \/>\n<meta name=\"robots\" content=\"noindex, follow, max-snippet:-1, max-image-preview:large, max-video-preview:-1\" \/>\n<meta property=\"og:locale\" content=\"fr_FR\" \/>\n<meta property=\"og:type\" content=\"article\" \/>\n<meta property=\"og:title\" content=\"Acheter champagne cassis moutarde en ligne - Historische Wasserm\u00fchle Birgel\" \/>\n<meta property=\"og:description\" content=\"Achetez de la moutarde au champagne et au cassis Le chefm\u00fcller Erwin von der M\u00fchle fabrique ses moutardes selon des recettes anciennes et auto-d\u00e9velopp\u00e9es \u2714\" \/>\n<meta property=\"og:url\" content=\"https:\/\/www.muehlebirgel.de\/fr\/shop\/champagne-cassis-moutarde\/\" \/>\n<meta property=\"og:site_name\" content=\"Historische Wasserm\u00fchle Birgel\" \/>\n<meta property=\"article:modified_time\" content=\"2025-08-14T14:16:30+00:00\" \/>\n<meta property=\"og:image\" content=\"https:\/\/www.muehlebirgel.de\/wp-content\/uploads\/2019\/12\/CH06-Champagner-Cassis-Senf-200ml.png\" \/>\n\t<meta property=\"og:image:width\" content=\"1400\" \/>\n\t<meta property=\"og:image:height\" content=\"2101\" \/>\n\t<meta property=\"og:image:type\" content=\"image\/png\" \/>\n<meta name=\"twitter:card\" content=\"summary_large_image\" \/>\n<meta name=\"twitter:label1\" content=\"Dur\u00e9e de lecture estim\u00e9e\" \/>\n\t<meta name=\"twitter:data1\" content=\"1 minute\" \/>\n<script type=\"application\/ld+json\" class=\"yoast-schema-graph\">{\"@context\":\"https:\\\/\\\/schema.org\",\"@graph\":[{\"@type\":\"WebPage\",\"@id\":\"https:\\\/\\\/www.muehlebirgel.de\\\/fr\\\/shop\\\/champagne-cassis-moutarde\",\"url\":\"https:\\\/\\\/www.muehlebirgel.de\\\/fr\\\/shop\\\/champagne-cassis-moutarde\",\"name\":\"Acheter champagne cassis moutarde en ligne - Historische Wasserm\u00fchle Birgel\",\"isPartOf\":{\"@id\":\"https:\\\/\\\/www.muehlebirgel.de\\\/fr\\\/#website\"},\"primaryImageOfPage\":{\"@id\":\"https:\\\/\\\/www.muehlebirgel.de\\\/fr\\\/shop\\\/champagne-cassis-moutarde#primaryimage\"},\"image\":{\"@id\":\"https:\\\/\\\/www.muehlebirgel.de\\\/fr\\\/shop\\\/champagne-cassis-moutarde#primaryimage\"},\"thumbnailUrl\":\"https:\\\/\\\/www.muehlebirgel.de\\\/wp-content\\\/uploads\\\/2019\\\/12\\\/CH06-Champagner-Cassis-Senf-200ml.png\",\"datePublished\":\"2019-12-19T16:16:31+00:00\",\"dateModified\":\"2025-08-14T14:16:30+00:00\",\"description\":\"Achetez de la moutarde au champagne et au cassis Le chefm\u00fcller Erwin von der M\u00fchle fabrique ses moutardes selon des recettes anciennes et auto-d\u00e9velopp\u00e9es \u2714\",\"breadcrumb\":{\"@id\":\"https:\\\/\\\/www.muehlebirgel.de\\\/fr\\\/shop\\\/champagne-cassis-moutarde#breadcrumb\"},\"inLanguage\":\"fr-FR\",\"potentialAction\":[{\"@type\":\"ReadAction\",\"target\":[\"https:\\\/\\\/www.muehlebirgel.de\\\/fr\\\/shop\\\/champagne-cassis-moutarde\"]}]},{\"@type\":\"ImageObject\",\"inLanguage\":\"fr-FR\",\"@id\":\"https:\\\/\\\/www.muehlebirgel.de\\\/fr\\\/shop\\\/champagne-cassis-moutarde#primaryimage\",\"url\":\"https:\\\/\\\/www.muehlebirgel.de\\\/wp-content\\\/uploads\\\/2019\\\/12\\\/CH06-Champagner-Cassis-Senf-200ml.png\",\"contentUrl\":\"https:\\\/\\\/www.muehlebirgel.de\\\/wp-content\\\/uploads\\\/2019\\\/12\\\/CH06-Champagner-Cassis-Senf-200ml.png\",\"width\":1400,\"height\":2101},{\"@type\":\"BreadcrumbList\",\"@id\":\"https:\\\/\\\/www.muehlebirgel.de\\\/fr\\\/shop\\\/champagne-cassis-moutarde#breadcrumb\",\"itemListElement\":[{\"@type\":\"ListItem\",\"position\":1,\"name\":\"Startseite\",\"item\":\"https:\\\/\\\/www.muehlebirgel.de\\\/fr\"},{\"@type\":\"ListItem\",\"position\":2,\"name\":\"magasin en ligne\",\"item\":\"https:\\\/\\\/www.muehlebirgel.de\\\/fr\\\/boutique\"},{\"@type\":\"ListItem\",\"position\":3,\"name\":\"moutarde\",\"item\":\"https:\\\/\\\/www.muehlebirgel.de\\\/fr\\\/shop\\\/moutarde\"},{\"@type\":\"ListItem\",\"position\":4,\"name\":\"Moutarde au champagne et au cassis\"}]},{\"@type\":\"WebSite\",\"@id\":\"https:\\\/\\\/www.muehlebirgel.de\\\/fr\\\/#website\",\"url\":\"https:\\\/\\\/www.muehlebirgel.de\\\/fr\\\/\",\"name\":\"Historische Wasserm\u00fchle Birgel\",\"description\":\"Willkommen im M\u00fchlen-Erlebniszentrum\",\"publisher\":{\"@id\":\"https:\\\/\\\/www.muehlebirgel.de\\\/fr\\\/#organization\"},\"potentialAction\":[{\"@type\":\"SearchAction\",\"target\":{\"@type\":\"EntryPoint\",\"urlTemplate\":\"https:\\\/\\\/www.muehlebirgel.de\\\/fr\\\/?s={search_term_string}\"},\"query-input\":{\"@type\":\"PropertyValueSpecification\",\"valueRequired\":true,\"valueName\":\"search_term_string\"}}],\"inLanguage\":\"fr-FR\"},{\"@type\":\"Organization\",\"@id\":\"https:\\\/\\\/www.muehlebirgel.de\\\/fr\\\/#organization\",\"name\":\"Historische Wasserm\u00fchle Birgel\",\"url\":\"https:\\\/\\\/www.muehlebirgel.de\\\/fr\\\/\",\"logo\":{\"@type\":\"ImageObject\",\"inLanguage\":\"fr-FR\",\"@id\":\"https:\\\/\\\/www.muehlebirgel.de\\\/fr\\\/#\\\/schema\\\/logo\\\/image\\\/\",\"url\":\"https:\\\/\\\/www.muehlebirgel.de\\\/wp-content\\\/uploads\\\/logo-muehle-schwarz.webp\",\"contentUrl\":\"https:\\\/\\\/www.muehlebirgel.de\\\/wp-content\\\/uploads\\\/logo-muehle-schwarz.webp\",\"width\":2140,\"height\":1803,\"caption\":\"Historische Wasserm\u00fchle Birgel\"},\"image\":{\"@id\":\"https:\\\/\\\/www.muehlebirgel.de\\\/fr\\\/#\\\/schema\\\/logo\\\/image\\\/\"}}]}<\/script>\n<!-- \/ Yoast SEO plugin. -->","yoast_head_json":{"title":"Acheter champagne cassis moutarde en ligne - Historische Wasserm\u00fchle Birgel","description":"Achetez de la moutarde au champagne et au cassis Le chefm\u00fcller Erwin von der M\u00fchle fabrique ses moutardes selon des recettes anciennes et auto-d\u00e9velopp\u00e9es \u2714","robots":{"index":"noindex","follow":"follow","max-snippet":"max-snippet:-1","max-image-preview":"max-image-preview:large","max-video-preview":"max-video-preview:-1"},"og_locale":"fr_FR","og_type":"article","og_title":"Acheter champagne cassis moutarde en ligne - Historische Wasserm\u00fchle Birgel","og_description":"Achetez de la moutarde au champagne et au cassis Le chefm\u00fcller Erwin von der M\u00fchle fabrique ses moutardes selon des recettes anciennes et auto-d\u00e9velopp\u00e9es \u2714","og_url":"https:\/\/www.muehlebirgel.de\/fr\/shop\/champagne-cassis-moutarde\/","og_site_name":"Historische Wasserm\u00fchle Birgel","article_modified_time":"2025-08-14T14:16:30+00:00","og_image":[{"width":1400,"height":2101,"url":"https:\/\/www.muehlebirgel.de\/wp-content\/uploads\/2019\/12\/CH06-Champagner-Cassis-Senf-200ml.png","type":"image\/png"}],"twitter_card":"summary_large_image","twitter_misc":{"Dur\u00e9e de lecture estim\u00e9e":"1 minute"},"schema":{"@context":"https:\/\/schema.org","@graph":[{"@type":"WebPage","@id":"https:\/\/www.muehlebirgel.de\/fr\/shop\/champagne-cassis-moutarde","url":"https:\/\/www.muehlebirgel.de\/fr\/shop\/champagne-cassis-moutarde","name":"Acheter champagne cassis moutarde en ligne - Historische Wasserm\u00fchle Birgel","isPartOf":{"@id":"https:\/\/www.muehlebirgel.de\/fr\/#website"},"primaryImageOfPage":{"@id":"https:\/\/www.muehlebirgel.de\/fr\/shop\/champagne-cassis-moutarde#primaryimage"},"image":{"@id":"https:\/\/www.muehlebirgel.de\/fr\/shop\/champagne-cassis-moutarde#primaryimage"},"thumbnailUrl":"https:\/\/www.muehlebirgel.de\/wp-content\/uploads\/2019\/12\/CH06-Champagner-Cassis-Senf-200ml.png","datePublished":"2019-12-19T16:16:31+00:00","dateModified":"2025-08-14T14:16:30+00:00","description":"Achetez de la moutarde au champagne et au cassis Le chefm\u00fcller Erwin von der M\u00fchle fabrique ses moutardes selon des recettes anciennes et auto-d\u00e9velopp\u00e9es \u2714","breadcrumb":{"@id":"https:\/\/www.muehlebirgel.de\/fr\/shop\/champagne-cassis-moutarde#breadcrumb"},"inLanguage":"fr-FR","potentialAction":[{"@type":"ReadAction","target":["https:\/\/www.muehlebirgel.de\/fr\/shop\/champagne-cassis-moutarde"]}]},{"@type":"ImageObject","inLanguage":"fr-FR","@id":"https:\/\/www.muehlebirgel.de\/fr\/shop\/champagne-cassis-moutarde#primaryimage","url":"https:\/\/www.muehlebirgel.de\/wp-content\/uploads\/2019\/12\/CH06-Champagner-Cassis-Senf-200ml.png","contentUrl":"https:\/\/www.muehlebirgel.de\/wp-content\/uploads\/2019\/12\/CH06-Champagner-Cassis-Senf-200ml.png","width":1400,"height":2101},{"@type":"BreadcrumbList","@id":"https:\/\/www.muehlebirgel.de\/fr\/shop\/champagne-cassis-moutarde#breadcrumb","itemListElement":[{"@type":"ListItem","position":1,"name":"Startseite","item":"https:\/\/www.muehlebirgel.de\/fr"},{"@type":"ListItem","position":2,"name":"magasin en ligne","item":"https:\/\/www.muehlebirgel.de\/fr\/boutique"},{"@type":"ListItem","position":3,"name":"moutarde","item":"https:\/\/www.muehlebirgel.de\/fr\/shop\/moutarde"},{"@type":"ListItem","position":4,"name":"Moutarde au champagne et au cassis"}]},{"@type":"WebSite","@id":"https:\/\/www.muehlebirgel.de\/fr\/#website","url":"https:\/\/www.muehlebirgel.de\/fr\/","name":"Historische Wasserm\u00fchle Birgel","description":"Willkommen im M\u00fchlen-Erlebniszentrum","publisher":{"@id":"https:\/\/www.muehlebirgel.de\/fr\/#organization"},"potentialAction":[{"@type":"SearchAction","target":{"@type":"EntryPoint","urlTemplate":"https:\/\/www.muehlebirgel.de\/fr\/?s={search_term_string}"},"query-input":{"@type":"PropertyValueSpecification","valueRequired":true,"valueName":"search_term_string"}}],"inLanguage":"fr-FR"},{"@type":"Organization","@id":"https:\/\/www.muehlebirgel.de\/fr\/#organization","name":"Historische Wasserm\u00fchle Birgel","url":"https:\/\/www.muehlebirgel.de\/fr\/","logo":{"@type":"ImageObject","inLanguage":"fr-FR","@id":"https:\/\/www.muehlebirgel.de\/fr\/#\/schema\/logo\/image\/","url":"https:\/\/www.muehlebirgel.de\/wp-content\/uploads\/logo-muehle-schwarz.webp","contentUrl":"https:\/\/www.muehlebirgel.de\/wp-content\/uploads\/logo-muehle-schwarz.webp","width":2140,"height":1803,"caption":"Historische Wasserm\u00fchle Birgel"},"image":{"@id":"https:\/\/www.muehlebirgel.de\/fr\/#\/schema\/logo\/image\/"}}]}},"_links":{"self":[{"href":"https:\/\/www.muehlebirgel.de\/fr\/wp-json\/wp\/v2\/product\/10260","targetHints":{"allow":["GET"]}}],"collection":[{"href":"https:\/\/www.muehlebirgel.de\/fr\/wp-json\/wp\/v2\/product"}],"about":[{"href":"https:\/\/www.muehlebirgel.de\/fr\/wp-json\/wp\/v2\/types\/product"}],"version-history":[{"count":0,"href":"https:\/\/www.muehlebirgel.de\/fr\/wp-json\/wp\/v2\/product\/10260\/revisions"}],"wp:featuredmedia":[{"embeddable":true,"href":"https:\/\/www.muehlebirgel.de\/fr\/wp-json\/wp\/v2\/media\/9460"}],"wp:attachment":[{"href":"https:\/\/www.muehlebirgel.de\/fr\/wp-json\/wp\/v2\/media?parent=10260"}],"wp:term":[{"taxonomy":"product_brand","embeddable":true,"href":"https:\/\/www.muehlebirgel.de\/fr\/wp-json\/wp\/v2\/product_brand?post=10260"},{"taxonomy":"product_cat","embeddable":true,"href":"https:\/\/www.muehlebirgel.de\/fr\/wp-json\/wp\/v2\/product_cat?post=10260"},{"taxonomy":"product_tag","embeddable":true,"href":"https:\/\/www.muehlebirgel.de\/fr\/wp-json\/wp\/v2\/product_tag?post=10260"}],"curies":[{"name":"wp","href":"https:\/\/api.w.org\/{rel}","templated":true}]}}