{"id":10261,"date":"2019-12-19T16:16:28","date_gmt":"2019-12-19T16:16:28","guid":{"rendered":"https:\/\/www.muehlebirgel.de\/shop\/feu-de-moulin\/"},"modified":"2026-05-07T17:36:47","modified_gmt":"2026-05-07T15:36:47","slug":"muehlenbrand","status":"publish","type":"product","link":"https:\/\/www.muehlebirgel.de\/fr\/shop\/feu-de-moulin\/","title":{"rendered":"Br\u00fbl\u00e9 de moulin"},"content":{"rendered":"<h2>Eau-de-vie de moulin traditionnelle de l&rsquo;Eifel<\/h2>\n<p>Notre eau-de-vie de moulin, d&rsquo;une teneur en alcool de 43 % vol, est un produit tr\u00e8s sp\u00e9cial de notre distillerie. L&rsquo;eau-de-vie de moulin est fabriqu\u00e9e \u00e0 partir des meilleures levures et de vins s\u00e9lectionn\u00e9s, puis elle est stock\u00e9e dans des f\u00fbts de ch\u00eane jusqu&rsquo;\u00e0 sa mise en bouteille finale. Au moulin, nous l&rsquo;appelons volontiers, sans exag\u00e9rer, la \u00ab\u00a0grappa de l&rsquo;Eifel\u00a0\u00bb.<\/p>\n<h2>Comment savourer l&rsquo;eau-de-vie ?<\/h2>\n<p><strong> <\/strong>Notre eau-de-vie de moulin ou \u00ab\u00a0Eifelgrappa\u00a0\u00bb n&rsquo;est pas seulement d\u00e9licieuse comme digestif traditionnel apr\u00e8s un repas r\u00e9ussi. Bien au contraire, car elle peut faire beaucoup plus. Ainsi, elle est d\u00e9licieuse pure avec du caf\u00e9, en combinaison avec du chocolat noir ou des desserts cr\u00e9meux aux noix. Cette eau-de-vie se marie \u00e9galement tr\u00e8s bien avec le fromage. Pour une exp\u00e9rience gustative garantie, nous vous recommandons de d\u00e9guster l&rsquo;eau-de-vie \u00e0 temp\u00e9rature ambiante.    <\/p>\n","protected":false},"excerpt":{"rendered":"<p><strong>Teneur en alcool : 43% vol<\/strong><\/p>\n<p>On n&rsquo;exag\u00e9rerait pas si l&rsquo;on qualifiait notre eau-de-vie de moulin de \u00ab\u00a0grappa de l&rsquo;Eifel\u00a0\u00bb.<\/p>\n","protected":false},"featured_media":9580,"template":"","meta":[],"product_brand":[],"product_cat":[88],"product_tag":[],"class_list":{"0":"post-10261","1":"product","2":"type-product","3":"status-publish","4":"has-post-thumbnail","6":"product_cat-eaux-de-vie","7":"product_shipping_class-expedition-assuree","9":"first","10":"instock","11":"taxable","12":"shipping-taxable","13":"purchasable","14":"product-type-simple"},"yoast_head":"<!-- This site is optimized with the Yoast SEO plugin v27.4 - https:\/\/yoast.com\/product\/yoast-seo-wordpress\/ -->\n<title>Br\u00fbl\u00e9 de moulin - Historische Wasserm\u00fchle Birgel<\/title>\n<meta name=\"description\" content=\"Un produit sp\u00e9cial de notre distillerie : fabriqu\u00e9 \u00e0 partir des meilleures levures et de vins s\u00e9lectionn\u00e9s et stock\u00e9 en f\u00fbts de ch\u00eane.\" \/>\n<meta name=\"robots\" content=\"noindex, follow, max-snippet:-1, max-image-preview:large, max-video-preview:-1\" \/>\n<meta property=\"og:locale\" content=\"fr_FR\" \/>\n<meta property=\"og:type\" content=\"article\" \/>\n<meta property=\"og:title\" content=\"Br\u00fbl\u00e9 de moulin - Historische Wasserm\u00fchle Birgel\" \/>\n<meta property=\"og:description\" content=\"Un produit sp\u00e9cial de notre distillerie : fabriqu\u00e9 \u00e0 partir des meilleures levures et de vins s\u00e9lectionn\u00e9s et stock\u00e9 en f\u00fbts de ch\u00eane.\" \/>\n<meta property=\"og:url\" content=\"https:\/\/www.muehlebirgel.de\/fr\/shop\/feu-de-moulin\/\" \/>\n<meta property=\"og:site_name\" content=\"Historische Wasserm\u00fchle Birgel\" \/>\n<meta property=\"article:modified_time\" content=\"2026-05-07T15:36:47+00:00\" \/>\n<meta property=\"og:image\" content=\"https:\/\/www.muehlebirgel.de\/wp-content\/uploads\/2019\/12\/Muehlenbrannt-05l.png\" \/>\n\t<meta property=\"og:image:width\" content=\"1400\" \/>\n\t<meta property=\"og:image:height\" content=\"2100\" \/>\n\t<meta property=\"og:image:type\" content=\"image\/png\" \/>\n<meta name=\"twitter:card\" content=\"summary_large_image\" \/>\n<meta name=\"twitter:label1\" content=\"Dur\u00e9e de lecture estim\u00e9e\" \/>\n\t<meta name=\"twitter:data1\" content=\"1 minute\" \/>\n<script type=\"application\/ld+json\" class=\"yoast-schema-graph\">{\"@context\":\"https:\\\/\\\/schema.org\",\"@graph\":[{\"@type\":\"WebPage\",\"@id\":\"https:\\\/\\\/www.muehlebirgel.de\\\/fr\\\/shop\\\/feu-de-moulin\\\/\",\"url\":\"https:\\\/\\\/www.muehlebirgel.de\\\/fr\\\/shop\\\/feu-de-moulin\\\/\",\"name\":\"Br\u00fbl\u00e9 de moulin - Historische Wasserm\u00fchle Birgel\",\"isPartOf\":{\"@id\":\"https:\\\/\\\/www.muehlebirgel.de\\\/fr\\\/#website\"},\"primaryImageOfPage\":{\"@id\":\"https:\\\/\\\/www.muehlebirgel.de\\\/fr\\\/shop\\\/feu-de-moulin\\\/#primaryimage\"},\"image\":{\"@id\":\"https:\\\/\\\/www.muehlebirgel.de\\\/fr\\\/shop\\\/feu-de-moulin\\\/#primaryimage\"},\"thumbnailUrl\":\"https:\\\/\\\/www.muehlebirgel.de\\\/wp-content\\\/uploads\\\/2019\\\/12\\\/Muehlenbrannt-05l.png\",\"datePublished\":\"2019-12-19T16:16:28+00:00\",\"dateModified\":\"2026-05-07T15:36:47+00:00\",\"description\":\"Un produit sp\u00e9cial de notre distillerie : fabriqu\u00e9 \u00e0 partir des meilleures levures et de vins s\u00e9lectionn\u00e9s et stock\u00e9 en f\u00fbts de ch\u00eane.\",\"breadcrumb\":{\"@id\":\"https:\\\/\\\/www.muehlebirgel.de\\\/fr\\\/shop\\\/feu-de-moulin\\\/#breadcrumb\"},\"inLanguage\":\"fr-FR\",\"potentialAction\":[{\"@type\":\"ReadAction\",\"target\":[\"https:\\\/\\\/www.muehlebirgel.de\\\/fr\\\/shop\\\/feu-de-moulin\\\/\"]}]},{\"@type\":\"ImageObject\",\"inLanguage\":\"fr-FR\",\"@id\":\"https:\\\/\\\/www.muehlebirgel.de\\\/fr\\\/shop\\\/feu-de-moulin\\\/#primaryimage\",\"url\":\"https:\\\/\\\/www.muehlebirgel.de\\\/wp-content\\\/uploads\\\/2019\\\/12\\\/Muehlenbrannt-05l.png\",\"contentUrl\":\"https:\\\/\\\/www.muehlebirgel.de\\\/wp-content\\\/uploads\\\/2019\\\/12\\\/Muehlenbrannt-05l.png\",\"width\":1400,\"height\":2100},{\"@type\":\"BreadcrumbList\",\"@id\":\"https:\\\/\\\/www.muehlebirgel.de\\\/fr\\\/shop\\\/feu-de-moulin\\\/#breadcrumb\",\"itemListElement\":[{\"@type\":\"ListItem\",\"position\":1,\"name\":\"Startseite\",\"item\":\"https:\\\/\\\/www.muehlebirgel.de\\\/fr\\\/\"},{\"@type\":\"ListItem\",\"position\":2,\"name\":\"magasin en ligne\",\"item\":\"https:\\\/\\\/www.muehlebirgel.de\\\/fr\\\/boutique\\\/\"},{\"@type\":\"ListItem\",\"position\":3,\"name\":\"eaux-de-vie\",\"item\":\"https:\\\/\\\/www.muehlebirgel.de\\\/fr\\\/shop\\\/eaux-de-vie\\\/\"},{\"@type\":\"ListItem\",\"position\":4,\"name\":\"Br\u00fbl\u00e9 de moulin\"}]},{\"@type\":\"WebSite\",\"@id\":\"https:\\\/\\\/www.muehlebirgel.de\\\/fr\\\/#website\",\"url\":\"https:\\\/\\\/www.muehlebirgel.de\\\/fr\\\/\",\"name\":\"Historische Wasserm\u00fchle Birgel\",\"description\":\"Willkommen im M\u00fchlen-Erlebniszentrum\",\"publisher\":{\"@id\":\"https:\\\/\\\/www.muehlebirgel.de\\\/fr\\\/#organization\"},\"potentialAction\":[{\"@type\":\"SearchAction\",\"target\":{\"@type\":\"EntryPoint\",\"urlTemplate\":\"https:\\\/\\\/www.muehlebirgel.de\\\/fr\\\/?s={search_term_string}\"},\"query-input\":{\"@type\":\"PropertyValueSpecification\",\"valueRequired\":true,\"valueName\":\"search_term_string\"}}],\"inLanguage\":\"fr-FR\"},{\"@type\":\"Organization\",\"@id\":\"https:\\\/\\\/www.muehlebirgel.de\\\/fr\\\/#organization\",\"name\":\"Historische Wasserm\u00fchle Birgel\",\"url\":\"https:\\\/\\\/www.muehlebirgel.de\\\/fr\\\/\",\"logo\":{\"@type\":\"ImageObject\",\"inLanguage\":\"fr-FR\",\"@id\":\"https:\\\/\\\/www.muehlebirgel.de\\\/fr\\\/#\\\/schema\\\/logo\\\/image\\\/\",\"url\":\"https:\\\/\\\/www.muehlebirgel.de\\\/wp-content\\\/uploads\\\/logo-muehle-schwarz.webp\",\"contentUrl\":\"https:\\\/\\\/www.muehlebirgel.de\\\/wp-content\\\/uploads\\\/logo-muehle-schwarz.webp\",\"width\":2140,\"height\":1803,\"caption\":\"Historische Wasserm\u00fchle Birgel\"},\"image\":{\"@id\":\"https:\\\/\\\/www.muehlebirgel.de\\\/fr\\\/#\\\/schema\\\/logo\\\/image\\\/\"}}]}<\/script>\n<!-- \/ Yoast SEO plugin. -->","yoast_head_json":{"title":"Br\u00fbl\u00e9 de moulin - Historische Wasserm\u00fchle Birgel","description":"Un produit sp\u00e9cial de notre distillerie : fabriqu\u00e9 \u00e0 partir des meilleures levures et de vins s\u00e9lectionn\u00e9s et stock\u00e9 en f\u00fbts de ch\u00eane.","robots":{"index":"noindex","follow":"follow","max-snippet":"max-snippet:-1","max-image-preview":"max-image-preview:large","max-video-preview":"max-video-preview:-1"},"og_locale":"fr_FR","og_type":"article","og_title":"Br\u00fbl\u00e9 de moulin - Historische Wasserm\u00fchle Birgel","og_description":"Un produit sp\u00e9cial de notre distillerie : fabriqu\u00e9 \u00e0 partir des meilleures levures et de vins s\u00e9lectionn\u00e9s et stock\u00e9 en f\u00fbts de ch\u00eane.","og_url":"https:\/\/www.muehlebirgel.de\/fr\/shop\/feu-de-moulin\/","og_site_name":"Historische Wasserm\u00fchle Birgel","article_modified_time":"2026-05-07T15:36:47+00:00","og_image":[{"width":1400,"height":2100,"url":"https:\/\/www.muehlebirgel.de\/wp-content\/uploads\/2019\/12\/Muehlenbrannt-05l.png","type":"image\/png"}],"twitter_card":"summary_large_image","twitter_misc":{"Dur\u00e9e de lecture estim\u00e9e":"1 minute"},"schema":{"@context":"https:\/\/schema.org","@graph":[{"@type":"WebPage","@id":"https:\/\/www.muehlebirgel.de\/fr\/shop\/feu-de-moulin\/","url":"https:\/\/www.muehlebirgel.de\/fr\/shop\/feu-de-moulin\/","name":"Br\u00fbl\u00e9 de moulin - Historische Wasserm\u00fchle Birgel","isPartOf":{"@id":"https:\/\/www.muehlebirgel.de\/fr\/#website"},"primaryImageOfPage":{"@id":"https:\/\/www.muehlebirgel.de\/fr\/shop\/feu-de-moulin\/#primaryimage"},"image":{"@id":"https:\/\/www.muehlebirgel.de\/fr\/shop\/feu-de-moulin\/#primaryimage"},"thumbnailUrl":"https:\/\/www.muehlebirgel.de\/wp-content\/uploads\/2019\/12\/Muehlenbrannt-05l.png","datePublished":"2019-12-19T16:16:28+00:00","dateModified":"2026-05-07T15:36:47+00:00","description":"Un produit sp\u00e9cial de notre distillerie : fabriqu\u00e9 \u00e0 partir des meilleures levures et de vins s\u00e9lectionn\u00e9s et stock\u00e9 en f\u00fbts de ch\u00eane.","breadcrumb":{"@id":"https:\/\/www.muehlebirgel.de\/fr\/shop\/feu-de-moulin\/#breadcrumb"},"inLanguage":"fr-FR","potentialAction":[{"@type":"ReadAction","target":["https:\/\/www.muehlebirgel.de\/fr\/shop\/feu-de-moulin\/"]}]},{"@type":"ImageObject","inLanguage":"fr-FR","@id":"https:\/\/www.muehlebirgel.de\/fr\/shop\/feu-de-moulin\/#primaryimage","url":"https:\/\/www.muehlebirgel.de\/wp-content\/uploads\/2019\/12\/Muehlenbrannt-05l.png","contentUrl":"https:\/\/www.muehlebirgel.de\/wp-content\/uploads\/2019\/12\/Muehlenbrannt-05l.png","width":1400,"height":2100},{"@type":"BreadcrumbList","@id":"https:\/\/www.muehlebirgel.de\/fr\/shop\/feu-de-moulin\/#breadcrumb","itemListElement":[{"@type":"ListItem","position":1,"name":"Startseite","item":"https:\/\/www.muehlebirgel.de\/fr\/"},{"@type":"ListItem","position":2,"name":"magasin en ligne","item":"https:\/\/www.muehlebirgel.de\/fr\/boutique\/"},{"@type":"ListItem","position":3,"name":"eaux-de-vie","item":"https:\/\/www.muehlebirgel.de\/fr\/shop\/eaux-de-vie\/"},{"@type":"ListItem","position":4,"name":"Br\u00fbl\u00e9 de moulin"}]},{"@type":"WebSite","@id":"https:\/\/www.muehlebirgel.de\/fr\/#website","url":"https:\/\/www.muehlebirgel.de\/fr\/","name":"Historische Wasserm\u00fchle Birgel","description":"Willkommen im M\u00fchlen-Erlebniszentrum","publisher":{"@id":"https:\/\/www.muehlebirgel.de\/fr\/#organization"},"potentialAction":[{"@type":"SearchAction","target":{"@type":"EntryPoint","urlTemplate":"https:\/\/www.muehlebirgel.de\/fr\/?s={search_term_string}"},"query-input":{"@type":"PropertyValueSpecification","valueRequired":true,"valueName":"search_term_string"}}],"inLanguage":"fr-FR"},{"@type":"Organization","@id":"https:\/\/www.muehlebirgel.de\/fr\/#organization","name":"Historische Wasserm\u00fchle Birgel","url":"https:\/\/www.muehlebirgel.de\/fr\/","logo":{"@type":"ImageObject","inLanguage":"fr-FR","@id":"https:\/\/www.muehlebirgel.de\/fr\/#\/schema\/logo\/image\/","url":"https:\/\/www.muehlebirgel.de\/wp-content\/uploads\/logo-muehle-schwarz.webp","contentUrl":"https:\/\/www.muehlebirgel.de\/wp-content\/uploads\/logo-muehle-schwarz.webp","width":2140,"height":1803,"caption":"Historische Wasserm\u00fchle Birgel"},"image":{"@id":"https:\/\/www.muehlebirgel.de\/fr\/#\/schema\/logo\/image\/"}}]}},"_links":{"self":[{"href":"https:\/\/www.muehlebirgel.de\/fr\/wp-json\/wp\/v2\/product\/10261","targetHints":{"allow":["GET"]}}],"collection":[{"href":"https:\/\/www.muehlebirgel.de\/fr\/wp-json\/wp\/v2\/product"}],"about":[{"href":"https:\/\/www.muehlebirgel.de\/fr\/wp-json\/wp\/v2\/types\/product"}],"version-history":[{"count":1,"href":"https:\/\/www.muehlebirgel.de\/fr\/wp-json\/wp\/v2\/product\/10261\/revisions"}],"predecessor-version":[{"id":68212,"href":"https:\/\/www.muehlebirgel.de\/fr\/wp-json\/wp\/v2\/product\/10261\/revisions\/68212"}],"wp:featuredmedia":[{"embeddable":true,"href":"https:\/\/www.muehlebirgel.de\/fr\/wp-json\/wp\/v2\/media\/9580"}],"wp:attachment":[{"href":"https:\/\/www.muehlebirgel.de\/fr\/wp-json\/wp\/v2\/media?parent=10261"}],"wp:term":[{"taxonomy":"product_brand","embeddable":true,"href":"https:\/\/www.muehlebirgel.de\/fr\/wp-json\/wp\/v2\/product_brand?post=10261"},{"taxonomy":"product_cat","embeddable":true,"href":"https:\/\/www.muehlebirgel.de\/fr\/wp-json\/wp\/v2\/product_cat?post=10261"},{"taxonomy":"product_tag","embeddable":true,"href":"https:\/\/www.muehlebirgel.de\/fr\/wp-json\/wp\/v2\/product_tag?post=10261"}],"curies":[{"name":"wp","href":"https:\/\/api.w.org\/{rel}","templated":true}]}}