{"id":10273,"date":"2019-12-19T16:16:29","date_gmt":"2021-12-10T15:12:07","guid":{"rendered":"https:\/\/www.muehlebirgel.de\/shop\/eau-de-vie-de-sureau\/"},"modified":"2022-09-06T14:31:48","modified_gmt":"2022-09-06T13:31:48","slug":"eau-de-vie-de-sureau","status":"publish","type":"product","link":"https:\/\/www.muehlebirgel.de\/fr\/shop\/eau-de-vie-de-sureau","title":{"rendered":"Eau-de-vie de sureau"},"content":{"rendered":"<h2>Eau-de-vie de sureau \u00e0 base de fruits sauvages de l&rsquo;Eifel<\/h2>\n<p>Notre eau-de-vie de sureau unique avec une teneur en alcool de 43% vol est \u00e9labor\u00e9e \u00e0 partir des fruits sauvages les plus connus de l&rsquo;Eifel. Les fruits conf\u00e8rent \u00e0 l&rsquo;eau-de-vie un parfum unique et un go\u00fbt inhabituel que seules les baies de sureau peuvent donner. Et maintenant, attendez : pour seulement 2 litres d&rsquo;alcool, nous avons besoin de 100 kg de sureau. La r\u00e9colte \u00e9labor\u00e9e \u00e0 elle seule fait de l&rsquo;eau-de-vie de fruits de sureau quelque chose de tr\u00e8s sp\u00e9cial, pour lequel nous n&rsquo;\u00e9conomiserions jamais sur les co\u00fbts et les efforts.<\/p>\n<h2>Comment appr\u00e9ciez-vous le cognac?<\/h2>\n<p><strong> <\/strong>Pour garantir un plaisir optimal, la temp\u00e9rature de consommation recommand\u00e9e est de 15 \u00e0 18 degr\u00e9s. Apr\u00e8s un d\u00eener r\u00e9ussi, la fine goutte peut \u00eatre d\u00e9gust\u00e9e en digestif, mais elle se d\u00e9guste aussi tr\u00e8s bien avec ou m\u00eame en dessert. Une recette tr\u00e8s populaire est le \u00ab&nbsp;Feu de sureau&nbsp;\u00bb, qui sont des biscuits enrichis de confiture de sureau et de schnaps.<\/p>\n<p>&nbsp;<\/p>\n","protected":false},"excerpt":{"rendered":"<p><strong>Teneur en alcool : 43 % vol<\/strong><\/p>\n<p>exceptionnel en parfum &amp; intense en go\u00fbt<\/p>\n","protected":false},"featured_media":9574,"template":"","meta":[],"product_brand":[],"product_cat":[88],"product_tag":[],"class_list":{"0":"post-10273","1":"product","2":"type-product","3":"status-publish","4":"has-post-thumbnail","6":"product_cat-eaux-de-vie","7":"product_shipping_class-expedition-assuree","9":"first","10":"instock","11":"taxable","12":"shipping-taxable","13":"purchasable","14":"product-type-variable","15":"has-default-attributes"},"yoast_head":"<!-- This site is optimized with the Yoast SEO plugin v27.2 - https:\/\/yoast.com\/product\/yoast-seo-wordpress\/ -->\n<title>Eau-de-vie de sureau - Historische Wasserm\u00fchle Birgel<\/title>\n<meta name=\"description\" content=\"Les fruits sauvages de l&#039;Eifel conf\u00e8rent \u00e0 l&#039;eau-de-vie un parfum unique et un go\u00fbt inhabituel que seules les baies de sureau peuvent donner.\" \/>\n<meta name=\"robots\" content=\"index, follow, max-snippet:-1, max-image-preview:large, max-video-preview:-1\" \/>\n<link rel=\"canonical\" href=\"https:\/\/www.muehlebirgel.de\/fr\/shop\/eau-de-vie-de-sureau\" \/>\n<meta property=\"og:locale\" content=\"fr_FR\" \/>\n<meta property=\"og:type\" content=\"article\" \/>\n<meta property=\"og:title\" content=\"Eau-de-vie de sureau - Historische Wasserm\u00fchle Birgel\" \/>\n<meta property=\"og:description\" content=\"Les fruits sauvages de l&#039;Eifel conf\u00e8rent \u00e0 l&#039;eau-de-vie un parfum unique et un go\u00fbt inhabituel que seules les baies de sureau peuvent donner.\" \/>\n<meta property=\"og:url\" content=\"https:\/\/www.muehlebirgel.de\/fr\/shop\/eau-de-vie-de-sureau\/\" \/>\n<meta property=\"og:site_name\" content=\"Historische Wasserm\u00fchle Birgel\" \/>\n<meta property=\"article:modified_time\" content=\"2022-09-06T13:31:48+00:00\" \/>\n<meta property=\"og:image\" content=\"https:\/\/www.muehlebirgel.de\/wp-content\/uploads\/2019\/12\/Holunderbrannt-05l.png\" \/>\n\t<meta property=\"og:image:width\" content=\"1400\" \/>\n\t<meta property=\"og:image:height\" content=\"2100\" \/>\n\t<meta property=\"og:image:type\" content=\"image\/png\" \/>\n<meta name=\"twitter:card\" content=\"summary_large_image\" \/>\n<meta name=\"twitter:label1\" content=\"Dur\u00e9e de lecture estim\u00e9e\" \/>\n\t<meta name=\"twitter:data1\" content=\"1 minute\" \/>\n<script type=\"application\/ld+json\" class=\"yoast-schema-graph\">{\"@context\":\"https:\/\/schema.org\",\"@graph\":[{\"@type\":\"WebPage\",\"@id\":\"https:\/\/www.muehlebirgel.de\/fr\/shop\/eau-de-vie-de-sureau\",\"url\":\"https:\/\/www.muehlebirgel.de\/fr\/shop\/eau-de-vie-de-sureau\",\"name\":\"Eau-de-vie de sureau - Historische Wasserm\u00fchle Birgel\",\"isPartOf\":{\"@id\":\"https:\/\/www.muehlebirgel.de\/fr\/#website\"},\"primaryImageOfPage\":{\"@id\":\"https:\/\/www.muehlebirgel.de\/fr\/shop\/eau-de-vie-de-sureau#primaryimage\"},\"image\":{\"@id\":\"https:\/\/www.muehlebirgel.de\/fr\/shop\/eau-de-vie-de-sureau#primaryimage\"},\"thumbnailUrl\":\"https:\/\/www.muehlebirgel.de\/wp-content\/uploads\/2019\/12\/Holunderbrannt-05l.png\",\"datePublished\":\"2021-12-10T15:12:07+00:00\",\"dateModified\":\"2022-09-06T13:31:48+00:00\",\"description\":\"Les fruits sauvages de l'Eifel conf\u00e8rent \u00e0 l'eau-de-vie un parfum unique et un go\u00fbt inhabituel que seules les baies de sureau peuvent donner.\",\"breadcrumb\":{\"@id\":\"https:\/\/www.muehlebirgel.de\/fr\/shop\/eau-de-vie-de-sureau#breadcrumb\"},\"inLanguage\":\"fr-FR\",\"potentialAction\":[{\"@type\":\"ReadAction\",\"target\":[\"https:\/\/www.muehlebirgel.de\/fr\/shop\/eau-de-vie-de-sureau\"]}]},{\"@type\":\"ImageObject\",\"inLanguage\":\"fr-FR\",\"@id\":\"https:\/\/www.muehlebirgel.de\/fr\/shop\/eau-de-vie-de-sureau#primaryimage\",\"url\":\"https:\/\/www.muehlebirgel.de\/wp-content\/uploads\/2019\/12\/Holunderbrannt-05l.png\",\"contentUrl\":\"https:\/\/www.muehlebirgel.de\/wp-content\/uploads\/2019\/12\/Holunderbrannt-05l.png\",\"width\":1400,\"height\":2100},{\"@type\":\"BreadcrumbList\",\"@id\":\"https:\/\/www.muehlebirgel.de\/fr\/shop\/eau-de-vie-de-sureau#breadcrumb\",\"itemListElement\":[{\"@type\":\"ListItem\",\"position\":1,\"name\":\"Startseite\",\"item\":\"https:\/\/www.muehlebirgel.de\/fr\"},{\"@type\":\"ListItem\",\"position\":2,\"name\":\"Produits\",\"item\":\"https:\/\/www.muehlebirgel.de\/fr\/shop\"},{\"@type\":\"ListItem\",\"position\":3,\"name\":\"Eau-de-vie de sureau\"}]},{\"@type\":\"WebSite\",\"@id\":\"https:\/\/www.muehlebirgel.de\/fr\/#website\",\"url\":\"https:\/\/www.muehlebirgel.de\/fr\/\",\"name\":\"Historische Wasserm\u00fchle Birgel\",\"description\":\"Willkommen im M\u00fchlen-Erlebniszentrum\",\"potentialAction\":[{\"@type\":\"SearchAction\",\"target\":{\"@type\":\"EntryPoint\",\"urlTemplate\":\"https:\/\/www.muehlebirgel.de\/fr\/?s={search_term_string}\"},\"query-input\":{\"@type\":\"PropertyValueSpecification\",\"valueRequired\":true,\"valueName\":\"search_term_string\"}}],\"inLanguage\":\"fr-FR\"}]}<\/script>\n<!-- \/ Yoast SEO plugin. -->","yoast_head_json":{"title":"Eau-de-vie de sureau - Historische Wasserm\u00fchle Birgel","description":"Les fruits sauvages de l'Eifel conf\u00e8rent \u00e0 l'eau-de-vie un parfum unique et un go\u00fbt inhabituel que seules les baies de sureau peuvent donner.","robots":{"index":"index","follow":"follow","max-snippet":"max-snippet:-1","max-image-preview":"max-image-preview:large","max-video-preview":"max-video-preview:-1"},"canonical":"https:\/\/www.muehlebirgel.de\/fr\/shop\/eau-de-vie-de-sureau","og_locale":"fr_FR","og_type":"article","og_title":"Eau-de-vie de sureau - Historische Wasserm\u00fchle Birgel","og_description":"Les fruits sauvages de l'Eifel conf\u00e8rent \u00e0 l'eau-de-vie un parfum unique et un go\u00fbt inhabituel que seules les baies de sureau peuvent donner.","og_url":"https:\/\/www.muehlebirgel.de\/fr\/shop\/eau-de-vie-de-sureau\/","og_site_name":"Historische Wasserm\u00fchle Birgel","article_modified_time":"2022-09-06T13:31:48+00:00","og_image":[{"width":1400,"height":2100,"url":"https:\/\/www.muehlebirgel.de\/wp-content\/uploads\/2019\/12\/Holunderbrannt-05l.png","type":"image\/png"}],"twitter_card":"summary_large_image","twitter_misc":{"Dur\u00e9e de lecture estim\u00e9e":"1 minute"},"schema":{"@context":"https:\/\/schema.org","@graph":[{"@type":"WebPage","@id":"https:\/\/www.muehlebirgel.de\/fr\/shop\/eau-de-vie-de-sureau","url":"https:\/\/www.muehlebirgel.de\/fr\/shop\/eau-de-vie-de-sureau","name":"Eau-de-vie de sureau - Historische Wasserm\u00fchle Birgel","isPartOf":{"@id":"https:\/\/www.muehlebirgel.de\/fr\/#website"},"primaryImageOfPage":{"@id":"https:\/\/www.muehlebirgel.de\/fr\/shop\/eau-de-vie-de-sureau#primaryimage"},"image":{"@id":"https:\/\/www.muehlebirgel.de\/fr\/shop\/eau-de-vie-de-sureau#primaryimage"},"thumbnailUrl":"https:\/\/www.muehlebirgel.de\/wp-content\/uploads\/2019\/12\/Holunderbrannt-05l.png","datePublished":"2021-12-10T15:12:07+00:00","dateModified":"2022-09-06T13:31:48+00:00","description":"Les fruits sauvages de l'Eifel conf\u00e8rent \u00e0 l'eau-de-vie un parfum unique et un go\u00fbt inhabituel que seules les baies de sureau peuvent donner.","breadcrumb":{"@id":"https:\/\/www.muehlebirgel.de\/fr\/shop\/eau-de-vie-de-sureau#breadcrumb"},"inLanguage":"fr-FR","potentialAction":[{"@type":"ReadAction","target":["https:\/\/www.muehlebirgel.de\/fr\/shop\/eau-de-vie-de-sureau"]}]},{"@type":"ImageObject","inLanguage":"fr-FR","@id":"https:\/\/www.muehlebirgel.de\/fr\/shop\/eau-de-vie-de-sureau#primaryimage","url":"https:\/\/www.muehlebirgel.de\/wp-content\/uploads\/2019\/12\/Holunderbrannt-05l.png","contentUrl":"https:\/\/www.muehlebirgel.de\/wp-content\/uploads\/2019\/12\/Holunderbrannt-05l.png","width":1400,"height":2100},{"@type":"BreadcrumbList","@id":"https:\/\/www.muehlebirgel.de\/fr\/shop\/eau-de-vie-de-sureau#breadcrumb","itemListElement":[{"@type":"ListItem","position":1,"name":"Startseite","item":"https:\/\/www.muehlebirgel.de\/fr"},{"@type":"ListItem","position":2,"name":"Produits","item":"https:\/\/www.muehlebirgel.de\/fr\/shop"},{"@type":"ListItem","position":3,"name":"Eau-de-vie de sureau"}]},{"@type":"WebSite","@id":"https:\/\/www.muehlebirgel.de\/fr\/#website","url":"https:\/\/www.muehlebirgel.de\/fr\/","name":"Historische Wasserm\u00fchle Birgel","description":"Willkommen im M\u00fchlen-Erlebniszentrum","potentialAction":[{"@type":"SearchAction","target":{"@type":"EntryPoint","urlTemplate":"https:\/\/www.muehlebirgel.de\/fr\/?s={search_term_string}"},"query-input":{"@type":"PropertyValueSpecification","valueRequired":true,"valueName":"search_term_string"}}],"inLanguage":"fr-FR"}]}},"_links":{"self":[{"href":"https:\/\/www.muehlebirgel.de\/fr\/wp-json\/wp\/v2\/product\/10273","targetHints":{"allow":["GET"]}}],"collection":[{"href":"https:\/\/www.muehlebirgel.de\/fr\/wp-json\/wp\/v2\/product"}],"about":[{"href":"https:\/\/www.muehlebirgel.de\/fr\/wp-json\/wp\/v2\/types\/product"}],"wp:featuredmedia":[{"embeddable":true,"href":"https:\/\/www.muehlebirgel.de\/fr\/wp-json\/wp\/v2\/media\/9574"}],"wp:attachment":[{"href":"https:\/\/www.muehlebirgel.de\/fr\/wp-json\/wp\/v2\/media?parent=10273"}],"wp:term":[{"taxonomy":"product_brand","embeddable":true,"href":"https:\/\/www.muehlebirgel.de\/fr\/wp-json\/wp\/v2\/product_brand?post=10273"},{"taxonomy":"product_cat","embeddable":true,"href":"https:\/\/www.muehlebirgel.de\/fr\/wp-json\/wp\/v2\/product_cat?post=10273"},{"taxonomy":"product_tag","embeddable":true,"href":"https:\/\/www.muehlebirgel.de\/fr\/wp-json\/wp\/v2\/product_tag?post=10273"}],"curies":[{"name":"wp","href":"https:\/\/api.w.org\/{rel}","templated":true}]}}