{"id":10278,"date":"2019-12-19T16:16:31","date_gmt":"2019-12-19T16:16:31","guid":{"rendered":"https:\/\/www.muehlebirgel.de\/shop\/lhuile-de-colza\/"},"modified":"2025-08-14T16:21:27","modified_gmt":"2025-08-14T14:21:27","slug":"lhuile-de-colza","status":"publish","type":"product","link":"https:\/\/www.muehlebirgel.de\/fr\/shop\/lhuile-de-colza","title":{"rendered":"L&rsquo;huile de colza"},"content":{"rendered":"<p>Notre huile de colza est obtenue \u00e0 partir de graines de colza cultiv\u00e9es dans des champs de colza r\u00e9gionaux. Les grains de colza sont d&rsquo;abord \u00e9pluch\u00e9s puis press\u00e9s \u00e0 froid en huile de colza jaune d&rsquo;or dans le moulin \u00e0 huile interne, fra\u00eechement sorti du moulin. Tous les ar\u00f4mes et ingr\u00e9dients de l&rsquo;huile de colza ne sont pas filtr\u00e9s, ce qui la rend tr\u00e8s pr\u00e9cieuse et \u00e9galement reconnue comme un \u00e9l\u00e9ment important de la nutrition quotidienne.<\/p>\n<h2>L&rsquo;huile de colza dans les plats<\/h2>\n<p>L&rsquo;huile est tr\u00e8s r\u00e9sistante \u00e0 la chaleur et peut donc \u00eatre utilis\u00e9e dans des plats froids, chauds et chauds. Il est \u00e9galement id\u00e9al pour la cuisson et la p\u00e2tisserie ou pour affiner les p\u00e2tes et les plats de viande. En raison de son go\u00fbt fin, doux et subtilement de noisette, il est d\u00e9licieux avec les salades, les soupes, ainsi que les trempettes et les sauces. Il est particuli\u00e8rement bon avec des l\u00e9gumes cuits \u00e0 la vapeur.<\/p>\n","protected":false},"excerpt":{"rendered":"<p>press\u00e9 \u00e0 froid et polyvalent<\/p>\n","protected":false},"featured_media":9481,"template":"","meta":[],"product_brand":[],"product_cat":[119],"product_tag":[],"class_list":{"0":"post-10278","1":"product","2":"type-product","3":"status-publish","4":"has-post-thumbnail","6":"product_cat-huile-de-cuisson","7":"product_shipping_class-expedition-assuree","9":"first","10":"instock","11":"taxable","12":"shipping-taxable","13":"purchasable","14":"product-type-simple"},"yoast_head":"<!-- This site is optimized with the Yoast SEO plugin v27.4 - https:\/\/yoast.com\/product\/yoast-seo-wordpress\/ -->\n<title>de L&#039;huile de colza acheter en ligne - Historische Wasserm\u00fchle Birgel<\/title>\n<meta name=\"description\" content=\"Notre huile de colza est fabriqu\u00e9e \u00e0 partir de graines de colza cultiv\u00e9es dans les champs de colza de la r\u00e9gion et est press\u00e9e \u00e0 froid fra\u00eeche du moulin dans notre huilerie interne.\" \/>\n<meta name=\"robots\" content=\"noindex, follow, max-snippet:-1, max-image-preview:large, max-video-preview:-1\" \/>\n<meta property=\"og:locale\" content=\"fr_FR\" \/>\n<meta property=\"og:type\" content=\"article\" \/>\n<meta property=\"og:title\" content=\"de L&#039;huile de colza acheter en ligne - Historische Wasserm\u00fchle Birgel\" \/>\n<meta property=\"og:description\" content=\"Notre huile de colza est fabriqu\u00e9e \u00e0 partir de graines de colza cultiv\u00e9es dans les champs de colza de la r\u00e9gion et est press\u00e9e \u00e0 froid fra\u00eeche du moulin dans notre huilerie interne.\" \/>\n<meta property=\"og:url\" content=\"https:\/\/www.muehlebirgel.de\/fr\/shop\/lhuile-de-colza\/\" \/>\n<meta property=\"og:site_name\" content=\"Historische Wasserm\u00fchle Birgel\" \/>\n<meta property=\"article:modified_time\" content=\"2025-08-14T14:21:27+00:00\" \/>\n<meta property=\"og:image\" content=\"https:\/\/www.muehlebirgel.de\/wp-content\/uploads\/2020\/01\/Rapsoel.png\" \/>\n\t<meta property=\"og:image:width\" content=\"1400\" \/>\n\t<meta property=\"og:image:height\" content=\"2101\" \/>\n\t<meta property=\"og:image:type\" content=\"image\/png\" \/>\n<meta name=\"twitter:card\" content=\"summary_large_image\" \/>\n<meta name=\"twitter:label1\" content=\"Dur\u00e9e de lecture estim\u00e9e\" \/>\n\t<meta name=\"twitter:data1\" content=\"1 minute\" \/>\n<script type=\"application\/ld+json\" class=\"yoast-schema-graph\">{\"@context\":\"https:\\\/\\\/schema.org\",\"@graph\":[{\"@type\":\"WebPage\",\"@id\":\"https:\\\/\\\/www.muehlebirgel.de\\\/fr\\\/shop\\\/lhuile-de-colza\",\"url\":\"https:\\\/\\\/www.muehlebirgel.de\\\/fr\\\/shop\\\/lhuile-de-colza\",\"name\":\"de L'huile de colza acheter en ligne - Historische Wasserm\u00fchle Birgel\",\"isPartOf\":{\"@id\":\"https:\\\/\\\/www.muehlebirgel.de\\\/fr\\\/#website\"},\"primaryImageOfPage\":{\"@id\":\"https:\\\/\\\/www.muehlebirgel.de\\\/fr\\\/shop\\\/lhuile-de-colza#primaryimage\"},\"image\":{\"@id\":\"https:\\\/\\\/www.muehlebirgel.de\\\/fr\\\/shop\\\/lhuile-de-colza#primaryimage\"},\"thumbnailUrl\":\"https:\\\/\\\/www.muehlebirgel.de\\\/wp-content\\\/uploads\\\/2020\\\/01\\\/Rapsoel.png\",\"datePublished\":\"2019-12-19T16:16:31+00:00\",\"dateModified\":\"2025-08-14T14:21:27+00:00\",\"description\":\"Notre huile de colza est fabriqu\u00e9e \u00e0 partir de graines de colza cultiv\u00e9es dans les champs de colza de la r\u00e9gion et est press\u00e9e \u00e0 froid fra\u00eeche du moulin dans notre huilerie interne.\",\"breadcrumb\":{\"@id\":\"https:\\\/\\\/www.muehlebirgel.de\\\/fr\\\/shop\\\/lhuile-de-colza#breadcrumb\"},\"inLanguage\":\"fr-FR\",\"potentialAction\":[{\"@type\":\"ReadAction\",\"target\":[\"https:\\\/\\\/www.muehlebirgel.de\\\/fr\\\/shop\\\/lhuile-de-colza\"]}]},{\"@type\":\"ImageObject\",\"inLanguage\":\"fr-FR\",\"@id\":\"https:\\\/\\\/www.muehlebirgel.de\\\/fr\\\/shop\\\/lhuile-de-colza#primaryimage\",\"url\":\"https:\\\/\\\/www.muehlebirgel.de\\\/wp-content\\\/uploads\\\/2020\\\/01\\\/Rapsoel.png\",\"contentUrl\":\"https:\\\/\\\/www.muehlebirgel.de\\\/wp-content\\\/uploads\\\/2020\\\/01\\\/Rapsoel.png\",\"width\":1400,\"height\":2101},{\"@type\":\"BreadcrumbList\",\"@id\":\"https:\\\/\\\/www.muehlebirgel.de\\\/fr\\\/shop\\\/lhuile-de-colza#breadcrumb\",\"itemListElement\":[{\"@type\":\"ListItem\",\"position\":1,\"name\":\"Startseite\",\"item\":\"https:\\\/\\\/www.muehlebirgel.de\\\/fr\"},{\"@type\":\"ListItem\",\"position\":2,\"name\":\"magasin en ligne\",\"item\":\"https:\\\/\\\/www.muehlebirgel.de\\\/fr\\\/boutique\"},{\"@type\":\"ListItem\",\"position\":3,\"name\":\"Huile de cuisson\",\"item\":\"https:\\\/\\\/www.muehlebirgel.de\\\/fr\\\/shop\\\/huile-de-cuisson\"},{\"@type\":\"ListItem\",\"position\":4,\"name\":\"L&#8217;huile de colza\"}]},{\"@type\":\"WebSite\",\"@id\":\"https:\\\/\\\/www.muehlebirgel.de\\\/fr\\\/#website\",\"url\":\"https:\\\/\\\/www.muehlebirgel.de\\\/fr\\\/\",\"name\":\"Historische Wasserm\u00fchle Birgel\",\"description\":\"Willkommen im M\u00fchlen-Erlebniszentrum\",\"publisher\":{\"@id\":\"https:\\\/\\\/www.muehlebirgel.de\\\/fr\\\/#organization\"},\"potentialAction\":[{\"@type\":\"SearchAction\",\"target\":{\"@type\":\"EntryPoint\",\"urlTemplate\":\"https:\\\/\\\/www.muehlebirgel.de\\\/fr\\\/?s={search_term_string}\"},\"query-input\":{\"@type\":\"PropertyValueSpecification\",\"valueRequired\":true,\"valueName\":\"search_term_string\"}}],\"inLanguage\":\"fr-FR\"},{\"@type\":\"Organization\",\"@id\":\"https:\\\/\\\/www.muehlebirgel.de\\\/fr\\\/#organization\",\"name\":\"Historische Wasserm\u00fchle Birgel\",\"url\":\"https:\\\/\\\/www.muehlebirgel.de\\\/fr\\\/\",\"logo\":{\"@type\":\"ImageObject\",\"inLanguage\":\"fr-FR\",\"@id\":\"https:\\\/\\\/www.muehlebirgel.de\\\/fr\\\/#\\\/schema\\\/logo\\\/image\\\/\",\"url\":\"https:\\\/\\\/www.muehlebirgel.de\\\/wp-content\\\/uploads\\\/logo-muehle-schwarz.webp\",\"contentUrl\":\"https:\\\/\\\/www.muehlebirgel.de\\\/wp-content\\\/uploads\\\/logo-muehle-schwarz.webp\",\"width\":2140,\"height\":1803,\"caption\":\"Historische Wasserm\u00fchle Birgel\"},\"image\":{\"@id\":\"https:\\\/\\\/www.muehlebirgel.de\\\/fr\\\/#\\\/schema\\\/logo\\\/image\\\/\"}}]}<\/script>\n<!-- \/ Yoast SEO plugin. -->","yoast_head_json":{"title":"de L'huile de colza acheter en ligne - Historische Wasserm\u00fchle Birgel","description":"Notre huile de colza est fabriqu\u00e9e \u00e0 partir de graines de colza cultiv\u00e9es dans les champs de colza de la r\u00e9gion et est press\u00e9e \u00e0 froid fra\u00eeche du moulin dans notre huilerie interne.","robots":{"index":"noindex","follow":"follow","max-snippet":"max-snippet:-1","max-image-preview":"max-image-preview:large","max-video-preview":"max-video-preview:-1"},"og_locale":"fr_FR","og_type":"article","og_title":"de L'huile de colza acheter en ligne - Historische Wasserm\u00fchle Birgel","og_description":"Notre huile de colza est fabriqu\u00e9e \u00e0 partir de graines de colza cultiv\u00e9es dans les champs de colza de la r\u00e9gion et est press\u00e9e \u00e0 froid fra\u00eeche du moulin dans notre huilerie interne.","og_url":"https:\/\/www.muehlebirgel.de\/fr\/shop\/lhuile-de-colza\/","og_site_name":"Historische Wasserm\u00fchle Birgel","article_modified_time":"2025-08-14T14:21:27+00:00","og_image":[{"width":1400,"height":2101,"url":"https:\/\/www.muehlebirgel.de\/wp-content\/uploads\/2020\/01\/Rapsoel.png","type":"image\/png"}],"twitter_card":"summary_large_image","twitter_misc":{"Dur\u00e9e de lecture estim\u00e9e":"1 minute"},"schema":{"@context":"https:\/\/schema.org","@graph":[{"@type":"WebPage","@id":"https:\/\/www.muehlebirgel.de\/fr\/shop\/lhuile-de-colza","url":"https:\/\/www.muehlebirgel.de\/fr\/shop\/lhuile-de-colza","name":"de L'huile de colza acheter en ligne - Historische Wasserm\u00fchle Birgel","isPartOf":{"@id":"https:\/\/www.muehlebirgel.de\/fr\/#website"},"primaryImageOfPage":{"@id":"https:\/\/www.muehlebirgel.de\/fr\/shop\/lhuile-de-colza#primaryimage"},"image":{"@id":"https:\/\/www.muehlebirgel.de\/fr\/shop\/lhuile-de-colza#primaryimage"},"thumbnailUrl":"https:\/\/www.muehlebirgel.de\/wp-content\/uploads\/2020\/01\/Rapsoel.png","datePublished":"2019-12-19T16:16:31+00:00","dateModified":"2025-08-14T14:21:27+00:00","description":"Notre huile de colza est fabriqu\u00e9e \u00e0 partir de graines de colza cultiv\u00e9es dans les champs de colza de la r\u00e9gion et est press\u00e9e \u00e0 froid fra\u00eeche du moulin dans notre huilerie interne.","breadcrumb":{"@id":"https:\/\/www.muehlebirgel.de\/fr\/shop\/lhuile-de-colza#breadcrumb"},"inLanguage":"fr-FR","potentialAction":[{"@type":"ReadAction","target":["https:\/\/www.muehlebirgel.de\/fr\/shop\/lhuile-de-colza"]}]},{"@type":"ImageObject","inLanguage":"fr-FR","@id":"https:\/\/www.muehlebirgel.de\/fr\/shop\/lhuile-de-colza#primaryimage","url":"https:\/\/www.muehlebirgel.de\/wp-content\/uploads\/2020\/01\/Rapsoel.png","contentUrl":"https:\/\/www.muehlebirgel.de\/wp-content\/uploads\/2020\/01\/Rapsoel.png","width":1400,"height":2101},{"@type":"BreadcrumbList","@id":"https:\/\/www.muehlebirgel.de\/fr\/shop\/lhuile-de-colza#breadcrumb","itemListElement":[{"@type":"ListItem","position":1,"name":"Startseite","item":"https:\/\/www.muehlebirgel.de\/fr"},{"@type":"ListItem","position":2,"name":"magasin en ligne","item":"https:\/\/www.muehlebirgel.de\/fr\/boutique"},{"@type":"ListItem","position":3,"name":"Huile de cuisson","item":"https:\/\/www.muehlebirgel.de\/fr\/shop\/huile-de-cuisson"},{"@type":"ListItem","position":4,"name":"L&#8217;huile de colza"}]},{"@type":"WebSite","@id":"https:\/\/www.muehlebirgel.de\/fr\/#website","url":"https:\/\/www.muehlebirgel.de\/fr\/","name":"Historische Wasserm\u00fchle Birgel","description":"Willkommen im M\u00fchlen-Erlebniszentrum","publisher":{"@id":"https:\/\/www.muehlebirgel.de\/fr\/#organization"},"potentialAction":[{"@type":"SearchAction","target":{"@type":"EntryPoint","urlTemplate":"https:\/\/www.muehlebirgel.de\/fr\/?s={search_term_string}"},"query-input":{"@type":"PropertyValueSpecification","valueRequired":true,"valueName":"search_term_string"}}],"inLanguage":"fr-FR"},{"@type":"Organization","@id":"https:\/\/www.muehlebirgel.de\/fr\/#organization","name":"Historische Wasserm\u00fchle Birgel","url":"https:\/\/www.muehlebirgel.de\/fr\/","logo":{"@type":"ImageObject","inLanguage":"fr-FR","@id":"https:\/\/www.muehlebirgel.de\/fr\/#\/schema\/logo\/image\/","url":"https:\/\/www.muehlebirgel.de\/wp-content\/uploads\/logo-muehle-schwarz.webp","contentUrl":"https:\/\/www.muehlebirgel.de\/wp-content\/uploads\/logo-muehle-schwarz.webp","width":2140,"height":1803,"caption":"Historische Wasserm\u00fchle Birgel"},"image":{"@id":"https:\/\/www.muehlebirgel.de\/fr\/#\/schema\/logo\/image\/"}}]}},"_links":{"self":[{"href":"https:\/\/www.muehlebirgel.de\/fr\/wp-json\/wp\/v2\/product\/10278","targetHints":{"allow":["GET"]}}],"collection":[{"href":"https:\/\/www.muehlebirgel.de\/fr\/wp-json\/wp\/v2\/product"}],"about":[{"href":"https:\/\/www.muehlebirgel.de\/fr\/wp-json\/wp\/v2\/types\/product"}],"version-history":[{"count":0,"href":"https:\/\/www.muehlebirgel.de\/fr\/wp-json\/wp\/v2\/product\/10278\/revisions"}],"wp:featuredmedia":[{"embeddable":true,"href":"https:\/\/www.muehlebirgel.de\/fr\/wp-json\/wp\/v2\/media\/9481"}],"wp:attachment":[{"href":"https:\/\/www.muehlebirgel.de\/fr\/wp-json\/wp\/v2\/media?parent=10278"}],"wp:term":[{"taxonomy":"product_brand","embeddable":true,"href":"https:\/\/www.muehlebirgel.de\/fr\/wp-json\/wp\/v2\/product_brand?post=10278"},{"taxonomy":"product_cat","embeddable":true,"href":"https:\/\/www.muehlebirgel.de\/fr\/wp-json\/wp\/v2\/product_cat?post=10278"},{"taxonomy":"product_tag","embeddable":true,"href":"https:\/\/www.muehlebirgel.de\/fr\/wp-json\/wp\/v2\/product_tag?post=10278"}],"curies":[{"name":"wp","href":"https:\/\/api.w.org\/{rel}","templated":true}]}}