{"id":10295,"date":"2019-12-19T16:16:32","date_gmt":"2019-12-19T16:16:32","guid":{"rendered":"https:\/\/www.muehlebirgel.de\/shop\/confiture-de-sureau\/"},"modified":"2026-05-07T17:36:10","modified_gmt":"2026-05-07T15:36:10","slug":"confiture-de-sureau","status":"publish","type":"product","link":"https:\/\/www.muehlebirgel.de\/fr\/shop\/confiture-de-sureau\/","title":{"rendered":"Confiture de sureau"},"content":{"rendered":"<h2>Confiture de sureau de l&rsquo;Eifel<\/h2>\n<p>Notre confiture de sureau maison selon une recette \u00e9prouv\u00e9e est fabriqu\u00e9e \u00e0 partir des baies noires brillantes de la panicule de sureau des zones de culture locales de l&rsquo;Eifel. Le traitement en douceur des baies de sureau et la combinaison de plusieurs nuances de go\u00fbt allant de l&rsquo;acidit\u00e9 \u00e0 l&rsquo;amer et finalement sucr\u00e9 dans l&rsquo;arri\u00e8re-go\u00fbt font de cette confiture quelque chose de tr\u00e8s sp\u00e9cial. Avec une teneur en fruits de plus de 50% et un sucre ajout\u00e9 extr\u00eamement faible, cette confiture est une exp\u00e9rience gustative absolue.<\/p>\n<h2>C&rsquo;est ainsi que la confiture a un go\u00fbt particuli\u00e8rement bon<\/h2>\n<p>La confiture de sureau est extr\u00eamement riche en vitamine C et est donc tr\u00e8s appr\u00e9ci\u00e9e, surtout pendant la saison froide. Il est \u00e9galement toujours le bienvenu sur la table du petit-d\u00e9jeuner et est merveilleux pour les toasts et autres. En combinaison avec un peu de sirop de sureau et une grande quantit\u00e9 de fromage blanc, il a un go\u00fbt unique pendant les chaudes journ\u00e9es d&rsquo;\u00e9t\u00e9.<\/p>\n","protected":false},"excerpt":{"rendered":"<p>Nos produits s\u00e9lectionn\u00e9s sont encore de vraies sp\u00e9cialit\u00e9s artisanales. Des fruits soigneusement tri\u00e9s, une pr\u00e9paration selon des recettes traditionnelles, un traitement des plus d\u00e9licats, tout cela donne des produits comme on n&rsquo;en connaissait plus.<br \/>\nLivraison en pot de 225g<\/p>\n","protected":false},"featured_media":9442,"template":"","meta":[],"product_brand":[],"product_cat":[113],"product_tag":[],"class_list":{"0":"post-10295","1":"product","2":"type-product","3":"status-publish","4":"has-post-thumbnail","6":"product_cat-confiture","7":"product_shipping_class-expedition-assuree","9":"first","10":"outofstock","11":"taxable","12":"shipping-taxable","13":"purchasable","14":"product-type-simple"},"yoast_head":"<!-- This site is optimized with the Yoast SEO plugin v27.5 - https:\/\/yoast.com\/product\/yoast-seo-wordpress\/ -->\n<title>Confiture de sureau - Historische Wasserm\u00fchle Birgel<\/title>\n<meta name=\"description\" content=\"Les multiples nuances de go\u00fbt allant de l&#039;acidit\u00e9 \u00e0 l&#039;amer et finalement au sucr\u00e9 dans l&#039;arri\u00e8re-go\u00fbt en font quelque chose de tr\u00e8s sp\u00e9cial.\" \/>\n<meta name=\"robots\" content=\"noindex, follow, max-snippet:-1, max-image-preview:large, max-video-preview:-1\" \/>\n<meta property=\"og:locale\" content=\"fr_FR\" \/>\n<meta property=\"og:type\" content=\"article\" \/>\n<meta property=\"og:title\" content=\"Confiture de sureau - Historische Wasserm\u00fchle Birgel\" \/>\n<meta property=\"og:description\" content=\"Les multiples nuances de go\u00fbt allant de l&#039;acidit\u00e9 \u00e0 l&#039;amer et finalement au sucr\u00e9 dans l&#039;arri\u00e8re-go\u00fbt en font quelque chose de tr\u00e8s sp\u00e9cial.\" \/>\n<meta property=\"og:url\" content=\"https:\/\/www.muehlebirgel.de\/fr\/shop\/confiture-de-sureau\/\" \/>\n<meta property=\"og:site_name\" content=\"Historische Wasserm\u00fchle Birgel\" \/>\n<meta property=\"article:modified_time\" content=\"2026-05-07T15:36:10+00:00\" \/>\n<meta property=\"og:image\" content=\"https:\/\/www.muehlebirgel.de\/wp-content\/uploads\/2020\/01\/H04-Holunder-Fruchtaufstrisch.png\" \/>\n\t<meta property=\"og:image:width\" content=\"1400\" \/>\n\t<meta property=\"og:image:height\" content=\"2101\" \/>\n\t<meta property=\"og:image:type\" content=\"image\/png\" \/>\n<meta name=\"twitter:card\" content=\"summary_large_image\" \/>\n<meta name=\"twitter:label1\" content=\"Dur\u00e9e de lecture estim\u00e9e\" \/>\n\t<meta name=\"twitter:data1\" content=\"1 minute\" \/>\n<script type=\"application\/ld+json\" class=\"yoast-schema-graph\">{\"@context\":\"https:\\\/\\\/schema.org\",\"@graph\":[{\"@type\":\"WebPage\",\"@id\":\"https:\\\/\\\/www.muehlebirgel.de\\\/fr\\\/shop\\\/confiture-de-sureau\\\/\",\"url\":\"https:\\\/\\\/www.muehlebirgel.de\\\/fr\\\/shop\\\/confiture-de-sureau\\\/\",\"name\":\"Confiture de sureau - Historische Wasserm\u00fchle Birgel\",\"isPartOf\":{\"@id\":\"https:\\\/\\\/www.muehlebirgel.de\\\/fr\\\/#website\"},\"primaryImageOfPage\":{\"@id\":\"https:\\\/\\\/www.muehlebirgel.de\\\/fr\\\/shop\\\/confiture-de-sureau\\\/#primaryimage\"},\"image\":{\"@id\":\"https:\\\/\\\/www.muehlebirgel.de\\\/fr\\\/shop\\\/confiture-de-sureau\\\/#primaryimage\"},\"thumbnailUrl\":\"https:\\\/\\\/www.muehlebirgel.de\\\/wp-content\\\/uploads\\\/2020\\\/01\\\/H04-Holunder-Fruchtaufstrisch.png\",\"datePublished\":\"2019-12-19T16:16:32+00:00\",\"dateModified\":\"2026-05-07T15:36:10+00:00\",\"description\":\"Les multiples nuances de go\u00fbt allant de l'acidit\u00e9 \u00e0 l'amer et finalement au sucr\u00e9 dans l'arri\u00e8re-go\u00fbt en font quelque chose de tr\u00e8s sp\u00e9cial.\",\"breadcrumb\":{\"@id\":\"https:\\\/\\\/www.muehlebirgel.de\\\/fr\\\/shop\\\/confiture-de-sureau\\\/#breadcrumb\"},\"inLanguage\":\"fr-FR\",\"potentialAction\":[{\"@type\":\"ReadAction\",\"target\":[\"https:\\\/\\\/www.muehlebirgel.de\\\/fr\\\/shop\\\/confiture-de-sureau\\\/\"]}]},{\"@type\":\"ImageObject\",\"inLanguage\":\"fr-FR\",\"@id\":\"https:\\\/\\\/www.muehlebirgel.de\\\/fr\\\/shop\\\/confiture-de-sureau\\\/#primaryimage\",\"url\":\"https:\\\/\\\/www.muehlebirgel.de\\\/wp-content\\\/uploads\\\/2020\\\/01\\\/H04-Holunder-Fruchtaufstrisch.png\",\"contentUrl\":\"https:\\\/\\\/www.muehlebirgel.de\\\/wp-content\\\/uploads\\\/2020\\\/01\\\/H04-Holunder-Fruchtaufstrisch.png\",\"width\":1400,\"height\":2101},{\"@type\":\"BreadcrumbList\",\"@id\":\"https:\\\/\\\/www.muehlebirgel.de\\\/fr\\\/shop\\\/confiture-de-sureau\\\/#breadcrumb\",\"itemListElement\":[{\"@type\":\"ListItem\",\"position\":1,\"name\":\"Startseite\",\"item\":\"https:\\\/\\\/www.muehlebirgel.de\\\/fr\\\/startseite\\\/\"},{\"@type\":\"ListItem\",\"position\":2,\"name\":\"magasin en ligne\",\"item\":\"https:\\\/\\\/www.muehlebirgel.de\\\/fr\\\/boutique\\\/\"},{\"@type\":\"ListItem\",\"position\":3,\"name\":\"Confiture\",\"item\":\"https:\\\/\\\/www.muehlebirgel.de\\\/fr\\\/shop\\\/confiture\\\/\"},{\"@type\":\"ListItem\",\"position\":4,\"name\":\"Confiture de sureau\"}]},{\"@type\":\"WebSite\",\"@id\":\"https:\\\/\\\/www.muehlebirgel.de\\\/fr\\\/#website\",\"url\":\"https:\\\/\\\/www.muehlebirgel.de\\\/fr\\\/\",\"name\":\"Historische Wasserm\u00fchle Birgel\",\"description\":\"Willkommen im M\u00fchlen-Erlebniszentrum\",\"publisher\":{\"@id\":\"https:\\\/\\\/www.muehlebirgel.de\\\/fr\\\/#organization\"},\"potentialAction\":[{\"@type\":\"SearchAction\",\"target\":{\"@type\":\"EntryPoint\",\"urlTemplate\":\"https:\\\/\\\/www.muehlebirgel.de\\\/fr\\\/?s={search_term_string}\"},\"query-input\":{\"@type\":\"PropertyValueSpecification\",\"valueRequired\":true,\"valueName\":\"search_term_string\"}}],\"inLanguage\":\"fr-FR\"},{\"@type\":\"Organization\",\"@id\":\"https:\\\/\\\/www.muehlebirgel.de\\\/fr\\\/#organization\",\"name\":\"Historische Wasserm\u00fchle Birgel\",\"url\":\"https:\\\/\\\/www.muehlebirgel.de\\\/fr\\\/\",\"logo\":{\"@type\":\"ImageObject\",\"inLanguage\":\"fr-FR\",\"@id\":\"https:\\\/\\\/www.muehlebirgel.de\\\/fr\\\/#\\\/schema\\\/logo\\\/image\\\/\",\"url\":\"https:\\\/\\\/www.muehlebirgel.de\\\/wp-content\\\/uploads\\\/logo-muehle-schwarz.webp\",\"contentUrl\":\"https:\\\/\\\/www.muehlebirgel.de\\\/wp-content\\\/uploads\\\/logo-muehle-schwarz.webp\",\"width\":2140,\"height\":1803,\"caption\":\"Historische Wasserm\u00fchle Birgel\"},\"image\":{\"@id\":\"https:\\\/\\\/www.muehlebirgel.de\\\/fr\\\/#\\\/schema\\\/logo\\\/image\\\/\"}}]}<\/script>\n<!-- \/ Yoast SEO plugin. -->","yoast_head_json":{"title":"Confiture de sureau - Historische Wasserm\u00fchle Birgel","description":"Les multiples nuances de go\u00fbt allant de l'acidit\u00e9 \u00e0 l'amer et finalement au sucr\u00e9 dans l'arri\u00e8re-go\u00fbt en font quelque chose de tr\u00e8s sp\u00e9cial.","robots":{"index":"noindex","follow":"follow","max-snippet":"max-snippet:-1","max-image-preview":"max-image-preview:large","max-video-preview":"max-video-preview:-1"},"og_locale":"fr_FR","og_type":"article","og_title":"Confiture de sureau - Historische Wasserm\u00fchle Birgel","og_description":"Les multiples nuances de go\u00fbt allant de l'acidit\u00e9 \u00e0 l'amer et finalement au sucr\u00e9 dans l'arri\u00e8re-go\u00fbt en font quelque chose de tr\u00e8s sp\u00e9cial.","og_url":"https:\/\/www.muehlebirgel.de\/fr\/shop\/confiture-de-sureau\/","og_site_name":"Historische Wasserm\u00fchle Birgel","article_modified_time":"2026-05-07T15:36:10+00:00","og_image":[{"width":1400,"height":2101,"url":"https:\/\/www.muehlebirgel.de\/wp-content\/uploads\/2020\/01\/H04-Holunder-Fruchtaufstrisch.png","type":"image\/png"}],"twitter_card":"summary_large_image","twitter_misc":{"Dur\u00e9e de lecture estim\u00e9e":"1 minute"},"schema":{"@context":"https:\/\/schema.org","@graph":[{"@type":"WebPage","@id":"https:\/\/www.muehlebirgel.de\/fr\/shop\/confiture-de-sureau\/","url":"https:\/\/www.muehlebirgel.de\/fr\/shop\/confiture-de-sureau\/","name":"Confiture de sureau - Historische Wasserm\u00fchle Birgel","isPartOf":{"@id":"https:\/\/www.muehlebirgel.de\/fr\/#website"},"primaryImageOfPage":{"@id":"https:\/\/www.muehlebirgel.de\/fr\/shop\/confiture-de-sureau\/#primaryimage"},"image":{"@id":"https:\/\/www.muehlebirgel.de\/fr\/shop\/confiture-de-sureau\/#primaryimage"},"thumbnailUrl":"https:\/\/www.muehlebirgel.de\/wp-content\/uploads\/2020\/01\/H04-Holunder-Fruchtaufstrisch.png","datePublished":"2019-12-19T16:16:32+00:00","dateModified":"2026-05-07T15:36:10+00:00","description":"Les multiples nuances de go\u00fbt allant de l'acidit\u00e9 \u00e0 l'amer et finalement au sucr\u00e9 dans l'arri\u00e8re-go\u00fbt en font quelque chose de tr\u00e8s sp\u00e9cial.","breadcrumb":{"@id":"https:\/\/www.muehlebirgel.de\/fr\/shop\/confiture-de-sureau\/#breadcrumb"},"inLanguage":"fr-FR","potentialAction":[{"@type":"ReadAction","target":["https:\/\/www.muehlebirgel.de\/fr\/shop\/confiture-de-sureau\/"]}]},{"@type":"ImageObject","inLanguage":"fr-FR","@id":"https:\/\/www.muehlebirgel.de\/fr\/shop\/confiture-de-sureau\/#primaryimage","url":"https:\/\/www.muehlebirgel.de\/wp-content\/uploads\/2020\/01\/H04-Holunder-Fruchtaufstrisch.png","contentUrl":"https:\/\/www.muehlebirgel.de\/wp-content\/uploads\/2020\/01\/H04-Holunder-Fruchtaufstrisch.png","width":1400,"height":2101},{"@type":"BreadcrumbList","@id":"https:\/\/www.muehlebirgel.de\/fr\/shop\/confiture-de-sureau\/#breadcrumb","itemListElement":[{"@type":"ListItem","position":1,"name":"Startseite","item":"https:\/\/www.muehlebirgel.de\/fr\/startseite\/"},{"@type":"ListItem","position":2,"name":"magasin en ligne","item":"https:\/\/www.muehlebirgel.de\/fr\/boutique\/"},{"@type":"ListItem","position":3,"name":"Confiture","item":"https:\/\/www.muehlebirgel.de\/fr\/shop\/confiture\/"},{"@type":"ListItem","position":4,"name":"Confiture de sureau"}]},{"@type":"WebSite","@id":"https:\/\/www.muehlebirgel.de\/fr\/#website","url":"https:\/\/www.muehlebirgel.de\/fr\/","name":"Historische Wasserm\u00fchle Birgel","description":"Willkommen im M\u00fchlen-Erlebniszentrum","publisher":{"@id":"https:\/\/www.muehlebirgel.de\/fr\/#organization"},"potentialAction":[{"@type":"SearchAction","target":{"@type":"EntryPoint","urlTemplate":"https:\/\/www.muehlebirgel.de\/fr\/?s={search_term_string}"},"query-input":{"@type":"PropertyValueSpecification","valueRequired":true,"valueName":"search_term_string"}}],"inLanguage":"fr-FR"},{"@type":"Organization","@id":"https:\/\/www.muehlebirgel.de\/fr\/#organization","name":"Historische Wasserm\u00fchle Birgel","url":"https:\/\/www.muehlebirgel.de\/fr\/","logo":{"@type":"ImageObject","inLanguage":"fr-FR","@id":"https:\/\/www.muehlebirgel.de\/fr\/#\/schema\/logo\/image\/","url":"https:\/\/www.muehlebirgel.de\/wp-content\/uploads\/logo-muehle-schwarz.webp","contentUrl":"https:\/\/www.muehlebirgel.de\/wp-content\/uploads\/logo-muehle-schwarz.webp","width":2140,"height":1803,"caption":"Historische Wasserm\u00fchle Birgel"},"image":{"@id":"https:\/\/www.muehlebirgel.de\/fr\/#\/schema\/logo\/image\/"}}]}},"_links":{"self":[{"href":"https:\/\/www.muehlebirgel.de\/fr\/wp-json\/wp\/v2\/product\/10295","targetHints":{"allow":["GET"]}}],"collection":[{"href":"https:\/\/www.muehlebirgel.de\/fr\/wp-json\/wp\/v2\/product"}],"about":[{"href":"https:\/\/www.muehlebirgel.de\/fr\/wp-json\/wp\/v2\/types\/product"}],"version-history":[{"count":1,"href":"https:\/\/www.muehlebirgel.de\/fr\/wp-json\/wp\/v2\/product\/10295\/revisions"}],"predecessor-version":[{"id":68189,"href":"https:\/\/www.muehlebirgel.de\/fr\/wp-json\/wp\/v2\/product\/10295\/revisions\/68189"}],"wp:featuredmedia":[{"embeddable":true,"href":"https:\/\/www.muehlebirgel.de\/fr\/wp-json\/wp\/v2\/media\/9442"}],"wp:attachment":[{"href":"https:\/\/www.muehlebirgel.de\/fr\/wp-json\/wp\/v2\/media?parent=10295"}],"wp:term":[{"taxonomy":"product_brand","embeddable":true,"href":"https:\/\/www.muehlebirgel.de\/fr\/wp-json\/wp\/v2\/product_brand?post=10295"},{"taxonomy":"product_cat","embeddable":true,"href":"https:\/\/www.muehlebirgel.de\/fr\/wp-json\/wp\/v2\/product_cat?post=10295"},{"taxonomy":"product_tag","embeddable":true,"href":"https:\/\/www.muehlebirgel.de\/fr\/wp-json\/wp\/v2\/product_tag?post=10295"}],"curies":[{"name":"wp","href":"https:\/\/api.w.org\/{rel}","templated":true}]}}