{"id":10325,"date":"2019-12-19T16:16:28","date_gmt":"2019-12-19T16:16:28","guid":{"rendered":"https:\/\/www.muehlebirgel.de\/shop\/liqueur-aux-herbes-plansifter\/"},"modified":"2026-05-07T17:40:17","modified_gmt":"2026-05-07T15:40:17","slug":"plansichter-kraeuterlikoer","status":"publish","type":"product","link":"https:\/\/www.muehlebirgel.de\/fr\/shop\/plansichter-kraeuterlikoer\/","title":{"rendered":"Liqueur d&rsquo;herbes Plansichter"},"content":{"rendered":"<h2>Plansichter &#8211; Liqueur aux herbes de l&rsquo;Eifel<\/h2>\n<p>Notre d\u00e9licieuse liqueur d&rsquo;herbes ne contient pas seulement des fruits provenant directement de l&rsquo;Eifel, mais aussi pas moins de 63 vari\u00e9t\u00e9s d&rsquo;herbes diff\u00e9rentes. Agr\u00e9ment\u00e9e de notre propre eau-de-vie de pomme et titrant 35 % d&rsquo;alcool en volume, elle se distingue par son go\u00fbt et son nom uniques. Le Plansichter ? Bien s\u00fbr, notre planificateur v\u00e9rifie que tout est en ordre dans l&rsquo;estomac.<\/p>\n<h2>Comment savourer la liqueur ?<\/h2>\n<p>Excellent pur (sur glace) ou dans des m\u00e9langes de boissons chaudes et froides. Mais elle est \u00e9galement d\u00e9licieuse en ap\u00e9ritif, en digestif ou dans des cocktails color\u00e9s. C&rsquo;est une liqueur polyvalente dans le monde des spiritueux, qui convient \u00e0 presque toutes les occasions.  <\/p>\n","protected":false},"excerpt":{"rendered":"<p><strong>Degr\u00e9 d&rsquo;alcool : 35% vol<\/strong><\/p>\n<p>Compos\u00e9e de 63 vari\u00e9t\u00e9s d&rsquo;herbes et de fruits en provenance directe de l&rsquo;Eifel.<\/p>\n","protected":false},"featured_media":9496,"template":"","meta":[],"product_brand":[],"product_cat":[115],"product_tag":[],"class_list":{"0":"post-10325","1":"product","2":"type-product","3":"status-publish","4":"has-post-thumbnail","6":"product_cat-liqueur","7":"product_shipping_class-expedition-assuree","9":"first","10":"instock","11":"taxable","12":"shipping-taxable","13":"purchasable","14":"product-type-variable","15":"has-default-attributes"},"yoast_head":"<!-- This site is optimized with the Yoast SEO plugin v27.4 - https:\/\/yoast.com\/product\/yoast-seo-wordpress\/ -->\n<title>Liqueur d&#039;herbes Plansichter acheter en ligne - Historische Wasserm\u00fchle Birgel%<\/title>\n<meta name=\"description\" content=\"Notre d\u00e9licieuse liqueur aux herbes ne contient pas seulement des fruits provenant directement de l&#039;Eifel, mais aussi 63 vari\u00e9t\u00e9s d&#039;herbes diff\u00e9rentes.\" \/>\n<meta name=\"robots\" content=\"noindex, follow, max-snippet:-1, max-image-preview:large, max-video-preview:-1\" \/>\n<meta property=\"og:locale\" content=\"fr_FR\" \/>\n<meta property=\"og:type\" content=\"article\" \/>\n<meta property=\"og:title\" content=\"Liqueur d&#039;herbes Plansichter acheter en ligne - Historische Wasserm\u00fchle Birgel%\" \/>\n<meta property=\"og:description\" content=\"Notre d\u00e9licieuse liqueur aux herbes ne contient pas seulement des fruits provenant directement de l&#039;Eifel, mais aussi 63 vari\u00e9t\u00e9s d&#039;herbes diff\u00e9rentes.\" \/>\n<meta property=\"og:url\" content=\"https:\/\/www.muehlebirgel.de\/fr\/shop\/plansichter-kraeuterlikoer\/\" \/>\n<meta property=\"og:site_name\" content=\"Historische Wasserm\u00fchle Birgel\" \/>\n<meta property=\"article:modified_time\" content=\"2026-05-07T15:40:17+00:00\" \/>\n<meta property=\"og:image\" content=\"https:\/\/www.muehlebirgel.de\/wp-content\/uploads\/2020\/01\/PL10-Plansichter-05l-1.png\" \/>\n\t<meta property=\"og:image:width\" content=\"1400\" \/>\n\t<meta property=\"og:image:height\" content=\"2101\" \/>\n\t<meta property=\"og:image:type\" content=\"image\/png\" \/>\n<meta name=\"twitter:card\" content=\"summary_large_image\" \/>\n<meta name=\"twitter:label1\" content=\"Dur\u00e9e de lecture estim\u00e9e\" \/>\n\t<meta name=\"twitter:data1\" content=\"1 minute\" \/>\n<script type=\"application\/ld+json\" class=\"yoast-schema-graph\">{\"@context\":\"https:\\\/\\\/schema.org\",\"@graph\":[{\"@type\":\"WebPage\",\"@id\":\"https:\\\/\\\/www.muehlebirgel.de\\\/fr\\\/shop\\\/plansichter-kraeuterlikoer\\\/\",\"url\":\"https:\\\/\\\/www.muehlebirgel.de\\\/fr\\\/shop\\\/plansichter-kraeuterlikoer\\\/\",\"name\":\"Liqueur d'herbes Plansichter acheter en ligne - Historische Wasserm\u00fchle Birgel%\",\"isPartOf\":{\"@id\":\"https:\\\/\\\/www.muehlebirgel.de\\\/fr\\\/#website\"},\"primaryImageOfPage\":{\"@id\":\"https:\\\/\\\/www.muehlebirgel.de\\\/fr\\\/shop\\\/plansichter-kraeuterlikoer\\\/#primaryimage\"},\"image\":{\"@id\":\"https:\\\/\\\/www.muehlebirgel.de\\\/fr\\\/shop\\\/plansichter-kraeuterlikoer\\\/#primaryimage\"},\"thumbnailUrl\":\"https:\\\/\\\/www.muehlebirgel.de\\\/wp-content\\\/uploads\\\/2020\\\/01\\\/PL10-Plansichter-05l-1.png\",\"datePublished\":\"2019-12-19T16:16:28+00:00\",\"dateModified\":\"2026-05-07T15:40:17+00:00\",\"description\":\"Notre d\u00e9licieuse liqueur aux herbes ne contient pas seulement des fruits provenant directement de l'Eifel, mais aussi 63 vari\u00e9t\u00e9s d'herbes diff\u00e9rentes.\",\"breadcrumb\":{\"@id\":\"https:\\\/\\\/www.muehlebirgel.de\\\/fr\\\/shop\\\/plansichter-kraeuterlikoer\\\/#breadcrumb\"},\"inLanguage\":\"fr-FR\",\"potentialAction\":[{\"@type\":\"ReadAction\",\"target\":[\"https:\\\/\\\/www.muehlebirgel.de\\\/fr\\\/shop\\\/plansichter-kraeuterlikoer\\\/\"]}]},{\"@type\":\"ImageObject\",\"inLanguage\":\"fr-FR\",\"@id\":\"https:\\\/\\\/www.muehlebirgel.de\\\/fr\\\/shop\\\/plansichter-kraeuterlikoer\\\/#primaryimage\",\"url\":\"https:\\\/\\\/www.muehlebirgel.de\\\/wp-content\\\/uploads\\\/2020\\\/01\\\/PL10-Plansichter-05l-1.png\",\"contentUrl\":\"https:\\\/\\\/www.muehlebirgel.de\\\/wp-content\\\/uploads\\\/2020\\\/01\\\/PL10-Plansichter-05l-1.png\",\"width\":1400,\"height\":2101},{\"@type\":\"BreadcrumbList\",\"@id\":\"https:\\\/\\\/www.muehlebirgel.de\\\/fr\\\/shop\\\/plansichter-kraeuterlikoer\\\/#breadcrumb\",\"itemListElement\":[{\"@type\":\"ListItem\",\"position\":1,\"name\":\"Startseite\",\"item\":\"https:\\\/\\\/www.muehlebirgel.de\\\/fr\\\/\"},{\"@type\":\"ListItem\",\"position\":2,\"name\":\"magasin en ligne\",\"item\":\"https:\\\/\\\/www.muehlebirgel.de\\\/fr\\\/boutique\\\/\"},{\"@type\":\"ListItem\",\"position\":3,\"name\":\"liqueur\",\"item\":\"https:\\\/\\\/www.muehlebirgel.de\\\/fr\\\/shop\\\/liqueur\\\/\"},{\"@type\":\"ListItem\",\"position\":4,\"name\":\"Liqueur d&#8217;herbes Plansichter\"}]},{\"@type\":\"WebSite\",\"@id\":\"https:\\\/\\\/www.muehlebirgel.de\\\/fr\\\/#website\",\"url\":\"https:\\\/\\\/www.muehlebirgel.de\\\/fr\\\/\",\"name\":\"Historische Wasserm\u00fchle Birgel\",\"description\":\"Willkommen im M\u00fchlen-Erlebniszentrum\",\"publisher\":{\"@id\":\"https:\\\/\\\/www.muehlebirgel.de\\\/fr\\\/#organization\"},\"potentialAction\":[{\"@type\":\"SearchAction\",\"target\":{\"@type\":\"EntryPoint\",\"urlTemplate\":\"https:\\\/\\\/www.muehlebirgel.de\\\/fr\\\/?s={search_term_string}\"},\"query-input\":{\"@type\":\"PropertyValueSpecification\",\"valueRequired\":true,\"valueName\":\"search_term_string\"}}],\"inLanguage\":\"fr-FR\"},{\"@type\":\"Organization\",\"@id\":\"https:\\\/\\\/www.muehlebirgel.de\\\/fr\\\/#organization\",\"name\":\"Historische Wasserm\u00fchle Birgel\",\"url\":\"https:\\\/\\\/www.muehlebirgel.de\\\/fr\\\/\",\"logo\":{\"@type\":\"ImageObject\",\"inLanguage\":\"fr-FR\",\"@id\":\"https:\\\/\\\/www.muehlebirgel.de\\\/fr\\\/#\\\/schema\\\/logo\\\/image\\\/\",\"url\":\"https:\\\/\\\/www.muehlebirgel.de\\\/wp-content\\\/uploads\\\/logo-muehle-schwarz.webp\",\"contentUrl\":\"https:\\\/\\\/www.muehlebirgel.de\\\/wp-content\\\/uploads\\\/logo-muehle-schwarz.webp\",\"width\":2140,\"height\":1803,\"caption\":\"Historische Wasserm\u00fchle Birgel\"},\"image\":{\"@id\":\"https:\\\/\\\/www.muehlebirgel.de\\\/fr\\\/#\\\/schema\\\/logo\\\/image\\\/\"}}]}<\/script>\n<!-- \/ Yoast SEO plugin. -->","yoast_head_json":{"title":"Liqueur d'herbes Plansichter acheter en ligne - Historische Wasserm\u00fchle Birgel%","description":"Notre d\u00e9licieuse liqueur aux herbes ne contient pas seulement des fruits provenant directement de l'Eifel, mais aussi 63 vari\u00e9t\u00e9s d'herbes diff\u00e9rentes.","robots":{"index":"noindex","follow":"follow","max-snippet":"max-snippet:-1","max-image-preview":"max-image-preview:large","max-video-preview":"max-video-preview:-1"},"og_locale":"fr_FR","og_type":"article","og_title":"Liqueur d'herbes Plansichter acheter en ligne - Historische Wasserm\u00fchle Birgel%","og_description":"Notre d\u00e9licieuse liqueur aux herbes ne contient pas seulement des fruits provenant directement de l'Eifel, mais aussi 63 vari\u00e9t\u00e9s d'herbes diff\u00e9rentes.","og_url":"https:\/\/www.muehlebirgel.de\/fr\/shop\/plansichter-kraeuterlikoer\/","og_site_name":"Historische Wasserm\u00fchle Birgel","article_modified_time":"2026-05-07T15:40:17+00:00","og_image":[{"width":1400,"height":2101,"url":"https:\/\/www.muehlebirgel.de\/wp-content\/uploads\/2020\/01\/PL10-Plansichter-05l-1.png","type":"image\/png"}],"twitter_card":"summary_large_image","twitter_misc":{"Dur\u00e9e de lecture estim\u00e9e":"1 minute"},"schema":{"@context":"https:\/\/schema.org","@graph":[{"@type":"WebPage","@id":"https:\/\/www.muehlebirgel.de\/fr\/shop\/plansichter-kraeuterlikoer\/","url":"https:\/\/www.muehlebirgel.de\/fr\/shop\/plansichter-kraeuterlikoer\/","name":"Liqueur d'herbes Plansichter acheter en ligne - Historische Wasserm\u00fchle Birgel%","isPartOf":{"@id":"https:\/\/www.muehlebirgel.de\/fr\/#website"},"primaryImageOfPage":{"@id":"https:\/\/www.muehlebirgel.de\/fr\/shop\/plansichter-kraeuterlikoer\/#primaryimage"},"image":{"@id":"https:\/\/www.muehlebirgel.de\/fr\/shop\/plansichter-kraeuterlikoer\/#primaryimage"},"thumbnailUrl":"https:\/\/www.muehlebirgel.de\/wp-content\/uploads\/2020\/01\/PL10-Plansichter-05l-1.png","datePublished":"2019-12-19T16:16:28+00:00","dateModified":"2026-05-07T15:40:17+00:00","description":"Notre d\u00e9licieuse liqueur aux herbes ne contient pas seulement des fruits provenant directement de l'Eifel, mais aussi 63 vari\u00e9t\u00e9s d'herbes diff\u00e9rentes.","breadcrumb":{"@id":"https:\/\/www.muehlebirgel.de\/fr\/shop\/plansichter-kraeuterlikoer\/#breadcrumb"},"inLanguage":"fr-FR","potentialAction":[{"@type":"ReadAction","target":["https:\/\/www.muehlebirgel.de\/fr\/shop\/plansichter-kraeuterlikoer\/"]}]},{"@type":"ImageObject","inLanguage":"fr-FR","@id":"https:\/\/www.muehlebirgel.de\/fr\/shop\/plansichter-kraeuterlikoer\/#primaryimage","url":"https:\/\/www.muehlebirgel.de\/wp-content\/uploads\/2020\/01\/PL10-Plansichter-05l-1.png","contentUrl":"https:\/\/www.muehlebirgel.de\/wp-content\/uploads\/2020\/01\/PL10-Plansichter-05l-1.png","width":1400,"height":2101},{"@type":"BreadcrumbList","@id":"https:\/\/www.muehlebirgel.de\/fr\/shop\/plansichter-kraeuterlikoer\/#breadcrumb","itemListElement":[{"@type":"ListItem","position":1,"name":"Startseite","item":"https:\/\/www.muehlebirgel.de\/fr\/"},{"@type":"ListItem","position":2,"name":"magasin en ligne","item":"https:\/\/www.muehlebirgel.de\/fr\/boutique\/"},{"@type":"ListItem","position":3,"name":"liqueur","item":"https:\/\/www.muehlebirgel.de\/fr\/shop\/liqueur\/"},{"@type":"ListItem","position":4,"name":"Liqueur d&#8217;herbes Plansichter"}]},{"@type":"WebSite","@id":"https:\/\/www.muehlebirgel.de\/fr\/#website","url":"https:\/\/www.muehlebirgel.de\/fr\/","name":"Historische Wasserm\u00fchle Birgel","description":"Willkommen im M\u00fchlen-Erlebniszentrum","publisher":{"@id":"https:\/\/www.muehlebirgel.de\/fr\/#organization"},"potentialAction":[{"@type":"SearchAction","target":{"@type":"EntryPoint","urlTemplate":"https:\/\/www.muehlebirgel.de\/fr\/?s={search_term_string}"},"query-input":{"@type":"PropertyValueSpecification","valueRequired":true,"valueName":"search_term_string"}}],"inLanguage":"fr-FR"},{"@type":"Organization","@id":"https:\/\/www.muehlebirgel.de\/fr\/#organization","name":"Historische Wasserm\u00fchle Birgel","url":"https:\/\/www.muehlebirgel.de\/fr\/","logo":{"@type":"ImageObject","inLanguage":"fr-FR","@id":"https:\/\/www.muehlebirgel.de\/fr\/#\/schema\/logo\/image\/","url":"https:\/\/www.muehlebirgel.de\/wp-content\/uploads\/logo-muehle-schwarz.webp","contentUrl":"https:\/\/www.muehlebirgel.de\/wp-content\/uploads\/logo-muehle-schwarz.webp","width":2140,"height":1803,"caption":"Historische Wasserm\u00fchle Birgel"},"image":{"@id":"https:\/\/www.muehlebirgel.de\/fr\/#\/schema\/logo\/image\/"}}]}},"_links":{"self":[{"href":"https:\/\/www.muehlebirgel.de\/fr\/wp-json\/wp\/v2\/product\/10325","targetHints":{"allow":["GET"]}}],"collection":[{"href":"https:\/\/www.muehlebirgel.de\/fr\/wp-json\/wp\/v2\/product"}],"about":[{"href":"https:\/\/www.muehlebirgel.de\/fr\/wp-json\/wp\/v2\/types\/product"}],"version-history":[{"count":1,"href":"https:\/\/www.muehlebirgel.de\/fr\/wp-json\/wp\/v2\/product\/10325\/revisions"}],"predecessor-version":[{"id":68417,"href":"https:\/\/www.muehlebirgel.de\/fr\/wp-json\/wp\/v2\/product\/10325\/revisions\/68417"}],"wp:featuredmedia":[{"embeddable":true,"href":"https:\/\/www.muehlebirgel.de\/fr\/wp-json\/wp\/v2\/media\/9496"}],"wp:attachment":[{"href":"https:\/\/www.muehlebirgel.de\/fr\/wp-json\/wp\/v2\/media?parent=10325"}],"wp:term":[{"taxonomy":"product_brand","embeddable":true,"href":"https:\/\/www.muehlebirgel.de\/fr\/wp-json\/wp\/v2\/product_brand?post=10325"},{"taxonomy":"product_cat","embeddable":true,"href":"https:\/\/www.muehlebirgel.de\/fr\/wp-json\/wp\/v2\/product_cat?post=10325"},{"taxonomy":"product_tag","embeddable":true,"href":"https:\/\/www.muehlebirgel.de\/fr\/wp-json\/wp\/v2\/product_tag?post=10325"}],"curies":[{"name":"wp","href":"https:\/\/api.w.org\/{rel}","templated":true}]}}