{"id":10327,"date":"2019-12-19T16:16:30","date_gmt":"2021-12-10T15:12:56","guid":{"rendered":"https:\/\/www.muehlebirgel.de\/shop\/miel-de-fleurs-sauvages\/"},"modified":"2022-09-06T14:32:40","modified_gmt":"2022-09-06T13:32:40","slug":"miel-de-fleurs-sauvages","status":"publish","type":"product","link":"https:\/\/www.muehlebirgel.de\/fr\/shop\/miel-de-fleurs-sauvages","title":{"rendered":"Miel de fleurs sauvages"},"content":{"rendered":"<p>Notre miel de fleurs sauvages est fabriqu\u00e9 \u00e0 partir de la vari\u00e9t\u00e9 color\u00e9e de nombreux types de fleurs de l&rsquo;Eifel. Le miel se caract\u00e9rise par son go\u00fbt naturellement sucr\u00e9 incomparable ainsi que par sa consistance extraordinairement tendre et fondante. Le nectar est obtenu \u00e0 partir de fleurs telles que des arbustes \u00e0 baies, des saules ou des \u00e9rables, etc., soigneusement trait\u00e9s puis mis en bouteille dans un pot de miel compact de 500 g pr\u00eat \u00e0 la consommation.<\/p>\n<p>Sa sp\u00e9cialit\u00e9 : une nouvelle composition est cr\u00e9\u00e9e chaque ann\u00e9e. En cons\u00e9quence, \u00e0 chaque nouvelle ann\u00e9e, vous pouvez vous attendre non seulement \u00e0 un nouveau m\u00e9lange sauvage de vari\u00e9t\u00e9s de fleurs sauvages, mais \u00e9galement \u00e0 une nouvelle variation du d\u00e9licieux go\u00fbt de fleurs sauvages.<\/p>\n<h2>C&rsquo;est ainsi que le miel a un go\u00fbt particuli\u00e8rement bon<\/h2>\n<p>Avec les desserts, le caf\u00e9 et les g\u00e2teaux ou comme alternative saine au sucre dans le th\u00e9 et lors de la cuisson. Le miel aromatique de fleurs sauvages se marie bien avec presque tout et est un favori de plus en plus populaire sur la table du petit-d\u00e9jeuner. Il est facile \u00e0 \u00e9taler sur du pain et fond doucement sur la langue.<\/p>\n","protected":false},"excerpt":{"rendered":"<p>Obtenu \u00e0 partir de nombreux types de fleurs diff\u00e9rents dans l&rsquo;Eifel et naturellement doux au go\u00fbt<\/p>\n<p>Livraison en pot de 500g.<\/p>\n","protected":false},"featured_media":9454,"template":"","meta":[],"product_brand":[],"product_cat":[143],"product_tag":[],"class_list":{"0":"post-10327","1":"product","2":"type-product","3":"status-publish","4":"has-post-thumbnail","6":"product_cat-mon-cheri","7":"product_shipping_class-expedition-assuree","9":"first","10":"instock","11":"taxable","12":"shipping-taxable","13":"purchasable","14":"product-type-simple"},"yoast_head":"<!-- This site is optimized with the Yoast SEO plugin v27.2 - https:\/\/yoast.com\/product\/yoast-seo-wordpress\/ -->\n<title>Miel de fleurs sauvages - Historische Wasserm\u00fchle Birgel<\/title>\n<meta name=\"description\" content=\"Notre miel de fleurs sauvages se caract\u00e9rise par son go\u00fbt extraordinairement sucr\u00e9 naturellement et sa consistance d\u00e9licatement fondante.\" \/>\n<meta name=\"robots\" content=\"index, follow, max-snippet:-1, max-image-preview:large, max-video-preview:-1\" \/>\n<link rel=\"canonical\" href=\"https:\/\/www.muehlebirgel.de\/fr\/shop\/miel-de-fleurs-sauvages\" \/>\n<meta property=\"og:locale\" content=\"fr_FR\" \/>\n<meta property=\"og:type\" content=\"article\" \/>\n<meta property=\"og:title\" content=\"Miel de fleurs sauvages - Historische Wasserm\u00fchle Birgel\" \/>\n<meta property=\"og:description\" content=\"Notre miel de fleurs sauvages se caract\u00e9rise par son go\u00fbt extraordinairement sucr\u00e9 naturellement et sa consistance d\u00e9licatement fondante.\" \/>\n<meta property=\"og:url\" content=\"https:\/\/www.muehlebirgel.de\/fr\/shop\/miel-de-fleurs-sauvages\/\" \/>\n<meta property=\"og:site_name\" content=\"Historische Wasserm\u00fchle Birgel\" \/>\n<meta property=\"article:modified_time\" content=\"2022-09-06T13:32:40+00:00\" \/>\n<meta property=\"og:image\" content=\"https:\/\/www.muehlebirgel.de\/wp-content\/uploads\/2019\/12\/WIH01-Wildbluetenhonig.png\" \/>\n\t<meta property=\"og:image:width\" content=\"1400\" \/>\n\t<meta property=\"og:image:height\" content=\"2101\" \/>\n\t<meta property=\"og:image:type\" content=\"image\/png\" \/>\n<meta name=\"twitter:card\" content=\"summary_large_image\" \/>\n<meta name=\"twitter:label1\" content=\"Dur\u00e9e de lecture estim\u00e9e\" \/>\n\t<meta name=\"twitter:data1\" content=\"1 minute\" \/>\n<script type=\"application\/ld+json\" class=\"yoast-schema-graph\">{\"@context\":\"https:\/\/schema.org\",\"@graph\":[{\"@type\":\"WebPage\",\"@id\":\"https:\/\/www.muehlebirgel.de\/fr\/shop\/miel-de-fleurs-sauvages\",\"url\":\"https:\/\/www.muehlebirgel.de\/fr\/shop\/miel-de-fleurs-sauvages\",\"name\":\"Miel de fleurs sauvages - Historische Wasserm\u00fchle Birgel\",\"isPartOf\":{\"@id\":\"https:\/\/www.muehlebirgel.de\/fr\/#website\"},\"primaryImageOfPage\":{\"@id\":\"https:\/\/www.muehlebirgel.de\/fr\/shop\/miel-de-fleurs-sauvages#primaryimage\"},\"image\":{\"@id\":\"https:\/\/www.muehlebirgel.de\/fr\/shop\/miel-de-fleurs-sauvages#primaryimage\"},\"thumbnailUrl\":\"https:\/\/www.muehlebirgel.de\/wp-content\/uploads\/2019\/12\/WIH01-Wildbluetenhonig.png\",\"datePublished\":\"2021-12-10T15:12:56+00:00\",\"dateModified\":\"2022-09-06T13:32:40+00:00\",\"description\":\"Notre miel de fleurs sauvages se caract\u00e9rise par son go\u00fbt extraordinairement sucr\u00e9 naturellement et sa consistance d\u00e9licatement fondante.\",\"breadcrumb\":{\"@id\":\"https:\/\/www.muehlebirgel.de\/fr\/shop\/miel-de-fleurs-sauvages#breadcrumb\"},\"inLanguage\":\"fr-FR\",\"potentialAction\":[{\"@type\":\"ReadAction\",\"target\":[\"https:\/\/www.muehlebirgel.de\/fr\/shop\/miel-de-fleurs-sauvages\"]}]},{\"@type\":\"ImageObject\",\"inLanguage\":\"fr-FR\",\"@id\":\"https:\/\/www.muehlebirgel.de\/fr\/shop\/miel-de-fleurs-sauvages#primaryimage\",\"url\":\"https:\/\/www.muehlebirgel.de\/wp-content\/uploads\/2019\/12\/WIH01-Wildbluetenhonig.png\",\"contentUrl\":\"https:\/\/www.muehlebirgel.de\/wp-content\/uploads\/2019\/12\/WIH01-Wildbluetenhonig.png\",\"width\":1400,\"height\":2101},{\"@type\":\"BreadcrumbList\",\"@id\":\"https:\/\/www.muehlebirgel.de\/fr\/shop\/miel-de-fleurs-sauvages#breadcrumb\",\"itemListElement\":[{\"@type\":\"ListItem\",\"position\":1,\"name\":\"Startseite\",\"item\":\"https:\/\/www.muehlebirgel.de\/fr\"},{\"@type\":\"ListItem\",\"position\":2,\"name\":\"Produits\",\"item\":\"https:\/\/www.muehlebirgel.de\/fr\/shop\"},{\"@type\":\"ListItem\",\"position\":3,\"name\":\"Miel de fleurs sauvages\"}]},{\"@type\":\"WebSite\",\"@id\":\"https:\/\/www.muehlebirgel.de\/fr\/#website\",\"url\":\"https:\/\/www.muehlebirgel.de\/fr\/\",\"name\":\"Historische Wasserm\u00fchle Birgel\",\"description\":\"Willkommen im M\u00fchlen-Erlebniszentrum\",\"potentialAction\":[{\"@type\":\"SearchAction\",\"target\":{\"@type\":\"EntryPoint\",\"urlTemplate\":\"https:\/\/www.muehlebirgel.de\/fr\/?s={search_term_string}\"},\"query-input\":{\"@type\":\"PropertyValueSpecification\",\"valueRequired\":true,\"valueName\":\"search_term_string\"}}],\"inLanguage\":\"fr-FR\"}]}<\/script>\n<!-- \/ Yoast SEO plugin. -->","yoast_head_json":{"title":"Miel de fleurs sauvages - Historische Wasserm\u00fchle Birgel","description":"Notre miel de fleurs sauvages se caract\u00e9rise par son go\u00fbt extraordinairement sucr\u00e9 naturellement et sa consistance d\u00e9licatement fondante.","robots":{"index":"index","follow":"follow","max-snippet":"max-snippet:-1","max-image-preview":"max-image-preview:large","max-video-preview":"max-video-preview:-1"},"canonical":"https:\/\/www.muehlebirgel.de\/fr\/shop\/miel-de-fleurs-sauvages","og_locale":"fr_FR","og_type":"article","og_title":"Miel de fleurs sauvages - Historische Wasserm\u00fchle Birgel","og_description":"Notre miel de fleurs sauvages se caract\u00e9rise par son go\u00fbt extraordinairement sucr\u00e9 naturellement et sa consistance d\u00e9licatement fondante.","og_url":"https:\/\/www.muehlebirgel.de\/fr\/shop\/miel-de-fleurs-sauvages\/","og_site_name":"Historische Wasserm\u00fchle Birgel","article_modified_time":"2022-09-06T13:32:40+00:00","og_image":[{"width":1400,"height":2101,"url":"https:\/\/www.muehlebirgel.de\/wp-content\/uploads\/2019\/12\/WIH01-Wildbluetenhonig.png","type":"image\/png"}],"twitter_card":"summary_large_image","twitter_misc":{"Dur\u00e9e de lecture estim\u00e9e":"1 minute"},"schema":{"@context":"https:\/\/schema.org","@graph":[{"@type":"WebPage","@id":"https:\/\/www.muehlebirgel.de\/fr\/shop\/miel-de-fleurs-sauvages","url":"https:\/\/www.muehlebirgel.de\/fr\/shop\/miel-de-fleurs-sauvages","name":"Miel de fleurs sauvages - Historische Wasserm\u00fchle Birgel","isPartOf":{"@id":"https:\/\/www.muehlebirgel.de\/fr\/#website"},"primaryImageOfPage":{"@id":"https:\/\/www.muehlebirgel.de\/fr\/shop\/miel-de-fleurs-sauvages#primaryimage"},"image":{"@id":"https:\/\/www.muehlebirgel.de\/fr\/shop\/miel-de-fleurs-sauvages#primaryimage"},"thumbnailUrl":"https:\/\/www.muehlebirgel.de\/wp-content\/uploads\/2019\/12\/WIH01-Wildbluetenhonig.png","datePublished":"2021-12-10T15:12:56+00:00","dateModified":"2022-09-06T13:32:40+00:00","description":"Notre miel de fleurs sauvages se caract\u00e9rise par son go\u00fbt extraordinairement sucr\u00e9 naturellement et sa consistance d\u00e9licatement fondante.","breadcrumb":{"@id":"https:\/\/www.muehlebirgel.de\/fr\/shop\/miel-de-fleurs-sauvages#breadcrumb"},"inLanguage":"fr-FR","potentialAction":[{"@type":"ReadAction","target":["https:\/\/www.muehlebirgel.de\/fr\/shop\/miel-de-fleurs-sauvages"]}]},{"@type":"ImageObject","inLanguage":"fr-FR","@id":"https:\/\/www.muehlebirgel.de\/fr\/shop\/miel-de-fleurs-sauvages#primaryimage","url":"https:\/\/www.muehlebirgel.de\/wp-content\/uploads\/2019\/12\/WIH01-Wildbluetenhonig.png","contentUrl":"https:\/\/www.muehlebirgel.de\/wp-content\/uploads\/2019\/12\/WIH01-Wildbluetenhonig.png","width":1400,"height":2101},{"@type":"BreadcrumbList","@id":"https:\/\/www.muehlebirgel.de\/fr\/shop\/miel-de-fleurs-sauvages#breadcrumb","itemListElement":[{"@type":"ListItem","position":1,"name":"Startseite","item":"https:\/\/www.muehlebirgel.de\/fr"},{"@type":"ListItem","position":2,"name":"Produits","item":"https:\/\/www.muehlebirgel.de\/fr\/shop"},{"@type":"ListItem","position":3,"name":"Miel de fleurs sauvages"}]},{"@type":"WebSite","@id":"https:\/\/www.muehlebirgel.de\/fr\/#website","url":"https:\/\/www.muehlebirgel.de\/fr\/","name":"Historische Wasserm\u00fchle Birgel","description":"Willkommen im M\u00fchlen-Erlebniszentrum","potentialAction":[{"@type":"SearchAction","target":{"@type":"EntryPoint","urlTemplate":"https:\/\/www.muehlebirgel.de\/fr\/?s={search_term_string}"},"query-input":{"@type":"PropertyValueSpecification","valueRequired":true,"valueName":"search_term_string"}}],"inLanguage":"fr-FR"}]}},"_links":{"self":[{"href":"https:\/\/www.muehlebirgel.de\/fr\/wp-json\/wp\/v2\/product\/10327","targetHints":{"allow":["GET"]}}],"collection":[{"href":"https:\/\/www.muehlebirgel.de\/fr\/wp-json\/wp\/v2\/product"}],"about":[{"href":"https:\/\/www.muehlebirgel.de\/fr\/wp-json\/wp\/v2\/types\/product"}],"wp:featuredmedia":[{"embeddable":true,"href":"https:\/\/www.muehlebirgel.de\/fr\/wp-json\/wp\/v2\/media\/9454"}],"wp:attachment":[{"href":"https:\/\/www.muehlebirgel.de\/fr\/wp-json\/wp\/v2\/media?parent=10327"}],"wp:term":[{"taxonomy":"product_brand","embeddable":true,"href":"https:\/\/www.muehlebirgel.de\/fr\/wp-json\/wp\/v2\/product_brand?post=10327"},{"taxonomy":"product_cat","embeddable":true,"href":"https:\/\/www.muehlebirgel.de\/fr\/wp-json\/wp\/v2\/product_cat?post=10327"},{"taxonomy":"product_tag","embeddable":true,"href":"https:\/\/www.muehlebirgel.de\/fr\/wp-json\/wp\/v2\/product_tag?post=10327"}],"curies":[{"name":"wp","href":"https:\/\/api.w.org\/{rel}","templated":true}]}}