{"id":10337,"date":"2019-12-19T16:16:27","date_gmt":"2019-12-19T16:16:27","guid":{"rendered":"https:\/\/www.muehlebirgel.de\/shop\/liqueur-de-peche-peche-de-vignoble\/"},"modified":"2025-08-14T16:13:23","modified_gmt":"2025-08-14T14:13:23","slug":"peche-de-vigne-a-saveur-de-peche","status":"publish","type":"product","link":"https:\/\/www.muehlebirgel.de\/fr\/shop\/liqueur-de-peche-peche-de-vignoble","title":{"rendered":"Liqueur de P\u00eache &#8211; P\u00eache de Vignoble"},"content":{"rendered":"<h2>Liqueur de p\u00eache de l&rsquo;Eifel<\/h2>\n<p>Notre liqueur de p\u00eache se caract\u00e9rise par sa jolie couleur pourpre. Avec une teneur en alcool de 25,4% vol., il s\u00e9duit par son ar\u00f4me de p\u00eache incroyablement intense et l&rsquo;exp\u00e9rience a montr\u00e9 qu&rsquo;il est clairement le favori des femmes gourmandes.<\/p>\n<h2>Comment appr\u00e9ciez-vous la liqueur?<\/h2>\n<p>Une sp\u00e9cialit\u00e9 de liqueur \u00e0 base de p\u00eaches de vigne au go\u00fbt particuli\u00e8rement cors\u00e9.<\/p>\n<p>La liqueur est d\u00e9licieuse non seulement \u00e0 l&rsquo;ap\u00e9ritif avec du champagne ou du vin mousseux et est donc parfaite pour trinquer par une belle nuit d&rsquo;\u00e9t\u00e9. C&rsquo;est aussi un ajout d\u00e9licieux aux sauces ou aux desserts. De cette fa\u00e7on, un morceau des meilleurs plats gastronomiques peut facilement \u00eatre ramen\u00e9 \u00e0 la maison.<\/p>\n","protected":false},"excerpt":{"rendered":"<p><strong>Degr\u00e9 d&rsquo;alcool : 25,6% vol<\/strong><\/p>\n<p>Ar\u00f4me de p\u00eache incroyablement intense &amp; go\u00fbt particuli\u00e8rement cors\u00e9.<\/p>\n","protected":false},"featured_media":9493,"template":"","meta":[],"product_brand":[],"product_cat":[115],"product_tag":[],"class_list":{"0":"post-10337","1":"product","2":"type-product","3":"status-publish","4":"has-post-thumbnail","6":"product_cat-liqueur","7":"product_shipping_class-expedition-assuree","9":"first","10":"instock","11":"featured","12":"taxable","13":"shipping-taxable","14":"purchasable","15":"product-type-variable","16":"has-default-attributes"},"yoast_head":"<!-- This site is optimized with the Yoast SEO plugin v27.2 - https:\/\/yoast.com\/product\/yoast-seo-wordpress\/ -->\n<title>acheter Liqueur de P\u00eache - P\u00eache de Vignoble en ligne - Historische Wasserm\u00fchle Birgel<\/title>\n<meta name=\"description\" content=\"Une sp\u00e9cialit\u00e9 de liqueur \u00e0 base de p\u00eaches de vigne qui a un go\u00fbt particuli\u00e8rement cors\u00e9 et se caract\u00e9rise par sa couleur pourpre.\" \/>\n<meta name=\"robots\" content=\"index, follow, max-snippet:-1, max-image-preview:large, max-video-preview:-1\" \/>\n<link rel=\"canonical\" href=\"https:\/\/www.muehlebirgel.de\/fr\/shop\/liqueur-de-peche-peche-de-vignoble\" \/>\n<meta property=\"og:locale\" content=\"fr_FR\" \/>\n<meta property=\"og:type\" content=\"article\" \/>\n<meta property=\"og:title\" content=\"acheter Liqueur de P\u00eache - P\u00eache de Vignoble en ligne - Historische Wasserm\u00fchle Birgel\" \/>\n<meta property=\"og:description\" content=\"Une sp\u00e9cialit\u00e9 de liqueur \u00e0 base de p\u00eaches de vigne qui a un go\u00fbt particuli\u00e8rement cors\u00e9 et se caract\u00e9rise par sa couleur pourpre.\" \/>\n<meta property=\"og:url\" content=\"https:\/\/www.muehlebirgel.de\/fr\/shop\/liqueur-de-peche-peche-de-vignoble\/\" \/>\n<meta property=\"og:site_name\" content=\"Historische Wasserm\u00fchle Birgel\" \/>\n<meta property=\"article:modified_time\" content=\"2025-08-14T14:13:23+00:00\" \/>\n<meta property=\"og:image\" content=\"https:\/\/www.muehlebirgel.de\/wp-content\/uploads\/2020\/01\/WPL10-Weinbergspfirsich-Likoer-05l.png\" \/>\n\t<meta property=\"og:image:width\" content=\"1400\" \/>\n\t<meta property=\"og:image:height\" content=\"2101\" \/>\n\t<meta property=\"og:image:type\" content=\"image\/png\" \/>\n<meta name=\"twitter:card\" content=\"summary_large_image\" \/>\n<meta name=\"twitter:label1\" content=\"Dur\u00e9e de lecture estim\u00e9e\" \/>\n\t<meta name=\"twitter:data1\" content=\"1 minute\" \/>\n<script type=\"application\/ld+json\" class=\"yoast-schema-graph\">{\"@context\":\"https:\/\/schema.org\",\"@graph\":[{\"@type\":\"WebPage\",\"@id\":\"https:\/\/www.muehlebirgel.de\/fr\/shop\/liqueur-de-peche-peche-de-vignoble\",\"url\":\"https:\/\/www.muehlebirgel.de\/fr\/shop\/liqueur-de-peche-peche-de-vignoble\",\"name\":\"acheter Liqueur de P\u00eache - P\u00eache de Vignoble en ligne - Historische Wasserm\u00fchle Birgel\",\"isPartOf\":{\"@id\":\"https:\/\/www.muehlebirgel.de\/fr\/#website\"},\"primaryImageOfPage\":{\"@id\":\"https:\/\/www.muehlebirgel.de\/fr\/shop\/liqueur-de-peche-peche-de-vignoble#primaryimage\"},\"image\":{\"@id\":\"https:\/\/www.muehlebirgel.de\/fr\/shop\/liqueur-de-peche-peche-de-vignoble#primaryimage\"},\"thumbnailUrl\":\"https:\/\/www.muehlebirgel.de\/wp-content\/uploads\/2020\/01\/WPL10-Weinbergspfirsich-Likoer-05l.png\",\"datePublished\":\"2019-12-19T16:16:27+00:00\",\"dateModified\":\"2025-08-14T14:13:23+00:00\",\"description\":\"Une sp\u00e9cialit\u00e9 de liqueur \u00e0 base de p\u00eaches de vigne qui a un go\u00fbt particuli\u00e8rement cors\u00e9 et se caract\u00e9rise par sa couleur pourpre.\",\"breadcrumb\":{\"@id\":\"https:\/\/www.muehlebirgel.de\/fr\/shop\/liqueur-de-peche-peche-de-vignoble#breadcrumb\"},\"inLanguage\":\"fr-FR\",\"potentialAction\":[{\"@type\":\"ReadAction\",\"target\":[\"https:\/\/www.muehlebirgel.de\/fr\/shop\/liqueur-de-peche-peche-de-vignoble\"]}]},{\"@type\":\"ImageObject\",\"inLanguage\":\"fr-FR\",\"@id\":\"https:\/\/www.muehlebirgel.de\/fr\/shop\/liqueur-de-peche-peche-de-vignoble#primaryimage\",\"url\":\"https:\/\/www.muehlebirgel.de\/wp-content\/uploads\/2020\/01\/WPL10-Weinbergspfirsich-Likoer-05l.png\",\"contentUrl\":\"https:\/\/www.muehlebirgel.de\/wp-content\/uploads\/2020\/01\/WPL10-Weinbergspfirsich-Likoer-05l.png\",\"width\":1400,\"height\":2101},{\"@type\":\"BreadcrumbList\",\"@id\":\"https:\/\/www.muehlebirgel.de\/fr\/shop\/liqueur-de-peche-peche-de-vignoble#breadcrumb\",\"itemListElement\":[{\"@type\":\"ListItem\",\"position\":1,\"name\":\"Startseite\",\"item\":\"https:\/\/www.muehlebirgel.de\/fr\"},{\"@type\":\"ListItem\",\"position\":2,\"name\":\"Produits\",\"item\":\"https:\/\/www.muehlebirgel.de\/fr\/shop\"},{\"@type\":\"ListItem\",\"position\":3,\"name\":\"Liqueur de P\u00eache &#8211; P\u00eache de Vignoble\"}]},{\"@type\":\"WebSite\",\"@id\":\"https:\/\/www.muehlebirgel.de\/fr\/#website\",\"url\":\"https:\/\/www.muehlebirgel.de\/fr\/\",\"name\":\"Historische Wasserm\u00fchle Birgel\",\"description\":\"Willkommen im M\u00fchlen-Erlebniszentrum\",\"potentialAction\":[{\"@type\":\"SearchAction\",\"target\":{\"@type\":\"EntryPoint\",\"urlTemplate\":\"https:\/\/www.muehlebirgel.de\/fr\/?s={search_term_string}\"},\"query-input\":{\"@type\":\"PropertyValueSpecification\",\"valueRequired\":true,\"valueName\":\"search_term_string\"}}],\"inLanguage\":\"fr-FR\"}]}<\/script>\n<!-- \/ Yoast SEO plugin. -->","yoast_head_json":{"title":"acheter Liqueur de P\u00eache - P\u00eache de Vignoble en ligne - Historische Wasserm\u00fchle Birgel","description":"Une sp\u00e9cialit\u00e9 de liqueur \u00e0 base de p\u00eaches de vigne qui a un go\u00fbt particuli\u00e8rement cors\u00e9 et se caract\u00e9rise par sa couleur pourpre.","robots":{"index":"index","follow":"follow","max-snippet":"max-snippet:-1","max-image-preview":"max-image-preview:large","max-video-preview":"max-video-preview:-1"},"canonical":"https:\/\/www.muehlebirgel.de\/fr\/shop\/liqueur-de-peche-peche-de-vignoble","og_locale":"fr_FR","og_type":"article","og_title":"acheter Liqueur de P\u00eache - P\u00eache de Vignoble en ligne - Historische Wasserm\u00fchle Birgel","og_description":"Une sp\u00e9cialit\u00e9 de liqueur \u00e0 base de p\u00eaches de vigne qui a un go\u00fbt particuli\u00e8rement cors\u00e9 et se caract\u00e9rise par sa couleur pourpre.","og_url":"https:\/\/www.muehlebirgel.de\/fr\/shop\/liqueur-de-peche-peche-de-vignoble\/","og_site_name":"Historische Wasserm\u00fchle Birgel","article_modified_time":"2025-08-14T14:13:23+00:00","og_image":[{"width":1400,"height":2101,"url":"https:\/\/www.muehlebirgel.de\/wp-content\/uploads\/2020\/01\/WPL10-Weinbergspfirsich-Likoer-05l.png","type":"image\/png"}],"twitter_card":"summary_large_image","twitter_misc":{"Dur\u00e9e de lecture estim\u00e9e":"1 minute"},"schema":{"@context":"https:\/\/schema.org","@graph":[{"@type":"WebPage","@id":"https:\/\/www.muehlebirgel.de\/fr\/shop\/liqueur-de-peche-peche-de-vignoble","url":"https:\/\/www.muehlebirgel.de\/fr\/shop\/liqueur-de-peche-peche-de-vignoble","name":"acheter Liqueur de P\u00eache - P\u00eache de Vignoble en ligne - Historische Wasserm\u00fchle Birgel","isPartOf":{"@id":"https:\/\/www.muehlebirgel.de\/fr\/#website"},"primaryImageOfPage":{"@id":"https:\/\/www.muehlebirgel.de\/fr\/shop\/liqueur-de-peche-peche-de-vignoble#primaryimage"},"image":{"@id":"https:\/\/www.muehlebirgel.de\/fr\/shop\/liqueur-de-peche-peche-de-vignoble#primaryimage"},"thumbnailUrl":"https:\/\/www.muehlebirgel.de\/wp-content\/uploads\/2020\/01\/WPL10-Weinbergspfirsich-Likoer-05l.png","datePublished":"2019-12-19T16:16:27+00:00","dateModified":"2025-08-14T14:13:23+00:00","description":"Une sp\u00e9cialit\u00e9 de liqueur \u00e0 base de p\u00eaches de vigne qui a un go\u00fbt particuli\u00e8rement cors\u00e9 et se caract\u00e9rise par sa couleur pourpre.","breadcrumb":{"@id":"https:\/\/www.muehlebirgel.de\/fr\/shop\/liqueur-de-peche-peche-de-vignoble#breadcrumb"},"inLanguage":"fr-FR","potentialAction":[{"@type":"ReadAction","target":["https:\/\/www.muehlebirgel.de\/fr\/shop\/liqueur-de-peche-peche-de-vignoble"]}]},{"@type":"ImageObject","inLanguage":"fr-FR","@id":"https:\/\/www.muehlebirgel.de\/fr\/shop\/liqueur-de-peche-peche-de-vignoble#primaryimage","url":"https:\/\/www.muehlebirgel.de\/wp-content\/uploads\/2020\/01\/WPL10-Weinbergspfirsich-Likoer-05l.png","contentUrl":"https:\/\/www.muehlebirgel.de\/wp-content\/uploads\/2020\/01\/WPL10-Weinbergspfirsich-Likoer-05l.png","width":1400,"height":2101},{"@type":"BreadcrumbList","@id":"https:\/\/www.muehlebirgel.de\/fr\/shop\/liqueur-de-peche-peche-de-vignoble#breadcrumb","itemListElement":[{"@type":"ListItem","position":1,"name":"Startseite","item":"https:\/\/www.muehlebirgel.de\/fr"},{"@type":"ListItem","position":2,"name":"Produits","item":"https:\/\/www.muehlebirgel.de\/fr\/shop"},{"@type":"ListItem","position":3,"name":"Liqueur de P\u00eache &#8211; P\u00eache de Vignoble"}]},{"@type":"WebSite","@id":"https:\/\/www.muehlebirgel.de\/fr\/#website","url":"https:\/\/www.muehlebirgel.de\/fr\/","name":"Historische Wasserm\u00fchle Birgel","description":"Willkommen im M\u00fchlen-Erlebniszentrum","potentialAction":[{"@type":"SearchAction","target":{"@type":"EntryPoint","urlTemplate":"https:\/\/www.muehlebirgel.de\/fr\/?s={search_term_string}"},"query-input":{"@type":"PropertyValueSpecification","valueRequired":true,"valueName":"search_term_string"}}],"inLanguage":"fr-FR"}]}},"_links":{"self":[{"href":"https:\/\/www.muehlebirgel.de\/fr\/wp-json\/wp\/v2\/product\/10337","targetHints":{"allow":["GET"]}}],"collection":[{"href":"https:\/\/www.muehlebirgel.de\/fr\/wp-json\/wp\/v2\/product"}],"about":[{"href":"https:\/\/www.muehlebirgel.de\/fr\/wp-json\/wp\/v2\/types\/product"}],"wp:featuredmedia":[{"embeddable":true,"href":"https:\/\/www.muehlebirgel.de\/fr\/wp-json\/wp\/v2\/media\/9493"}],"wp:attachment":[{"href":"https:\/\/www.muehlebirgel.de\/fr\/wp-json\/wp\/v2\/media?parent=10337"}],"wp:term":[{"taxonomy":"product_brand","embeddable":true,"href":"https:\/\/www.muehlebirgel.de\/fr\/wp-json\/wp\/v2\/product_brand?post=10337"},{"taxonomy":"product_cat","embeddable":true,"href":"https:\/\/www.muehlebirgel.de\/fr\/wp-json\/wp\/v2\/product_cat?post=10337"},{"taxonomy":"product_tag","embeddable":true,"href":"https:\/\/www.muehlebirgel.de\/fr\/wp-json\/wp\/v2\/product_tag?post=10337"}],"curies":[{"name":"wp","href":"https:\/\/api.w.org\/{rel}","templated":true}]}}