{"id":10347,"date":"2019-12-19T16:16:29","date_gmt":"2021-12-10T15:13:05","guid":{"rendered":"https:\/\/www.muehlebirgel.de\/shop\/eau-de-vie-de-fruits-numero-1\/"},"modified":"2022-09-06T14:32:24","modified_gmt":"2022-09-06T13:32:24","slug":"eau-de-vie-de-fruits-no-1","status":"publish","type":"product","link":"https:\/\/www.muehlebirgel.de\/fr\/shop\/eau-de-vie-de-fruits-numero-1","title":{"rendered":"Eau-de-vie de fruits num\u00e9ro 1"},"content":{"rendered":"<h2>Plaisir multicouche &#8211; eau-de-vie de fruits num\u00e9ro 1 de l&rsquo;Eifel<\/h2>\n<p>Notre eau-de-vie de fruits num\u00e9ro 1 avec une teneur en alcool de 43% vol.Est un parfait m\u00e9lange de pommes et de poires locales, raffin\u00e9 avec les meilleures eaux-de-vie de la maison, prunelle, cerise et eau de vie de sureau. Mais ce n&rsquo;est pas tout, apr\u00e8s tout, ce n&rsquo;est pas le num\u00e9ro 1 pour rien ! La sp\u00e9cialit\u00e9 r\u00e9side dans la pur\u00e9e. Chaque ann\u00e9e, Chefm\u00fcller Erwin cr\u00e9e une nouvelle composition pour la pur\u00e9e. Chaque nouvelle ann\u00e9e cr\u00e9e une nouvelle fusion des saveurs de fruits les plus excellentes, \u00e0 partir d&rsquo;une grande vari\u00e9t\u00e9 de fruits de la plus haute qualit\u00e9. Cela fait de l&rsquo;eau-de-vie une raret\u00e9 absolue et un r\u00e9gal pour le nez et le palais.<\/p>\n<h2>Comment appr\u00e9ciez-vous le cognac?<\/h2>\n<p><strong> <\/strong>Notre eau-de-vie de fruits se d\u00e9guste de pr\u00e9f\u00e9rence glac\u00e9e ou \u00e0 temp\u00e9rature ambiante. La temp\u00e9rature id\u00e9ale de consommation se situe entre 15 et 18 degr\u00e9s. A l&rsquo;ap\u00e9ritif, en digestif ou juste entre les deux, il se consomme pur, servi dans un verre conique \u00e0 fond rond en verre. Il est rafra\u00eechissant dans les cocktails avec du fromage ou sur un plateau de fruits frais. De plus, il se marie parfaitement avec des plats dignes comme la cuisine traditionnelle allemande.<\/p>\n<p><strong> <\/strong><\/p>\n<p>&nbsp;<\/p>\n","protected":false},"excerpt":{"rendered":"<p><strong>Teneur en alcool : 43 % vol<\/strong><\/p>\n<p>Chaque ann\u00e9e, il y a une nouvelle fusion des plus excellentes saveurs de fruits<\/p>\n","protected":false},"featured_media":9583,"template":"","meta":[],"product_brand":[],"product_cat":[88],"product_tag":[],"class_list":{"0":"post-10347","1":"product","2":"type-product","3":"status-publish","4":"has-post-thumbnail","6":"product_cat-eaux-de-vie","7":"product_shipping_class-expedition-assuree","9":"first","10":"instock","11":"taxable","12":"shipping-taxable","13":"purchasable","14":"product-type-variable","15":"has-default-attributes"},"yoast_head":"<!-- This site is optimized with the Yoast SEO plugin v27.2 - https:\/\/yoast.com\/product\/yoast-seo-wordpress\/ -->\n<title>Eau-de-vie de fruits num\u00e9ro 1 - Historische Wasserm\u00fchle Birgel<\/title>\n<meta name=\"description\" content=\"La sp\u00e9cialit\u00e9 r\u00e9side dans la pur\u00e9e. Chaque ann\u00e9e, Chefm\u00fcller Erwin cr\u00e9e une nouvelle composition des meilleurs fruits pour l&#039;eau-de-vie de fruits.\" \/>\n<meta name=\"robots\" content=\"index, follow, max-snippet:-1, max-image-preview:large, max-video-preview:-1\" \/>\n<link rel=\"canonical\" href=\"https:\/\/www.muehlebirgel.de\/fr\/shop\/eau-de-vie-de-fruits-numero-1\" \/>\n<meta property=\"og:locale\" content=\"fr_FR\" \/>\n<meta property=\"og:type\" content=\"article\" \/>\n<meta property=\"og:title\" content=\"Eau-de-vie de fruits num\u00e9ro 1 - Historische Wasserm\u00fchle Birgel\" \/>\n<meta property=\"og:description\" content=\"La sp\u00e9cialit\u00e9 r\u00e9side dans la pur\u00e9e. Chaque ann\u00e9e, Chefm\u00fcller Erwin cr\u00e9e une nouvelle composition des meilleurs fruits pour l&#039;eau-de-vie de fruits.\" \/>\n<meta property=\"og:url\" content=\"https:\/\/www.muehlebirgel.de\/fr\/shop\/eau-de-vie-de-fruits-numero-1\/\" \/>\n<meta property=\"og:site_name\" content=\"Historische Wasserm\u00fchle Birgel\" \/>\n<meta property=\"article:modified_time\" content=\"2022-09-06T13:32:24+00:00\" \/>\n<meta property=\"og:image\" content=\"https:\/\/www.muehlebirgel.de\/wp-content\/uploads\/2019\/12\/Obstbrand-Nr.1-05l.png\" \/>\n\t<meta property=\"og:image:width\" content=\"1400\" \/>\n\t<meta property=\"og:image:height\" content=\"2100\" \/>\n\t<meta property=\"og:image:type\" content=\"image\/png\" \/>\n<meta name=\"twitter:card\" content=\"summary_large_image\" \/>\n<meta name=\"twitter:label1\" content=\"Dur\u00e9e de lecture estim\u00e9e\" \/>\n\t<meta name=\"twitter:data1\" content=\"1 minute\" \/>\n<script type=\"application\/ld+json\" class=\"yoast-schema-graph\">{\"@context\":\"https:\/\/schema.org\",\"@graph\":[{\"@type\":\"WebPage\",\"@id\":\"https:\/\/www.muehlebirgel.de\/fr\/shop\/eau-de-vie-de-fruits-numero-1\",\"url\":\"https:\/\/www.muehlebirgel.de\/fr\/shop\/eau-de-vie-de-fruits-numero-1\",\"name\":\"Eau-de-vie de fruits num\u00e9ro 1 - Historische Wasserm\u00fchle Birgel\",\"isPartOf\":{\"@id\":\"https:\/\/www.muehlebirgel.de\/fr\/#website\"},\"primaryImageOfPage\":{\"@id\":\"https:\/\/www.muehlebirgel.de\/fr\/shop\/eau-de-vie-de-fruits-numero-1#primaryimage\"},\"image\":{\"@id\":\"https:\/\/www.muehlebirgel.de\/fr\/shop\/eau-de-vie-de-fruits-numero-1#primaryimage\"},\"thumbnailUrl\":\"https:\/\/www.muehlebirgel.de\/wp-content\/uploads\/2019\/12\/Obstbrand-Nr.1-05l.png\",\"datePublished\":\"2021-12-10T15:13:05+00:00\",\"dateModified\":\"2022-09-06T13:32:24+00:00\",\"description\":\"La sp\u00e9cialit\u00e9 r\u00e9side dans la pur\u00e9e. Chaque ann\u00e9e, Chefm\u00fcller Erwin cr\u00e9e une nouvelle composition des meilleurs fruits pour l'eau-de-vie de fruits.\",\"breadcrumb\":{\"@id\":\"https:\/\/www.muehlebirgel.de\/fr\/shop\/eau-de-vie-de-fruits-numero-1#breadcrumb\"},\"inLanguage\":\"fr-FR\",\"potentialAction\":[{\"@type\":\"ReadAction\",\"target\":[\"https:\/\/www.muehlebirgel.de\/fr\/shop\/eau-de-vie-de-fruits-numero-1\"]}]},{\"@type\":\"ImageObject\",\"inLanguage\":\"fr-FR\",\"@id\":\"https:\/\/www.muehlebirgel.de\/fr\/shop\/eau-de-vie-de-fruits-numero-1#primaryimage\",\"url\":\"https:\/\/www.muehlebirgel.de\/wp-content\/uploads\/2019\/12\/Obstbrand-Nr.1-05l.png\",\"contentUrl\":\"https:\/\/www.muehlebirgel.de\/wp-content\/uploads\/2019\/12\/Obstbrand-Nr.1-05l.png\",\"width\":1400,\"height\":2100},{\"@type\":\"BreadcrumbList\",\"@id\":\"https:\/\/www.muehlebirgel.de\/fr\/shop\/eau-de-vie-de-fruits-numero-1#breadcrumb\",\"itemListElement\":[{\"@type\":\"ListItem\",\"position\":1,\"name\":\"Startseite\",\"item\":\"https:\/\/www.muehlebirgel.de\/fr\"},{\"@type\":\"ListItem\",\"position\":2,\"name\":\"Produits\",\"item\":\"https:\/\/www.muehlebirgel.de\/fr\/shop\"},{\"@type\":\"ListItem\",\"position\":3,\"name\":\"Eau-de-vie de fruits num\u00e9ro 1\"}]},{\"@type\":\"WebSite\",\"@id\":\"https:\/\/www.muehlebirgel.de\/fr\/#website\",\"url\":\"https:\/\/www.muehlebirgel.de\/fr\/\",\"name\":\"Historische Wasserm\u00fchle Birgel\",\"description\":\"Willkommen im M\u00fchlen-Erlebniszentrum\",\"potentialAction\":[{\"@type\":\"SearchAction\",\"target\":{\"@type\":\"EntryPoint\",\"urlTemplate\":\"https:\/\/www.muehlebirgel.de\/fr\/?s={search_term_string}\"},\"query-input\":{\"@type\":\"PropertyValueSpecification\",\"valueRequired\":true,\"valueName\":\"search_term_string\"}}],\"inLanguage\":\"fr-FR\"}]}<\/script>\n<!-- \/ Yoast SEO plugin. -->","yoast_head_json":{"title":"Eau-de-vie de fruits num\u00e9ro 1 - Historische Wasserm\u00fchle Birgel","description":"La sp\u00e9cialit\u00e9 r\u00e9side dans la pur\u00e9e. Chaque ann\u00e9e, Chefm\u00fcller Erwin cr\u00e9e une nouvelle composition des meilleurs fruits pour l'eau-de-vie de fruits.","robots":{"index":"index","follow":"follow","max-snippet":"max-snippet:-1","max-image-preview":"max-image-preview:large","max-video-preview":"max-video-preview:-1"},"canonical":"https:\/\/www.muehlebirgel.de\/fr\/shop\/eau-de-vie-de-fruits-numero-1","og_locale":"fr_FR","og_type":"article","og_title":"Eau-de-vie de fruits num\u00e9ro 1 - Historische Wasserm\u00fchle Birgel","og_description":"La sp\u00e9cialit\u00e9 r\u00e9side dans la pur\u00e9e. Chaque ann\u00e9e, Chefm\u00fcller Erwin cr\u00e9e une nouvelle composition des meilleurs fruits pour l'eau-de-vie de fruits.","og_url":"https:\/\/www.muehlebirgel.de\/fr\/shop\/eau-de-vie-de-fruits-numero-1\/","og_site_name":"Historische Wasserm\u00fchle Birgel","article_modified_time":"2022-09-06T13:32:24+00:00","og_image":[{"width":1400,"height":2100,"url":"https:\/\/www.muehlebirgel.de\/wp-content\/uploads\/2019\/12\/Obstbrand-Nr.1-05l.png","type":"image\/png"}],"twitter_card":"summary_large_image","twitter_misc":{"Dur\u00e9e de lecture estim\u00e9e":"1 minute"},"schema":{"@context":"https:\/\/schema.org","@graph":[{"@type":"WebPage","@id":"https:\/\/www.muehlebirgel.de\/fr\/shop\/eau-de-vie-de-fruits-numero-1","url":"https:\/\/www.muehlebirgel.de\/fr\/shop\/eau-de-vie-de-fruits-numero-1","name":"Eau-de-vie de fruits num\u00e9ro 1 - Historische Wasserm\u00fchle Birgel","isPartOf":{"@id":"https:\/\/www.muehlebirgel.de\/fr\/#website"},"primaryImageOfPage":{"@id":"https:\/\/www.muehlebirgel.de\/fr\/shop\/eau-de-vie-de-fruits-numero-1#primaryimage"},"image":{"@id":"https:\/\/www.muehlebirgel.de\/fr\/shop\/eau-de-vie-de-fruits-numero-1#primaryimage"},"thumbnailUrl":"https:\/\/www.muehlebirgel.de\/wp-content\/uploads\/2019\/12\/Obstbrand-Nr.1-05l.png","datePublished":"2021-12-10T15:13:05+00:00","dateModified":"2022-09-06T13:32:24+00:00","description":"La sp\u00e9cialit\u00e9 r\u00e9side dans la pur\u00e9e. Chaque ann\u00e9e, Chefm\u00fcller Erwin cr\u00e9e une nouvelle composition des meilleurs fruits pour l'eau-de-vie de fruits.","breadcrumb":{"@id":"https:\/\/www.muehlebirgel.de\/fr\/shop\/eau-de-vie-de-fruits-numero-1#breadcrumb"},"inLanguage":"fr-FR","potentialAction":[{"@type":"ReadAction","target":["https:\/\/www.muehlebirgel.de\/fr\/shop\/eau-de-vie-de-fruits-numero-1"]}]},{"@type":"ImageObject","inLanguage":"fr-FR","@id":"https:\/\/www.muehlebirgel.de\/fr\/shop\/eau-de-vie-de-fruits-numero-1#primaryimage","url":"https:\/\/www.muehlebirgel.de\/wp-content\/uploads\/2019\/12\/Obstbrand-Nr.1-05l.png","contentUrl":"https:\/\/www.muehlebirgel.de\/wp-content\/uploads\/2019\/12\/Obstbrand-Nr.1-05l.png","width":1400,"height":2100},{"@type":"BreadcrumbList","@id":"https:\/\/www.muehlebirgel.de\/fr\/shop\/eau-de-vie-de-fruits-numero-1#breadcrumb","itemListElement":[{"@type":"ListItem","position":1,"name":"Startseite","item":"https:\/\/www.muehlebirgel.de\/fr"},{"@type":"ListItem","position":2,"name":"Produits","item":"https:\/\/www.muehlebirgel.de\/fr\/shop"},{"@type":"ListItem","position":3,"name":"Eau-de-vie de fruits num\u00e9ro 1"}]},{"@type":"WebSite","@id":"https:\/\/www.muehlebirgel.de\/fr\/#website","url":"https:\/\/www.muehlebirgel.de\/fr\/","name":"Historische Wasserm\u00fchle Birgel","description":"Willkommen im M\u00fchlen-Erlebniszentrum","potentialAction":[{"@type":"SearchAction","target":{"@type":"EntryPoint","urlTemplate":"https:\/\/www.muehlebirgel.de\/fr\/?s={search_term_string}"},"query-input":{"@type":"PropertyValueSpecification","valueRequired":true,"valueName":"search_term_string"}}],"inLanguage":"fr-FR"}]}},"_links":{"self":[{"href":"https:\/\/www.muehlebirgel.de\/fr\/wp-json\/wp\/v2\/product\/10347","targetHints":{"allow":["GET"]}}],"collection":[{"href":"https:\/\/www.muehlebirgel.de\/fr\/wp-json\/wp\/v2\/product"}],"about":[{"href":"https:\/\/www.muehlebirgel.de\/fr\/wp-json\/wp\/v2\/types\/product"}],"wp:featuredmedia":[{"embeddable":true,"href":"https:\/\/www.muehlebirgel.de\/fr\/wp-json\/wp\/v2\/media\/9583"}],"wp:attachment":[{"href":"https:\/\/www.muehlebirgel.de\/fr\/wp-json\/wp\/v2\/media?parent=10347"}],"wp:term":[{"taxonomy":"product_brand","embeddable":true,"href":"https:\/\/www.muehlebirgel.de\/fr\/wp-json\/wp\/v2\/product_brand?post=10347"},{"taxonomy":"product_cat","embeddable":true,"href":"https:\/\/www.muehlebirgel.de\/fr\/wp-json\/wp\/v2\/product_cat?post=10347"},{"taxonomy":"product_tag","embeddable":true,"href":"https:\/\/www.muehlebirgel.de\/fr\/wp-json\/wp\/v2\/product_tag?post=10347"}],"curies":[{"name":"wp","href":"https:\/\/api.w.org\/{rel}","templated":true}]}}