{"id":10366,"date":"2019-12-19T16:16:28","date_gmt":"2019-12-19T16:16:28","guid":{"rendered":"https:\/\/www.muehlebirgel.de\/shop\/eau-de-vie-de-prune\/"},"modified":"2022-09-06T14:33:27","modified_gmt":"2022-09-06T13:33:27","slug":"eau-de-vie-de-prune","status":"publish","type":"product","link":"https:\/\/www.muehlebirgel.de\/fr\/shop\/eau-de-vie-de-prune","title":{"rendered":"Eau-de-vie de prune"},"content":{"rendered":"<h2>Eau-de-vie de prune de l&rsquo;Eifel<\/h2>\n<p>Notre eau-de-vie de prune \u00e0 43 % vol d&rsquo;alcool est \u00e9labor\u00e9e \u00e0 partir de prunes directement de la r\u00e9gion. Le fruit entier \u00e9tant trait\u00e9 avec son noyau, les prunes sont souvent accompagn\u00e9es d&rsquo;une l\u00e9g\u00e8re note d&rsquo;amande. Son arri\u00e8re-go\u00fbt fruit\u00e9-chaud en fait une sp\u00e9cialit\u00e9 de brandy tr\u00e8s \u00e9quilibr\u00e9e, ronde et harmonieuse, particuli\u00e8rement douce et cors\u00e9e en go\u00fbt.<\/p>\n<h2>Comment appr\u00e9ciez-vous le cognac?<\/h2>\n<p>Une temp\u00e9rature de service de 16 \u00e0 18 degr\u00e9s est recommand\u00e9e pour un pur plaisir. Son bronzage d\u00e9licat en p\u00e2te d&rsquo;amande le rend parfait pour le dessert. Mais il est aussi d\u00e9licieux en ap\u00e9ritif aromatique ou en digestif apr\u00e8s un repas r\u00e9ussi. Un conseil d&rsquo;initi\u00e9 sp\u00e9cial pour chaque gourmet : l&rsquo;association avec du chocolat noir.<\/p>\n","protected":false},"excerpt":{"rendered":"<p><strong>Teneur en alcool : 43 % vol<\/strong><\/p>\n<p style=\"text-align: left\">cors\u00e9. doux et fruit\u00e9-chaud en arri\u00e8re-go\u00fbt<\/p>\n","protected":false},"featured_media":9607,"template":"","meta":[],"product_brand":[],"product_cat":[88],"product_tag":[],"class_list":{"0":"post-10366","1":"product","2":"type-product","3":"status-publish","4":"has-post-thumbnail","6":"product_cat-eaux-de-vie","7":"product_shipping_class-expedition-assuree","9":"first","10":"instock","11":"taxable","12":"shipping-taxable","13":"purchasable","14":"product-type-variable","15":"has-default-attributes"},"yoast_head":"<!-- This site is optimized with the Yoast SEO plugin v27.4 - https:\/\/yoast.com\/product\/yoast-seo-wordpress\/ -->\n<title>Eau-de-vie de prune - Historische Wasserm\u00fchle Birgel<\/title>\n<meta name=\"description\" content=\"Une sp\u00e9cialit\u00e9 de brandy \u00e0 base de prunes tout droit de la r\u00e9gion, fruit\u00e9e-chaude en arri\u00e8re-go\u00fbt et particuli\u00e8rement douce et cors\u00e9e en go\u00fbt.\" \/>\n<meta name=\"robots\" content=\"noindex, follow, max-snippet:-1, max-image-preview:large, max-video-preview:-1\" \/>\n<meta property=\"og:locale\" content=\"fr_FR\" \/>\n<meta property=\"og:type\" content=\"article\" \/>\n<meta property=\"og:title\" content=\"Eau-de-vie de prune - Historische Wasserm\u00fchle Birgel\" \/>\n<meta property=\"og:description\" content=\"Une sp\u00e9cialit\u00e9 de brandy \u00e0 base de prunes tout droit de la r\u00e9gion, fruit\u00e9e-chaude en arri\u00e8re-go\u00fbt et particuli\u00e8rement douce et cors\u00e9e en go\u00fbt.\" \/>\n<meta property=\"og:url\" content=\"https:\/\/www.muehlebirgel.de\/fr\/shop\/eau-de-vie-de-prune\/\" \/>\n<meta property=\"og:site_name\" content=\"Historische Wasserm\u00fchle Birgel\" \/>\n<meta property=\"article:modified_time\" content=\"2022-09-06T13:33:27+00:00\" \/>\n<meta property=\"og:image\" content=\"https:\/\/www.muehlebirgel.de\/wp-content\/uploads\/2019\/12\/Zwetschgenbrannt05l.png\" \/>\n\t<meta property=\"og:image:width\" content=\"1400\" \/>\n\t<meta property=\"og:image:height\" content=\"2100\" \/>\n\t<meta property=\"og:image:type\" content=\"image\/png\" \/>\n<meta name=\"twitter:card\" content=\"summary_large_image\" \/>\n<meta name=\"twitter:label1\" content=\"Dur\u00e9e de lecture estim\u00e9e\" \/>\n\t<meta name=\"twitter:data1\" content=\"1 minute\" \/>\n<script type=\"application\/ld+json\" class=\"yoast-schema-graph\">{\"@context\":\"https:\\\/\\\/schema.org\",\"@graph\":[{\"@type\":\"WebPage\",\"@id\":\"https:\\\/\\\/www.muehlebirgel.de\\\/fr\\\/shop\\\/eau-de-vie-de-prune\",\"url\":\"https:\\\/\\\/www.muehlebirgel.de\\\/fr\\\/shop\\\/eau-de-vie-de-prune\",\"name\":\"Eau-de-vie de prune - Historische Wasserm\u00fchle Birgel\",\"isPartOf\":{\"@id\":\"https:\\\/\\\/www.muehlebirgel.de\\\/fr\\\/#website\"},\"primaryImageOfPage\":{\"@id\":\"https:\\\/\\\/www.muehlebirgel.de\\\/fr\\\/shop\\\/eau-de-vie-de-prune#primaryimage\"},\"image\":{\"@id\":\"https:\\\/\\\/www.muehlebirgel.de\\\/fr\\\/shop\\\/eau-de-vie-de-prune#primaryimage\"},\"thumbnailUrl\":\"https:\\\/\\\/www.muehlebirgel.de\\\/wp-content\\\/uploads\\\/2019\\\/12\\\/Zwetschgenbrannt05l.png\",\"datePublished\":\"2019-12-19T16:16:28+00:00\",\"dateModified\":\"2022-09-06T13:33:27+00:00\",\"description\":\"Une sp\u00e9cialit\u00e9 de brandy \u00e0 base de prunes tout droit de la r\u00e9gion, fruit\u00e9e-chaude en arri\u00e8re-go\u00fbt et particuli\u00e8rement douce et cors\u00e9e en go\u00fbt.\",\"breadcrumb\":{\"@id\":\"https:\\\/\\\/www.muehlebirgel.de\\\/fr\\\/shop\\\/eau-de-vie-de-prune#breadcrumb\"},\"inLanguage\":\"fr-FR\",\"potentialAction\":[{\"@type\":\"ReadAction\",\"target\":[\"https:\\\/\\\/www.muehlebirgel.de\\\/fr\\\/shop\\\/eau-de-vie-de-prune\"]}]},{\"@type\":\"ImageObject\",\"inLanguage\":\"fr-FR\",\"@id\":\"https:\\\/\\\/www.muehlebirgel.de\\\/fr\\\/shop\\\/eau-de-vie-de-prune#primaryimage\",\"url\":\"https:\\\/\\\/www.muehlebirgel.de\\\/wp-content\\\/uploads\\\/2019\\\/12\\\/Zwetschgenbrannt05l.png\",\"contentUrl\":\"https:\\\/\\\/www.muehlebirgel.de\\\/wp-content\\\/uploads\\\/2019\\\/12\\\/Zwetschgenbrannt05l.png\",\"width\":1400,\"height\":2100},{\"@type\":\"BreadcrumbList\",\"@id\":\"https:\\\/\\\/www.muehlebirgel.de\\\/fr\\\/shop\\\/eau-de-vie-de-prune#breadcrumb\",\"itemListElement\":[{\"@type\":\"ListItem\",\"position\":1,\"name\":\"Startseite\",\"item\":\"https:\\\/\\\/www.muehlebirgel.de\\\/fr\"},{\"@type\":\"ListItem\",\"position\":2,\"name\":\"magasin en ligne\",\"item\":\"https:\\\/\\\/www.muehlebirgel.de\\\/fr\\\/boutique\"},{\"@type\":\"ListItem\",\"position\":3,\"name\":\"eaux-de-vie\",\"item\":\"https:\\\/\\\/www.muehlebirgel.de\\\/fr\\\/shop\\\/eaux-de-vie\"},{\"@type\":\"ListItem\",\"position\":4,\"name\":\"Eau-de-vie de prune\"}]},{\"@type\":\"WebSite\",\"@id\":\"https:\\\/\\\/www.muehlebirgel.de\\\/fr\\\/#website\",\"url\":\"https:\\\/\\\/www.muehlebirgel.de\\\/fr\\\/\",\"name\":\"Historische Wasserm\u00fchle Birgel\",\"description\":\"Willkommen im M\u00fchlen-Erlebniszentrum\",\"publisher\":{\"@id\":\"https:\\\/\\\/www.muehlebirgel.de\\\/fr\\\/#organization\"},\"potentialAction\":[{\"@type\":\"SearchAction\",\"target\":{\"@type\":\"EntryPoint\",\"urlTemplate\":\"https:\\\/\\\/www.muehlebirgel.de\\\/fr\\\/?s={search_term_string}\"},\"query-input\":{\"@type\":\"PropertyValueSpecification\",\"valueRequired\":true,\"valueName\":\"search_term_string\"}}],\"inLanguage\":\"fr-FR\"},{\"@type\":\"Organization\",\"@id\":\"https:\\\/\\\/www.muehlebirgel.de\\\/fr\\\/#organization\",\"name\":\"Historische Wasserm\u00fchle Birgel\",\"url\":\"https:\\\/\\\/www.muehlebirgel.de\\\/fr\\\/\",\"logo\":{\"@type\":\"ImageObject\",\"inLanguage\":\"fr-FR\",\"@id\":\"https:\\\/\\\/www.muehlebirgel.de\\\/fr\\\/#\\\/schema\\\/logo\\\/image\\\/\",\"url\":\"https:\\\/\\\/www.muehlebirgel.de\\\/wp-content\\\/uploads\\\/logo-muehle-schwarz.webp\",\"contentUrl\":\"https:\\\/\\\/www.muehlebirgel.de\\\/wp-content\\\/uploads\\\/logo-muehle-schwarz.webp\",\"width\":2140,\"height\":1803,\"caption\":\"Historische Wasserm\u00fchle Birgel\"},\"image\":{\"@id\":\"https:\\\/\\\/www.muehlebirgel.de\\\/fr\\\/#\\\/schema\\\/logo\\\/image\\\/\"}}]}<\/script>\n<!-- \/ Yoast SEO plugin. -->","yoast_head_json":{"title":"Eau-de-vie de prune - Historische Wasserm\u00fchle Birgel","description":"Une sp\u00e9cialit\u00e9 de brandy \u00e0 base de prunes tout droit de la r\u00e9gion, fruit\u00e9e-chaude en arri\u00e8re-go\u00fbt et particuli\u00e8rement douce et cors\u00e9e en go\u00fbt.","robots":{"index":"noindex","follow":"follow","max-snippet":"max-snippet:-1","max-image-preview":"max-image-preview:large","max-video-preview":"max-video-preview:-1"},"og_locale":"fr_FR","og_type":"article","og_title":"Eau-de-vie de prune - Historische Wasserm\u00fchle Birgel","og_description":"Une sp\u00e9cialit\u00e9 de brandy \u00e0 base de prunes tout droit de la r\u00e9gion, fruit\u00e9e-chaude en arri\u00e8re-go\u00fbt et particuli\u00e8rement douce et cors\u00e9e en go\u00fbt.","og_url":"https:\/\/www.muehlebirgel.de\/fr\/shop\/eau-de-vie-de-prune\/","og_site_name":"Historische Wasserm\u00fchle Birgel","article_modified_time":"2022-09-06T13:33:27+00:00","og_image":[{"width":1400,"height":2100,"url":"https:\/\/www.muehlebirgel.de\/wp-content\/uploads\/2019\/12\/Zwetschgenbrannt05l.png","type":"image\/png"}],"twitter_card":"summary_large_image","twitter_misc":{"Dur\u00e9e de lecture estim\u00e9e":"1 minute"},"schema":{"@context":"https:\/\/schema.org","@graph":[{"@type":"WebPage","@id":"https:\/\/www.muehlebirgel.de\/fr\/shop\/eau-de-vie-de-prune","url":"https:\/\/www.muehlebirgel.de\/fr\/shop\/eau-de-vie-de-prune","name":"Eau-de-vie de prune - Historische Wasserm\u00fchle Birgel","isPartOf":{"@id":"https:\/\/www.muehlebirgel.de\/fr\/#website"},"primaryImageOfPage":{"@id":"https:\/\/www.muehlebirgel.de\/fr\/shop\/eau-de-vie-de-prune#primaryimage"},"image":{"@id":"https:\/\/www.muehlebirgel.de\/fr\/shop\/eau-de-vie-de-prune#primaryimage"},"thumbnailUrl":"https:\/\/www.muehlebirgel.de\/wp-content\/uploads\/2019\/12\/Zwetschgenbrannt05l.png","datePublished":"2019-12-19T16:16:28+00:00","dateModified":"2022-09-06T13:33:27+00:00","description":"Une sp\u00e9cialit\u00e9 de brandy \u00e0 base de prunes tout droit de la r\u00e9gion, fruit\u00e9e-chaude en arri\u00e8re-go\u00fbt et particuli\u00e8rement douce et cors\u00e9e en go\u00fbt.","breadcrumb":{"@id":"https:\/\/www.muehlebirgel.de\/fr\/shop\/eau-de-vie-de-prune#breadcrumb"},"inLanguage":"fr-FR","potentialAction":[{"@type":"ReadAction","target":["https:\/\/www.muehlebirgel.de\/fr\/shop\/eau-de-vie-de-prune"]}]},{"@type":"ImageObject","inLanguage":"fr-FR","@id":"https:\/\/www.muehlebirgel.de\/fr\/shop\/eau-de-vie-de-prune#primaryimage","url":"https:\/\/www.muehlebirgel.de\/wp-content\/uploads\/2019\/12\/Zwetschgenbrannt05l.png","contentUrl":"https:\/\/www.muehlebirgel.de\/wp-content\/uploads\/2019\/12\/Zwetschgenbrannt05l.png","width":1400,"height":2100},{"@type":"BreadcrumbList","@id":"https:\/\/www.muehlebirgel.de\/fr\/shop\/eau-de-vie-de-prune#breadcrumb","itemListElement":[{"@type":"ListItem","position":1,"name":"Startseite","item":"https:\/\/www.muehlebirgel.de\/fr"},{"@type":"ListItem","position":2,"name":"magasin en ligne","item":"https:\/\/www.muehlebirgel.de\/fr\/boutique"},{"@type":"ListItem","position":3,"name":"eaux-de-vie","item":"https:\/\/www.muehlebirgel.de\/fr\/shop\/eaux-de-vie"},{"@type":"ListItem","position":4,"name":"Eau-de-vie de prune"}]},{"@type":"WebSite","@id":"https:\/\/www.muehlebirgel.de\/fr\/#website","url":"https:\/\/www.muehlebirgel.de\/fr\/","name":"Historische Wasserm\u00fchle Birgel","description":"Willkommen im M\u00fchlen-Erlebniszentrum","publisher":{"@id":"https:\/\/www.muehlebirgel.de\/fr\/#organization"},"potentialAction":[{"@type":"SearchAction","target":{"@type":"EntryPoint","urlTemplate":"https:\/\/www.muehlebirgel.de\/fr\/?s={search_term_string}"},"query-input":{"@type":"PropertyValueSpecification","valueRequired":true,"valueName":"search_term_string"}}],"inLanguage":"fr-FR"},{"@type":"Organization","@id":"https:\/\/www.muehlebirgel.de\/fr\/#organization","name":"Historische Wasserm\u00fchle Birgel","url":"https:\/\/www.muehlebirgel.de\/fr\/","logo":{"@type":"ImageObject","inLanguage":"fr-FR","@id":"https:\/\/www.muehlebirgel.de\/fr\/#\/schema\/logo\/image\/","url":"https:\/\/www.muehlebirgel.de\/wp-content\/uploads\/logo-muehle-schwarz.webp","contentUrl":"https:\/\/www.muehlebirgel.de\/wp-content\/uploads\/logo-muehle-schwarz.webp","width":2140,"height":1803,"caption":"Historische Wasserm\u00fchle Birgel"},"image":{"@id":"https:\/\/www.muehlebirgel.de\/fr\/#\/schema\/logo\/image\/"}}]}},"_links":{"self":[{"href":"https:\/\/www.muehlebirgel.de\/fr\/wp-json\/wp\/v2\/product\/10366","targetHints":{"allow":["GET"]}}],"collection":[{"href":"https:\/\/www.muehlebirgel.de\/fr\/wp-json\/wp\/v2\/product"}],"about":[{"href":"https:\/\/www.muehlebirgel.de\/fr\/wp-json\/wp\/v2\/types\/product"}],"version-history":[{"count":0,"href":"https:\/\/www.muehlebirgel.de\/fr\/wp-json\/wp\/v2\/product\/10366\/revisions"}],"wp:featuredmedia":[{"embeddable":true,"href":"https:\/\/www.muehlebirgel.de\/fr\/wp-json\/wp\/v2\/media\/9607"}],"wp:attachment":[{"href":"https:\/\/www.muehlebirgel.de\/fr\/wp-json\/wp\/v2\/media?parent=10366"}],"wp:term":[{"taxonomy":"product_brand","embeddable":true,"href":"https:\/\/www.muehlebirgel.de\/fr\/wp-json\/wp\/v2\/product_brand?post=10366"},{"taxonomy":"product_cat","embeddable":true,"href":"https:\/\/www.muehlebirgel.de\/fr\/wp-json\/wp\/v2\/product_cat?post=10366"},{"taxonomy":"product_tag","embeddable":true,"href":"https:\/\/www.muehlebirgel.de\/fr\/wp-json\/wp\/v2\/product_tag?post=10366"}],"curies":[{"name":"wp","href":"https:\/\/api.w.org\/{rel}","templated":true}]}}