{"id":10410,"date":"2019-12-06T15:21:28","date_gmt":"2019-12-06T14:21:28","guid":{"rendered":"https:\/\/www.muehlebirgel.de\/shop\/brunch-jazz\/"},"modified":"2026-04-20T09:42:56","modified_gmt":"2026-04-20T07:42:56","slug":"brunch-de-jazz","status":"publish","type":"product","link":"https:\/\/www.muehlebirgel.de\/fr\/shop\/brunch-de-jazz","title":{"rendered":"Bon pour un brunch jazz"},"content":{"rendered":"<h2>Bon cadeau d\u00e9co pour un ticket pour notre brunch jazz<\/h2>\n<p><strong>Ceci est inclus dans l&rsquo;offre :<\/strong><\/p>\n<ul>\n<li>Brunch avec sp\u00e9cialit\u00e9s et gourmandises maison<\/li>\n<li>accompagnement musical<\/li>\n<li>Incl. 1 verre de vin mousseux<\/li>\n<li>prix par personne<\/li>\n<\/ul>\n<p>Plus d&rsquo;informations sur notre <a href=\"https:\/\/www.muehlebirgel.de\/legendaerer-jazz-brunch-in-der-eifel\">brunch jazz<\/a><\/p>\n<p>Remarque : Lors de la finalisation de l&rsquo;achat, veuillez saisir le nom du destinataire du bon et, le cas \u00e9ch\u00e9ant, le nom du destinataire du bon dans le champ de commentaires. d&rsquo;autres commentaires. Nous envoyons g\u00e9n\u00e9ralement votre ch\u00e8que-cadeau d\u00e9coratif par la poste le jour m\u00eame. L&rsquo;envoi est gratuit. Encaissement sur rendez-vous.  <\/p>\n","protected":false},"excerpt":{"rendered":"<p>Bon cadeau d\u00e9co pour un ticket pour notre brunch jazz Ceci est inclus dans l&rsquo;offre : Brunch avec sp\u00e9cialit\u00e9s et gourmandises maison accompagnement musical Incl. 1 verre de vin mousseux prix par personne Plus d&rsquo;informations sur notre brunch jazz Remarque : Lors de la finalisation de l&rsquo;achat, veuillez saisir le nom du destinataire du bon [&hellip;]<\/p>\n","protected":false},"featured_media":7435,"template":"","meta":[],"product_brand":[],"product_cat":[139],"product_tag":[],"class_list":{"0":"post-10410","1":"product","2":"type-product","3":"status-publish","4":"has-post-thumbnail","6":"product_cat-bons-de-reduction","7":"product_shipping_class-livraison-gratuite","9":"first","10":"instock","11":"taxable","12":"shipping-taxable","13":"purchasable","14":"product-type-simple"},"yoast_head":"<!-- This site is optimized with the Yoast SEO plugin v27.2 - https:\/\/yoast.com\/product\/yoast-seo-wordpress\/ -->\n<title>Bon pour un brunch jazz - Historische Wasserm\u00fchle Birgel<\/title>\n<meta name=\"robots\" content=\"index, follow, max-snippet:-1, max-image-preview:large, max-video-preview:-1\" \/>\n<link rel=\"canonical\" href=\"https:\/\/www.muehlebirgel.de\/fr\/shop\/brunch-de-jazz\" \/>\n<meta property=\"og:locale\" content=\"fr_FR\" \/>\n<meta property=\"og:type\" content=\"article\" \/>\n<meta property=\"og:title\" content=\"Bon pour un brunch jazz - Historische Wasserm\u00fchle Birgel\" \/>\n<meta property=\"og:description\" content=\"Bon cadeau d\u00e9co pour un ticket pour notre brunch jazz Ceci est inclus dans l&rsquo;offre : Brunch avec sp\u00e9cialit\u00e9s et gourmandises maison accompagnement musical Incl. 1 verre de vin mousseux prix par personne Plus d&rsquo;informations sur notre brunch jazz Remarque : Lors de la finalisation de l&rsquo;achat, veuillez saisir le nom du destinataire du bon [&hellip;]\" \/>\n<meta property=\"og:url\" content=\"https:\/\/www.muehlebirgel.de\/fr\/shop\/brunch-de-jazz\/\" \/>\n<meta property=\"og:site_name\" content=\"Historische Wasserm\u00fchle Birgel\" \/>\n<meta property=\"article:modified_time\" content=\"2026-04-20T07:42:56+00:00\" \/>\n<meta property=\"og:image\" content=\"https:\/\/www.muehlebirgel.de\/wp-content\/uploads\/2009\/04\/Erwin_1393.jpg\" \/>\n\t<meta property=\"og:image:width\" content=\"1200\" \/>\n\t<meta property=\"og:image:height\" content=\"799\" \/>\n\t<meta property=\"og:image:type\" content=\"image\/jpeg\" \/>\n<meta name=\"twitter:card\" content=\"summary_large_image\" \/>\n<script type=\"application\/ld+json\" class=\"yoast-schema-graph\">{\"@context\":\"https:\/\/schema.org\",\"@graph\":[{\"@type\":\"WebPage\",\"@id\":\"https:\/\/www.muehlebirgel.de\/fr\/shop\/brunch-de-jazz\",\"url\":\"https:\/\/www.muehlebirgel.de\/fr\/shop\/brunch-de-jazz\",\"name\":\"Bon pour un brunch jazz - Historische Wasserm\u00fchle Birgel\",\"isPartOf\":{\"@id\":\"https:\/\/www.muehlebirgel.de\/fr\/#website\"},\"primaryImageOfPage\":{\"@id\":\"https:\/\/www.muehlebirgel.de\/fr\/shop\/brunch-de-jazz#primaryimage\"},\"image\":{\"@id\":\"https:\/\/www.muehlebirgel.de\/fr\/shop\/brunch-de-jazz#primaryimage\"},\"thumbnailUrl\":\"https:\/\/www.muehlebirgel.de\/wp-content\/uploads\/2009\/04\/Erwin_1393.jpg\",\"datePublished\":\"2019-12-06T14:21:28+00:00\",\"dateModified\":\"2026-04-20T07:42:56+00:00\",\"breadcrumb\":{\"@id\":\"https:\/\/www.muehlebirgel.de\/fr\/shop\/brunch-de-jazz#breadcrumb\"},\"inLanguage\":\"fr-FR\",\"potentialAction\":[{\"@type\":\"ReadAction\",\"target\":[\"https:\/\/www.muehlebirgel.de\/fr\/shop\/brunch-de-jazz\"]}]},{\"@type\":\"ImageObject\",\"inLanguage\":\"fr-FR\",\"@id\":\"https:\/\/www.muehlebirgel.de\/fr\/shop\/brunch-de-jazz#primaryimage\",\"url\":\"https:\/\/www.muehlebirgel.de\/wp-content\/uploads\/2009\/04\/Erwin_1393.jpg\",\"contentUrl\":\"https:\/\/www.muehlebirgel.de\/wp-content\/uploads\/2009\/04\/Erwin_1393.jpg\",\"width\":1200,\"height\":799},{\"@type\":\"BreadcrumbList\",\"@id\":\"https:\/\/www.muehlebirgel.de\/fr\/shop\/brunch-de-jazz#breadcrumb\",\"itemListElement\":[{\"@type\":\"ListItem\",\"position\":1,\"name\":\"Startseite\",\"item\":\"https:\/\/www.muehlebirgel.de\/fr\"},{\"@type\":\"ListItem\",\"position\":2,\"name\":\"Produits\",\"item\":\"https:\/\/www.muehlebirgel.de\/fr\/shop\"},{\"@type\":\"ListItem\",\"position\":3,\"name\":\"Bon pour un brunch jazz\"}]},{\"@type\":\"WebSite\",\"@id\":\"https:\/\/www.muehlebirgel.de\/fr\/#website\",\"url\":\"https:\/\/www.muehlebirgel.de\/fr\/\",\"name\":\"Historische Wasserm\u00fchle Birgel\",\"description\":\"Willkommen im M\u00fchlen-Erlebniszentrum\",\"potentialAction\":[{\"@type\":\"SearchAction\",\"target\":{\"@type\":\"EntryPoint\",\"urlTemplate\":\"https:\/\/www.muehlebirgel.de\/fr\/?s={search_term_string}\"},\"query-input\":{\"@type\":\"PropertyValueSpecification\",\"valueRequired\":true,\"valueName\":\"search_term_string\"}}],\"inLanguage\":\"fr-FR\"}]}<\/script>\n<!-- \/ Yoast SEO plugin. -->","yoast_head_json":{"title":"Bon pour un brunch jazz - Historische Wasserm\u00fchle Birgel","robots":{"index":"index","follow":"follow","max-snippet":"max-snippet:-1","max-image-preview":"max-image-preview:large","max-video-preview":"max-video-preview:-1"},"canonical":"https:\/\/www.muehlebirgel.de\/fr\/shop\/brunch-de-jazz","og_locale":"fr_FR","og_type":"article","og_title":"Bon pour un brunch jazz - Historische Wasserm\u00fchle Birgel","og_description":"Bon cadeau d\u00e9co pour un ticket pour notre brunch jazz Ceci est inclus dans l&rsquo;offre : Brunch avec sp\u00e9cialit\u00e9s et gourmandises maison accompagnement musical Incl. 1 verre de vin mousseux prix par personne Plus d&rsquo;informations sur notre brunch jazz Remarque : Lors de la finalisation de l&rsquo;achat, veuillez saisir le nom du destinataire du bon [&hellip;]","og_url":"https:\/\/www.muehlebirgel.de\/fr\/shop\/brunch-de-jazz\/","og_site_name":"Historische Wasserm\u00fchle Birgel","article_modified_time":"2026-04-20T07:42:56+00:00","og_image":[{"width":1200,"height":799,"url":"https:\/\/www.muehlebirgel.de\/wp-content\/uploads\/2009\/04\/Erwin_1393.jpg","type":"image\/jpeg"}],"twitter_card":"summary_large_image","schema":{"@context":"https:\/\/schema.org","@graph":[{"@type":"WebPage","@id":"https:\/\/www.muehlebirgel.de\/fr\/shop\/brunch-de-jazz","url":"https:\/\/www.muehlebirgel.de\/fr\/shop\/brunch-de-jazz","name":"Bon pour un brunch jazz - Historische Wasserm\u00fchle Birgel","isPartOf":{"@id":"https:\/\/www.muehlebirgel.de\/fr\/#website"},"primaryImageOfPage":{"@id":"https:\/\/www.muehlebirgel.de\/fr\/shop\/brunch-de-jazz#primaryimage"},"image":{"@id":"https:\/\/www.muehlebirgel.de\/fr\/shop\/brunch-de-jazz#primaryimage"},"thumbnailUrl":"https:\/\/www.muehlebirgel.de\/wp-content\/uploads\/2009\/04\/Erwin_1393.jpg","datePublished":"2019-12-06T14:21:28+00:00","dateModified":"2026-04-20T07:42:56+00:00","breadcrumb":{"@id":"https:\/\/www.muehlebirgel.de\/fr\/shop\/brunch-de-jazz#breadcrumb"},"inLanguage":"fr-FR","potentialAction":[{"@type":"ReadAction","target":["https:\/\/www.muehlebirgel.de\/fr\/shop\/brunch-de-jazz"]}]},{"@type":"ImageObject","inLanguage":"fr-FR","@id":"https:\/\/www.muehlebirgel.de\/fr\/shop\/brunch-de-jazz#primaryimage","url":"https:\/\/www.muehlebirgel.de\/wp-content\/uploads\/2009\/04\/Erwin_1393.jpg","contentUrl":"https:\/\/www.muehlebirgel.de\/wp-content\/uploads\/2009\/04\/Erwin_1393.jpg","width":1200,"height":799},{"@type":"BreadcrumbList","@id":"https:\/\/www.muehlebirgel.de\/fr\/shop\/brunch-de-jazz#breadcrumb","itemListElement":[{"@type":"ListItem","position":1,"name":"Startseite","item":"https:\/\/www.muehlebirgel.de\/fr"},{"@type":"ListItem","position":2,"name":"Produits","item":"https:\/\/www.muehlebirgel.de\/fr\/shop"},{"@type":"ListItem","position":3,"name":"Bon pour un brunch jazz"}]},{"@type":"WebSite","@id":"https:\/\/www.muehlebirgel.de\/fr\/#website","url":"https:\/\/www.muehlebirgel.de\/fr\/","name":"Historische Wasserm\u00fchle Birgel","description":"Willkommen im M\u00fchlen-Erlebniszentrum","potentialAction":[{"@type":"SearchAction","target":{"@type":"EntryPoint","urlTemplate":"https:\/\/www.muehlebirgel.de\/fr\/?s={search_term_string}"},"query-input":{"@type":"PropertyValueSpecification","valueRequired":true,"valueName":"search_term_string"}}],"inLanguage":"fr-FR"}]}},"_links":{"self":[{"href":"https:\/\/www.muehlebirgel.de\/fr\/wp-json\/wp\/v2\/product\/10410","targetHints":{"allow":["GET"]}}],"collection":[{"href":"https:\/\/www.muehlebirgel.de\/fr\/wp-json\/wp\/v2\/product"}],"about":[{"href":"https:\/\/www.muehlebirgel.de\/fr\/wp-json\/wp\/v2\/types\/product"}],"wp:featuredmedia":[{"embeddable":true,"href":"https:\/\/www.muehlebirgel.de\/fr\/wp-json\/wp\/v2\/media\/7435"}],"wp:attachment":[{"href":"https:\/\/www.muehlebirgel.de\/fr\/wp-json\/wp\/v2\/media?parent=10410"}],"wp:term":[{"taxonomy":"product_brand","embeddable":true,"href":"https:\/\/www.muehlebirgel.de\/fr\/wp-json\/wp\/v2\/product_brand?post=10410"},{"taxonomy":"product_cat","embeddable":true,"href":"https:\/\/www.muehlebirgel.de\/fr\/wp-json\/wp\/v2\/product_cat?post=10410"},{"taxonomy":"product_tag","embeddable":true,"href":"https:\/\/www.muehlebirgel.de\/fr\/wp-json\/wp\/v2\/product_tag?post=10410"}],"curies":[{"name":"wp","href":"https:\/\/api.w.org\/{rel}","templated":true}]}}