{"id":10413,"date":"2019-12-19T16:16:30","date_gmt":"2021-12-10T15:15:34","guid":{"rendered":"https:\/\/www.muehlebirgel.de\/shop\/saucisse-rouge\/"},"modified":"2022-09-12T08:46:36","modified_gmt":"2022-09-12T07:46:36","slug":"saucisse-rouge","status":"publish","type":"product","link":"https:\/\/www.muehlebirgel.de\/fr\/shop\/saucisse-rouge","title":{"rendered":"Saucisse rouge"},"content":{"rendered":"<p>Notre saucisse rouge Eifel, servie dans un verre de 300 g, est une sp\u00e9cialit\u00e9 originale de saucisse de campagne de notre moulin, qui n&rsquo;attire pas seulement l&rsquo;attention de nos invit\u00e9s en raison de sa couleur rouge intense. Le boudin selon l&rsquo;ancienne recette est fabriqu\u00e9 \u00e0 partir de porc puis affin\u00e9 en ajoutant du sel de table, des oignons frais et une pr\u00e9paration sp\u00e9ciale d&rsquo;\u00e9pices. La qualit\u00e9 est tr\u00e8s importante pour nous, c&rsquo;est pourquoi nous ne nous approvisionnons que dans des fermes r\u00e9gionales. Leur go\u00fbt pur fait de cette saucisse un r\u00e9gal pour les amateurs de saucisses traditionnelles.<\/p>\n<h2>Comment aimez-vous la saucisse rouge<\/h2>\n<p>Un copieux plat de cuisine allemande sur des petits pains frais et une tranche de pain. La saucisse rouge \u00e0 tartiner est d\u00e9licieuse avec une collation le matin, le midi ou le soir.<\/p>\n","protected":false},"excerpt":{"rendered":"<p>go\u00fbt pur et sans m\u00e9lange<\/p>\n","protected":false},"featured_media":9394,"template":"","meta":[],"product_brand":[],"product_cat":[117],"product_tag":[],"class_list":{"0":"post-10413","1":"product","2":"type-product","3":"status-publish","4":"has-post-thumbnail","6":"product_cat-saucisse","7":"product_shipping_class-expedition-assuree","9":"first","10":"instock","11":"taxable","12":"shipping-taxable","13":"purchasable","14":"product-type-simple"},"yoast_head":"<!-- This site is optimized with the Yoast SEO plugin v27.2 - https:\/\/yoast.com\/product\/yoast-seo-wordpress\/ -->\n<title>de Saucisse rouge acheter en ligne - Historische Wasserm\u00fchle Birgel<\/title>\n<meta name=\"description\" content=\"Notre saucisse rouge traditionnelle est fabriqu\u00e9e \u00e0 partir de porc puis raffin\u00e9e avec du sel de table, des oignons frais et des \u00e9pices.\" \/>\n<meta name=\"robots\" content=\"index, follow, max-snippet:-1, max-image-preview:large, max-video-preview:-1\" \/>\n<link rel=\"canonical\" href=\"https:\/\/www.muehlebirgel.de\/fr\/shop\/saucisse-rouge\" \/>\n<meta property=\"og:locale\" content=\"fr_FR\" \/>\n<meta property=\"og:type\" content=\"article\" \/>\n<meta property=\"og:title\" content=\"de Saucisse rouge acheter en ligne - Historische Wasserm\u00fchle Birgel\" \/>\n<meta property=\"og:description\" content=\"Notre saucisse rouge traditionnelle est fabriqu\u00e9e \u00e0 partir de porc puis raffin\u00e9e avec du sel de table, des oignons frais et des \u00e9pices.\" \/>\n<meta property=\"og:url\" content=\"https:\/\/www.muehlebirgel.de\/fr\/shop\/saucisse-rouge\/\" \/>\n<meta property=\"og:site_name\" content=\"Historische Wasserm\u00fchle Birgel\" \/>\n<meta property=\"article:modified_time\" content=\"2022-09-12T07:46:36+00:00\" \/>\n<meta property=\"og:image\" content=\"https:\/\/www.muehlebirgel.de\/wp-content\/uploads\/2019\/12\/ROW02-Rotwurst.png\" \/>\n\t<meta property=\"og:image:width\" content=\"1500\" \/>\n\t<meta property=\"og:image:height\" content=\"2250\" \/>\n\t<meta property=\"og:image:type\" content=\"image\/png\" \/>\n<meta name=\"twitter:card\" content=\"summary_large_image\" \/>\n<meta name=\"twitter:label1\" content=\"Dur\u00e9e de lecture estim\u00e9e\" \/>\n\t<meta name=\"twitter:data1\" content=\"1 minute\" \/>\n<script type=\"application\/ld+json\" class=\"yoast-schema-graph\">{\"@context\":\"https:\/\/schema.org\",\"@graph\":[{\"@type\":\"WebPage\",\"@id\":\"https:\/\/www.muehlebirgel.de\/fr\/shop\/saucisse-rouge\",\"url\":\"https:\/\/www.muehlebirgel.de\/fr\/shop\/saucisse-rouge\",\"name\":\"de Saucisse rouge acheter en ligne - Historische Wasserm\u00fchle Birgel\",\"isPartOf\":{\"@id\":\"https:\/\/www.muehlebirgel.de\/fr\/#website\"},\"primaryImageOfPage\":{\"@id\":\"https:\/\/www.muehlebirgel.de\/fr\/shop\/saucisse-rouge#primaryimage\"},\"image\":{\"@id\":\"https:\/\/www.muehlebirgel.de\/fr\/shop\/saucisse-rouge#primaryimage\"},\"thumbnailUrl\":\"https:\/\/www.muehlebirgel.de\/wp-content\/uploads\/2019\/12\/ROW02-Rotwurst.png\",\"datePublished\":\"2021-12-10T15:15:34+00:00\",\"dateModified\":\"2022-09-12T07:46:36+00:00\",\"description\":\"Notre saucisse rouge traditionnelle est fabriqu\u00e9e \u00e0 partir de porc puis raffin\u00e9e avec du sel de table, des oignons frais et des \u00e9pices.\",\"breadcrumb\":{\"@id\":\"https:\/\/www.muehlebirgel.de\/fr\/shop\/saucisse-rouge#breadcrumb\"},\"inLanguage\":\"fr-FR\",\"potentialAction\":[{\"@type\":\"ReadAction\",\"target\":[\"https:\/\/www.muehlebirgel.de\/fr\/shop\/saucisse-rouge\"]}]},{\"@type\":\"ImageObject\",\"inLanguage\":\"fr-FR\",\"@id\":\"https:\/\/www.muehlebirgel.de\/fr\/shop\/saucisse-rouge#primaryimage\",\"url\":\"https:\/\/www.muehlebirgel.de\/wp-content\/uploads\/2019\/12\/ROW02-Rotwurst.png\",\"contentUrl\":\"https:\/\/www.muehlebirgel.de\/wp-content\/uploads\/2019\/12\/ROW02-Rotwurst.png\",\"width\":1500,\"height\":2250},{\"@type\":\"BreadcrumbList\",\"@id\":\"https:\/\/www.muehlebirgel.de\/fr\/shop\/saucisse-rouge#breadcrumb\",\"itemListElement\":[{\"@type\":\"ListItem\",\"position\":1,\"name\":\"Startseite\",\"item\":\"https:\/\/www.muehlebirgel.de\/fr\"},{\"@type\":\"ListItem\",\"position\":2,\"name\":\"Produits\",\"item\":\"https:\/\/www.muehlebirgel.de\/fr\/shop\"},{\"@type\":\"ListItem\",\"position\":3,\"name\":\"Saucisse rouge\"}]},{\"@type\":\"WebSite\",\"@id\":\"https:\/\/www.muehlebirgel.de\/fr\/#website\",\"url\":\"https:\/\/www.muehlebirgel.de\/fr\/\",\"name\":\"Historische Wasserm\u00fchle Birgel\",\"description\":\"Willkommen im M\u00fchlen-Erlebniszentrum\",\"potentialAction\":[{\"@type\":\"SearchAction\",\"target\":{\"@type\":\"EntryPoint\",\"urlTemplate\":\"https:\/\/www.muehlebirgel.de\/fr\/?s={search_term_string}\"},\"query-input\":{\"@type\":\"PropertyValueSpecification\",\"valueRequired\":true,\"valueName\":\"search_term_string\"}}],\"inLanguage\":\"fr-FR\"}]}<\/script>\n<!-- \/ Yoast SEO plugin. -->","yoast_head_json":{"title":"de Saucisse rouge acheter en ligne - Historische Wasserm\u00fchle Birgel","description":"Notre saucisse rouge traditionnelle est fabriqu\u00e9e \u00e0 partir de porc puis raffin\u00e9e avec du sel de table, des oignons frais et des \u00e9pices.","robots":{"index":"index","follow":"follow","max-snippet":"max-snippet:-1","max-image-preview":"max-image-preview:large","max-video-preview":"max-video-preview:-1"},"canonical":"https:\/\/www.muehlebirgel.de\/fr\/shop\/saucisse-rouge","og_locale":"fr_FR","og_type":"article","og_title":"de Saucisse rouge acheter en ligne - Historische Wasserm\u00fchle Birgel","og_description":"Notre saucisse rouge traditionnelle est fabriqu\u00e9e \u00e0 partir de porc puis raffin\u00e9e avec du sel de table, des oignons frais et des \u00e9pices.","og_url":"https:\/\/www.muehlebirgel.de\/fr\/shop\/saucisse-rouge\/","og_site_name":"Historische Wasserm\u00fchle Birgel","article_modified_time":"2022-09-12T07:46:36+00:00","og_image":[{"width":1500,"height":2250,"url":"https:\/\/www.muehlebirgel.de\/wp-content\/uploads\/2019\/12\/ROW02-Rotwurst.png","type":"image\/png"}],"twitter_card":"summary_large_image","twitter_misc":{"Dur\u00e9e de lecture estim\u00e9e":"1 minute"},"schema":{"@context":"https:\/\/schema.org","@graph":[{"@type":"WebPage","@id":"https:\/\/www.muehlebirgel.de\/fr\/shop\/saucisse-rouge","url":"https:\/\/www.muehlebirgel.de\/fr\/shop\/saucisse-rouge","name":"de Saucisse rouge acheter en ligne - Historische Wasserm\u00fchle Birgel","isPartOf":{"@id":"https:\/\/www.muehlebirgel.de\/fr\/#website"},"primaryImageOfPage":{"@id":"https:\/\/www.muehlebirgel.de\/fr\/shop\/saucisse-rouge#primaryimage"},"image":{"@id":"https:\/\/www.muehlebirgel.de\/fr\/shop\/saucisse-rouge#primaryimage"},"thumbnailUrl":"https:\/\/www.muehlebirgel.de\/wp-content\/uploads\/2019\/12\/ROW02-Rotwurst.png","datePublished":"2021-12-10T15:15:34+00:00","dateModified":"2022-09-12T07:46:36+00:00","description":"Notre saucisse rouge traditionnelle est fabriqu\u00e9e \u00e0 partir de porc puis raffin\u00e9e avec du sel de table, des oignons frais et des \u00e9pices.","breadcrumb":{"@id":"https:\/\/www.muehlebirgel.de\/fr\/shop\/saucisse-rouge#breadcrumb"},"inLanguage":"fr-FR","potentialAction":[{"@type":"ReadAction","target":["https:\/\/www.muehlebirgel.de\/fr\/shop\/saucisse-rouge"]}]},{"@type":"ImageObject","inLanguage":"fr-FR","@id":"https:\/\/www.muehlebirgel.de\/fr\/shop\/saucisse-rouge#primaryimage","url":"https:\/\/www.muehlebirgel.de\/wp-content\/uploads\/2019\/12\/ROW02-Rotwurst.png","contentUrl":"https:\/\/www.muehlebirgel.de\/wp-content\/uploads\/2019\/12\/ROW02-Rotwurst.png","width":1500,"height":2250},{"@type":"BreadcrumbList","@id":"https:\/\/www.muehlebirgel.de\/fr\/shop\/saucisse-rouge#breadcrumb","itemListElement":[{"@type":"ListItem","position":1,"name":"Startseite","item":"https:\/\/www.muehlebirgel.de\/fr"},{"@type":"ListItem","position":2,"name":"Produits","item":"https:\/\/www.muehlebirgel.de\/fr\/shop"},{"@type":"ListItem","position":3,"name":"Saucisse rouge"}]},{"@type":"WebSite","@id":"https:\/\/www.muehlebirgel.de\/fr\/#website","url":"https:\/\/www.muehlebirgel.de\/fr\/","name":"Historische Wasserm\u00fchle Birgel","description":"Willkommen im M\u00fchlen-Erlebniszentrum","potentialAction":[{"@type":"SearchAction","target":{"@type":"EntryPoint","urlTemplate":"https:\/\/www.muehlebirgel.de\/fr\/?s={search_term_string}"},"query-input":{"@type":"PropertyValueSpecification","valueRequired":true,"valueName":"search_term_string"}}],"inLanguage":"fr-FR"}]}},"_links":{"self":[{"href":"https:\/\/www.muehlebirgel.de\/fr\/wp-json\/wp\/v2\/product\/10413","targetHints":{"allow":["GET"]}}],"collection":[{"href":"https:\/\/www.muehlebirgel.de\/fr\/wp-json\/wp\/v2\/product"}],"about":[{"href":"https:\/\/www.muehlebirgel.de\/fr\/wp-json\/wp\/v2\/types\/product"}],"wp:featuredmedia":[{"embeddable":true,"href":"https:\/\/www.muehlebirgel.de\/fr\/wp-json\/wp\/v2\/media\/9394"}],"wp:attachment":[{"href":"https:\/\/www.muehlebirgel.de\/fr\/wp-json\/wp\/v2\/media?parent=10413"}],"wp:term":[{"taxonomy":"product_brand","embeddable":true,"href":"https:\/\/www.muehlebirgel.de\/fr\/wp-json\/wp\/v2\/product_brand?post=10413"},{"taxonomy":"product_cat","embeddable":true,"href":"https:\/\/www.muehlebirgel.de\/fr\/wp-json\/wp\/v2\/product_cat?post=10413"},{"taxonomy":"product_tag","embeddable":true,"href":"https:\/\/www.muehlebirgel.de\/fr\/wp-json\/wp\/v2\/product_tag?post=10413"}],"curies":[{"name":"wp","href":"https:\/\/api.w.org\/{rel}","templated":true}]}}