{"id":10445,"date":"2019-12-01T15:03:38","date_gmt":"2019-12-01T15:03:38","guid":{"rendered":"https:\/\/www.muehlebirgel.de\/shop\/journees-romantiques-dhiver\/"},"modified":"2025-08-14T16:04:32","modified_gmt":"2025-08-14T14:04:32","slug":"jours-de-romance-dhiver","status":"publish","type":"product","link":"https:\/\/www.muehlebirgel.de\/fr\/shop\/jours-de-romance-dhiver\/","title":{"rendered":"Bon pour des journ\u00e9es romantiques en hiver"},"content":{"rendered":"<h2>Bon cadeau d\u00e9co pour nos journ\u00e9es romantiques d&rsquo;hiver<\/h2>\n<p><strong>Journ\u00e9es romantiques et c\u00e2lines dans l&rsquo;Eifel &#8211; Valable sur rendez-vous entre <u>le 09.11.25 et le 10.02.26<\/u><\/strong><\/p>\n<p><strong>Ceci est inclus dans l&rsquo;offre:<\/strong><\/p>\n<p>Pour une nuit\u00e9e :<\/p>\n<ul>\n<li>1 nuit pour 2 personnes les jours ouvrables \u00e0 l&rsquo;h\u00f4tel du moulin<\/li>\n<li>1 x liqueur de bienvenue<\/li>\n<li>1 x petit-d\u00e9jeuner buffet pour 2 personnes<\/li>\n<li>1 x menu du soir 4 plats au choix pour 2 personnes<\/li>\n<li>1 x visite du moulin pour 2 personnes<\/li>\n<li>1 x place de parking gratuite<\/li>\n<\/ul>\n<p>Pour deux nuits :<\/p>\n<ul>\n<li>2 x nuit\u00e9es pour 2 personnes en semaine au M\u00fchlenhotel<\/li>\n<li>1 x liqueur de bienvenue<\/li>\n<li>2 x petit-d\u00e9jeuner buffet pour 2 personnes<\/li>\n<li>2 x Menu du soir 4 plats au choix pour 2 personnes<\/li>\n<li>1 x visite du moulin pour 2 personnes<\/li>\n<li>1 x place de parking gratuite<\/li>\n<\/ul>\n<p>La taxe de randonn\u00e9e de l&rsquo;h\u00f4tel, d&rsquo;un montant de 2,00 \u20ac par personne et par nuit, est payable sur place \u00e0 l&rsquo;h\u00f4tel lors de l&rsquo;arriv\u00e9e.<\/p>\n<p>Nous publions g\u00e9n\u00e9ralement votre bon cadeau d\u00e9co le jour m\u00eame. La livraison est gratuite. Rachat sur rendez-vous.<\/p>\n<p>Plus d&rsquo;informations sur nos <a href=\"https:\/\/www.muehlebirgel.de\/winterarrangement-winter-romantik-tage\/\">journ\u00e9es romantiques d&rsquo;hiver<\/a><\/p>\n","protected":false},"excerpt":{"rendered":"<p>Bon cadeau d\u00e9co pour nos journ\u00e9es romantiques d&rsquo;hiver Journ\u00e9es romantiques et c\u00e2lines dans l&rsquo;Eifel &#8211; Valable sur rendez-vous entre le 09.11.25 et le 10.02.26 Ceci est inclus dans l&rsquo;offre: Pour une nuit\u00e9e : 1 nuit pour 2 personnes les jours ouvrables \u00e0 l&rsquo;h\u00f4tel du moulin 1 x liqueur de bienvenue 1 x petit-d\u00e9jeuner buffet pour [&hellip;]<\/p>\n","protected":false},"featured_media":8050,"template":"","meta":[],"product_brand":[],"product_cat":[139],"product_tag":[],"class_list":{"0":"post-10445","1":"product","2":"type-product","3":"status-publish","4":"has-post-thumbnail","6":"product_cat-bons-de-reduction","7":"product_shipping_class-livraison-gratuite","9":"first","10":"instock","11":"sale","12":"taxable","13":"shipping-taxable","14":"purchasable","15":"product-type-variable","16":"has-default-attributes"},"yoast_head":"<!-- This site is optimized with the Yoast SEO plugin v27.4 - https:\/\/yoast.com\/product\/yoast-seo-wordpress\/ -->\n<title>Bon pour des journ\u00e9es romantiques en hiver - Historische Wasserm\u00fchle Birgel<\/title>\n<meta name=\"robots\" content=\"noindex, follow, max-snippet:-1, max-image-preview:large, max-video-preview:-1\" \/>\n<meta property=\"og:locale\" content=\"fr_FR\" \/>\n<meta property=\"og:type\" content=\"article\" \/>\n<meta property=\"og:title\" content=\"Bon pour des journ\u00e9es romantiques en hiver - Historische Wasserm\u00fchle Birgel\" \/>\n<meta property=\"og:description\" content=\"Bon cadeau d\u00e9co pour nos journ\u00e9es romantiques d&rsquo;hiver Journ\u00e9es romantiques et c\u00e2lines dans l&rsquo;Eifel &#8211; Valable sur rendez-vous entre le 09.11.25 et le 10.02.26 Ceci est inclus dans l&rsquo;offre: Pour une nuit\u00e9e : 1 nuit pour 2 personnes les jours ouvrables \u00e0 l&rsquo;h\u00f4tel du moulin 1 x liqueur de bienvenue 1 x petit-d\u00e9jeuner buffet pour [&hellip;]\" \/>\n<meta property=\"og:url\" content=\"https:\/\/www.muehlebirgel.de\/fr\/shop\/jours-de-romance-dhiver\/\" \/>\n<meta property=\"og:site_name\" content=\"Historische Wasserm\u00fchle Birgel\" \/>\n<meta property=\"article:modified_time\" content=\"2025-08-14T14:04:32+00:00\" \/>\n<meta property=\"og:image\" content=\"https:\/\/www.muehlebirgel.de\/wp-content\/uploads\/2011\/12\/winterlandschaft-eifel-e1575650860837.jpg\" \/>\n\t<meta property=\"og:image:width\" content=\"300\" \/>\n\t<meta property=\"og:image:height\" content=\"201\" \/>\n\t<meta property=\"og:image:type\" content=\"image\/jpeg\" \/>\n<meta name=\"twitter:card\" content=\"summary_large_image\" \/>\n<meta name=\"twitter:label1\" content=\"Dur\u00e9e de lecture estim\u00e9e\" \/>\n\t<meta name=\"twitter:data1\" content=\"1 minute\" \/>\n<script type=\"application\/ld+json\" class=\"yoast-schema-graph\">{\"@context\":\"https:\\\/\\\/schema.org\",\"@graph\":[{\"@type\":\"WebPage\",\"@id\":\"https:\\\/\\\/www.muehlebirgel.de\\\/fr\\\/shop\\\/jours-de-romance-dhiver\\\/\",\"url\":\"https:\\\/\\\/www.muehlebirgel.de\\\/fr\\\/shop\\\/jours-de-romance-dhiver\\\/\",\"name\":\"Bon pour des journ\u00e9es romantiques en hiver - Historische Wasserm\u00fchle Birgel\",\"isPartOf\":{\"@id\":\"https:\\\/\\\/www.muehlebirgel.de\\\/fr\\\/#website\"},\"primaryImageOfPage\":{\"@id\":\"https:\\\/\\\/www.muehlebirgel.de\\\/fr\\\/shop\\\/jours-de-romance-dhiver\\\/#primaryimage\"},\"image\":{\"@id\":\"https:\\\/\\\/www.muehlebirgel.de\\\/fr\\\/shop\\\/jours-de-romance-dhiver\\\/#primaryimage\"},\"thumbnailUrl\":\"https:\\\/\\\/www.muehlebirgel.de\\\/wp-content\\\/uploads\\\/2011\\\/12\\\/winterlandschaft-eifel-e1575650860837.jpg\",\"datePublished\":\"2019-12-01T15:03:38+00:00\",\"dateModified\":\"2025-08-14T14:04:32+00:00\",\"breadcrumb\":{\"@id\":\"https:\\\/\\\/www.muehlebirgel.de\\\/fr\\\/shop\\\/jours-de-romance-dhiver\\\/#breadcrumb\"},\"inLanguage\":\"fr-FR\",\"potentialAction\":[{\"@type\":\"ReadAction\",\"target\":[\"https:\\\/\\\/www.muehlebirgel.de\\\/fr\\\/shop\\\/jours-de-romance-dhiver\\\/\"]}]},{\"@type\":\"ImageObject\",\"inLanguage\":\"fr-FR\",\"@id\":\"https:\\\/\\\/www.muehlebirgel.de\\\/fr\\\/shop\\\/jours-de-romance-dhiver\\\/#primaryimage\",\"url\":\"https:\\\/\\\/www.muehlebirgel.de\\\/wp-content\\\/uploads\\\/2011\\\/12\\\/winterlandschaft-eifel-e1575650860837.jpg\",\"contentUrl\":\"https:\\\/\\\/www.muehlebirgel.de\\\/wp-content\\\/uploads\\\/2011\\\/12\\\/winterlandschaft-eifel-e1575650860837.jpg\",\"width\":300,\"height\":201},{\"@type\":\"BreadcrumbList\",\"@id\":\"https:\\\/\\\/www.muehlebirgel.de\\\/fr\\\/shop\\\/jours-de-romance-dhiver\\\/#breadcrumb\",\"itemListElement\":[{\"@type\":\"ListItem\",\"position\":1,\"name\":\"Startseite\",\"item\":\"https:\\\/\\\/www.muehlebirgel.de\\\/fr\\\/\"},{\"@type\":\"ListItem\",\"position\":2,\"name\":\"magasin en ligne\",\"item\":\"https:\\\/\\\/www.muehlebirgel.de\\\/fr\\\/boutique\\\/\"},{\"@type\":\"ListItem\",\"position\":3,\"name\":\"Bons de r\u00e9duction\",\"item\":\"https:\\\/\\\/www.muehlebirgel.de\\\/fr\\\/shop\\\/bons-de-reduction\\\/\"},{\"@type\":\"ListItem\",\"position\":4,\"name\":\"Bon pour des journ\u00e9es romantiques en hiver\"}]},{\"@type\":\"WebSite\",\"@id\":\"https:\\\/\\\/www.muehlebirgel.de\\\/fr\\\/#website\",\"url\":\"https:\\\/\\\/www.muehlebirgel.de\\\/fr\\\/\",\"name\":\"Historische Wasserm\u00fchle Birgel\",\"description\":\"Willkommen im M\u00fchlen-Erlebniszentrum\",\"publisher\":{\"@id\":\"https:\\\/\\\/www.muehlebirgel.de\\\/fr\\\/#organization\"},\"potentialAction\":[{\"@type\":\"SearchAction\",\"target\":{\"@type\":\"EntryPoint\",\"urlTemplate\":\"https:\\\/\\\/www.muehlebirgel.de\\\/fr\\\/?s={search_term_string}\"},\"query-input\":{\"@type\":\"PropertyValueSpecification\",\"valueRequired\":true,\"valueName\":\"search_term_string\"}}],\"inLanguage\":\"fr-FR\"},{\"@type\":\"Organization\",\"@id\":\"https:\\\/\\\/www.muehlebirgel.de\\\/fr\\\/#organization\",\"name\":\"Historische Wasserm\u00fchle Birgel\",\"url\":\"https:\\\/\\\/www.muehlebirgel.de\\\/fr\\\/\",\"logo\":{\"@type\":\"ImageObject\",\"inLanguage\":\"fr-FR\",\"@id\":\"https:\\\/\\\/www.muehlebirgel.de\\\/fr\\\/#\\\/schema\\\/logo\\\/image\\\/\",\"url\":\"https:\\\/\\\/www.muehlebirgel.de\\\/wp-content\\\/uploads\\\/logo-muehle-schwarz.webp\",\"contentUrl\":\"https:\\\/\\\/www.muehlebirgel.de\\\/wp-content\\\/uploads\\\/logo-muehle-schwarz.webp\",\"width\":2140,\"height\":1803,\"caption\":\"Historische Wasserm\u00fchle Birgel\"},\"image\":{\"@id\":\"https:\\\/\\\/www.muehlebirgel.de\\\/fr\\\/#\\\/schema\\\/logo\\\/image\\\/\"}}]}<\/script>\n<!-- \/ Yoast SEO plugin. -->","yoast_head_json":{"title":"Bon pour des journ\u00e9es romantiques en hiver - Historische Wasserm\u00fchle Birgel","robots":{"index":"noindex","follow":"follow","max-snippet":"max-snippet:-1","max-image-preview":"max-image-preview:large","max-video-preview":"max-video-preview:-1"},"og_locale":"fr_FR","og_type":"article","og_title":"Bon pour des journ\u00e9es romantiques en hiver - Historische Wasserm\u00fchle Birgel","og_description":"Bon cadeau d\u00e9co pour nos journ\u00e9es romantiques d&rsquo;hiver Journ\u00e9es romantiques et c\u00e2lines dans l&rsquo;Eifel &#8211; Valable sur rendez-vous entre le 09.11.25 et le 10.02.26 Ceci est inclus dans l&rsquo;offre: Pour une nuit\u00e9e : 1 nuit pour 2 personnes les jours ouvrables \u00e0 l&rsquo;h\u00f4tel du moulin 1 x liqueur de bienvenue 1 x petit-d\u00e9jeuner buffet pour [&hellip;]","og_url":"https:\/\/www.muehlebirgel.de\/fr\/shop\/jours-de-romance-dhiver\/","og_site_name":"Historische Wasserm\u00fchle Birgel","article_modified_time":"2025-08-14T14:04:32+00:00","og_image":[{"width":300,"height":201,"url":"https:\/\/www.muehlebirgel.de\/wp-content\/uploads\/2011\/12\/winterlandschaft-eifel-e1575650860837.jpg","type":"image\/jpeg"}],"twitter_card":"summary_large_image","twitter_misc":{"Dur\u00e9e de lecture estim\u00e9e":"1 minute"},"schema":{"@context":"https:\/\/schema.org","@graph":[{"@type":"WebPage","@id":"https:\/\/www.muehlebirgel.de\/fr\/shop\/jours-de-romance-dhiver\/","url":"https:\/\/www.muehlebirgel.de\/fr\/shop\/jours-de-romance-dhiver\/","name":"Bon pour des journ\u00e9es romantiques en hiver - Historische Wasserm\u00fchle Birgel","isPartOf":{"@id":"https:\/\/www.muehlebirgel.de\/fr\/#website"},"primaryImageOfPage":{"@id":"https:\/\/www.muehlebirgel.de\/fr\/shop\/jours-de-romance-dhiver\/#primaryimage"},"image":{"@id":"https:\/\/www.muehlebirgel.de\/fr\/shop\/jours-de-romance-dhiver\/#primaryimage"},"thumbnailUrl":"https:\/\/www.muehlebirgel.de\/wp-content\/uploads\/2011\/12\/winterlandschaft-eifel-e1575650860837.jpg","datePublished":"2019-12-01T15:03:38+00:00","dateModified":"2025-08-14T14:04:32+00:00","breadcrumb":{"@id":"https:\/\/www.muehlebirgel.de\/fr\/shop\/jours-de-romance-dhiver\/#breadcrumb"},"inLanguage":"fr-FR","potentialAction":[{"@type":"ReadAction","target":["https:\/\/www.muehlebirgel.de\/fr\/shop\/jours-de-romance-dhiver\/"]}]},{"@type":"ImageObject","inLanguage":"fr-FR","@id":"https:\/\/www.muehlebirgel.de\/fr\/shop\/jours-de-romance-dhiver\/#primaryimage","url":"https:\/\/www.muehlebirgel.de\/wp-content\/uploads\/2011\/12\/winterlandschaft-eifel-e1575650860837.jpg","contentUrl":"https:\/\/www.muehlebirgel.de\/wp-content\/uploads\/2011\/12\/winterlandschaft-eifel-e1575650860837.jpg","width":300,"height":201},{"@type":"BreadcrumbList","@id":"https:\/\/www.muehlebirgel.de\/fr\/shop\/jours-de-romance-dhiver\/#breadcrumb","itemListElement":[{"@type":"ListItem","position":1,"name":"Startseite","item":"https:\/\/www.muehlebirgel.de\/fr\/"},{"@type":"ListItem","position":2,"name":"magasin en ligne","item":"https:\/\/www.muehlebirgel.de\/fr\/boutique\/"},{"@type":"ListItem","position":3,"name":"Bons de r\u00e9duction","item":"https:\/\/www.muehlebirgel.de\/fr\/shop\/bons-de-reduction\/"},{"@type":"ListItem","position":4,"name":"Bon pour des journ\u00e9es romantiques en hiver"}]},{"@type":"WebSite","@id":"https:\/\/www.muehlebirgel.de\/fr\/#website","url":"https:\/\/www.muehlebirgel.de\/fr\/","name":"Historische Wasserm\u00fchle Birgel","description":"Willkommen im M\u00fchlen-Erlebniszentrum","publisher":{"@id":"https:\/\/www.muehlebirgel.de\/fr\/#organization"},"potentialAction":[{"@type":"SearchAction","target":{"@type":"EntryPoint","urlTemplate":"https:\/\/www.muehlebirgel.de\/fr\/?s={search_term_string}"},"query-input":{"@type":"PropertyValueSpecification","valueRequired":true,"valueName":"search_term_string"}}],"inLanguage":"fr-FR"},{"@type":"Organization","@id":"https:\/\/www.muehlebirgel.de\/fr\/#organization","name":"Historische Wasserm\u00fchle Birgel","url":"https:\/\/www.muehlebirgel.de\/fr\/","logo":{"@type":"ImageObject","inLanguage":"fr-FR","@id":"https:\/\/www.muehlebirgel.de\/fr\/#\/schema\/logo\/image\/","url":"https:\/\/www.muehlebirgel.de\/wp-content\/uploads\/logo-muehle-schwarz.webp","contentUrl":"https:\/\/www.muehlebirgel.de\/wp-content\/uploads\/logo-muehle-schwarz.webp","width":2140,"height":1803,"caption":"Historische Wasserm\u00fchle Birgel"},"image":{"@id":"https:\/\/www.muehlebirgel.de\/fr\/#\/schema\/logo\/image\/"}}]}},"_links":{"self":[{"href":"https:\/\/www.muehlebirgel.de\/fr\/wp-json\/wp\/v2\/product\/10445","targetHints":{"allow":["GET"]}}],"collection":[{"href":"https:\/\/www.muehlebirgel.de\/fr\/wp-json\/wp\/v2\/product"}],"about":[{"href":"https:\/\/www.muehlebirgel.de\/fr\/wp-json\/wp\/v2\/types\/product"}],"version-history":[{"count":0,"href":"https:\/\/www.muehlebirgel.de\/fr\/wp-json\/wp\/v2\/product\/10445\/revisions"}],"wp:featuredmedia":[{"embeddable":true,"href":"https:\/\/www.muehlebirgel.de\/fr\/wp-json\/wp\/v2\/media\/8050"}],"wp:attachment":[{"href":"https:\/\/www.muehlebirgel.de\/fr\/wp-json\/wp\/v2\/media?parent=10445"}],"wp:term":[{"taxonomy":"product_brand","embeddable":true,"href":"https:\/\/www.muehlebirgel.de\/fr\/wp-json\/wp\/v2\/product_brand?post=10445"},{"taxonomy":"product_cat","embeddable":true,"href":"https:\/\/www.muehlebirgel.de\/fr\/wp-json\/wp\/v2\/product_cat?post=10445"},{"taxonomy":"product_tag","embeddable":true,"href":"https:\/\/www.muehlebirgel.de\/fr\/wp-json\/wp\/v2\/product_tag?post=10445"}],"curies":[{"name":"wp","href":"https:\/\/api.w.org\/{rel}","templated":true}]}}